{"id":664315,"date":"2023-08-28T14:32:55","date_gmt":"2023-08-30T21:57:20","guid":{"rendered":"https:\/\/positiveprints.com\/product\/znak-zodiaku-byk-aura\/"},"modified":"2026-04-12T21:46:03","modified_gmt":"2026-04-12T20:46:03","slug":"taurus-aura-znak-zodiaku","status":"publish","type":"product","link":"https:\/\/positiveprints.com\/pl\/produkt\/taurus-aura-znak-zodiaku\/","title":{"rendered":"Znak zodiaku Byk Aura"},"content":{"rendered":"<h2 class=\"grenB f24 cblue\" style=\"margin-top: 3rem;\">Zodiakalna Aura Byka: Spersonalizowana Niebia\u0144ska Sztuka<\/h2>\r\n<p style=\"margin-top: 1rem;\">Wkrocz do magicznego \u015bwiata spersonalizowanej sztuki z naszym plakatem z Aur\u0105 Znaku Zodiaku Byk. Wyra\u017a sw\u00f3j wyj\u0105tkowy styl dzi\u0119ki temu niesamowitemu arcydzie\u0142u, dost\u0119pnemu w trzech fantastycznych stylach: mistycznym, modern lub vintage. Wybierz styl, kt\u00f3ry jest dla Ciebie odpowiedni i pokazuje Twoj\u0105 wyj\u0105tkowo\u015b\u0107.<\/p>\r\n\r\n<h2 class=\"grenB f24 cblue\" style=\"margin-top: 3rem;\">Ziemska energia Byka<\/h2>\r\n<p style=\"margin-top: 1rem;\">Poczuj uziemion\u0105 i spokojn\u0105 energi\u0119 Byka jak nigdy dot\u0105d. Nasz projekt Aura przekszta\u0142ca p\u0142\u00f3tno w mieszank\u0119 ziemistych kolor\u00f3w, podobnie jak stabilna natura Byka. Wyobra\u017a sobie soczyste zielenie i ciep\u0142e br\u0105zy, kt\u00f3re oddaj\u0105 niezawodnego ducha tego znaku zodiaku.<\/p>\r\n\r\n<h2 class=\"grenB f24 cblue\" style=\"margin-top: 3rem;\">Stworzony specjalnie dla Ciebie<\/h2>\r\n<p style=\"margin-top: 1rem;\">Nadaj plakatowi sw\u00f3j w\u0142asny charakter, dodaj\u0105c do niego osobiste akcenty. Dodaj swoje imi\u0119 zodiaku, s\u0142odk\u0105 wiadomo\u015b\u0107 lub zdecyduj si\u0119 podkre\u015bli\u0107 nazw\u0119 kamienia urodzenia Byka, planet\u0119 rz\u0105dz\u0105c\u0105 i \u017cywio\u0142. Te szczeg\u00f3\u0142y sprawiaj\u0105, \u017ce Twoje dzie\u0142o jest jeszcze bardziej wyj\u0105tkowe i pokazuje Tw\u00f3j zwi\u0105zek z istot\u0105 Byka.<\/p>\r\n\r\n<h2 class=\"grenB f24 cblue\" style=\"margin-top: 3rem;\">\u015awi\u0119tuj z Aur\u0105 Znaku Zodiaku Byk<\/h2>\r\n<p style=\"margin-top: 1rem;\">Szukasz idealnego prezentu? Nie szukaj dalej. Plakat z Aur\u0105 Znaku Zodiaku Byk to wspania\u0142y spos\u00f3b na uczczenie wyj\u0105tkowych urodzin. \u0141\u0105cz\u0105c sztuk\u0119 i astrologi\u0119, staje si\u0119 pami\u0105tk\u0105, kt\u00f3ra oddaje serce ich znaku zodiaku i unikalnych cech.<\/p>\r\n\r\n<h2 class=\"grenB f24 cblue\" style=\"margin-top: 3rem;\">\u0141atwo\u015b\u0107 tworzenia<\/h2>\r\n<p style=\"margin-top: 1rem;\">Stworzenie w\u0142asnego plakatu jest bardzo proste. Przejd\u017a do naszego edytora online, wybierz sw\u00f3j ulubiony uk\u0142ad i styl, wybierz szczeg\u00f3\u0142y, kt\u00f3re lubisz i wybierz Byk jako znak zodiaku. Mo\u017cesz wybra\u0107 wydrukowany plakat, oprawion\u0105 grafik\u0119, p\u0142\u00f3tno lub cyfrowy plik do natychmiastowego pobrania &#8211; niezale\u017cnie od tego, na co si\u0119 zdecydujesz, otrzymasz osza\u0142amiaj\u0105ce dzie\u0142o, kt\u00f3re doda kosmicznego pi\u0119kna Twojej przestrzeni.<\/p>\r\n\r\n<h2 class=\"grenB f24 cblue\" style=\"margin-top: 3rem;\">Podnie\u015b swoj\u0105 przestrze\u0144 dzi\u0119ki Aurze Znaku Zodiaku Byk<\/h2>\r\n<p style=\"margin-top: 1rem;\">Spraw, by Twoja przestrze\u0144 nabra\u0142a blasku dzi\u0119ki plakatowi z Aur\u0105 Znaku Zodiaku Byk. To ponadczasowa mieszanka sztuki i astrologii, kt\u00f3ra przemawia do Twojego serca i ducha, sprawiaj\u0105c, \u017ce Twoja przestrze\u0144 zal\u015bni kosmiczn\u0105 magi\u0105.<\/p>","protected":false},"excerpt":{"rendered":"<p>Zodiakalna Aura Byka: Spersonalizowana Niebia\u0144ska Sztuka Wkrocz do magicznego \u015bwiata spersonalizowanej sztuki z naszym plakatem z Aur\u0105 Znaku Zodiaku Byk. Wyra\u017a sw\u00f3j wyj\u0105tkowy styl dzi\u0119ki temu niesamowitemu arcydzie\u0142u, dost\u0119pnemu w trzech fantastycznych stylach: mistycznym, modern lub vintage. Wybierz styl, kt\u00f3ry jest dla Ciebie odpowiedni i pokazuje Twoj\u0105 wyj\u0105tkowo\u015b\u0107. Ziemska energia Byka Poczuj uziemion\u0105 i spokojn\u0105 [&hellip;]<\/p>\n","protected":false},"featured_media":662396,"template":"","meta":[],"product_brand":[],"product_cat":[99,9014],"product_tag":[9147],"class_list":{"0":"post-664315","1":"product","2":"type-product","3":"status-publish","4":"has-post-thumbnail","6":"product_cat-wszystkie-produkty","7":"product_cat-zodiac-pl","8":"product_tag-aura-pl","10":"first","11":"instock","12":"sale","13":"taxable","14":"shipping-taxable","15":"purchasable","16":"product-type-variable"},"yoast_head":"<!-- This site is optimized with the Yoast SEO Premium plugin v27.2 (Yoast SEO v27.2) - https:\/\/yoast.com\/product\/yoast-seo-premium-wordpress\/ -->\n<title>Taurus Aura Zodiac Art - Positive Prints<\/title>\n<meta name=\"description\" content=\"Ziemisty urok dla Twojej przestrzeni \u015bciennej. Uziem si\u0119 dzi\u0119ki znakowi zodiaku Taurus Aura - doskona\u0142y wyb\u00f3r na prezent.\" \/>\n<meta name=\"robots\" content=\"index, follow, max-snippet:-1, max-image-preview:large, max-video-preview:-1\" \/>\n<link rel=\"canonical\" href=\"https:\/\/positiveprints.com\/pl\/produkt\/taurus-aura-znak-zodiaku\/\" \/>\n<meta property=\"og:locale\" content=\"pl_PL\" \/>\n<meta property=\"og:type\" content=\"article\" \/>\n<meta property=\"og:title\" content=\"Znak zodiaku Byk Aura\" \/>\n<meta property=\"og:description\" content=\"Zodiakalna Aura Byka: Spersonalizowana Niebia\u0144ska Sztuka Wkrocz do magicznego \u015bwiata spersonalizowanej sztuki z naszym plakatem z Aur\u0105 Znaku Zodiaku Byk.\" \/>\n<meta property=\"og:url\" content=\"https:\/\/positiveprints.com\/pl\/produkt\/taurus-aura-znak-zodiaku\/\" \/>\n<meta property=\"og:site_name\" content=\"Positive Prints\" \/>\n<meta property=\"article:publisher\" content=\"https:\/\/www.facebook.com\/positiveprintscom\" \/>\n<meta property=\"article:modified_time\" content=\"2026-04-12T20:46:03+00:00\" \/>\n<meta property=\"og:image\" content=\"https:\/\/positiveprints.com\/wp-content\/uploads\/2023\/08\/Taurus-Aura-Zodiac-Art.jpg\" \/>\n\t<meta property=\"og:image:width\" content=\"1080\" \/>\n\t<meta property=\"og:image:height\" content=\"1080\" \/>\n\t<meta property=\"og:image:type\" content=\"image\/jpeg\" \/>\n<meta name=\"twitter:card\" content=\"summary_large_image\" \/>\n<meta name=\"twitter:label1\" content=\"Szacowany czas czytania\" \/>\n\t<meta name=\"twitter:data1\" content=\"2 minuty\" \/>\n<!-- \/ Yoast SEO Premium plugin. -->","yoast_head_json":{"title":"Taurus Aura Zodiac Art - Positive Prints","description":"Ziemisty urok dla Twojej przestrzeni \u015bciennej. Uziem si\u0119 dzi\u0119ki znakowi zodiaku Taurus Aura - doskona\u0142y wyb\u00f3r na prezent.","robots":{"index":"index","follow":"follow","max-snippet":"max-snippet:-1","max-image-preview":"max-image-preview:large","max-video-preview":"max-video-preview:-1"},"canonical":"https:\/\/positiveprints.com\/pl\/produkt\/taurus-aura-znak-zodiaku\/","og_locale":"pl_PL","og_type":"article","og_title":"Znak zodiaku Byk Aura","og_description":"Zodiakalna Aura Byka: Spersonalizowana Niebia\u0144ska Sztuka Wkrocz do magicznego \u015bwiata spersonalizowanej sztuki z naszym plakatem z Aur\u0105 Znaku Zodiaku Byk.","og_url":"https:\/\/positiveprints.com\/pl\/produkt\/taurus-aura-znak-zodiaku\/","og_site_name":"Positive Prints","article_publisher":"https:\/\/www.facebook.com\/positiveprintscom","article_modified_time":"2026-04-12T20:46:03+00:00","og_image":[{"width":1080,"height":1080,"url":"https:\/\/positiveprints.com\/wp-content\/uploads\/2023\/08\/Taurus-Aura-Zodiac-Art.jpg","type":"image\/jpeg"}],"twitter_card":"summary_large_image","twitter_misc":{"Szacowany czas czytania":"2 minuty"},"schema":{"@context":"https:\/\/schema.org","@graph":[{"@type":["WebPage","ItemPage"],"@id":"https:\/\/positiveprints.com\/pl\/produkt\/taurus-aura-znak-zodiaku\/","url":"https:\/\/positiveprints.com\/pl\/produkt\/taurus-aura-znak-zodiaku\/","name":"Taurus Aura Zodiac Art - Positive Prints","isPartOf":{"@id":"https:\/\/positiveprints.com\/pl\/#website"},"primaryImageOfPage":{"@id":"https:\/\/positiveprints.com\/pl\/produkt\/taurus-aura-znak-zodiaku\/#primaryimage"},"image":{"@id":"https:\/\/positiveprints.com\/pl\/produkt\/taurus-aura-znak-zodiaku\/#primaryimage"},"thumbnailUrl":"https:\/\/positiveprints.com\/wp-content\/uploads\/2023\/08\/Taurus-Aura-Zodiac-Art.jpg","datePublished":"2023-08-30T21:57:20+00:00","dateModified":"2026-04-12T20:46:03+00:00","description":"Ziemisty urok dla Twojej przestrzeni \u015bciennej. Uziem si\u0119 dzi\u0119ki znakowi zodiaku Taurus Aura - doskona\u0142y wyb\u00f3r na prezent.","breadcrumb":{"@id":"https:\/\/positiveprints.com\/pl\/produkt\/taurus-aura-znak-zodiaku\/#breadcrumb"},"inLanguage":"pl-PL","potentialAction":[{"@type":"ReadAction","target":["https:\/\/positiveprints.com\/pl\/produkt\/taurus-aura-znak-zodiaku\/"]}]},{"@type":"ImageObject","inLanguage":"pl-PL","@id":"https:\/\/positiveprints.com\/pl\/produkt\/taurus-aura-znak-zodiaku\/#primaryimage","url":"https:\/\/positiveprints.com\/wp-content\/uploads\/2023\/08\/Taurus-Aura-Zodiac-Art.jpg","contentUrl":"https:\/\/positiveprints.com\/wp-content\/uploads\/2023\/08\/Taurus-Aura-Zodiac-Art.jpg","width":1080,"height":1080,"caption":"Taurus Aura Zodiac Art"},{"@type":"BreadcrumbList","@id":"https:\/\/positiveprints.com\/pl\/produkt\/taurus-aura-znak-zodiaku\/#breadcrumb","itemListElement":[{"@type":"ListItem","position":1,"name":"Home","item":"https:\/\/positiveprints.com\/pl\/"},{"@type":"ListItem","position":2,"name":"Produkty","item":"https:\/\/positiveprints.com\/pl\/shop\/"},{"@type":"ListItem","position":3,"name":"Znak zodiaku Byk Aura"}]},{"@type":"WebSite","@id":"https:\/\/positiveprints.com\/pl\/#website","url":"https:\/\/positiveprints.com\/pl\/","name":"Positive Prints","description":"Amazing Custom Personalized Gifts","publisher":{"@id":"https:\/\/positiveprints.com\/pl\/#organization"},"potentialAction":[{"@type":"SearchAction","target":{"@type":"EntryPoint","urlTemplate":"https:\/\/positiveprints.com\/pl\/?s={search_term_string}"},"query-input":{"@type":"PropertyValueSpecification","valueRequired":true,"valueName":"search_term_string"}}],"inLanguage":"pl-PL"},{"@type":"Organization","@id":"https:\/\/positiveprints.com\/pl\/#organization","name":"Positive Prints","alternateName":"Positive Prints","url":"https:\/\/positiveprints.com\/pl\/","logo":{"@type":"ImageObject","inLanguage":"pl-PL","@id":"https:\/\/positiveprints.com\/pl\/#\/schema\/logo\/image\/","url":"https:\/\/positiveprints.com\/wp-content\/uploads\/2026\/03\/245815646_1337939713319158_5671353136411139666_n.png","contentUrl":"https:\/\/positiveprints.com\/wp-content\/uploads\/2026\/03\/245815646_1337939713319158_5671353136411139666_n.png","width":800,"height":800,"caption":"Positive Prints"},"image":{"@id":"https:\/\/positiveprints.com\/pl\/#\/schema\/logo\/image\/"},"sameAs":["https:\/\/www.facebook.com\/positiveprintscom","https:\/\/www.instagram.com\/positiveprintscom\/","https:\/\/www.tiktok.com\/@positiveprintscom","https:\/\/www.pinterest.com\/positiveprintscom\/"]}]}},"jetpack_sharing_enabled":true,"_links":{"self":[{"href":"https:\/\/positiveprints.com\/pl\/wp-json\/wp\/v2\/product\/664315","targetHints":{"allow":["GET"]}}],"collection":[{"href":"https:\/\/positiveprints.com\/pl\/wp-json\/wp\/v2\/product"}],"about":[{"href":"https:\/\/positiveprints.com\/pl\/wp-json\/wp\/v2\/types\/product"}],"wp:featuredmedia":[{"embeddable":true,"href":"https:\/\/positiveprints.com\/pl\/wp-json\/wp\/v2\/media\/662396"}],"wp:attachment":[{"href":"https:\/\/positiveprints.com\/pl\/wp-json\/wp\/v2\/media?parent=664315"}],"wp:term":[{"taxonomy":"product_brand","embeddable":true,"href":"https:\/\/positiveprints.com\/pl\/wp-json\/wp\/v2\/product_brand?post=664315"},{"taxonomy":"product_cat","embeddable":true,"href":"https:\/\/positiveprints.com\/pl\/wp-json\/wp\/v2\/product_cat?post=664315"},{"taxonomy":"product_tag","embeddable":true,"href":"https:\/\/positiveprints.com\/pl\/wp-json\/wp\/v2\/product_tag?post=664315"}],"curies":[{"name":"wp","href":"https:\/\/api.w.org\/{rel}","templated":true}]}}