{"id":646723,"date":"2021-07-31T20:02:05","date_gmt":"2021-07-31T19:02:05","guid":{"rendered":"https:\/\/positiveprints.com\/?post_type=product&#038;p=646723"},"modified":"2026-04-18T08:30:47","modified_gmt":"2026-04-18T07:30:47","slug":"poczatek-wspanialej-przygody","status":"publish","type":"product","link":"https:\/\/positiveprints.com\/pl\/produkt\/poczatek-wspanialej-przygody\/","title":{"rendered":"Pocz\u0105tek Wspania\u0142ej Przygody"},"content":{"rendered":"Przypomnij sobie miejsce, w kt\u00f3rym pozna\u0142e\u015b kogo\u015b wyj\u0105tkowego, moment, w kt\u00f3rym rozpocz\u0119\u0142a si\u0119 jedna z najwi\u0119kszych przyg\u00f3d w Twoim \u017cyciu, a Ty nawet o tym nie wiedzia\u0142e\u015b. Teraz zamie\u0144 to wspomnienie w cenn\u0105 pami\u0105tk\u0119, tworz\u0105c spersonalizowan\u0105 map\u0119 Pocz\u0105tek Wspania\u0142ej Przygody. \r\n\r\n<h2 class=\"grenB f24 cblue\" style=\"margin-top: 3rem;\">Czym jest Mapa Pocz\u0105tek Wspania\u0142ej Przygody<\/h2>\r\n\r\n<p style=\"margin-top: 1rem;\">Mapa Pocz\u0105tek Wspania\u0142ej Przygody wskazuje dok\u0142adn\u0105 lokalizacj\u0119 miejsca, w kt\u00f3rym spotkali\u015bcie si\u0119 po raz pierwszy. Nasze mapy wykorzystuj\u0105 dane GPS do odtworzenia wybranego miejsca z lotu ptaka, od ulic Pary\u017ca po Twoje ma\u0142e rodzinne miasto.<\/p>\r\n\r\n<p style=\"margin-top: 1rem;\">Ka\u017cda historia mi\u0142osna ma sw\u00f3j pocz\u0105tek. Mo\u017ce to by\u0107 zupe\u0142nie losowe zdarzenie, na przyk\u0142ad przypadkowe spotkanie na koncercie lub imprezie. Mo\u017ce to by\u0107 tak\u017ce zaplanowana okazja, taka jak pierwsza randka lub przedstawienie przez przyjaciela. Miejsce, w kt\u00f3rym wszystko si\u0119 zacz\u0119\u0142o, zawsze b\u0119dzie mia\u0142o szczeg\u00f3lne znaczenie, a spersonalizowany wydruk mapy pomo\u017ce Ci zapami\u0119ta\u0107 ten magiczny moment do ko\u0144ca \u017cycia.<\/p>\r\n\r\n<h2 class=\"grenB f24 cblue\" style=\"margin-top: 3rem;\">Pomys\u0142 na Prezent, kt\u00f3ry przypomina, gdzie rozpocz\u0119\u0142a si\u0119 Twoja Wspania\u0142a Przygoda<\/h2>\r\n\r\n<p style=\"margin-top: 1rem;\">Nasze pi\u0119kne Mapy Pocz\u0105tek Wspania\u0142ej Przygody, s\u0105 idealnym prezentem rocznicowym dla ka\u017cdej pary i drugiej po\u0142\u00f3wki. To ma\u0142e, ale pot\u0119\u017cne \u015bwiadectwo historii, kt\u00f3r\u0105 wsp\u00f3lnie piszecie, i umo\u017cliwia podzielenie si\u0119 ni\u0105 z innymi. Ka\u017cda mapa jest prawdziwym dzie\u0142em sztuki i jest dostosowana do ka\u017cdego klienta.<\/p>\r\n\r\n<p style=\"margin-top: 1rem;\">Dostosuj swoj\u0105 map\u0119 za pomoc\u0105 ulubionego cytatu, tekstu piosenki lub innych linii tekstu, kt\u00f3re wyr\u00f3\u017cni\u0105 Twoj\u0105 grafik\u0119 i b\u0119d\u0105 dla Ciebie wyj\u0105tkowe!<\/p>\r\n\r\n<h2 class=\"grenB f24 cblue\" style=\"margin-top: 3rem;\">Personalizacja Mapy\u00a0Pocz\u0105tek Wspania\u0142ej Przygody<\/h2>\r\n\r\n<p style=\"margin-top: 1rem;\">W Positive Prints z przyjemno\u015bci\u0105 wcielimy si\u0119 w rol\u0119 projektanta map, aby\u015b m\u00f3g\u0142 otrzyma\u0107 wyj\u0105tkowe dzie\u0142o sztuki, kt\u00f3re z dum\u0105 podarujesz bliskiej Ci osobie lub powiesisz we w\u0142asnym domu. Nasz 3-etapowy kreator u\u0142atwia wprowadzanie Twoich pomys\u0142\u00f3w w \u017cycie.<\/p>\r\n\r\n<p style=\"margin-top: 1rem;\">Zacznij od wybrania designu mapy i odpowiedniej kombinacji kolor\u00f3w. Mamy kilka gotowych schemat\u00f3w kolor\u00f3w do wyboru, ale mo\u017cesz tak\u017ce dobra\u0107 swoj\u0105 w\u0142asn\u0105 kolorystk\u0119.  Baw si\u0119 kolorami tak, aby uzyska\u0107 rezultat, kt\u00f3ry najbardziej pasuje do Twojej lokalizacji.<\/p>\r\n\r\n<p style=\"margin-top: 1rem;\">Nast\u0119pnie wprowad\u017a adres wybranego przez siebie miejsca, co sprawi, \u017ce Twoja mapa b\u0119dzie jedyna w swoim rodzaju. Po wybraniu lokalizacji b\u0119dziesz mie\u0107 mo\u017cliwo\u015b\u0107, przeci\u0105gania, oddalania i powi\u0119kszania swojej mapy, aby pokazywa\u0142a tyle szczeg\u00f3\u0142\u00f3w, ile zechcesz. Mo\u017cesz tak\u017ce, doda\u0107 sentymentaln\u0105 wiadomo\u015b\u0107, powiedzenie, piosenk\u0119, a nawet wa\u017cn\u0105 dla Ciebie dat\u0119 pod projektem mapy.<\/p>\r\n\r\n<p style=\"margin-top: 1rem;\">Na koniec wybierz, w jaki spos\u00f3b chcesz otrzyma\u0107 wydruk. Mo\u017cesz wybra\u0107 profesjonalnie wydrukowany plakat, kt\u00f3ry zostanie starannie zapakowany i wys\u0142any do Ciebie. Natomiast je\u015bli potrzebujesz prezentu na ostatni\u0105 chwil\u0119, mo\u017cesz wybra\u0107 wersj\u0119 cyfrow\u0105 do natychmiastowego pobrania i wydrukowa\u0107 map\u0119 w lokalnej drukarni. Oferujemy r\u00f3wnie\u017c mapy drukowane na p\u0142\u00f3tnie, tak\u017ce z pewno\u015bci\u0105 znajdziesz co\u015b dla siebie!<\/p>\r\n\r\n<h2 class=\"grenB f24 cblue\" style=\"margin-top: 3rem;\">Stw\u00f3rz Map\u0119 Pocz\u0105tek Wspania\u0142ej Przygody ju\u017c dzi\u015b!<\/h2>\r\n\r\n<p style=\"margin-top: 1rem;\">Miejsce, w kt\u00f3rym rozpocz\u0119\u0142a si\u0119 Wasza wspania\u0142a przygoda, zawsze b\u0119dzie mia\u0142o specjalne miejsce w Twoim sercu. Zachwy\u0107 ukochan\u0105 osob\u0119, uwieczniaj\u0105c jedn\u0105 z ulubionych wsp\u00f3lnych chwil w spos\u00f3b, kt\u00f3ry przetrwa pr\u00f3b\u0119 czasu.<\/p>\r\n\r\n<p style=\"margin-top: 1rem;\">Zachowaj swoje najcenniejsze wspomnienia dzi\u0119ki upominkowi z map\u0105 miejsca, w kt\u00f3rym rozpocz\u0119\u0142a si\u0119 Twoja wspania\u0142a przygoda. Zam\u00f3w ju\u017c dzi\u015b!<\/p>","protected":false},"excerpt":{"rendered":"<ul class=\"check-list\">\n<li>Podkre\u015bl wa\u017cne miejsce za pomoc\u0105 wybranego symbolu<\/li>\n<li>Spersonalizuj w 3 prostych krokach<\/li>\n<li>Dodaj dedykacj\u0119 prosto z serca<\/li>\n<li>Interaktywny podgl\u0105d pozwoli dopracowa\u0107 ka\u017cdy szczeg\u00f3\u0142<\/li>\n<\/ul>\n","protected":false},"featured_media":1214209,"template":"","meta":[],"product_brand":[],"product_cat":[15849,9279,8190,8206,99,7188,5333,11542,11604,11543,11539,11544,11540,11541,11186,11184,11185,3126,11545,11546,11547,11548,11636,11637,11638,11639,11209,11210,3125,7929,5271,11410,11411,11407,11403,11417,11412,8010,7675,7643,7690,7786,7753,7802,3120,11239,11240],"product_tag":[14970,14973,14981,14959,14960,14957,14962,14980,11756,11770,11817,11816,11815,11813,14170,14977,14174,14979,14983,14968,14984,14972,14982,14964,14976],"class_list":{"0":"post-646723","1":"product","2":"type-product","3":"status-publish","4":"has-post-thumbnail","6":"product_cat-shop-bestsellers-pl","7":"product_cat-bestsellers-label-pl","8":"product_cat-dla-niej","9":"product_cat-dla-niego","10":"product_cat-wszystkie-produkty","11":"product_cat-map-pl","12":"product_cat-prezent-na-rocznice","13":"product_cat-10-rocznica","14":"product_cat-50-rocznica","15":"product_cat-15-rocznica","16":"product_cat-1-rocznica","17":"product_cat-20-rocznica","18":"product_cat-2-rocznica","19":"product_cat-5-rocznica","20":"product_cat-prezenty-na-rocznice-dla-pary","21":"product_cat-prezenty-na-rocznice-dla-niej","22":"product_cat-prezenty-na-rocznice-dla-niego","23":"product_cat-prezent-na-urodziny","24":"product_cat-18-urodziny","25":"product_cat-21-urodziny","26":"product_cat-30-urodziny","27":"product_cat-40-urodziny","28":"product_cat-50-urodziny","29":"product_cat-60-urodziny","30":"product_cat-70-urodziny","31":"product_cat-80-urodziny","32":"product_cat-prezenty-urodzinowe-dla-niej","33":"product_cat-prezenty-urodzinowe-dla-niego","34":"product_cat-prezent-na-slub","35":"product_cat-prezent-na-wieczor-panienski","36":"product_cat-prezent-na-boze-narodzenie","37":"product_cat-prezenty-pod-choinke-dla-niej","38":"product_cat-prezenty-pod-choinke-dla-niego","39":"product_cat-prezenty-pod-choinke-dla-dziewczyny","40":"product_cat-prezenty-pod-choinke-dla-chlopaka","41":"product_cat-prezenty-pod-choinke-dla-zony","42":"product_cat-prezenty-pod-choinke-dla-meza","43":"product_cat-prezent-dla-mezczyzny","44":"product_cat-prezent-dla-chlopaka","45":"product_cat-prezent-dla-meza","46":"product_cat-prezent-dla-kobiety","47":"product_cat-prezent-dla-dziewczyny","48":"product_cat-prezent-dla-zony","49":"product_cat-prezent-dla-pary","50":"product_cat-prezent-na-walentynki","51":"product_cat-prezenty-na-walentynki-dla-niej","52":"product_cat-prezenty-na-walentynki-dla-niego","53":"product_tag-anniversary-gift-pl","54":"product_tag-anniversary-gifts-pl","55":"product_tag-anniversary-present-pl","56":"product_tag-couple-gift-pl","57":"product_tag-gift-for-couple-pl","58":"product_tag-love-pl","59":"product_tag-love-gift-pl","60":"product_tag-personalized-gift-pl","61":"product_tag-prezenty-pod-choinke-dla-chlopaka","62":"product_tag-prezenty-pod-choinke-dla-dziewczyny","63":"product_tag-prezenty-pod-choinke-dla-meza","64":"product_tag-prezenty-pod-choinke-dla-niego","65":"product_tag-prezenty-pod-choinke-dla-niej","66":"product_tag-prezenty-pod-choinke-dla-zony","67":"product_tag-rocznicowy-prezent-dla-pary","68":"product_tag-romantic-gifts-pl","69":"product_tag-romantyczny-prezent","70":"product_tag-sentimental-gift-pl","71":"product_tag-special-occasion-pl","72":"product_tag-thoughtful-gift-pl","73":"product_tag-unique-gift-pl","74":"product_tag-valentines-day-gifts-pl","75":"product_tag-valentines-day-pl","76":"product_tag-valentines-day-gift-pl","77":"product_tag-wedding-anniversary-pl","79":"first","80":"instock","81":"sale","82":"taxable","83":"shipping-taxable","84":"purchasable","85":"product-type-variable"},"yoast_head":"<!-- This site is optimized with the Yoast SEO Premium plugin v27.2 (Yoast SEO v27.2) - https:\/\/yoast.com\/product\/yoast-seo-premium-wordpress\/ -->\n<title>Pocz\u0105tek Wspania\u0142ej Przygody - Positive Prints<\/title>\n<meta name=\"description\" content=\"Zachowaj swoje najcenniejsze wspomnienia dzi\u0119ki upominkowi z map\u0105 miejsca, w kt\u00f3rym rozpocz\u0119\u0142a si\u0119 Twoja Wspania\u0142a Przygoda. Zam\u00f3w ju\u017c dzi\u015b!\" \/>\n<meta name=\"robots\" content=\"index, follow, max-snippet:-1, max-image-preview:large, max-video-preview:-1\" \/>\n<link rel=\"canonical\" href=\"https:\/\/positiveprints.com\/pl\/produkt\/poczatek-wspanialej-przygody\/\" \/>\n<meta property=\"og:locale\" content=\"pl_PL\" \/>\n<meta property=\"og:type\" content=\"article\" \/>\n<meta property=\"og:title\" content=\"Pocz\u0105tek Wspania\u0142ej Przygody\" \/>\n<meta property=\"og:description\" content=\"Podkre\u015bl wa\u017cne miejsce za pomoc\u0105 wybranego symbolu  Spersonalizuj w 3 prostych krokach  Dodaj dedykacj\u0119 prosto z serca  Interaktywny podgl\u0105d pozwoli dopracowa\u0107 ka\u017cdy szczeg\u00f3\u0142\" \/>\n<meta property=\"og:url\" content=\"https:\/\/positiveprints.com\/pl\/produkt\/poczatek-wspanialej-przygody\/\" \/>\n<meta property=\"og:site_name\" content=\"Positive Prints\" \/>\n<meta property=\"article:publisher\" content=\"https:\/\/www.facebook.com\/positiveprintscom\" \/>\n<meta property=\"article:modified_time\" content=\"2026-04-18T07:30:47+00:00\" \/>\n<meta property=\"og:image\" content=\"https:\/\/positiveprints.com\/wp-content\/uploads\/2024\/10\/Packshot_PL_where-it-all-began-map-product-image.webp\" \/>\n\t<meta property=\"og:image:width\" content=\"1450\" \/>\n\t<meta property=\"og:image:height\" content=\"1450\" \/>\n\t<meta property=\"og:image:type\" content=\"image\/webp\" \/>\n<meta name=\"twitter:card\" content=\"summary_large_image\" \/>\n<meta name=\"twitter:label1\" content=\"Szacowany czas czytania\" \/>\n\t<meta name=\"twitter:data1\" content=\"3 minuty\" \/>\n<!-- \/ Yoast SEO Premium plugin. -->","yoast_head_json":{"title":"Pocz\u0105tek Wspania\u0142ej Przygody - Positive Prints","description":"Zachowaj swoje najcenniejsze wspomnienia dzi\u0119ki upominkowi z map\u0105 miejsca, w kt\u00f3rym rozpocz\u0119\u0142a si\u0119 Twoja Wspania\u0142a Przygoda. Zam\u00f3w ju\u017c dzi\u015b!","robots":{"index":"index","follow":"follow","max-snippet":"max-snippet:-1","max-image-preview":"max-image-preview:large","max-video-preview":"max-video-preview:-1"},"canonical":"https:\/\/positiveprints.com\/pl\/produkt\/poczatek-wspanialej-przygody\/","og_locale":"pl_PL","og_type":"article","og_title":"Pocz\u0105tek Wspania\u0142ej Przygody","og_description":"Podkre\u015bl wa\u017cne miejsce za pomoc\u0105 wybranego symbolu  Spersonalizuj w 3 prostych krokach  Dodaj dedykacj\u0119 prosto z serca  Interaktywny podgl\u0105d pozwoli dopracowa\u0107 ka\u017cdy szczeg\u00f3\u0142","og_url":"https:\/\/positiveprints.com\/pl\/produkt\/poczatek-wspanialej-przygody\/","og_site_name":"Positive Prints","article_publisher":"https:\/\/www.facebook.com\/positiveprintscom","article_modified_time":"2026-04-18T07:30:47+00:00","og_image":[{"width":1450,"height":1450,"url":"https:\/\/positiveprints.com\/wp-content\/uploads\/2024\/10\/Packshot_PL_where-it-all-began-map-product-image.webp","type":"image\/webp"}],"twitter_card":"summary_large_image","twitter_misc":{"Szacowany czas czytania":"3 minuty"},"schema":{"@context":"https:\/\/schema.org","@graph":[{"@type":["WebPage","ItemPage"],"@id":"https:\/\/positiveprints.com\/pl\/produkt\/poczatek-wspanialej-przygody\/","url":"https:\/\/positiveprints.com\/pl\/produkt\/poczatek-wspanialej-przygody\/","name":"Pocz\u0105tek Wspania\u0142ej Przygody - Positive Prints","isPartOf":{"@id":"https:\/\/positiveprints.com\/pl\/#website"},"primaryImageOfPage":{"@id":"https:\/\/positiveprints.com\/pl\/produkt\/poczatek-wspanialej-przygody\/#primaryimage"},"image":{"@id":"https:\/\/positiveprints.com\/pl\/produkt\/poczatek-wspanialej-przygody\/#primaryimage"},"thumbnailUrl":"https:\/\/positiveprints.com\/wp-content\/uploads\/2024\/10\/Packshot_PL_where-it-all-began-map-product-image.webp","datePublished":"2021-07-31T19:02:05+00:00","dateModified":"2026-04-18T07:30:47+00:00","description":"Zachowaj swoje najcenniejsze wspomnienia dzi\u0119ki upominkowi z map\u0105 miejsca, w kt\u00f3rym rozpocz\u0119\u0142a si\u0119 Twoja Wspania\u0142a Przygoda. Zam\u00f3w ju\u017c dzi\u015b!","breadcrumb":{"@id":"https:\/\/positiveprints.com\/pl\/produkt\/poczatek-wspanialej-przygody\/#breadcrumb"},"inLanguage":"pl-PL","potentialAction":[{"@type":"ReadAction","target":["https:\/\/positiveprints.com\/pl\/produkt\/poczatek-wspanialej-przygody\/"]}]},{"@type":"ImageObject","inLanguage":"pl-PL","@id":"https:\/\/positiveprints.com\/pl\/produkt\/poczatek-wspanialej-przygody\/#primaryimage","url":"https:\/\/positiveprints.com\/wp-content\/uploads\/2024\/10\/Packshot_PL_where-it-all-began-map-product-image.webp","contentUrl":"https:\/\/positiveprints.com\/wp-content\/uploads\/2024\/10\/Packshot_PL_where-it-all-began-map-product-image.webp","width":1450,"height":1450},{"@type":"BreadcrumbList","@id":"https:\/\/positiveprints.com\/pl\/produkt\/poczatek-wspanialej-przygody\/#breadcrumb","itemListElement":[{"@type":"ListItem","position":1,"name":"Home","item":"https:\/\/positiveprints.com\/pl\/"},{"@type":"ListItem","position":2,"name":"Produkty","item":"https:\/\/positiveprints.com\/pl\/shop\/"},{"@type":"ListItem","position":3,"name":"Pocz\u0105tek Wspania\u0142ej Przygody"}]},{"@type":"WebSite","@id":"https:\/\/positiveprints.com\/pl\/#website","url":"https:\/\/positiveprints.com\/pl\/","name":"Positive Prints","description":"Amazing Custom Personalized Gifts","publisher":{"@id":"https:\/\/positiveprints.com\/pl\/#organization"},"potentialAction":[{"@type":"SearchAction","target":{"@type":"EntryPoint","urlTemplate":"https:\/\/positiveprints.com\/pl\/?s={search_term_string}"},"query-input":{"@type":"PropertyValueSpecification","valueRequired":true,"valueName":"search_term_string"}}],"inLanguage":"pl-PL"},{"@type":"Organization","@id":"https:\/\/positiveprints.com\/pl\/#organization","name":"Positive Prints","alternateName":"Positive Prints","url":"https:\/\/positiveprints.com\/pl\/","logo":{"@type":"ImageObject","inLanguage":"pl-PL","@id":"https:\/\/positiveprints.com\/pl\/#\/schema\/logo\/image\/","url":"https:\/\/positiveprints.com\/wp-content\/uploads\/2026\/03\/245815646_1337939713319158_5671353136411139666_n.png","contentUrl":"https:\/\/positiveprints.com\/wp-content\/uploads\/2026\/03\/245815646_1337939713319158_5671353136411139666_n.png","width":800,"height":800,"caption":"Positive Prints"},"image":{"@id":"https:\/\/positiveprints.com\/pl\/#\/schema\/logo\/image\/"},"sameAs":["https:\/\/www.facebook.com\/positiveprintscom","https:\/\/www.instagram.com\/positiveprintscom\/","https:\/\/www.tiktok.com\/@positiveprintscom","https:\/\/www.pinterest.com\/positiveprintscom\/"]}]}},"jetpack_sharing_enabled":true,"_links":{"self":[{"href":"https:\/\/positiveprints.com\/pl\/wp-json\/wp\/v2\/product\/646723","targetHints":{"allow":["GET"]}}],"collection":[{"href":"https:\/\/positiveprints.com\/pl\/wp-json\/wp\/v2\/product"}],"about":[{"href":"https:\/\/positiveprints.com\/pl\/wp-json\/wp\/v2\/types\/product"}],"wp:featuredmedia":[{"embeddable":true,"href":"https:\/\/positiveprints.com\/pl\/wp-json\/wp\/v2\/media\/1214209"}],"wp:attachment":[{"href":"https:\/\/positiveprints.com\/pl\/wp-json\/wp\/v2\/media?parent=646723"}],"wp:term":[{"taxonomy":"product_brand","embeddable":true,"href":"https:\/\/positiveprints.com\/pl\/wp-json\/wp\/v2\/product_brand?post=646723"},{"taxonomy":"product_cat","embeddable":true,"href":"https:\/\/positiveprints.com\/pl\/wp-json\/wp\/v2\/product_cat?post=646723"},{"taxonomy":"product_tag","embeddable":true,"href":"https:\/\/positiveprints.com\/pl\/wp-json\/wp\/v2\/product_tag?post=646723"}],"curies":[{"name":"wp","href":"https:\/\/api.w.org\/{rel}","templated":true}]}}