{"id":644683,"date":"2023-03-08T10:21:24","date_gmt":"2023-03-08T09:21:24","guid":{"rendered":"https:\/\/positiveprints.com\/?post_type=product&#038;p=644683"},"modified":"2026-04-28T14:27:32","modified_gmt":"2026-04-28T13:27:32","slug":"nasze-pierwsze-spotkanie-podwojna-mapa","status":"publish","type":"product","link":"https:\/\/positiveprints.com\/pl\/produkt\/nasze-pierwsze-spotkanie-podwojna-mapa\/","title":{"rendered":"Nasze Pierwsze Spotkanie Podw\u00f3jna Mapa"},"content":{"rendered":"<p style=\"margin-top: 1rem\">W dzisiejszym p\u0119dz\u0105cym \u015bwiecie trudno jest zwolni\u0107 i doceni\u0107 wyj\u0105tkowe chwile, kt\u00f3re dzielimy z naszymi bliskimi. Niezale\u017cnie od tego, czy jest to przypadkowe spotkanie, kt\u00f3re prowadzi do przyja\u017ani na ca\u0142e \u017cycie, czy romantyczne spotkanie, kt\u00f3re przeradza si\u0119 w zwi\u0105zek, te chwile s\u0105 tym, co nadaje naszemu \u017cyciu sens. Nasze Pierwsze Spotkanie Podw\u00f3jna Mapa to wyj\u0105tkowy i spersonalizowany spos\u00f3b na uchwycenie tych wspomnie\u0144 i uczczenie szczeg\u00f3lnej wi\u0119zi, kt\u00f3r\u0105 dzielisz z kim\u015b wyj\u0105tkowym.<\/p>\r\n\r\n\r\n\r\n<h2 class=\"grenB f24 cblue\" style=\"margin-top: 3rem\">Czym jest Nasze Pierwsze Spotkanie Podw\u00f3jna Mapa?<\/h2>\r\n\r\n\r\n<p style=\"margin-top: 1rem\">Nasze Pierwsze Spotkanie Podw\u00f3jna Mapa to spersonalizowany plakat, kt\u00f3ry przedstawia dok\u0142adne miejsca, w kt\u00f3rych spotka\u0142y si\u0119 dwie osoby lub maj\u0105 ze sob\u0105 szczeg\u00f3lne wspomnienia. Zawiera dwie mapy obok siebie, ka\u017cda z w\u0142asnym znacznikiem wskazuj\u0105cym lokalizacj\u0119 na mapie. Mapy mo\u017cna dostosowa\u0107 za pomoc\u0105 unikalnych kolor\u00f3w i styl\u00f3w, aby odzwierciedla\u0107 osobiste gusta i preferencje pary. Nasz wydruk mapy to przemy\u015blany i wymowny prezent, idealny na rocznice, \u015bluby lub inne specjalne okazje.<\/p>\r\n\r\n<p style=\"margin-top: 1rem\">Podstawow\u0105 r\u00f3\u017cnic\u0105 mi\u0119dzy map\u0105 &#8220;Nasze Pierwsze Spotkanie&#8221; a map\u0105 &#8220;Nasze Pierwsze Spotkanie Podw\u00f3jna Mapa&#8221; jest liczba lokalizacji, kt\u00f3re mo\u017cna uwzgl\u0119dni\u0107. Pojedyncza mapa przedstawia jedn\u0105 lokalizacj\u0119, na przyk\u0142ad miejsce pierwszego spotkania ze swoj\u0105 drug\u0105 po\u0142\u00f3wk\u0105 lub pierwsz\u0105 randk\u0119. Z kolei podw\u00f3jna mapa pozwala umie\u015bci\u0107 dwie lokalizacje na tej samej grafice, co czyni j\u0105 idealn\u0105 dla par, kt\u00f3re dzieli\u0142y wiele znacz\u0105cych chwil.<\/p>\r\n\r\n\r\n\r\n<h2 class=\"grenB f24 cblue\" style=\"margin-top: 3rem\">Jak stworzy\u0107 Nasze Pierwsze Spotkanie Podw\u00f3jna Mapa<\/h2>\r\n\r\n\r\n<p style=\"margin-top: 1rem\">Stworzenie podw\u00f3jnej mapy to prosty proces, kt\u00f3ry mo\u017cesz wykona\u0107 w trzech prostych krokach. Najpierw wybierz preferowany styl plakatu i kolory z dost\u0119pnych opcji. Mo\u017cesz wybiera\u0107 spo\u015br\u00f3d gotowych schemat\u00f3w kolor\u00f3w lub wybra\u0107 w\u0142asne kolory, aby uczyni\u0107 go wyj\u0105tkowym.<\/p>\r\n\r\n\r\n\r\n<p style=\"margin-top: 1rem\">Nast\u0119pnie wprowad\u017a dwa miejsca, w kt\u00f3rych Ty i Twoja ukochana osoba spotkali\u015bcie si\u0119 lub macie wsp\u00f3lne wspomnienia. Wybierz typ znacznika, kt\u00f3ry najlepiej odzwierciedla Twoj\u0105 histori\u0119, wi\u0119kszo\u015b\u0107 klient\u00f3w woli u\u017cywa\u0107 czerwonego serca jako znacznika. Ten krok obejmuje r\u00f3wnie\u017c dodanie osobistej wiadomo\u015bci pod ka\u017cd\u0105 map\u0105, co sprawi, \u017ce plakat b\u0119dzie jeszcze bardziej wyj\u0105tkowy.<\/p>\r\n\r\n\r\n\r\n<p style=\"margin-top: 1rem\">Na koniec wybierz spos\u00f3b drukowania mapy \u2014 z ram\u0105 lub bez, jako p\u0142\u00f3tno lub jako natychmiastowy plik cyfrowy, kt\u00f3ry mo\u017cesz zanie\u015b\u0107 do lokalnej drukarni. Wykonuj\u0105c te proste czynno\u015bci, mo\u017cesz stworzy\u0107 pi\u0119kn\u0105 i spersonalizowan\u0105 podw\u00f3jn\u0105 map\u0119, kt\u00f3ra uchwyci esencj\u0119 Twojej historii mi\u0142osnej.<\/p>\r\n\r\n\r\n\r\n<h2 class=\"grenB f24 cblue\" style=\"margin-top: 3rem\">Podaruj Przemy\u015blany i Znacz\u0105cy Prezent<\/h2>\r\n\r\n\r\n<p style=\"margin-top: 1rem\">Nasze Pierwsze Spotkanie Podw\u00f3jna Mapa to bardzo przemy\u015blany i znacz\u0105cy prezent. Pozwala uchwyci\u0107 wyj\u0105tkowe wspomnienia i chwile, kt\u00f3re dzielisz z ukochan\u0105 osob\u0105 w wyj\u0105tkowy i spersonalizowany spos\u00f3b. Mo\u017cliwo\u015b\u0107 dostosowywania map za pomoc\u0105 kolor\u00f3w, znacznik\u00f3w i tekstu czyni j\u0105 jeszcze bardziej wyj\u0105tkow\u0105, poniewa\u017c pokazuje, \u017ce wk\u0142adasz my\u015bli i wysi\u0142ek w stworzenie czego\u015b naprawd\u0119 wyj\u0105tkowego dla ukochanej osoby.<\/p>\r\n\r\n\r\n\r\n<p style=\"margin-top: 1rem\">Niezale\u017cnie od tego, czy podarowana jako prezent na rocznic\u0119, \u015blub, czy z jakiekolwiek innej okazji, Nasze Pierwsze Spotkanie Podw\u00f3jna Mapa z pewno\u015bci\u0105 zostanie doceniona przez ka\u017cdego, kto j\u0105 otrzyma.<\/p>","protected":false},"excerpt":{"rendered":"<ul class=\"check-list\">\n<li>Stw\u00f3rz map\u0119, kt\u00f3ra \u0142\u0105czy dwie najbli\u017csze Twojemu sercu lokalizacje<\/li>\n<li>Wyr\u00f3\u017cnij szczeg\u00f3lne lokalizacje za pomoc\u0105 symbolu<\/li>\n<li>Spersonalizuj w 3 prostych krokach<\/li>\n<li>Dodaj dedykacj\u0119 prosto z serca<\/li>\n<li>Interaktywny podgl\u0105d pozwoli dopracowa\u0107 ka\u017cdy szczeg\u00f3\u0142<\/li>\n<\/ul>\n","protected":false},"featured_media":1611159,"template":"","meta":[],"product_brand":[],"product_cat":[7690,8010,9116,99],"product_tag":[8772],"class_list":{"0":"post-644683","1":"product","2":"type-product","3":"status-publish","4":"has-post-thumbnail","6":"product_cat-prezent-dla-kobiety","7":"product_cat-prezent-dla-mezczyzny","8":"product_cat-double-maps-pl","9":"product_cat-wszystkie-produkty","10":"product_tag-where-we-met-pl","12":"first","13":"instock","14":"sale","15":"taxable","16":"shipping-taxable","17":"purchasable","18":"product-type-variable"},"yoast_head":"<!-- This site is optimized with the Yoast SEO Premium plugin v27.2 (Yoast SEO v27.2) - https:\/\/yoast.com\/product\/yoast-seo-premium-wordpress\/ -->\n<title>Nasze Pierwsze Spotkanie Podw\u00f3jna Mapa - Positive Prints<\/title>\n<meta name=\"description\" content=\"Nasze Pierwsze Spotkanie Podw\u00f3jna Mapa to wyj\u0105tkowy i spersonalizowany spos\u00f3b na uchwycenie wspomnie\u0144 i uczczenie szczeg\u00f3lnej wi\u0119zi, kt\u00f3r\u0105 dzielisz z kim\u015b wyj\u0105tkowym.\" \/>\n<meta name=\"robots\" content=\"index, follow, max-snippet:-1, max-image-preview:large, max-video-preview:-1\" \/>\n<link rel=\"canonical\" href=\"https:\/\/positiveprints.com\/pl\/produkt\/nasze-pierwsze-spotkanie-podwojna-mapa\/\" \/>\n<meta property=\"og:locale\" content=\"pl_PL\" \/>\n<meta property=\"og:type\" content=\"article\" \/>\n<meta property=\"og:title\" content=\"Nasze Pierwsze Spotkanie Podw\u00f3jna Mapa\" \/>\n<meta property=\"og:description\" content=\"Stw\u00f3rz map\u0119, kt\u00f3ra \u0142\u0105czy dwie najbli\u017csze Twojemu sercu lokalizacje  Wyr\u00f3\u017cnij szczeg\u00f3lne lokalizacje za pomoc\u0105 symbolu  Spersonalizuj w 3 prostych krokach  Dodaj dedykacj\u0119 prosto z serca  Interaktywny podgl\u0105d pozwoli dopracowa\u0107 ka\u017cdy szczeg\u00f3\u0142\" \/>\n<meta property=\"og:url\" content=\"https:\/\/positiveprints.com\/pl\/produkt\/nasze-pierwsze-spotkanie-podwojna-mapa\/\" \/>\n<meta property=\"og:site_name\" content=\"Positive Prints\" \/>\n<meta property=\"article:publisher\" content=\"https:\/\/www.facebook.com\/positiveprintscom\" \/>\n<meta property=\"article:modified_time\" content=\"2026-04-28T13:27:32+00:00\" \/>\n<meta property=\"og:image\" content=\"https:\/\/positiveprints.com\/wp-content\/uploads\/2023\/03\/Where-We-Met-Double-Map.jpg\" \/>\n\t<meta property=\"og:image:width\" content=\"1080\" \/>\n\t<meta property=\"og:image:height\" content=\"1080\" \/>\n\t<meta property=\"og:image:type\" content=\"image\/jpeg\" \/>\n<meta name=\"twitter:card\" content=\"summary_large_image\" \/>\n<!-- \/ Yoast SEO Premium plugin. -->","yoast_head_json":{"title":"Nasze Pierwsze Spotkanie Podw\u00f3jna Mapa - Positive Prints","description":"Nasze Pierwsze Spotkanie Podw\u00f3jna Mapa to wyj\u0105tkowy i spersonalizowany spos\u00f3b na uchwycenie wspomnie\u0144 i uczczenie szczeg\u00f3lnej wi\u0119zi, kt\u00f3r\u0105 dzielisz z kim\u015b wyj\u0105tkowym.","robots":{"index":"index","follow":"follow","max-snippet":"max-snippet:-1","max-image-preview":"max-image-preview:large","max-video-preview":"max-video-preview:-1"},"canonical":"https:\/\/positiveprints.com\/pl\/produkt\/nasze-pierwsze-spotkanie-podwojna-mapa\/","og_locale":"pl_PL","og_type":"article","og_title":"Nasze Pierwsze Spotkanie Podw\u00f3jna Mapa","og_description":"Stw\u00f3rz map\u0119, kt\u00f3ra \u0142\u0105czy dwie najbli\u017csze Twojemu sercu lokalizacje  Wyr\u00f3\u017cnij szczeg\u00f3lne lokalizacje za pomoc\u0105 symbolu  Spersonalizuj w 3 prostych krokach  Dodaj dedykacj\u0119 prosto z serca  Interaktywny podgl\u0105d pozwoli dopracowa\u0107 ka\u017cdy szczeg\u00f3\u0142","og_url":"https:\/\/positiveprints.com\/pl\/produkt\/nasze-pierwsze-spotkanie-podwojna-mapa\/","og_site_name":"Positive Prints","article_publisher":"https:\/\/www.facebook.com\/positiveprintscom","article_modified_time":"2026-04-28T13:27:32+00:00","og_image":[{"width":1080,"height":1080,"url":"https:\/\/positiveprints.com\/wp-content\/uploads\/2023\/03\/Where-We-Met-Double-Map.jpg","type":"image\/jpeg"}],"twitter_card":"summary_large_image","schema":{"@context":"https:\/\/schema.org","@graph":[{"@type":["WebPage","ItemPage"],"@id":"https:\/\/positiveprints.com\/pl\/produkt\/nasze-pierwsze-spotkanie-podwojna-mapa\/","url":"https:\/\/positiveprints.com\/pl\/produkt\/nasze-pierwsze-spotkanie-podwojna-mapa\/","name":"Nasze Pierwsze Spotkanie Podw\u00f3jna Mapa - Positive Prints","isPartOf":{"@id":"https:\/\/positiveprints.com\/pl\/#website"},"primaryImageOfPage":{"@id":"https:\/\/positiveprints.com\/pl\/produkt\/nasze-pierwsze-spotkanie-podwojna-mapa\/#primaryimage"},"image":{"@id":"https:\/\/positiveprints.com\/pl\/produkt\/nasze-pierwsze-spotkanie-podwojna-mapa\/#primaryimage"},"thumbnailUrl":"https:\/\/positiveprints.com\/wp-content\/uploads\/2026\/01\/Packshot_PL_Nasze-Pierwsze-Spotkanie-Podwojna-Mapa.webp","datePublished":"2023-03-08T09:21:24+00:00","dateModified":"2026-04-28T13:27:32+00:00","description":"Nasze Pierwsze Spotkanie Podw\u00f3jna Mapa to wyj\u0105tkowy i spersonalizowany spos\u00f3b na uchwycenie wspomnie\u0144 i uczczenie szczeg\u00f3lnej wi\u0119zi, kt\u00f3r\u0105 dzielisz z kim\u015b wyj\u0105tkowym.","breadcrumb":{"@id":"https:\/\/positiveprints.com\/pl\/produkt\/nasze-pierwsze-spotkanie-podwojna-mapa\/#breadcrumb"},"inLanguage":"pl-PL","potentialAction":[{"@type":"ReadAction","target":["https:\/\/positiveprints.com\/pl\/produkt\/nasze-pierwsze-spotkanie-podwojna-mapa\/"]}]},{"@type":"ImageObject","inLanguage":"pl-PL","@id":"https:\/\/positiveprints.com\/pl\/produkt\/nasze-pierwsze-spotkanie-podwojna-mapa\/#primaryimage","url":"https:\/\/positiveprints.com\/wp-content\/uploads\/2026\/01\/Packshot_PL_Nasze-Pierwsze-Spotkanie-Podwojna-Mapa.webp","contentUrl":"https:\/\/positiveprints.com\/wp-content\/uploads\/2026\/01\/Packshot_PL_Nasze-Pierwsze-Spotkanie-Podwojna-Mapa.webp","width":1450,"height":1450},{"@type":"BreadcrumbList","@id":"https:\/\/positiveprints.com\/pl\/produkt\/nasze-pierwsze-spotkanie-podwojna-mapa\/#breadcrumb","itemListElement":[{"@type":"ListItem","position":1,"name":"Home","item":"https:\/\/positiveprints.com\/pl\/"},{"@type":"ListItem","position":2,"name":"Produkty","item":"https:\/\/positiveprints.com\/pl\/shop\/"},{"@type":"ListItem","position":3,"name":"Nasze Pierwsze Spotkanie Podw\u00f3jna Mapa"}]},{"@type":"WebSite","@id":"https:\/\/positiveprints.com\/pl\/#website","url":"https:\/\/positiveprints.com\/pl\/","name":"Positive Prints","description":"Amazing Custom Personalized Gifts","publisher":{"@id":"https:\/\/positiveprints.com\/pl\/#organization"},"potentialAction":[{"@type":"SearchAction","target":{"@type":"EntryPoint","urlTemplate":"https:\/\/positiveprints.com\/pl\/?s={search_term_string}"},"query-input":{"@type":"PropertyValueSpecification","valueRequired":true,"valueName":"search_term_string"}}],"inLanguage":"pl-PL"},{"@type":"Organization","@id":"https:\/\/positiveprints.com\/pl\/#organization","name":"Positive Prints","alternateName":"Positive Prints","url":"https:\/\/positiveprints.com\/pl\/","logo":{"@type":"ImageObject","inLanguage":"pl-PL","@id":"https:\/\/positiveprints.com\/pl\/#\/schema\/logo\/image\/","url":"https:\/\/positiveprints.com\/wp-content\/uploads\/2026\/03\/245815646_1337939713319158_5671353136411139666_n.png","contentUrl":"https:\/\/positiveprints.com\/wp-content\/uploads\/2026\/03\/245815646_1337939713319158_5671353136411139666_n.png","width":800,"height":800,"caption":"Positive Prints"},"image":{"@id":"https:\/\/positiveprints.com\/pl\/#\/schema\/logo\/image\/"},"sameAs":["https:\/\/www.facebook.com\/positiveprintscom","https:\/\/www.instagram.com\/positiveprintscom\/","https:\/\/www.tiktok.com\/@positiveprintscom","https:\/\/www.pinterest.com\/positiveprintscom\/"]}]}},"jetpack_sharing_enabled":true,"_links":{"self":[{"href":"https:\/\/positiveprints.com\/pl\/wp-json\/wp\/v2\/product\/644683","targetHints":{"allow":["GET"]}}],"collection":[{"href":"https:\/\/positiveprints.com\/pl\/wp-json\/wp\/v2\/product"}],"about":[{"href":"https:\/\/positiveprints.com\/pl\/wp-json\/wp\/v2\/types\/product"}],"wp:featuredmedia":[{"embeddable":true,"href":"https:\/\/positiveprints.com\/pl\/wp-json\/wp\/v2\/media\/1611159"}],"wp:attachment":[{"href":"https:\/\/positiveprints.com\/pl\/wp-json\/wp\/v2\/media?parent=644683"}],"wp:term":[{"taxonomy":"product_brand","embeddable":true,"href":"https:\/\/positiveprints.com\/pl\/wp-json\/wp\/v2\/product_brand?post=644683"},{"taxonomy":"product_cat","embeddable":true,"href":"https:\/\/positiveprints.com\/pl\/wp-json\/wp\/v2\/product_cat?post=644683"},{"taxonomy":"product_tag","embeddable":true,"href":"https:\/\/positiveprints.com\/pl\/wp-json\/wp\/v2\/product_tag?post=644683"}],"curies":[{"name":"wp","href":"https:\/\/api.w.org\/{rel}","templated":true}]}}