{"id":644673,"date":"2022-12-14T11:54:00","date_gmt":"2022-12-14T10:54:00","guid":{"rendered":"https:\/\/positiveprints.com\/?post_type=product&#038;p=644673"},"modified":"2026-04-12T22:45:25","modified_gmt":"2026-04-12T21:45:25","slug":"poczatek-czegos-wyjatkowego","status":"publish","type":"product","link":"https:\/\/positiveprints.com\/pl\/produkt\/poczatek-czegos-wyjatkowego\/","title":{"rendered":"Pocz\u0105tek Czego\u015b Wyj\u0105tkowego"},"content":{"rendered":"<p style=\"margin-top: 1rem\">Stworzenie spersonalizowanego prezentu w postaci mapy to jeden z najlepszych sposob\u00f3w, aby pokaza\u0107 komu\u015b, jak bardzo Ci na nim zale\u017cy i sprawi\u0107, by poczu\u0142 si\u0119 naprawd\u0119 wyj\u0105tkowy. &#8220;Pocz\u0105tek Czego\u015b Wyj\u0105tkowego&#8221; to idealny prezent, kt\u00f3ry upami\u0119tni szczeg\u00f3lne wydarzenie z \u017cycia Twojego lub Twoich bliskich \u2013 bez wzgl\u0119du na to, jak du\u017ce lub ma\u0142e!<\/p>\r\n\r\n\r\n<h2 class=\"grenB f24 cblue\" style=\"margin-top: 3rem\">Doskona\u0142e przypomnienie o tym, gdzie wszystko si\u0119 zacz\u0119\u0142o<\/h2>\r\n\r\n<p style=\"margin-top: 1rem\">Na \u015bwiecie jest wiele miejsc, kt\u00f3re maj\u0105 dla nas szczeg\u00f3lne znaczenie, niezale\u017cnie od tego, czy jest to miejsce, w kt\u00f3rym po raz pierwszy spotkali\u015bmy naszych ukochanych, pobrali\u015bmy si\u0119 lub prze\u017cyli\u015bmy wydarzenie zmieniaj\u0105ce \u017cycie. Ka\u017cde z tych miejsc ma dla nas szczeg\u00f3lne znaczenie i wi\u0105\u017ce si\u0119 z wyj\u0105tkowymi wspomnieniami.<\/p>\r\n\r\n\r\n\r\n<p style=\"margin-top: 1rem\">Dla tych, kt\u00f3rzy chc\u0105 upami\u0119tni\u0107 takie wyj\u0105tkowe okazje, Mapa &#8211; Pocz\u0105tek Czego\u015b Wyj\u0105tkowego to idealne rozwi\u0105zanie. Dzi\u0119ki temu wyj\u0105tkowemu i przemy\u015blanemu prezentowi mo\u017cesz zamieni\u0107 ka\u017cde szczeg\u00f3lne miejsce w znacz\u0105c\u0105 pami\u0105tk\u0119, kt\u00f3ra b\u0119dzie trwa\u0107 przez lata. Wybierz swoj\u0105 lokalizacj\u0119 i spersonalizuj plakat za pomoc\u0105 wybranych przez siebie element\u00f3w designu oraz kolorystki. Aby uczyni\u0107 go jeszcze bardziej znacz\u0105cym, dodaj osobisty tekst opisuj\u0105cy znaczenie miejsca. Nast\u0119pnie zam\u00f3w jako wydrukowany lub oprawiony plakat, p\u0142\u00f3tno lub plik cyfrowy do natychmiastowego pobrania.<\/p>\r\n\r\n\r\n\r\n<p style=\"margin-top: 1rem\">W ten spos\u00f3b Tw\u00f3j odbiorca zawsze b\u0119dzie mia\u0142 przy sobie co\u015b, co b\u0119dzie mu przypomina\u0107 o miejscu, w kt\u00f3rym co\u015b wyj\u0105tkowego zacz\u0119\u0142o si\u0119 w jego \u017cyciu. Niezale\u017cnie od tego, czy chodzi o urodziny, rocznic\u0119, uko\u0144czenie szko\u0142y czy inn\u0105 wa\u017cn\u0105 okazj\u0119 \u2013 ten przemy\u015blany prezent b\u0119dzie doskona\u0142ym przypomnieniem, miejsca, gdzie wszystko si\u0119 zacz\u0119\u0142o.<\/p>\r\n\r\n<h2 class=\"grenB f24 cblue\" style=\"margin-top: 3rem\">Stw\u00f3rz spersonalizowany wydruk &#8211; Pocz\u0105tek Czego\u015b Wyj\u0105tkowego<\/h2>\r\n\r\n<p style=\"margin-top: 1rem\">Stworzenie spersonalizowanego prezentu to doskona\u0142y spos\u00f3b, aby pokaza\u0107 komu\u015b, jak bardzo Ci zale\u017cy i sprawi\u0107, by poczu\u0142 si\u0119 naprawd\u0119 wyj\u0105tkowo. Niezale\u017cnie od tego, czy chodzi o urodziny, rocznic\u0119, czy inn\u0105 specjaln\u0105 okazj\u0119, spersonalizowana mapa b\u0119dzie niezapomnianym przypomnieniem, miejsca gdzie zacz\u0119\u0142o si\u0119 co\u015b niesamowitego.<\/p>\r\n\r\n<p style=\"margin-top: 1rem\">Je\u015bli szukasz ponadczasowego i przemy\u015blanego prezentu, &#8220;Pocz\u0105tek Czego\u015b Wyj\u0105tkowego&#8221; jest idealny dla Ciebie. Ten wyj\u0105tkowy prezent b\u0119dzie idealnym sposobem na upami\u0119tnienie ka\u017cdej wyj\u0105tkowej okazji. Podziel si\u0119 swoj\u0105 histori\u0105 z tymi, kt\u00f3rych kochasz ju\u017c dzi\u015b!<\/p>\r\n\r\n\r\n\r\n<p style=\"margin-top: 1rem\">Udanego obdarowywania! :)<\/p>","protected":false},"excerpt":{"rendered":"<ul class=\"check-list\">\n<li>Podkre\u015bl wa\u017cne miejsce za pomoc\u0105 wybranego symbolu<\/li>\n<li>Spersonalizuj w 3 prostych krokach<\/li>\n<li>Dodaj dedykacj\u0119 prosto z serca<\/li>\n<li>Interaktywny podgl\u0105d pozwoli dopracowa\u0107 ka\u017cdy szczeg\u00f3\u0142<\/li>\n<\/ul>\n","protected":false},"featured_media":1214301,"template":"","meta":[],"product_brand":[],"product_cat":[8206,9765,99,7188,5271,11408,11409,15059,11416,11404,11413,8010,7626,7610,7658,7690,7850,7834],"product_tag":[9125,12776,13458,13468],"class_list":{"0":"post-644673","1":"product","2":"type-product","3":"status-publish","4":"has-post-thumbnail","6":"product_cat-dla-niego","7":"product_cat-trending-label-pl","8":"product_cat-wszystkie-produkty","9":"product_cat-map-pl","10":"product_cat-prezent-na-boze-narodzenie","11":"product_cat-prezenty-pod-choinke-dla-babci","12":"product_cat-prezenty-pod-choinke-dla-dziadka","13":"product_cat-prezenty-pod-choinke-dla-rodziny","14":"product_cat-prezenty-pod-choinke-dla-siostry","15":"product_cat-prezenty-pod-choinke-dla-brata","16":"product_cat-prezenty-pod-choinke-dla-dzieci","17":"product_cat-prezent-dla-mezczyzny","18":"product_cat-prezent-dla-brata","19":"product_cat-prezent-dla-dziadka","20":"product_cat-prezent-dla-syna","21":"product_cat-prezent-dla-kobiety","22":"product_cat-prezent-dla-rodziny","23":"product_cat-prezent-dla-przyjaciol","24":"product_tag-couples-pl-2","25":"product_tag-prezent-pod-choinke-dla-siostry","26":"product_tag-prezenty-swiateczne-dla-brata","27":"product_tag-prezenty-swiateczne-dla-rodziny","29":"first","30":"instock","31":"sale","32":"taxable","33":"shipping-taxable","34":"purchasable","35":"product-type-variable"},"yoast_head":"<!-- This site is optimized with the Yoast SEO Premium plugin v27.2 (Yoast SEO v27.2) - https:\/\/yoast.com\/product\/yoast-seo-premium-wordpress\/ -->\n<title>Pocz\u0105tek Czego\u015b Wyj\u0105tkowego - Positive Prints<\/title>\n<meta name=\"description\" content=\"Stw\u00f3rz Plakat Pocz\u0105tek Czego\u015b Wyj\u0105tkowego! Tw\u00f3j odbiorca pokocha ten naprawd\u0119 wyj\u0105tkowy prezent, kt\u00f3ry b\u0119dzie celebrowa\u0107 pocz\u0105tek czego\u015b niesamowitego.\" \/>\n<meta name=\"robots\" content=\"index, follow, max-snippet:-1, max-image-preview:large, max-video-preview:-1\" \/>\n<link rel=\"canonical\" href=\"https:\/\/positiveprints.com\/pl\/produkt\/poczatek-czegos-wyjatkowego\/\" \/>\n<meta property=\"og:locale\" content=\"pl_PL\" \/>\n<meta property=\"og:type\" content=\"article\" \/>\n<meta property=\"og:title\" content=\"Pocz\u0105tek Czego\u015b Wyj\u0105tkowego\" \/>\n<meta property=\"og:description\" content=\"Podkre\u015bl wa\u017cne miejsce za pomoc\u0105 wybranego symbolu  Spersonalizuj w 3 prostych krokach  Dodaj dedykacj\u0119 prosto z serca  Interaktywny podgl\u0105d pozwoli dopracowa\u0107 ka\u017cdy szczeg\u00f3\u0142\" \/>\n<meta property=\"og:url\" content=\"https:\/\/positiveprints.com\/pl\/produkt\/poczatek-czegos-wyjatkowego\/\" \/>\n<meta property=\"og:site_name\" content=\"Positive Prints\" \/>\n<meta property=\"article:publisher\" content=\"https:\/\/www.facebook.com\/positiveprintscom\" \/>\n<meta property=\"article:modified_time\" content=\"2026-04-12T21:45:25+00:00\" \/>\n<meta property=\"og:image\" content=\"https:\/\/positiveprints.com\/wp-content\/uploads\/2024\/10\/Packshot_PL_the-start-of-something-special-map-product-image.webp\" \/>\n\t<meta property=\"og:image:width\" content=\"1450\" \/>\n\t<meta property=\"og:image:height\" content=\"1450\" \/>\n\t<meta property=\"og:image:type\" content=\"image\/webp\" \/>\n<meta name=\"twitter:card\" content=\"summary_large_image\" \/>\n<meta name=\"twitter:label1\" content=\"Szacowany czas czytania\" \/>\n\t<meta name=\"twitter:data1\" content=\"2 minuty\" \/>\n<!-- \/ Yoast SEO Premium plugin. -->","yoast_head_json":{"title":"Pocz\u0105tek Czego\u015b Wyj\u0105tkowego - Positive Prints","description":"Stw\u00f3rz Plakat Pocz\u0105tek Czego\u015b Wyj\u0105tkowego! Tw\u00f3j odbiorca pokocha ten naprawd\u0119 wyj\u0105tkowy prezent, kt\u00f3ry b\u0119dzie celebrowa\u0107 pocz\u0105tek czego\u015b niesamowitego.","robots":{"index":"index","follow":"follow","max-snippet":"max-snippet:-1","max-image-preview":"max-image-preview:large","max-video-preview":"max-video-preview:-1"},"canonical":"https:\/\/positiveprints.com\/pl\/produkt\/poczatek-czegos-wyjatkowego\/","og_locale":"pl_PL","og_type":"article","og_title":"Pocz\u0105tek Czego\u015b Wyj\u0105tkowego","og_description":"Podkre\u015bl wa\u017cne miejsce za pomoc\u0105 wybranego symbolu  Spersonalizuj w 3 prostych krokach  Dodaj dedykacj\u0119 prosto z serca  Interaktywny podgl\u0105d pozwoli dopracowa\u0107 ka\u017cdy szczeg\u00f3\u0142","og_url":"https:\/\/positiveprints.com\/pl\/produkt\/poczatek-czegos-wyjatkowego\/","og_site_name":"Positive Prints","article_publisher":"https:\/\/www.facebook.com\/positiveprintscom","article_modified_time":"2026-04-12T21:45:25+00:00","og_image":[{"width":1450,"height":1450,"url":"https:\/\/positiveprints.com\/wp-content\/uploads\/2024\/10\/Packshot_PL_the-start-of-something-special-map-product-image.webp","type":"image\/webp"}],"twitter_card":"summary_large_image","twitter_misc":{"Szacowany czas czytania":"2 minuty"},"schema":{"@context":"https:\/\/schema.org","@graph":[{"@type":["WebPage","ItemPage"],"@id":"https:\/\/positiveprints.com\/pl\/produkt\/poczatek-czegos-wyjatkowego\/","url":"https:\/\/positiveprints.com\/pl\/produkt\/poczatek-czegos-wyjatkowego\/","name":"Pocz\u0105tek Czego\u015b Wyj\u0105tkowego - Positive Prints","isPartOf":{"@id":"https:\/\/positiveprints.com\/pl\/#website"},"primaryImageOfPage":{"@id":"https:\/\/positiveprints.com\/pl\/produkt\/poczatek-czegos-wyjatkowego\/#primaryimage"},"image":{"@id":"https:\/\/positiveprints.com\/pl\/produkt\/poczatek-czegos-wyjatkowego\/#primaryimage"},"thumbnailUrl":"https:\/\/positiveprints.com\/wp-content\/uploads\/2024\/10\/Packshot_PL_the-start-of-something-special-map-product-image.webp","datePublished":"2022-12-14T10:54:00+00:00","dateModified":"2026-04-12T21:45:25+00:00","description":"Stw\u00f3rz Plakat Pocz\u0105tek Czego\u015b Wyj\u0105tkowego! Tw\u00f3j odbiorca pokocha ten naprawd\u0119 wyj\u0105tkowy prezent, kt\u00f3ry b\u0119dzie celebrowa\u0107 pocz\u0105tek czego\u015b niesamowitego.","breadcrumb":{"@id":"https:\/\/positiveprints.com\/pl\/produkt\/poczatek-czegos-wyjatkowego\/#breadcrumb"},"inLanguage":"pl-PL","potentialAction":[{"@type":"ReadAction","target":["https:\/\/positiveprints.com\/pl\/produkt\/poczatek-czegos-wyjatkowego\/"]}]},{"@type":"ImageObject","inLanguage":"pl-PL","@id":"https:\/\/positiveprints.com\/pl\/produkt\/poczatek-czegos-wyjatkowego\/#primaryimage","url":"https:\/\/positiveprints.com\/wp-content\/uploads\/2024\/10\/Packshot_PL_the-start-of-something-special-map-product-image.webp","contentUrl":"https:\/\/positiveprints.com\/wp-content\/uploads\/2024\/10\/Packshot_PL_the-start-of-something-special-map-product-image.webp","width":1450,"height":1450},{"@type":"BreadcrumbList","@id":"https:\/\/positiveprints.com\/pl\/produkt\/poczatek-czegos-wyjatkowego\/#breadcrumb","itemListElement":[{"@type":"ListItem","position":1,"name":"Home","item":"https:\/\/positiveprints.com\/pl\/"},{"@type":"ListItem","position":2,"name":"Produkty","item":"https:\/\/positiveprints.com\/pl\/shop\/"},{"@type":"ListItem","position":3,"name":"Pocz\u0105tek Czego\u015b Wyj\u0105tkowego"}]},{"@type":"WebSite","@id":"https:\/\/positiveprints.com\/pl\/#website","url":"https:\/\/positiveprints.com\/pl\/","name":"Positive Prints","description":"Amazing Custom Personalized Gifts","publisher":{"@id":"https:\/\/positiveprints.com\/pl\/#organization"},"potentialAction":[{"@type":"SearchAction","target":{"@type":"EntryPoint","urlTemplate":"https:\/\/positiveprints.com\/pl\/?s={search_term_string}"},"query-input":{"@type":"PropertyValueSpecification","valueRequired":true,"valueName":"search_term_string"}}],"inLanguage":"pl-PL"},{"@type":"Organization","@id":"https:\/\/positiveprints.com\/pl\/#organization","name":"Positive Prints","alternateName":"Positive Prints","url":"https:\/\/positiveprints.com\/pl\/","logo":{"@type":"ImageObject","inLanguage":"pl-PL","@id":"https:\/\/positiveprints.com\/pl\/#\/schema\/logo\/image\/","url":"https:\/\/positiveprints.com\/wp-content\/uploads\/2026\/03\/245815646_1337939713319158_5671353136411139666_n.png","contentUrl":"https:\/\/positiveprints.com\/wp-content\/uploads\/2026\/03\/245815646_1337939713319158_5671353136411139666_n.png","width":800,"height":800,"caption":"Positive Prints"},"image":{"@id":"https:\/\/positiveprints.com\/pl\/#\/schema\/logo\/image\/"},"sameAs":["https:\/\/www.facebook.com\/positiveprintscom","https:\/\/www.instagram.com\/positiveprintscom\/","https:\/\/www.tiktok.com\/@positiveprintscom","https:\/\/www.pinterest.com\/positiveprintscom\/"]}]}},"jetpack_sharing_enabled":true,"_links":{"self":[{"href":"https:\/\/positiveprints.com\/pl\/wp-json\/wp\/v2\/product\/644673","targetHints":{"allow":["GET"]}}],"collection":[{"href":"https:\/\/positiveprints.com\/pl\/wp-json\/wp\/v2\/product"}],"about":[{"href":"https:\/\/positiveprints.com\/pl\/wp-json\/wp\/v2\/types\/product"}],"wp:featuredmedia":[{"embeddable":true,"href":"https:\/\/positiveprints.com\/pl\/wp-json\/wp\/v2\/media\/1214301"}],"wp:attachment":[{"href":"https:\/\/positiveprints.com\/pl\/wp-json\/wp\/v2\/media?parent=644673"}],"wp:term":[{"taxonomy":"product_brand","embeddable":true,"href":"https:\/\/positiveprints.com\/pl\/wp-json\/wp\/v2\/product_brand?post=644673"},{"taxonomy":"product_cat","embeddable":true,"href":"https:\/\/positiveprints.com\/pl\/wp-json\/wp\/v2\/product_cat?post=644673"},{"taxonomy":"product_tag","embeddable":true,"href":"https:\/\/positiveprints.com\/pl\/wp-json\/wp\/v2\/product_tag?post=644673"}],"curies":[{"name":"wp","href":"https:\/\/api.w.org\/{rel}","templated":true}]}}