{"id":644649,"date":"2023-03-10T13:15:20","date_gmt":"2023-03-10T12:15:20","guid":{"rendered":"https:\/\/positiveprints.com\/?post_type=product&#038;p=644649"},"modified":"2026-04-28T14:27:10","modified_gmt":"2026-04-28T13:27:10","slug":"mapa-na-pozegnanie-przed-wyjazdem","status":"publish","type":"product","link":"https:\/\/positiveprints.com\/pl\/produkt\/mapa-na-pozegnanie-przed-wyjazdem\/","title":{"rendered":"Mapa na Po\u017cegnanie przed Wyjazdem"},"content":{"rendered":"<p style=\"margin-top: 1rem\">Szukasz wyj\u0105tkowego i przemy\u015blanego prezentu dla kogo\u015b wyj\u0105tkowego w Twoim \u017cyciu? Podaruj im Map\u0119 na Po\u017cegnanie przed Wyjazdem! Ta spersonalizowana mapa uchwyci wspomnienia i do\u015bwiadczenia zwi\u0105zane z okre\u015blonym miejscem, kt\u00f3re ma znaczenie dla kogo\u015b, kto si\u0119 wyprowadza.<\/p>\r\n\r\n\r\n<h2 class=\"grenB f24 cblue\" style=\"margin-top: 3rem\">Czym jest Mapa na Po\u017cegnanie przed Wyjazdem?<\/h2>\r\n\r\n<p style=\"margin-top: 1rem\">Mapa na Po\u017cegnanie przed Wyjazdem mo\u017ce pokaza\u0107 dowolne miejsce, kt\u00f3re ma znaczenie dla Ciebie i bliskiej Ci osoby. Mo\u017ce to by\u0107 mapa miasta lub miasteczka, do kt\u00f3rego przeprowadza si\u0119 Tw\u00f3j bliski. Alternatywnie mo\u017ce to by\u0107 mapa miejsca, w kt\u00f3rym oboje dzielili\u015bcie si\u0119 specjalnymi wspomnieniami, np. dom z dzieci\u0144stwa, ulubione miejsce na wakacje, czy miasto, kt\u00f3re od zawsze chcieli\u015bcie zwiedzi\u0107. Mo\u017cliwo\u015b\u0107 dostosowania mapy za pomoc\u0105 w\u0142asnego tytu\u0142u i tekstu sprawi, \u017ce b\u0119dzie to jeszcze bardziej wyj\u0105tkowy prezent. Pi\u0119kno naszych wydruk\u00f3w map polega na tym, \u017ce mo\u017cna je dostosowa\u0107 tak, aby odzwierciedla\u0142y wyj\u0105tkow\u0105 przyja\u017a\u0144 i wsp\u00f3lne do\u015bwiadczenia.<\/p>\r\n\r\n<h2 class=\"grenB f24 cblue\" style=\"margin-top: 3rem\">Dlaczego warto podarowa\u0107 Map\u0119 na Po\u017cegnanie przed Wyjazdem<\/h2>\r\n\r\n<p style=\"margin-top: 1rem\">Mapa na Po\u017cegnanie przed Wyjazdem to przemy\u015blany i spersonalizowany prezent dla przyjaciela, kt\u00f3ry si\u0119 wyprowadza, ale mo\u017ce by\u0107 r\u00f3wnie\u017c \u015bwietnym prezentem dla ka\u017cdego, kto uwielbia podr\u00f3\u017cowa\u0107 lub jest szczeg\u00f3lnie przywi\u0105zany z okre\u015blonym miejscem. Mo\u017cesz na przyk\u0142ad stworzy\u0107 wydruk mapy dla cz\u0142onka rodziny, kt\u00f3ry przeprowadza si\u0119 do nowego miasta, lub dla kogo\u015b, kto ma mi\u0142e wspomnienia zwi\u0105zane z rodzinnym miastem. To od Ciebie zale\u017cy, jak dostosujesz map\u0119 i uczynisz j\u0105 znacz\u0105c\u0105 dla bliskiej Ci osoby. Ostatecznie ka\u017cdy, kto ceni sobie wyj\u0105tkowe i osobiste prezenty, by\u0142by zachwycony otrzymaniem Mapy na Po\u017cegnanie przed Wyjazdem.<\/p>\r\n\r\n\r\n\r\n<p style=\"margin-top: 1rem\">Mapa na Po\u017cegnanie przed Wyjazdem jest wyj\u0105tkowa, poniewa\u017c jest spersonalizowanym i przemy\u015blanym prezentem, kt\u00f3ry odzwierciedla wyj\u0105tkow\u0105 relacj\u0119 mi\u0119dzy Tob\u0105 a obdarowanym. Pokazuje, \u017ce po\u015bwi\u0119ci\u0142e\u015b czas na rozwa\u017cenie ich zainteresowa\u0144, wspomnie\u0144 i do\u015bwiadcze\u0144 i stworzy\u0142e\u015b co\u015b specjalnie dla nich. Mapa mo\u017ce s\u0142u\u017cy\u0107 jako przypomnienie waszej przyja\u017ani lub wi\u0119zi, nawet je\u015bli fizycznie dzieli was odleg\u0142o\u015b\u0107. Ponadto kreatywno\u015bci i troskliwo\u015bci, kt\u00f3ra towarzyszy procesowi tworzenia plakatu, sprawi, \u017ce b\u0119dzie to prezent szczeg\u00f3lnie znacz\u0105cy. Og\u00f3lnie rzecz bior\u0105c, Mapa na Po\u017cegnanie przed Wyjazdem jest wyj\u0105tkowa, poniewa\u017c \u0142\u0105czy w sobie personalizacj\u0119 z praktyczno\u015bci\u0105, co czyni j\u0105 naprawd\u0119 jedynym w swoim rodzaju prezentem.<\/p>\r\n\r\n\r\n\r\n<h2 class=\"grenB f24 cblue\" style=\"margin-top: 3rem\">Prezent, kt\u00f3ry Tw\u00f3j Przyjaciel lub Cz\u0142onek Rodziny b\u0119dzie ceni\u0142 przez lata<\/h2>\r\n\r\n<p style=\"margin-top: 1rem\">Tworz\u0105c Map\u0119 na Po\u017cegnanie przed Wyjazdem, mo\u017cesz wybiera\u0107 spo\u015br\u00f3d r\u00f3\u017cnych styl\u00f3w i kolor\u00f3w, doda\u0107 sw\u00f3j w\u0142asny tytu\u0142 i podtytu\u0142 oraz wybiera\u0107 spo\u015br\u00f3d r\u00f3\u017cnych rozmiar\u00f3w i format\u00f3w, w tym wydruk\u00f3w na p\u0142\u00f3tnie, plakat\u00f3w zwyk\u0142ych lub oprawionych, a tak\u017ce plik\u00f3w cyfrowych do natychmiastowego pobrania!<\/p>\r\n\r\n\r\n\r\n<p style=\"margin-top: 1rem\">Mapa na Po\u017cegnanie przed Wyjazdem to nie tylko pi\u0119kny element wystroju domu lub biura, ale tak\u017ce przypomnienie o miejscu, maj\u0105cym szczeg\u00f3lne znaczenie dla Ciebie lub bliskiej Ci osoby. Jest idealny dla tych, kt\u00f3rzy przeprowadzaj\u0105 si\u0119 z dala od domu lub dla tych, kt\u00f3rzy po prostu kochaj\u0105 podr\u00f3\u017cowa\u0107. Nasze wysokiej jako\u015bci materia\u0142y sprawiaj\u0105, \u017ce prezent b\u0119dzie trwa\u0142 przez wiele lat, co czyni go inwestycj\u0105 wart\u0105 podj\u0119cia. Ponadto, dzi\u0119ki naszemu \u0142atwemu w u\u017cyciu edytorowi online, stworzenie w\u0142asnej, spersonalizowanej mapy nigdy nie by\u0142o \u0142atwiejsze.<\/p>\r\n\r\n\r\n\r\n<p style=\"margin-top: 1rem\">Poka\u017c swoim bliskim, jak bardzo Ci zale\u017cy, podaruj im co\u015b naprawd\u0119 wyj\u0105tkowego &#8211; Map\u0119 na Po\u017cegnanie przed Wyjazdem. Stw\u00f3rz swoj\u0105 ju\u017c dzi\u015b &#8211; z pewno\u015bci\u0105 sprawi, \u017ce obdarowany poczuje si\u0119 wyj\u0105tkowo!<\/p>","protected":false},"excerpt":{"rendered":"<ul class=\"check-list\">\n<li>Podkre\u015bl wa\u017cne miejsce za pomoc\u0105 wybranego symbolu<\/li>\n<li>Spersonalizuj w 3 prostych krokach<\/li>\n<li>Dodaj dedykacj\u0119 prosto z serca<\/li>\n<li>Interaktywny podgl\u0105d pozwoli dopracowa\u0107 ka\u017cdy szczeg\u00f3\u0142<\/li>\n<\/ul>\n","protected":false},"featured_media":1213569,"template":"","meta":[],"product_brand":[],"product_cat":[7626,7770,7834,7739,7658,7188,99],"product_tag":[16559],"class_list":{"0":"post-644649","1":"product","2":"type-product","3":"status-publish","4":"has-post-thumbnail","6":"product_cat-prezent-dla-brata","7":"product_cat-prezent-dla-corki","8":"product_cat-prezent-dla-przyjaciol","9":"product_cat-prezent-dla-siostry","10":"product_cat-prezent-dla-syna","11":"product_cat-map-pl","12":"product_cat-wszystkie-produkty","13":"product_tag-przeprowadzka","15":"first","16":"instock","17":"sale","18":"taxable","19":"shipping-taxable","20":"purchasable","21":"product-type-variable"},"yoast_head":"<!-- This site is optimized with the Yoast SEO Premium plugin v27.2 (Yoast SEO v27.2) - https:\/\/yoast.com\/product\/yoast-seo-premium-wordpress\/ -->\n<title>Mapa na Po\u017cegnanie przed Wyjazdem - Positive Prints<\/title>\n<meta name=\"description\" content=\"Szukasz wyj\u0105tkowego i przemy\u015blanego prezentu dla kogo\u015b wyj\u0105tkowego w Twoim \u017cyciu? Podaruj im Map\u0119 na Po\u017cegnanie przed Wyjazdem!\" \/>\n<meta name=\"robots\" content=\"index, follow, max-snippet:-1, max-image-preview:large, max-video-preview:-1\" \/>\n<link rel=\"canonical\" href=\"https:\/\/positiveprints.com\/pl\/produkt\/mapa-na-pozegnanie-przed-wyjazdem\/\" \/>\n<meta property=\"og:locale\" content=\"pl_PL\" \/>\n<meta property=\"og:type\" content=\"article\" \/>\n<meta property=\"og:title\" content=\"Mapa na Po\u017cegnanie przed Wyjazdem\" \/>\n<meta property=\"og:description\" content=\"Podkre\u015bl wa\u017cne miejsce za pomoc\u0105 wybranego symbolu  Spersonalizuj w 3 prostych krokach  Dodaj dedykacj\u0119 prosto z serca  Interaktywny podgl\u0105d pozwoli dopracowa\u0107 ka\u017cdy szczeg\u00f3\u0142\" \/>\n<meta property=\"og:url\" content=\"https:\/\/positiveprints.com\/pl\/produkt\/mapa-na-pozegnanie-przed-wyjazdem\/\" \/>\n<meta property=\"og:site_name\" content=\"Positive Prints\" \/>\n<meta property=\"article:publisher\" content=\"https:\/\/www.facebook.com\/positiveprintscom\" \/>\n<meta property=\"article:modified_time\" content=\"2026-04-28T13:27:10+00:00\" \/>\n<meta property=\"og:image\" content=\"https:\/\/positiveprints.com\/wp-content\/uploads\/2024\/10\/Packshot_PL_moving-away-map-product-image.webp\" \/>\n\t<meta property=\"og:image:width\" content=\"1450\" \/>\n\t<meta property=\"og:image:height\" content=\"1450\" \/>\n\t<meta property=\"og:image:type\" content=\"image\/webp\" \/>\n<meta name=\"twitter:card\" content=\"summary_large_image\" \/>\n<!-- \/ Yoast SEO Premium plugin. -->","yoast_head_json":{"title":"Mapa na Po\u017cegnanie przed Wyjazdem - Positive Prints","description":"Szukasz wyj\u0105tkowego i przemy\u015blanego prezentu dla kogo\u015b wyj\u0105tkowego w Twoim \u017cyciu? Podaruj im Map\u0119 na Po\u017cegnanie przed Wyjazdem!","robots":{"index":"index","follow":"follow","max-snippet":"max-snippet:-1","max-image-preview":"max-image-preview:large","max-video-preview":"max-video-preview:-1"},"canonical":"https:\/\/positiveprints.com\/pl\/produkt\/mapa-na-pozegnanie-przed-wyjazdem\/","og_locale":"pl_PL","og_type":"article","og_title":"Mapa na Po\u017cegnanie przed Wyjazdem","og_description":"Podkre\u015bl wa\u017cne miejsce za pomoc\u0105 wybranego symbolu  Spersonalizuj w 3 prostych krokach  Dodaj dedykacj\u0119 prosto z serca  Interaktywny podgl\u0105d pozwoli dopracowa\u0107 ka\u017cdy szczeg\u00f3\u0142","og_url":"https:\/\/positiveprints.com\/pl\/produkt\/mapa-na-pozegnanie-przed-wyjazdem\/","og_site_name":"Positive Prints","article_publisher":"https:\/\/www.facebook.com\/positiveprintscom","article_modified_time":"2026-04-28T13:27:10+00:00","og_image":[{"width":1450,"height":1450,"url":"https:\/\/positiveprints.com\/wp-content\/uploads\/2024\/10\/Packshot_PL_moving-away-map-product-image.webp","type":"image\/webp"}],"twitter_card":"summary_large_image","schema":{"@context":"https:\/\/schema.org","@graph":[{"@type":["WebPage","ItemPage"],"@id":"https:\/\/positiveprints.com\/pl\/produkt\/mapa-na-pozegnanie-przed-wyjazdem\/","url":"https:\/\/positiveprints.com\/pl\/produkt\/mapa-na-pozegnanie-przed-wyjazdem\/","name":"Mapa na Po\u017cegnanie przed Wyjazdem - Positive Prints","isPartOf":{"@id":"https:\/\/positiveprints.com\/pl\/#website"},"primaryImageOfPage":{"@id":"https:\/\/positiveprints.com\/pl\/produkt\/mapa-na-pozegnanie-przed-wyjazdem\/#primaryimage"},"image":{"@id":"https:\/\/positiveprints.com\/pl\/produkt\/mapa-na-pozegnanie-przed-wyjazdem\/#primaryimage"},"thumbnailUrl":"https:\/\/positiveprints.com\/wp-content\/uploads\/2024\/10\/Packshot_PL_moving-away-map-product-image.webp","datePublished":"2023-03-10T12:15:20+00:00","dateModified":"2026-04-28T13:27:10+00:00","description":"Szukasz wyj\u0105tkowego i przemy\u015blanego prezentu dla kogo\u015b wyj\u0105tkowego w Twoim \u017cyciu? Podaruj im Map\u0119 na Po\u017cegnanie przed Wyjazdem!","breadcrumb":{"@id":"https:\/\/positiveprints.com\/pl\/produkt\/mapa-na-pozegnanie-przed-wyjazdem\/#breadcrumb"},"inLanguage":"pl-PL","potentialAction":[{"@type":"ReadAction","target":["https:\/\/positiveprints.com\/pl\/produkt\/mapa-na-pozegnanie-przed-wyjazdem\/"]}]},{"@type":"ImageObject","inLanguage":"pl-PL","@id":"https:\/\/positiveprints.com\/pl\/produkt\/mapa-na-pozegnanie-przed-wyjazdem\/#primaryimage","url":"https:\/\/positiveprints.com\/wp-content\/uploads\/2024\/10\/Packshot_PL_moving-away-map-product-image.webp","contentUrl":"https:\/\/positiveprints.com\/wp-content\/uploads\/2024\/10\/Packshot_PL_moving-away-map-product-image.webp","width":1450,"height":1450},{"@type":"BreadcrumbList","@id":"https:\/\/positiveprints.com\/pl\/produkt\/mapa-na-pozegnanie-przed-wyjazdem\/#breadcrumb","itemListElement":[{"@type":"ListItem","position":1,"name":"Home","item":"https:\/\/positiveprints.com\/pl\/"},{"@type":"ListItem","position":2,"name":"Produkty","item":"https:\/\/positiveprints.com\/pl\/shop\/"},{"@type":"ListItem","position":3,"name":"Mapa na Po\u017cegnanie przed Wyjazdem"}]},{"@type":"WebSite","@id":"https:\/\/positiveprints.com\/pl\/#website","url":"https:\/\/positiveprints.com\/pl\/","name":"Positive Prints","description":"Amazing Custom Personalized Gifts","publisher":{"@id":"https:\/\/positiveprints.com\/pl\/#organization"},"potentialAction":[{"@type":"SearchAction","target":{"@type":"EntryPoint","urlTemplate":"https:\/\/positiveprints.com\/pl\/?s={search_term_string}"},"query-input":{"@type":"PropertyValueSpecification","valueRequired":true,"valueName":"search_term_string"}}],"inLanguage":"pl-PL"},{"@type":"Organization","@id":"https:\/\/positiveprints.com\/pl\/#organization","name":"Positive Prints","alternateName":"Positive Prints","url":"https:\/\/positiveprints.com\/pl\/","logo":{"@type":"ImageObject","inLanguage":"pl-PL","@id":"https:\/\/positiveprints.com\/pl\/#\/schema\/logo\/image\/","url":"https:\/\/positiveprints.com\/wp-content\/uploads\/2026\/03\/245815646_1337939713319158_5671353136411139666_n.png","contentUrl":"https:\/\/positiveprints.com\/wp-content\/uploads\/2026\/03\/245815646_1337939713319158_5671353136411139666_n.png","width":800,"height":800,"caption":"Positive Prints"},"image":{"@id":"https:\/\/positiveprints.com\/pl\/#\/schema\/logo\/image\/"},"sameAs":["https:\/\/www.facebook.com\/positiveprintscom","https:\/\/www.instagram.com\/positiveprintscom\/","https:\/\/www.tiktok.com\/@positiveprintscom","https:\/\/www.pinterest.com\/positiveprintscom\/"]}]}},"jetpack_sharing_enabled":true,"_links":{"self":[{"href":"https:\/\/positiveprints.com\/pl\/wp-json\/wp\/v2\/product\/644649","targetHints":{"allow":["GET"]}}],"collection":[{"href":"https:\/\/positiveprints.com\/pl\/wp-json\/wp\/v2\/product"}],"about":[{"href":"https:\/\/positiveprints.com\/pl\/wp-json\/wp\/v2\/types\/product"}],"wp:featuredmedia":[{"embeddable":true,"href":"https:\/\/positiveprints.com\/pl\/wp-json\/wp\/v2\/media\/1213569"}],"wp:attachment":[{"href":"https:\/\/positiveprints.com\/pl\/wp-json\/wp\/v2\/media?parent=644649"}],"wp:term":[{"taxonomy":"product_brand","embeddable":true,"href":"https:\/\/positiveprints.com\/pl\/wp-json\/wp\/v2\/product_brand?post=644649"},{"taxonomy":"product_cat","embeddable":true,"href":"https:\/\/positiveprints.com\/pl\/wp-json\/wp\/v2\/product_cat?post=644649"},{"taxonomy":"product_tag","embeddable":true,"href":"https:\/\/positiveprints.com\/pl\/wp-json\/wp\/v2\/product_tag?post=644649"}],"curies":[{"name":"wp","href":"https:\/\/api.w.org\/{rel}","templated":true}]}}