{"id":644631,"date":"2023-03-09T09:11:06","date_gmt":"2023-03-09T08:11:06","guid":{"rendered":"https:\/\/positiveprints.com\/?post_type=product&#038;p=644631"},"modified":"2026-04-18T06:07:57","modified_gmt":"2026-04-18T05:07:57","slug":"nasz-nowy-dom","status":"publish","type":"product","link":"https:\/\/positiveprints.com\/pl\/produkt\/nasz-nowy-dom\/","title":{"rendered":"Nasz Nowy Dom"},"content":{"rendered":"<p style=\"margin-top: 1rem\">Przeprowadzka do nowego domu to ekscytuj\u0105cy kamie\u0144 milowy dla ka\u017cdej rodziny, co sprawia, \u017ce jest to idealna okazja, aby da\u0107 im niezapomniany i przemy\u015blany prezent. Je\u015bli szukasz czego\u015b wyj\u0105tkowego, mamy co\u015b dla Ciebie &#8211; Nasz Nowy Dom spersonalizowany wydruk, kt\u00f3ry pokazuje dok\u0142adn\u0105 lokalizacj\u0119 nowego domu lub innego znacz\u0105cego miejsca. T\u0119 pi\u0119kn\u0105 pami\u0105tk\u0119 mo\u017cna dostosowa\u0107 za pomoc\u0105 r\u00f3\u017cnych kolor\u00f3w i tekstu, aby uczyni\u0107 j\u0105 wyj\u0105tkow\u0105 i jedyn\u0105 w swoim rodzaju. To idealny prezent na parapet\u00f3wk\u0119, kt\u00f3ry b\u0119dzie ceniony przez wiele lat! Czytaj dalej, aby dowiedzie\u0107 si\u0119 wi\u0119cej o tym kreatywnym pomy\u015ble.<\/p>\r\n\r\n\r\n\r\n\r\n<h2 class=\"grenB f24 cblue\" style=\"margin-top: 3rem\">Czym jest Spersonalizowany Plakat &#8211; Nasz Nowy Dom<\/h2>\r\n\r\n\r\n\r\n<p style=\"margin-top: 1rem\">Przedstawiamy doskona\u0142y spos\u00f3b na \u015bwi\u0119towanie nowego domu ukochanej osoby \u2014 Nasz Nowy Dom spersonalizowany plakat mapy! To spersonalizowane dzie\u0142o sztuki to pi\u0119kny i niepowtarzalny spos\u00f3b na upami\u0119tnienie specjalnej okazji.<\/p>\r\n\r\n<p style=\"margin-top: 1rem\">Dostosuj sw\u00f3j plakat, wybieraj\u0105c spo\u015br\u00f3d wielu styl\u00f3w i kolor\u00f3w pasuj\u0105cych do ka\u017cdego wystroju. Dodaj osobisty tekst, aby by\u0142 naprawd\u0119 jedyny w swoim rodzaju, na przyk\u0142ad \u201eNasz pierwszy dom\u201d lub \u201eDom rodziny Nowak\u00f3w\u201d.<\/p>\r\n\r\n<p style=\"margin-top: 1rem\">Uczcij ten ekscytuj\u0105cy kamie\u0144 milowy wyj\u0105tkowym dzie\u0142em sztuki, kt\u00f3re oddaje istot\u0119 ich nowego domu. Nasz Nowy Dom &#8211; spersonalizowany plakat to doskona\u0142y prezent na parapet\u00f3wk\u0119 lub dodatek do kolekcji ka\u017cdej rodziny.<\/p>\r\n\r\n\r\n\r\n<h2 class=\"grenB f24 cblue\" style=\"margin-top: 3rem\">Jak spersonalizowa\u0107 Plakat Nasz Nowy Dom?<\/h2>\r\n\r\n<p style=\"margin-top: 1rem\">Aby rozpocz\u0105\u0107, wybierz \u017c\u0105dany styl i kolory mapy. Podaj dok\u0142adn\u0105 lokalizacj\u0119 nowego domu. Mo\u017cesz u\u017cy\u0107 adresu, a nawet wyszuka\u0107 okre\u015blon\u0105 lokalizacj\u0119 na mapie. W tym momencie b\u0119dziesz mie\u0107 r\u00f3wnie\u017c mo\u017cliwo\u015b\u0107 powi\u0119kszenia lub pomniejszenia, aby uzyska\u0107 lepszy widok.<\/p>\r\n\r\n<p style=\"margin-top: 1rem\">Dodaj sw\u00f3j w\u0142asny tekst, kt\u00f3ry chcesz umie\u015bci\u0107 na mapie. Mo\u017ce to by\u0107 co\u015b w rodzaju \u201eNasz pierwszy dom\u201d lub \u201eDom rodziny Kowalskich\u201d.&#8221;<\/p>\r\n\r\n<p style=\"margin-top: 1rem\">Wybierz format i rozmiar swojego plakatu. Mo\u017cesz wybra\u0107 spo\u015br\u00f3d wydruk\u00f3w na p\u0142\u00f3tnie, plakat\u00f3w oprawionych i zwyk\u0142ych w r\u00f3\u017cnych rozmiarach. Masz mo\u017cliwo\u015b\u0107 zobaczenia podgl\u0105du produktu ko\u0144cowego przed z\u0142o\u017ceniem zam\u00f3wienia, dzi\u0119ki czemu mo\u017cesz dok\u0142adnie zobaczy\u0107, jak b\u0119dzie wygl\u0105da\u0107 Tw\u00f3j spersonalizowany plakat, zanim zostanie wydrukowany i wys\u0142any.<\/p>\r\n\r\n<p style=\"margin-top: 1rem\">Og\u00f3lnie rzecz bior\u0105c, stworzenie spersonalizowanej mapy &#8211; Nasz Nowy Dom to przyjemny i \u0142atwy proces, kt\u00f3ry pozwala stworzy\u0107 wyj\u0105tkowe dzie\u0142o sztuki upami\u0119tniaj\u0105ce nowy dom ukochanej osoby. Dzi\u0119ki tak wielu dost\u0119pnym opcjom dostosowywania mo\u017cesz naprawd\u0119 uczyni\u0107 go jedynym w swoim rodzaju!<\/p>\r\n\r\n\r\n\r\n<h2 class=\"grenB f24 cblue\" style=\"margin-top: 3rem\">Co sprawia, \u017ce Spersonalizowana Mapa &#8211; Nasz Nowy Dom jest idealnym prezentem na parapet\u00f3wk\u0119?<\/h2>\r\n\r\n<p style=\"margin-top: 1rem\">Spersonalizowana Mapa &#8211; Nasz Nowy Dom to przemy\u015blany i osobisty prezent, kt\u00f3ry pokazuje, \u017ce w\u0142o\u017cy\u0142e\u015b troch\u0119 wysi\u0142ku w znalezienie czego\u015b specjalnego dla nowych w\u0142a\u015bcicieli domu To nie jest zwyk\u0142y prezent, taki jak \u015bwieca czy ramka na zdj\u0119cie. Ponadto, poniewa\u017c mo\u017cna go spersonalizowa\u0107 zgodnie z ich adresem, b\u0119dzie pi\u0119knym przypomnieniem ich nowego domu i wszystkich wspomnie\u0144, kt\u00f3re tam stworz\u0105. Mapa jest r\u00f3wnie\u017c dost\u0119pna w kilku r\u00f3\u017cnych formatach, aby dopasowa\u0107 j\u0105 do ka\u017cdego bud\u017cetu lub preferencji stylistycznych. Wszystkie te powody sprawiaj\u0105, \u017ce jest to idealny prezent na parapet\u00f3wk\u0119!<\/p>\r\n\r\n\r\n\r\n<p style=\"margin-top: 1rem\">Je\u015bli szukasz wyj\u0105tkowego i znacz\u0105cego prezentu na parapet\u00f3wk\u0119, nie szukaj dalej! Mapa Nasz Nowy Dom to plakat spersonalizowany pod adres nowego w\u0142a\u015bciciela domu, co czyni go naprawd\u0119 wyj\u0105tkowym. Podaruj co\u015b, co b\u0119dzie cenione na zawsze dzi\u0119ki temu kreatywnemu i wyj\u0105tkowemu prezentowi na parapet\u00f3wk\u0119!<\/p>","protected":false},"excerpt":{"rendered":"<ul class=\"check-list\">\n<li>Podkre\u015bl wa\u017cne miejsce za pomoc\u0105 wybranego symbolu<\/li>\n<li>Spersonalizuj w 3 prostych krokach<\/li>\n<li>Dodaj dedykacj\u0119 prosto z serca<\/li>\n<li>Interaktywny podgl\u0105d pozwoli dopracowa\u0107 ka\u017cdy szczeg\u00f3\u0142<\/li>\n<\/ul>\n","protected":false},"featured_media":1213657,"template":"","meta":[],"product_brand":[],"product_cat":[9279,7690,8010,7818,7850,7188,5296,99],"product_tag":[14955],"class_list":{"0":"post-644631","1":"product","2":"type-product","3":"status-publish","4":"has-post-thumbnail","6":"product_cat-bestsellers-label-pl","7":"product_cat-prezent-dla-kobiety","8":"product_cat-prezent-dla-mezczyzny","9":"product_cat-prezent-dla-mlodych-rodzicow","10":"product_cat-prezent-dla-rodziny","11":"product_cat-map-pl","12":"product_cat-prezent-na-parapetowke","13":"product_cat-wszystkie-produkty","14":"product_tag-housewarming-pl-2","16":"first","17":"instock","18":"sale","19":"taxable","20":"shipping-taxable","21":"purchasable","22":"product-type-variable"},"yoast_head":"<!-- This site is optimized with the Yoast SEO Premium plugin v27.2 (Yoast SEO v27.2) - https:\/\/yoast.com\/product\/yoast-seo-premium-wordpress\/ -->\n<title>Nasz Nowy Dom - Positive Prints<\/title>\n<meta name=\"description\" content=\"Je\u015bli szukasz wyj\u0105tkowego i znacz\u0105cego prezentu na parapet\u00f3wk\u0119, mamy co\u015b dla Ciebie! Mapa Nasz Nowy Dom to spersonalizowany plakat przedstawiaj\u0105cy adres nowego w\u0142a\u015bciciela domu.\" \/>\n<meta name=\"robots\" content=\"index, follow, max-snippet:-1, max-image-preview:large, max-video-preview:-1\" \/>\n<link rel=\"canonical\" href=\"https:\/\/positiveprints.com\/pl\/produkt\/nasz-nowy-dom\/\" \/>\n<meta property=\"og:locale\" content=\"pl_PL\" \/>\n<meta property=\"og:type\" content=\"article\" \/>\n<meta property=\"og:title\" content=\"Nasz Nowy Dom\" \/>\n<meta property=\"og:description\" content=\"Podkre\u015bl wa\u017cne miejsce za pomoc\u0105 wybranego symbolu  Spersonalizuj w 3 prostych krokach  Dodaj dedykacj\u0119 prosto z serca  Interaktywny podgl\u0105d pozwoli dopracowa\u0107 ka\u017cdy szczeg\u00f3\u0142\" \/>\n<meta property=\"og:url\" content=\"https:\/\/positiveprints.com\/pl\/produkt\/nasz-nowy-dom\/\" \/>\n<meta property=\"og:site_name\" content=\"Positive Prints\" \/>\n<meta property=\"article:publisher\" content=\"https:\/\/www.facebook.com\/positiveprintscom\" \/>\n<meta property=\"article:modified_time\" content=\"2026-04-18T05:07:57+00:00\" \/>\n<meta property=\"og:image\" content=\"https:\/\/positiveprints.com\/wp-content\/uploads\/2024\/10\/Packshot_PL_new-home-map-product-image.webp\" \/>\n\t<meta property=\"og:image:width\" content=\"1450\" \/>\n\t<meta property=\"og:image:height\" content=\"1450\" \/>\n\t<meta property=\"og:image:type\" content=\"image\/webp\" \/>\n<meta name=\"twitter:card\" content=\"summary_large_image\" \/>\n<meta name=\"twitter:label1\" content=\"Szacowany czas czytania\" \/>\n\t<meta name=\"twitter:data1\" content=\"3 minuty\" \/>\n<!-- \/ Yoast SEO Premium plugin. -->","yoast_head_json":{"title":"Nasz Nowy Dom - Positive Prints","description":"Je\u015bli szukasz wyj\u0105tkowego i znacz\u0105cego prezentu na parapet\u00f3wk\u0119, mamy co\u015b dla Ciebie! Mapa Nasz Nowy Dom to spersonalizowany plakat przedstawiaj\u0105cy adres nowego w\u0142a\u015bciciela domu.","robots":{"index":"index","follow":"follow","max-snippet":"max-snippet:-1","max-image-preview":"max-image-preview:large","max-video-preview":"max-video-preview:-1"},"canonical":"https:\/\/positiveprints.com\/pl\/produkt\/nasz-nowy-dom\/","og_locale":"pl_PL","og_type":"article","og_title":"Nasz Nowy Dom","og_description":"Podkre\u015bl wa\u017cne miejsce za pomoc\u0105 wybranego symbolu  Spersonalizuj w 3 prostych krokach  Dodaj dedykacj\u0119 prosto z serca  Interaktywny podgl\u0105d pozwoli dopracowa\u0107 ka\u017cdy szczeg\u00f3\u0142","og_url":"https:\/\/positiveprints.com\/pl\/produkt\/nasz-nowy-dom\/","og_site_name":"Positive Prints","article_publisher":"https:\/\/www.facebook.com\/positiveprintscom","article_modified_time":"2026-04-18T05:07:57+00:00","og_image":[{"width":1450,"height":1450,"url":"https:\/\/positiveprints.com\/wp-content\/uploads\/2024\/10\/Packshot_PL_new-home-map-product-image.webp","type":"image\/webp"}],"twitter_card":"summary_large_image","twitter_misc":{"Szacowany czas czytania":"3 minuty"},"schema":{"@context":"https:\/\/schema.org","@graph":[{"@type":["WebPage","ItemPage"],"@id":"https:\/\/positiveprints.com\/pl\/produkt\/nasz-nowy-dom\/","url":"https:\/\/positiveprints.com\/pl\/produkt\/nasz-nowy-dom\/","name":"Nasz Nowy Dom - Positive Prints","isPartOf":{"@id":"https:\/\/positiveprints.com\/pl\/#website"},"primaryImageOfPage":{"@id":"https:\/\/positiveprints.com\/pl\/produkt\/nasz-nowy-dom\/#primaryimage"},"image":{"@id":"https:\/\/positiveprints.com\/pl\/produkt\/nasz-nowy-dom\/#primaryimage"},"thumbnailUrl":"https:\/\/positiveprints.com\/wp-content\/uploads\/2024\/10\/Packshot_PL_new-home-map-product-image.webp","datePublished":"2023-03-09T08:11:06+00:00","dateModified":"2026-04-18T05:07:57+00:00","description":"Je\u015bli szukasz wyj\u0105tkowego i znacz\u0105cego prezentu na parapet\u00f3wk\u0119, mamy co\u015b dla Ciebie! Mapa Nasz Nowy Dom to spersonalizowany plakat przedstawiaj\u0105cy adres nowego w\u0142a\u015bciciela domu.","breadcrumb":{"@id":"https:\/\/positiveprints.com\/pl\/produkt\/nasz-nowy-dom\/#breadcrumb"},"inLanguage":"pl-PL","potentialAction":[{"@type":"ReadAction","target":["https:\/\/positiveprints.com\/pl\/produkt\/nasz-nowy-dom\/"]}]},{"@type":"ImageObject","inLanguage":"pl-PL","@id":"https:\/\/positiveprints.com\/pl\/produkt\/nasz-nowy-dom\/#primaryimage","url":"https:\/\/positiveprints.com\/wp-content\/uploads\/2024\/10\/Packshot_PL_new-home-map-product-image.webp","contentUrl":"https:\/\/positiveprints.com\/wp-content\/uploads\/2024\/10\/Packshot_PL_new-home-map-product-image.webp","width":1450,"height":1450},{"@type":"BreadcrumbList","@id":"https:\/\/positiveprints.com\/pl\/produkt\/nasz-nowy-dom\/#breadcrumb","itemListElement":[{"@type":"ListItem","position":1,"name":"Home","item":"https:\/\/positiveprints.com\/pl\/"},{"@type":"ListItem","position":2,"name":"Produkty","item":"https:\/\/positiveprints.com\/pl\/shop\/"},{"@type":"ListItem","position":3,"name":"Nasz Nowy Dom"}]},{"@type":"WebSite","@id":"https:\/\/positiveprints.com\/pl\/#website","url":"https:\/\/positiveprints.com\/pl\/","name":"Positive Prints","description":"Amazing Custom Personalized Gifts","publisher":{"@id":"https:\/\/positiveprints.com\/pl\/#organization"},"potentialAction":[{"@type":"SearchAction","target":{"@type":"EntryPoint","urlTemplate":"https:\/\/positiveprints.com\/pl\/?s={search_term_string}"},"query-input":{"@type":"PropertyValueSpecification","valueRequired":true,"valueName":"search_term_string"}}],"inLanguage":"pl-PL"},{"@type":"Organization","@id":"https:\/\/positiveprints.com\/pl\/#organization","name":"Positive Prints","alternateName":"Positive Prints","url":"https:\/\/positiveprints.com\/pl\/","logo":{"@type":"ImageObject","inLanguage":"pl-PL","@id":"https:\/\/positiveprints.com\/pl\/#\/schema\/logo\/image\/","url":"https:\/\/positiveprints.com\/wp-content\/uploads\/2026\/03\/245815646_1337939713319158_5671353136411139666_n.png","contentUrl":"https:\/\/positiveprints.com\/wp-content\/uploads\/2026\/03\/245815646_1337939713319158_5671353136411139666_n.png","width":800,"height":800,"caption":"Positive Prints"},"image":{"@id":"https:\/\/positiveprints.com\/pl\/#\/schema\/logo\/image\/"},"sameAs":["https:\/\/www.facebook.com\/positiveprintscom","https:\/\/www.instagram.com\/positiveprintscom\/","https:\/\/www.tiktok.com\/@positiveprintscom","https:\/\/www.pinterest.com\/positiveprintscom\/"]}]}},"jetpack_sharing_enabled":true,"_links":{"self":[{"href":"https:\/\/positiveprints.com\/pl\/wp-json\/wp\/v2\/product\/644631","targetHints":{"allow":["GET"]}}],"collection":[{"href":"https:\/\/positiveprints.com\/pl\/wp-json\/wp\/v2\/product"}],"about":[{"href":"https:\/\/positiveprints.com\/pl\/wp-json\/wp\/v2\/types\/product"}],"wp:featuredmedia":[{"embeddable":true,"href":"https:\/\/positiveprints.com\/pl\/wp-json\/wp\/v2\/media\/1213657"}],"wp:attachment":[{"href":"https:\/\/positiveprints.com\/pl\/wp-json\/wp\/v2\/media?parent=644631"}],"wp:term":[{"taxonomy":"product_brand","embeddable":true,"href":"https:\/\/positiveprints.com\/pl\/wp-json\/wp\/v2\/product_brand?post=644631"},{"taxonomy":"product_cat","embeddable":true,"href":"https:\/\/positiveprints.com\/pl\/wp-json\/wp\/v2\/product_cat?post=644631"},{"taxonomy":"product_tag","embeddable":true,"href":"https:\/\/positiveprints.com\/pl\/wp-json\/wp\/v2\/product_tag?post=644631"}],"curies":[{"name":"wp","href":"https:\/\/api.w.org\/{rel}","templated":true}]}}