{"id":644623,"date":"2023-02-24T14:16:34","date_gmt":"2023-07-27T11:29:54","guid":{"rendered":"https:\/\/positiveprints.com\/?post_type=product&#038;p=644623"},"modified":"2026-04-03T03:20:57","modified_gmt":"2026-04-03T02:20:57","slug":"nasze-pierwsze-spotkanie-okragla-mapa","status":"publish","type":"product","link":"https:\/\/positiveprints.com\/pl\/produkt\/nasze-pierwsze-spotkanie-okragla-mapa\/","title":{"rendered":"Nasze Pierwsze Spotkanie Okr\u0105g\u0142a Mapa"},"content":{"rendered":"<p style=\"margin-top: 1rem\">Szukasz czego\u015b wyj\u0105tkowego, co mo\u017cesz podarowa\u0107 swojej drugiej po\u0142\u00f3wce? Mamy co\u015b dla Ciebie &#8211; Nasze Pierwsze Spotkanie Okr\u0105g\u0142a Mapa! Ten spersonalizowany plakat to wyj\u0105tkowy i przemy\u015blany prezent, kt\u00f3ry s\u0142u\u017cy jako pi\u0119kne przypomnienie cennych wspomnie\u0144 dzielonych przez dwie osoby. Okr\u0105g\u0142y kszta\u0142t dodaje elegancji i wyrafinowania ka\u017cdemu pomieszczeniu, sprawiaj\u0105c, \u017ce wyr\u00f3\u017cnia si\u0119 jako wyrazisty element wystroju.<\/p>\r\n\r\n\r\n\r\n<h2 class=\"grenB f24 cblue\" style=\"margin-top: 3rem\">Czym jest Nasze Pierwsze Spotkanie Okr\u0105g\u0142a Mapa<\/h2>\r\n\r\n<p style=\"margin-top: 1rem\">Nasze Pierwsze Spotkanie Okr\u0105g\u0142a Mapa to odmiana mapy &#8220;Nasze Pierwsze Spotkanie&#8221;, kt\u00f3ra ma okr\u0105g\u0142y design. Ten spersonalizowany plakat jest idealny dla tych, kt\u00f3rzy preferuj\u0105 bardziej nowoczesny i elegancki wygl\u0105d wystroju domu. Pokazuje miejsce, w kt\u00f3rym dwoje ludzi spotka\u0142o si\u0119 po raz pierwszy w wyj\u0105tkowy i przyci\u0105gaj\u0105cy wzrok spos\u00f3b, z okr\u0105g\u0142ym kszta\u0142tem, kt\u00f3ry zwraca uwag\u0119 na specjalne miejsce.<\/p>\r\n\r\n\r\n\r\n<p style=\"margin-top: 1rem\">Nasze Pierwsze Spotkanie Okr\u0105g\u0142a Mapa to idealny prezent na \u015blub, rocznic\u0119 lub jako przemy\u015blany gest dla kogo\u015b wyj\u0105tkowego. Mo\u017cna go dostosowa\u0107 za pomoc\u0105 r\u00f3\u017cnych schemat\u00f3w kolor\u00f3w i styl\u00f3w, dzi\u0119ki czemu idealnie pasuje do ka\u017cdego wystroju domu. Jest r\u00f3wnie\u017c dost\u0119pny w r\u00f3\u017cnych rozmiarach, dzi\u0119ki czemu mo\u017cna \u0142atwo znale\u017a\u0107 idealne dopasowanie do ka\u017cdej przestrzeni.<\/p>\r\n\r\n\r\n\r\n<p style=\"margin-top: 1rem\">Nasze wydruki map w ciekawy i interesuj\u0105cy spos\u00f3b przedstawiaj\u0105 wybrane przez Ciebie miejsce  i s\u0142u\u017c\u0105 jako pi\u0119kne przypomnienie cennych wspomnie\u0144, kt\u00f3re dziel\u0105 dwie osoby.<\/p>\r\n\r\n\r\n\r\n<h2 class=\"grenB f24 cblue\" style=\"margin-top: 3rem\">Wyj\u0105tkowy i Przemy\u015blany Prezent<\/h2>\r\n\r\n<p style=\"margin-top: 1rem\">Je\u015bli szukasz prezentu, kt\u00f3ry b\u0119dzie zar\u00f3wno sentymentalny, jak i zachwycaj\u0105cy wizualnie, to nasz spersonalizowany wydruk to doskona\u0142y wyb\u00f3r. Z pewno\u015bci\u0105 zostanie doceniony przez ka\u017cdego, kto go otrzyma i b\u0119dzie s\u0142u\u017cy\u0142 jako cenna pami\u0105tka na wiele lat. Niezale\u017cnie od tego, czy \u015bwi\u0119tujesz kamie\u0144 milowy w swoim zwi\u0105zku, czy po prostu chcesz pokaza\u0107 komu\u015b, ile dla ciebie znaczy, Nasze Pierwsze Spotkanie Okr\u0105g\u0142a Mapa to doskona\u0142y spos\u00f3b, aby to zrobi\u0107.<\/p>\r\n\r\n\r\n\r\n\r\n<p style=\"margin-top: 3rem\">Podaruj wyj\u0105tkowej osobie w swoim \u017cyciu prezent, kt\u00f3ry jest zar\u00f3wno znacz\u0105cy, jak i pi\u0119kny dzi\u0119ki Okr\u0105g\u0142ej Mapie &#8211; Nasze Pierwsze Spotkanie. Ten spersonalizowany plakat z pewno\u015bci\u0105 b\u0119dzie ceniony przez wiele lat, wi\u0119c nie czekaj i stworzy\u0107 sw\u00f3j ju\u017c dzi\u015b! Dzi\u0119ki opcjom spersonalizowania jest to doskona\u0142y spos\u00f3b na wsp\u00f3lne upami\u0119tnienie Waszej historii. Wi\u0119c na co czeka\u0107 \u2014 poka\u017c ukochanej osobie, ile dla Ciebie znaczy, dzi\u0119ki Okr\u0105g\u0142ej Mapie &#8211; Nasze Pierwsze Spotkanie!<\/p>","protected":false},"excerpt":{"rendered":"<ul class=\"check-list\">\n<li>Celebruj dzie\u0144, w kt\u00f3rym spotkali\u015bcie si\u0119 po raz pierwszy dzi\u0119ki personalizowanej mapie miejsca<\/li>\n<li>Podkre\u015bl wa\u017cne miejsce za pomoc\u0105 wybranego symbolu<\/li>\n<li>Spersonalizuj w 3 prostych krokach<\/li>\n<li>Dodaj dedykacj\u0119 prosto z serca<\/li>\n<li>Interaktywny podgl\u0105d pozwoli dopracowa\u0107 ka\u017cdy szczeg\u00f3\u0142<\/li>\n<\/ul>\n","protected":false},"featured_media":1478502,"template":"","meta":[],"product_brand":[],"product_cat":[7690,8010,7188,99],"product_tag":[8772],"class_list":{"0":"post-644623","1":"product","2":"type-product","3":"status-publish","4":"has-post-thumbnail","6":"product_cat-prezent-dla-kobiety","7":"product_cat-prezent-dla-mezczyzny","8":"product_cat-map-pl","9":"product_cat-wszystkie-produkty","10":"product_tag-where-we-met-pl","12":"first","13":"instock","14":"sale","15":"taxable","16":"shipping-taxable","17":"purchasable","18":"product-type-variable"},"yoast_head":"<!-- This site is optimized with the Yoast SEO Premium plugin v27.2 (Yoast SEO v27.2) - https:\/\/yoast.com\/product\/yoast-seo-premium-wordpress\/ -->\n<title>Nasze Pierwsze Spotkanie Okr\u0105g\u0142a Mapa - Positive Prints<\/title>\n<meta name=\"description\" content=\"Nasze Pierwsze Spotkanie Okr\u0105g\u0142a Mapa to idealny prezent na \u015blub, rocznic\u0119 lub jako przemy\u015blany gest dla kogo\u015b wyj\u0105tkowego.\" \/>\n<meta name=\"robots\" content=\"index, follow, max-snippet:-1, max-image-preview:large, max-video-preview:-1\" \/>\n<link rel=\"canonical\" href=\"https:\/\/positiveprints.com\/pl\/produkt\/nasze-pierwsze-spotkanie-okragla-mapa\/\" \/>\n<meta property=\"og:locale\" content=\"pl_PL\" \/>\n<meta property=\"og:type\" content=\"article\" \/>\n<meta property=\"og:title\" content=\"Nasze Pierwsze Spotkanie Okr\u0105g\u0142a Mapa\" \/>\n<meta property=\"og:description\" content=\"Celebruj dzie\u0144, w kt\u00f3rym spotkali\u015bcie si\u0119 po raz pierwszy dzi\u0119ki personalizowanej mapie miejsca  Podkre\u015bl wa\u017cne miejsce za pomoc\u0105 wybranego symbolu  Spersonalizuj w 3 prostych krokach  Dodaj dedykacj\u0119 prosto z serca  Interaktywny podgl\u0105d pozwoli dopracowa\u0107 ka\u017cdy szczeg\u00f3\u0142\" \/>\n<meta property=\"og:url\" content=\"https:\/\/positiveprints.com\/pl\/produkt\/nasze-pierwsze-spotkanie-okragla-mapa\/\" \/>\n<meta property=\"og:site_name\" content=\"Positive Prints\" \/>\n<meta property=\"article:publisher\" content=\"https:\/\/www.facebook.com\/positiveprintscom\" \/>\n<meta property=\"article:modified_time\" content=\"2026-04-03T02:20:57+00:00\" \/>\n<meta property=\"og:image\" content=\"https:\/\/positiveprints.com\/wp-content\/uploads\/2023\/09\/Nasze-Pierwsze-Spotkanie-Okragla-Mapa.jpg\" \/>\n\t<meta property=\"og:image:width\" content=\"1080\" \/>\n\t<meta property=\"og:image:height\" content=\"1080\" \/>\n\t<meta property=\"og:image:type\" content=\"image\/jpeg\" \/>\n<meta name=\"twitter:card\" content=\"summary_large_image\" \/>\n<meta name=\"twitter:label1\" content=\"Szacowany czas czytania\" \/>\n\t<meta name=\"twitter:data1\" content=\"2 minuty\" \/>\n<!-- \/ Yoast SEO Premium plugin. -->","yoast_head_json":{"title":"Nasze Pierwsze Spotkanie Okr\u0105g\u0142a Mapa - Positive Prints","description":"Nasze Pierwsze Spotkanie Okr\u0105g\u0142a Mapa to idealny prezent na \u015blub, rocznic\u0119 lub jako przemy\u015blany gest dla kogo\u015b wyj\u0105tkowego.","robots":{"index":"index","follow":"follow","max-snippet":"max-snippet:-1","max-image-preview":"max-image-preview:large","max-video-preview":"max-video-preview:-1"},"canonical":"https:\/\/positiveprints.com\/pl\/produkt\/nasze-pierwsze-spotkanie-okragla-mapa\/","og_locale":"pl_PL","og_type":"article","og_title":"Nasze Pierwsze Spotkanie Okr\u0105g\u0142a Mapa","og_description":"Celebruj dzie\u0144, w kt\u00f3rym spotkali\u015bcie si\u0119 po raz pierwszy dzi\u0119ki personalizowanej mapie miejsca  Podkre\u015bl wa\u017cne miejsce za pomoc\u0105 wybranego symbolu  Spersonalizuj w 3 prostych krokach  Dodaj dedykacj\u0119 prosto z serca  Interaktywny podgl\u0105d pozwoli dopracowa\u0107 ka\u017cdy szczeg\u00f3\u0142","og_url":"https:\/\/positiveprints.com\/pl\/produkt\/nasze-pierwsze-spotkanie-okragla-mapa\/","og_site_name":"Positive Prints","article_publisher":"https:\/\/www.facebook.com\/positiveprintscom","article_modified_time":"2026-04-03T02:20:57+00:00","og_image":[{"width":1080,"height":1080,"url":"https:\/\/positiveprints.com\/wp-content\/uploads\/2023\/09\/Nasze-Pierwsze-Spotkanie-Okragla-Mapa.jpg","type":"image\/jpeg"}],"twitter_card":"summary_large_image","twitter_misc":{"Szacowany czas czytania":"2 minuty"},"schema":{"@context":"https:\/\/schema.org","@graph":[{"@type":["WebPage","ItemPage"],"@id":"https:\/\/positiveprints.com\/pl\/produkt\/nasze-pierwsze-spotkanie-okragla-mapa\/","url":"https:\/\/positiveprints.com\/pl\/produkt\/nasze-pierwsze-spotkanie-okragla-mapa\/","name":"Nasze Pierwsze Spotkanie Okr\u0105g\u0142a Mapa - Positive Prints","isPartOf":{"@id":"https:\/\/positiveprints.com\/pl\/#website"},"primaryImageOfPage":{"@id":"https:\/\/positiveprints.com\/pl\/produkt\/nasze-pierwsze-spotkanie-okragla-mapa\/#primaryimage"},"image":{"@id":"https:\/\/positiveprints.com\/pl\/produkt\/nasze-pierwsze-spotkanie-okragla-mapa\/#primaryimage"},"thumbnailUrl":"https:\/\/positiveprints.com\/wp-content\/uploads\/2025\/07\/Packshot_PL_Nasze-Pierwsze-Spotkanie-Okra\u0328gla-Mapa.webp","datePublished":"2023-07-27T11:29:54+00:00","dateModified":"2026-04-03T02:20:57+00:00","description":"Nasze Pierwsze Spotkanie Okr\u0105g\u0142a Mapa to idealny prezent na \u015blub, rocznic\u0119 lub jako przemy\u015blany gest dla kogo\u015b wyj\u0105tkowego.","breadcrumb":{"@id":"https:\/\/positiveprints.com\/pl\/produkt\/nasze-pierwsze-spotkanie-okragla-mapa\/#breadcrumb"},"inLanguage":"pl-PL","potentialAction":[{"@type":"ReadAction","target":["https:\/\/positiveprints.com\/pl\/produkt\/nasze-pierwsze-spotkanie-okragla-mapa\/"]}]},{"@type":"ImageObject","inLanguage":"pl-PL","@id":"https:\/\/positiveprints.com\/pl\/produkt\/nasze-pierwsze-spotkanie-okragla-mapa\/#primaryimage","url":"https:\/\/positiveprints.com\/wp-content\/uploads\/2025\/07\/Packshot_PL_Nasze-Pierwsze-Spotkanie-Okra\u0328gla-Mapa.webp","contentUrl":"https:\/\/positiveprints.com\/wp-content\/uploads\/2025\/07\/Packshot_PL_Nasze-Pierwsze-Spotkanie-Okra\u0328gla-Mapa.webp","width":1450,"height":1450},{"@type":"BreadcrumbList","@id":"https:\/\/positiveprints.com\/pl\/produkt\/nasze-pierwsze-spotkanie-okragla-mapa\/#breadcrumb","itemListElement":[{"@type":"ListItem","position":1,"name":"Home","item":"https:\/\/positiveprints.com\/pl\/"},{"@type":"ListItem","position":2,"name":"Produkty","item":"https:\/\/positiveprints.com\/pl\/shop\/"},{"@type":"ListItem","position":3,"name":"Nasze Pierwsze Spotkanie Okr\u0105g\u0142a Mapa"}]},{"@type":"WebSite","@id":"https:\/\/positiveprints.com\/pl\/#website","url":"https:\/\/positiveprints.com\/pl\/","name":"Positive Prints","description":"Amazing Custom Personalized Gifts","publisher":{"@id":"https:\/\/positiveprints.com\/pl\/#organization"},"potentialAction":[{"@type":"SearchAction","target":{"@type":"EntryPoint","urlTemplate":"https:\/\/positiveprints.com\/pl\/?s={search_term_string}"},"query-input":{"@type":"PropertyValueSpecification","valueRequired":true,"valueName":"search_term_string"}}],"inLanguage":"pl-PL"},{"@type":"Organization","@id":"https:\/\/positiveprints.com\/pl\/#organization","name":"Positive Prints","alternateName":"Positive Prints","url":"https:\/\/positiveprints.com\/pl\/","logo":{"@type":"ImageObject","inLanguage":"pl-PL","@id":"https:\/\/positiveprints.com\/pl\/#\/schema\/logo\/image\/","url":"https:\/\/positiveprints.com\/wp-content\/uploads\/2026\/03\/245815646_1337939713319158_5671353136411139666_n.png","contentUrl":"https:\/\/positiveprints.com\/wp-content\/uploads\/2026\/03\/245815646_1337939713319158_5671353136411139666_n.png","width":800,"height":800,"caption":"Positive Prints"},"image":{"@id":"https:\/\/positiveprints.com\/pl\/#\/schema\/logo\/image\/"},"sameAs":["https:\/\/www.facebook.com\/positiveprintscom","https:\/\/www.instagram.com\/positiveprintscom\/","https:\/\/www.tiktok.com\/@positiveprintscom","https:\/\/www.pinterest.com\/positiveprintscom\/"]}]}},"jetpack_sharing_enabled":true,"_links":{"self":[{"href":"https:\/\/positiveprints.com\/pl\/wp-json\/wp\/v2\/product\/644623","targetHints":{"allow":["GET"]}}],"collection":[{"href":"https:\/\/positiveprints.com\/pl\/wp-json\/wp\/v2\/product"}],"about":[{"href":"https:\/\/positiveprints.com\/pl\/wp-json\/wp\/v2\/types\/product"}],"wp:featuredmedia":[{"embeddable":true,"href":"https:\/\/positiveprints.com\/pl\/wp-json\/wp\/v2\/media\/1478502"}],"wp:attachment":[{"href":"https:\/\/positiveprints.com\/pl\/wp-json\/wp\/v2\/media?parent=644623"}],"wp:term":[{"taxonomy":"product_brand","embeddable":true,"href":"https:\/\/positiveprints.com\/pl\/wp-json\/wp\/v2\/product_brand?post=644623"},{"taxonomy":"product_cat","embeddable":true,"href":"https:\/\/positiveprints.com\/pl\/wp-json\/wp\/v2\/product_cat?post=644623"},{"taxonomy":"product_tag","embeddable":true,"href":"https:\/\/positiveprints.com\/pl\/wp-json\/wp\/v2\/product_tag?post=644623"}],"curies":[{"name":"wp","href":"https:\/\/api.w.org\/{rel}","templated":true}]}}