{"id":643684,"date":"2023-02-24T12:00:29","date_gmt":"2023-07-26T17:57:30","guid":{"rendered":"https:\/\/positiveprints.com\/?post_type=product&#038;p=643684"},"modified":"2026-04-18T06:09:36","modified_gmt":"2026-04-18T05:09:36","slug":"nasze-pierwsze-spotkanie-mapa-serce","status":"publish","type":"product","link":"https:\/\/positiveprints.com\/pl\/produkt\/nasze-pierwsze-spotkanie-mapa-serce\/","title":{"rendered":"Nasze Pierwsze Spotkanie Mapa Serce"},"content":{"rendered":"<p style=\"margin-top: 1rem\">Odkryj Nasze Pierwsze Spotkanie Mapa Serce! To wyj\u0105tkowy i znacz\u0105cy prezent na ka\u017cd\u0105 specjaln\u0105 okazj\u0119, ten spersonalizowany plakat upami\u0119tnia dok\u0142adne miejsce, w kt\u00f3rym skrzy\u017cowa\u0142y si\u0119 \u015bcie\u017cki dwojga ludzi. Zawiera map\u0119 miejsca, w kt\u00f3rym dwie osoby spotka\u0142y si\u0119 po raz pierwszy lub podzieli\u0142y si\u0119 cennymi wspomnieniami, Mapa Serca Nasze Pierwsze Spotkanie z pewno\u015bci\u0105 wywo\u0142a u\u015bmiechy na d\u0142ugie lata.<\/p>\r\n\r\n\r\n<h2 class=\"grenB f24 cblue\" style=\"margin-top: 3rem\"> Czym jest Nasze Pierwsze Spotkanie Mapa Serce?<\/h2>\r\n\r\n<p style=\"margin-top: 1rem\">Nasze Pierwsze Spotkanie Mapa Serce to spersonalizowany wydruk w kszta\u0142cie serca, kt\u00f3ra upami\u0119tnia wyj\u0105tkowe wspomnienia wsp\u00f3lne dla dwojga ludzi. Zawiera map\u0119 miejsca, w kt\u00f3rym przeci\u0119\u0142y si\u0119 \u015bcie\u017cki dw\u00f3ch ludzi, z ikon\u0105 serca oznaczaj\u0105c\u0105 dok\u0142adne miejsce. Ten wyj\u0105tkowy i znacz\u0105cy prezent jest idealny na wesela, rocznice lub jako przemy\u015blany gest dla kogo\u015b wyj\u0105tkowego. S\u0142u\u017cy nie tylko jako pi\u0119kne dzie\u0142o sztuki, ale ma r\u00f3wnie\u017c warto\u015b\u0107 sentymentaln\u0105, kt\u00f3rej nie mo\u017cna uzyska\u0107 za pomoc\u0105 zwyk\u0142ego prezentu. Mapa Serca &#8211; Nasze Pierwsze Spotkanie to z pewno\u015bci\u0105 doskona\u0142y spos\u00f3b na uczczenie cennych wspomnie\u0144.<\/p>\r\n\r\n\r\n\r\n<h2 class=\"grenB f24 cblue\" style=\"margin-top: 3rem\">Pi\u0119kne Przypomnienie Wyj\u0105tkowych Wspomnie\u0144<\/h2>\r\n\r\n<p style=\"margin-top: 1rem\">Map\u0119 Serca Nasze Pierwsze Spotkanie mo\u017cna utworzy\u0107 z r\u00f3\u017cnych powod\u00f3w. Stanowi wyj\u0105tkowy i przemy\u015blany prezent na \u015bluby, rocznice lub specjalne okazje, takie jak Walentynki. To tak\u017ce \u015bwietny spos\u00f3b na upami\u0119tnienie miejsca, w kt\u00f3rym po raz pierwszy spotka\u0142y si\u0119 dwie osoby, niezale\u017cnie od tego, czy by\u0142o to przypadkowe spotkanie, czy zaplanowane spotkanie. Mapa s\u0142u\u017cy jako pi\u0119kne przypomnienie wyj\u0105tkowych wspomnie\u0144 wsp\u00f3lnych mi\u0119dzy dwiema osobami i mo\u017ce nada\u0107 osobisty charakter ka\u017cdej przestrzeni, w kt\u00f3rej si\u0119 znajduje. Ponadto niekt\u00f3rzy ludzie po prostu lubi\u0105 mie\u0107 spersonalizowane dzie\u0142a sztuki, kt\u00f3re odzwierciedlaj\u0105 ich w\u0142asne, unikalne do\u015bwiadczenia i histori\u0119.<\/p>\r\n\r\n\r\n\r\n<h2 class=\"grenB f24 cblue\" style=\"margin-top: 3rem\">Spersonalizowane Prezenty<\/h2>\r\n\r\n<p style=\"margin-top: 1rem\">Z pewno\u015bci\u0105 jest co\u015b wyj\u0105tkowego w tworzeniu spersonalizowanych prezent\u00f3w, takich jak Nasze Pierwsze Spotkanie Mapa Serce. Tego typu upominki s\u0105 specjalnie dopasowane do odbiorcy i odzwierciedlaj\u0105 jego wyj\u0105tkowe do\u015bwiadczenia i wspomnienia. Pokazuje, \u017ce dawca prezentu po\u015bwi\u0119ci\u0142 troch\u0119 czasu, aby naprawd\u0119 pomy\u015ble\u0107 o tym, co by\u0142oby znacz\u0105ce dla osoby otrzymuj\u0105cej prezent. Nasze Pierwsze Spotkanie Mapa Serce mo\u017ce r\u00f3wnie\u017c s\u0142u\u017cy\u0107 jako pocz\u0105tek rozmowy i mo\u017ce wywo\u0142a\u0107 mi\u0142e wspomnienia lub historie z przesz\u0142o\u015bci. Og\u00f3lnie rzecz bior\u0105c, stworzenie spersonalizowanego prezentu dodaje dodatkow\u0105 warstw\u0119 troskliwo\u015bci i sentymentalizmu, kt\u00f3rej nie mo\u017cna powt\u00f3rzy\u0107 za pomoc\u0105 prezentu zakupionego ze sklepowej p\u00f3\u0142ki.<\/p>\r\n\r\n\r\n\r\n\r\n\r\n<p style=\"margin-top: 3rem\">Niezale\u017cnie od tego, czy jest to specjalna okazja, czy po prostu przemy\u015blany gest, ta wyj\u0105tkowa mapa celebruje dok\u0142adne miejsce, w kt\u00f3rym skrzy\u017cowa\u0142y si\u0119 \u015bcie\u017cki dwojga ludzi, i b\u0119dzie trwa\u0142ym przypomnieniem cennych wspomnie\u0144, kt\u00f3re dzielili mi\u0119dzy sob\u0105.<\/p>\r\n\r\n\r\n\r\n<p style=\"margin-top: 1rem\">Nasze Pierwsze Spotkanie Mapa Serce to doskona\u0142y spos\u00f3b, aby pokaza\u0107 komu\u015b, jak bardzo Ci zale\u017cy, i uczci\u0107 wyj\u0105tkowe wspomnienia. Spraw, by by\u0142 to niezapomniany prezent ju\u017c dzi\u015b!<\/p>","protected":false},"excerpt":{"rendered":"<ul class=\"check-list\">\n<li>Podkre\u015bl wa\u017cne miejsce za pomoc\u0105 wybranego symbolu<\/li>\n<li>Spersonalizuj w 3 prostych krokach<\/li>\n<li>Dodaj dedykacj\u0119 prosto z serca<\/li>\n<li>Interaktywny podgl\u0105d pozwoli dopracowa\u0107 ka\u017cdy szczeg\u00f3\u0142<\/li>\n<\/ul>\n","protected":false},"featured_media":1462685,"template":"","meta":[],"product_brand":[],"product_cat":[7690,8010,7188,99],"product_tag":[8772],"class_list":{"0":"post-643684","1":"product","2":"type-product","3":"status-publish","4":"has-post-thumbnail","6":"product_cat-prezent-dla-kobiety","7":"product_cat-prezent-dla-mezczyzny","8":"product_cat-map-pl","9":"product_cat-wszystkie-produkty","10":"product_tag-where-we-met-pl","12":"first","13":"instock","14":"sale","15":"taxable","16":"shipping-taxable","17":"purchasable","18":"product-type-variable"},"yoast_head":"<!-- This site is optimized with the Yoast SEO Premium plugin v27.2 (Yoast SEO v27.2) - https:\/\/yoast.com\/product\/yoast-seo-premium-wordpress\/ -->\n<title>Nasze Pierwsze Spotkanie Mapa Serce - Positive Prints<\/title>\n<meta name=\"robots\" content=\"index, follow, max-snippet:-1, max-image-preview:large, max-video-preview:-1\" \/>\n<link rel=\"canonical\" href=\"https:\/\/positiveprints.com\/pl\/produkt\/nasze-pierwsze-spotkanie-mapa-serce\/\" \/>\n<meta property=\"og:locale\" content=\"pl_PL\" \/>\n<meta property=\"og:type\" content=\"article\" \/>\n<meta property=\"og:title\" content=\"Nasze Pierwsze Spotkanie Mapa Serce\" \/>\n<meta property=\"og:description\" content=\"Podkre\u015bl wa\u017cne miejsce za pomoc\u0105 wybranego symbolu  Spersonalizuj w 3 prostych krokach  Dodaj dedykacj\u0119 prosto z serca  Interaktywny podgl\u0105d pozwoli dopracowa\u0107 ka\u017cdy szczeg\u00f3\u0142\" \/>\n<meta property=\"og:url\" content=\"https:\/\/positiveprints.com\/pl\/produkt\/nasze-pierwsze-spotkanie-mapa-serce\/\" \/>\n<meta property=\"og:site_name\" content=\"Positive Prints\" \/>\n<meta property=\"article:publisher\" content=\"https:\/\/www.facebook.com\/positiveprintscom\" \/>\n<meta property=\"article:modified_time\" content=\"2026-04-18T05:09:36+00:00\" \/>\n<meta property=\"og:image\" content=\"https:\/\/positiveprints.com\/wp-content\/uploads\/2025\/06\/Packshot_PL_Nasze-Pierwsze-Spotkanie-Mapa-Serce.webp\" \/>\n\t<meta property=\"og:image:width\" content=\"1450\" \/>\n\t<meta property=\"og:image:height\" content=\"1450\" \/>\n\t<meta property=\"og:image:type\" content=\"image\/webp\" \/>\n<meta name=\"twitter:card\" content=\"summary_large_image\" \/>\n<meta name=\"twitter:label1\" content=\"Szacowany czas czytania\" \/>\n\t<meta name=\"twitter:data1\" content=\"2 minuty\" \/>\n<!-- \/ Yoast SEO Premium plugin. -->","yoast_head_json":{"title":"Nasze Pierwsze Spotkanie Mapa Serce - Positive Prints","robots":{"index":"index","follow":"follow","max-snippet":"max-snippet:-1","max-image-preview":"max-image-preview:large","max-video-preview":"max-video-preview:-1"},"canonical":"https:\/\/positiveprints.com\/pl\/produkt\/nasze-pierwsze-spotkanie-mapa-serce\/","og_locale":"pl_PL","og_type":"article","og_title":"Nasze Pierwsze Spotkanie Mapa Serce","og_description":"Podkre\u015bl wa\u017cne miejsce za pomoc\u0105 wybranego symbolu  Spersonalizuj w 3 prostych krokach  Dodaj dedykacj\u0119 prosto z serca  Interaktywny podgl\u0105d pozwoli dopracowa\u0107 ka\u017cdy szczeg\u00f3\u0142","og_url":"https:\/\/positiveprints.com\/pl\/produkt\/nasze-pierwsze-spotkanie-mapa-serce\/","og_site_name":"Positive Prints","article_publisher":"https:\/\/www.facebook.com\/positiveprintscom","article_modified_time":"2026-04-18T05:09:36+00:00","og_image":[{"width":1450,"height":1450,"url":"https:\/\/positiveprints.com\/wp-content\/uploads\/2025\/06\/Packshot_PL_Nasze-Pierwsze-Spotkanie-Mapa-Serce.webp","type":"image\/webp"}],"twitter_card":"summary_large_image","twitter_misc":{"Szacowany czas czytania":"2 minuty"},"schema":{"@context":"https:\/\/schema.org","@graph":[{"@type":["WebPage","ItemPage"],"@id":"https:\/\/positiveprints.com\/pl\/produkt\/nasze-pierwsze-spotkanie-mapa-serce\/","url":"https:\/\/positiveprints.com\/pl\/produkt\/nasze-pierwsze-spotkanie-mapa-serce\/","name":"Nasze Pierwsze Spotkanie Mapa Serce - Positive Prints","isPartOf":{"@id":"https:\/\/positiveprints.com\/pl\/#website"},"primaryImageOfPage":{"@id":"https:\/\/positiveprints.com\/pl\/produkt\/nasze-pierwsze-spotkanie-mapa-serce\/#primaryimage"},"image":{"@id":"https:\/\/positiveprints.com\/pl\/produkt\/nasze-pierwsze-spotkanie-mapa-serce\/#primaryimage"},"thumbnailUrl":"https:\/\/positiveprints.com\/wp-content\/uploads\/2025\/06\/Packshot_PL_Nasze-Pierwsze-Spotkanie-Mapa-Serce.webp","datePublished":"2023-07-26T17:57:30+00:00","dateModified":"2026-04-18T05:09:36+00:00","breadcrumb":{"@id":"https:\/\/positiveprints.com\/pl\/produkt\/nasze-pierwsze-spotkanie-mapa-serce\/#breadcrumb"},"inLanguage":"pl-PL","potentialAction":[{"@type":"ReadAction","target":["https:\/\/positiveprints.com\/pl\/produkt\/nasze-pierwsze-spotkanie-mapa-serce\/"]}]},{"@type":"ImageObject","inLanguage":"pl-PL","@id":"https:\/\/positiveprints.com\/pl\/produkt\/nasze-pierwsze-spotkanie-mapa-serce\/#primaryimage","url":"https:\/\/positiveprints.com\/wp-content\/uploads\/2025\/06\/Packshot_PL_Nasze-Pierwsze-Spotkanie-Mapa-Serce.webp","contentUrl":"https:\/\/positiveprints.com\/wp-content\/uploads\/2025\/06\/Packshot_PL_Nasze-Pierwsze-Spotkanie-Mapa-Serce.webp","width":1450,"height":1450},{"@type":"BreadcrumbList","@id":"https:\/\/positiveprints.com\/pl\/produkt\/nasze-pierwsze-spotkanie-mapa-serce\/#breadcrumb","itemListElement":[{"@type":"ListItem","position":1,"name":"Home","item":"https:\/\/positiveprints.com\/pl\/"},{"@type":"ListItem","position":2,"name":"Produkty","item":"https:\/\/positiveprints.com\/pl\/shop\/"},{"@type":"ListItem","position":3,"name":"Nasze Pierwsze Spotkanie Mapa Serce"}]},{"@type":"WebSite","@id":"https:\/\/positiveprints.com\/pl\/#website","url":"https:\/\/positiveprints.com\/pl\/","name":"Positive Prints","description":"Amazing Custom Personalized Gifts","publisher":{"@id":"https:\/\/positiveprints.com\/pl\/#organization"},"potentialAction":[{"@type":"SearchAction","target":{"@type":"EntryPoint","urlTemplate":"https:\/\/positiveprints.com\/pl\/?s={search_term_string}"},"query-input":{"@type":"PropertyValueSpecification","valueRequired":true,"valueName":"search_term_string"}}],"inLanguage":"pl-PL"},{"@type":"Organization","@id":"https:\/\/positiveprints.com\/pl\/#organization","name":"Positive Prints","alternateName":"Positive Prints","url":"https:\/\/positiveprints.com\/pl\/","logo":{"@type":"ImageObject","inLanguage":"pl-PL","@id":"https:\/\/positiveprints.com\/pl\/#\/schema\/logo\/image\/","url":"https:\/\/positiveprints.com\/wp-content\/uploads\/2026\/03\/245815646_1337939713319158_5671353136411139666_n.png","contentUrl":"https:\/\/positiveprints.com\/wp-content\/uploads\/2026\/03\/245815646_1337939713319158_5671353136411139666_n.png","width":800,"height":800,"caption":"Positive Prints"},"image":{"@id":"https:\/\/positiveprints.com\/pl\/#\/schema\/logo\/image\/"},"sameAs":["https:\/\/www.facebook.com\/positiveprintscom","https:\/\/www.instagram.com\/positiveprintscom\/","https:\/\/www.tiktok.com\/@positiveprintscom","https:\/\/www.pinterest.com\/positiveprintscom\/"]}]}},"jetpack_sharing_enabled":true,"_links":{"self":[{"href":"https:\/\/positiveprints.com\/pl\/wp-json\/wp\/v2\/product\/643684","targetHints":{"allow":["GET"]}}],"collection":[{"href":"https:\/\/positiveprints.com\/pl\/wp-json\/wp\/v2\/product"}],"about":[{"href":"https:\/\/positiveprints.com\/pl\/wp-json\/wp\/v2\/types\/product"}],"wp:featuredmedia":[{"embeddable":true,"href":"https:\/\/positiveprints.com\/pl\/wp-json\/wp\/v2\/media\/1462685"}],"wp:attachment":[{"href":"https:\/\/positiveprints.com\/pl\/wp-json\/wp\/v2\/media?parent=643684"}],"wp:term":[{"taxonomy":"product_brand","embeddable":true,"href":"https:\/\/positiveprints.com\/pl\/wp-json\/wp\/v2\/product_brand?post=643684"},{"taxonomy":"product_cat","embeddable":true,"href":"https:\/\/positiveprints.com\/pl\/wp-json\/wp\/v2\/product_cat?post=643684"},{"taxonomy":"product_tag","embeddable":true,"href":"https:\/\/positiveprints.com\/pl\/wp-json\/wp\/v2\/product_tag?post=643684"}],"curies":[{"name":"wp","href":"https:\/\/api.w.org\/{rel}","templated":true}]}}