{"id":642564,"date":"2021-07-31T20:22:49","date_gmt":"2021-07-31T19:22:49","guid":{"rendered":"https:\/\/positiveprints.com\/product\/our-first-kiss-map\/"},"modified":"2026-04-03T03:55:33","modified_gmt":"2026-04-03T02:55:33","slug":"nasz-pierwszy-pocalunek","status":"publish","type":"product","link":"https:\/\/positiveprints.com\/pl\/produkt\/nasz-pierwszy-pocalunek\/","title":{"rendered":"Nasz Pierwszy Poca\u0142unek"},"content":{"rendered":"<p>Tw\u00f3j pierwszy poca\u0142unek by\u0142 jednym z wielu, kt\u00f3re mia\u0142y si\u0119 sta\u0107. Chocia\u017c by\u0107 mo\u017ce straci\u0142e\u015b ju\u017c rachub\u0119, fajnie jest spojrze\u0107 wstecz na jeden poca\u0142unek, od kt\u00f3rego wszystko si\u0119 zacz\u0119\u0142o. \u015awi\u0119tuj mi\u0142o\u015b\u0107 dzi\u0119ki Mapie Nasz Pierwszy Poca\u0142unek od Positive Prints.<\/p>\r\n\r\n\r\n\r\n<h2 class=\"grenB f24 cblue\" style=\"margin-top: 3rem\">Czym jest Mapa Nasz Pierwszy Poca\u0142unek?<\/h2>\r\n\r\n\r\n\r\n<p style=\"margin-top: 1rem\">Pierwszy poca\u0142unek jest magiczny. To moment, w kt\u00f3rym przenosisz sw\u00f3j zwi\u0105zek na nowe wy\u017cyny i czujesz t\u0119 szczeg\u00f3ln\u0105 wi\u0119\u017a mi\u0119dzy sob\u0105 a Twoj\u0105 drug\u0105 po\u0142\u00f3wk\u0105. Mapa Nasz Pierwszy Poca\u0142unek b\u0119dzie przypomina\u0107 Ci o tym wyj\u0105tkowym czasie w Twoim \u017cyciu, podkre\u015blaj\u0105c dok\u0142adne miejsce, w kt\u00f3rym podzieli\u0142e\u015b si\u0119 swoim pierwszym poca\u0142unkiem. Zamieniamy wybrane przez Ciebie miejsce w wyj\u0105tkow\u0105 map\u0119, kt\u00f3r\u0105 mo\u017cesz wyeksponowa\u0107 w swoim domu i kt\u00f3ra zawsze b\u0119dzie przypomina\u0107 Ci o tym niezwykle wa\u017cnym rozdziale w twoim zwi\u0105zku.<\/p>\r\n\r\n\r\n\r\n<h2 class=\"grenB f24 cblue\" style=\"margin-top: 3rem\">Mapa Nasz Pierwszy Poca\u0142unek to idealny pomys\u0142 na prezent!<\/h2>\r\n\r\n\r\n\r\n<p style=\"margin-top: 1rem\">Jest co\u015b wyj\u0105tkowego i zaskakuj\u0105cego w dawaniu i otrzymywaniu spersonalizowanych prezent\u00f3w. To co\u015b, czego twoja ukochana osoba si\u0119 nie spodziewa. To prezent, kt\u00f3rego nie mo\u017cna znale\u017a\u0107 na sklepowej p\u00f3\u0142ce. Przekszta\u0142cenie pomys\u0142\u00f3w w ilustracj\u0119 wymaga dodatkowej uwagi i przemy\u015blenia, kt\u00f3re z pewno\u015bci\u0105 zostan\u0105 docenione przez blisk\u0105 Ci osob\u0119.<\/p>\r\n\r\n\r\n\r\n<p style=\"margin-top: 1rem\">Je\u015bli szukasz wyj\u0105tkowego prezentu na Walentynki, rocznic\u0119, a nawet w\u0142asny \u015blub, zaskocz ukochan\u0105 osob\u0119 map\u0105 stworzon\u0105 specjalnie dla niej.<\/p>\r\n\r\n\r\n\r\n<p style=\"margin-top: 1rem\">W Positive Prints wykonali\u015bmy za Ciebie ca\u0142\u0105 ci\u0119\u017ck\u0105 prac\u0119. Projekt jest w wi\u0119kszo\u015bci gotowy, ale brakuje w nim Twojego osobistego charakteru! Wprowad\u017a szczeg\u00f3\u0142y, takie jak miejsce pierwszego poca\u0142unku, a my zajmiemy si\u0119 reszt\u0105! Dodaj cytaty, teksty piosenek, powiedzenia lub inne szczeg\u00f3\u0142y, aby Tw\u00f3j prezent by\u0142 jeszcze bardziej wyj\u0105tkowy.<\/p>\r\n\r\n\r\n\r\n<h2 class=\"grenB f24 cblue\" style=\"margin-top: 3rem\">Personalizowanie Mapy razem z Positive Prints<\/h2>\r\n\r\n\r\n\r\n<p style=\"margin-top: 1rem\">W Positive Prints dajemy Ci wiele mo\u017cliwo\u015bci dostosowania Mapy Nasz Pierwszy Poca\u0142unek i uczynienia jej naprawd\u0119 jedyn\u0105 w swoim rodzaju. Zacznij od wybrania jednego z naszych gotowych projekt\u00f3w map i schemat\u00f3w kolor\u00f3w. Baw si\u0119 r\u00f3\u017cnymi opcjami i obserwuj ka\u017cd\u0105 zmian\u0119 w podgl\u0105dzie na \u017cywo!<\/p>\r\n\r\n\r\n\r\n<p style=\"margin-top: 1rem\">Nast\u0119pnie wybierz miejsce Waszego pierwszego poca\u0142unku oraz dodaj wyj\u0105tkowy tekst, kt\u00f3ry o\u017cywi Twoj\u0105 map\u0119: specjaln\u0105 dat\u0119, nazw\u0119 miejsca, cytat z wiersza lub piosenki albo co\u015b, co zawsze sobie powtarzacie.<\/p>\r\n\r\n\r\n\r\n<p style=\"margin-top: 1rem\">Z przyjemno\u015bci\u0105 wydrukujemy Twoj\u0105 map\u0119 w naszej drukarni i wy\u015blemy j\u0105 w dowolne miejsce na \u015bwiecie. Aby uzyska\u0107 szybsz\u0105 dost\u0119pno\u015b\u0107, mo\u017cesz wybra\u0107 plik cyfrowy do natychmiastowego pobrania, kt\u00f3ry zostanie wys\u0142any na twoj\u0105 skrzynk\u0119 e-mail od razu po z\u0142o\u017ceniu zam\u00f3wienia. Oferujemy r\u00f3wnie\u017c wydruki na p\u0142\u00f3tnie oraz plakaty w ramkach, co daje jeszcze wi\u0119cej mo\u017cliwo\u015bci personalizacji prezentu!<\/p>\r\n\r\n\r\n\r\n<h2 class=\"grenB f24 cblue\" style=\"margin-top: 3rem\">Stw\u00f3rz Pami\u0105tk\u0119 przedstawiaj\u0105c\u0105 jedno ze swoich najcenniejszych wspomnie\u0144!<\/h2>\r\n\r\n\r\n\r\n<p style=\"margin-top: 1rem\">Tw\u00f3j pierwszy poca\u0142unek by\u0142 wa\u017cnym krokiem w Waszym zwi\u0105zku. Zamie\u0144 to wspomnienie w pami\u0105tk\u0119, kt\u00f3ra b\u0119dzie trwa\u0107 przez ca\u0142e \u017cycie lub d\u0142u\u017cej. Ju\u017c dzi\u015b stw\u00f3rz Map\u0119 Nasz Pierwszy Poca\u0142unek od Positive Prints!<\/p>","protected":false},"excerpt":{"rendered":"<ul class=\"check-list\">\n<li>Stw\u00f3rz niezwyk\u0142\u0105 pami\u0105tk\u0119 waszego pierwszego poca\u0142unku<\/li>\n<li>Podkre\u015bl wa\u017cne miejsce za pomoc\u0105 wybranego symbolu<\/li>\n<li>Spersonalizuj w 3 prostych krokach<\/li>\n<li>Umie\u015b\u0107 dedykowany tekst prosto z serca<\/li>\n<li>Interaktywny podgl\u0105d pozwoli dopracowa\u0107 ka\u017cdy szczeg\u00f3\u0142<\/li>\n<\/ul>\n","protected":false},"featured_media":1461584,"template":"","meta":[],"product_brand":[],"product_cat":[7690,8010,7188,99],"product_tag":[9125],"class_list":{"0":"post-642564","1":"product","2":"type-product","3":"status-publish","4":"has-post-thumbnail","6":"product_cat-prezent-dla-kobiety","7":"product_cat-prezent-dla-mezczyzny","8":"product_cat-map-pl","9":"product_cat-wszystkie-produkty","10":"product_tag-couples-pl-2","12":"first","13":"instock","14":"sale","15":"taxable","16":"shipping-taxable","17":"purchasable","18":"product-type-variable"},"yoast_head":"<!-- This site is optimized with the Yoast SEO Premium plugin v27.2 (Yoast SEO v27.2) - https:\/\/yoast.com\/product\/yoast-seo-premium-wordpress\/ -->\n<title>Nasz Pierwszy Poca\u0142unek - Positive Prints<\/title>\n<meta name=\"description\" content=\"Pami\u0119tasz Wasz pierwszy poca\u0142unek? Podaruj plakat Nasz Pierwszy Poca\u0142unek z okazji rocznicy tego wydarzenia lub zupe\u0142nie bez okazji.\" \/>\n<meta name=\"robots\" content=\"index, follow, max-snippet:-1, max-image-preview:large, max-video-preview:-1\" \/>\n<link rel=\"canonical\" href=\"https:\/\/positiveprints.com\/pl\/produkt\/nasz-pierwszy-pocalunek\/\" \/>\n<meta property=\"og:locale\" content=\"pl_PL\" \/>\n<meta property=\"og:type\" content=\"article\" \/>\n<meta property=\"og:title\" content=\"Nasz Pierwszy Poca\u0142unek\" \/>\n<meta property=\"og:description\" content=\"Stw\u00f3rz niezwyk\u0142\u0105 pami\u0105tk\u0119 waszego pierwszego poca\u0142unku  Podkre\u015bl wa\u017cne miejsce za pomoc\u0105 wybranego symbolu  Spersonalizuj w 3 prostych krokach  Umie\u015b\u0107 dedykowany tekst prosto z serca  Interaktywny podgl\u0105d pozwoli dopracowa\u0107 ka\u017cdy szczeg\u00f3\u0142\" \/>\n<meta property=\"og:url\" content=\"https:\/\/positiveprints.com\/pl\/produkt\/nasz-pierwszy-pocalunek\/\" \/>\n<meta property=\"og:site_name\" content=\"Positive Prints\" \/>\n<meta property=\"article:publisher\" content=\"https:\/\/www.facebook.com\/positiveprintscom\" \/>\n<meta property=\"article:modified_time\" content=\"2026-04-03T02:55:33+00:00\" \/>\n<meta property=\"og:image\" content=\"https:\/\/positiveprints.com\/wp-content\/uploads\/2025\/06\/Packshot_PL_Nasz-Pierwszy-Pocalunek.webp\" \/>\n\t<meta property=\"og:image:width\" content=\"1450\" \/>\n\t<meta property=\"og:image:height\" content=\"1450\" \/>\n\t<meta property=\"og:image:type\" content=\"image\/webp\" \/>\n<meta name=\"twitter:card\" content=\"summary_large_image\" \/>\n<meta name=\"twitter:label1\" content=\"Szacowany czas czytania\" \/>\n\t<meta name=\"twitter:data1\" content=\"3 minuty\" \/>\n<!-- \/ Yoast SEO Premium plugin. -->","yoast_head_json":{"title":"Nasz Pierwszy Poca\u0142unek - Positive Prints","description":"Pami\u0119tasz Wasz pierwszy poca\u0142unek? Podaruj plakat Nasz Pierwszy Poca\u0142unek z okazji rocznicy tego wydarzenia lub zupe\u0142nie bez okazji.","robots":{"index":"index","follow":"follow","max-snippet":"max-snippet:-1","max-image-preview":"max-image-preview:large","max-video-preview":"max-video-preview:-1"},"canonical":"https:\/\/positiveprints.com\/pl\/produkt\/nasz-pierwszy-pocalunek\/","og_locale":"pl_PL","og_type":"article","og_title":"Nasz Pierwszy Poca\u0142unek","og_description":"Stw\u00f3rz niezwyk\u0142\u0105 pami\u0105tk\u0119 waszego pierwszego poca\u0142unku  Podkre\u015bl wa\u017cne miejsce za pomoc\u0105 wybranego symbolu  Spersonalizuj w 3 prostych krokach  Umie\u015b\u0107 dedykowany tekst prosto z serca  Interaktywny podgl\u0105d pozwoli dopracowa\u0107 ka\u017cdy szczeg\u00f3\u0142","og_url":"https:\/\/positiveprints.com\/pl\/produkt\/nasz-pierwszy-pocalunek\/","og_site_name":"Positive Prints","article_publisher":"https:\/\/www.facebook.com\/positiveprintscom","article_modified_time":"2026-04-03T02:55:33+00:00","og_image":[{"width":1450,"height":1450,"url":"https:\/\/positiveprints.com\/wp-content\/uploads\/2025\/06\/Packshot_PL_Nasz-Pierwszy-Pocalunek.webp","type":"image\/webp"}],"twitter_card":"summary_large_image","twitter_misc":{"Szacowany czas czytania":"3 minuty"},"schema":{"@context":"https:\/\/schema.org","@graph":[{"@type":["WebPage","ItemPage"],"@id":"https:\/\/positiveprints.com\/pl\/produkt\/nasz-pierwszy-pocalunek\/","url":"https:\/\/positiveprints.com\/pl\/produkt\/nasz-pierwszy-pocalunek\/","name":"Nasz Pierwszy Poca\u0142unek - Positive Prints","isPartOf":{"@id":"https:\/\/positiveprints.com\/pl\/#website"},"primaryImageOfPage":{"@id":"https:\/\/positiveprints.com\/pl\/produkt\/nasz-pierwszy-pocalunek\/#primaryimage"},"image":{"@id":"https:\/\/positiveprints.com\/pl\/produkt\/nasz-pierwszy-pocalunek\/#primaryimage"},"thumbnailUrl":"https:\/\/positiveprints.com\/wp-content\/uploads\/2025\/06\/Packshot_PL_Nasz-Pierwszy-Pocalunek.webp","datePublished":"2021-07-31T19:22:49+00:00","dateModified":"2026-04-03T02:55:33+00:00","description":"Pami\u0119tasz Wasz pierwszy poca\u0142unek? Podaruj plakat Nasz Pierwszy Poca\u0142unek z okazji rocznicy tego wydarzenia lub zupe\u0142nie bez okazji.","breadcrumb":{"@id":"https:\/\/positiveprints.com\/pl\/produkt\/nasz-pierwszy-pocalunek\/#breadcrumb"},"inLanguage":"pl-PL","potentialAction":[{"@type":"ReadAction","target":["https:\/\/positiveprints.com\/pl\/produkt\/nasz-pierwszy-pocalunek\/"]}]},{"@type":"ImageObject","inLanguage":"pl-PL","@id":"https:\/\/positiveprints.com\/pl\/produkt\/nasz-pierwszy-pocalunek\/#primaryimage","url":"https:\/\/positiveprints.com\/wp-content\/uploads\/2025\/06\/Packshot_PL_Nasz-Pierwszy-Pocalunek.webp","contentUrl":"https:\/\/positiveprints.com\/wp-content\/uploads\/2025\/06\/Packshot_PL_Nasz-Pierwszy-Pocalunek.webp","width":1450,"height":1450},{"@type":"BreadcrumbList","@id":"https:\/\/positiveprints.com\/pl\/produkt\/nasz-pierwszy-pocalunek\/#breadcrumb","itemListElement":[{"@type":"ListItem","position":1,"name":"Home","item":"https:\/\/positiveprints.com\/pl\/"},{"@type":"ListItem","position":2,"name":"Produkty","item":"https:\/\/positiveprints.com\/pl\/shop\/"},{"@type":"ListItem","position":3,"name":"Nasz Pierwszy Poca\u0142unek"}]},{"@type":"WebSite","@id":"https:\/\/positiveprints.com\/pl\/#website","url":"https:\/\/positiveprints.com\/pl\/","name":"Positive Prints","description":"Amazing Custom Personalized Gifts","publisher":{"@id":"https:\/\/positiveprints.com\/pl\/#organization"},"potentialAction":[{"@type":"SearchAction","target":{"@type":"EntryPoint","urlTemplate":"https:\/\/positiveprints.com\/pl\/?s={search_term_string}"},"query-input":{"@type":"PropertyValueSpecification","valueRequired":true,"valueName":"search_term_string"}}],"inLanguage":"pl-PL"},{"@type":"Organization","@id":"https:\/\/positiveprints.com\/pl\/#organization","name":"Positive Prints","alternateName":"Positive Prints","url":"https:\/\/positiveprints.com\/pl\/","logo":{"@type":"ImageObject","inLanguage":"pl-PL","@id":"https:\/\/positiveprints.com\/pl\/#\/schema\/logo\/image\/","url":"https:\/\/positiveprints.com\/wp-content\/uploads\/2026\/03\/245815646_1337939713319158_5671353136411139666_n.png","contentUrl":"https:\/\/positiveprints.com\/wp-content\/uploads\/2026\/03\/245815646_1337939713319158_5671353136411139666_n.png","width":800,"height":800,"caption":"Positive Prints"},"image":{"@id":"https:\/\/positiveprints.com\/pl\/#\/schema\/logo\/image\/"},"sameAs":["https:\/\/www.facebook.com\/positiveprintscom","https:\/\/www.instagram.com\/positiveprintscom\/","https:\/\/www.tiktok.com\/@positiveprintscom","https:\/\/www.pinterest.com\/positiveprintscom\/"]}]}},"jetpack_sharing_enabled":true,"_links":{"self":[{"href":"https:\/\/positiveprints.com\/pl\/wp-json\/wp\/v2\/product\/642564","targetHints":{"allow":["GET"]}}],"collection":[{"href":"https:\/\/positiveprints.com\/pl\/wp-json\/wp\/v2\/product"}],"about":[{"href":"https:\/\/positiveprints.com\/pl\/wp-json\/wp\/v2\/types\/product"}],"wp:featuredmedia":[{"embeddable":true,"href":"https:\/\/positiveprints.com\/pl\/wp-json\/wp\/v2\/media\/1461584"}],"wp:attachment":[{"href":"https:\/\/positiveprints.com\/pl\/wp-json\/wp\/v2\/media?parent=642564"}],"wp:term":[{"taxonomy":"product_brand","embeddable":true,"href":"https:\/\/positiveprints.com\/pl\/wp-json\/wp\/v2\/product_brand?post=642564"},{"taxonomy":"product_cat","embeddable":true,"href":"https:\/\/positiveprints.com\/pl\/wp-json\/wp\/v2\/product_cat?post=642564"},{"taxonomy":"product_tag","embeddable":true,"href":"https:\/\/positiveprints.com\/pl\/wp-json\/wp\/v2\/product_tag?post=642564"}],"curies":[{"name":"wp","href":"https:\/\/api.w.org\/{rel}","templated":true}]}}