{"id":628225,"date":"2023-06-28T13:33:42","date_gmt":"2023-06-28T12:33:42","guid":{"rendered":"https:\/\/positiveprints.com\/?post_type=product&#038;p=628225"},"modified":"2026-04-12T22:00:32","modified_gmt":"2026-04-12T21:00:32","slug":"koziorozec-plakat-ze-znakiem-zodiaku","status":"publish","type":"product","link":"https:\/\/positiveprints.com\/pl\/produkt\/koziorozec-plakat-ze-znakiem-zodiaku\/","title":{"rendered":"Kozioro\u017cec &#8211; Plakat ze Znakiem Zodiaku"},"content":{"rendered":"<h2 class=\"grenB f24 cblue\" style=\"margin-top: 3rem\">Kozioro\u017cec &#8211; Plakat ze Znakiem Zodiaku jako prezent<\/h2>\r\n\r\n<p style=\"margin-top: 1rem\">Szukasz wyj\u0105tkowego prezentu, kt\u00f3ry wywo\u0142a u\u015bmiech na czyje\u015b twarzy? Nie szukaj dalej! Plakat ze Znakiem Zodiaku Kozioro\u017cca To idealny prezent dla kogo\u015b, kto kocha znaki zodiaku i astrologi\u0119. Niezale\u017cnie od tego, czy s\u0105 to urodziny, \u015awi\u0119ta, czy po prostu spos\u00f3b na okazanie troski, Plakat ze Znakiem Zodiaku Kozioro\u017cca z pewno\u015bci\u0105 sprawi, \u017ce ich dzie\u0144 b\u0119dzie wyj\u0105tkowy.<\/p>\r\n<p style=\"margin-top: 1rem\">Kozioro\u017cec to znak zodiaku reprezentuj\u0105cy osoby urodzone mi\u0119dzy 22 grudnia a 19 stycznia. Osoby urodzone pod tym znakiem maj\u0105 swoje unikalne cechy osobowo\u015bci. Kozioro\u017cce s\u0105 znane ze swojej ambicji i determinacji. Maj\u0105 siln\u0105 etyk\u0119 pracy i zawsze d\u0105\u017c\u0105 do sukcesu. Kozioro\u017cce s\u0105 odpowiedzialne i niezawodne. S\u0105 praktyczne i maj\u0105 naturaln\u0105 umiej\u0119tno\u015b\u0107 planowania. Plakat ze Znakiem Zodiaku to idealny prezent dla nich.<\/p>\r\n\r\n<h2 class=\"grenB f24 cblue\" style=\"margin-top: 3rem\">Spersonalizuj sw\u00f3j Plakat ze Znakiem Zodiaku Kozioro\u017cca<\/h2>\r\n\r\n<p style=\"margin-top: 1rem\">Stworzenie spersonalizowanego plakatu ze znakiem zodiaku Kozioro\u017cca jest \u0142atwe i przyjemne! Dzi\u0119ki przyjaznemu dla u\u017cytkownika edytorowi online mo\u017cesz dostosowa\u0107 swoj\u0105 grafik\u0119 w zaledwie kilku krokach. Wybieraj spo\u015br\u00f3d r\u00f3\u017cnych styl\u00f3w i uk\u0142ad\u00f3w, kt\u00f3re przyci\u0105gn\u0105 Twoj\u0105 uwag\u0119. Mo\u017cesz wybra\u0107 pi\u0119kny obraz przedstawiaj\u0105cy znak zodiaku Kozioro\u017cca lub konstelacj\u0119 gwiazd. Wyka\u017c si\u0119 kreatywno\u015bci\u0105, bawi\u0105c si\u0119 kolorami lub wybieraj\u0105c spo\u015br\u00f3d gotowych schemat\u00f3w kolor\u00f3w. Uczy\u0144 go jeszcze bardziej wyj\u0105tkowym, dodaj\u0105c spersonalizowany tekst lub ciekawe fakty dotycz\u0105ce Kozioro\u017cca, takie jak informacje o kamieniu narodzin lub rz\u0105dz\u0105cej planecie.<\/p>\r\n\r\n<p style=\"margin-top: 1rem\">Kiedy nadejdzie czas na z\u0142o\u017cenie zam\u00f3wienia, masz do wyboru wiele opcji. Wybierz wydrukowany lub oprawiony plakat, wysokiej jako\u015bci p\u0142\u00f3tno lub natychmiastowe cyfrowe pobranie. Wyb\u00f3r nale\u017cy do Ciebie!<\/p>\r\n\r\n<h2 class=\"grenB f24 cblue\" style=\"margin-top: 3rem\">Zr\u00f3b niezapomniane wra\u017cenie Spersonalizowanym Prezentem<\/h2>\r\n\r\n<p style=\"margin-top: 1rem\">Kozioro\u017cec &#8211; Plakat ze Znakiem Zodiaku to wyj\u0105tkowy i przemy\u015blany prezent, kt\u00f3ry pokazuje Twoim bliskim, jak bardzo Ci zale\u017cy. Nie jest to co\u015b, co mo\u017cna znale\u017a\u0107 na sklepowych p\u00f3\u0142kach, co czyni go jeszcze bardziej wyj\u0105tkowym. Ten spersonalizowany prezent z pewno\u015bci\u0105 sprawi rado\u015b\u0107 obdarowanej osobie. Je\u015bli ceni\u0105 sobie ambicj\u0119, niezawodno\u015b\u0107 i planowanie, Plakat ze Znakiem Zodiaku Kozioro\u017cca naprawd\u0119 b\u0119dzie z nimi rezonowa\u0107. To prezent, kt\u00f3ry b\u0119dzie piel\u0119gnowany i dumnie eksponowany. Po co wi\u0119c czeka\u0107? Zacznij tworzy\u0107 sw\u00f3j spersonalizowany Plakat ze Znakiem Zodiaku ju\u017c dzi\u015b i spraw rado\u015bci bliskiej Ci osobie!<\/p>","protected":false},"excerpt":{"rendered":"<ul class=\"check-list\">\n<li>Przedstaw wyj\u0105tkow\u0105 aur\u0119 Kozioro\u017cca, dzi\u0119ki wspania\u0142emu plakatowi, przedstawiaj\u0105cemu symbol i cechy tego znaku zodiaku.<\/li>\n<li>Odkryj cechy, kt\u00f3re sprawiaj\u0105, \u017ce Tw\u00f3j znak zodiaku jest jedyny w swoim rodzaju<\/li>\n<li>U\u017cyj jednego z naszych szablon\u00f3w lub daj popis swojej wyobra\u017ani<\/li>\n<li>Dodaj dedykacj\u0119 prosto z serca<\/li>\n<li>Interaktywny podgl\u0105d pozwoli dopracowa\u0107 ka\u017cdy szczeg\u00f3\u0142<\/li>\n<\/ul>\n","protected":false},"featured_media":653227,"template":"","meta":[],"product_brand":[],"product_cat":[9014,99],"product_tag":[9135],"class_list":{"0":"post-628225","1":"product","2":"type-product","3":"status-publish","4":"has-post-thumbnail","6":"product_cat-zodiac-pl","7":"product_cat-wszystkie-produkty","8":"product_tag-zodiac-pl","10":"first","11":"instock","12":"sale","13":"taxable","14":"shipping-taxable","15":"purchasable","16":"product-type-variable"},"yoast_head":"<!-- This site is optimized with the Yoast SEO Premium plugin v27.2 (Yoast SEO v27.2) - https:\/\/yoast.com\/product\/yoast-seo-premium-wordpress\/ -->\n<title>Kozioro\u017cec - Plakat ze Znakiem Zodiaku - Positive Prints<\/title>\n<meta name=\"description\" content=\"Odkryj pi\u0119kno Plakatu ze Znakiem Kozioro\u017cca - wyj\u0105tkowy prezent dla fan\u00f3w tego znaku zodiaku. Uczcij ich ambicj\u0119 i spraw rado\u015b\u0107 dzi\u0119ki temu wyj\u0105tkowemu wydrukowi.\" \/>\n<meta name=\"robots\" content=\"index, follow, max-snippet:-1, max-image-preview:large, max-video-preview:-1\" \/>\n<link rel=\"canonical\" href=\"https:\/\/positiveprints.com\/pl\/produkt\/koziorozec-plakat-ze-znakiem-zodiaku\/\" \/>\n<meta property=\"og:locale\" content=\"pl_PL\" \/>\n<meta property=\"og:type\" content=\"article\" \/>\n<meta property=\"og:title\" content=\"Kozioro\u017cec - Plakat ze Znakiem Zodiaku\" \/>\n<meta property=\"og:description\" content=\"Przedstaw wyj\u0105tkow\u0105 aur\u0119 Kozioro\u017cca, dzi\u0119ki wspania\u0142emu plakatowi, przedstawiaj\u0105cemu symbol i cechy tego znaku zodiaku. Odkryj cechy, kt\u00f3re sprawiaj\u0105, \u017ce Tw\u00f3j znak zodiaku jest jedyny w swoim rodzaju U\u017cyj jednego z naszych szablon\u00f3w lub daj popis swojej wyobra\u017ani Dodaj dedykacj\u0119 prosto z serca Interaktywny podgl\u0105d pozwoli dopracowa\u0107 ka\u017cdy szczeg\u00f3\u0142\" \/>\n<meta property=\"og:url\" content=\"https:\/\/positiveprints.com\/pl\/produkt\/koziorozec-plakat-ze-znakiem-zodiaku\/\" \/>\n<meta property=\"og:site_name\" content=\"Positive Prints\" \/>\n<meta property=\"article:publisher\" content=\"https:\/\/www.facebook.com\/positiveprintscom\" \/>\n<meta property=\"article:modified_time\" content=\"2026-04-12T21:00:32+00:00\" \/>\n<meta property=\"og:image\" content=\"https:\/\/positiveprints.com\/wp-content\/uploads\/2023\/08\/Capricorn-Zodiac-Art.jpg\" \/>\n\t<meta property=\"og:image:width\" content=\"1080\" \/>\n\t<meta property=\"og:image:height\" content=\"1080\" \/>\n\t<meta property=\"og:image:type\" content=\"image\/jpeg\" \/>\n<meta name=\"twitter:card\" content=\"summary_large_image\" \/>\n<!-- \/ Yoast SEO Premium plugin. -->","yoast_head_json":{"title":"Kozioro\u017cec - Plakat ze Znakiem Zodiaku - Positive Prints","description":"Odkryj pi\u0119kno Plakatu ze Znakiem Kozioro\u017cca - wyj\u0105tkowy prezent dla fan\u00f3w tego znaku zodiaku. Uczcij ich ambicj\u0119 i spraw rado\u015b\u0107 dzi\u0119ki temu wyj\u0105tkowemu wydrukowi.","robots":{"index":"index","follow":"follow","max-snippet":"max-snippet:-1","max-image-preview":"max-image-preview:large","max-video-preview":"max-video-preview:-1"},"canonical":"https:\/\/positiveprints.com\/pl\/produkt\/koziorozec-plakat-ze-znakiem-zodiaku\/","og_locale":"pl_PL","og_type":"article","og_title":"Kozioro\u017cec - Plakat ze Znakiem Zodiaku","og_description":"Przedstaw wyj\u0105tkow\u0105 aur\u0119 Kozioro\u017cca, dzi\u0119ki wspania\u0142emu plakatowi, przedstawiaj\u0105cemu symbol i cechy tego znaku zodiaku. Odkryj cechy, kt\u00f3re sprawiaj\u0105, \u017ce Tw\u00f3j znak zodiaku jest jedyny w swoim rodzaju U\u017cyj jednego z naszych szablon\u00f3w lub daj popis swojej wyobra\u017ani Dodaj dedykacj\u0119 prosto z serca Interaktywny podgl\u0105d pozwoli dopracowa\u0107 ka\u017cdy szczeg\u00f3\u0142","og_url":"https:\/\/positiveprints.com\/pl\/produkt\/koziorozec-plakat-ze-znakiem-zodiaku\/","og_site_name":"Positive Prints","article_publisher":"https:\/\/www.facebook.com\/positiveprintscom","article_modified_time":"2026-04-12T21:00:32+00:00","og_image":[{"width":1080,"height":1080,"url":"https:\/\/positiveprints.com\/wp-content\/uploads\/2023\/08\/Capricorn-Zodiac-Art.jpg","type":"image\/jpeg"}],"twitter_card":"summary_large_image","schema":{"@context":"https:\/\/schema.org","@graph":[{"@type":["WebPage","ItemPage"],"@id":"https:\/\/positiveprints.com\/pl\/produkt\/koziorozec-plakat-ze-znakiem-zodiaku\/","url":"https:\/\/positiveprints.com\/pl\/produkt\/koziorozec-plakat-ze-znakiem-zodiaku\/","name":"Kozioro\u017cec - Plakat ze Znakiem Zodiaku - Positive Prints","isPartOf":{"@id":"https:\/\/positiveprints.com\/pl\/#website"},"primaryImageOfPage":{"@id":"https:\/\/positiveprints.com\/pl\/produkt\/koziorozec-plakat-ze-znakiem-zodiaku\/#primaryimage"},"image":{"@id":"https:\/\/positiveprints.com\/pl\/produkt\/koziorozec-plakat-ze-znakiem-zodiaku\/#primaryimage"},"thumbnailUrl":"https:\/\/positiveprints.com\/wp-content\/uploads\/2023\/08\/Capricorn-Zodiac-Art.jpg","datePublished":"2023-06-28T12:33:42+00:00","dateModified":"2026-04-12T21:00:32+00:00","description":"Odkryj pi\u0119kno Plakatu ze Znakiem Kozioro\u017cca - wyj\u0105tkowy prezent dla fan\u00f3w tego znaku zodiaku. Uczcij ich ambicj\u0119 i spraw rado\u015b\u0107 dzi\u0119ki temu wyj\u0105tkowemu wydrukowi.","breadcrumb":{"@id":"https:\/\/positiveprints.com\/pl\/produkt\/koziorozec-plakat-ze-znakiem-zodiaku\/#breadcrumb"},"inLanguage":"pl-PL","potentialAction":[{"@type":"ReadAction","target":["https:\/\/positiveprints.com\/pl\/produkt\/koziorozec-plakat-ze-znakiem-zodiaku\/"]}]},{"@type":"ImageObject","inLanguage":"pl-PL","@id":"https:\/\/positiveprints.com\/pl\/produkt\/koziorozec-plakat-ze-znakiem-zodiaku\/#primaryimage","url":"https:\/\/positiveprints.com\/wp-content\/uploads\/2023\/08\/Capricorn-Zodiac-Art.jpg","contentUrl":"https:\/\/positiveprints.com\/wp-content\/uploads\/2023\/08\/Capricorn-Zodiac-Art.jpg","width":1080,"height":1080,"caption":"Capricorn Zodiac Art"},{"@type":"BreadcrumbList","@id":"https:\/\/positiveprints.com\/pl\/produkt\/koziorozec-plakat-ze-znakiem-zodiaku\/#breadcrumb","itemListElement":[{"@type":"ListItem","position":1,"name":"Home","item":"https:\/\/positiveprints.com\/pl\/"},{"@type":"ListItem","position":2,"name":"Produkty","item":"https:\/\/positiveprints.com\/pl\/shop\/"},{"@type":"ListItem","position":3,"name":"Kozioro\u017cec &#8211; Plakat ze Znakiem Zodiaku"}]},{"@type":"WebSite","@id":"https:\/\/positiveprints.com\/pl\/#website","url":"https:\/\/positiveprints.com\/pl\/","name":"Positive Prints","description":"Amazing Custom Personalized Gifts","publisher":{"@id":"https:\/\/positiveprints.com\/pl\/#organization"},"potentialAction":[{"@type":"SearchAction","target":{"@type":"EntryPoint","urlTemplate":"https:\/\/positiveprints.com\/pl\/?s={search_term_string}"},"query-input":{"@type":"PropertyValueSpecification","valueRequired":true,"valueName":"search_term_string"}}],"inLanguage":"pl-PL"},{"@type":"Organization","@id":"https:\/\/positiveprints.com\/pl\/#organization","name":"Positive Prints","alternateName":"Positive Prints","url":"https:\/\/positiveprints.com\/pl\/","logo":{"@type":"ImageObject","inLanguage":"pl-PL","@id":"https:\/\/positiveprints.com\/pl\/#\/schema\/logo\/image\/","url":"https:\/\/positiveprints.com\/wp-content\/uploads\/2026\/03\/245815646_1337939713319158_5671353136411139666_n.png","contentUrl":"https:\/\/positiveprints.com\/wp-content\/uploads\/2026\/03\/245815646_1337939713319158_5671353136411139666_n.png","width":800,"height":800,"caption":"Positive Prints"},"image":{"@id":"https:\/\/positiveprints.com\/pl\/#\/schema\/logo\/image\/"},"sameAs":["https:\/\/www.facebook.com\/positiveprintscom","https:\/\/www.instagram.com\/positiveprintscom\/","https:\/\/www.tiktok.com\/@positiveprintscom","https:\/\/www.pinterest.com\/positiveprintscom\/"]}]}},"jetpack_sharing_enabled":true,"_links":{"self":[{"href":"https:\/\/positiveprints.com\/pl\/wp-json\/wp\/v2\/product\/628225","targetHints":{"allow":["GET"]}}],"collection":[{"href":"https:\/\/positiveprints.com\/pl\/wp-json\/wp\/v2\/product"}],"about":[{"href":"https:\/\/positiveprints.com\/pl\/wp-json\/wp\/v2\/types\/product"}],"wp:featuredmedia":[{"embeddable":true,"href":"https:\/\/positiveprints.com\/pl\/wp-json\/wp\/v2\/media\/653227"}],"wp:attachment":[{"href":"https:\/\/positiveprints.com\/pl\/wp-json\/wp\/v2\/media?parent=628225"}],"wp:term":[{"taxonomy":"product_brand","embeddable":true,"href":"https:\/\/positiveprints.com\/pl\/wp-json\/wp\/v2\/product_brand?post=628225"},{"taxonomy":"product_cat","embeddable":true,"href":"https:\/\/positiveprints.com\/pl\/wp-json\/wp\/v2\/product_cat?post=628225"},{"taxonomy":"product_tag","embeddable":true,"href":"https:\/\/positiveprints.com\/pl\/wp-json\/wp\/v2\/product_tag?post=628225"}],"curies":[{"name":"wp","href":"https:\/\/api.w.org\/{rel}","templated":true}]}}