{"id":627710,"date":"2023-06-27T13:22:00","date_gmt":"2023-06-27T12:22:00","guid":{"rendered":"https:\/\/positiveprints.com\/?post_type=product&#038;p=627710"},"modified":"2026-04-12T22:01:53","modified_gmt":"2026-04-12T21:01:53","slug":"baran-plakat-ze-znakiem-zodiaku","status":"publish","type":"product","link":"https:\/\/positiveprints.com\/pl\/produkt\/baran-plakat-ze-znakiem-zodiaku\/","title":{"rendered":"Baran &#8211; Plakat ze Znakiem Zodiaku"},"content":{"rendered":"<h2 class=\"grenB f24 cblue\" style=\"margin-top: 3rem\">Baran &#8211; Plakat ze Znakiem Zodiaku jako prezent<\/h2>\r\n\r\n<p style=\"margin-top: 1rem\">Szukasz pomys\u0142u na wyj\u0105tkowy i niepowtarzalny prezent? Nie szukaj dalej!  Niesamowity plakat zodiaku Barana to idealny prezent dla kogo\u015b, kto kocha znaki zodiaku i astrologi\u0119. Niezale\u017cnie od tego, czy s\u0105 to urodziny, Bo\u017ce Narodzenie, czy po prostu spos\u00f3b na okazanie troski, plakat znaku zodiaku Barana sprawi, \u017ce ich dzie\u0144 b\u0119dzie jeszcze bardziej wyj\u0105tkowy.<\/p>\r\n<p style=\"margin-top: 1rem\">Osoby urodzone pod znakiem zodiaku Baran, mi\u0119dzy 21 marca a 19 kwietnia, maj\u0105 swoje w\u0142asne, wyj\u0105tkowe osobowo\u015bci. Osoby spod znaku Barana s\u0105 pewne siebie i pe\u0142ne energii. Lubi\u0105 przejmowa\u0107 kontrol\u0119 i podejmowa\u0107 decyzje. To urodzeni przyw\u00f3dcy, kt\u00f3rzy nie boj\u0105 si\u0119 wyzwa\u0144. Osoby spod znaku Barana ceni\u0105 sobie szczero\u015b\u0107 i bycie sob\u0105. Dlatego Plakat ze Znakiem Zodiaku Barana jest dla nich wspania\u0142ym prezentem.<\/p>\r\n\r\n<h2 class=\"grenB f24 cblue\" style=\"margin-top: 3rem\">Spersonalizuj sw\u00f3j Plakat ze Znakiem Zodiaku Barana<\/h2>\r\n\r\n<p style=\"margin-top: 1rem\">Stworzenie w\u0142asnego, spersonalizowanego plakatu ze znakiem zodiaku Barana jest bardzo proste! Zrobisz to online za pomoc\u0105 prostego edytora. Po prostu wybierz styl i uk\u0142ad, kt\u00f3ry Ci si\u0119 podoba. Mo\u017cesz wybra\u0107 grafik\u0119 znaku zodiaku Barana lub konstelacj\u0119 gwiazd. Je\u015bli chcesz wykaza\u0107 si\u0119 kreatywno\u015bci\u0105, mo\u017cesz bawi\u0107 si\u0119 r\u00f3\u017cnymi kolorami lub wybiera\u0107 spo\u015br\u00f3d gotowych schemat\u00f3w kolor\u00f3w. Mo\u017cesz r\u00f3wnie\u017c do\u0142\u0105czy\u0107 dodatkowe informacje, takie jak kamie\u0144 narodzin, rz\u0105dz\u0105ca planeta lub specjalny symbol znaku zodiaku Barana. A je\u015bli nie masz pewno\u015bci, kt\u00f3ry znak zodiaku pasuje do okre\u015blonej daty urodzin, nie ma problemu! Po prostu wpisz dat\u0119 urodzenia, a edytor Ci powie.<\/p>\r\n\r\n<p style=\"margin-top: 1rem\">Kiedy nadejdzie czas na zam\u00f3wienie, masz wiele opcji do wyboru. Mo\u017cesz otrzyma\u0107 wydrukowany lub oprawiony plakat, wysokiej jako\u015bci p\u0142\u00f3tno, a nawet natychmiastowe cyfrowe pobranie. Ka\u017cdy znajdzie co\u015b dla siebie!<\/p>\r\n\r\n<h2 class=\"grenB f24 cblue\" style=\"margin-top: 3rem\">Zr\u00f3b niezapomniane wra\u017cenie Spersonalizowanym Prezentem<\/h2>\r\n\r\n<p style=\"margin-top: 1rem\">Baran &#8211; Plakat ze Znakiem Zodiaku to naprawd\u0119 wyj\u0105tkowy prezent, kt\u00f3ry pokazuje, jak bardzo Ci zale\u017cy. Nie jest to co\u015b, co mo\u017cna znale\u017a\u0107 na sklepowych p\u00f3\u0142kach. Jest niepowtarzalny i spersonalizowany tylko dla osoby, kt\u00f3rej go dajesz. Je\u015bli kochaj\u0105 gwiazdy i zastanawiaj\u0105 si\u0119 nad tajemnicami wszech\u015bwiata, ten prezent sprawi im naprawd\u0119 du\u017co rado\u015bci. To co\u015b, co b\u0119d\u0105 pami\u0119ta\u0107 i ceni\u0107. Nie czekaj wi\u0119c d\u0142u\u017cej! Zacznij tworzy\u0107 w\u0142asny spersonalizowany plakat ze znakiem zodiaku ju\u017c dzi\u015b i spraw, aby czyj\u015b \u015bwiat \u015bwieci\u0142 troch\u0119 ja\u015bniej!<\/p>","protected":false},"excerpt":{"rendered":"<ul class=\"check-list\">\n<li>Celebruj ognistego ducha Barana, tworz\u0105c wyj\u0105tkowy plakat ze Znakiem Zodiaku, idealnym prezentem dla Ciebie lub Twoich bliskich<\/li>\n<li>Odkryj cechy, kt\u00f3re sprawiaj\u0105, \u017ce Tw\u00f3j znak zodiaku jest jedyny w swoim rodzaju<\/li>\n<li>U\u017cyj jednego z naszych szablon\u00f3w lub daj popis swojej wyobra\u017ani<\/li>\n<li>Dodaj dedykacj\u0119 prosto z serca<\/li>\n<li>Interaktywny podgl\u0105d pozwoli dopracowa\u0107 ka\u017cdy szczeg\u00f3\u0142<\/li>\n<\/ul>\n","protected":false},"featured_media":652056,"template":"","meta":[],"product_brand":[],"product_cat":[9014,99],"product_tag":[9135],"class_list":{"0":"post-627710","1":"product","2":"type-product","3":"status-publish","4":"has-post-thumbnail","6":"product_cat-zodiac-pl","7":"product_cat-wszystkie-produkty","8":"product_tag-zodiac-pl","10":"first","11":"instock","12":"sale","13":"taxable","14":"shipping-taxable","15":"purchasable","16":"product-type-variable"},"yoast_head":"<!-- This site is optimized with the Yoast SEO Premium plugin v27.2 (Yoast SEO v27.2) - https:\/\/yoast.com\/product\/yoast-seo-premium-wordpress\/ -->\n<title>Baran - Plakat ze Znakiem Zodiaku - Positive Prints<\/title>\n<meta name=\"description\" content=\"Odkryj cudowny plakat ze znakiem zodiaku Barana - niesamowity prezent dla os\u00f3b spod tego znaku. Uczcij ich \u017c\u0105dnego przyg\u00f3d ducha tym wyj\u0105tkowym wydrukiem, kt\u00f3ry b\u0119dzie inspirowa\u0107 i przynosi\u0107 rado\u015b\u0107.\" \/>\n<meta name=\"robots\" content=\"index, follow, max-snippet:-1, max-image-preview:large, max-video-preview:-1\" \/>\n<link rel=\"canonical\" href=\"https:\/\/positiveprints.com\/pl\/produkt\/baran-plakat-ze-znakiem-zodiaku\/\" \/>\n<meta property=\"og:locale\" content=\"pl_PL\" \/>\n<meta property=\"og:type\" content=\"article\" \/>\n<meta property=\"og:title\" content=\"Baran - Plakat ze Znakiem Zodiaku\" \/>\n<meta property=\"og:description\" content=\"Celebruj ognistego ducha Barana, tworz\u0105c wyj\u0105tkowy plakat ze Znakiem Zodiaku, idealnym prezentem dla Ciebie lub Twoich bliskich Odkryj cechy, kt\u00f3re sprawiaj\u0105, \u017ce Tw\u00f3j znak zodiaku jest jedyny w swoim rodzaju U\u017cyj jednego z naszych szablon\u00f3w lub daj popis swojej wyobra\u017ani Dodaj dedykacj\u0119 prosto z serca Interaktywny podgl\u0105d pozwoli dopracowa\u0107 ka\u017cdy szczeg\u00f3\u0142\" \/>\n<meta property=\"og:url\" content=\"https:\/\/positiveprints.com\/pl\/produkt\/baran-plakat-ze-znakiem-zodiaku\/\" \/>\n<meta property=\"og:site_name\" content=\"Positive Prints\" \/>\n<meta property=\"article:publisher\" content=\"https:\/\/www.facebook.com\/positiveprintscom\" \/>\n<meta property=\"article:modified_time\" content=\"2026-04-12T21:01:53+00:00\" \/>\n<meta property=\"og:image\" content=\"https:\/\/positiveprints.com\/wp-content\/uploads\/2023\/08\/Aries-Zodiac-Art.jpg\" \/>\n\t<meta property=\"og:image:width\" content=\"1080\" \/>\n\t<meta property=\"og:image:height\" content=\"1080\" \/>\n\t<meta property=\"og:image:type\" content=\"image\/jpeg\" \/>\n<meta name=\"twitter:card\" content=\"summary_large_image\" \/>\n<meta name=\"twitter:label1\" content=\"Szacowany czas czytania\" \/>\n\t<meta name=\"twitter:data1\" content=\"2 minuty\" \/>\n<!-- \/ Yoast SEO Premium plugin. -->","yoast_head_json":{"title":"Baran - Plakat ze Znakiem Zodiaku - Positive Prints","description":"Odkryj cudowny plakat ze znakiem zodiaku Barana - niesamowity prezent dla os\u00f3b spod tego znaku. Uczcij ich \u017c\u0105dnego przyg\u00f3d ducha tym wyj\u0105tkowym wydrukiem, kt\u00f3ry b\u0119dzie inspirowa\u0107 i przynosi\u0107 rado\u015b\u0107.","robots":{"index":"index","follow":"follow","max-snippet":"max-snippet:-1","max-image-preview":"max-image-preview:large","max-video-preview":"max-video-preview:-1"},"canonical":"https:\/\/positiveprints.com\/pl\/produkt\/baran-plakat-ze-znakiem-zodiaku\/","og_locale":"pl_PL","og_type":"article","og_title":"Baran - Plakat ze Znakiem Zodiaku","og_description":"Celebruj ognistego ducha Barana, tworz\u0105c wyj\u0105tkowy plakat ze Znakiem Zodiaku, idealnym prezentem dla Ciebie lub Twoich bliskich Odkryj cechy, kt\u00f3re sprawiaj\u0105, \u017ce Tw\u00f3j znak zodiaku jest jedyny w swoim rodzaju U\u017cyj jednego z naszych szablon\u00f3w lub daj popis swojej wyobra\u017ani Dodaj dedykacj\u0119 prosto z serca Interaktywny podgl\u0105d pozwoli dopracowa\u0107 ka\u017cdy szczeg\u00f3\u0142","og_url":"https:\/\/positiveprints.com\/pl\/produkt\/baran-plakat-ze-znakiem-zodiaku\/","og_site_name":"Positive Prints","article_publisher":"https:\/\/www.facebook.com\/positiveprintscom","article_modified_time":"2026-04-12T21:01:53+00:00","og_image":[{"width":1080,"height":1080,"url":"https:\/\/positiveprints.com\/wp-content\/uploads\/2023\/08\/Aries-Zodiac-Art.jpg","type":"image\/jpeg"}],"twitter_card":"summary_large_image","twitter_misc":{"Szacowany czas czytania":"2 minuty"},"schema":{"@context":"https:\/\/schema.org","@graph":[{"@type":["WebPage","ItemPage"],"@id":"https:\/\/positiveprints.com\/pl\/produkt\/baran-plakat-ze-znakiem-zodiaku\/","url":"https:\/\/positiveprints.com\/pl\/produkt\/baran-plakat-ze-znakiem-zodiaku\/","name":"Baran - Plakat ze Znakiem Zodiaku - Positive Prints","isPartOf":{"@id":"https:\/\/positiveprints.com\/pl\/#website"},"primaryImageOfPage":{"@id":"https:\/\/positiveprints.com\/pl\/produkt\/baran-plakat-ze-znakiem-zodiaku\/#primaryimage"},"image":{"@id":"https:\/\/positiveprints.com\/pl\/produkt\/baran-plakat-ze-znakiem-zodiaku\/#primaryimage"},"thumbnailUrl":"https:\/\/positiveprints.com\/wp-content\/uploads\/2023\/08\/Aries-Zodiac-Art.jpg","datePublished":"2023-06-27T12:22:00+00:00","dateModified":"2026-04-12T21:01:53+00:00","description":"Odkryj cudowny plakat ze znakiem zodiaku Barana - niesamowity prezent dla os\u00f3b spod tego znaku. Uczcij ich \u017c\u0105dnego przyg\u00f3d ducha tym wyj\u0105tkowym wydrukiem, kt\u00f3ry b\u0119dzie inspirowa\u0107 i przynosi\u0107 rado\u015b\u0107.","breadcrumb":{"@id":"https:\/\/positiveprints.com\/pl\/produkt\/baran-plakat-ze-znakiem-zodiaku\/#breadcrumb"},"inLanguage":"pl-PL","potentialAction":[{"@type":"ReadAction","target":["https:\/\/positiveprints.com\/pl\/produkt\/baran-plakat-ze-znakiem-zodiaku\/"]}]},{"@type":"ImageObject","inLanguage":"pl-PL","@id":"https:\/\/positiveprints.com\/pl\/produkt\/baran-plakat-ze-znakiem-zodiaku\/#primaryimage","url":"https:\/\/positiveprints.com\/wp-content\/uploads\/2023\/08\/Aries-Zodiac-Art.jpg","contentUrl":"https:\/\/positiveprints.com\/wp-content\/uploads\/2023\/08\/Aries-Zodiac-Art.jpg","width":1080,"height":1080,"caption":"Aries Zodiac Art"},{"@type":"BreadcrumbList","@id":"https:\/\/positiveprints.com\/pl\/produkt\/baran-plakat-ze-znakiem-zodiaku\/#breadcrumb","itemListElement":[{"@type":"ListItem","position":1,"name":"Home","item":"https:\/\/positiveprints.com\/pl\/"},{"@type":"ListItem","position":2,"name":"Produkty","item":"https:\/\/positiveprints.com\/pl\/shop\/"},{"@type":"ListItem","position":3,"name":"Baran &#8211; Plakat ze Znakiem Zodiaku"}]},{"@type":"WebSite","@id":"https:\/\/positiveprints.com\/pl\/#website","url":"https:\/\/positiveprints.com\/pl\/","name":"Positive Prints","description":"Amazing Custom Personalized Gifts","publisher":{"@id":"https:\/\/positiveprints.com\/pl\/#organization"},"potentialAction":[{"@type":"SearchAction","target":{"@type":"EntryPoint","urlTemplate":"https:\/\/positiveprints.com\/pl\/?s={search_term_string}"},"query-input":{"@type":"PropertyValueSpecification","valueRequired":true,"valueName":"search_term_string"}}],"inLanguage":"pl-PL"},{"@type":"Organization","@id":"https:\/\/positiveprints.com\/pl\/#organization","name":"Positive Prints","alternateName":"Positive Prints","url":"https:\/\/positiveprints.com\/pl\/","logo":{"@type":"ImageObject","inLanguage":"pl-PL","@id":"https:\/\/positiveprints.com\/pl\/#\/schema\/logo\/image\/","url":"https:\/\/positiveprints.com\/wp-content\/uploads\/2026\/03\/245815646_1337939713319158_5671353136411139666_n.png","contentUrl":"https:\/\/positiveprints.com\/wp-content\/uploads\/2026\/03\/245815646_1337939713319158_5671353136411139666_n.png","width":800,"height":800,"caption":"Positive Prints"},"image":{"@id":"https:\/\/positiveprints.com\/pl\/#\/schema\/logo\/image\/"},"sameAs":["https:\/\/www.facebook.com\/positiveprintscom","https:\/\/www.instagram.com\/positiveprintscom\/","https:\/\/www.tiktok.com\/@positiveprintscom","https:\/\/www.pinterest.com\/positiveprintscom\/"]}]}},"jetpack_sharing_enabled":true,"_links":{"self":[{"href":"https:\/\/positiveprints.com\/pl\/wp-json\/wp\/v2\/product\/627710","targetHints":{"allow":["GET"]}}],"collection":[{"href":"https:\/\/positiveprints.com\/pl\/wp-json\/wp\/v2\/product"}],"about":[{"href":"https:\/\/positiveprints.com\/pl\/wp-json\/wp\/v2\/types\/product"}],"wp:featuredmedia":[{"embeddable":true,"href":"https:\/\/positiveprints.com\/pl\/wp-json\/wp\/v2\/media\/652056"}],"wp:attachment":[{"href":"https:\/\/positiveprints.com\/pl\/wp-json\/wp\/v2\/media?parent=627710"}],"wp:term":[{"taxonomy":"product_brand","embeddable":true,"href":"https:\/\/positiveprints.com\/pl\/wp-json\/wp\/v2\/product_brand?post=627710"},{"taxonomy":"product_cat","embeddable":true,"href":"https:\/\/positiveprints.com\/pl\/wp-json\/wp\/v2\/product_cat?post=627710"},{"taxonomy":"product_tag","embeddable":true,"href":"https:\/\/positiveprints.com\/pl\/wp-json\/wp\/v2\/product_tag?post=627710"}],"curies":[{"name":"wp","href":"https:\/\/api.w.org\/{rel}","templated":true}]}}