{"id":627545,"date":"2023-05-31T13:23:14","date_gmt":"2023-05-31T12:23:14","guid":{"rendered":"https:\/\/positiveprints.com\/?post_type=product&#038;p=627545"},"modified":"2026-04-18T05:44:48","modified_gmt":"2026-04-18T04:44:48","slug":"znak-zodiaku-plakat","status":"publish","type":"product","link":"https:\/\/positiveprints.com\/pl\/produkt\/znak-zodiaku-plakat\/","title":{"rendered":"Znak Zodiaku &#8211; Plakat"},"content":{"rendered":"<h2 class=\"grenB f24 cblue\" style=\"margin-top: 3rem\">Spersonalizowany plakat ze znakiem zodiaku na ka\u017cd\u0105 okazj\u0119<\/h2>\r\n\r\n<p style=\"margin-top: 1rem\">Plakat ze znakiem zodiaku to wyj\u0105tkowy prezent, kt\u00f3ry mo\u017cesz dostosowa\u0107 do ka\u017cdej specjalnej okazji. Je\u015bli znasz kogo\u015b, kto interesuje si\u0119 astrologi\u0105 i znakami zodiaku, to idealny upominek dla niego lub niej. Urodziny, Bo\u017ce Narodzenie, a mo\u017ce prezent bez okazji?<\/p>\r\n\r\n<p style=\"margin-top: 1rem\">Na plakacie lub p\u0142\u00f3tnie mo\u017cesz umie\u015bci\u0107 pi\u0119kn\u0105 ilustracj\u0119 znaku zodiaku lub konstelacji oraz spersonalizowany tekst. To Ty decydujesz, jak b\u0119dzie wygl\u0105da\u0142 efekt ko\u0144cowy!<\/p>\r\n\r\n<h2 class=\"grenB f24 cblue\" style=\"margin-top: 3rem\">Tworzenie plakatu jest proste i przyjemne<\/h2>\r\n\r\n<p style=\"margin-top: 1rem\">Dzi\u0119ki naszemu intuicyjnemu edytorowi online, stworzysz sw\u00f3j plakat w kilka minut, nawet na telefonie. Wybierz styl, uk\u0142ad, kolorystyk\u0119 i ilustracj\u0119: klasyczn\u0105 konstelacj\u0119 gwiazd lub graficzny znak zodiaku. Mo\u017cesz te\u017c doda\u0107 informacje o kamieniu narodzin, planecie opieku\u0144czej czy specjalnym symbolu.<\/p>\r\n\r\n<p style=\"margin-top: 1rem\">Nie jeste\u015b pewien, jaki znak zodiaku przypada na dan\u0105 dat\u0119? Po prostu wpisz dat\u0119 urodzenia, a nasz edytor zrobi reszt\u0119!<\/p>\r\n\r\n<p style=\"margin-top: 1rem\">Oferujemy r\u00f3\u017cne formaty i rozmiary. Mo\u017cesz zam\u00f3wi\u0107 plakat w wersji drukowanej, oprawionej, na p\u0142\u00f3tnie lub jako plik cyfrowy do samodzielnego wydruku.<\/p>\r\n\r\n<h2 class=\"grenB f24 cblue\" style=\"margin-top: 3rem\">Wyj\u0105tkowy prezent dla mi\u0142o\u015bnik\u00f3w zodiaku<\/h2>\r\n\r\n<p style=\"margin-top: 1rem\">Plakat ze znakiem zodiaku to przemy\u015blany i niepowtarzalny prezent, kt\u00f3rego nie znajdziesz w zwyk\u0142ych sklepach. Je\u015bli w\u015br\u00f3d Twoich bliskich jest kto\u015b, kto uwielbia gwiazdy i astrologi\u0119, taki upominek z pewno\u015bci\u0105 wywo\u0142a u\u015bmiech na jego twarzy.<\/p>\r\n\r\n<p style=\"margin-top: 1rem\">Stw\u00f3rz w\u0142asny, niepowtarzalny plakat w kilka chwil i podaruj komu\u015b rado\u015b\u0107<\/p>","protected":false},"excerpt":{"rendered":"<ul class=\"check-list\">\n<li>Poka\u017c wyj\u0105tkow\u0105 osobowo\u015b\u0107 bliskiej Ci osoby dzi\u0119ki plakatowi ze znakiem zodiaku<\/li>\n<li>Odkryj, co sprawia, \u017ce jej znak zodiaku jest naprawd\u0119 wyj\u0105tkowy<\/li>\n<li>Dodaj dedykacj\u0119 prosto z serca<\/li>\n<li>Interaktywny podgl\u0105d pozwoli dopracowa\u0107 ka\u017cdy szczeg\u00f3\u0142<\/li>\n<\/ul>\n","protected":false},"featured_media":1527233,"template":"","meta":[],"product_brand":[],"product_cat":[15114,8238,9014,99,262,11545,11546,11547,11548,11636,11637,11638,11639],"product_tag":[14956,15532],"class_list":{"0":"post-627545","1":"product","2":"type-product","3":"status-publish","4":"has-post-thumbnail","6":"product_cat-bestsellers-menu-pl","7":"product_cat-digital-products-pl","8":"product_cat-zodiac-pl","9":"product_cat-wszystkie-produkty","10":"product_cat-creators-pl","11":"product_cat-18-urodziny","12":"product_cat-21-urodziny","13":"product_cat-30-urodziny","14":"product_cat-40-urodziny","15":"product_cat-50-urodziny","16":"product_cat-60-urodziny","17":"product_cat-70-urodziny","18":"product_cat-80-urodziny","19":"product_tag-creators-pl-2","20":"product_tag-plakat-znak-zodiaku","22":"first","23":"instock","24":"sale","25":"taxable","26":"shipping-taxable","27":"purchasable","28":"product-type-variable"},"yoast_head":"<!-- This site is optimized with the Yoast SEO Premium plugin v27.2 (Yoast SEO v27.2) - https:\/\/yoast.com\/product\/yoast-seo-premium-wordpress\/ -->\n<title>Znak Zodiaku - Plakat - Positive Prints<\/title>\n<meta name=\"description\" content=\"Uwolnij magi\u0119 Znak\u00f3w Zodiaku - tworz\u0105c idealny prezent dla mi\u0142o\u015bnik\u00f3w astrologii. Uczcij ich wyj\u0105tkow\u0105 osobowo\u015b\u0107 za pomoc\u0105 tej specjalnej grafiki, kt\u00f3ra zainspiruje i przyniesie wiele rado\u015bci.\" \/>\n<meta name=\"robots\" content=\"index, follow, max-snippet:-1, max-image-preview:large, max-video-preview:-1\" \/>\n<link rel=\"canonical\" href=\"https:\/\/positiveprints.com\/pl\/produkt\/znak-zodiaku-plakat\/\" \/>\n<meta property=\"og:locale\" content=\"pl_PL\" \/>\n<meta property=\"og:type\" content=\"article\" \/>\n<meta property=\"og:title\" content=\"Znak Zodiaku - Plakat\" \/>\n<meta property=\"og:description\" content=\"Poka\u017c wyj\u0105tkow\u0105 osobowo\u015b\u0107 bliskiej Ci osoby dzi\u0119ki plakatowi ze znakiem zodiaku Odkryj, co sprawia, \u017ce jej znak zodiaku jest naprawd\u0119 wyj\u0105tkowy Dodaj dedykacj\u0119 prosto z serca Interaktywny podgl\u0105d pozwoli dopracowa\u0107 ka\u017cdy szczeg\u00f3\u0142\" \/>\n<meta property=\"og:url\" content=\"https:\/\/positiveprints.com\/pl\/produkt\/znak-zodiaku-plakat\/\" \/>\n<meta property=\"og:site_name\" content=\"Positive Prints\" \/>\n<meta property=\"article:publisher\" content=\"https:\/\/www.facebook.com\/positiveprintscom\" \/>\n<meta property=\"article:modified_time\" content=\"2026-04-18T04:44:48+00:00\" \/>\n<meta property=\"og:image\" content=\"https:\/\/positiveprints.com\/wp-content\/uploads\/2023\/08\/Znak-Zodiaku-Plakat.jpg\" \/>\n\t<meta property=\"og:image:width\" content=\"1080\" \/>\n\t<meta property=\"og:image:height\" content=\"1080\" \/>\n\t<meta property=\"og:image:type\" content=\"image\/jpeg\" \/>\n<meta name=\"twitter:card\" content=\"summary_large_image\" \/>\n<meta name=\"twitter:label1\" content=\"Szacowany czas czytania\" \/>\n\t<meta name=\"twitter:data1\" content=\"2 minuty\" \/>\n<!-- \/ Yoast SEO Premium plugin. -->","yoast_head_json":{"title":"Znak Zodiaku - Plakat - Positive Prints","description":"Uwolnij magi\u0119 Znak\u00f3w Zodiaku - tworz\u0105c idealny prezent dla mi\u0142o\u015bnik\u00f3w astrologii. Uczcij ich wyj\u0105tkow\u0105 osobowo\u015b\u0107 za pomoc\u0105 tej specjalnej grafiki, kt\u00f3ra zainspiruje i przyniesie wiele rado\u015bci.","robots":{"index":"index","follow":"follow","max-snippet":"max-snippet:-1","max-image-preview":"max-image-preview:large","max-video-preview":"max-video-preview:-1"},"canonical":"https:\/\/positiveprints.com\/pl\/produkt\/znak-zodiaku-plakat\/","og_locale":"pl_PL","og_type":"article","og_title":"Znak Zodiaku - Plakat","og_description":"Poka\u017c wyj\u0105tkow\u0105 osobowo\u015b\u0107 bliskiej Ci osoby dzi\u0119ki plakatowi ze znakiem zodiaku Odkryj, co sprawia, \u017ce jej znak zodiaku jest naprawd\u0119 wyj\u0105tkowy Dodaj dedykacj\u0119 prosto z serca Interaktywny podgl\u0105d pozwoli dopracowa\u0107 ka\u017cdy szczeg\u00f3\u0142","og_url":"https:\/\/positiveprints.com\/pl\/produkt\/znak-zodiaku-plakat\/","og_site_name":"Positive Prints","article_publisher":"https:\/\/www.facebook.com\/positiveprintscom","article_modified_time":"2026-04-18T04:44:48+00:00","og_image":[{"width":1080,"height":1080,"url":"https:\/\/positiveprints.com\/wp-content\/uploads\/2023\/08\/Znak-Zodiaku-Plakat.jpg","type":"image\/jpeg"}],"twitter_card":"summary_large_image","twitter_misc":{"Szacowany czas czytania":"2 minuty"},"schema":{"@context":"https:\/\/schema.org","@graph":[{"@type":["WebPage","ItemPage"],"@id":"https:\/\/positiveprints.com\/pl\/produkt\/znak-zodiaku-plakat\/","url":"https:\/\/positiveprints.com\/pl\/produkt\/znak-zodiaku-plakat\/","name":"Znak Zodiaku - Plakat - Positive Prints","isPartOf":{"@id":"https:\/\/positiveprints.com\/pl\/#website"},"primaryImageOfPage":{"@id":"https:\/\/positiveprints.com\/pl\/produkt\/znak-zodiaku-plakat\/#primaryimage"},"image":{"@id":"https:\/\/positiveprints.com\/pl\/produkt\/znak-zodiaku-plakat\/#primaryimage"},"thumbnailUrl":"https:\/\/positiveprints.com\/wp-content\/uploads\/2025\/09\/Packshot_PL_Znak-Zodiaku-Plakat.webp","datePublished":"2023-05-31T12:23:14+00:00","dateModified":"2026-04-18T04:44:48+00:00","description":"Uwolnij magi\u0119 Znak\u00f3w Zodiaku - tworz\u0105c idealny prezent dla mi\u0142o\u015bnik\u00f3w astrologii. Uczcij ich wyj\u0105tkow\u0105 osobowo\u015b\u0107 za pomoc\u0105 tej specjalnej grafiki, kt\u00f3ra zainspiruje i przyniesie wiele rado\u015bci.","breadcrumb":{"@id":"https:\/\/positiveprints.com\/pl\/produkt\/znak-zodiaku-plakat\/#breadcrumb"},"inLanguage":"pl-PL","potentialAction":[{"@type":"ReadAction","target":["https:\/\/positiveprints.com\/pl\/produkt\/znak-zodiaku-plakat\/"]}]},{"@type":"ImageObject","inLanguage":"pl-PL","@id":"https:\/\/positiveprints.com\/pl\/produkt\/znak-zodiaku-plakat\/#primaryimage","url":"https:\/\/positiveprints.com\/wp-content\/uploads\/2025\/09\/Packshot_PL_Znak-Zodiaku-Plakat.webp","contentUrl":"https:\/\/positiveprints.com\/wp-content\/uploads\/2025\/09\/Packshot_PL_Znak-Zodiaku-Plakat.webp","width":1450,"height":1450},{"@type":"BreadcrumbList","@id":"https:\/\/positiveprints.com\/pl\/produkt\/znak-zodiaku-plakat\/#breadcrumb","itemListElement":[{"@type":"ListItem","position":1,"name":"Home","item":"https:\/\/positiveprints.com\/pl\/"},{"@type":"ListItem","position":2,"name":"Produkty","item":"https:\/\/positiveprints.com\/pl\/shop\/"},{"@type":"ListItem","position":3,"name":"Znak Zodiaku &#8211; Plakat"}]},{"@type":"WebSite","@id":"https:\/\/positiveprints.com\/pl\/#website","url":"https:\/\/positiveprints.com\/pl\/","name":"Positive Prints","description":"Amazing Custom Personalized Gifts","publisher":{"@id":"https:\/\/positiveprints.com\/pl\/#organization"},"potentialAction":[{"@type":"SearchAction","target":{"@type":"EntryPoint","urlTemplate":"https:\/\/positiveprints.com\/pl\/?s={search_term_string}"},"query-input":{"@type":"PropertyValueSpecification","valueRequired":true,"valueName":"search_term_string"}}],"inLanguage":"pl-PL"},{"@type":"Organization","@id":"https:\/\/positiveprints.com\/pl\/#organization","name":"Positive Prints","alternateName":"Positive Prints","url":"https:\/\/positiveprints.com\/pl\/","logo":{"@type":"ImageObject","inLanguage":"pl-PL","@id":"https:\/\/positiveprints.com\/pl\/#\/schema\/logo\/image\/","url":"https:\/\/positiveprints.com\/wp-content\/uploads\/2026\/03\/245815646_1337939713319158_5671353136411139666_n.png","contentUrl":"https:\/\/positiveprints.com\/wp-content\/uploads\/2026\/03\/245815646_1337939713319158_5671353136411139666_n.png","width":800,"height":800,"caption":"Positive Prints"},"image":{"@id":"https:\/\/positiveprints.com\/pl\/#\/schema\/logo\/image\/"},"sameAs":["https:\/\/www.facebook.com\/positiveprintscom","https:\/\/www.instagram.com\/positiveprintscom\/","https:\/\/www.tiktok.com\/@positiveprintscom","https:\/\/www.pinterest.com\/positiveprintscom\/"]}]}},"jetpack_sharing_enabled":true,"_links":{"self":[{"href":"https:\/\/positiveprints.com\/pl\/wp-json\/wp\/v2\/product\/627545","targetHints":{"allow":["GET"]}}],"collection":[{"href":"https:\/\/positiveprints.com\/pl\/wp-json\/wp\/v2\/product"}],"about":[{"href":"https:\/\/positiveprints.com\/pl\/wp-json\/wp\/v2\/types\/product"}],"wp:featuredmedia":[{"embeddable":true,"href":"https:\/\/positiveprints.com\/pl\/wp-json\/wp\/v2\/media\/1527233"}],"wp:attachment":[{"href":"https:\/\/positiveprints.com\/pl\/wp-json\/wp\/v2\/media?parent=627545"}],"wp:term":[{"taxonomy":"product_brand","embeddable":true,"href":"https:\/\/positiveprints.com\/pl\/wp-json\/wp\/v2\/product_brand?post=627545"},{"taxonomy":"product_cat","embeddable":true,"href":"https:\/\/positiveprints.com\/pl\/wp-json\/wp\/v2\/product_cat?post=627545"},{"taxonomy":"product_tag","embeddable":true,"href":"https:\/\/positiveprints.com\/pl\/wp-json\/wp\/v2\/product_tag?post=627545"}],"curies":[{"name":"wp","href":"https:\/\/api.w.org\/{rel}","templated":true}]}}