{"id":622527,"date":"2023-05-11T10:41:07","date_gmt":"2023-05-11T09:41:07","guid":{"rendered":"https:\/\/positiveprints.com\/?post_type=product&#038;p=622527"},"modified":"2026-04-28T14:20:21","modified_gmt":"2026-04-28T13:20:21","slug":"siostra-fotokolaz","status":"publish","type":"product","link":"https:\/\/positiveprints.com\/pl\/produkt\/siostra-fotokolaz\/","title":{"rendered":"Siostra &#8211; Fotokola\u017c"},"content":{"rendered":"<p style=\"margin-top: 1rem\">Siostra &#8211; Kola\u017c ze Zdj\u0119\u0107 w Formie Napisu to spersonalizowany i niepowtarzalny prezent dla siostry. Niezale\u017cnie od tego, czy jest to na jej urodziny, Bo\u017ce Narodzenie, czy zupe\u0142nie bez okazji, Kola\u017c ze Zdj\u0119\u0107 w Formie Napisu oferuje pi\u0119kny spos\u00f3b na zaprezentowanie cennych wspomnie\u0144. Mo\u017cesz wybra\u0107 s\u0142owo, kt\u00f3re najlepiej odzwierciedla wi\u0119\u017a mi\u0119dzy tob\u0105 a twoj\u0105 siostr\u0105, lub po prostu przeliterowa\u0107 s\u0142owo \u201esiostra\u201d. Mo\u017cliwo\u015bci s\u0105 nieograniczone i tylko od Ciebie zale\u017cy, jak bardzo chcesz by\u0107 kreatywny. Ka\u017cda litera kola\u017cu sk\u0142ada si\u0119 z Twoich w\u0142asnych zdj\u0119\u0107, dzi\u0119ki czemu jest to naprawd\u0119 jedyny w swoim rodzaju prezent.<\/p>\r\n\r\n\r\n<p style=\"margin-top: 1rem\">Stworzenie Kola\u017cu ze Zdj\u0119\u0107 w Formie Napisu dla siostry jest niezwykle proste dzi\u0119ki naszemu \u0142atwemu w obs\u0142udze kreatorowi. Najpierw nale\u017cy wybra\u0107 s\u0142owo, kt\u00f3rego chcesz u\u017cy\u0107 w swoim kola\u017cu. Nast\u0119pnie prze\u015blij w\u0142asne zdj\u0119cia i wybierz te, kt\u00f3rych chcesz u\u017cy\u0107 dla ka\u017cdej litery. Mo\u017cesz powi\u0119kszy\u0107 lub pomniejszy\u0107 ka\u017cde zdj\u0119cie i dostosowa\u0107 ich po\u0142o\u017cenie do w\u0142asnych preferencji.<\/p>\r\n\r\n\r\n<p style=\"margin-top: 1rem\">Gdy b\u0119dziesz zadowolony z u\u0142o\u017cenia zdj\u0119\u0107, mo\u017cesz doda\u0107 spersonalizowan\u0105 wiadomo\u015b\u0107 pod kola\u017cem. To doskona\u0142y spos\u00f3b na dodanie osobistego akcentu do prezentu i przekazanie szczerego uczucia. Po wykonaniu tego kroku mo\u017cesz wybra\u0107 idealny format i rozmiar swojego Kola\u017cu ze Zdj\u0119\u0107 w Formie Napisu. Drukowane plakaty, plakaty w ramkach, p\u0142\u00f3tno i cyfrowe pliki do natychmiastowego pobrania to wszystkie dost\u0119pne opcje. W mgnieniu oka otrzymasz jedyny w swoim rodzaju prezent.<\/p>\r\n\r\n\r\n<p style=\"margin-top: 1rem\">Siostry s\u0105 cz\u0119sto najbli\u017cszymi wi\u0119ziami, kt\u00f3re \u0142\u0105cz\u0105 ludzi w ich \u017cyciu i zas\u0142uguj\u0105 na wszystko, co najlepsze. Dlaczego wi\u0119c nie stworzy\u0107 niezapomnianego i niewiarygodnie wyj\u0105tkowego dzie\u0142a sztuki za pomoc\u0105 Kola\u017cu ze Zdj\u0119\u0107 w Formie Napisu? Sprawi, \u017ce Twoja siostra poczuje si\u0119 wyj\u0105tkowa i kochana. Dlatego ju\u017c dzi\u015b zam\u00f3w &#8220;Siostra &#8211; Kola\u017c ze Zdj\u0119\u0107 w Formie Napisu&#8221; i podaruj idealny prezent, kt\u00f3ry b\u0119dzie ceniony przez lata.<\/p>","protected":false},"excerpt":{"rendered":"<ul class=\"check-list\">\n<li>Dodaj dedykacj\u0119 prosto z serca<\/li>\n<li>Spersonalizuj w 3 prostych krokach<\/li>\n<li>Wybierz jeden z naszych szablon\u00f3w lub stw\u00f3rz w\u0142asny<\/li>\n<li>Interaktywny podgl\u0105d pozwoli dopracowa\u0107 ka\u017cdy szczeg\u00f3\u0142<\/li>\n<\/ul>\n","protected":false},"featured_media":1669913,"template":"","meta":[],"product_brand":[],"product_cat":[9279,8829,99,5271,11416,7739],"product_tag":[12777,12776,12626,12625],"class_list":{"0":"post-622527","1":"product","2":"type-product","3":"status-publish","4":"has-post-thumbnail","6":"product_cat-bestsellers-label-pl","7":"product_cat-kolaz-ze-zdjec-w-formie-napisu","8":"product_cat-wszystkie-produkty","9":"product_cat-prezent-na-boze-narodzenie","10":"product_cat-prezenty-pod-choinke-dla-siostry","11":"product_cat-prezent-dla-siostry","12":"product_tag-prezent-dla-siostry","13":"product_tag-prezent-pod-choinke-dla-siostry","14":"product_tag-prezenty-dla-siostry","15":"product_tag-siostra","17":"first","18":"instock","19":"sale","20":"taxable","21":"shipping-taxable","22":"purchasable","23":"product-type-variable"},"yoast_head":"<!-- This site is optimized with the Yoast SEO Premium plugin v27.2 (Yoast SEO v27.2) - https:\/\/yoast.com\/product\/yoast-seo-premium-wordpress\/ -->\n<title>Siostra - Fotokola\u017c - Positive Prints<\/title>\n<meta name=\"description\" content=\"Kola\u017c ze Zdj\u0119\u0107 w Formie Napisu pozwala stworzy\u0107 spersonalizowany i niepowtarzalny prezent dla siostry. Sprawi, \u017ce Twoja siostra poczuje si\u0119 wyj\u0105tkowa i kochana.\" \/>\n<meta name=\"robots\" content=\"index, follow, max-snippet:-1, max-image-preview:large, max-video-preview:-1\" \/>\n<link rel=\"canonical\" href=\"https:\/\/positiveprints.com\/pl\/produkt\/siostra-fotokolaz\/\" \/>\n<meta property=\"og:locale\" content=\"pl_PL\" \/>\n<meta property=\"og:type\" content=\"article\" \/>\n<meta property=\"og:title\" content=\"Siostra - Fotokola\u017c\" \/>\n<meta property=\"og:description\" content=\"Dodaj dedykacj\u0119 prosto z serca  Spersonalizuj w 3 prostych krokach  Wybierz jeden z naszych szablon\u00f3w lub stw\u00f3rz w\u0142asny  Interaktywny podgl\u0105d pozwoli dopracowa\u0107 ka\u017cdy szczeg\u00f3\u0142\" \/>\n<meta property=\"og:url\" content=\"https:\/\/positiveprints.com\/pl\/produkt\/siostra-fotokolaz\/\" \/>\n<meta property=\"og:site_name\" content=\"Positive Prints\" \/>\n<meta property=\"article:publisher\" content=\"https:\/\/www.facebook.com\/positiveprintscom\" \/>\n<meta property=\"article:modified_time\" content=\"2026-04-28T13:20:21+00:00\" \/>\n<meta property=\"og:image\" content=\"https:\/\/positiveprints.com\/wp-content\/uploads\/2025\/03\/Siostra-Fotokolaz-1-1.webp\" \/>\n\t<meta property=\"og:image:width\" content=\"1450\" \/>\n\t<meta property=\"og:image:height\" content=\"1450\" \/>\n\t<meta property=\"og:image:type\" content=\"image\/webp\" \/>\n<meta name=\"twitter:card\" content=\"summary_large_image\" \/>\n<!-- \/ Yoast SEO Premium plugin. -->","yoast_head_json":{"title":"Siostra - Fotokola\u017c - Positive Prints","description":"Kola\u017c ze Zdj\u0119\u0107 w Formie Napisu pozwala stworzy\u0107 spersonalizowany i niepowtarzalny prezent dla siostry. Sprawi, \u017ce Twoja siostra poczuje si\u0119 wyj\u0105tkowa i kochana.","robots":{"index":"index","follow":"follow","max-snippet":"max-snippet:-1","max-image-preview":"max-image-preview:large","max-video-preview":"max-video-preview:-1"},"canonical":"https:\/\/positiveprints.com\/pl\/produkt\/siostra-fotokolaz\/","og_locale":"pl_PL","og_type":"article","og_title":"Siostra - Fotokola\u017c","og_description":"Dodaj dedykacj\u0119 prosto z serca  Spersonalizuj w 3 prostych krokach  Wybierz jeden z naszych szablon\u00f3w lub stw\u00f3rz w\u0142asny  Interaktywny podgl\u0105d pozwoli dopracowa\u0107 ka\u017cdy szczeg\u00f3\u0142","og_url":"https:\/\/positiveprints.com\/pl\/produkt\/siostra-fotokolaz\/","og_site_name":"Positive Prints","article_publisher":"https:\/\/www.facebook.com\/positiveprintscom","article_modified_time":"2026-04-28T13:20:21+00:00","og_image":[{"width":1450,"height":1450,"url":"https:\/\/positiveprints.com\/wp-content\/uploads\/2025\/03\/Siostra-Fotokolaz-1-1.webp","type":"image\/webp"}],"twitter_card":"summary_large_image","schema":{"@context":"https:\/\/schema.org","@graph":[{"@type":["WebPage","ItemPage"],"@id":"https:\/\/positiveprints.com\/pl\/produkt\/siostra-fotokolaz\/","url":"https:\/\/positiveprints.com\/pl\/produkt\/siostra-fotokolaz\/","name":"Siostra - Fotokola\u017c - Positive Prints","isPartOf":{"@id":"https:\/\/positiveprints.com\/pl\/#website"},"primaryImageOfPage":{"@id":"https:\/\/positiveprints.com\/pl\/produkt\/siostra-fotokolaz\/#primaryimage"},"image":{"@id":"https:\/\/positiveprints.com\/pl\/produkt\/siostra-fotokolaz\/#primaryimage"},"thumbnailUrl":"https:\/\/positiveprints.com\/wp-content\/uploads\/2026\/03\/siostra_PL.webp","datePublished":"2023-05-11T09:41:07+00:00","dateModified":"2026-04-28T13:20:21+00:00","description":"Kola\u017c ze Zdj\u0119\u0107 w Formie Napisu pozwala stworzy\u0107 spersonalizowany i niepowtarzalny prezent dla siostry. Sprawi, \u017ce Twoja siostra poczuje si\u0119 wyj\u0105tkowa i kochana.","breadcrumb":{"@id":"https:\/\/positiveprints.com\/pl\/produkt\/siostra-fotokolaz\/#breadcrumb"},"inLanguage":"pl-PL","potentialAction":[{"@type":"ReadAction","target":["https:\/\/positiveprints.com\/pl\/produkt\/siostra-fotokolaz\/"]}]},{"@type":"ImageObject","inLanguage":"pl-PL","@id":"https:\/\/positiveprints.com\/pl\/produkt\/siostra-fotokolaz\/#primaryimage","url":"https:\/\/positiveprints.com\/wp-content\/uploads\/2026\/03\/siostra_PL.webp","contentUrl":"https:\/\/positiveprints.com\/wp-content\/uploads\/2026\/03\/siostra_PL.webp","width":1450,"height":1450},{"@type":"BreadcrumbList","@id":"https:\/\/positiveprints.com\/pl\/produkt\/siostra-fotokolaz\/#breadcrumb","itemListElement":[{"@type":"ListItem","position":1,"name":"Home","item":"https:\/\/positiveprints.com\/pl\/"},{"@type":"ListItem","position":2,"name":"Produkty","item":"https:\/\/positiveprints.com\/pl\/shop\/"},{"@type":"ListItem","position":3,"name":"Siostra &#8211; Fotokola\u017c"}]},{"@type":"WebSite","@id":"https:\/\/positiveprints.com\/pl\/#website","url":"https:\/\/positiveprints.com\/pl\/","name":"Positive Prints","description":"Amazing Custom Personalized Gifts","publisher":{"@id":"https:\/\/positiveprints.com\/pl\/#organization"},"potentialAction":[{"@type":"SearchAction","target":{"@type":"EntryPoint","urlTemplate":"https:\/\/positiveprints.com\/pl\/?s={search_term_string}"},"query-input":{"@type":"PropertyValueSpecification","valueRequired":true,"valueName":"search_term_string"}}],"inLanguage":"pl-PL"},{"@type":"Organization","@id":"https:\/\/positiveprints.com\/pl\/#organization","name":"Positive Prints","alternateName":"Positive Prints","url":"https:\/\/positiveprints.com\/pl\/","logo":{"@type":"ImageObject","inLanguage":"pl-PL","@id":"https:\/\/positiveprints.com\/pl\/#\/schema\/logo\/image\/","url":"https:\/\/positiveprints.com\/wp-content\/uploads\/2026\/03\/245815646_1337939713319158_5671353136411139666_n.png","contentUrl":"https:\/\/positiveprints.com\/wp-content\/uploads\/2026\/03\/245815646_1337939713319158_5671353136411139666_n.png","width":800,"height":800,"caption":"Positive Prints"},"image":{"@id":"https:\/\/positiveprints.com\/pl\/#\/schema\/logo\/image\/"},"sameAs":["https:\/\/www.facebook.com\/positiveprintscom","https:\/\/www.instagram.com\/positiveprintscom\/","https:\/\/www.tiktok.com\/@positiveprintscom","https:\/\/www.pinterest.com\/positiveprintscom\/"]}]}},"jetpack_sharing_enabled":true,"_links":{"self":[{"href":"https:\/\/positiveprints.com\/pl\/wp-json\/wp\/v2\/product\/622527","targetHints":{"allow":["GET"]}}],"collection":[{"href":"https:\/\/positiveprints.com\/pl\/wp-json\/wp\/v2\/product"}],"about":[{"href":"https:\/\/positiveprints.com\/pl\/wp-json\/wp\/v2\/types\/product"}],"wp:featuredmedia":[{"embeddable":true,"href":"https:\/\/positiveprints.com\/pl\/wp-json\/wp\/v2\/media\/1669913"}],"wp:attachment":[{"href":"https:\/\/positiveprints.com\/pl\/wp-json\/wp\/v2\/media?parent=622527"}],"wp:term":[{"taxonomy":"product_brand","embeddable":true,"href":"https:\/\/positiveprints.com\/pl\/wp-json\/wp\/v2\/product_brand?post=622527"},{"taxonomy":"product_cat","embeddable":true,"href":"https:\/\/positiveprints.com\/pl\/wp-json\/wp\/v2\/product_cat?post=622527"},{"taxonomy":"product_tag","embeddable":true,"href":"https:\/\/positiveprints.com\/pl\/wp-json\/wp\/v2\/product_tag?post=622527"}],"curies":[{"name":"wp","href":"https:\/\/api.w.org\/{rel}","templated":true}]}}