{"id":621663,"date":"2023-05-11T09:03:07","date_gmt":"2023-06-16T12:44:18","guid":{"rendered":"https:\/\/positiveprints.com\/?post_type=product&#038;p=621663"},"modified":"2026-04-03T03:16:17","modified_gmt":"2026-04-03T02:16:17","slug":"dom-kolaz-ze-zdjec-w-formie-napisu","status":"publish","type":"product","link":"https:\/\/positiveprints.com\/pl\/produkt\/dom-kolaz-ze-zdjec-w-formie-napisu\/","title":{"rendered":"Dom &#8211; Kola\u017c ze Zdj\u0119\u0107 w Formie Napisu"},"content":{"rendered":"<p style=\"margin-top: 1rem\">Dom &#8211; Kola\u017c ze Zdj\u0119\u0107 w Formie Napisu to idealny spersonalizowany prezent na ka\u017cd\u0105 okazj\u0119. Niezale\u017cnie od tego, czy szukasz prezentu na parapet\u00f3wk\u0119, czy specjalnej pami\u0105tki dla ukochanej osoby, ten kreatywny i wyj\u0105tkowy kola\u017c oferuje pi\u0119kny spos\u00f3b na zaprezentowanie cennych zdj\u0119\u0107 i dzie\u0142 sztuki. Dzi\u0119ki Kola\u017cowi ze Zdj\u0119\u0107 w Formie Napisu mo\u017cesz by\u0107 tak kreatywny i spersonalizowany, jak tylko chcesz. Wybieraj\u0105c specjalne s\u0142owo lub zestaw liter, takich jak \u201eDom\u201d, \u201eRodzina\u201d, \u201eWitamy\u201d, a nawet inicja\u0142y w\u0142a\u015bcicieli dom\u00f3w, mo\u017cesz stworzy\u0107 jedyn\u0105 w swoim rodzaju pami\u0105tk\u0119, kt\u00f3ra doskonale oddaje istot\u0119 domu. Szeroka gama mo\u017cliwo\u015bci oznacza, \u017ce \u200b\u200bmo\u017cesz pu\u015bci\u0107 wodze fantazji i stworzy\u0107 osza\u0142amiaj\u0105ce wizualnie i wymowne dzie\u0142o sztuki, kt\u00f3re sprawi, \u017ce ka\u017cdy poczuje si\u0119 wyj\u0105tkowo.<\/p>\r\n\r\n\r\n<p style=\"margin-top: 1rem\">Tworzenie Kola\u017cu ze Zdj\u0119\u0107 w Formie Napisu jest proste. Proces &#8220;krok po kroku&#8221; na naszej platformie umo\u017cliwia przesy\u0142anie w\u0142asnych zdj\u0119\u0107 i wybieranie idealnego koloru konturu, kt\u00f3ry uzupe\u0142nia Twoje zdj\u0119cia. Mo\u017cesz r\u00f3wnie\u017c doda\u0107 spersonalizowan\u0105 wiadomo\u015b\u0107, kt\u00f3ra b\u0119dzie towarzyszy\u0107 kola\u017cowi, zmieniaj\u0105c go w trwa\u0142\u0105 pami\u0105tk\u0119. Co wi\u0119cej, mo\u017cesz przenie\u015b\u0107 sw\u00f3j kola\u017c  na wy\u017cszy poziom dzi\u0119ki naszym narz\u0119dziom do edycji. Mo\u017cesz powi\u0119ksza\u0107, odwraca\u0107 i przesuwa\u0107 zdj\u0119cia, aby dostosowa\u0107 ich po\u0142o\u017cenie przed utworzeniem kola\u017cu.<\/p>\r\n\r\n\r\n<p style=\"margin-top: 1rem\">Po uko\u0144czeniu projektu mo\u017cesz wybra\u0107 idealny rozmiar i format kola\u017cu. Mo\u017cesz go wydrukowa\u0107 w r\u00f3\u017cnych rozmiarach lub zakupi\u0107 jako plik cyfrowy do natychmiastowego pobrania. Dom &#8211; Kola\u017c ze Zdj\u0119\u0107 w Formie Napisu stanowi doskona\u0142y dodatek do ka\u017cdego salonu, sypialni czy przedpokoju. Niezale\u017cnie od tego, czy podarujesz go jako prezent na parapet\u00f3wk\u0119 lub do nowego domu, czy te\u017c jako wyj\u0105tkow\u0105 i spersonalizowan\u0105 sztuk\u0119 \u015bcienn\u0105,  Kola\u017c ze Zdj\u0119\u0107 w Formie Napisu z pewno\u015bci\u0105 zachwyci. To pi\u0119kny i znacz\u0105cy spos\u00f3b na upami\u0119tnienie wyj\u0105tkowego momentu w \u017cyciu.<\/p>\r\n\r\n\r\n<p style=\"margin-top: 1rem\">Podsumowuj\u0105c, podaruj swoim przyjacio\u0142om, rodzinie i bliskim idealny, spersonalizowany Kola\u017c ze Zdj\u0119\u0107 w Formie Napisu. To wyj\u0105tkowy i niezapomniany spos\u00f3b na zaprezentowanie cennych wspomnie\u0144, a przy tak wielu mo\u017cliwo\u015bciach opcje s\u0105 nieograniczone. Niezale\u017cnie od tego, czy \u015bwi\u0119tujesz wyj\u0105tkow\u0105 chwil\u0119, czy po prostu tworzysz pami\u0105tk\u0119 dla kogo\u015b, kogo kochasz, ten spersonalizowany wydruk z pewno\u015bci\u0105 b\u0119dzie ceniony przez wiele lat.<\/p>","protected":false},"excerpt":{"rendered":"<ul class=\"check-list\">\n<li>Dodaj dedykacj\u0119 prosto z serca<\/li>\n<li>Spersonalizuj w 3 prostych krokach<\/li>\n<li>Wybierz jeden z naszych szablon\u00f3w lub stw\u00f3rz w\u0142asny<\/li>\n<li>Interaktywny podgl\u0105d pozwoli dopracowa\u0107 ka\u017cdy szczeg\u00f3\u0142<\/li>\n<\/ul>\n","protected":false},"featured_media":1283625,"template":"","meta":[],"product_brand":[],"product_cat":[8829,99,5296,8010,7690],"product_tag":[14955,8508],"class_list":{"0":"post-621663","1":"product","2":"type-product","3":"status-publish","4":"has-post-thumbnail","6":"product_cat-kolaz-ze-zdjec-w-formie-napisu","7":"product_cat-wszystkie-produkty","8":"product_cat-prezent-na-parapetowke","9":"product_cat-prezent-dla-mezczyzny","10":"product_cat-prezent-dla-kobiety","11":"product_tag-housewarming-pl-2","12":"product_tag-housewarming-pl","14":"first","15":"instock","16":"sale","17":"taxable","18":"shipping-taxable","19":"purchasable","20":"product-type-variable"},"yoast_head":"<!-- This site is optimized with the Yoast SEO Premium plugin v27.2 (Yoast SEO v27.2) - https:\/\/yoast.com\/product\/yoast-seo-premium-wordpress\/ -->\n<title>Dom - Kola\u017c ze Zdj\u0119\u0107 w Formie Napisu - Positive Prints<\/title>\n<meta name=\"description\" content=\"Szukasz prezentu na parapet\u00f3wk\u0119 lub wyj\u0105tkowej pami\u0105tki dla bliskiej osoby? Dzi\u0119ki &quot;Dom - Kola\u017c ze Zdj\u0119\u0107 w Formie Napisu&quot; mo\u017cesz by\u0107 tak kreatywny i spersonalizowany, jak tylko chcesz.\" \/>\n<meta name=\"robots\" content=\"index, follow, max-snippet:-1, max-image-preview:large, max-video-preview:-1\" \/>\n<link rel=\"canonical\" href=\"https:\/\/positiveprints.com\/pl\/produkt\/dom-kolaz-ze-zdjec-w-formie-napisu\/\" \/>\n<meta property=\"og:locale\" content=\"pl_PL\" \/>\n<meta property=\"og:type\" content=\"article\" \/>\n<meta property=\"og:title\" content=\"Dom - Kola\u017c ze Zdj\u0119\u0107 w Formie Napisu\" \/>\n<meta property=\"og:description\" content=\"Dodaj dedykacj\u0119 prosto z serca  Spersonalizuj w 3 prostych krokach  Wybierz jeden z naszych szablon\u00f3w lub stw\u00f3rz w\u0142asny  Interaktywny podgl\u0105d pozwoli dopracowa\u0107 ka\u017cdy szczeg\u00f3\u0142\" \/>\n<meta property=\"og:url\" content=\"https:\/\/positiveprints.com\/pl\/produkt\/dom-kolaz-ze-zdjec-w-formie-napisu\/\" \/>\n<meta property=\"og:site_name\" content=\"Positive Prints\" \/>\n<meta property=\"article:publisher\" content=\"https:\/\/www.facebook.com\/positiveprintscom\" \/>\n<meta property=\"article:modified_time\" content=\"2026-04-03T02:16:17+00:00\" \/>\n<meta property=\"og:image\" content=\"https:\/\/positiveprints.com\/wp-content\/uploads\/2024\/11\/Packshot_PL_Home-Letter-Photo-Collage-product-image.webp\" \/>\n\t<meta property=\"og:image:width\" content=\"1450\" \/>\n\t<meta property=\"og:image:height\" content=\"1450\" \/>\n\t<meta property=\"og:image:type\" content=\"image\/webp\" \/>\n<meta name=\"twitter:card\" content=\"summary_large_image\" \/>\n<meta name=\"twitter:label1\" content=\"Szacowany czas czytania\" \/>\n\t<meta name=\"twitter:data1\" content=\"2 minuty\" \/>\n<!-- \/ Yoast SEO Premium plugin. -->","yoast_head_json":{"title":"Dom - Kola\u017c ze Zdj\u0119\u0107 w Formie Napisu - Positive Prints","description":"Szukasz prezentu na parapet\u00f3wk\u0119 lub wyj\u0105tkowej pami\u0105tki dla bliskiej osoby? Dzi\u0119ki \"Dom - Kola\u017c ze Zdj\u0119\u0107 w Formie Napisu\" mo\u017cesz by\u0107 tak kreatywny i spersonalizowany, jak tylko chcesz.","robots":{"index":"index","follow":"follow","max-snippet":"max-snippet:-1","max-image-preview":"max-image-preview:large","max-video-preview":"max-video-preview:-1"},"canonical":"https:\/\/positiveprints.com\/pl\/produkt\/dom-kolaz-ze-zdjec-w-formie-napisu\/","og_locale":"pl_PL","og_type":"article","og_title":"Dom - Kola\u017c ze Zdj\u0119\u0107 w Formie Napisu","og_description":"Dodaj dedykacj\u0119 prosto z serca  Spersonalizuj w 3 prostych krokach  Wybierz jeden z naszych szablon\u00f3w lub stw\u00f3rz w\u0142asny  Interaktywny podgl\u0105d pozwoli dopracowa\u0107 ka\u017cdy szczeg\u00f3\u0142","og_url":"https:\/\/positiveprints.com\/pl\/produkt\/dom-kolaz-ze-zdjec-w-formie-napisu\/","og_site_name":"Positive Prints","article_publisher":"https:\/\/www.facebook.com\/positiveprintscom","article_modified_time":"2026-04-03T02:16:17+00:00","og_image":[{"width":1450,"height":1450,"url":"https:\/\/positiveprints.com\/wp-content\/uploads\/2024\/11\/Packshot_PL_Home-Letter-Photo-Collage-product-image.webp","type":"image\/webp"}],"twitter_card":"summary_large_image","twitter_misc":{"Szacowany czas czytania":"2 minuty"},"schema":{"@context":"https:\/\/schema.org","@graph":[{"@type":["WebPage","ItemPage"],"@id":"https:\/\/positiveprints.com\/pl\/produkt\/dom-kolaz-ze-zdjec-w-formie-napisu\/","url":"https:\/\/positiveprints.com\/pl\/produkt\/dom-kolaz-ze-zdjec-w-formie-napisu\/","name":"Dom - Kola\u017c ze Zdj\u0119\u0107 w Formie Napisu - Positive Prints","isPartOf":{"@id":"https:\/\/positiveprints.com\/pl\/#website"},"primaryImageOfPage":{"@id":"https:\/\/positiveprints.com\/pl\/produkt\/dom-kolaz-ze-zdjec-w-formie-napisu\/#primaryimage"},"image":{"@id":"https:\/\/positiveprints.com\/pl\/produkt\/dom-kolaz-ze-zdjec-w-formie-napisu\/#primaryimage"},"thumbnailUrl":"https:\/\/positiveprints.com\/wp-content\/uploads\/2024\/11\/Packshot_PL_Home-Letter-Photo-Collage-product-image.webp","datePublished":"2023-06-16T12:44:18+00:00","dateModified":"2026-04-03T02:16:17+00:00","description":"Szukasz prezentu na parapet\u00f3wk\u0119 lub wyj\u0105tkowej pami\u0105tki dla bliskiej osoby? Dzi\u0119ki \"Dom - Kola\u017c ze Zdj\u0119\u0107 w Formie Napisu\" mo\u017cesz by\u0107 tak kreatywny i spersonalizowany, jak tylko chcesz.","breadcrumb":{"@id":"https:\/\/positiveprints.com\/pl\/produkt\/dom-kolaz-ze-zdjec-w-formie-napisu\/#breadcrumb"},"inLanguage":"pl-PL","potentialAction":[{"@type":"ReadAction","target":["https:\/\/positiveprints.com\/pl\/produkt\/dom-kolaz-ze-zdjec-w-formie-napisu\/"]}]},{"@type":"ImageObject","inLanguage":"pl-PL","@id":"https:\/\/positiveprints.com\/pl\/produkt\/dom-kolaz-ze-zdjec-w-formie-napisu\/#primaryimage","url":"https:\/\/positiveprints.com\/wp-content\/uploads\/2024\/11\/Packshot_PL_Home-Letter-Photo-Collage-product-image.webp","contentUrl":"https:\/\/positiveprints.com\/wp-content\/uploads\/2024\/11\/Packshot_PL_Home-Letter-Photo-Collage-product-image.webp","width":1450,"height":1450},{"@type":"BreadcrumbList","@id":"https:\/\/positiveprints.com\/pl\/produkt\/dom-kolaz-ze-zdjec-w-formie-napisu\/#breadcrumb","itemListElement":[{"@type":"ListItem","position":1,"name":"Home","item":"https:\/\/positiveprints.com\/pl\/"},{"@type":"ListItem","position":2,"name":"Produkty","item":"https:\/\/positiveprints.com\/pl\/shop\/"},{"@type":"ListItem","position":3,"name":"Dom &#8211; Kola\u017c ze Zdj\u0119\u0107 w Formie Napisu"}]},{"@type":"WebSite","@id":"https:\/\/positiveprints.com\/pl\/#website","url":"https:\/\/positiveprints.com\/pl\/","name":"Positive Prints","description":"Amazing Custom Personalized Gifts","publisher":{"@id":"https:\/\/positiveprints.com\/pl\/#organization"},"potentialAction":[{"@type":"SearchAction","target":{"@type":"EntryPoint","urlTemplate":"https:\/\/positiveprints.com\/pl\/?s={search_term_string}"},"query-input":{"@type":"PropertyValueSpecification","valueRequired":true,"valueName":"search_term_string"}}],"inLanguage":"pl-PL"},{"@type":"Organization","@id":"https:\/\/positiveprints.com\/pl\/#organization","name":"Positive Prints","alternateName":"Positive Prints","url":"https:\/\/positiveprints.com\/pl\/","logo":{"@type":"ImageObject","inLanguage":"pl-PL","@id":"https:\/\/positiveprints.com\/pl\/#\/schema\/logo\/image\/","url":"https:\/\/positiveprints.com\/wp-content\/uploads\/2026\/03\/245815646_1337939713319158_5671353136411139666_n.png","contentUrl":"https:\/\/positiveprints.com\/wp-content\/uploads\/2026\/03\/245815646_1337939713319158_5671353136411139666_n.png","width":800,"height":800,"caption":"Positive Prints"},"image":{"@id":"https:\/\/positiveprints.com\/pl\/#\/schema\/logo\/image\/"},"sameAs":["https:\/\/www.facebook.com\/positiveprintscom","https:\/\/www.instagram.com\/positiveprintscom\/","https:\/\/www.tiktok.com\/@positiveprintscom","https:\/\/www.pinterest.com\/positiveprintscom\/"]}]}},"jetpack_sharing_enabled":true,"_links":{"self":[{"href":"https:\/\/positiveprints.com\/pl\/wp-json\/wp\/v2\/product\/621663","targetHints":{"allow":["GET"]}}],"collection":[{"href":"https:\/\/positiveprints.com\/pl\/wp-json\/wp\/v2\/product"}],"about":[{"href":"https:\/\/positiveprints.com\/pl\/wp-json\/wp\/v2\/types\/product"}],"wp:featuredmedia":[{"embeddable":true,"href":"https:\/\/positiveprints.com\/pl\/wp-json\/wp\/v2\/media\/1283625"}],"wp:attachment":[{"href":"https:\/\/positiveprints.com\/pl\/wp-json\/wp\/v2\/media?parent=621663"}],"wp:term":[{"taxonomy":"product_brand","embeddable":true,"href":"https:\/\/positiveprints.com\/pl\/wp-json\/wp\/v2\/product_brand?post=621663"},{"taxonomy":"product_cat","embeddable":true,"href":"https:\/\/positiveprints.com\/pl\/wp-json\/wp\/v2\/product_cat?post=621663"},{"taxonomy":"product_tag","embeddable":true,"href":"https:\/\/positiveprints.com\/pl\/wp-json\/wp\/v2\/product_tag?post=621663"}],"curies":[{"name":"wp","href":"https:\/\/api.w.org\/{rel}","templated":true}]}}