{"id":621622,"date":"2023-05-09T10:10:30","date_gmt":"2023-06-16T12:19:25","guid":{"rendered":"https:\/\/positiveprints.com\/?post_type=product&#038;p=621622"},"modified":"2026-05-03T20:17:56","modified_gmt":"2026-05-03T19:17:56","slug":"nauczyciel-kolaz-ze-zdjec-w-formie-napisu","status":"publish","type":"product","link":"https:\/\/positiveprints.com\/pl\/produkt\/nauczyciel-kolaz-ze-zdjec-w-formie-napisu\/","title":{"rendered":"Najlepszy nauczyciel na \u015bwiecie &#8211; Fotokola\u017c"},"content":{"rendered":"<p style=\"margin-top: 1rem;\">Szukasz wyj\u0105tkowego i przemy\u015blanego prezentu dla nauczyciela, aby pokaza\u0107, jak bardzo go doceniasz? Mamy co\u015b dla Ciebie &#8211; &#8220;Nauczyciel &#8211; Kola\u017c ze Zdj\u0119\u0107 w Formie Napisu&#8221;! Ten spersonalizowany i kreatywny kola\u017c zaprezentuje Twoje najbardziej cenione zdj\u0119cia i dzie\u0142a sztuki w formie liter. Wybierz w\u0142asne zdj\u0119cia i s\u0142owa, aby stworzy\u0107 jedyn\u0105 w swoim rodzaju pami\u0105tk\u0119, kt\u00f3ra b\u0119dzie ceniona na d\u0142ugie lata.<\/p>\r\n<p style=\"margin-top: 1rem;\">Nauczyciel &#8211; Kola\u017c ze Zdj\u0119\u0107 w Formie Napisu jest idealny do stworzenia atrakcyjnej wizualnie i znacz\u0105cej pami\u0105tki dla nauczyciela. Mo\u017cesz wybiera\u0107 spo\u015br\u00f3d wielu mo\u017cliwo\u015bci i by\u0107 tak kreatywnym, jak chcesz. Mo\u017cesz u\u017cy\u0107 samego s\u0142owa \u201eNauczyciel\u201d, s\u0142\u00f3w takich jak \u201eDzi\u0119ki\u201d lub nawet imienia samego nauczyciela. Dzi\u0119ki spersonalizowanemu wydrukowi lub p\u0142\u00f3tnie mo\u017cliwo\u015bci s\u0105 nieograniczone!<\/p>\r\n<p style=\"margin-top: 1rem;\">Aby stworzy\u0107 w\u0142asny Kola\u017c ze Zdj\u0119\u0107 w Formie Napisu, po prostu wybierz s\u0142owo, kt\u00f3re reprezentuje nauczyciela lub okazj\u0119 i wybierz kolor konturu, kt\u00f3ry pasuje do motywu zdj\u0119\u0107, kt\u00f3rych u\u017cywasz. Mo\u017cesz nawet doda\u0107 osobist\u0105 wiadomo\u015b\u0107 do kola\u017cu, czyni\u0105c go jeszcze bardziej wyj\u0105tkowym. Mo\u017cesz wybra\u0107 s\u0142owo \u201eNauczyciel\u201d, s\u0142owa takie jak \u201eDzi\u0119kuj\u0119\u201d, a nawet imi\u0119 nauczyciela, co czyni go wyj\u0105tkowym prezentem dla ka\u017cdego cenionego pedagoga w Twoim \u017cyciu.<\/p>\r\n<p style=\"margin-top: 1rem;\">Przesy\u0142anie zdj\u0119\u0107 jest szybkie i \u0142atwe, a ponadto mo\u017cesz wybra\u0107 rozdzielczo\u015b\u0107 i edytowa\u0107 je zgodnie z potrzebami. Gdy sko\u0144czysz, wybierz idealny rozmiar i format, a nast\u0119pnie z\u0142\u00f3\u017c zam\u00f3wienie! Mo\u017cesz zam\u00f3wi\u0107 plakat, p\u0142\u00f3tno lub plik cyfrowy do natychmiastowego pobrania.<\/p>\r\n<p style=\"margin-top: 1rem;\">Podaruj swojemu nauczycielowi idealn\u0105 spersonalizowan\u0105 pami\u0105tk\u0119, zamawiaj\u0105c Nauczyciel &#8211; Kola\u017c ze Zdj\u0119\u0107 w Formie Napisu! Ten wyj\u0105tkowy i znacz\u0105cy prezent b\u0119dzie cenn\u0105 pami\u0105tk\u0105 na d\u0142ugie lata i jest fantastycznym sposobem na upami\u0119tnienie wyj\u0105tkowej chwili lub pokazanie wdzi\u0119czno\u015bci wobec nauczyciela. Podaruj prezent, kt\u00f3ry wywo\u0142a rado\u015b\u0107 i przetrwa przysz\u0142e pokolenia &#8211; spersonalizowany Kola\u017c ze Zdj\u0119\u0107 w Formie Napisu<\/p>","protected":false},"excerpt":{"rendered":"<ul class=\"check-list\">\n<li>Prze\u015blij ulubione zdj\u0119cia<\/li>\n<li>Dodaj osobist\u0105 dedykacj\u0119<\/li>\n<li>Spersonalizuj projekt w 3 prostych krokach<\/li>\n<li>Interaktywny podgl\u0105d pozwoli dopracowa\u0107 ka\u017cdy szczeg\u00f3\u0142<\/li>\n<\/ul>\n","protected":false},"featured_media":1411340,"template":"","meta":[],"product_brand":[],"product_cat":[8829,9765,99,7866],"product_tag":[16427,16429,16969,16325,16428,16887],"class_list":{"0":"post-621622","1":"product","2":"type-product","3":"status-publish","4":"has-post-thumbnail","6":"product_cat-kolaz-ze-zdjec-w-formie-napisu","7":"product_cat-trending-label-pl","8":"product_cat-wszystkie-produkty","9":"product_cat-prezent-dla-nauczyciela","10":"product_tag-nauczyciel","11":"product_tag-pomysly-na-prezent-dla-nauczyciela","12":"product_tag-prezent-dla-nauczyciela","13":"product_tag-prezent-z-podziekowaniem-dla-nauczyciela","14":"product_tag-prezent-z-podziekowaniem-dla-nauczyciela-pl","15":"product_tag-prezenty-dla-nauczyciela","17":"first","18":"instock","19":"sale","20":"taxable","21":"shipping-taxable","22":"purchasable","23":"product-type-variable"},"yoast_head":"<!-- This site is optimized with the Yoast SEO Premium plugin v27.2 (Yoast SEO v27.2) - https:\/\/yoast.com\/product\/yoast-seo-premium-wordpress\/ -->\n<title>Najlepszy nauczyciel na \u015bwiecie - Fotokola\u017c - Positive Prints<\/title>\n<meta name=\"description\" content=\"Podaruj niezapomniany prezent dla nauczyciela! Stw\u00f3rz fotokola\u017c ze zdj\u0119ciami radosnych chwil i wspomnieniami najlepszej klasy.\" \/>\n<meta name=\"robots\" content=\"index, follow, max-snippet:-1, max-image-preview:large, max-video-preview:-1\" \/>\n<link rel=\"canonical\" href=\"https:\/\/positiveprints.com\/pl\/produkt\/nauczyciel-kolaz-ze-zdjec-w-formie-napisu\/\" \/>\n<meta property=\"og:locale\" content=\"pl_PL\" \/>\n<meta property=\"og:type\" content=\"article\" \/>\n<meta property=\"og:title\" content=\"Najlepszy nauczyciel na \u015bwiecie - Fotokola\u017c\" \/>\n<meta property=\"og:description\" content=\"Prze\u015blij ulubione zdj\u0119cia  Dodaj osobist\u0105 dedykacj\u0119  Spersonalizuj projekt w 3 prostych krokach  Interaktywny podgl\u0105d pozwoli dopracowa\u0107 ka\u017cdy szczeg\u00f3\u0142\" \/>\n<meta property=\"og:url\" content=\"https:\/\/positiveprints.com\/pl\/produkt\/nauczyciel-kolaz-ze-zdjec-w-formie-napisu\/\" \/>\n<meta property=\"og:site_name\" content=\"Positive Prints\" \/>\n<meta property=\"article:publisher\" content=\"https:\/\/www.facebook.com\/positiveprintscom\" \/>\n<meta property=\"article:modified_time\" content=\"2026-05-03T19:17:56+00:00\" \/>\n<meta property=\"og:image\" content=\"https:\/\/positiveprints.com\/wp-content\/uploads\/2025\/04\/Packshot_PL_KLASA.webp\" \/>\n\t<meta property=\"og:image:width\" content=\"1450\" \/>\n\t<meta property=\"og:image:height\" content=\"1450\" \/>\n\t<meta property=\"og:image:type\" content=\"image\/webp\" \/>\n<meta name=\"twitter:card\" content=\"summary_large_image\" \/>\n<!-- \/ Yoast SEO Premium plugin. -->","yoast_head_json":{"title":"Najlepszy nauczyciel na \u015bwiecie - Fotokola\u017c - Positive Prints","description":"Podaruj niezapomniany prezent dla nauczyciela! Stw\u00f3rz fotokola\u017c ze zdj\u0119ciami radosnych chwil i wspomnieniami najlepszej klasy.","robots":{"index":"index","follow":"follow","max-snippet":"max-snippet:-1","max-image-preview":"max-image-preview:large","max-video-preview":"max-video-preview:-1"},"canonical":"https:\/\/positiveprints.com\/pl\/produkt\/nauczyciel-kolaz-ze-zdjec-w-formie-napisu\/","og_locale":"pl_PL","og_type":"article","og_title":"Najlepszy nauczyciel na \u015bwiecie - Fotokola\u017c","og_description":"Prze\u015blij ulubione zdj\u0119cia  Dodaj osobist\u0105 dedykacj\u0119  Spersonalizuj projekt w 3 prostych krokach  Interaktywny podgl\u0105d pozwoli dopracowa\u0107 ka\u017cdy szczeg\u00f3\u0142","og_url":"https:\/\/positiveprints.com\/pl\/produkt\/nauczyciel-kolaz-ze-zdjec-w-formie-napisu\/","og_site_name":"Positive Prints","article_publisher":"https:\/\/www.facebook.com\/positiveprintscom","article_modified_time":"2026-05-03T19:17:56+00:00","og_image":[{"width":1450,"height":1450,"url":"https:\/\/positiveprints.com\/wp-content\/uploads\/2025\/04\/Packshot_PL_KLASA.webp","type":"image\/webp"}],"twitter_card":"summary_large_image","schema":{"@context":"https:\/\/schema.org","@graph":[{"@type":["WebPage","ItemPage"],"@id":"https:\/\/positiveprints.com\/pl\/produkt\/nauczyciel-kolaz-ze-zdjec-w-formie-napisu\/","url":"https:\/\/positiveprints.com\/pl\/produkt\/nauczyciel-kolaz-ze-zdjec-w-formie-napisu\/","name":"Najlepszy nauczyciel na \u015bwiecie - Fotokola\u017c - Positive Prints","isPartOf":{"@id":"https:\/\/positiveprints.com\/pl\/#website"},"primaryImageOfPage":{"@id":"https:\/\/positiveprints.com\/pl\/produkt\/nauczyciel-kolaz-ze-zdjec-w-formie-napisu\/#primaryimage"},"image":{"@id":"https:\/\/positiveprints.com\/pl\/produkt\/nauczyciel-kolaz-ze-zdjec-w-formie-napisu\/#primaryimage"},"thumbnailUrl":"https:\/\/positiveprints.com\/wp-content\/uploads\/2025\/04\/Packshot_PL_KLASA.webp","datePublished":"2023-06-16T12:19:25+00:00","dateModified":"2026-05-03T19:17:56+00:00","description":"Podaruj niezapomniany prezent dla nauczyciela! Stw\u00f3rz fotokola\u017c ze zdj\u0119ciami radosnych chwil i wspomnieniami najlepszej klasy.","breadcrumb":{"@id":"https:\/\/positiveprints.com\/pl\/produkt\/nauczyciel-kolaz-ze-zdjec-w-formie-napisu\/#breadcrumb"},"inLanguage":"pl-PL","potentialAction":[{"@type":"ReadAction","target":["https:\/\/positiveprints.com\/pl\/produkt\/nauczyciel-kolaz-ze-zdjec-w-formie-napisu\/"]}]},{"@type":"ImageObject","inLanguage":"pl-PL","@id":"https:\/\/positiveprints.com\/pl\/produkt\/nauczyciel-kolaz-ze-zdjec-w-formie-napisu\/#primaryimage","url":"https:\/\/positiveprints.com\/wp-content\/uploads\/2025\/04\/Packshot_PL_KLASA.webp","contentUrl":"https:\/\/positiveprints.com\/wp-content\/uploads\/2025\/04\/Packshot_PL_KLASA.webp","width":1450,"height":1450,"caption":"Packshot_PL_KLASA"},{"@type":"BreadcrumbList","@id":"https:\/\/positiveprints.com\/pl\/produkt\/nauczyciel-kolaz-ze-zdjec-w-formie-napisu\/#breadcrumb","itemListElement":[{"@type":"ListItem","position":1,"name":"Home","item":"https:\/\/positiveprints.com\/pl\/"},{"@type":"ListItem","position":2,"name":"Produkty","item":"https:\/\/positiveprints.com\/pl\/shop\/"},{"@type":"ListItem","position":3,"name":"Najlepszy nauczyciel na \u015bwiecie &#8211; Fotokola\u017c"}]},{"@type":"WebSite","@id":"https:\/\/positiveprints.com\/pl\/#website","url":"https:\/\/positiveprints.com\/pl\/","name":"Positive Prints","description":"Amazing Custom Personalized Gifts","publisher":{"@id":"https:\/\/positiveprints.com\/pl\/#organization"},"potentialAction":[{"@type":"SearchAction","target":{"@type":"EntryPoint","urlTemplate":"https:\/\/positiveprints.com\/pl\/?s={search_term_string}"},"query-input":{"@type":"PropertyValueSpecification","valueRequired":true,"valueName":"search_term_string"}}],"inLanguage":"pl-PL"},{"@type":"Organization","@id":"https:\/\/positiveprints.com\/pl\/#organization","name":"Positive Prints","alternateName":"Positive Prints","url":"https:\/\/positiveprints.com\/pl\/","logo":{"@type":"ImageObject","inLanguage":"pl-PL","@id":"https:\/\/positiveprints.com\/pl\/#\/schema\/logo\/image\/","url":"https:\/\/positiveprints.com\/wp-content\/uploads\/2026\/03\/245815646_1337939713319158_5671353136411139666_n.png","contentUrl":"https:\/\/positiveprints.com\/wp-content\/uploads\/2026\/03\/245815646_1337939713319158_5671353136411139666_n.png","width":800,"height":800,"caption":"Positive Prints"},"image":{"@id":"https:\/\/positiveprints.com\/pl\/#\/schema\/logo\/image\/"},"sameAs":["https:\/\/www.facebook.com\/positiveprintscom","https:\/\/www.instagram.com\/positiveprintscom\/","https:\/\/www.tiktok.com\/@positiveprintscom","https:\/\/www.pinterest.com\/positiveprintscom\/"]}]}},"jetpack_sharing_enabled":true,"_links":{"self":[{"href":"https:\/\/positiveprints.com\/pl\/wp-json\/wp\/v2\/product\/621622","targetHints":{"allow":["GET"]}}],"collection":[{"href":"https:\/\/positiveprints.com\/pl\/wp-json\/wp\/v2\/product"}],"about":[{"href":"https:\/\/positiveprints.com\/pl\/wp-json\/wp\/v2\/types\/product"}],"wp:featuredmedia":[{"embeddable":true,"href":"https:\/\/positiveprints.com\/pl\/wp-json\/wp\/v2\/media\/1411340"}],"wp:attachment":[{"href":"https:\/\/positiveprints.com\/pl\/wp-json\/wp\/v2\/media?parent=621622"}],"wp:term":[{"taxonomy":"product_brand","embeddable":true,"href":"https:\/\/positiveprints.com\/pl\/wp-json\/wp\/v2\/product_brand?post=621622"},{"taxonomy":"product_cat","embeddable":true,"href":"https:\/\/positiveprints.com\/pl\/wp-json\/wp\/v2\/product_cat?post=621622"},{"taxonomy":"product_tag","embeddable":true,"href":"https:\/\/positiveprints.com\/pl\/wp-json\/wp\/v2\/product_tag?post=621622"}],"curies":[{"name":"wp","href":"https:\/\/api.w.org\/{rel}","templated":true}]}}