{"id":619745,"date":"2023-05-04T15:39:51","date_gmt":"2023-05-04T14:39:51","guid":{"rendered":"https:\/\/positiveprints.com\/?post_type=product&#038;p=619745"},"modified":"2026-04-12T22:23:06","modified_gmt":"2026-04-12T21:23:06","slug":"milosc-kolaz-ze-zdjec-w-formie-napisu","status":"publish","type":"product","link":"https:\/\/positiveprints.com\/pl\/produkt\/milosc-kolaz-ze-zdjec-w-formie-napisu\/","title":{"rendered":"Mi\u0142o\u015b\u0107 &#8211; Kola\u017c ze Zdj\u0119\u0107"},"content":{"rendered":"","protected":false},"excerpt":{"rendered":"<ul class=\"check-list\">\n<li>Dodaj dedykacj\u0119 prosto z serca<\/li>\n<li>Spersonalizuj w 3 prostych krokach<\/li>\n<li>Wybierz jeden z naszych szablon\u00f3w lub stw\u00f3rz w\u0142asny<\/li>\n<li>Interaktywny podgl\u0105d pozwoli dopracowa\u0107 ka\u017cdy szczeg\u00f3\u0142<\/li>\n<\/ul>\n","protected":false},"featured_media":1672060,"template":"","meta":[],"product_brand":[],"product_cat":[7675,11403,11407,7786,7690,7643,11412,8010,11411,8190,11410,7802,11417,7753,8829,11240,11239,5271,3120,99],"product_tag":[14975,11756,11770,11817,11816,11815,11813],"class_list":{"0":"post-619745","1":"product","2":"type-product","3":"status-publish","4":"has-post-thumbnail","6":"product_cat-prezent-dla-chlopaka","7":"product_cat-prezenty-pod-choinke-dla-chlopaka","8":"product_cat-prezenty-pod-choinke-dla-dziewczyny","9":"product_cat-prezent-dla-dziewczyny","10":"product_cat-prezent-dla-kobiety","11":"product_cat-prezent-dla-meza","12":"product_cat-prezenty-pod-choinke-dla-meza","13":"product_cat-prezent-dla-mezczyzny","14":"product_cat-prezenty-pod-choinke-dla-niego","15":"product_cat-dla-niej","16":"product_cat-prezenty-pod-choinke-dla-niej","17":"product_cat-prezent-dla-pary","18":"product_cat-prezenty-pod-choinke-dla-zony","19":"product_cat-prezent-dla-zony","20":"product_cat-kolaz-ze-zdjec-w-formie-napisu","21":"product_cat-prezenty-na-walentynki-dla-niego","22":"product_cat-prezenty-na-walentynki-dla-niej","23":"product_cat-prezent-na-boze-narodzenie","24":"product_cat-prezent-na-walentynki","25":"product_cat-wszystkie-produkty","26":"product_tag-anniversary-pl","27":"product_tag-prezenty-pod-choinke-dla-chlopaka","28":"product_tag-prezenty-pod-choinke-dla-dziewczyny","29":"product_tag-prezenty-pod-choinke-dla-meza","30":"product_tag-prezenty-pod-choinke-dla-niego","31":"product_tag-prezenty-pod-choinke-dla-niej","32":"product_tag-prezenty-pod-choinke-dla-zony","34":"first","35":"instock","36":"sale","37":"taxable","38":"shipping-taxable","39":"purchasable","40":"product-type-variable"},"yoast_head":"<!-- This site is optimized with the Yoast SEO Premium plugin v27.2 (Yoast SEO v27.2) - https:\/\/yoast.com\/product\/yoast-seo-premium-wordpress\/ -->\n<title>Mi\u0142o\u015b\u0107 - Kola\u017c ze Zdj\u0119\u0107 - Positive Prints<\/title>\n<meta name=\"description\" content=\"Personalizowany prezent dla niej lub niego! Wyra\u017a swoje uczucie poprzez kola\u017c ze zdj\u0119\u0107 uk\u0142adaj\u0105cych si\u0119 w napis \u201eMi\u0142o\u015b\u0107\u201d, pe\u0142en pi\u0119knych wspomnie\u0144.\" \/>\n<meta name=\"robots\" content=\"index, follow, max-snippet:-1, max-image-preview:large, max-video-preview:-1\" \/>\n<link rel=\"canonical\" href=\"https:\/\/positiveprints.com\/pl\/produkt\/milosc-kolaz-ze-zdjec-w-formie-napisu\/\" \/>\n<meta property=\"og:locale\" content=\"pl_PL\" \/>\n<meta property=\"og:type\" content=\"article\" \/>\n<meta property=\"og:title\" content=\"Mi\u0142o\u015b\u0107 - Kola\u017c ze Zdj\u0119\u0107\" \/>\n<meta property=\"og:description\" content=\"Dodaj dedykacj\u0119 prosto z serca  Spersonalizuj w 3 prostych krokach  Wybierz jeden z naszych szablon\u00f3w lub stw\u00f3rz w\u0142asny  Interaktywny podgl\u0105d pozwoli dopracowa\u0107 ka\u017cdy szczeg\u00f3\u0142\" \/>\n<meta property=\"og:url\" content=\"https:\/\/positiveprints.com\/pl\/produkt\/milosc-kolaz-ze-zdjec-w-formie-napisu\/\" \/>\n<meta property=\"og:site_name\" content=\"Positive Prints\" \/>\n<meta property=\"article:publisher\" content=\"https:\/\/www.facebook.com\/positiveprintscom\" \/>\n<meta property=\"article:modified_time\" content=\"2026-04-12T21:23:06+00:00\" \/>\n<meta property=\"og:image\" content=\"https:\/\/positiveprints.com\/wp-content\/uploads\/2025\/03\/Milosc-Kolaz-ze-Zdjec-1.webp\" \/>\n\t<meta property=\"og:image:width\" content=\"1450\" \/>\n\t<meta property=\"og:image:height\" content=\"1450\" \/>\n\t<meta property=\"og:image:type\" content=\"image\/webp\" \/>\n<meta name=\"twitter:card\" content=\"summary_large_image\" \/>\n<meta name=\"twitter:label1\" content=\"Szacowany czas czytania\" \/>\n\t<meta name=\"twitter:data1\" content=\"1 minuta\" \/>\n<!-- \/ Yoast SEO Premium plugin. -->","yoast_head_json":{"title":"Mi\u0142o\u015b\u0107 - Kola\u017c ze Zdj\u0119\u0107 - Positive Prints","description":"Personalizowany prezent dla niej lub niego! Wyra\u017a swoje uczucie poprzez kola\u017c ze zdj\u0119\u0107 uk\u0142adaj\u0105cych si\u0119 w napis \u201eMi\u0142o\u015b\u0107\u201d, pe\u0142en pi\u0119knych wspomnie\u0144.","robots":{"index":"index","follow":"follow","max-snippet":"max-snippet:-1","max-image-preview":"max-image-preview:large","max-video-preview":"max-video-preview:-1"},"canonical":"https:\/\/positiveprints.com\/pl\/produkt\/milosc-kolaz-ze-zdjec-w-formie-napisu\/","og_locale":"pl_PL","og_type":"article","og_title":"Mi\u0142o\u015b\u0107 - Kola\u017c ze Zdj\u0119\u0107","og_description":"Dodaj dedykacj\u0119 prosto z serca  Spersonalizuj w 3 prostych krokach  Wybierz jeden z naszych szablon\u00f3w lub stw\u00f3rz w\u0142asny  Interaktywny podgl\u0105d pozwoli dopracowa\u0107 ka\u017cdy szczeg\u00f3\u0142","og_url":"https:\/\/positiveprints.com\/pl\/produkt\/milosc-kolaz-ze-zdjec-w-formie-napisu\/","og_site_name":"Positive Prints","article_publisher":"https:\/\/www.facebook.com\/positiveprintscom","article_modified_time":"2026-04-12T21:23:06+00:00","og_image":[{"width":1450,"height":1450,"url":"https:\/\/positiveprints.com\/wp-content\/uploads\/2025\/03\/Milosc-Kolaz-ze-Zdjec-1.webp","type":"image\/webp"}],"twitter_card":"summary_large_image","twitter_misc":{"Szacowany czas czytania":"1 minuta"},"schema":{"@context":"https:\/\/schema.org","@graph":[{"@type":["WebPage","ItemPage"],"@id":"https:\/\/positiveprints.com\/pl\/produkt\/milosc-kolaz-ze-zdjec-w-formie-napisu\/","url":"https:\/\/positiveprints.com\/pl\/produkt\/milosc-kolaz-ze-zdjec-w-formie-napisu\/","name":"Mi\u0142o\u015b\u0107 - Kola\u017c ze Zdj\u0119\u0107 - Positive Prints","isPartOf":{"@id":"https:\/\/positiveprints.com\/pl\/#website"},"primaryImageOfPage":{"@id":"https:\/\/positiveprints.com\/pl\/produkt\/milosc-kolaz-ze-zdjec-w-formie-napisu\/#primaryimage"},"image":{"@id":"https:\/\/positiveprints.com\/pl\/produkt\/milosc-kolaz-ze-zdjec-w-formie-napisu\/#primaryimage"},"thumbnailUrl":"https:\/\/positiveprints.com\/wp-content\/uploads\/2026\/03\/kolaz-zdjec-o-milosci_PL.webp","datePublished":"2023-05-04T14:39:51+00:00","dateModified":"2026-04-12T21:23:06+00:00","description":"Personalizowany prezent dla niej lub niego! Wyra\u017a swoje uczucie poprzez kola\u017c ze zdj\u0119\u0107 uk\u0142adaj\u0105cych si\u0119 w napis \u201eMi\u0142o\u015b\u0107\u201d, pe\u0142en pi\u0119knych wspomnie\u0144.","breadcrumb":{"@id":"https:\/\/positiveprints.com\/pl\/produkt\/milosc-kolaz-ze-zdjec-w-formie-napisu\/#breadcrumb"},"inLanguage":"pl-PL","potentialAction":[{"@type":"ReadAction","target":["https:\/\/positiveprints.com\/pl\/produkt\/milosc-kolaz-ze-zdjec-w-formie-napisu\/"]}]},{"@type":"ImageObject","inLanguage":"pl-PL","@id":"https:\/\/positiveprints.com\/pl\/produkt\/milosc-kolaz-ze-zdjec-w-formie-napisu\/#primaryimage","url":"https:\/\/positiveprints.com\/wp-content\/uploads\/2026\/03\/kolaz-zdjec-o-milosci_PL.webp","contentUrl":"https:\/\/positiveprints.com\/wp-content\/uploads\/2026\/03\/kolaz-zdjec-o-milosci_PL.webp","width":1450,"height":1450},{"@type":"BreadcrumbList","@id":"https:\/\/positiveprints.com\/pl\/produkt\/milosc-kolaz-ze-zdjec-w-formie-napisu\/#breadcrumb","itemListElement":[{"@type":"ListItem","position":1,"name":"Home","item":"https:\/\/positiveprints.com\/pl\/"},{"@type":"ListItem","position":2,"name":"Produkty","item":"https:\/\/positiveprints.com\/pl\/shop\/"},{"@type":"ListItem","position":3,"name":"Mi\u0142o\u015b\u0107 &#8211; Kola\u017c ze Zdj\u0119\u0107"}]},{"@type":"WebSite","@id":"https:\/\/positiveprints.com\/pl\/#website","url":"https:\/\/positiveprints.com\/pl\/","name":"Positive Prints","description":"Amazing Custom Personalized Gifts","publisher":{"@id":"https:\/\/positiveprints.com\/pl\/#organization"},"potentialAction":[{"@type":"SearchAction","target":{"@type":"EntryPoint","urlTemplate":"https:\/\/positiveprints.com\/pl\/?s={search_term_string}"},"query-input":{"@type":"PropertyValueSpecification","valueRequired":true,"valueName":"search_term_string"}}],"inLanguage":"pl-PL"},{"@type":"Organization","@id":"https:\/\/positiveprints.com\/pl\/#organization","name":"Positive Prints","alternateName":"Positive Prints","url":"https:\/\/positiveprints.com\/pl\/","logo":{"@type":"ImageObject","inLanguage":"pl-PL","@id":"https:\/\/positiveprints.com\/pl\/#\/schema\/logo\/image\/","url":"https:\/\/positiveprints.com\/wp-content\/uploads\/2026\/03\/245815646_1337939713319158_5671353136411139666_n.png","contentUrl":"https:\/\/positiveprints.com\/wp-content\/uploads\/2026\/03\/245815646_1337939713319158_5671353136411139666_n.png","width":800,"height":800,"caption":"Positive Prints"},"image":{"@id":"https:\/\/positiveprints.com\/pl\/#\/schema\/logo\/image\/"},"sameAs":["https:\/\/www.facebook.com\/positiveprintscom","https:\/\/www.instagram.com\/positiveprintscom\/","https:\/\/www.tiktok.com\/@positiveprintscom","https:\/\/www.pinterest.com\/positiveprintscom\/"]}]}},"jetpack_sharing_enabled":true,"_links":{"self":[{"href":"https:\/\/positiveprints.com\/pl\/wp-json\/wp\/v2\/product\/619745","targetHints":{"allow":["GET"]}}],"collection":[{"href":"https:\/\/positiveprints.com\/pl\/wp-json\/wp\/v2\/product"}],"about":[{"href":"https:\/\/positiveprints.com\/pl\/wp-json\/wp\/v2\/types\/product"}],"wp:featuredmedia":[{"embeddable":true,"href":"https:\/\/positiveprints.com\/pl\/wp-json\/wp\/v2\/media\/1672060"}],"wp:attachment":[{"href":"https:\/\/positiveprints.com\/pl\/wp-json\/wp\/v2\/media?parent=619745"}],"wp:term":[{"taxonomy":"product_brand","embeddable":true,"href":"https:\/\/positiveprints.com\/pl\/wp-json\/wp\/v2\/product_brand?post=619745"},{"taxonomy":"product_cat","embeddable":true,"href":"https:\/\/positiveprints.com\/pl\/wp-json\/wp\/v2\/product_cat?post=619745"},{"taxonomy":"product_tag","embeddable":true,"href":"https:\/\/positiveprints.com\/pl\/wp-json\/wp\/v2\/product_tag?post=619745"}],"curies":[{"name":"wp","href":"https:\/\/api.w.org\/{rel}","templated":true}]}}