{"id":610094,"date":"2023-04-24T15:33:19","date_gmt":"2023-04-24T14:33:19","guid":{"rendered":"https:\/\/positiveprints.com\/?post_type=product&#038;p=610094"},"modified":"2026-04-12T22:23:14","modified_gmt":"2026-04-12T21:23:14","slug":"narodziny-wnuczat-potrojna-mapa-gwiazd","status":"publish","type":"product","link":"https:\/\/positiveprints.com\/pl\/produkt\/narodziny-wnuczat-potrojna-mapa-gwiazd\/","title":{"rendered":"Narodziny Wnucz\u0105t &#8211; Potr\u00f3jna Mapa Gwiazd"},"content":{"rendered":"<p style=\"margin-top: 1rem\">Szukasz idealnego prezentu, aby pokaza\u0107 swoim dziadkom, jak bardzo ich kochasz? Mamy co\u015b dla Ciebie, Narodziny Wnucz\u0105t &#8211; Potr\u00f3jna Mapa Gwiazd! Ten spersonalizowany plakat przedstawia uk\u0142ad gwiazd z dnia narodzin ka\u017cdego wnuka, dzi\u0119ki czemu jest idealnym prezentem na Dzie\u0144 Babci i Dziadka, urodziny dziadk\u00f3w, Bo\u017ce Narodzenie lub inn\u0105 specjaln\u0105 okazj\u0119.<\/p>\r\n\r\n\r\n<p style=\"margin-top: 1rem\">Ten sentymentalny prezent z pewno\u015bci\u0105 sprawi, \u017ce Twoi dziadkowie poczuj\u0105 si\u0119 wzruszeni, gdy b\u0119d\u0105 wspomina\u0107 wyj\u0105tkowe wspomnienia z wnukami. Pi\u0119kne mapy gwiazd przypomn\u0105 im chwile, w kt\u00f3rych ich \u017cycie wzbogaci\u0142a mi\u0142o\u015b\u0107 ka\u017cdego wnuka.<\/p>\r\n\r\n\r\n<p style=\"margin-top: 1rem\">Stworzenie Potr\u00f3jnej Mapy Gwiazd jest \u0142atwe i spersonalizowane specjalnie dla Ciebie! Wybierz sw\u00f3j ulubiony design i kolory oraz kszta\u0142t map, mog\u0105 to by\u0107 ko\u0142a lub serca. Nast\u0119pnie wprowad\u017a dat\u0119 i miejsce urodzenia ka\u017cdego wnuka, podgl\u0105d online od razu poka\u017ce Ci, jak b\u0119dzie wygl\u0105da\u0107 Twoja grafika, uwzgl\u0119dniaj\u0105c ka\u017cd\u0105 zmian\u0119, kt\u00f3r\u0105 wprowadzisz. Na koniec wybierz spo\u015br\u00f3d wielu format\u00f3w i rozmiar\u00f3w, aby mie\u0107 pewno\u015b\u0107, \u017ce Tw\u00f3j prezent b\u0119dzie idealny na okazj\u0119 dziadk\u00f3w.<\/p>\r\n\r\n\r\n<p style=\"margin-top: 1rem\">Poka\u017c swoj\u0105 mi\u0142o\u015b\u0107 w wyj\u0105tkowy spos\u00f3b, kt\u00f3ry twoi dziadkowie b\u0119d\u0105 ceni\u0107 przez wiele lat. Ju\u017c dzi\u015b zam\u00f3w &#8220;Narodziny Wnucz\u0105t &#8211; Potr\u00f3jna Mapa Gwiazd&#8221; i stw\u00f3rz sentymentaln\u0105 pami\u0105tk\u0119, kt\u00f3ra b\u0119dzie im przypomina\u0107 o mi\u0142o\u015bci ich wnuk\u00f3w.<\/p>","protected":false},"excerpt":{"rendered":"<ul class=\"check-list\">\n<li>Stw\u00f3rz w\u0142asn\u0105 map\u0119 gwiazd przedstawiaj\u0105c\u0105 trzy r\u00f3\u017cne miejsca oraz daty<\/li>\n<li>Dodaj konstelacje i Drog\u0119 Mleczn\u0105 <\/li>\n<li>Spersonalizuj w 3 prostych krokach<\/li>\n<li>Dodaj dedykacj\u0119 prosto z serca<\/li>\n<li>Interaktywny podgl\u0105d pozwoli dopracowa\u0107 ka\u017cdy szczeg\u00f3\u0142<\/li>\n<\/ul>\n","protected":false},"featured_media":1257040,"template":"","meta":[],"product_brand":[],"product_cat":[9102,99,9003,5271,11408,11409,7610,7723],"product_tag":[8538,13360,13361,15476],"class_list":{"0":"post-610094","1":"product","2":"type-product","3":"status-publish","4":"has-post-thumbnail","6":"product_cat-trio-stars-pl","7":"product_cat-wszystkie-produkty","8":"product_cat-dzien-babci-i-dziadka","9":"product_cat-prezent-na-boze-narodzenie","10":"product_cat-prezenty-pod-choinke-dla-babci","11":"product_cat-prezenty-pod-choinke-dla-dziadka","12":"product_cat-prezent-dla-dziadka","13":"product_cat-prezent-dla-babci","14":"product_tag-family-pl","15":"product_tag-prezent-swiateczny-dla-babci","16":"product_tag-prezent-swiateczny-dla-dziadka","17":"product_tag-wnuki","19":"first","20":"instock","21":"sale","22":"taxable","23":"shipping-taxable","24":"purchasable","25":"product-type-variable"},"yoast_head":"<!-- This site is optimized with the Yoast SEO Premium plugin v27.2 (Yoast SEO v27.2) - https:\/\/yoast.com\/product\/yoast-seo-premium-wordpress\/ -->\n<title>Narodziny Wnucz\u0105t - Potr\u00f3jna Mapa Gwiazd - Positive Prints<\/title>\n<meta name=\"description\" content=\"Ju\u017c dzi\u015b zam\u00f3w Narodziny Wnucz\u0105t - Potr\u00f3jna Mapa Gwiazd i stw\u00f3rz sentymentaln\u0105 pami\u0105tk\u0119, kt\u00f3ra b\u0119dzie im przypomina\u0107 o mi\u0142o\u015bci ich wnuk\u00f3w.\" \/>\n<meta name=\"robots\" content=\"index, follow, max-snippet:-1, max-image-preview:large, max-video-preview:-1\" \/>\n<link rel=\"canonical\" href=\"https:\/\/positiveprints.com\/pl\/produkt\/narodziny-wnuczat-potrojna-mapa-gwiazd\/\" \/>\n<meta property=\"og:locale\" content=\"pl_PL\" \/>\n<meta property=\"og:type\" content=\"article\" \/>\n<meta property=\"og:title\" content=\"Narodziny Wnucz\u0105t - Potr\u00f3jna Mapa Gwiazd\" \/>\n<meta property=\"og:description\" content=\"Stw\u00f3rz w\u0142asn\u0105 map\u0119 gwiazd przedstawiaj\u0105c\u0105 trzy r\u00f3\u017cne miejsca oraz daty Dodaj konstelacje i Drog\u0119 Mleczn\u0105  Spersonalizuj w 3 prostych krokach Dodaj dedykacj\u0119 prosto z serca Interaktywny podgl\u0105d pozwoli dopracowa\u0107 ka\u017cdy szczeg\u00f3\u0142\" \/>\n<meta property=\"og:url\" content=\"https:\/\/positiveprints.com\/pl\/produkt\/narodziny-wnuczat-potrojna-mapa-gwiazd\/\" \/>\n<meta property=\"og:site_name\" content=\"Positive Prints\" \/>\n<meta property=\"article:publisher\" content=\"https:\/\/www.facebook.com\/positiveprintscom\" \/>\n<meta property=\"article:modified_time\" content=\"2026-04-12T21:23:14+00:00\" \/>\n<meta property=\"og:image\" content=\"https:\/\/positiveprints.com\/wp-content\/uploads\/2024\/11\/Packshot_PL_Grandkids-Triple-Star-Map-product-image-.webp\" \/>\n\t<meta property=\"og:image:width\" content=\"1450\" \/>\n\t<meta property=\"og:image:height\" content=\"1450\" \/>\n\t<meta property=\"og:image:type\" content=\"image\/webp\" \/>\n<meta name=\"twitter:card\" content=\"summary_large_image\" \/>\n<meta name=\"twitter:label1\" content=\"Szacowany czas czytania\" \/>\n\t<meta name=\"twitter:data1\" content=\"2 minuty\" \/>\n<!-- \/ Yoast SEO Premium plugin. -->","yoast_head_json":{"title":"Narodziny Wnucz\u0105t - Potr\u00f3jna Mapa Gwiazd - Positive Prints","description":"Ju\u017c dzi\u015b zam\u00f3w Narodziny Wnucz\u0105t - Potr\u00f3jna Mapa Gwiazd i stw\u00f3rz sentymentaln\u0105 pami\u0105tk\u0119, kt\u00f3ra b\u0119dzie im przypomina\u0107 o mi\u0142o\u015bci ich wnuk\u00f3w.","robots":{"index":"index","follow":"follow","max-snippet":"max-snippet:-1","max-image-preview":"max-image-preview:large","max-video-preview":"max-video-preview:-1"},"canonical":"https:\/\/positiveprints.com\/pl\/produkt\/narodziny-wnuczat-potrojna-mapa-gwiazd\/","og_locale":"pl_PL","og_type":"article","og_title":"Narodziny Wnucz\u0105t - Potr\u00f3jna Mapa Gwiazd","og_description":"Stw\u00f3rz w\u0142asn\u0105 map\u0119 gwiazd przedstawiaj\u0105c\u0105 trzy r\u00f3\u017cne miejsca oraz daty Dodaj konstelacje i Drog\u0119 Mleczn\u0105  Spersonalizuj w 3 prostych krokach Dodaj dedykacj\u0119 prosto z serca Interaktywny podgl\u0105d pozwoli dopracowa\u0107 ka\u017cdy szczeg\u00f3\u0142","og_url":"https:\/\/positiveprints.com\/pl\/produkt\/narodziny-wnuczat-potrojna-mapa-gwiazd\/","og_site_name":"Positive Prints","article_publisher":"https:\/\/www.facebook.com\/positiveprintscom","article_modified_time":"2026-04-12T21:23:14+00:00","og_image":[{"width":1450,"height":1450,"url":"https:\/\/positiveprints.com\/wp-content\/uploads\/2024\/11\/Packshot_PL_Grandkids-Triple-Star-Map-product-image-.webp","type":"image\/webp"}],"twitter_card":"summary_large_image","twitter_misc":{"Szacowany czas czytania":"2 minuty"},"schema":{"@context":"https:\/\/schema.org","@graph":[{"@type":["WebPage","ItemPage"],"@id":"https:\/\/positiveprints.com\/pl\/produkt\/narodziny-wnuczat-potrojna-mapa-gwiazd\/","url":"https:\/\/positiveprints.com\/pl\/produkt\/narodziny-wnuczat-potrojna-mapa-gwiazd\/","name":"Narodziny Wnucz\u0105t - Potr\u00f3jna Mapa Gwiazd - Positive Prints","isPartOf":{"@id":"https:\/\/positiveprints.com\/pl\/#website"},"primaryImageOfPage":{"@id":"https:\/\/positiveprints.com\/pl\/produkt\/narodziny-wnuczat-potrojna-mapa-gwiazd\/#primaryimage"},"image":{"@id":"https:\/\/positiveprints.com\/pl\/produkt\/narodziny-wnuczat-potrojna-mapa-gwiazd\/#primaryimage"},"thumbnailUrl":"https:\/\/positiveprints.com\/wp-content\/uploads\/2024\/11\/Packshot_PL_Grandkids-Triple-Star-Map-product-image-.webp","datePublished":"2023-04-24T14:33:19+00:00","dateModified":"2026-04-12T21:23:14+00:00","description":"Ju\u017c dzi\u015b zam\u00f3w Narodziny Wnucz\u0105t - Potr\u00f3jna Mapa Gwiazd i stw\u00f3rz sentymentaln\u0105 pami\u0105tk\u0119, kt\u00f3ra b\u0119dzie im przypomina\u0107 o mi\u0142o\u015bci ich wnuk\u00f3w.","breadcrumb":{"@id":"https:\/\/positiveprints.com\/pl\/produkt\/narodziny-wnuczat-potrojna-mapa-gwiazd\/#breadcrumb"},"inLanguage":"pl-PL","potentialAction":[{"@type":"ReadAction","target":["https:\/\/positiveprints.com\/pl\/produkt\/narodziny-wnuczat-potrojna-mapa-gwiazd\/"]}]},{"@type":"ImageObject","inLanguage":"pl-PL","@id":"https:\/\/positiveprints.com\/pl\/produkt\/narodziny-wnuczat-potrojna-mapa-gwiazd\/#primaryimage","url":"https:\/\/positiveprints.com\/wp-content\/uploads\/2024\/11\/Packshot_PL_Grandkids-Triple-Star-Map-product-image-.webp","contentUrl":"https:\/\/positiveprints.com\/wp-content\/uploads\/2024\/11\/Packshot_PL_Grandkids-Triple-Star-Map-product-image-.webp","width":1450,"height":1450},{"@type":"BreadcrumbList","@id":"https:\/\/positiveprints.com\/pl\/produkt\/narodziny-wnuczat-potrojna-mapa-gwiazd\/#breadcrumb","itemListElement":[{"@type":"ListItem","position":1,"name":"Home","item":"https:\/\/positiveprints.com\/pl\/"},{"@type":"ListItem","position":2,"name":"Produkty","item":"https:\/\/positiveprints.com\/pl\/shop\/"},{"@type":"ListItem","position":3,"name":"Narodziny Wnucz\u0105t &#8211; Potr\u00f3jna Mapa Gwiazd"}]},{"@type":"WebSite","@id":"https:\/\/positiveprints.com\/pl\/#website","url":"https:\/\/positiveprints.com\/pl\/","name":"Positive Prints","description":"Amazing Custom Personalized Gifts","publisher":{"@id":"https:\/\/positiveprints.com\/pl\/#organization"},"potentialAction":[{"@type":"SearchAction","target":{"@type":"EntryPoint","urlTemplate":"https:\/\/positiveprints.com\/pl\/?s={search_term_string}"},"query-input":{"@type":"PropertyValueSpecification","valueRequired":true,"valueName":"search_term_string"}}],"inLanguage":"pl-PL"},{"@type":"Organization","@id":"https:\/\/positiveprints.com\/pl\/#organization","name":"Positive Prints","alternateName":"Positive Prints","url":"https:\/\/positiveprints.com\/pl\/","logo":{"@type":"ImageObject","inLanguage":"pl-PL","@id":"https:\/\/positiveprints.com\/pl\/#\/schema\/logo\/image\/","url":"https:\/\/positiveprints.com\/wp-content\/uploads\/2026\/03\/245815646_1337939713319158_5671353136411139666_n.png","contentUrl":"https:\/\/positiveprints.com\/wp-content\/uploads\/2026\/03\/245815646_1337939713319158_5671353136411139666_n.png","width":800,"height":800,"caption":"Positive Prints"},"image":{"@id":"https:\/\/positiveprints.com\/pl\/#\/schema\/logo\/image\/"},"sameAs":["https:\/\/www.facebook.com\/positiveprintscom","https:\/\/www.instagram.com\/positiveprintscom\/","https:\/\/www.tiktok.com\/@positiveprintscom","https:\/\/www.pinterest.com\/positiveprintscom\/"]}]}},"jetpack_sharing_enabled":true,"_links":{"self":[{"href":"https:\/\/positiveprints.com\/pl\/wp-json\/wp\/v2\/product\/610094","targetHints":{"allow":["GET"]}}],"collection":[{"href":"https:\/\/positiveprints.com\/pl\/wp-json\/wp\/v2\/product"}],"about":[{"href":"https:\/\/positiveprints.com\/pl\/wp-json\/wp\/v2\/types\/product"}],"wp:featuredmedia":[{"embeddable":true,"href":"https:\/\/positiveprints.com\/pl\/wp-json\/wp\/v2\/media\/1257040"}],"wp:attachment":[{"href":"https:\/\/positiveprints.com\/pl\/wp-json\/wp\/v2\/media?parent=610094"}],"wp:term":[{"taxonomy":"product_brand","embeddable":true,"href":"https:\/\/positiveprints.com\/pl\/wp-json\/wp\/v2\/product_brand?post=610094"},{"taxonomy":"product_cat","embeddable":true,"href":"https:\/\/positiveprints.com\/pl\/wp-json\/wp\/v2\/product_cat?post=610094"},{"taxonomy":"product_tag","embeddable":true,"href":"https:\/\/positiveprints.com\/pl\/wp-json\/wp\/v2\/product_tag?post=610094"}],"curies":[{"name":"wp","href":"https:\/\/api.w.org\/{rel}","templated":true}]}}