{"id":610006,"date":"2023-04-24T13:44:47","date_gmt":"2023-04-24T12:44:47","guid":{"rendered":"https:\/\/positiveprints.com\/?post_type=product&#038;p=610006"},"modified":"2026-04-03T03:16:57","modified_gmt":"2026-04-03T02:16:57","slug":"historia-naszej-milosci-mapa-gwiazd","status":"publish","type":"product","link":"https:\/\/positiveprints.com\/pl\/produkt\/historia-naszej-milosci-mapa-gwiazd\/","title":{"rendered":"Historia Naszej Mi\u0142o\u015bci &#8211; Mapa Gwiazd"},"content":{"rendered":"<p style=\"margin-top: 1rem\">Szukasz wyj\u0105tkowego i sentymentalnego prezentu dla swojej drugiej po\u0142\u00f3wki? Mamy co\u015b dla Ciebie &#8211; &#8220;Historia Naszej Mi\u0142o\u015bci &#8211; Mapa Gwiazd&#8221;. Ten spersonalizowany plakat uchwyci trzy wyj\u0105tkowe momenty w waszym zwi\u0105zku, dzi\u0119ki czemu b\u0119dzie idealnym prezentem na rocznic\u0119, \u015blub, Walentynki, Bo\u017ce Narodzenie lub jak\u0105kolwiek inn\u0105 okazje.<\/p>\r\n\r\n\r\n<p style=\"margin-top: 1rem\">Ten spersonalizowany plakat mo\u017ce przedstawia\u0107 rozgwie\u017cd\u017cone niebo z dni, w kt\u00f3rych si\u0119 poznali\u015bcie, zar\u0119czyli\u015bcie i wzi\u0119li\u015bcie \u015blub. A mo\u017ce chcesz uchwyci\u0107 r\u00f3\u017cne kamienie milowe w swoim zwi\u0105zku, takie jak dzie\u0144 pierwszego spotkania, pierwszego poca\u0142unku i zakupu domu. Mo\u017cliwo\u015bci s\u0105 nieograniczone i mo\u017cesz dostosowa\u0107 swoje mapy gwiazd, tak aby odzwierciedli\u0107 swoj\u0105 wyj\u0105tkow\u0105 histori\u0119 mi\u0142osn\u0105.<\/p>\r\n\r\n\r\n<p style=\"margin-top: 1rem\">Stworzenie Potr\u00f3jnej Mapy Gwiazd jest \u0142atwe! Dzi\u0119ki naszemu edytorowi online mo\u017cesz wybra\u0107 sw\u00f3j ulubiony design i kolory, niezale\u017cnie od tego, czy wolisz projekty w kszta\u0142cie ko\u0142a, czy serca. Wprowad\u017a daty i lokalizacje dla ka\u017cdej z trzech map gwiazd i zobacz, jak Twoja spersonalizowana grafika wygl\u0105da na ka\u017cdym etapie. Na koniec wybierz spo\u015br\u00f3d r\u00f3\u017cnych format\u00f3w i rozmiar\u00f3w, aby mie\u0107 pewno\u015b\u0107, \u017ce Tw\u00f3j prezent b\u0119dzie idealny na specjaln\u0105 okazj\u0119.<\/p>\r\n\r\n\r\n<p style=\"margin-top: 1rem\">Ten sentymentalny prezent z pewno\u015bci\u0105 zostanie doceniony i b\u0119dzie pi\u0119kn\u0105 pami\u0105tk\u0105 na d\u0142ugie lata. Zam\u00f3w ju\u017c dzi\u015b &#8220;Historia Naszej Mi\u0142o\u015bci &#8211; Mapa Gwiazd&#8221; i zaskocz swoj\u0105 drug\u0105 po\u0142\u00f3wk\u0119 naprawd\u0119 wyj\u0105tkowym i szczerym prezentem.<\/p>","protected":false},"excerpt":{"rendered":"<ul class=\"check-list\">\n<li>Stw\u00f3rz w\u0142asn\u0105 map\u0119 gwiazd przedstawiaj\u0105c\u0105 trzy r\u00f3\u017cne miejsca oraz daty<\/li>\n<li>Dodaj konstelacje i Drog\u0119 Mleczn\u0105 <\/li>\n<li>Spersonalizuj w 3 prostych krokach<\/li>\n<li>Dodaj dedykacj\u0119 prosto z serca<\/li>\n<li>Interaktywny podgl\u0105d pozwoli dopracowa\u0107 ka\u017cdy szczeg\u00f3\u0142<\/li>\n<\/ul>\n","protected":false},"featured_media":1262301,"template":"","meta":[],"product_brand":[],"product_cat":[8190,9102,99,5279,5271,11410,11411,11407,11403,11417,11412,8010,7690,7753,7802,3120,11239,11240],"product_tag":[15521,9730,11756,11770,11817,11816,11815,11813],"class_list":{"0":"post-610006","1":"product","2":"type-product","3":"status-publish","4":"has-post-thumbnail","6":"product_cat-dla-niej","7":"product_cat-trio-stars-pl","8":"product_cat-wszystkie-produkty","9":"product_cat-prezent-na-zareczyny","10":"product_cat-prezent-na-boze-narodzenie","11":"product_cat-prezenty-pod-choinke-dla-niej","12":"product_cat-prezenty-pod-choinke-dla-niego","13":"product_cat-prezenty-pod-choinke-dla-dziewczyny","14":"product_cat-prezenty-pod-choinke-dla-chlopaka","15":"product_cat-prezenty-pod-choinke-dla-zony","16":"product_cat-prezenty-pod-choinke-dla-meza","17":"product_cat-prezent-dla-mezczyzny","18":"product_cat-prezent-dla-kobiety","19":"product_cat-prezent-dla-zony","20":"product_cat-prezent-dla-pary","21":"product_cat-prezent-na-walentynki","22":"product_cat-prezenty-na-walentynki-dla-niej","23":"product_cat-prezenty-na-walentynki-dla-niego","24":"product_tag-nasza-historia-milosna","25":"product_tag-pary","26":"product_tag-prezenty-pod-choinke-dla-chlopaka","27":"product_tag-prezenty-pod-choinke-dla-dziewczyny","28":"product_tag-prezenty-pod-choinke-dla-meza","29":"product_tag-prezenty-pod-choinke-dla-niego","30":"product_tag-prezenty-pod-choinke-dla-niej","31":"product_tag-prezenty-pod-choinke-dla-zony","33":"first","34":"instock","35":"sale","36":"taxable","37":"shipping-taxable","38":"purchasable","39":"product-type-variable"},"yoast_head":"<!-- This site is optimized with the Yoast SEO Premium plugin v27.2 (Yoast SEO v27.2) - https:\/\/yoast.com\/product\/yoast-seo-premium-wordpress\/ -->\n<title>Historia Naszej Mi\u0142o\u015bci - Mapa Gwiazd - Positive Prints<\/title>\n<meta name=\"description\" content=\"&quot;Historia Naszej Mi\u0142o\u015bci - Mapa Gwiazd&quot; uchwyci trzy wyj\u0105tkowe momenty w waszym zwi\u0105zku, dzi\u0119ki czemu b\u0119dzie idealnym prezentem na rocznic\u0119, \u015blub, Walentynki.\" \/>\n<meta name=\"robots\" content=\"index, follow, max-snippet:-1, max-image-preview:large, max-video-preview:-1\" \/>\n<link rel=\"canonical\" href=\"https:\/\/positiveprints.com\/pl\/produkt\/historia-naszej-milosci-mapa-gwiazd\/\" \/>\n<meta property=\"og:locale\" content=\"pl_PL\" \/>\n<meta property=\"og:type\" content=\"article\" \/>\n<meta property=\"og:title\" content=\"Historia Naszej Mi\u0142o\u015bci - Mapa Gwiazd\" \/>\n<meta property=\"og:description\" content=\"Stw\u00f3rz w\u0142asn\u0105 map\u0119 gwiazd przedstawiaj\u0105c\u0105 trzy r\u00f3\u017cne miejsca oraz daty Dodaj konstelacje i Drog\u0119 Mleczn\u0105  Spersonalizuj w 3 prostych krokach Dodaj dedykacj\u0119 prosto z serca Interaktywny podgl\u0105d pozwoli dopracowa\u0107 ka\u017cdy szczeg\u00f3\u0142\" \/>\n<meta property=\"og:url\" content=\"https:\/\/positiveprints.com\/pl\/produkt\/historia-naszej-milosci-mapa-gwiazd\/\" \/>\n<meta property=\"og:site_name\" content=\"Positive Prints\" \/>\n<meta property=\"article:publisher\" content=\"https:\/\/www.facebook.com\/positiveprintscom\" \/>\n<meta property=\"article:modified_time\" content=\"2026-04-03T02:16:57+00:00\" \/>\n<meta property=\"og:image\" content=\"https:\/\/positiveprints.com\/wp-content\/uploads\/2024\/11\/Packshot_PL_Our-Love-Story-Triple-Star-Map-product-image-.webp\" \/>\n\t<meta property=\"og:image:width\" content=\"1450\" \/>\n\t<meta property=\"og:image:height\" content=\"1450\" \/>\n\t<meta property=\"og:image:type\" content=\"image\/webp\" \/>\n<meta name=\"twitter:card\" content=\"summary_large_image\" \/>\n<meta name=\"twitter:label1\" content=\"Szacowany czas czytania\" \/>\n\t<meta name=\"twitter:data1\" content=\"1 minuta\" \/>\n<!-- \/ Yoast SEO Premium plugin. -->","yoast_head_json":{"title":"Historia Naszej Mi\u0142o\u015bci - Mapa Gwiazd - Positive Prints","description":"\"Historia Naszej Mi\u0142o\u015bci - Mapa Gwiazd\" uchwyci trzy wyj\u0105tkowe momenty w waszym zwi\u0105zku, dzi\u0119ki czemu b\u0119dzie idealnym prezentem na rocznic\u0119, \u015blub, Walentynki.","robots":{"index":"index","follow":"follow","max-snippet":"max-snippet:-1","max-image-preview":"max-image-preview:large","max-video-preview":"max-video-preview:-1"},"canonical":"https:\/\/positiveprints.com\/pl\/produkt\/historia-naszej-milosci-mapa-gwiazd\/","og_locale":"pl_PL","og_type":"article","og_title":"Historia Naszej Mi\u0142o\u015bci - Mapa Gwiazd","og_description":"Stw\u00f3rz w\u0142asn\u0105 map\u0119 gwiazd przedstawiaj\u0105c\u0105 trzy r\u00f3\u017cne miejsca oraz daty Dodaj konstelacje i Drog\u0119 Mleczn\u0105  Spersonalizuj w 3 prostych krokach Dodaj dedykacj\u0119 prosto z serca Interaktywny podgl\u0105d pozwoli dopracowa\u0107 ka\u017cdy szczeg\u00f3\u0142","og_url":"https:\/\/positiveprints.com\/pl\/produkt\/historia-naszej-milosci-mapa-gwiazd\/","og_site_name":"Positive Prints","article_publisher":"https:\/\/www.facebook.com\/positiveprintscom","article_modified_time":"2026-04-03T02:16:57+00:00","og_image":[{"width":1450,"height":1450,"url":"https:\/\/positiveprints.com\/wp-content\/uploads\/2024\/11\/Packshot_PL_Our-Love-Story-Triple-Star-Map-product-image-.webp","type":"image\/webp"}],"twitter_card":"summary_large_image","twitter_misc":{"Szacowany czas czytania":"1 minuta"},"schema":{"@context":"https:\/\/schema.org","@graph":[{"@type":["WebPage","ItemPage"],"@id":"https:\/\/positiveprints.com\/pl\/produkt\/historia-naszej-milosci-mapa-gwiazd\/","url":"https:\/\/positiveprints.com\/pl\/produkt\/historia-naszej-milosci-mapa-gwiazd\/","name":"Historia Naszej Mi\u0142o\u015bci - Mapa Gwiazd - Positive Prints","isPartOf":{"@id":"https:\/\/positiveprints.com\/pl\/#website"},"primaryImageOfPage":{"@id":"https:\/\/positiveprints.com\/pl\/produkt\/historia-naszej-milosci-mapa-gwiazd\/#primaryimage"},"image":{"@id":"https:\/\/positiveprints.com\/pl\/produkt\/historia-naszej-milosci-mapa-gwiazd\/#primaryimage"},"thumbnailUrl":"https:\/\/positiveprints.com\/wp-content\/uploads\/2024\/11\/Packshot_PL_Our-Love-Story-Triple-Star-Map-product-image-.webp","datePublished":"2023-04-24T12:44:47+00:00","dateModified":"2026-04-03T02:16:57+00:00","description":"\"Historia Naszej Mi\u0142o\u015bci - Mapa Gwiazd\" uchwyci trzy wyj\u0105tkowe momenty w waszym zwi\u0105zku, dzi\u0119ki czemu b\u0119dzie idealnym prezentem na rocznic\u0119, \u015blub, Walentynki.","breadcrumb":{"@id":"https:\/\/positiveprints.com\/pl\/produkt\/historia-naszej-milosci-mapa-gwiazd\/#breadcrumb"},"inLanguage":"pl-PL","potentialAction":[{"@type":"ReadAction","target":["https:\/\/positiveprints.com\/pl\/produkt\/historia-naszej-milosci-mapa-gwiazd\/"]}]},{"@type":"ImageObject","inLanguage":"pl-PL","@id":"https:\/\/positiveprints.com\/pl\/produkt\/historia-naszej-milosci-mapa-gwiazd\/#primaryimage","url":"https:\/\/positiveprints.com\/wp-content\/uploads\/2024\/11\/Packshot_PL_Our-Love-Story-Triple-Star-Map-product-image-.webp","contentUrl":"https:\/\/positiveprints.com\/wp-content\/uploads\/2024\/11\/Packshot_PL_Our-Love-Story-Triple-Star-Map-product-image-.webp","width":1450,"height":1450},{"@type":"BreadcrumbList","@id":"https:\/\/positiveprints.com\/pl\/produkt\/historia-naszej-milosci-mapa-gwiazd\/#breadcrumb","itemListElement":[{"@type":"ListItem","position":1,"name":"Home","item":"https:\/\/positiveprints.com\/pl\/"},{"@type":"ListItem","position":2,"name":"Produkty","item":"https:\/\/positiveprints.com\/pl\/shop\/"},{"@type":"ListItem","position":3,"name":"Historia Naszej Mi\u0142o\u015bci &#8211; Mapa Gwiazd"}]},{"@type":"WebSite","@id":"https:\/\/positiveprints.com\/pl\/#website","url":"https:\/\/positiveprints.com\/pl\/","name":"Positive Prints","description":"Amazing Custom Personalized Gifts","publisher":{"@id":"https:\/\/positiveprints.com\/pl\/#organization"},"potentialAction":[{"@type":"SearchAction","target":{"@type":"EntryPoint","urlTemplate":"https:\/\/positiveprints.com\/pl\/?s={search_term_string}"},"query-input":{"@type":"PropertyValueSpecification","valueRequired":true,"valueName":"search_term_string"}}],"inLanguage":"pl-PL"},{"@type":"Organization","@id":"https:\/\/positiveprints.com\/pl\/#organization","name":"Positive Prints","alternateName":"Positive Prints","url":"https:\/\/positiveprints.com\/pl\/","logo":{"@type":"ImageObject","inLanguage":"pl-PL","@id":"https:\/\/positiveprints.com\/pl\/#\/schema\/logo\/image\/","url":"https:\/\/positiveprints.com\/wp-content\/uploads\/2026\/03\/245815646_1337939713319158_5671353136411139666_n.png","contentUrl":"https:\/\/positiveprints.com\/wp-content\/uploads\/2026\/03\/245815646_1337939713319158_5671353136411139666_n.png","width":800,"height":800,"caption":"Positive Prints"},"image":{"@id":"https:\/\/positiveprints.com\/pl\/#\/schema\/logo\/image\/"},"sameAs":["https:\/\/www.facebook.com\/positiveprintscom","https:\/\/www.instagram.com\/positiveprintscom\/","https:\/\/www.tiktok.com\/@positiveprintscom","https:\/\/www.pinterest.com\/positiveprintscom\/"]}]}},"jetpack_sharing_enabled":true,"_links":{"self":[{"href":"https:\/\/positiveprints.com\/pl\/wp-json\/wp\/v2\/product\/610006","targetHints":{"allow":["GET"]}}],"collection":[{"href":"https:\/\/positiveprints.com\/pl\/wp-json\/wp\/v2\/product"}],"about":[{"href":"https:\/\/positiveprints.com\/pl\/wp-json\/wp\/v2\/types\/product"}],"wp:featuredmedia":[{"embeddable":true,"href":"https:\/\/positiveprints.com\/pl\/wp-json\/wp\/v2\/media\/1262301"}],"wp:attachment":[{"href":"https:\/\/positiveprints.com\/pl\/wp-json\/wp\/v2\/media?parent=610006"}],"wp:term":[{"taxonomy":"product_brand","embeddable":true,"href":"https:\/\/positiveprints.com\/pl\/wp-json\/wp\/v2\/product_brand?post=610006"},{"taxonomy":"product_cat","embeddable":true,"href":"https:\/\/positiveprints.com\/pl\/wp-json\/wp\/v2\/product_cat?post=610006"},{"taxonomy":"product_tag","embeddable":true,"href":"https:\/\/positiveprints.com\/pl\/wp-json\/wp\/v2\/product_tag?post=610006"}],"curies":[{"name":"wp","href":"https:\/\/api.w.org\/{rel}","templated":true}]}}