{"id":609954,"date":"2023-04-24T12:10:41","date_gmt":"2023-04-24T11:10:41","guid":{"rendered":"https:\/\/positiveprints.com\/?post_type=product&#038;p=609954"},"modified":"2026-04-18T05:53:02","modified_gmt":"2026-04-18T04:53:02","slug":"poznalismy-sie-zareczylismy-sie-pobralismy-sie-mapa-gwiazd","status":"publish","type":"product","link":"https:\/\/positiveprints.com\/pl\/produkt\/poznalismy-sie-zareczylismy-sie-pobralismy-sie-mapa-gwiazd\/","title":{"rendered":"Poznali\u015bmy si\u0119, Zar\u0119czyli\u015bmy si\u0119, Pobrali\u015bmy si\u0119 &#8211; Mapa Gwiazd"},"content":{"rendered":"<p style=\"margin-top: 1rem\">Szukasz idealnego prezentu \u015blubnego, kt\u00f3ry uchwyci Twoj\u0105 histori\u0119 mi\u0142osn\u0105 w jednym pi\u0119knym druku? &#8220;Poznali\u015bmy si\u0119, Zar\u0119czyli\u015bmy si\u0119, Pobrali\u015bmy si\u0119 &#8211; Mapa Gwiazd&#8221; to idealna spersonalizowana pami\u0105tka, kt\u00f3ra celebruje Wasz\u0105 mi\u0142o\u015b\u0107.<\/p>\r\n\r\n\r\n<p style=\"margin-top: 1rem\">Ten wyj\u0105tkowy plakat zawiera trzy spersonalizowane mapy gwiazd, przedstawiaj\u0105ce trzy magiczne chwile z Waszego \u017cycia jako pary. Pierwsza mapa gwiezdna przedstawia moment, w kt\u00f3rym si\u0119 spotkali\u015bcie, ze tekstem \u201ePoznali\u015bmy si\u0119\u201d napisanym poni\u017cej. Druga mapa pokazuje widok nieba z dnia, w kt\u00f3rym si\u0119 zar\u0119czyli\u015bcie, z napisem \u201eZar\u0119czyli\u015bmy si\u0119\u201d pod spodem. Na koniec, trzecia mapa gwiazd zawiera b\u0142yszcz\u0105ce gwiazdy z waszej nocy po\u015blubnej, a ca\u0142o\u015b\u0107 uzupe\u0142nia tekst \u201ePobrali\u015bmy si\u0119\u201d.<\/p>\r\n\r\n\r\n<p style=\"margin-top: 1rem\">Stworzenie Potr\u00f3jnej Mapy Gwiazd jest \u0142atwe! W naszym edytorze online wybierz sw\u00f3j ulubiony wz\u00f3r i kolor. Mo\u017cesz wybra\u0107 mapy w kszta\u0142cie ko\u0142a lub serca. Mo\u017cesz tak\u017ce dostosowa\u0107 kolorystyk\u0119 do swoich upodoba\u0144. Nast\u0119pnie wprowad\u017a daty i lokalizacje dla ka\u017cdej z trzech niestandardowych map gwiazd. Podczas edycji projektu mo\u017cesz zobaczy\u0107 ka\u017cd\u0105 wprowadzona zmian\u0119 w podgl\u0105dzie na \u017cywo. Gdy b\u0119dziesz zadowolony ze swojego projektu, b\u0119dziesz m\u00f3g\u0142 wybra\u0107 preferowany format i rozmiar. Niezale\u017cnie od tego, czy jest to wydrukowany lub oprawiony plakat, p\u0142\u00f3tno, czy cyfrowy plik do natychmiastowego pobrania, mamy idealn\u0105 opcj\u0119 odpowiadaj\u0105c\u0105 Twoim potrzebom.<\/p>\r\n\r\n\r\n<p style=\"margin-top: 1rem\">Zam\u00f3w &#8220;Poznali\u015bmy si\u0119, Zar\u0119czyli\u015bmy si\u0119, Pobrali\u015bmy si\u0119 &#8211; Mapa Gwiazd&#8221; ju\u017c dzi\u015b! Celebruj swoj\u0105 mi\u0142o\u015b\u0107 pi\u0119knym i sentymentalnym prezentem, kt\u00f3ry b\u0119dzie pami\u0105tk\u0105 na ca\u0142e \u017cycie.<\/p>","protected":false},"excerpt":{"rendered":"<ul class=\"check-list\">\n<li>Stw\u00f3rz w\u0142asn\u0105 map\u0119 gwiazd przedstawiaj\u0105c\u0105 trzy r\u00f3\u017cne miejsca oraz daty<\/li>\n<li>Dodaj konstelacje i Drog\u0119 Mleczn\u0105 <\/li>\n<li>Spersonalizuj w 3 prostych krokach<\/li>\n<li>Dodaj dedykacj\u0119 prosto z serca<\/li>\n<li>Interaktywny podgl\u0105d pozwoli dopracowa\u0107 ka\u017cdy szczeg\u00f3\u0142<\/li>\n<\/ul>\n","protected":false},"featured_media":1258122,"template":"","meta":[],"product_brand":[],"product_cat":[7643,11185,11184,11186,5333,3125,9102,7929,99],"product_tag":[15521,16280,8482],"class_list":{"0":"post-609954","1":"product","2":"type-product","3":"status-publish","4":"has-post-thumbnail","6":"product_cat-prezent-dla-meza","7":"product_cat-prezenty-na-rocznice-dla-niego","8":"product_cat-prezenty-na-rocznice-dla-niej","9":"product_cat-prezenty-na-rocznice-dla-pary","10":"product_cat-prezent-na-rocznice","11":"product_cat-prezent-na-slub","12":"product_cat-trio-stars-pl","13":"product_cat-prezent-na-wieczor-panienski","14":"product_cat-wszystkie-produkty","15":"product_tag-nasza-historia-milosna","16":"product_tag-wedding-pl-2","17":"product_tag-wedding-pl","19":"first","20":"instock","21":"sale","22":"taxable","23":"shipping-taxable","24":"purchasable","25":"product-type-variable"},"yoast_head":"<!-- This site is optimized with the Yoast SEO Premium plugin v27.2 (Yoast SEO v27.2) - https:\/\/yoast.com\/product\/yoast-seo-premium-wordpress\/ -->\n<title>Spotkanie Zar\u0119czyny \u015alub - Mapy Gwiazd - Positive Prints<\/title>\n<meta name=\"description\" content=\"Zam\u00f3w Poznali\u015bmy si\u0119, Zar\u0119czyli\u015bmy si\u0119, Pobrali\u015bmy si\u0119 - Mapa Gwiazd ju\u017c dzi\u015b! Celebruj swoj\u0105 mi\u0142o\u015b\u0107 pi\u0119knym i sentymentalnym prezentem, kt\u00f3ry b\u0119dzie pami\u0105tk\u0105 na ca\u0142e \u017cycie.\" \/>\n<meta name=\"robots\" content=\"index, follow, max-snippet:-1, max-image-preview:large, max-video-preview:-1\" \/>\n<link rel=\"canonical\" href=\"https:\/\/positiveprints.com\/pl\/produkt\/poznalismy-sie-zareczylismy-sie-pobralismy-sie-mapa-gwiazd\/\" \/>\n<meta property=\"og:locale\" content=\"pl_PL\" \/>\n<meta property=\"og:type\" content=\"article\" \/>\n<meta property=\"og:title\" content=\"Poznali\u015bmy si\u0119, Zar\u0119czyli\u015bmy si\u0119, Pobrali\u015bmy si\u0119 - Mapa Gwiazd\" \/>\n<meta property=\"og:description\" content=\"Stw\u00f3rz w\u0142asn\u0105 map\u0119 gwiazd przedstawiaj\u0105c\u0105 trzy r\u00f3\u017cne miejsca oraz daty Dodaj konstelacje i Drog\u0119 Mleczn\u0105  Spersonalizuj w 3 prostych krokach Dodaj dedykacj\u0119 prosto z serca Interaktywny podgl\u0105d pozwoli dopracowa\u0107 ka\u017cdy szczeg\u00f3\u0142\" \/>\n<meta property=\"og:url\" content=\"https:\/\/positiveprints.com\/pl\/produkt\/poznalismy-sie-zareczylismy-sie-pobralismy-sie-mapa-gwiazd\/\" \/>\n<meta property=\"og:site_name\" content=\"Positive Prints\" \/>\n<meta property=\"article:publisher\" content=\"https:\/\/www.facebook.com\/positiveprintscom\" \/>\n<meta property=\"article:modified_time\" content=\"2026-04-18T04:53:02+00:00\" \/>\n<meta property=\"og:image\" content=\"https:\/\/positiveprints.com\/wp-content\/uploads\/2024\/11\/Packshot_PL_Met-Engaged-Married-Star-Map-product-image-.webp\" \/>\n\t<meta property=\"og:image:width\" content=\"1450\" \/>\n\t<meta property=\"og:image:height\" content=\"1450\" \/>\n\t<meta property=\"og:image:type\" content=\"image\/webp\" \/>\n<meta name=\"twitter:card\" content=\"summary_large_image\" \/>\n<meta name=\"twitter:label1\" content=\"Szacowany czas czytania\" \/>\n\t<meta name=\"twitter:data1\" content=\"1 minuta\" \/>\n<!-- \/ Yoast SEO Premium plugin. -->","yoast_head_json":{"title":"Spotkanie Zar\u0119czyny \u015alub - Mapy Gwiazd - Positive Prints","description":"Zam\u00f3w Poznali\u015bmy si\u0119, Zar\u0119czyli\u015bmy si\u0119, Pobrali\u015bmy si\u0119 - Mapa Gwiazd ju\u017c dzi\u015b! Celebruj swoj\u0105 mi\u0142o\u015b\u0107 pi\u0119knym i sentymentalnym prezentem, kt\u00f3ry b\u0119dzie pami\u0105tk\u0105 na ca\u0142e \u017cycie.","robots":{"index":"index","follow":"follow","max-snippet":"max-snippet:-1","max-image-preview":"max-image-preview:large","max-video-preview":"max-video-preview:-1"},"canonical":"https:\/\/positiveprints.com\/pl\/produkt\/poznalismy-sie-zareczylismy-sie-pobralismy-sie-mapa-gwiazd\/","og_locale":"pl_PL","og_type":"article","og_title":"Poznali\u015bmy si\u0119, Zar\u0119czyli\u015bmy si\u0119, Pobrali\u015bmy si\u0119 - Mapa Gwiazd","og_description":"Stw\u00f3rz w\u0142asn\u0105 map\u0119 gwiazd przedstawiaj\u0105c\u0105 trzy r\u00f3\u017cne miejsca oraz daty Dodaj konstelacje i Drog\u0119 Mleczn\u0105  Spersonalizuj w 3 prostych krokach Dodaj dedykacj\u0119 prosto z serca Interaktywny podgl\u0105d pozwoli dopracowa\u0107 ka\u017cdy szczeg\u00f3\u0142","og_url":"https:\/\/positiveprints.com\/pl\/produkt\/poznalismy-sie-zareczylismy-sie-pobralismy-sie-mapa-gwiazd\/","og_site_name":"Positive Prints","article_publisher":"https:\/\/www.facebook.com\/positiveprintscom","article_modified_time":"2026-04-18T04:53:02+00:00","og_image":[{"width":1450,"height":1450,"url":"https:\/\/positiveprints.com\/wp-content\/uploads\/2024\/11\/Packshot_PL_Met-Engaged-Married-Star-Map-product-image-.webp","type":"image\/webp"}],"twitter_card":"summary_large_image","twitter_misc":{"Szacowany czas czytania":"1 minuta"},"schema":{"@context":"https:\/\/schema.org","@graph":[{"@type":["WebPage","ItemPage"],"@id":"https:\/\/positiveprints.com\/pl\/produkt\/poznalismy-sie-zareczylismy-sie-pobralismy-sie-mapa-gwiazd\/","url":"https:\/\/positiveprints.com\/pl\/produkt\/poznalismy-sie-zareczylismy-sie-pobralismy-sie-mapa-gwiazd\/","name":"Spotkanie Zar\u0119czyny \u015alub - Mapy Gwiazd - Positive Prints","isPartOf":{"@id":"https:\/\/positiveprints.com\/pl\/#website"},"primaryImageOfPage":{"@id":"https:\/\/positiveprints.com\/pl\/produkt\/poznalismy-sie-zareczylismy-sie-pobralismy-sie-mapa-gwiazd\/#primaryimage"},"image":{"@id":"https:\/\/positiveprints.com\/pl\/produkt\/poznalismy-sie-zareczylismy-sie-pobralismy-sie-mapa-gwiazd\/#primaryimage"},"thumbnailUrl":"https:\/\/positiveprints.com\/wp-content\/uploads\/2024\/11\/Packshot_PL_Met-Engaged-Married-Star-Map-product-image-.webp","datePublished":"2023-04-24T11:10:41+00:00","dateModified":"2026-04-18T04:53:02+00:00","description":"Zam\u00f3w Poznali\u015bmy si\u0119, Zar\u0119czyli\u015bmy si\u0119, Pobrali\u015bmy si\u0119 - Mapa Gwiazd ju\u017c dzi\u015b! Celebruj swoj\u0105 mi\u0142o\u015b\u0107 pi\u0119knym i sentymentalnym prezentem, kt\u00f3ry b\u0119dzie pami\u0105tk\u0105 na ca\u0142e \u017cycie.","breadcrumb":{"@id":"https:\/\/positiveprints.com\/pl\/produkt\/poznalismy-sie-zareczylismy-sie-pobralismy-sie-mapa-gwiazd\/#breadcrumb"},"inLanguage":"pl-PL","potentialAction":[{"@type":"ReadAction","target":["https:\/\/positiveprints.com\/pl\/produkt\/poznalismy-sie-zareczylismy-sie-pobralismy-sie-mapa-gwiazd\/"]}]},{"@type":"ImageObject","inLanguage":"pl-PL","@id":"https:\/\/positiveprints.com\/pl\/produkt\/poznalismy-sie-zareczylismy-sie-pobralismy-sie-mapa-gwiazd\/#primaryimage","url":"https:\/\/positiveprints.com\/wp-content\/uploads\/2024\/11\/Packshot_PL_Met-Engaged-Married-Star-Map-product-image-.webp","contentUrl":"https:\/\/positiveprints.com\/wp-content\/uploads\/2024\/11\/Packshot_PL_Met-Engaged-Married-Star-Map-product-image-.webp","width":1450,"height":1450},{"@type":"BreadcrumbList","@id":"https:\/\/positiveprints.com\/pl\/produkt\/poznalismy-sie-zareczylismy-sie-pobralismy-sie-mapa-gwiazd\/#breadcrumb","itemListElement":[{"@type":"ListItem","position":1,"name":"Home","item":"https:\/\/positiveprints.com\/pl\/"},{"@type":"ListItem","position":2,"name":"Produkty","item":"https:\/\/positiveprints.com\/pl\/shop\/"},{"@type":"ListItem","position":3,"name":"Poznali\u015bmy si\u0119, Zar\u0119czyli\u015bmy si\u0119, Pobrali\u015bmy si\u0119 &#8211; Mapa Gwiazd"}]},{"@type":"WebSite","@id":"https:\/\/positiveprints.com\/pl\/#website","url":"https:\/\/positiveprints.com\/pl\/","name":"Positive Prints","description":"Amazing Custom Personalized Gifts","publisher":{"@id":"https:\/\/positiveprints.com\/pl\/#organization"},"potentialAction":[{"@type":"SearchAction","target":{"@type":"EntryPoint","urlTemplate":"https:\/\/positiveprints.com\/pl\/?s={search_term_string}"},"query-input":{"@type":"PropertyValueSpecification","valueRequired":true,"valueName":"search_term_string"}}],"inLanguage":"pl-PL"},{"@type":"Organization","@id":"https:\/\/positiveprints.com\/pl\/#organization","name":"Positive Prints","alternateName":"Positive Prints","url":"https:\/\/positiveprints.com\/pl\/","logo":{"@type":"ImageObject","inLanguage":"pl-PL","@id":"https:\/\/positiveprints.com\/pl\/#\/schema\/logo\/image\/","url":"https:\/\/positiveprints.com\/wp-content\/uploads\/2026\/03\/245815646_1337939713319158_5671353136411139666_n.png","contentUrl":"https:\/\/positiveprints.com\/wp-content\/uploads\/2026\/03\/245815646_1337939713319158_5671353136411139666_n.png","width":800,"height":800,"caption":"Positive Prints"},"image":{"@id":"https:\/\/positiveprints.com\/pl\/#\/schema\/logo\/image\/"},"sameAs":["https:\/\/www.facebook.com\/positiveprintscom","https:\/\/www.instagram.com\/positiveprintscom\/","https:\/\/www.tiktok.com\/@positiveprintscom","https:\/\/www.pinterest.com\/positiveprintscom\/"]}]}},"jetpack_sharing_enabled":true,"_links":{"self":[{"href":"https:\/\/positiveprints.com\/pl\/wp-json\/wp\/v2\/product\/609954","targetHints":{"allow":["GET"]}}],"collection":[{"href":"https:\/\/positiveprints.com\/pl\/wp-json\/wp\/v2\/product"}],"about":[{"href":"https:\/\/positiveprints.com\/pl\/wp-json\/wp\/v2\/types\/product"}],"wp:featuredmedia":[{"embeddable":true,"href":"https:\/\/positiveprints.com\/pl\/wp-json\/wp\/v2\/media\/1258122"}],"wp:attachment":[{"href":"https:\/\/positiveprints.com\/pl\/wp-json\/wp\/v2\/media?parent=609954"}],"wp:term":[{"taxonomy":"product_brand","embeddable":true,"href":"https:\/\/positiveprints.com\/pl\/wp-json\/wp\/v2\/product_brand?post=609954"},{"taxonomy":"product_cat","embeddable":true,"href":"https:\/\/positiveprints.com\/pl\/wp-json\/wp\/v2\/product_cat?post=609954"},{"taxonomy":"product_tag","embeddable":true,"href":"https:\/\/positiveprints.com\/pl\/wp-json\/wp\/v2\/product_tag?post=609954"}],"curies":[{"name":"wp","href":"https:\/\/api.w.org\/{rel}","templated":true}]}}