{"id":609706,"date":"2023-04-24T11:16:58","date_gmt":"2023-04-24T10:16:58","guid":{"rendered":"https:\/\/positiveprints.com\/?post_type=product&#038;p=609706"},"modified":"2026-04-28T14:21:22","modified_gmt":"2026-04-28T13:21:22","slug":"zanim-powiedzielismy-tak-mapa-gwiazd","status":"publish","type":"product","link":"https:\/\/positiveprints.com\/pl\/produkt\/zanim-powiedzielismy-tak-mapa-gwiazd\/","title":{"rendered":"Zanim Powiedzieli\u015bmy TAK! &#8211; Mapa Gwiazd"},"content":{"rendered":"<p style=\"margin-top: 1rem\">Chcesz uchwyci\u0107 magi\u0119 swojej historii mi\u0142osnej na jednym wydruku? Poznaj &#8220;Zanim Powiedzieli\u015bmy TAK! &#8211; Mapa Gwiazd&#8221;. Ten spersonalizowany prezent na rocznic\u0119 idealnie nadaje si\u0119 do uczczenia kamieni milowych w zwi\u0105zku, niezale\u017cnie od tego, czy jest to dzie\u0144 \u015blubu, Walentynki, czy inna specjalna okazja.<\/p>\r\n\r\n\r\n<p style=\"margin-top: 1rem\">Przypomnij sobie wyj\u0105tkowe momenty w waszym zwi\u0105zku dzi\u0119ki temu wyj\u0105tkowemu plakatowi, kt\u00f3ry zawiera trzy spersonalizowane mapy gwiazd. Pierwsza mapa gwiazd przedstawia dok\u0142adny moment, w kt\u00f3rym si\u0119 poznali\u015bcie, podczas gdy druga pokazuje dzie\u0144, w kt\u00f3rym si\u0119 zar\u0119czyli\u015bcie. Natomiast, trzecia mapa nieba przedstawia noc waszego \u015blubu.<\/p>\r\n\r\n\r\n<p style=\"margin-top: 1rem\">Stworzenie Mapy Gwiazd jest proste! Wystarczy przej\u015b\u0107 do naszego edytora online, wybra\u0107 sw\u00f3j ulubiony design i kolory oraz wprowadzi\u0107 daty i lokalizacje dla ka\u017cdej mapy nieba. Mo\u017cesz wybiera\u0107 spo\u015br\u00f3d map w kszta\u0142cie ko\u0142a lub serca, a nawet dostosowa\u0107 kolory do w\u0142asnych upodoba\u0144. Przy ka\u017cdej podj\u0119tej decyzji projektowej podgl\u0105d online pokazuje dok\u0142adnie, jak b\u0119dzie wygl\u0105da\u0107 Tw\u00f3j plakat. A kiedy sko\u0144czysz, wybierz format i rozmiar, kt\u00f3ry najbardziej Ci odpowiada \u2014 niezale\u017cnie od tego, czy jest to wydrukowany lub oprawiony plakat, p\u0142\u00f3tno, czy cyfrowy plik do natychmiastowego pobrania.<\/p>\r\n\r\n\r\n<p style=\"margin-top: 1rem\">Ju\u017c dzi\u015b zam\u00f3w &#8220;Zanim Powiedzieli\u015bmy TAK! &#8211; Mapa Gwiazd&#8221; i zaskocz ukochan\u0105 osob\u0119 sentymentalnym prezentem, kt\u00f3ry na zawsze pozostanie jej w pami\u0119ci.<\/p>","protected":false},"excerpt":{"rendered":"<ul class=\"check-list\">\n<li>Stw\u00f3rz w\u0142asn\u0105 map\u0119 gwiazd przedstawiaj\u0105c\u0105 trzy r\u00f3\u017cne miejsca oraz daty<\/li>\n<li>Dodaj konstelacje i Drog\u0119 Mleczn\u0105 <\/li>\n<li>Spersonalizuj w 3 prostych krokach<\/li>\n<li>Dodaj dedykacj\u0119 prosto z serca<\/li>\n<li>Interaktywny podgl\u0105d pozwoli dopracowa\u0107 ka\u017cdy szczeg\u00f3\u0142<\/li>\n<\/ul>\n","protected":false},"featured_media":1257579,"template":"","meta":[],"product_brand":[],"product_cat":[9102,99],"product_tag":[14975,15521],"class_list":{"0":"post-609706","1":"product","2":"type-product","3":"status-publish","4":"has-post-thumbnail","6":"product_cat-trio-stars-pl","7":"product_cat-wszystkie-produkty","8":"product_tag-anniversary-pl","9":"product_tag-nasza-historia-milosna","11":"first","12":"instock","13":"sale","14":"taxable","15":"shipping-taxable","16":"purchasable","17":"product-type-variable"},"yoast_head":"<!-- This site is optimized with the Yoast SEO Premium plugin v27.2 (Yoast SEO v27.2) - https:\/\/yoast.com\/product\/yoast-seo-premium-wordpress\/ -->\n<title>Zanim Powiedzieli\u015bmy TAK! - Mapa Gwiazd - Positive Prints<\/title>\n<meta name=\"description\" content=\"Ju\u017c dzi\u015b zam\u00f3w Zanim Powiedzieli\u015bmy TAK! - Mapa Gwiazd i zaskocz ukochan\u0105 osob\u0119 sentymentalnym prezentem, kt\u00f3ry na zawsze pozostanie jej w pami\u0119ci.\" \/>\n<meta name=\"robots\" content=\"index, follow, max-snippet:-1, max-image-preview:large, max-video-preview:-1\" \/>\n<link rel=\"canonical\" href=\"https:\/\/positiveprints.com\/pl\/produkt\/zanim-powiedzielismy-tak-mapa-gwiazd\/\" \/>\n<meta property=\"og:locale\" content=\"pl_PL\" \/>\n<meta property=\"og:type\" content=\"article\" \/>\n<meta property=\"og:title\" content=\"Zanim Powiedzieli\u015bmy TAK! - Mapa Gwiazd\" \/>\n<meta property=\"og:description\" content=\"Stw\u00f3rz w\u0142asn\u0105 map\u0119 gwiazd przedstawiaj\u0105c\u0105 trzy r\u00f3\u017cne miejsca oraz daty Dodaj konstelacje i Drog\u0119 Mleczn\u0105  Spersonalizuj w 3 prostych krokach Dodaj dedykacj\u0119 prosto z serca Interaktywny podgl\u0105d pozwoli dopracowa\u0107 ka\u017cdy szczeg\u00f3\u0142\" \/>\n<meta property=\"og:url\" content=\"https:\/\/positiveprints.com\/pl\/produkt\/zanim-powiedzielismy-tak-mapa-gwiazd\/\" \/>\n<meta property=\"og:site_name\" content=\"Positive Prints\" \/>\n<meta property=\"article:publisher\" content=\"https:\/\/www.facebook.com\/positiveprintscom\" \/>\n<meta property=\"article:modified_time\" content=\"2026-04-28T13:21:22+00:00\" \/>\n<meta property=\"og:image\" content=\"https:\/\/positiveprints.com\/wp-content\/uploads\/2024\/11\/Packshot_PL_Hello-Will-You-I-Do-Star-Map-product-image-.webp\" \/>\n\t<meta property=\"og:image:width\" content=\"1450\" \/>\n\t<meta property=\"og:image:height\" content=\"1450\" \/>\n\t<meta property=\"og:image:type\" content=\"image\/webp\" \/>\n<meta name=\"twitter:card\" content=\"summary_large_image\" \/>\n<!-- \/ Yoast SEO Premium plugin. -->","yoast_head_json":{"title":"Zanim Powiedzieli\u015bmy TAK! - Mapa Gwiazd - Positive Prints","description":"Ju\u017c dzi\u015b zam\u00f3w Zanim Powiedzieli\u015bmy TAK! - Mapa Gwiazd i zaskocz ukochan\u0105 osob\u0119 sentymentalnym prezentem, kt\u00f3ry na zawsze pozostanie jej w pami\u0119ci.","robots":{"index":"index","follow":"follow","max-snippet":"max-snippet:-1","max-image-preview":"max-image-preview:large","max-video-preview":"max-video-preview:-1"},"canonical":"https:\/\/positiveprints.com\/pl\/produkt\/zanim-powiedzielismy-tak-mapa-gwiazd\/","og_locale":"pl_PL","og_type":"article","og_title":"Zanim Powiedzieli\u015bmy TAK! - Mapa Gwiazd","og_description":"Stw\u00f3rz w\u0142asn\u0105 map\u0119 gwiazd przedstawiaj\u0105c\u0105 trzy r\u00f3\u017cne miejsca oraz daty Dodaj konstelacje i Drog\u0119 Mleczn\u0105  Spersonalizuj w 3 prostych krokach Dodaj dedykacj\u0119 prosto z serca Interaktywny podgl\u0105d pozwoli dopracowa\u0107 ka\u017cdy szczeg\u00f3\u0142","og_url":"https:\/\/positiveprints.com\/pl\/produkt\/zanim-powiedzielismy-tak-mapa-gwiazd\/","og_site_name":"Positive Prints","article_publisher":"https:\/\/www.facebook.com\/positiveprintscom","article_modified_time":"2026-04-28T13:21:22+00:00","og_image":[{"width":1450,"height":1450,"url":"https:\/\/positiveprints.com\/wp-content\/uploads\/2024\/11\/Packshot_PL_Hello-Will-You-I-Do-Star-Map-product-image-.webp","type":"image\/webp"}],"twitter_card":"summary_large_image","schema":{"@context":"https:\/\/schema.org","@graph":[{"@type":["WebPage","ItemPage"],"@id":"https:\/\/positiveprints.com\/pl\/produkt\/zanim-powiedzielismy-tak-mapa-gwiazd\/","url":"https:\/\/positiveprints.com\/pl\/produkt\/zanim-powiedzielismy-tak-mapa-gwiazd\/","name":"Zanim Powiedzieli\u015bmy TAK! - Mapa Gwiazd - Positive Prints","isPartOf":{"@id":"https:\/\/positiveprints.com\/pl\/#website"},"primaryImageOfPage":{"@id":"https:\/\/positiveprints.com\/pl\/produkt\/zanim-powiedzielismy-tak-mapa-gwiazd\/#primaryimage"},"image":{"@id":"https:\/\/positiveprints.com\/pl\/produkt\/zanim-powiedzielismy-tak-mapa-gwiazd\/#primaryimage"},"thumbnailUrl":"https:\/\/positiveprints.com\/wp-content\/uploads\/2024\/11\/Packshot_PL_Hello-Will-You-I-Do-Star-Map-product-image-.webp","datePublished":"2023-04-24T10:16:58+00:00","dateModified":"2026-04-28T13:21:22+00:00","description":"Ju\u017c dzi\u015b zam\u00f3w Zanim Powiedzieli\u015bmy TAK! - Mapa Gwiazd i zaskocz ukochan\u0105 osob\u0119 sentymentalnym prezentem, kt\u00f3ry na zawsze pozostanie jej w pami\u0119ci.","breadcrumb":{"@id":"https:\/\/positiveprints.com\/pl\/produkt\/zanim-powiedzielismy-tak-mapa-gwiazd\/#breadcrumb"},"inLanguage":"pl-PL","potentialAction":[{"@type":"ReadAction","target":["https:\/\/positiveprints.com\/pl\/produkt\/zanim-powiedzielismy-tak-mapa-gwiazd\/"]}]},{"@type":"ImageObject","inLanguage":"pl-PL","@id":"https:\/\/positiveprints.com\/pl\/produkt\/zanim-powiedzielismy-tak-mapa-gwiazd\/#primaryimage","url":"https:\/\/positiveprints.com\/wp-content\/uploads\/2024\/11\/Packshot_PL_Hello-Will-You-I-Do-Star-Map-product-image-.webp","contentUrl":"https:\/\/positiveprints.com\/wp-content\/uploads\/2024\/11\/Packshot_PL_Hello-Will-You-I-Do-Star-Map-product-image-.webp","width":1450,"height":1450,"caption":"Packshot_PL_Hello Will You I Do Star Map product image"},{"@type":"BreadcrumbList","@id":"https:\/\/positiveprints.com\/pl\/produkt\/zanim-powiedzielismy-tak-mapa-gwiazd\/#breadcrumb","itemListElement":[{"@type":"ListItem","position":1,"name":"Home","item":"https:\/\/positiveprints.com\/pl\/"},{"@type":"ListItem","position":2,"name":"Produkty","item":"https:\/\/positiveprints.com\/pl\/shop\/"},{"@type":"ListItem","position":3,"name":"Zanim Powiedzieli\u015bmy TAK! &#8211; Mapa Gwiazd"}]},{"@type":"WebSite","@id":"https:\/\/positiveprints.com\/pl\/#website","url":"https:\/\/positiveprints.com\/pl\/","name":"Positive Prints","description":"Amazing Custom Personalized Gifts","publisher":{"@id":"https:\/\/positiveprints.com\/pl\/#organization"},"potentialAction":[{"@type":"SearchAction","target":{"@type":"EntryPoint","urlTemplate":"https:\/\/positiveprints.com\/pl\/?s={search_term_string}"},"query-input":{"@type":"PropertyValueSpecification","valueRequired":true,"valueName":"search_term_string"}}],"inLanguage":"pl-PL"},{"@type":"Organization","@id":"https:\/\/positiveprints.com\/pl\/#organization","name":"Positive Prints","alternateName":"Positive Prints","url":"https:\/\/positiveprints.com\/pl\/","logo":{"@type":"ImageObject","inLanguage":"pl-PL","@id":"https:\/\/positiveprints.com\/pl\/#\/schema\/logo\/image\/","url":"https:\/\/positiveprints.com\/wp-content\/uploads\/2026\/03\/245815646_1337939713319158_5671353136411139666_n.png","contentUrl":"https:\/\/positiveprints.com\/wp-content\/uploads\/2026\/03\/245815646_1337939713319158_5671353136411139666_n.png","width":800,"height":800,"caption":"Positive Prints"},"image":{"@id":"https:\/\/positiveprints.com\/pl\/#\/schema\/logo\/image\/"},"sameAs":["https:\/\/www.facebook.com\/positiveprintscom","https:\/\/www.instagram.com\/positiveprintscom\/","https:\/\/www.tiktok.com\/@positiveprintscom","https:\/\/www.pinterest.com\/positiveprintscom\/"]}]}},"jetpack_sharing_enabled":true,"_links":{"self":[{"href":"https:\/\/positiveprints.com\/pl\/wp-json\/wp\/v2\/product\/609706","targetHints":{"allow":["GET"]}}],"collection":[{"href":"https:\/\/positiveprints.com\/pl\/wp-json\/wp\/v2\/product"}],"about":[{"href":"https:\/\/positiveprints.com\/pl\/wp-json\/wp\/v2\/types\/product"}],"wp:featuredmedia":[{"embeddable":true,"href":"https:\/\/positiveprints.com\/pl\/wp-json\/wp\/v2\/media\/1257579"}],"wp:attachment":[{"href":"https:\/\/positiveprints.com\/pl\/wp-json\/wp\/v2\/media?parent=609706"}],"wp:term":[{"taxonomy":"product_brand","embeddable":true,"href":"https:\/\/positiveprints.com\/pl\/wp-json\/wp\/v2\/product_brand?post=609706"},{"taxonomy":"product_cat","embeddable":true,"href":"https:\/\/positiveprints.com\/pl\/wp-json\/wp\/v2\/product_cat?post=609706"},{"taxonomy":"product_tag","embeddable":true,"href":"https:\/\/positiveprints.com\/pl\/wp-json\/wp\/v2\/product_tag?post=609706"}],"curies":[{"name":"wp","href":"https:\/\/api.w.org\/{rel}","templated":true}]}}