{"id":609665,"date":"2023-04-21T11:01:25","date_gmt":"2023-04-21T10:01:25","guid":{"rendered":"https:\/\/positiveprints.com\/?post_type=product&#038;p=609665"},"modified":"2026-04-28T14:21:28","modified_gmt":"2026-04-28T13:21:28","slug":"nasza-rodzina-potrojna-mapa-gwiazd","status":"publish","type":"product","link":"https:\/\/positiveprints.com\/pl\/produkt\/nasza-rodzina-potrojna-mapa-gwiazd\/","title":{"rendered":"Nasza Rodzina &#8211; Potr\u00f3jna Mapa Gwiazd"},"content":{"rendered":"<p style=\"margin-top: 1rem\">Szukasz wyj\u0105tkowego, znacz\u0105cego i spersonalizowanego prezentu dla rodziny? Mamy co\u015b dla Ciebie &#8211; &#8220;Nasza Rodzina &#8211; Potr\u00f3jna Mapa Gwiazd&#8221;. Niezale\u017cnie od tego, czy jest to specjalna okazja, czy zupe\u0142nie bez powodu, ten spersonalizowany wydruk przedstawia uk\u0142ad gwiazd z trzech r\u00f3\u017cnych dni w historii Twojej rodziny.<\/p>\r\n\r\n\r\n<p style=\"margin-top: 1rem\">Wyobra\u017a sobie emocje, kt\u00f3re poczujesz, gdy zobaczysz, jak wygl\u0105da\u0142y gwiazdy w dniu narodzin Twoich dzieci lub w dniu Twojego \u015blubu. To nie byle jaki prezent, to cenna pami\u0105tka na ca\u0142e \u017cycie. A co najlepsze? Mo\u017cliwo\u015bci s\u0105 niesko\u0144czone! Niezale\u017cnie od tego, czy \u015bwi\u0119tujesz przybycie na \u015bwiat nowego cz\u0142onka rodziny, czy po prostu chcesz zachowa\u0107 te cenne wspomnienia, jest to idealny prezent dla Ciebie.<\/p>\r\n\r\n\r\n<p style=\"margin-top: 1rem\">Stworzenie Potr\u00f3jnej Mapy Gwiazd jest \u0142atwe! W naszym edytorze online mo\u017cesz wybra\u0107 preferowany wz\u00f3r i kolory. Nast\u0119pnie wprowad\u017a daty i lokalizacje, dla kt\u00f3rych chcesz zobaczy\u0107 mapy nieba. Na ka\u017cdym etapie mo\u017cesz zobaczy\u0107 podgl\u0105d na \u017cywo swojego plakatu. Na ko\u0144cu wybierz spo\u015br\u00f3d wielu format\u00f3w i rozmiar\u00f3w, aby mie\u0107 pewno\u015b\u0107, \u017ce otrzymasz dok\u0142adnie to, czego potrzebujesz.<\/p>\r\n\r\n\r\n<p style=\"margin-top: 1rem\">Nie czekaj d\u0142u\u017cej, aby uchwyci\u0107 te wyj\u0105tkowe chwile! Zam\u00f3w &#8220;Nasza Rodzina &#8211; Potr\u00f3jna Mapa Gwiazd&#8221; ju\u017c dzi\u015b i stw\u00f3rz prezent, kt\u00f3rego Twoja rodzina nigdy nie zapomni.<\/p>","protected":false},"excerpt":{"rendered":"<ul class=\"check-list\">\n<li>Stw\u00f3rz w\u0142asn\u0105 map\u0119 gwiazd przedstawiaj\u0105c\u0105 trzy r\u00f3\u017cne miejsca oraz daty<\/li>\n<li>Dodaj konstelacje i Drog\u0119 Mleczn\u0105 <\/li>\n<li>Spersonalizuj w 3 prostych krokach<\/li>\n<li>Dodaj dedykacj\u0119 prosto z serca<\/li>\n<li>Interaktywny podgl\u0105d pozwoli dopracowa\u0107 ka\u017cdy szczeg\u00f3\u0142<\/li>\n<\/ul>\n","protected":false},"featured_media":1256512,"template":"","meta":[],"product_brand":[],"product_cat":[7626,11404,7770,7690,8010,7818,8206,11415,7850,15059,7739,11416,7658,5253,11210,11209,5271,9765,9102,3126,99],"product_tag":[12611,8538,17189,12612,12777,12776,12626,13458,13468,12625],"class_list":{"0":"post-609665","1":"product","2":"type-product","3":"status-publish","4":"has-post-thumbnail","6":"product_cat-prezent-dla-brata","7":"product_cat-prezenty-pod-choinke-dla-brata","8":"product_cat-prezent-dla-corki","9":"product_cat-prezent-dla-kobiety","10":"product_cat-prezent-dla-mezczyzny","11":"product_cat-prezent-dla-mlodych-rodzicow","12":"product_cat-dla-niego","13":"product_cat-prezenty-pod-choinke-dla-rodzicow","14":"product_cat-prezent-dla-rodziny","15":"product_cat-prezenty-pod-choinke-dla-rodziny","16":"product_cat-prezent-dla-siostry","17":"product_cat-prezenty-pod-choinke-dla-siostry","18":"product_cat-prezent-dla-syna","19":"product_cat-prezent-na-narodziny-dziecka","20":"product_cat-prezenty-urodzinowe-dla-niego","21":"product_cat-prezenty-urodzinowe-dla-niej","22":"product_cat-prezent-na-boze-narodzenie","23":"product_cat-trending-label-pl","24":"product_cat-trio-stars-pl","25":"product_cat-prezent-na-urodziny","26":"product_cat-wszystkie-produkty","27":"product_tag-brat","28":"product_tag-family-pl","29":"product_tag-prezent-dla-brata-pl","30":"product_tag-prezent-dla-brata","31":"product_tag-prezent-dla-siostry","32":"product_tag-prezent-pod-choinke-dla-siostry","33":"product_tag-prezenty-dla-siostry","34":"product_tag-prezenty-swiateczne-dla-brata","35":"product_tag-prezenty-swiateczne-dla-rodziny","36":"product_tag-siostra","38":"first","39":"instock","40":"sale","41":"taxable","42":"shipping-taxable","43":"purchasable","44":"product-type-variable"},"yoast_head":"<!-- This site is optimized with the Yoast SEO Premium plugin v27.2 (Yoast SEO v27.2) - https:\/\/yoast.com\/product\/yoast-seo-premium-wordpress\/ -->\n<title>Nasza Rodzina - Potr\u00f3jna Mapa Gwiazd - Positive Prints<\/title>\n<meta name=\"description\" content=\"Nie czekaj d\u0142u\u017cej! Zam\u00f3w Nasza Rodzina - Potr\u00f3jna Mapa Gwiazd ju\u017c dzi\u015b i stw\u00f3rz prezent, kt\u00f3rego Twoja rodzina nigdy nie zapomni.\" \/>\n<meta name=\"robots\" content=\"index, follow, max-snippet:-1, max-image-preview:large, max-video-preview:-1\" \/>\n<link rel=\"canonical\" href=\"https:\/\/positiveprints.com\/pl\/produkt\/nasza-rodzina-potrojna-mapa-gwiazd\/\" \/>\n<meta property=\"og:locale\" content=\"pl_PL\" \/>\n<meta property=\"og:type\" content=\"article\" \/>\n<meta property=\"og:title\" content=\"Nasza Rodzina - Potr\u00f3jna Mapa Gwiazd\" \/>\n<meta property=\"og:description\" content=\"Stw\u00f3rz w\u0142asn\u0105 map\u0119 gwiazd przedstawiaj\u0105c\u0105 trzy r\u00f3\u017cne miejsca oraz daty Dodaj konstelacje i Drog\u0119 Mleczn\u0105  Spersonalizuj w 3 prostych krokach Dodaj dedykacj\u0119 prosto z serca Interaktywny podgl\u0105d pozwoli dopracowa\u0107 ka\u017cdy szczeg\u00f3\u0142\" \/>\n<meta property=\"og:url\" content=\"https:\/\/positiveprints.com\/pl\/produkt\/nasza-rodzina-potrojna-mapa-gwiazd\/\" \/>\n<meta property=\"og:site_name\" content=\"Positive Prints\" \/>\n<meta property=\"article:publisher\" content=\"https:\/\/www.facebook.com\/positiveprintscom\" \/>\n<meta property=\"article:modified_time\" content=\"2026-04-28T13:21:28+00:00\" \/>\n<meta property=\"og:image\" content=\"https:\/\/positiveprints.com\/wp-content\/uploads\/2024\/11\/Packshot_PL_Family-Triple-Star-Map-product-image-.webp\" \/>\n\t<meta property=\"og:image:width\" content=\"1450\" \/>\n\t<meta property=\"og:image:height\" content=\"1450\" \/>\n\t<meta property=\"og:image:type\" content=\"image\/webp\" \/>\n<meta name=\"twitter:card\" content=\"summary_large_image\" \/>\n<!-- \/ Yoast SEO Premium plugin. -->","yoast_head_json":{"title":"Nasza Rodzina - Potr\u00f3jna Mapa Gwiazd - Positive Prints","description":"Nie czekaj d\u0142u\u017cej! Zam\u00f3w Nasza Rodzina - Potr\u00f3jna Mapa Gwiazd ju\u017c dzi\u015b i stw\u00f3rz prezent, kt\u00f3rego Twoja rodzina nigdy nie zapomni.","robots":{"index":"index","follow":"follow","max-snippet":"max-snippet:-1","max-image-preview":"max-image-preview:large","max-video-preview":"max-video-preview:-1"},"canonical":"https:\/\/positiveprints.com\/pl\/produkt\/nasza-rodzina-potrojna-mapa-gwiazd\/","og_locale":"pl_PL","og_type":"article","og_title":"Nasza Rodzina - Potr\u00f3jna Mapa Gwiazd","og_description":"Stw\u00f3rz w\u0142asn\u0105 map\u0119 gwiazd przedstawiaj\u0105c\u0105 trzy r\u00f3\u017cne miejsca oraz daty Dodaj konstelacje i Drog\u0119 Mleczn\u0105  Spersonalizuj w 3 prostych krokach Dodaj dedykacj\u0119 prosto z serca Interaktywny podgl\u0105d pozwoli dopracowa\u0107 ka\u017cdy szczeg\u00f3\u0142","og_url":"https:\/\/positiveprints.com\/pl\/produkt\/nasza-rodzina-potrojna-mapa-gwiazd\/","og_site_name":"Positive Prints","article_publisher":"https:\/\/www.facebook.com\/positiveprintscom","article_modified_time":"2026-04-28T13:21:28+00:00","og_image":[{"width":1450,"height":1450,"url":"https:\/\/positiveprints.com\/wp-content\/uploads\/2024\/11\/Packshot_PL_Family-Triple-Star-Map-product-image-.webp","type":"image\/webp"}],"twitter_card":"summary_large_image","schema":{"@context":"https:\/\/schema.org","@graph":[{"@type":["WebPage","ItemPage"],"@id":"https:\/\/positiveprints.com\/pl\/produkt\/nasza-rodzina-potrojna-mapa-gwiazd\/","url":"https:\/\/positiveprints.com\/pl\/produkt\/nasza-rodzina-potrojna-mapa-gwiazd\/","name":"Nasza Rodzina - Potr\u00f3jna Mapa Gwiazd - Positive Prints","isPartOf":{"@id":"https:\/\/positiveprints.com\/pl\/#website"},"primaryImageOfPage":{"@id":"https:\/\/positiveprints.com\/pl\/produkt\/nasza-rodzina-potrojna-mapa-gwiazd\/#primaryimage"},"image":{"@id":"https:\/\/positiveprints.com\/pl\/produkt\/nasza-rodzina-potrojna-mapa-gwiazd\/#primaryimage"},"thumbnailUrl":"https:\/\/positiveprints.com\/wp-content\/uploads\/2024\/11\/Packshot_PL_Family-Triple-Star-Map-product-image-.webp","datePublished":"2023-04-21T10:01:25+00:00","dateModified":"2026-04-28T13:21:28+00:00","description":"Nie czekaj d\u0142u\u017cej! Zam\u00f3w Nasza Rodzina - Potr\u00f3jna Mapa Gwiazd ju\u017c dzi\u015b i stw\u00f3rz prezent, kt\u00f3rego Twoja rodzina nigdy nie zapomni.","breadcrumb":{"@id":"https:\/\/positiveprints.com\/pl\/produkt\/nasza-rodzina-potrojna-mapa-gwiazd\/#breadcrumb"},"inLanguage":"pl-PL","potentialAction":[{"@type":"ReadAction","target":["https:\/\/positiveprints.com\/pl\/produkt\/nasza-rodzina-potrojna-mapa-gwiazd\/"]}]},{"@type":"ImageObject","inLanguage":"pl-PL","@id":"https:\/\/positiveprints.com\/pl\/produkt\/nasza-rodzina-potrojna-mapa-gwiazd\/#primaryimage","url":"https:\/\/positiveprints.com\/wp-content\/uploads\/2024\/11\/Packshot_PL_Family-Triple-Star-Map-product-image-.webp","contentUrl":"https:\/\/positiveprints.com\/wp-content\/uploads\/2024\/11\/Packshot_PL_Family-Triple-Star-Map-product-image-.webp","width":1450,"height":1450},{"@type":"BreadcrumbList","@id":"https:\/\/positiveprints.com\/pl\/produkt\/nasza-rodzina-potrojna-mapa-gwiazd\/#breadcrumb","itemListElement":[{"@type":"ListItem","position":1,"name":"Home","item":"https:\/\/positiveprints.com\/pl\/"},{"@type":"ListItem","position":2,"name":"Produkty","item":"https:\/\/positiveprints.com\/pl\/shop\/"},{"@type":"ListItem","position":3,"name":"Nasza Rodzina &#8211; Potr\u00f3jna Mapa Gwiazd"}]},{"@type":"WebSite","@id":"https:\/\/positiveprints.com\/pl\/#website","url":"https:\/\/positiveprints.com\/pl\/","name":"Positive Prints","description":"Amazing Custom Personalized Gifts","publisher":{"@id":"https:\/\/positiveprints.com\/pl\/#organization"},"potentialAction":[{"@type":"SearchAction","target":{"@type":"EntryPoint","urlTemplate":"https:\/\/positiveprints.com\/pl\/?s={search_term_string}"},"query-input":{"@type":"PropertyValueSpecification","valueRequired":true,"valueName":"search_term_string"}}],"inLanguage":"pl-PL"},{"@type":"Organization","@id":"https:\/\/positiveprints.com\/pl\/#organization","name":"Positive Prints","alternateName":"Positive Prints","url":"https:\/\/positiveprints.com\/pl\/","logo":{"@type":"ImageObject","inLanguage":"pl-PL","@id":"https:\/\/positiveprints.com\/pl\/#\/schema\/logo\/image\/","url":"https:\/\/positiveprints.com\/wp-content\/uploads\/2026\/03\/245815646_1337939713319158_5671353136411139666_n.png","contentUrl":"https:\/\/positiveprints.com\/wp-content\/uploads\/2026\/03\/245815646_1337939713319158_5671353136411139666_n.png","width":800,"height":800,"caption":"Positive Prints"},"image":{"@id":"https:\/\/positiveprints.com\/pl\/#\/schema\/logo\/image\/"},"sameAs":["https:\/\/www.facebook.com\/positiveprintscom","https:\/\/www.instagram.com\/positiveprintscom\/","https:\/\/www.tiktok.com\/@positiveprintscom","https:\/\/www.pinterest.com\/positiveprintscom\/"]}]}},"jetpack_sharing_enabled":true,"_links":{"self":[{"href":"https:\/\/positiveprints.com\/pl\/wp-json\/wp\/v2\/product\/609665","targetHints":{"allow":["GET"]}}],"collection":[{"href":"https:\/\/positiveprints.com\/pl\/wp-json\/wp\/v2\/product"}],"about":[{"href":"https:\/\/positiveprints.com\/pl\/wp-json\/wp\/v2\/types\/product"}],"wp:featuredmedia":[{"embeddable":true,"href":"https:\/\/positiveprints.com\/pl\/wp-json\/wp\/v2\/media\/1256512"}],"wp:attachment":[{"href":"https:\/\/positiveprints.com\/pl\/wp-json\/wp\/v2\/media?parent=609665"}],"wp:term":[{"taxonomy":"product_brand","embeddable":true,"href":"https:\/\/positiveprints.com\/pl\/wp-json\/wp\/v2\/product_brand?post=609665"},{"taxonomy":"product_cat","embeddable":true,"href":"https:\/\/positiveprints.com\/pl\/wp-json\/wp\/v2\/product_cat?post=609665"},{"taxonomy":"product_tag","embeddable":true,"href":"https:\/\/positiveprints.com\/pl\/wp-json\/wp\/v2\/product_tag?post=609665"}],"curies":[{"name":"wp","href":"https:\/\/api.w.org\/{rel}","templated":true}]}}