{"id":609646,"date":"2023-04-20T10:10:24","date_gmt":"2023-04-20T09:10:24","guid":{"rendered":"https:\/\/positiveprints.com\/?post_type=product&#038;p=609646"},"modified":"2026-04-18T05:54:44","modified_gmt":"2026-04-18T04:54:44","slug":"podwojna-mapa-gwiazd-dla-rodzenstwa","status":"publish","type":"product","link":"https:\/\/positiveprints.com\/pl\/produkt\/podwojna-mapa-gwiazd-dla-rodzenstwa\/","title":{"rendered":"Podw\u00f3jna Mapa Gwiazd dla Rodze\u0144stwa"},"content":{"rendered":"<p style=\"margin-top: 1rem\">Szukasz spersonalizowanego prezentu, kt\u00f3ry jest tak wyj\u0105tkowy, jak wi\u0119\u017a, kt\u00f3r\u0105 dzielisz z bratem lub siostr\u0105? Nie szukaj dalej! Mamy co\u015b dla Ciebie &#8211; Podw\u00f3jn\u0105 Map\u0119 Gwiazd dla Rodze\u0144stwa! Ten wyj\u0105tkowy plakat przedstawia obok siebie dwie pi\u0119kne mapy gwiazd, z kt\u00f3rych ka\u017cda przedstawia dok\u0142adny moment i po\u0142o\u017cenie rozgwie\u017cd\u017conego nieba w wybranym miejscu i czasie. Dzi\u0119ki niesko\u0144czonym opcjom dostosowywania mo\u017cesz stworzy\u0107 specjaln\u0105 map\u0119 gwiazd dla siebie i dla swojego rodze\u0144stwa, upami\u0119tniaj\u0105c\u0105 wszelkie wsp\u00f3lne chwile \u2014 od urodzin i wakacji po niezapomniane przygody i wsp\u00f3lne sukcesy. Dzi\u0119ki naszemu \u0142atwemu w u\u017cyciu edytorowi online stworzenie spersonalizowanej podw\u00f3jnej mapy gwiazd jest szybkie i proste, wi\u0119c po co czeka\u0107, by zaskoczy\u0107 rodze\u0144stwo prezentem, kt\u00f3ry naprawd\u0119 b\u0142yszczy?<\/p>\r\n\r\n\r\n<p style=\"margin-top: 1rem\">Stworzenie Podw\u00f3jnej Mapy Gwiazd dla Rodze\u0144stwa jest \u0142atwe. Wystarczy wej\u015b\u0107 na nasz internetowy edytor i wybra\u0107 styl, design oraz kolory, kt\u00f3re najlepiej odpowiadaj\u0105 gustom Twojego rodze\u0144stwa. Wpisz daty i miejsca, kt\u00f3re chcesz upami\u0119tni\u0107, a nasz edytor poka\u017ce Ci dok\u0142adnie, jak b\u0119d\u0105 wygl\u0105da\u0107 mapy nieba w te dni. Mo\u017cesz zobaczy\u0107 podgl\u0105d swojego plakatu na \u017cywo i wprowadza\u0107 w nim niezb\u0119dne zmiany. Ostatnim krokiem jest wybranie formatu, oferujemy plakaty drukowane i w ramce, wydruki na p\u0142\u00f3tnie oraz pliki cyfrowe do natychmiastowego pobrania.<\/p>\r\n\r\n\r\n<p style=\"margin-top: 1rem\">Niezale\u017cnie od tego, czy s\u0105 to urodziny, Bo\u017ce Narodzenie, czy jakakolwiek inna okazja, Podw\u00f3jna Mapa Gwiazd dla Rodze\u0144stwa to doskona\u0142y spos\u00f3b, aby pokaza\u0107 bratu lub siostrze, jak bardzo ich doceniasz. Ciesz si\u0119 wyj\u0105tkowymi chwilami razem z tym jedynym w swoim rodzaju prezentem, kt\u00f3ry z pewno\u015bci\u0105 wywo\u0142a u\u015bmiech na twarzy twojego rodze\u0144stwa. Zam\u00f3w ju\u017c dzi\u015b i spraw, by Twoje rodze\u0144stwo poczu\u0142o si\u0119 kochane i doceniane jak nigdy dot\u0105d.<\/p>","protected":false},"excerpt":{"rendered":"<ul class=\"check-list\">\n<li>Stw\u00f3rz w\u0142asn\u0105 map\u0119 gwiazd przedstawiaj\u0105c\u0105 dwa r\u00f3\u017cne miejsca oraz daty<\/li>\n<li>Dodaj konstelacje i Drog\u0119 Mleczn\u0105 <\/li>\n<li>Spersonalizuj w 3 prostych krokach<\/li>\n<li>Dodaj dedykacj\u0119 prosto z serca<\/li>\n<li>Interaktywny podgl\u0105d pozwoli dopracowa\u0107 ka\u017cdy szczeg\u00f3\u0142<\/li>\n<\/ul>\n","protected":false},"featured_media":1490325,"template":"","meta":[],"product_brand":[],"product_cat":[9105,99,5271,11416,11404,7626,7739],"product_tag":[12611,8538,17189,12612,12777,12776,12626,13458,12625],"class_list":{"0":"post-609646","1":"product","2":"type-product","3":"status-publish","4":"has-post-thumbnail","6":"product_cat-duo-stars-pl","7":"product_cat-wszystkie-produkty","8":"product_cat-prezent-na-boze-narodzenie","9":"product_cat-prezenty-pod-choinke-dla-siostry","10":"product_cat-prezenty-pod-choinke-dla-brata","11":"product_cat-prezent-dla-brata","12":"product_cat-prezent-dla-siostry","13":"product_tag-brat","14":"product_tag-family-pl","15":"product_tag-prezent-dla-brata-pl","16":"product_tag-prezent-dla-brata","17":"product_tag-prezent-dla-siostry","18":"product_tag-prezent-pod-choinke-dla-siostry","19":"product_tag-prezenty-dla-siostry","20":"product_tag-prezenty-swiateczne-dla-brata","21":"product_tag-siostra","23":"first","24":"instock","25":"sale","26":"taxable","27":"shipping-taxable","28":"purchasable","29":"product-type-variable"},"yoast_head":"<!-- This site is optimized with the Yoast SEO Premium plugin v27.2 (Yoast SEO v27.2) - https:\/\/yoast.com\/product\/yoast-seo-premium-wordpress\/ -->\n<title>Podw\u00f3jna Mapa Gwiazd dla Rodze\u0144stwa - Positive Prints<\/title>\n<meta name=\"description\" content=\"Szukasz spersonalizowanego prezentu, kt\u00f3ry jest tak wyj\u0105tkowy, jak wi\u0119\u017a, kt\u00f3r\u0105 dzielisz z bratem lub siostr\u0105? Nie szukaj dalej! Mamy co\u015b dla Ciebie - Podw\u00f3jn\u0105 Map\u0119 Gwiazd dla Rodze\u0144stwa!\" \/>\n<meta name=\"robots\" content=\"index, follow, max-snippet:-1, max-image-preview:large, max-video-preview:-1\" \/>\n<link rel=\"canonical\" href=\"https:\/\/positiveprints.com\/pl\/produkt\/podwojna-mapa-gwiazd-dla-rodzenstwa\/\" \/>\n<meta property=\"og:locale\" content=\"pl_PL\" \/>\n<meta property=\"og:type\" content=\"article\" \/>\n<meta property=\"og:title\" content=\"Podw\u00f3jna Mapa Gwiazd dla Rodze\u0144stwa\" \/>\n<meta property=\"og:description\" content=\"Stw\u00f3rz w\u0142asn\u0105 map\u0119 gwiazd przedstawiaj\u0105c\u0105 dwa r\u00f3\u017cne miejsca oraz daty Dodaj konstelacje i Drog\u0119 Mleczn\u0105  Spersonalizuj w 3 prostych krokach Dodaj dedykacj\u0119 prosto z serca Interaktywny podgl\u0105d pozwoli dopracowa\u0107 ka\u017cdy szczeg\u00f3\u0142\" \/>\n<meta property=\"og:url\" content=\"https:\/\/positiveprints.com\/pl\/produkt\/podwojna-mapa-gwiazd-dla-rodzenstwa\/\" \/>\n<meta property=\"og:site_name\" content=\"Positive Prints\" \/>\n<meta property=\"article:publisher\" content=\"https:\/\/www.facebook.com\/positiveprintscom\" \/>\n<meta property=\"article:modified_time\" content=\"2026-04-18T04:54:44+00:00\" \/>\n<meta property=\"og:image\" content=\"https:\/\/positiveprints.com\/wp-content\/uploads\/2024\/11\/Packshot_PL_Siblings-Double-Star-Map-product-image-.webp\" \/>\n\t<meta property=\"og:image:width\" content=\"1450\" \/>\n\t<meta property=\"og:image:height\" content=\"1450\" \/>\n\t<meta property=\"og:image:type\" content=\"image\/webp\" \/>\n<meta name=\"twitter:card\" content=\"summary_large_image\" \/>\n<meta name=\"twitter:label1\" content=\"Szacowany czas czytania\" \/>\n\t<meta name=\"twitter:data1\" content=\"2 minuty\" \/>\n<!-- \/ Yoast SEO Premium plugin. -->","yoast_head_json":{"title":"Podw\u00f3jna Mapa Gwiazd dla Rodze\u0144stwa - Positive Prints","description":"Szukasz spersonalizowanego prezentu, kt\u00f3ry jest tak wyj\u0105tkowy, jak wi\u0119\u017a, kt\u00f3r\u0105 dzielisz z bratem lub siostr\u0105? Nie szukaj dalej! Mamy co\u015b dla Ciebie - Podw\u00f3jn\u0105 Map\u0119 Gwiazd dla Rodze\u0144stwa!","robots":{"index":"index","follow":"follow","max-snippet":"max-snippet:-1","max-image-preview":"max-image-preview:large","max-video-preview":"max-video-preview:-1"},"canonical":"https:\/\/positiveprints.com\/pl\/produkt\/podwojna-mapa-gwiazd-dla-rodzenstwa\/","og_locale":"pl_PL","og_type":"article","og_title":"Podw\u00f3jna Mapa Gwiazd dla Rodze\u0144stwa","og_description":"Stw\u00f3rz w\u0142asn\u0105 map\u0119 gwiazd przedstawiaj\u0105c\u0105 dwa r\u00f3\u017cne miejsca oraz daty Dodaj konstelacje i Drog\u0119 Mleczn\u0105  Spersonalizuj w 3 prostych krokach Dodaj dedykacj\u0119 prosto z serca Interaktywny podgl\u0105d pozwoli dopracowa\u0107 ka\u017cdy szczeg\u00f3\u0142","og_url":"https:\/\/positiveprints.com\/pl\/produkt\/podwojna-mapa-gwiazd-dla-rodzenstwa\/","og_site_name":"Positive Prints","article_publisher":"https:\/\/www.facebook.com\/positiveprintscom","article_modified_time":"2026-04-18T04:54:44+00:00","og_image":[{"width":1450,"height":1450,"url":"https:\/\/positiveprints.com\/wp-content\/uploads\/2024\/11\/Packshot_PL_Siblings-Double-Star-Map-product-image-.webp","type":"image\/webp"}],"twitter_card":"summary_large_image","twitter_misc":{"Szacowany czas czytania":"2 minuty"},"schema":{"@context":"https:\/\/schema.org","@graph":[{"@type":["WebPage","ItemPage"],"@id":"https:\/\/positiveprints.com\/pl\/produkt\/podwojna-mapa-gwiazd-dla-rodzenstwa\/","url":"https:\/\/positiveprints.com\/pl\/produkt\/podwojna-mapa-gwiazd-dla-rodzenstwa\/","name":"Podw\u00f3jna Mapa Gwiazd dla Rodze\u0144stwa - Positive Prints","isPartOf":{"@id":"https:\/\/positiveprints.com\/pl\/#website"},"primaryImageOfPage":{"@id":"https:\/\/positiveprints.com\/pl\/produkt\/podwojna-mapa-gwiazd-dla-rodzenstwa\/#primaryimage"},"image":{"@id":"https:\/\/positiveprints.com\/pl\/produkt\/podwojna-mapa-gwiazd-dla-rodzenstwa\/#primaryimage"},"thumbnailUrl":"https:\/\/positiveprints.com\/wp-content\/uploads\/2025\/08\/Packshot_PL_Podwo\u0301jna-Mapa-Gwiazd-dla-Rodzen\u0301stwa.webp","datePublished":"2023-04-20T09:10:24+00:00","dateModified":"2026-04-18T04:54:44+00:00","description":"Szukasz spersonalizowanego prezentu, kt\u00f3ry jest tak wyj\u0105tkowy, jak wi\u0119\u017a, kt\u00f3r\u0105 dzielisz z bratem lub siostr\u0105? Nie szukaj dalej! Mamy co\u015b dla Ciebie - Podw\u00f3jn\u0105 Map\u0119 Gwiazd dla Rodze\u0144stwa!","breadcrumb":{"@id":"https:\/\/positiveprints.com\/pl\/produkt\/podwojna-mapa-gwiazd-dla-rodzenstwa\/#breadcrumb"},"inLanguage":"pl-PL","potentialAction":[{"@type":"ReadAction","target":["https:\/\/positiveprints.com\/pl\/produkt\/podwojna-mapa-gwiazd-dla-rodzenstwa\/"]}]},{"@type":"ImageObject","inLanguage":"pl-PL","@id":"https:\/\/positiveprints.com\/pl\/produkt\/podwojna-mapa-gwiazd-dla-rodzenstwa\/#primaryimage","url":"https:\/\/positiveprints.com\/wp-content\/uploads\/2025\/08\/Packshot_PL_Podwo\u0301jna-Mapa-Gwiazd-dla-Rodzen\u0301stwa.webp","contentUrl":"https:\/\/positiveprints.com\/wp-content\/uploads\/2025\/08\/Packshot_PL_Podwo\u0301jna-Mapa-Gwiazd-dla-Rodzen\u0301stwa.webp","width":1450,"height":1450},{"@type":"BreadcrumbList","@id":"https:\/\/positiveprints.com\/pl\/produkt\/podwojna-mapa-gwiazd-dla-rodzenstwa\/#breadcrumb","itemListElement":[{"@type":"ListItem","position":1,"name":"Home","item":"https:\/\/positiveprints.com\/pl\/"},{"@type":"ListItem","position":2,"name":"Produkty","item":"https:\/\/positiveprints.com\/pl\/shop\/"},{"@type":"ListItem","position":3,"name":"Podw\u00f3jna Mapa Gwiazd dla Rodze\u0144stwa"}]},{"@type":"WebSite","@id":"https:\/\/positiveprints.com\/pl\/#website","url":"https:\/\/positiveprints.com\/pl\/","name":"Positive Prints","description":"Amazing Custom Personalized Gifts","publisher":{"@id":"https:\/\/positiveprints.com\/pl\/#organization"},"potentialAction":[{"@type":"SearchAction","target":{"@type":"EntryPoint","urlTemplate":"https:\/\/positiveprints.com\/pl\/?s={search_term_string}"},"query-input":{"@type":"PropertyValueSpecification","valueRequired":true,"valueName":"search_term_string"}}],"inLanguage":"pl-PL"},{"@type":"Organization","@id":"https:\/\/positiveprints.com\/pl\/#organization","name":"Positive Prints","alternateName":"Positive Prints","url":"https:\/\/positiveprints.com\/pl\/","logo":{"@type":"ImageObject","inLanguage":"pl-PL","@id":"https:\/\/positiveprints.com\/pl\/#\/schema\/logo\/image\/","url":"https:\/\/positiveprints.com\/wp-content\/uploads\/2026\/03\/245815646_1337939713319158_5671353136411139666_n.png","contentUrl":"https:\/\/positiveprints.com\/wp-content\/uploads\/2026\/03\/245815646_1337939713319158_5671353136411139666_n.png","width":800,"height":800,"caption":"Positive Prints"},"image":{"@id":"https:\/\/positiveprints.com\/pl\/#\/schema\/logo\/image\/"},"sameAs":["https:\/\/www.facebook.com\/positiveprintscom","https:\/\/www.instagram.com\/positiveprintscom\/","https:\/\/www.tiktok.com\/@positiveprintscom","https:\/\/www.pinterest.com\/positiveprintscom\/"]}]}},"jetpack_sharing_enabled":true,"_links":{"self":[{"href":"https:\/\/positiveprints.com\/pl\/wp-json\/wp\/v2\/product\/609646","targetHints":{"allow":["GET"]}}],"collection":[{"href":"https:\/\/positiveprints.com\/pl\/wp-json\/wp\/v2\/product"}],"about":[{"href":"https:\/\/positiveprints.com\/pl\/wp-json\/wp\/v2\/types\/product"}],"wp:featuredmedia":[{"embeddable":true,"href":"https:\/\/positiveprints.com\/pl\/wp-json\/wp\/v2\/media\/1490325"}],"wp:attachment":[{"href":"https:\/\/positiveprints.com\/pl\/wp-json\/wp\/v2\/media?parent=609646"}],"wp:term":[{"taxonomy":"product_brand","embeddable":true,"href":"https:\/\/positiveprints.com\/pl\/wp-json\/wp\/v2\/product_brand?post=609646"},{"taxonomy":"product_cat","embeddable":true,"href":"https:\/\/positiveprints.com\/pl\/wp-json\/wp\/v2\/product_cat?post=609646"},{"taxonomy":"product_tag","embeddable":true,"href":"https:\/\/positiveprints.com\/pl\/wp-json\/wp\/v2\/product_tag?post=609646"}],"curies":[{"name":"wp","href":"https:\/\/api.w.org\/{rel}","templated":true}]}}