{"id":609628,"date":"2023-04-20T08:08:49","date_gmt":"2023-04-20T07:08:49","guid":{"rendered":"https:\/\/positiveprints.com\/?post_type=product&#038;p=609628"},"modified":"2026-04-12T22:27:10","modified_gmt":"2026-04-12T21:27:10","slug":"podwojna-mapa-gwiazd-dla-dziadkow","status":"publish","type":"product","link":"https:\/\/positiveprints.com\/pl\/produkt\/podwojna-mapa-gwiazd-dla-dziadkow\/","title":{"rendered":"Narodziny naszych kochanych wnuk\u00f3w"},"content":{"rendered":"<p style=\"margin-top: 1rem\">Podw\u00f3jna Mapa Gwiazd dla Dziadk\u00f3w to pi\u0119kny i spersonalizowany prezent, kt\u00f3ry z pewno\u015bci\u0105 rozczuli serca Twoich dziadk\u00f3w. Ten wyj\u0105tkowy wydruk przedstawia dwie mapy gwiazd umieszczone obok siebie, przedstawiaj\u0105ce dwa wyj\u0105tkowe momenty w ich \u017cyciu \u2014 dzie\u0144, w kt\u00f3rym zostali dziadkami, kiedy urodzi\u0142y si\u0119 ich wnuki. To doskona\u0142y spos\u00f3b na upami\u0119tnienie wyj\u0105tkowej okazji i uczczenie rodziny.<\/p>\r\n\r\n\r\n<p style=\"margin-top: 1rem\">Stworzenie w\u0142asnej Podw\u00f3jnej Mapy Gwiazd dla Dziadk\u00f3w jest \u0142atwe dzi\u0119ki naszemu edytorowi online. Zacznij od wybrania stylu, projektu i kolor\u00f3w, kt\u00f3re najlepiej odzwierciedlaj\u0105 gust i osobowo\u015b\u0107 Twoich dziadk\u00f3w. Mo\u017cesz dodatkowo dostosowa\u0107 go za pomoc\u0105 ulubionych kolor\u00f3w swoich dziadk\u00f3w. Wpisz dwie wa\u017cne daty i miejsca z \u017cycia dziadk\u00f3w, np. dat\u0119 i miejsce urodzenia wnuk\u00f3w, aby zobaczy\u0107 dok\u0142adnie, jak wygl\u0105da\u0142o niebo w tamtym czasie. Wszelkie wprowadzone zmiany zostan\u0105 pokazane na \u017cywo w podgl\u0105dzie online w naszym edytorze. Na koniec wybierz format i rozmiar, kt\u00f3re najlepiej pasuj\u0105 do ich stylu, mo\u017cesz wybra\u0107 wydrukowany lub oprawiony plakat, p\u0142\u00f3tno, czy te\u017c natychmiastowe cyfrowe pobranie.<\/p>\r\n\r\n\r\n<p style=\"margin-top: 1rem\">Podw\u00f3jna Mapa Gwiazd dla Dziadk\u00f3w jest idealna na ka\u017cd\u0105 okazj\u0119, niezale\u017cnie od tego, czy s\u0105 to urodziny dziadk\u00f3w, Bo\u017ce Narodzenie, Dzie\u0144 Dziadk\u00f3w, czy zupe\u0142nie bez okazji. To prezent dla dziadk\u00f3w, kt\u00f3ry jest naprawd\u0119 wyj\u0105tkowy i wzruszaj\u0105cy, na pewno sprawi, \u017ce dziadkowie poczuj\u0105 si\u0119 docenieni. Pi\u0119kno podw\u00f3jnych map gwiazd le\u017cy nie tylko w wizualnej reprezentacji, ale tak\u017ce w emocjach i wspomnieniach, kt\u00f3re ona wywo\u0142uje. Ju\u017c dzi\u015b stw\u00f3rz w\u0142asn\u0105 Podw\u00f3jn\u0105 Map\u0119 Gwiazd dla Dziadk\u00f3w i podaruj im prezent, kt\u00f3ry przyniesie rado\u015b\u0107 i mi\u0142o\u015b\u0107 na d\u0142ugie lata.<\/p>","protected":false},"excerpt":{"rendered":"<ul class=\"check-list\">\n<li>Stw\u00f3rz w\u0142asn\u0105 map\u0119 gwiazd przedstawiaj\u0105c\u0105 dwa r\u00f3\u017cne miejsca oraz daty<\/li>\n<li>Dodaj konstelacje i Drog\u0119 Mleczn\u0105 <\/li>\n<li>Spersonalizuj w 3 prostych krokach<\/li>\n<li>Dodaj dedykacj\u0119 prosto z serca<\/li>\n<li>Interaktywny podgl\u0105d pozwoli dopracowa\u0107 ka\u017cdy szczeg\u00f3\u0142<\/li>\n<\/ul>\n","protected":false},"featured_media":1328124,"template":"","meta":[],"product_brand":[],"product_cat":[9105,9765,99,9003,5271,11408,11409,7610,7723],"product_tag":[8586,8679,8667,13360,13361,15476],"class_list":{"0":"post-609628","1":"product","2":"type-product","3":"status-publish","4":"has-post-thumbnail","6":"product_cat-duo-stars-pl","7":"product_cat-trending-label-pl","8":"product_cat-wszystkie-produkty","9":"product_cat-dzien-babci-i-dziadka","10":"product_cat-prezent-na-boze-narodzenie","11":"product_cat-prezenty-pod-choinke-dla-babci","12":"product_cat-prezenty-pod-choinke-dla-dziadka","13":"product_cat-prezent-dla-dziadka","14":"product_cat-prezent-dla-babci","15":"product_tag-babunia","16":"product_tag-dziadkowie","17":"product_tag-grandpa-pl","18":"product_tag-prezent-swiateczny-dla-babci","19":"product_tag-prezent-swiateczny-dla-dziadka","20":"product_tag-wnuki","22":"first","23":"instock","24":"sale","25":"taxable","26":"shipping-taxable","27":"purchasable","28":"product-type-variable"},"yoast_head":"<!-- This site is optimized with the Yoast SEO Premium plugin v27.2 (Yoast SEO v27.2) - https:\/\/yoast.com\/product\/yoast-seo-premium-wordpress\/ -->\n<title>Narodziny naszych kochanych wnuk\u00f3w - Positive Prints<\/title>\n<meta name=\"description\" content=\"Podw\u00f3jna Mapa Gwiazd dla Dziadk\u00f3w to pi\u0119kny i spersonalizowany prezent, kt\u00f3ry z pewno\u015bci\u0105 rozczuli serca Twoich dziadk\u00f3w.\" \/>\n<meta name=\"robots\" content=\"index, follow, max-snippet:-1, max-image-preview:large, max-video-preview:-1\" \/>\n<link rel=\"canonical\" href=\"https:\/\/positiveprints.com\/pl\/produkt\/podwojna-mapa-gwiazd-dla-dziadkow\/\" \/>\n<meta property=\"og:locale\" content=\"pl_PL\" \/>\n<meta property=\"og:type\" content=\"article\" \/>\n<meta property=\"og:title\" content=\"Narodziny naszych kochanych wnuk\u00f3w\" \/>\n<meta property=\"og:description\" content=\"Stw\u00f3rz w\u0142asn\u0105 map\u0119 gwiazd przedstawiaj\u0105c\u0105 dwa r\u00f3\u017cne miejsca oraz daty  Dodaj konstelacje i Drog\u0119 Mleczn\u0105   Spersonalizuj w 3 prostych krokach  Dodaj dedykacj\u0119 prosto z serca  Interaktywny podgl\u0105d pozwoli dopracowa\u0107 ka\u017cdy szczeg\u00f3\u0142\" \/>\n<meta property=\"og:url\" content=\"https:\/\/positiveprints.com\/pl\/produkt\/podwojna-mapa-gwiazd-dla-dziadkow\/\" \/>\n<meta property=\"og:site_name\" content=\"Positive Prints\" \/>\n<meta property=\"article:publisher\" content=\"https:\/\/www.facebook.com\/positiveprintscom\" \/>\n<meta property=\"article:modified_time\" content=\"2026-04-12T21:27:10+00:00\" \/>\n<meta property=\"og:image\" content=\"https:\/\/positiveprints.com\/wp-content\/uploads\/2025\/01\/Podwo\u0301jna-Mapa-Gwiazd-dla-Dziadko\u0301w-1.webp\" \/>\n\t<meta property=\"og:image:width\" content=\"1450\" \/>\n\t<meta property=\"og:image:height\" content=\"1450\" \/>\n\t<meta property=\"og:image:type\" content=\"image\/webp\" \/>\n<meta name=\"twitter:card\" content=\"summary_large_image\" \/>\n<meta name=\"twitter:label1\" content=\"Szacowany czas czytania\" \/>\n\t<meta name=\"twitter:data1\" content=\"2 minuty\" \/>\n<!-- \/ Yoast SEO Premium plugin. -->","yoast_head_json":{"title":"Narodziny naszych kochanych wnuk\u00f3w - Positive Prints","description":"Podw\u00f3jna Mapa Gwiazd dla Dziadk\u00f3w to pi\u0119kny i spersonalizowany prezent, kt\u00f3ry z pewno\u015bci\u0105 rozczuli serca Twoich dziadk\u00f3w.","robots":{"index":"index","follow":"follow","max-snippet":"max-snippet:-1","max-image-preview":"max-image-preview:large","max-video-preview":"max-video-preview:-1"},"canonical":"https:\/\/positiveprints.com\/pl\/produkt\/podwojna-mapa-gwiazd-dla-dziadkow\/","og_locale":"pl_PL","og_type":"article","og_title":"Narodziny naszych kochanych wnuk\u00f3w","og_description":"Stw\u00f3rz w\u0142asn\u0105 map\u0119 gwiazd przedstawiaj\u0105c\u0105 dwa r\u00f3\u017cne miejsca oraz daty  Dodaj konstelacje i Drog\u0119 Mleczn\u0105   Spersonalizuj w 3 prostych krokach  Dodaj dedykacj\u0119 prosto z serca  Interaktywny podgl\u0105d pozwoli dopracowa\u0107 ka\u017cdy szczeg\u00f3\u0142","og_url":"https:\/\/positiveprints.com\/pl\/produkt\/podwojna-mapa-gwiazd-dla-dziadkow\/","og_site_name":"Positive Prints","article_publisher":"https:\/\/www.facebook.com\/positiveprintscom","article_modified_time":"2026-04-12T21:27:10+00:00","og_image":[{"width":1450,"height":1450,"url":"https:\/\/positiveprints.com\/wp-content\/uploads\/2025\/01\/Podwo\u0301jna-Mapa-Gwiazd-dla-Dziadko\u0301w-1.webp","type":"image\/webp"}],"twitter_card":"summary_large_image","twitter_misc":{"Szacowany czas czytania":"2 minuty"},"schema":{"@context":"https:\/\/schema.org","@graph":[{"@type":["WebPage","ItemPage"],"@id":"https:\/\/positiveprints.com\/pl\/produkt\/podwojna-mapa-gwiazd-dla-dziadkow\/","url":"https:\/\/positiveprints.com\/pl\/produkt\/podwojna-mapa-gwiazd-dla-dziadkow\/","name":"Narodziny naszych kochanych wnuk\u00f3w - Positive Prints","isPartOf":{"@id":"https:\/\/positiveprints.com\/pl\/#website"},"primaryImageOfPage":{"@id":"https:\/\/positiveprints.com\/pl\/produkt\/podwojna-mapa-gwiazd-dla-dziadkow\/#primaryimage"},"image":{"@id":"https:\/\/positiveprints.com\/pl\/produkt\/podwojna-mapa-gwiazd-dla-dziadkow\/#primaryimage"},"thumbnailUrl":"https:\/\/positiveprints.com\/wp-content\/uploads\/2025\/01\/Podwo\u0301jna-Mapa-Gwiazd-dla-Dziadko\u0301w-1.webp","datePublished":"2023-04-20T07:08:49+00:00","dateModified":"2026-04-12T21:27:10+00:00","description":"Podw\u00f3jna Mapa Gwiazd dla Dziadk\u00f3w to pi\u0119kny i spersonalizowany prezent, kt\u00f3ry z pewno\u015bci\u0105 rozczuli serca Twoich dziadk\u00f3w.","breadcrumb":{"@id":"https:\/\/positiveprints.com\/pl\/produkt\/podwojna-mapa-gwiazd-dla-dziadkow\/#breadcrumb"},"inLanguage":"pl-PL","potentialAction":[{"@type":"ReadAction","target":["https:\/\/positiveprints.com\/pl\/produkt\/podwojna-mapa-gwiazd-dla-dziadkow\/"]}]},{"@type":"ImageObject","inLanguage":"pl-PL","@id":"https:\/\/positiveprints.com\/pl\/produkt\/podwojna-mapa-gwiazd-dla-dziadkow\/#primaryimage","url":"https:\/\/positiveprints.com\/wp-content\/uploads\/2025\/01\/Podwo\u0301jna-Mapa-Gwiazd-dla-Dziadko\u0301w-1.webp","contentUrl":"https:\/\/positiveprints.com\/wp-content\/uploads\/2025\/01\/Podwo\u0301jna-Mapa-Gwiazd-dla-Dziadko\u0301w-1.webp","width":1450,"height":1450},{"@type":"BreadcrumbList","@id":"https:\/\/positiveprints.com\/pl\/produkt\/podwojna-mapa-gwiazd-dla-dziadkow\/#breadcrumb","itemListElement":[{"@type":"ListItem","position":1,"name":"Home","item":"https:\/\/positiveprints.com\/pl\/"},{"@type":"ListItem","position":2,"name":"Produkty","item":"https:\/\/positiveprints.com\/pl\/shop\/"},{"@type":"ListItem","position":3,"name":"Narodziny naszych kochanych wnuk\u00f3w"}]},{"@type":"WebSite","@id":"https:\/\/positiveprints.com\/pl\/#website","url":"https:\/\/positiveprints.com\/pl\/","name":"Positive Prints","description":"Amazing Custom Personalized Gifts","publisher":{"@id":"https:\/\/positiveprints.com\/pl\/#organization"},"potentialAction":[{"@type":"SearchAction","target":{"@type":"EntryPoint","urlTemplate":"https:\/\/positiveprints.com\/pl\/?s={search_term_string}"},"query-input":{"@type":"PropertyValueSpecification","valueRequired":true,"valueName":"search_term_string"}}],"inLanguage":"pl-PL"},{"@type":"Organization","@id":"https:\/\/positiveprints.com\/pl\/#organization","name":"Positive Prints","alternateName":"Positive Prints","url":"https:\/\/positiveprints.com\/pl\/","logo":{"@type":"ImageObject","inLanguage":"pl-PL","@id":"https:\/\/positiveprints.com\/pl\/#\/schema\/logo\/image\/","url":"https:\/\/positiveprints.com\/wp-content\/uploads\/2026\/03\/245815646_1337939713319158_5671353136411139666_n.png","contentUrl":"https:\/\/positiveprints.com\/wp-content\/uploads\/2026\/03\/245815646_1337939713319158_5671353136411139666_n.png","width":800,"height":800,"caption":"Positive Prints"},"image":{"@id":"https:\/\/positiveprints.com\/pl\/#\/schema\/logo\/image\/"},"sameAs":["https:\/\/www.facebook.com\/positiveprintscom","https:\/\/www.instagram.com\/positiveprintscom\/","https:\/\/www.tiktok.com\/@positiveprintscom","https:\/\/www.pinterest.com\/positiveprintscom\/"]}]}},"jetpack_sharing_enabled":true,"_links":{"self":[{"href":"https:\/\/positiveprints.com\/pl\/wp-json\/wp\/v2\/product\/609628","targetHints":{"allow":["GET"]}}],"collection":[{"href":"https:\/\/positiveprints.com\/pl\/wp-json\/wp\/v2\/product"}],"about":[{"href":"https:\/\/positiveprints.com\/pl\/wp-json\/wp\/v2\/types\/product"}],"wp:featuredmedia":[{"embeddable":true,"href":"https:\/\/positiveprints.com\/pl\/wp-json\/wp\/v2\/media\/1328124"}],"wp:attachment":[{"href":"https:\/\/positiveprints.com\/pl\/wp-json\/wp\/v2\/media?parent=609628"}],"wp:term":[{"taxonomy":"product_brand","embeddable":true,"href":"https:\/\/positiveprints.com\/pl\/wp-json\/wp\/v2\/product_brand?post=609628"},{"taxonomy":"product_cat","embeddable":true,"href":"https:\/\/positiveprints.com\/pl\/wp-json\/wp\/v2\/product_cat?post=609628"},{"taxonomy":"product_tag","embeddable":true,"href":"https:\/\/positiveprints.com\/pl\/wp-json\/wp\/v2\/product_tag?post=609628"}],"curies":[{"name":"wp","href":"https:\/\/api.w.org\/{rel}","templated":true}]}}