{"id":609296,"date":"2023-04-20T08:16:14","date_gmt":"2023-04-20T07:16:14","guid":{"rendered":"https:\/\/positiveprints.com\/?post_type=product&#038;p=609296"},"modified":"2026-04-18T05:54:49","modified_gmt":"2026-04-18T04:54:49","slug":"podwojna-mapa-gwiazd-dla-najlepszej-przyjaciolki","status":"publish","type":"product","link":"https:\/\/positiveprints.com\/pl\/produkt\/podwojna-mapa-gwiazd-dla-najlepszej-przyjaciolki\/","title":{"rendered":"Podw\u00f3jna Mapa Gwiazd dla Najlepszej Przyjaci\u00f3\u0142ki"},"content":{"rendered":"<p style=\"margin-top: 1rem\">Podw\u00f3jna Mapa Gwiazd dla Najlepszej Przyjaci\u00f3\u0142ki to idealny spersonalizowany prezent dla najlepszej przyjaci\u00f3\u0142ki. Ten pi\u0119kny i przemy\u015blany wydruk przedstawia obok siebie dwie mapy gwiazd, z kt\u00f3rych ka\u017cda przedstawia rozgwie\u017cd\u017cone niebo z wyj\u0105tkowego momentu waszej przyja\u017ani. By\u0107 mo\u017ce jeden pochodzi z twoich urodzin, a drugi z urodzin twojej najlepszej przyjaci\u00f3\u0142ki. A mo\u017ce zdecydujesz si\u0119 mie\u0107 jedn\u0105 z dnia, w kt\u00f3rym si\u0119 poznali\u015bcie, a drug\u0105 z dnia, w kt\u00f3rym zostali\u015bcie najlepszymi przyjaci\u00f3\u0142mi. Mo\u017cliwo\u015bci s\u0105 nieograniczone, a rezultatem jest wyj\u0105tkowy prezent, kt\u00f3ry symbolizuje wyj\u0105tkow\u0105 wi\u0119\u017a, kt\u00f3r\u0105 dzielicie.<\/p>\r\n\r\n\r\n<p style=\"margin-top: 1rem\">Stworzenie Podw\u00f3jnej Mapy Gwiazd dla Najlepszej Przyjaci\u00f3\u0142ki jest \u0142atwe dzi\u0119ki naszemu edytorowi online. Wybierz styl, design i kolory, kt\u00f3re najlepiej odzwierciedlaj\u0105 gust i osobowo\u015b\u0107 Twojej przyjaci\u00f3\u0142ki. Mo\u017cesz nawet spersonalizowa\u0107 go za pomoc\u0105 ulubionych kolor\u00f3w znajomej. Wprowad\u017a daty i lokalizacje, kt\u00f3re maj\u0105 znaczenie dla Ciebie i Twojej przyjaci\u00f3\u0142ki, i zobacz, jak mapy gwiazd poka\u017c\u0105 nocne niebo podczas tych dw\u00f3ch specjalnych okazji. Ka\u017cda wprowadzona zmiana b\u0119dzie natychmiast widoczna w podgl\u0105dzie online, co pozwoli Ci upewni\u0107 si\u0119, \u017ce wszystko jest tak, jak chcesz. Na koniec wybierz format i rozmiar, mo\u017cesz wybra\u0107 wydrukowany lub oprawiony plakat, p\u0142\u00f3tno, czy plik do natychmiastowego pobrania.<\/p>\r\n\r\n\r\n<p style=\"margin-top: 1rem\">Podw\u00f3jna Mapa Gwiazd dla Najlepszej Przyjaci\u00f3\u0142ki to idealny prezent na ka\u017cd\u0105 okazj\u0119, niezale\u017cnie od tego, czy s\u0105 to urodziny przyjaci\u00f3\u0142ki, Bo\u017ce Narodzenie, czy jakakolwiek inna okazja. To szczery i znacz\u0105cy spos\u00f3b na uczczenie przyja\u017ani i pokazanie swojej najlepszej przyjaci\u00f3\u0142ce, ile dla Ciebie znaczy. Dlatego ju\u017c dzi\u015b stw\u00f3rz swoj\u0105 w\u0142asn\u0105 Podw\u00f3jn\u0105 Map\u0119 Gwiazd i podaruj swojej przyjaci\u00f3\u0142ce prezent, kt\u00f3ry naprawd\u0119 umili jej dzie\u0144.<\/p>","protected":false},"excerpt":{"rendered":"<ul class=\"check-list\">\n<li>Stw\u00f3rz w\u0142asn\u0105 map\u0119 gwiazd przedstawiaj\u0105c\u0105 dwa r\u00f3\u017cne miejsca oraz daty<\/li>\n<li>Dodaj konstelacje i Drog\u0119 Mleczn\u0105 <\/li>\n<li>Spersonalizuj w 3 prostych krokach<\/li>\n<li>Dodaj dedykacj\u0119 prosto z serca<\/li>\n<li>Interaktywny podgl\u0105d pozwoli dopracowa\u0107 ka\u017cdy szczeg\u00f3\u0142<\/li>\n<\/ul>\n","protected":false},"featured_media":1251332,"template":"","meta":[],"product_brand":[],"product_cat":[9279,9105,99,5271,15037,7834],"product_tag":[15188,15189,9388,15190,15191,15234,13492,9375,13478,8631,11871],"class_list":{"0":"post-609296","1":"product","2":"type-product","3":"status-publish","4":"has-post-thumbnail","6":"product_cat-bestsellers-label-pl","7":"product_cat-duo-stars-pl","8":"product_cat-wszystkie-produkty","9":"product_cat-prezent-na-boze-narodzenie","10":"product_cat-prezenty-pod-choinke-dla-przyjaciol","11":"product_cat-prezent-dla-przyjaciol","12":"product_tag-best-friend-pl","13":"product_tag-best-friends-forever-pl","14":"product_tag-besties-pl","15":"product_tag-bff-pl","16":"product_tag-friend-pl","17":"product_tag-galentines-day-pl-2","18":"product_tag-galentines-day-pl","19":"product_tag-najlepsi-przyjaciele","20":"product_tag-prezenty-swiateczne-dla-przyjaciol","21":"product_tag-przyjaciolki","22":"product_tag-przyjazn","24":"first","25":"instock","26":"sale","27":"taxable","28":"shipping-taxable","29":"purchasable","30":"product-type-variable"},"yoast_head":"<!-- This site is optimized with the Yoast SEO Premium plugin v27.2 (Yoast SEO v27.2) - https:\/\/yoast.com\/product\/yoast-seo-premium-wordpress\/ -->\n<title>Podw\u00f3jna Mapa Gwiazd dla Przyjaci\u00f3\u0142ki - Positive Prints<\/title>\n<meta name=\"description\" content=\"Podw\u00f3jna Mapa Gwiazd dla Najlepszej Przyjaci\u00f3\u0142ki to idealny prezent na ka\u017cd\u0105 okazj\u0119, niezale\u017cnie od tego, czy s\u0105 to urodziny przyjaciela, Bo\u017ce Narodzenie, Walentynki, czy jakakolwiek inna okazja.\" \/>\n<meta name=\"robots\" content=\"index, follow, max-snippet:-1, max-image-preview:large, max-video-preview:-1\" \/>\n<link rel=\"canonical\" href=\"https:\/\/positiveprints.com\/pl\/produkt\/podwojna-mapa-gwiazd-dla-najlepszej-przyjaciolki\/\" \/>\n<meta property=\"og:locale\" content=\"pl_PL\" \/>\n<meta property=\"og:type\" content=\"article\" \/>\n<meta property=\"og:title\" content=\"Podw\u00f3jna Mapa Gwiazd dla Najlepszej Przyjaci\u00f3\u0142ki\" \/>\n<meta property=\"og:description\" content=\"Stw\u00f3rz w\u0142asn\u0105 map\u0119 gwiazd przedstawiaj\u0105c\u0105 dwa r\u00f3\u017cne miejsca oraz daty Dodaj konstelacje i Drog\u0119 Mleczn\u0105  Spersonalizuj w 3 prostych krokach Dodaj dedykacj\u0119 prosto z serca Interaktywny podgl\u0105d pozwoli dopracowa\u0107 ka\u017cdy szczeg\u00f3\u0142\" \/>\n<meta property=\"og:url\" content=\"https:\/\/positiveprints.com\/pl\/produkt\/podwojna-mapa-gwiazd-dla-najlepszej-przyjaciolki\/\" \/>\n<meta property=\"og:site_name\" content=\"Positive Prints\" \/>\n<meta property=\"article:publisher\" content=\"https:\/\/www.facebook.com\/positiveprintscom\" \/>\n<meta property=\"article:modified_time\" content=\"2026-04-18T04:54:49+00:00\" \/>\n<meta property=\"og:image\" content=\"https:\/\/positiveprints.com\/wp-content\/uploads\/2024\/11\/PACKSHOT_PL_Best-Friend-Double-Star-Map-product-image-.webp\" \/>\n\t<meta property=\"og:image:width\" content=\"1450\" \/>\n\t<meta property=\"og:image:height\" content=\"1450\" \/>\n\t<meta property=\"og:image:type\" content=\"image\/webp\" \/>\n<meta name=\"twitter:card\" content=\"summary_large_image\" \/>\n<meta name=\"twitter:label1\" content=\"Szacowany czas czytania\" \/>\n\t<meta name=\"twitter:data1\" content=\"2 minuty\" \/>\n<!-- \/ Yoast SEO Premium plugin. -->","yoast_head_json":{"title":"Podw\u00f3jna Mapa Gwiazd dla Przyjaci\u00f3\u0142ki - Positive Prints","description":"Podw\u00f3jna Mapa Gwiazd dla Najlepszej Przyjaci\u00f3\u0142ki to idealny prezent na ka\u017cd\u0105 okazj\u0119, niezale\u017cnie od tego, czy s\u0105 to urodziny przyjaciela, Bo\u017ce Narodzenie, Walentynki, czy jakakolwiek inna okazja.","robots":{"index":"index","follow":"follow","max-snippet":"max-snippet:-1","max-image-preview":"max-image-preview:large","max-video-preview":"max-video-preview:-1"},"canonical":"https:\/\/positiveprints.com\/pl\/produkt\/podwojna-mapa-gwiazd-dla-najlepszej-przyjaciolki\/","og_locale":"pl_PL","og_type":"article","og_title":"Podw\u00f3jna Mapa Gwiazd dla Najlepszej Przyjaci\u00f3\u0142ki","og_description":"Stw\u00f3rz w\u0142asn\u0105 map\u0119 gwiazd przedstawiaj\u0105c\u0105 dwa r\u00f3\u017cne miejsca oraz daty Dodaj konstelacje i Drog\u0119 Mleczn\u0105  Spersonalizuj w 3 prostych krokach Dodaj dedykacj\u0119 prosto z serca Interaktywny podgl\u0105d pozwoli dopracowa\u0107 ka\u017cdy szczeg\u00f3\u0142","og_url":"https:\/\/positiveprints.com\/pl\/produkt\/podwojna-mapa-gwiazd-dla-najlepszej-przyjaciolki\/","og_site_name":"Positive Prints","article_publisher":"https:\/\/www.facebook.com\/positiveprintscom","article_modified_time":"2026-04-18T04:54:49+00:00","og_image":[{"width":1450,"height":1450,"url":"https:\/\/positiveprints.com\/wp-content\/uploads\/2024\/11\/PACKSHOT_PL_Best-Friend-Double-Star-Map-product-image-.webp","type":"image\/webp"}],"twitter_card":"summary_large_image","twitter_misc":{"Szacowany czas czytania":"2 minuty"},"schema":{"@context":"https:\/\/schema.org","@graph":[{"@type":["WebPage","ItemPage"],"@id":"https:\/\/positiveprints.com\/pl\/produkt\/podwojna-mapa-gwiazd-dla-najlepszej-przyjaciolki\/","url":"https:\/\/positiveprints.com\/pl\/produkt\/podwojna-mapa-gwiazd-dla-najlepszej-przyjaciolki\/","name":"Podw\u00f3jna Mapa Gwiazd dla Przyjaci\u00f3\u0142ki - Positive Prints","isPartOf":{"@id":"https:\/\/positiveprints.com\/pl\/#website"},"primaryImageOfPage":{"@id":"https:\/\/positiveprints.com\/pl\/produkt\/podwojna-mapa-gwiazd-dla-najlepszej-przyjaciolki\/#primaryimage"},"image":{"@id":"https:\/\/positiveprints.com\/pl\/produkt\/podwojna-mapa-gwiazd-dla-najlepszej-przyjaciolki\/#primaryimage"},"thumbnailUrl":"https:\/\/positiveprints.com\/wp-content\/uploads\/2024\/11\/PACKSHOT_PL_Best-Friend-Double-Star-Map-product-image-.webp","datePublished":"2023-04-20T07:16:14+00:00","dateModified":"2026-04-18T04:54:49+00:00","description":"Podw\u00f3jna Mapa Gwiazd dla Najlepszej Przyjaci\u00f3\u0142ki to idealny prezent na ka\u017cd\u0105 okazj\u0119, niezale\u017cnie od tego, czy s\u0105 to urodziny przyjaciela, Bo\u017ce Narodzenie, Walentynki, czy jakakolwiek inna okazja.","breadcrumb":{"@id":"https:\/\/positiveprints.com\/pl\/produkt\/podwojna-mapa-gwiazd-dla-najlepszej-przyjaciolki\/#breadcrumb"},"inLanguage":"pl-PL","potentialAction":[{"@type":"ReadAction","target":["https:\/\/positiveprints.com\/pl\/produkt\/podwojna-mapa-gwiazd-dla-najlepszej-przyjaciolki\/"]}]},{"@type":"ImageObject","inLanguage":"pl-PL","@id":"https:\/\/positiveprints.com\/pl\/produkt\/podwojna-mapa-gwiazd-dla-najlepszej-przyjaciolki\/#primaryimage","url":"https:\/\/positiveprints.com\/wp-content\/uploads\/2024\/11\/PACKSHOT_PL_Best-Friend-Double-Star-Map-product-image-.webp","contentUrl":"https:\/\/positiveprints.com\/wp-content\/uploads\/2024\/11\/PACKSHOT_PL_Best-Friend-Double-Star-Map-product-image-.webp","width":1450,"height":1450},{"@type":"BreadcrumbList","@id":"https:\/\/positiveprints.com\/pl\/produkt\/podwojna-mapa-gwiazd-dla-najlepszej-przyjaciolki\/#breadcrumb","itemListElement":[{"@type":"ListItem","position":1,"name":"Home","item":"https:\/\/positiveprints.com\/pl\/"},{"@type":"ListItem","position":2,"name":"Produkty","item":"https:\/\/positiveprints.com\/pl\/shop\/"},{"@type":"ListItem","position":3,"name":"Podw\u00f3jna Mapa Gwiazd dla Najlepszej Przyjaci\u00f3\u0142ki"}]},{"@type":"WebSite","@id":"https:\/\/positiveprints.com\/pl\/#website","url":"https:\/\/positiveprints.com\/pl\/","name":"Positive Prints","description":"Amazing Custom Personalized Gifts","publisher":{"@id":"https:\/\/positiveprints.com\/pl\/#organization"},"potentialAction":[{"@type":"SearchAction","target":{"@type":"EntryPoint","urlTemplate":"https:\/\/positiveprints.com\/pl\/?s={search_term_string}"},"query-input":{"@type":"PropertyValueSpecification","valueRequired":true,"valueName":"search_term_string"}}],"inLanguage":"pl-PL"},{"@type":"Organization","@id":"https:\/\/positiveprints.com\/pl\/#organization","name":"Positive Prints","alternateName":"Positive Prints","url":"https:\/\/positiveprints.com\/pl\/","logo":{"@type":"ImageObject","inLanguage":"pl-PL","@id":"https:\/\/positiveprints.com\/pl\/#\/schema\/logo\/image\/","url":"https:\/\/positiveprints.com\/wp-content\/uploads\/2026\/03\/245815646_1337939713319158_5671353136411139666_n.png","contentUrl":"https:\/\/positiveprints.com\/wp-content\/uploads\/2026\/03\/245815646_1337939713319158_5671353136411139666_n.png","width":800,"height":800,"caption":"Positive Prints"},"image":{"@id":"https:\/\/positiveprints.com\/pl\/#\/schema\/logo\/image\/"},"sameAs":["https:\/\/www.facebook.com\/positiveprintscom","https:\/\/www.instagram.com\/positiveprintscom\/","https:\/\/www.tiktok.com\/@positiveprintscom","https:\/\/www.pinterest.com\/positiveprintscom\/"]}]}},"jetpack_sharing_enabled":true,"_links":{"self":[{"href":"https:\/\/positiveprints.com\/pl\/wp-json\/wp\/v2\/product\/609296","targetHints":{"allow":["GET"]}}],"collection":[{"href":"https:\/\/positiveprints.com\/pl\/wp-json\/wp\/v2\/product"}],"about":[{"href":"https:\/\/positiveprints.com\/pl\/wp-json\/wp\/v2\/types\/product"}],"wp:featuredmedia":[{"embeddable":true,"href":"https:\/\/positiveprints.com\/pl\/wp-json\/wp\/v2\/media\/1251332"}],"wp:attachment":[{"href":"https:\/\/positiveprints.com\/pl\/wp-json\/wp\/v2\/media?parent=609296"}],"wp:term":[{"taxonomy":"product_brand","embeddable":true,"href":"https:\/\/positiveprints.com\/pl\/wp-json\/wp\/v2\/product_brand?post=609296"},{"taxonomy":"product_cat","embeddable":true,"href":"https:\/\/positiveprints.com\/pl\/wp-json\/wp\/v2\/product_cat?post=609296"},{"taxonomy":"product_tag","embeddable":true,"href":"https:\/\/positiveprints.com\/pl\/wp-json\/wp\/v2\/product_tag?post=609296"}],"curies":[{"name":"wp","href":"https:\/\/api.w.org\/{rel}","templated":true}]}}