{"id":609269,"date":"2023-05-24T14:46:46","date_gmt":"2023-05-24T13:46:46","guid":{"rendered":"https:\/\/positiveprints.com\/?post_type=product&#038;p=609269"},"modified":"2026-04-18T05:46:24","modified_gmt":"2026-04-18T04:46:24","slug":"odtad-jedno-choc-nadal-dwoje-podwojna-mapa-gwiazd","status":"publish","type":"product","link":"https:\/\/positiveprints.com\/pl\/produkt\/odtad-jedno-choc-nadal-dwoje-podwojna-mapa-gwiazd\/","title":{"rendered":"Odt\u0105d Jedno, Cho\u0107 Nadal Dwoje &#8211; Podw\u00f3jna Mapa Gwiazd"},"content":{"rendered":"<p style=\"margin-top: 1rem\">Odt\u0105d Jedno, Cho\u0107 Nadal Dwoje &#8211; Podw\u00f3jna Mapa Gwiazd to pi\u0119kny i w pe\u0142ni spersonalizowany wydruk, idealny na rocznic\u0119, \u015blub, Walentynki czy Bo\u017ce Narodzenie. Ten wyj\u0105tkowy plakat przedstawia obok siebie dwie mapy gwiazd, przedstawiaj\u0105ce rozgwie\u017cd\u017cone niebo z dw\u00f3ch r\u00f3\u017cnych dni, kt\u00f3re maj\u0105 du\u017ce znaczenie dla Ciebie i Twojej ukochanej. Niezale\u017cnie od tego, czy jest to dzie\u0144 zar\u0119czyn, dzie\u0144 \u015blubu czy jakakolwiek inna specjalna okazja, ten wyj\u0105tkowy prezent z pewno\u015bci\u0105 przywo\u0142a cenne wspomnienia i emocje.<\/p>\r\n\r\n\r\n<p style=\"margin-top: 1rem\">Stworzenie w\u0142asnej Podw\u00f3jnej Mapy Gwiazd jest \u0142atwe dzi\u0119ki naszemu edytorowi online. Wybierz design, styl i kolory, kt\u00f3re najlepiej odzwierciedlaj\u0105 Tw\u00f3j osobisty gust. Wybierz dwie daty i miejsca, kt\u00f3re maj\u0105 znaczenie dla Ciebie i Twojej ukochanej osoby, i odkryj, jak wygl\u0105da\u0142o niebo w te wyj\u0105tkowe dni. Mo\u017cesz r\u00f3wnie\u017c doda\u0107 spersonalizowan\u0105 wiadomo\u015b\u0107 do wydruku, aby pokaza\u0107, jak bardzo Ci zale\u017cy. Na koniec wybierz format, oferujemy plakaty drukowane lub oprawione w ramk\u0119, wydruki na p\u0142\u00f3tnie oraz pliki cyfrowe do natychmiastowego pobrania.<\/p>\r\n\r\n\r\n<p style=\"margin-top: 1rem\">Odt\u0105d Jedno, Cho\u0107 Nadal Dwoje &#8211; Podw\u00f3jna Mapa Gwiazd to naprawd\u0119 wyj\u0105tkowy prezent, kt\u00f3ry z pewno\u015bci\u0105 zostanie doceniony przez blisk\u0105 Ci osob\u0119. To idealny prezent, kt\u00f3rego nie znajdziesz na p\u00f3\u0142ce sklepowej, poniewa\u017c jest stworzony specjalnie dla wyj\u0105tkowej i cenionej osoby w Twoim \u017cyciu. To prezent, kt\u00f3ry b\u0119d\u0105 ceni\u0107 na d\u0142ugie lata i przeka\u017c\u0105 nast\u0119pnym pokoleniom. Stw\u00f3rz wi\u0119c ju\u017c dzi\u015b swoj\u0105 w\u0142asn\u0105 Podw\u00f3jn\u0105 Map\u0119 Gwiazd i podaruj bliskiej osobie prezent, kt\u00f3rego nigdy nie zapomni!<\/p>","protected":false},"excerpt":{"rendered":"<ul class=\"check-list\">\n<li>Stw\u00f3rz w\u0142asn\u0105 map\u0119 gwiazd przedstawiaj\u0105c\u0105 dwa r\u00f3\u017cne miejsca oraz daty<\/li>\n<li>Dodaj konstelacje i Drog\u0119 Mleczn\u0105 <\/li>\n<li>Spersonalizuj w 3 prostych krokach<\/li>\n<li>Dodaj dedykacj\u0119 prosto z serca<\/li>\n<li>Interaktywny podgl\u0105d pozwoli dopracowa\u0107 ka\u017cdy szczeg\u00f3\u0142<\/li>\n<\/ul>\n","protected":false},"featured_media":1252749,"template":"","meta":[],"product_brand":[],"product_cat":[7690,8010,9105,11185,11184,11186,5333,7929,99],"product_tag":[16280,8482],"class_list":{"0":"post-609269","1":"product","2":"type-product","3":"status-publish","4":"has-post-thumbnail","6":"product_cat-prezent-dla-kobiety","7":"product_cat-prezent-dla-mezczyzny","8":"product_cat-duo-stars-pl","9":"product_cat-prezenty-na-rocznice-dla-niego","10":"product_cat-prezenty-na-rocznice-dla-niej","11":"product_cat-prezenty-na-rocznice-dla-pary","12":"product_cat-prezent-na-rocznice","13":"product_cat-prezent-na-wieczor-panienski","14":"product_cat-wszystkie-produkty","15":"product_tag-wedding-pl-2","16":"product_tag-wedding-pl","18":"first","19":"instock","20":"sale","21":"taxable","22":"shipping-taxable","23":"purchasable","24":"product-type-variable"},"yoast_head":"<!-- This site is optimized with the Yoast SEO Premium plugin v27.2 (Yoast SEO v27.2) - https:\/\/yoast.com\/product\/yoast-seo-premium-wordpress\/ -->\n<title>Odt\u0105d Jedno, Cho\u0107 Nadal Dwoje - Positive Prints<\/title>\n<meta name=\"description\" content=\"Ju\u017c dzi\u015b stw\u00f3rz swoj\u0105 w\u0142asn\u0105 Podw\u00f3jn\u0105 Map\u0119 Gwiazd Odt\u0105d Jedno, Cho\u0107 Nadal Dwoje i podaruj ukochanej osobie prezent, kt\u00f3rego nigdy nie zapomni!\" \/>\n<meta name=\"robots\" content=\"index, follow, max-snippet:-1, max-image-preview:large, max-video-preview:-1\" \/>\n<link rel=\"canonical\" href=\"https:\/\/positiveprints.com\/pl\/produkt\/odtad-jedno-choc-nadal-dwoje-podwojna-mapa-gwiazd\/\" \/>\n<meta property=\"og:locale\" content=\"pl_PL\" \/>\n<meta property=\"og:type\" content=\"article\" \/>\n<meta property=\"og:title\" content=\"Odt\u0105d Jedno, Cho\u0107 Nadal Dwoje - Podw\u00f3jna Mapa Gwiazd\" \/>\n<meta property=\"og:description\" content=\"Stw\u00f3rz w\u0142asn\u0105 map\u0119 gwiazd przedstawiaj\u0105c\u0105 dwa r\u00f3\u017cne miejsca oraz daty Dodaj konstelacje i Drog\u0119 Mleczn\u0105  Spersonalizuj w 3 prostych krokach Dodaj dedykacj\u0119 prosto z serca Interaktywny podgl\u0105d pozwoli dopracowa\u0107 ka\u017cdy szczeg\u00f3\u0142\" \/>\n<meta property=\"og:url\" content=\"https:\/\/positiveprints.com\/pl\/produkt\/odtad-jedno-choc-nadal-dwoje-podwojna-mapa-gwiazd\/\" \/>\n<meta property=\"og:site_name\" content=\"Positive Prints\" \/>\n<meta property=\"article:publisher\" content=\"https:\/\/www.facebook.com\/positiveprintscom\" \/>\n<meta property=\"article:modified_time\" content=\"2026-04-18T04:46:24+00:00\" \/>\n<meta property=\"og:image\" content=\"https:\/\/positiveprints.com\/wp-content\/uploads\/2024\/11\/PACKSHOT_PL_When-Two-Became-One-Double-Star-Map-product-image-.webp\" \/>\n\t<meta property=\"og:image:width\" content=\"1450\" \/>\n\t<meta property=\"og:image:height\" content=\"1450\" \/>\n\t<meta property=\"og:image:type\" content=\"image\/webp\" \/>\n<meta name=\"twitter:card\" content=\"summary_large_image\" \/>\n<meta name=\"twitter:label1\" content=\"Szacowany czas czytania\" \/>\n\t<meta name=\"twitter:data1\" content=\"1 minuta\" \/>\n<!-- \/ Yoast SEO Premium plugin. -->","yoast_head_json":{"title":"Odt\u0105d Jedno, Cho\u0107 Nadal Dwoje - Positive Prints","description":"Ju\u017c dzi\u015b stw\u00f3rz swoj\u0105 w\u0142asn\u0105 Podw\u00f3jn\u0105 Map\u0119 Gwiazd Odt\u0105d Jedno, Cho\u0107 Nadal Dwoje i podaruj ukochanej osobie prezent, kt\u00f3rego nigdy nie zapomni!","robots":{"index":"index","follow":"follow","max-snippet":"max-snippet:-1","max-image-preview":"max-image-preview:large","max-video-preview":"max-video-preview:-1"},"canonical":"https:\/\/positiveprints.com\/pl\/produkt\/odtad-jedno-choc-nadal-dwoje-podwojna-mapa-gwiazd\/","og_locale":"pl_PL","og_type":"article","og_title":"Odt\u0105d Jedno, Cho\u0107 Nadal Dwoje - Podw\u00f3jna Mapa Gwiazd","og_description":"Stw\u00f3rz w\u0142asn\u0105 map\u0119 gwiazd przedstawiaj\u0105c\u0105 dwa r\u00f3\u017cne miejsca oraz daty Dodaj konstelacje i Drog\u0119 Mleczn\u0105  Spersonalizuj w 3 prostych krokach Dodaj dedykacj\u0119 prosto z serca Interaktywny podgl\u0105d pozwoli dopracowa\u0107 ka\u017cdy szczeg\u00f3\u0142","og_url":"https:\/\/positiveprints.com\/pl\/produkt\/odtad-jedno-choc-nadal-dwoje-podwojna-mapa-gwiazd\/","og_site_name":"Positive Prints","article_publisher":"https:\/\/www.facebook.com\/positiveprintscom","article_modified_time":"2026-04-18T04:46:24+00:00","og_image":[{"width":1450,"height":1450,"url":"https:\/\/positiveprints.com\/wp-content\/uploads\/2024\/11\/PACKSHOT_PL_When-Two-Became-One-Double-Star-Map-product-image-.webp","type":"image\/webp"}],"twitter_card":"summary_large_image","twitter_misc":{"Szacowany czas czytania":"1 minuta"},"schema":{"@context":"https:\/\/schema.org","@graph":[{"@type":["WebPage","ItemPage"],"@id":"https:\/\/positiveprints.com\/pl\/produkt\/odtad-jedno-choc-nadal-dwoje-podwojna-mapa-gwiazd\/","url":"https:\/\/positiveprints.com\/pl\/produkt\/odtad-jedno-choc-nadal-dwoje-podwojna-mapa-gwiazd\/","name":"Odt\u0105d Jedno, Cho\u0107 Nadal Dwoje - Positive Prints","isPartOf":{"@id":"https:\/\/positiveprints.com\/pl\/#website"},"primaryImageOfPage":{"@id":"https:\/\/positiveprints.com\/pl\/produkt\/odtad-jedno-choc-nadal-dwoje-podwojna-mapa-gwiazd\/#primaryimage"},"image":{"@id":"https:\/\/positiveprints.com\/pl\/produkt\/odtad-jedno-choc-nadal-dwoje-podwojna-mapa-gwiazd\/#primaryimage"},"thumbnailUrl":"https:\/\/positiveprints.com\/wp-content\/uploads\/2024\/11\/PACKSHOT_PL_When-Two-Became-One-Double-Star-Map-product-image-.webp","datePublished":"2023-05-24T13:46:46+00:00","dateModified":"2026-04-18T04:46:24+00:00","description":"Ju\u017c dzi\u015b stw\u00f3rz swoj\u0105 w\u0142asn\u0105 Podw\u00f3jn\u0105 Map\u0119 Gwiazd Odt\u0105d Jedno, Cho\u0107 Nadal Dwoje i podaruj ukochanej osobie prezent, kt\u00f3rego nigdy nie zapomni!","breadcrumb":{"@id":"https:\/\/positiveprints.com\/pl\/produkt\/odtad-jedno-choc-nadal-dwoje-podwojna-mapa-gwiazd\/#breadcrumb"},"inLanguage":"pl-PL","potentialAction":[{"@type":"ReadAction","target":["https:\/\/positiveprints.com\/pl\/produkt\/odtad-jedno-choc-nadal-dwoje-podwojna-mapa-gwiazd\/"]}]},{"@type":"ImageObject","inLanguage":"pl-PL","@id":"https:\/\/positiveprints.com\/pl\/produkt\/odtad-jedno-choc-nadal-dwoje-podwojna-mapa-gwiazd\/#primaryimage","url":"https:\/\/positiveprints.com\/wp-content\/uploads\/2024\/11\/PACKSHOT_PL_When-Two-Became-One-Double-Star-Map-product-image-.webp","contentUrl":"https:\/\/positiveprints.com\/wp-content\/uploads\/2024\/11\/PACKSHOT_PL_When-Two-Became-One-Double-Star-Map-product-image-.webp","width":1450,"height":1450},{"@type":"BreadcrumbList","@id":"https:\/\/positiveprints.com\/pl\/produkt\/odtad-jedno-choc-nadal-dwoje-podwojna-mapa-gwiazd\/#breadcrumb","itemListElement":[{"@type":"ListItem","position":1,"name":"Home","item":"https:\/\/positiveprints.com\/pl\/"},{"@type":"ListItem","position":2,"name":"Produkty","item":"https:\/\/positiveprints.com\/pl\/shop\/"},{"@type":"ListItem","position":3,"name":"Odt\u0105d Jedno, Cho\u0107 Nadal Dwoje &#8211; Podw\u00f3jna Mapa Gwiazd"}]},{"@type":"WebSite","@id":"https:\/\/positiveprints.com\/pl\/#website","url":"https:\/\/positiveprints.com\/pl\/","name":"Positive Prints","description":"Amazing Custom Personalized Gifts","publisher":{"@id":"https:\/\/positiveprints.com\/pl\/#organization"},"potentialAction":[{"@type":"SearchAction","target":{"@type":"EntryPoint","urlTemplate":"https:\/\/positiveprints.com\/pl\/?s={search_term_string}"},"query-input":{"@type":"PropertyValueSpecification","valueRequired":true,"valueName":"search_term_string"}}],"inLanguage":"pl-PL"},{"@type":"Organization","@id":"https:\/\/positiveprints.com\/pl\/#organization","name":"Positive Prints","alternateName":"Positive Prints","url":"https:\/\/positiveprints.com\/pl\/","logo":{"@type":"ImageObject","inLanguage":"pl-PL","@id":"https:\/\/positiveprints.com\/pl\/#\/schema\/logo\/image\/","url":"https:\/\/positiveprints.com\/wp-content\/uploads\/2026\/03\/245815646_1337939713319158_5671353136411139666_n.png","contentUrl":"https:\/\/positiveprints.com\/wp-content\/uploads\/2026\/03\/245815646_1337939713319158_5671353136411139666_n.png","width":800,"height":800,"caption":"Positive Prints"},"image":{"@id":"https:\/\/positiveprints.com\/pl\/#\/schema\/logo\/image\/"},"sameAs":["https:\/\/www.facebook.com\/positiveprintscom","https:\/\/www.instagram.com\/positiveprintscom\/","https:\/\/www.tiktok.com\/@positiveprintscom","https:\/\/www.pinterest.com\/positiveprintscom\/"]}]}},"jetpack_sharing_enabled":true,"_links":{"self":[{"href":"https:\/\/positiveprints.com\/pl\/wp-json\/wp\/v2\/product\/609269","targetHints":{"allow":["GET"]}}],"collection":[{"href":"https:\/\/positiveprints.com\/pl\/wp-json\/wp\/v2\/product"}],"about":[{"href":"https:\/\/positiveprints.com\/pl\/wp-json\/wp\/v2\/types\/product"}],"wp:featuredmedia":[{"embeddable":true,"href":"https:\/\/positiveprints.com\/pl\/wp-json\/wp\/v2\/media\/1252749"}],"wp:attachment":[{"href":"https:\/\/positiveprints.com\/pl\/wp-json\/wp\/v2\/media?parent=609269"}],"wp:term":[{"taxonomy":"product_brand","embeddable":true,"href":"https:\/\/positiveprints.com\/pl\/wp-json\/wp\/v2\/product_brand?post=609269"},{"taxonomy":"product_cat","embeddable":true,"href":"https:\/\/positiveprints.com\/pl\/wp-json\/wp\/v2\/product_cat?post=609269"},{"taxonomy":"product_tag","embeddable":true,"href":"https:\/\/positiveprints.com\/pl\/wp-json\/wp\/v2\/product_tag?post=609269"}],"curies":[{"name":"wp","href":"https:\/\/api.w.org\/{rel}","templated":true}]}}