{"id":606981,"date":"2023-04-19T12:22:58","date_gmt":"2023-04-19T11:22:58","guid":{"rendered":"https:\/\/positiveprints.com\/?post_type=product&#038;p=606981"},"modified":"2026-04-23T11:33:05","modified_gmt":"2026-04-23T10:33:05","slug":"polaczeni-pod-tymi-gwiazdami-podwojna-mapa-gwiazd","status":"publish","type":"product","link":"https:\/\/positiveprints.com\/pl\/produkt\/polaczeni-pod-tymi-gwiazdami-podwojna-mapa-gwiazd\/","title":{"rendered":"Po\u0142\u0105czeni Pod Tymi Gwiazdami Podw\u00f3jna Mapa Gwiazd"},"content":{"rendered":"<p style=\"margin-top: 1rem\">Po\u0142\u0105czeni Pod Tymi Gwiazdami Podw\u00f3jna Mapa Gwiazd to idealny prezent na specjalne okazje, kt\u00f3re wymagaj\u0105 czego\u015b naprawd\u0119 wyj\u0105tkowego i osobistego. Ten w pe\u0142ni spersonalizowany plakat przedstawia dwie wyj\u0105tkowe mapy gwiazd, przedstawiaj\u0105ce rozgwie\u017cd\u017cone niebo z dw\u00f3ch r\u00f3\u017cnych dni, kt\u00f3re maj\u0105 niesamowite znaczenie dla Ciebie i Twojej ukochanej osoby. Mo\u017ce to dzie\u0144, w kt\u00f3rym si\u0119 poznali\u015bcie, dzie\u0144, w kt\u00f3rym si\u0119 pobrali\u015bcie lub dwie daty, kt\u00f3re s\u0105 dla was wa\u017cne. Mo\u017cliwo\u015bci s\u0105 nieograniczone, a rezultatem jest pi\u0119kny i przemy\u015blany prezent, kt\u00f3ry ukochana osoba b\u0119dzie ceni\u0107 przez wiele lat.<\/p>\r\n\r\n\r\n<p style=\"margin-top: 1rem\">Po\u0142\u0105czeni Pod Tymi Gwiazdami to okre\u015blenie s\u0142u\u017c\u0105ce do opisania tych naprawd\u0119 magicznych chwil w \u017cyciu, kt\u00f3re wydaj\u0105 si\u0119 by\u0107 zrz\u0105dzeniem losu. Ta podw\u00f3jna mapa gwiazd doskonale oddaje to uczucie, pokazuj\u0105c dwa momenty, w kt\u00f3rych gwiazdy u\u0142o\u017cy\u0142y si\u0119 w specjalny spos\u00f3b tylko dla Ciebie i Twojej ukochanej osoby. To przypomnienie, \u017ce nawet w ogromie wszech\u015bwiata s\u0105 chwile, kt\u00f3re \u0142\u0105cz\u0105 nas w szczeg\u00f3lny spos\u00f3b.<\/p>\r\n\r\n\r\n<p style=\"margin-top: 1rem\">Tworzenie Podw\u00f3jnej Mapy Gwiazd jest \u0142atwe dzi\u0119ki naszemu edytorowi online. Mo\u017cesz wybiera\u0107 spo\u015br\u00f3d wielu wzor\u00f3w, styl\u00f3w i kolor\u00f3w, aby stworzy\u0107 plakat, kt\u00f3ry idealnie pasuje do Twojego gustu. Nast\u0119pnie wybierz dwie daty i miejsca, kt\u00f3re maj\u0105 dla Ciebie znaczenie, i zobacz, jak wygl\u0105da\u0142o niebo w te wyj\u0105tkowe dni. Na koniec dodaj osobist\u0105 wiadomo\u015b\u0107 od serca, aby prezent by\u0142 jeszcze bardziej wyj\u0105tkowy. Mo\u017cesz wybra\u0107 mi\u0119dzy drukowanym lub oprawionym plakatem, p\u0142\u00f3tnem lub plikiem cyfrowym do natychmiastowego pobrania. Dzi\u0119ki &#8220;Po\u0142\u0105czeni Pod Tymi Gwiazdami Podw\u00f3jna Mapa Gwiazd&#8221; podarujesz prezent, kt\u00f3ry jest naprawd\u0119 nie z tego \u015bwiata!<\/p>\r\n\r\n<p style=\"margin-top: 1rem\">Po\u0142\u0105czeni Pod Tymi Gwiazdami Podw\u00f3jna Mapa Gwiazd &#8211; to naprawd\u0119 wyj\u0105tkowy prezent, kt\u00f3re wywrze niezatarte wra\u017cenie na ukochanej osobie. To idealny prezent na rocznic\u0119, \u015blub, Walentynki lub Bo\u017ce Narodzenie \u2014 na ka\u017cd\u0105 okazj\u0119, kt\u00f3ra wymaga niezapomnianego i wyj\u0105tkowego prezentu. Mo\u017cliwo\u015bci s\u0105 nieograniczone, a rezultatem jest osza\u0142amiaj\u0105ce i osobiste dzie\u0142o sztuki, kt\u00f3re twoja ukochana osoba b\u0119dzie ceni\u0107 na zawsze. Po co wi\u0119c czeka\u0107? Przejd\u017a teraz do naszego edytora online i stw\u00f3rz w\u0142asn\u0105 Podw\u00f3jn\u0105 Map\u0119 Gwiazd, aby pokaza\u0107 ukochanej osobie, jak wiele dla Ciebie znaczy.<\/p>","protected":false},"excerpt":{"rendered":"<ul class=\"check-list\">\n<li>Stw\u00f3rz w\u0142asn\u0105 map\u0119 gwiazd przedstawiaj\u0105c\u0105 dwa r\u00f3\u017cne miejsca oraz daty<\/li>\n<li>Dodaj konstelacje i Drog\u0119 Mleczn\u0105 <\/li>\n<li>Spersonalizuj w 3 prostych krokach<\/li>\n<li>Dodaj dedykacj\u0119 prosto z serca<\/li>\n<li>Interaktywny podgl\u0105d pozwoli dopracowa\u0107 ka\u017cdy szczeg\u00f3\u0142<\/li>\n<\/ul>\n","protected":false},"featured_media":1252604,"template":"","meta":[],"product_brand":[],"product_cat":[9105,8190,8206,99,5279,3125,7929,5271,11410,11411,11407,11403,11417,11412,8010,7675,7643,7690,7786,7753,7802,3120,11239,11240],"product_tag":[14975,11756,11770,11817,11816,11815,11813],"class_list":{"0":"post-606981","1":"product","2":"type-product","3":"status-publish","4":"has-post-thumbnail","6":"product_cat-duo-stars-pl","7":"product_cat-dla-niej","8":"product_cat-dla-niego","9":"product_cat-wszystkie-produkty","10":"product_cat-prezent-na-zareczyny","11":"product_cat-prezent-na-slub","12":"product_cat-prezent-na-wieczor-panienski","13":"product_cat-prezent-na-boze-narodzenie","14":"product_cat-prezenty-pod-choinke-dla-niej","15":"product_cat-prezenty-pod-choinke-dla-niego","16":"product_cat-prezenty-pod-choinke-dla-dziewczyny","17":"product_cat-prezenty-pod-choinke-dla-chlopaka","18":"product_cat-prezenty-pod-choinke-dla-zony","19":"product_cat-prezenty-pod-choinke-dla-meza","20":"product_cat-prezent-dla-mezczyzny","21":"product_cat-prezent-dla-chlopaka","22":"product_cat-prezent-dla-meza","23":"product_cat-prezent-dla-kobiety","24":"product_cat-prezent-dla-dziewczyny","25":"product_cat-prezent-dla-zony","26":"product_cat-prezent-dla-pary","27":"product_cat-prezent-na-walentynki","28":"product_cat-prezenty-na-walentynki-dla-niej","29":"product_cat-prezenty-na-walentynki-dla-niego","30":"product_tag-anniversary-pl","31":"product_tag-prezenty-pod-choinke-dla-chlopaka","32":"product_tag-prezenty-pod-choinke-dla-dziewczyny","33":"product_tag-prezenty-pod-choinke-dla-meza","34":"product_tag-prezenty-pod-choinke-dla-niego","35":"product_tag-prezenty-pod-choinke-dla-niej","36":"product_tag-prezenty-pod-choinke-dla-zony","38":"first","39":"instock","40":"sale","41":"taxable","42":"shipping-taxable","43":"purchasable","44":"product-type-variable"},"yoast_head":"<!-- This site is optimized with the Yoast SEO Premium plugin v27.2 (Yoast SEO v27.2) - https:\/\/yoast.com\/product\/yoast-seo-premium-wordpress\/ -->\n<title>Po\u0142\u0105czeni Pod Tymi Gwiazdami - Positive Prints<\/title>\n<meta name=\"description\" content=\"Po\u0142\u0105czeni Pod Tymi Gwiazdami Podw\u00f3jna Mapa Gwiazd to idealny prezent na rocznice, zar\u0119czyny, \u015bluby, walentynki czy \u015bwi\u0119ta\" \/>\n<meta name=\"robots\" content=\"index, follow, max-snippet:-1, max-image-preview:large, max-video-preview:-1\" \/>\n<link rel=\"canonical\" href=\"https:\/\/positiveprints.com\/pl\/produkt\/polaczeni-pod-tymi-gwiazdami-podwojna-mapa-gwiazd\/\" \/>\n<meta property=\"og:locale\" content=\"pl_PL\" \/>\n<meta property=\"og:type\" content=\"article\" \/>\n<meta property=\"og:title\" content=\"Po\u0142\u0105czeni Pod Tymi Gwiazdami Podw\u00f3jna Mapa Gwiazd\" \/>\n<meta property=\"og:description\" content=\"Stw\u00f3rz w\u0142asn\u0105 map\u0119 gwiazd przedstawiaj\u0105c\u0105 dwa r\u00f3\u017cne miejsca oraz daty Dodaj konstelacje i Drog\u0119 Mleczn\u0105  Spersonalizuj w 3 prostych krokach Dodaj dedykacj\u0119 prosto z serca Interaktywny podgl\u0105d pozwoli dopracowa\u0107 ka\u017cdy szczeg\u00f3\u0142\" \/>\n<meta property=\"og:url\" content=\"https:\/\/positiveprints.com\/pl\/produkt\/polaczeni-pod-tymi-gwiazdami-podwojna-mapa-gwiazd\/\" \/>\n<meta property=\"og:site_name\" content=\"Positive Prints\" \/>\n<meta property=\"article:publisher\" content=\"https:\/\/www.facebook.com\/positiveprintscom\" \/>\n<meta property=\"article:modified_time\" content=\"2026-04-23T10:33:05+00:00\" \/>\n<meta property=\"og:image\" content=\"https:\/\/positiveprints.com\/wp-content\/uploads\/2024\/11\/PACKSHOT_PL_When-The-Stars-Aligned-Double-Star-Map-product-image-.webp\" \/>\n\t<meta property=\"og:image:width\" content=\"1450\" \/>\n\t<meta property=\"og:image:height\" content=\"1450\" \/>\n\t<meta property=\"og:image:type\" content=\"image\/webp\" \/>\n<meta name=\"twitter:card\" content=\"summary_large_image\" \/>\n<!-- \/ Yoast SEO Premium plugin. -->","yoast_head_json":{"title":"Po\u0142\u0105czeni Pod Tymi Gwiazdami - Positive Prints","description":"Po\u0142\u0105czeni Pod Tymi Gwiazdami Podw\u00f3jna Mapa Gwiazd to idealny prezent na rocznice, zar\u0119czyny, \u015bluby, walentynki czy \u015bwi\u0119ta","robots":{"index":"index","follow":"follow","max-snippet":"max-snippet:-1","max-image-preview":"max-image-preview:large","max-video-preview":"max-video-preview:-1"},"canonical":"https:\/\/positiveprints.com\/pl\/produkt\/polaczeni-pod-tymi-gwiazdami-podwojna-mapa-gwiazd\/","og_locale":"pl_PL","og_type":"article","og_title":"Po\u0142\u0105czeni Pod Tymi Gwiazdami Podw\u00f3jna Mapa Gwiazd","og_description":"Stw\u00f3rz w\u0142asn\u0105 map\u0119 gwiazd przedstawiaj\u0105c\u0105 dwa r\u00f3\u017cne miejsca oraz daty Dodaj konstelacje i Drog\u0119 Mleczn\u0105  Spersonalizuj w 3 prostych krokach Dodaj dedykacj\u0119 prosto z serca Interaktywny podgl\u0105d pozwoli dopracowa\u0107 ka\u017cdy szczeg\u00f3\u0142","og_url":"https:\/\/positiveprints.com\/pl\/produkt\/polaczeni-pod-tymi-gwiazdami-podwojna-mapa-gwiazd\/","og_site_name":"Positive Prints","article_publisher":"https:\/\/www.facebook.com\/positiveprintscom","article_modified_time":"2026-04-23T10:33:05+00:00","og_image":[{"width":1450,"height":1450,"url":"https:\/\/positiveprints.com\/wp-content\/uploads\/2024\/11\/PACKSHOT_PL_When-The-Stars-Aligned-Double-Star-Map-product-image-.webp","type":"image\/webp"}],"twitter_card":"summary_large_image","schema":{"@context":"https:\/\/schema.org","@graph":[{"@type":["WebPage","ItemPage"],"@id":"https:\/\/positiveprints.com\/pl\/produkt\/polaczeni-pod-tymi-gwiazdami-podwojna-mapa-gwiazd\/","url":"https:\/\/positiveprints.com\/pl\/produkt\/polaczeni-pod-tymi-gwiazdami-podwojna-mapa-gwiazd\/","name":"Po\u0142\u0105czeni Pod Tymi Gwiazdami - Positive Prints","isPartOf":{"@id":"https:\/\/positiveprints.com\/pl\/#website"},"primaryImageOfPage":{"@id":"https:\/\/positiveprints.com\/pl\/produkt\/polaczeni-pod-tymi-gwiazdami-podwojna-mapa-gwiazd\/#primaryimage"},"image":{"@id":"https:\/\/positiveprints.com\/pl\/produkt\/polaczeni-pod-tymi-gwiazdami-podwojna-mapa-gwiazd\/#primaryimage"},"thumbnailUrl":"https:\/\/positiveprints.com\/wp-content\/uploads\/2024\/11\/PACKSHOT_PL_When-The-Stars-Aligned-Double-Star-Map-product-image-.webp","datePublished":"2023-04-19T11:22:58+00:00","dateModified":"2026-04-23T10:33:05+00:00","description":"Po\u0142\u0105czeni Pod Tymi Gwiazdami Podw\u00f3jna Mapa Gwiazd to idealny prezent na rocznice, zar\u0119czyny, \u015bluby, walentynki czy \u015bwi\u0119ta","breadcrumb":{"@id":"https:\/\/positiveprints.com\/pl\/produkt\/polaczeni-pod-tymi-gwiazdami-podwojna-mapa-gwiazd\/#breadcrumb"},"inLanguage":"pl-PL","potentialAction":[{"@type":"ReadAction","target":["https:\/\/positiveprints.com\/pl\/produkt\/polaczeni-pod-tymi-gwiazdami-podwojna-mapa-gwiazd\/"]}]},{"@type":"ImageObject","inLanguage":"pl-PL","@id":"https:\/\/positiveprints.com\/pl\/produkt\/polaczeni-pod-tymi-gwiazdami-podwojna-mapa-gwiazd\/#primaryimage","url":"https:\/\/positiveprints.com\/wp-content\/uploads\/2024\/11\/PACKSHOT_PL_When-The-Stars-Aligned-Double-Star-Map-product-image-.webp","contentUrl":"https:\/\/positiveprints.com\/wp-content\/uploads\/2024\/11\/PACKSHOT_PL_When-The-Stars-Aligned-Double-Star-Map-product-image-.webp","width":1450,"height":1450},{"@type":"BreadcrumbList","@id":"https:\/\/positiveprints.com\/pl\/produkt\/polaczeni-pod-tymi-gwiazdami-podwojna-mapa-gwiazd\/#breadcrumb","itemListElement":[{"@type":"ListItem","position":1,"name":"Home","item":"https:\/\/positiveprints.com\/pl\/"},{"@type":"ListItem","position":2,"name":"Produkty","item":"https:\/\/positiveprints.com\/pl\/shop\/"},{"@type":"ListItem","position":3,"name":"Po\u0142\u0105czeni Pod Tymi Gwiazdami Podw\u00f3jna Mapa Gwiazd"}]},{"@type":"WebSite","@id":"https:\/\/positiveprints.com\/pl\/#website","url":"https:\/\/positiveprints.com\/pl\/","name":"Positive Prints","description":"Amazing Custom Personalized Gifts","publisher":{"@id":"https:\/\/positiveprints.com\/pl\/#organization"},"potentialAction":[{"@type":"SearchAction","target":{"@type":"EntryPoint","urlTemplate":"https:\/\/positiveprints.com\/pl\/?s={search_term_string}"},"query-input":{"@type":"PropertyValueSpecification","valueRequired":true,"valueName":"search_term_string"}}],"inLanguage":"pl-PL"},{"@type":"Organization","@id":"https:\/\/positiveprints.com\/pl\/#organization","name":"Positive Prints","alternateName":"Positive Prints","url":"https:\/\/positiveprints.com\/pl\/","logo":{"@type":"ImageObject","inLanguage":"pl-PL","@id":"https:\/\/positiveprints.com\/pl\/#\/schema\/logo\/image\/","url":"https:\/\/positiveprints.com\/wp-content\/uploads\/2026\/03\/245815646_1337939713319158_5671353136411139666_n.png","contentUrl":"https:\/\/positiveprints.com\/wp-content\/uploads\/2026\/03\/245815646_1337939713319158_5671353136411139666_n.png","width":800,"height":800,"caption":"Positive Prints"},"image":{"@id":"https:\/\/positiveprints.com\/pl\/#\/schema\/logo\/image\/"},"sameAs":["https:\/\/www.facebook.com\/positiveprintscom","https:\/\/www.instagram.com\/positiveprintscom\/","https:\/\/www.tiktok.com\/@positiveprintscom","https:\/\/www.pinterest.com\/positiveprintscom\/"]}]}},"jetpack_sharing_enabled":true,"_links":{"self":[{"href":"https:\/\/positiveprints.com\/pl\/wp-json\/wp\/v2\/product\/606981","targetHints":{"allow":["GET"]}}],"collection":[{"href":"https:\/\/positiveprints.com\/pl\/wp-json\/wp\/v2\/product"}],"about":[{"href":"https:\/\/positiveprints.com\/pl\/wp-json\/wp\/v2\/types\/product"}],"wp:featuredmedia":[{"embeddable":true,"href":"https:\/\/positiveprints.com\/pl\/wp-json\/wp\/v2\/media\/1252604"}],"wp:attachment":[{"href":"https:\/\/positiveprints.com\/pl\/wp-json\/wp\/v2\/media?parent=606981"}],"wp:term":[{"taxonomy":"product_brand","embeddable":true,"href":"https:\/\/positiveprints.com\/pl\/wp-json\/wp\/v2\/product_brand?post=606981"},{"taxonomy":"product_cat","embeddable":true,"href":"https:\/\/positiveprints.com\/pl\/wp-json\/wp\/v2\/product_cat?post=606981"},{"taxonomy":"product_tag","embeddable":true,"href":"https:\/\/positiveprints.com\/pl\/wp-json\/wp\/v2\/product_tag?post=606981"}],"curies":[{"name":"wp","href":"https:\/\/api.w.org\/{rel}","templated":true}]}}