{"id":606946,"date":"2023-04-17T14:23:38","date_gmt":"2023-04-17T13:23:38","guid":{"rendered":"https:\/\/positiveprints.com\/?post_type=product&#038;p=606946"},"modified":"2026-04-12T22:30:00","modified_gmt":"2026-04-12T21:30:00","slug":"podwojna-mapa-gwiazd-dla-mamy-i-taty","status":"publish","type":"product","link":"https:\/\/positiveprints.com\/pl\/produkt\/podwojna-mapa-gwiazd-dla-mamy-i-taty\/","title":{"rendered":"Podw\u00f3jna Mapa Gwiazd dla Mamy i Taty"},"content":{"rendered":"<p style=\"margin-top: 1rem\">Podw\u00f3jna Mapa Gwiazd dla Mamy i Taty to wyj\u0105tkowy i znacz\u0105cy prezent, kt\u00f3ry z pewno\u015bci\u0105 doceni\u0105 Twoi rodzice. Jest to spersonalizowany prezent, kt\u00f3ry przedstawia dwie mapy gwiazd z dw\u00f3ch wa\u017cnych dat w \u017cyciu Twoich rodzic\u00f3w. Jeden dla Twojej mamy, a drugi dla Twojego taty. Mo\u017cesz przedstawi\u0107 mapy gwiazd z dni ich urodzin, dnia zar\u0119czyn i \u015blubu, a nawet dat urodzenia Ciebie i Twojego rodze\u0144stwa<\/p>\r\n\r\n\r\n<p style=\"margin-top: 1rem\">Stworzenie Podw\u00f3jnej Mapy Nieba jest tak proste, jak przej\u015bcie do naszego edytora online. Mo\u017cesz wybiera\u0107 spo\u015br\u00f3d szerokiej gamy styl\u00f3w i kolor\u00f3w, aby uzyska\u0107 spersonalizowany wydruk. Nast\u0119pnie wprowad\u017a daty oraz lokalizacje i zobacz, jak wygl\u0105da\u0142o nocne niebo w tych wyj\u0105tkowych chwilach. Mo\u017cesz wybiera\u0107 spo\u015br\u00f3d naszych r\u00f3\u017cnych opcji, takich jak wydrukowany plakat, oprawiony w ramk\u0119, p\u0142\u00f3tno lub plik cyfrowy do natychmiastowego pobrania.<\/p>\r\n\r\n\r\n<p style=\"margin-top: 1rem\">Podw\u00f3jna Mapa Gwiazd dla Mamy i Taty jest idealna na prezent na specjalne okazje, takie jak urodziny, Bo\u017ce Narodzenie, Dzie\u0144 Matki lub Dzie\u0144 Ojca. To wzruszaj\u0105cy spos\u00f3b na \u015bwi\u0119towanie i wspominanie wa\u017cnych wydarze\u0144 i moment\u00f3w w \u017cyciu rodzic\u00f3w. Ten spersonalizowany i jedyny w swoim rodzaju prezent b\u0119dzie idealn\u0105 dekoracj\u0105 domu Twoich rodzic\u00f3w, a tak\u017ce b\u0119dzie przypomina\u0107 im o Twojej mi\u0142o\u015bci i przywi\u0105zaniu do nich.<\/p>\r\n\r\n\r\n<p style=\"margin-top: 1rem\">Co wi\u0119cej, Podw\u00f3jna Mapa Gwiazd dla Mamy i Taty na pewno przykuje uwag\u0119 Twojej rodziny i przyjaci\u00f3\u0142. Jest to wyj\u0105tkowy element, kt\u00f3ry prezentuje mapy gwiezdne z najwa\u017cniejszych dni w historii Twojej rodziny. Mo\u017cesz go u\u017cywa\u0107 do tworzenia wi\u0119zi i wspominania z rodzin\u0105 i przyjaci\u00f3\u0142mi.<\/p>\r\n\r\n\r\n<p style=\"margin-top: 1rem\">Zamiast kupowa\u0107 co\u015b ze sklepowej p\u00f3\u0142ki, zaskocz swoich rodzic\u00f3w tym wyj\u0105tkowym i znacz\u0105cym prezentem, kt\u00f3ry z pewno\u015bci\u0105 b\u0119d\u0105 ceni\u0107 przez lata. Stw\u00f3rz Podw\u00f3jn\u0105 Map\u0119 Gwiazd dla Mamy i Taty ju\u017c dzi\u015b!<\/p>","protected":false},"excerpt":{"rendered":"<ul class=\"check-list\">\n<li>Stw\u00f3rz w\u0142asn\u0105 map\u0119 gwiazd przedstawiaj\u0105c\u0105 dwa r\u00f3\u017cne miejsca oraz daty<\/li>\n<li>Dodaj konstelacje i Drog\u0119 Mleczn\u0105 <\/li>\n<li>Spersonalizuj w 3 prostych krokach<\/li>\n<li>Dodaj dedykacj\u0119 prosto z serca<\/li>\n<li>Interaktywny podgl\u0105d pozwoli dopracowa\u0107 ka\u017cdy szczeg\u00f3\u0142<\/li>\n<\/ul>\n","protected":false},"featured_media":1252317,"template":"","meta":[],"product_brand":[],"product_cat":[9279,9105,99,5253,7961,5271,15059,11415,7850,7818],"product_tag":[15583,15499,8757,13468],"class_list":{"0":"post-606946","1":"product","2":"type-product","3":"status-publish","4":"has-post-thumbnail","6":"product_cat-bestsellers-label-pl","7":"product_cat-duo-stars-pl","8":"product_cat-wszystkie-produkty","9":"product_cat-prezent-na-narodziny-dziecka","10":"product_cat-prezenty-na-baby-shower","11":"product_cat-prezent-na-boze-narodzenie","12":"product_cat-prezenty-pod-choinke-dla-rodziny","13":"product_cat-prezenty-pod-choinke-dla-rodzicow","14":"product_cat-prezent-dla-rodziny","15":"product_cat-prezent-dla-mlodych-rodzicow","16":"product_tag-dzien-w-ktorym-zostaliscie-naszymi-rodzicami","17":"product_tag-mama-i-tata","18":"product_tag-parents-pl","19":"product_tag-prezenty-swiateczne-dla-rodziny","21":"first","22":"instock","23":"sale","24":"taxable","25":"shipping-taxable","26":"purchasable","27":"product-type-variable"},"yoast_head":"<!-- This site is optimized with the Yoast SEO Premium plugin v27.2 (Yoast SEO v27.2) - https:\/\/yoast.com\/product\/yoast-seo-premium-wordpress\/ -->\n<title>Podw\u00f3jna Mapa Gwiazd dla Mamy i Taty - Positive Prints<\/title>\n<meta name=\"description\" content=\"Podw\u00f3jna Mapa Gwiazd dla Mamy i Taty to spersonalizowany prezent przedstawiaj\u0105cy dwie mapy gwiazd z dw\u00f3ch wa\u017cnych dat w \u017cyciu Twoich rodzic\u00f3w\" \/>\n<meta name=\"robots\" content=\"index, follow, max-snippet:-1, max-image-preview:large, max-video-preview:-1\" \/>\n<link rel=\"canonical\" href=\"https:\/\/positiveprints.com\/pl\/produkt\/podwojna-mapa-gwiazd-dla-mamy-i-taty\/\" \/>\n<meta property=\"og:locale\" content=\"pl_PL\" \/>\n<meta property=\"og:type\" content=\"article\" \/>\n<meta property=\"og:title\" content=\"Podw\u00f3jna Mapa Gwiazd dla Mamy i Taty\" \/>\n<meta property=\"og:description\" content=\"Stw\u00f3rz w\u0142asn\u0105 map\u0119 gwiazd przedstawiaj\u0105c\u0105 dwa r\u00f3\u017cne miejsca oraz daty Dodaj konstelacje i Drog\u0119 Mleczn\u0105  Spersonalizuj w 3 prostych krokach Dodaj dedykacj\u0119 prosto z serca Interaktywny podgl\u0105d pozwoli dopracowa\u0107 ka\u017cdy szczeg\u00f3\u0142\" \/>\n<meta property=\"og:url\" content=\"https:\/\/positiveprints.com\/pl\/produkt\/podwojna-mapa-gwiazd-dla-mamy-i-taty\/\" \/>\n<meta property=\"og:site_name\" content=\"Positive Prints\" \/>\n<meta property=\"article:publisher\" content=\"https:\/\/www.facebook.com\/positiveprintscom\" \/>\n<meta property=\"article:modified_time\" content=\"2026-04-12T21:30:00+00:00\" \/>\n<meta property=\"og:image\" content=\"https:\/\/positiveprints.com\/wp-content\/uploads\/2024\/11\/PACKSHOT_PL_Mom-and-Dad-Double-Star-Map-product-image-.webp\" \/>\n\t<meta property=\"og:image:width\" content=\"1450\" \/>\n\t<meta property=\"og:image:height\" content=\"1450\" \/>\n\t<meta property=\"og:image:type\" content=\"image\/webp\" \/>\n<meta name=\"twitter:card\" content=\"summary_large_image\" \/>\n<meta name=\"twitter:label1\" content=\"Szacowany czas czytania\" \/>\n\t<meta name=\"twitter:data1\" content=\"2 minuty\" \/>\n<!-- \/ Yoast SEO Premium plugin. -->","yoast_head_json":{"title":"Podw\u00f3jna Mapa Gwiazd dla Mamy i Taty - Positive Prints","description":"Podw\u00f3jna Mapa Gwiazd dla Mamy i Taty to spersonalizowany prezent przedstawiaj\u0105cy dwie mapy gwiazd z dw\u00f3ch wa\u017cnych dat w \u017cyciu Twoich rodzic\u00f3w","robots":{"index":"index","follow":"follow","max-snippet":"max-snippet:-1","max-image-preview":"max-image-preview:large","max-video-preview":"max-video-preview:-1"},"canonical":"https:\/\/positiveprints.com\/pl\/produkt\/podwojna-mapa-gwiazd-dla-mamy-i-taty\/","og_locale":"pl_PL","og_type":"article","og_title":"Podw\u00f3jna Mapa Gwiazd dla Mamy i Taty","og_description":"Stw\u00f3rz w\u0142asn\u0105 map\u0119 gwiazd przedstawiaj\u0105c\u0105 dwa r\u00f3\u017cne miejsca oraz daty Dodaj konstelacje i Drog\u0119 Mleczn\u0105  Spersonalizuj w 3 prostych krokach Dodaj dedykacj\u0119 prosto z serca Interaktywny podgl\u0105d pozwoli dopracowa\u0107 ka\u017cdy szczeg\u00f3\u0142","og_url":"https:\/\/positiveprints.com\/pl\/produkt\/podwojna-mapa-gwiazd-dla-mamy-i-taty\/","og_site_name":"Positive Prints","article_publisher":"https:\/\/www.facebook.com\/positiveprintscom","article_modified_time":"2026-04-12T21:30:00+00:00","og_image":[{"width":1450,"height":1450,"url":"https:\/\/positiveprints.com\/wp-content\/uploads\/2024\/11\/PACKSHOT_PL_Mom-and-Dad-Double-Star-Map-product-image-.webp","type":"image\/webp"}],"twitter_card":"summary_large_image","twitter_misc":{"Szacowany czas czytania":"2 minuty"},"schema":{"@context":"https:\/\/schema.org","@graph":[{"@type":["WebPage","ItemPage"],"@id":"https:\/\/positiveprints.com\/pl\/produkt\/podwojna-mapa-gwiazd-dla-mamy-i-taty\/","url":"https:\/\/positiveprints.com\/pl\/produkt\/podwojna-mapa-gwiazd-dla-mamy-i-taty\/","name":"Podw\u00f3jna Mapa Gwiazd dla Mamy i Taty - Positive Prints","isPartOf":{"@id":"https:\/\/positiveprints.com\/pl\/#website"},"primaryImageOfPage":{"@id":"https:\/\/positiveprints.com\/pl\/produkt\/podwojna-mapa-gwiazd-dla-mamy-i-taty\/#primaryimage"},"image":{"@id":"https:\/\/positiveprints.com\/pl\/produkt\/podwojna-mapa-gwiazd-dla-mamy-i-taty\/#primaryimage"},"thumbnailUrl":"https:\/\/positiveprints.com\/wp-content\/uploads\/2024\/11\/PACKSHOT_PL_Mom-and-Dad-Double-Star-Map-product-image-.webp","datePublished":"2023-04-17T13:23:38+00:00","dateModified":"2026-04-12T21:30:00+00:00","description":"Podw\u00f3jna Mapa Gwiazd dla Mamy i Taty to spersonalizowany prezent przedstawiaj\u0105cy dwie mapy gwiazd z dw\u00f3ch wa\u017cnych dat w \u017cyciu Twoich rodzic\u00f3w","breadcrumb":{"@id":"https:\/\/positiveprints.com\/pl\/produkt\/podwojna-mapa-gwiazd-dla-mamy-i-taty\/#breadcrumb"},"inLanguage":"pl-PL","potentialAction":[{"@type":"ReadAction","target":["https:\/\/positiveprints.com\/pl\/produkt\/podwojna-mapa-gwiazd-dla-mamy-i-taty\/"]}]},{"@type":"ImageObject","inLanguage":"pl-PL","@id":"https:\/\/positiveprints.com\/pl\/produkt\/podwojna-mapa-gwiazd-dla-mamy-i-taty\/#primaryimage","url":"https:\/\/positiveprints.com\/wp-content\/uploads\/2024\/11\/PACKSHOT_PL_Mom-and-Dad-Double-Star-Map-product-image-.webp","contentUrl":"https:\/\/positiveprints.com\/wp-content\/uploads\/2024\/11\/PACKSHOT_PL_Mom-and-Dad-Double-Star-Map-product-image-.webp","width":1450,"height":1450,"caption":"PACKSHOT_PL_Mom and Dad Double Star Map product image"},{"@type":"BreadcrumbList","@id":"https:\/\/positiveprints.com\/pl\/produkt\/podwojna-mapa-gwiazd-dla-mamy-i-taty\/#breadcrumb","itemListElement":[{"@type":"ListItem","position":1,"name":"Home","item":"https:\/\/positiveprints.com\/pl\/"},{"@type":"ListItem","position":2,"name":"Produkty","item":"https:\/\/positiveprints.com\/pl\/shop\/"},{"@type":"ListItem","position":3,"name":"Podw\u00f3jna Mapa Gwiazd dla Mamy i Taty"}]},{"@type":"WebSite","@id":"https:\/\/positiveprints.com\/pl\/#website","url":"https:\/\/positiveprints.com\/pl\/","name":"Positive Prints","description":"Amazing Custom Personalized Gifts","publisher":{"@id":"https:\/\/positiveprints.com\/pl\/#organization"},"potentialAction":[{"@type":"SearchAction","target":{"@type":"EntryPoint","urlTemplate":"https:\/\/positiveprints.com\/pl\/?s={search_term_string}"},"query-input":{"@type":"PropertyValueSpecification","valueRequired":true,"valueName":"search_term_string"}}],"inLanguage":"pl-PL"},{"@type":"Organization","@id":"https:\/\/positiveprints.com\/pl\/#organization","name":"Positive Prints","alternateName":"Positive Prints","url":"https:\/\/positiveprints.com\/pl\/","logo":{"@type":"ImageObject","inLanguage":"pl-PL","@id":"https:\/\/positiveprints.com\/pl\/#\/schema\/logo\/image\/","url":"https:\/\/positiveprints.com\/wp-content\/uploads\/2026\/03\/245815646_1337939713319158_5671353136411139666_n.png","contentUrl":"https:\/\/positiveprints.com\/wp-content\/uploads\/2026\/03\/245815646_1337939713319158_5671353136411139666_n.png","width":800,"height":800,"caption":"Positive Prints"},"image":{"@id":"https:\/\/positiveprints.com\/pl\/#\/schema\/logo\/image\/"},"sameAs":["https:\/\/www.facebook.com\/positiveprintscom","https:\/\/www.instagram.com\/positiveprintscom\/","https:\/\/www.tiktok.com\/@positiveprintscom","https:\/\/www.pinterest.com\/positiveprintscom\/"]}]}},"jetpack_sharing_enabled":true,"_links":{"self":[{"href":"https:\/\/positiveprints.com\/pl\/wp-json\/wp\/v2\/product\/606946","targetHints":{"allow":["GET"]}}],"collection":[{"href":"https:\/\/positiveprints.com\/pl\/wp-json\/wp\/v2\/product"}],"about":[{"href":"https:\/\/positiveprints.com\/pl\/wp-json\/wp\/v2\/types\/product"}],"wp:featuredmedia":[{"embeddable":true,"href":"https:\/\/positiveprints.com\/pl\/wp-json\/wp\/v2\/media\/1252317"}],"wp:attachment":[{"href":"https:\/\/positiveprints.com\/pl\/wp-json\/wp\/v2\/media?parent=606946"}],"wp:term":[{"taxonomy":"product_brand","embeddable":true,"href":"https:\/\/positiveprints.com\/pl\/wp-json\/wp\/v2\/product_brand?post=606946"},{"taxonomy":"product_cat","embeddable":true,"href":"https:\/\/positiveprints.com\/pl\/wp-json\/wp\/v2\/product_cat?post=606946"},{"taxonomy":"product_tag","embeddable":true,"href":"https:\/\/positiveprints.com\/pl\/wp-json\/wp\/v2\/product_tag?post=606946"}],"curies":[{"name":"wp","href":"https:\/\/api.w.org\/{rel}","templated":true}]}}