{"id":606735,"date":"2021-08-13T10:12:42","date_gmt":"2021-08-13T09:12:42","guid":{"rendered":"https:\/\/positiveprints.com\/product\/tutaj-wszystko-sie-zaczelo\/"},"modified":"2026-04-13T00:36:45","modified_gmt":"2026-04-12T23:36:45","slug":"tutaj-wszystko-sie-zaczelo","status":"publish","type":"product","link":"https:\/\/positiveprints.com\/pl\/produkt\/tutaj-wszystko-sie-zaczelo\/","title":{"rendered":"Tutaj Wszystko Si\u0119 Zacz\u0119\u0142o"},"content":{"rendered":"<p>Ka\u017cda historia mi\u0142osna zaczyna si\u0119 od pierwszej randki. Mo\u017ce to by\u0107 zaplanowane zar\u0119czyny, a mo\u017ce to by\u0107 spontaniczne wyj\u015bcie na miasto. Bez wzgl\u0119du na to, jak to si\u0119 sta\u0142o, mapa Tutaj Wszystko Si\u0119 Zacz\u0119\u0142o pozwala spojrze\u0107 wstecz na to, gdzie odby\u0142a si\u0119 wasza <a href=\"https:\/\/positiveprints.com\/pl\/produkt\/nasze-pierwsze-spotkanie\/\">pierwsza randka<\/a>. <\/p>\r\n          \r\n\r\n          \r\n\r\n          <h2 class=\"grenB f24 cblue\" style=\"margin-top: 3rem\">Czym jest mapa Tutaj Wszystko Si\u0119 Zacz\u0119\u0142o?<\/h2>\r\n          \r\n\r\n          \r\n\r\n          <p style=\"margin-top: 1rem\">Ka\u017cdy krok, kt\u00f3ry ty i tw\u00f3j partner kiedykolwiek zrobili\u015bcie w \u017cyciu, ostatecznie doprowadzi\u0142 was do odnalezienia siebie. Mapa Tutaj Wszystko Si\u0119 Zacz\u0119\u0142o pokazuje moment, w kt\u00f3rym rozpocz\u0119\u0142a si\u0119 Wasza historia mi\u0142osna. <\/p>\r\n          \r\n\r\n          \r\n\r\n          <p style=\"margin-top: 1rem\">Mo\u017ce znajomy ci\u0119 przedstawi\u0142 i planowali\u015bcie spotka\u0107 si\u0119 na kaw\u0119, kolacj\u0119 lub spacer po parku. A mo\u017ce los wzi\u0105\u0142 sprawy w swoje r\u0119ce i umie\u015bci\u0142 was we w\u0142a\u015bciwym miejscu we w\u0142a\u015bciwym czasie na przypadkowe spotkanie. Niezale\u017cnie od tego, jak zapami\u0119tali\u015bcie swoj\u0105 pierwsz\u0105 wsp\u00f3ln\u0105 randk\u0119, mo\u017cecie zachowa\u0107 ten moment w swoich wspomnieniach z pomoc\u0105 tego wyj\u0105tkowego wydruku. <\/p>\r\n          \r\n\r\n          \r\n\r\n          <h2 class=\"grenB f24 cblue\" style=\"margin-top: 3rem\">Pomys\u0142y na prezenty na zar\u0119czyny i wesela<\/h2>\r\n          \r\n\r\n          \r\n\r\n          <p style=\"margin-top: 1rem\">Mapa Tutaj Wszystko Si\u0119 Zacz\u0119\u0142o to jeden z naszych najpopularniejszych <a href=\"https:\/\/positiveprints.com\/pl\/prezenty-na-rocznice\/\">prezent\u00f3w na rocznic\u0119<\/a>. Wybrana lokalizacja mo\u017ce by\u0107 dodatkowo oznaczona np. za pomoc\u0105 czerwonej ikony serca. Nasi klienci wybieraj\u0105 plakat Tutaj Wszystko Si\u0119 zacz\u0119\u0142o jako prezent dla wsp\u00f3\u0142ma\u0142\u017conki lub przysz\u0142ej wsp\u00f3\u0142ma\u0142\u017conki w dniu ich \u015blubu, rocznicy lub przyj\u0119cia zar\u0119czynowego. To oryginalny spos\u00f3b, aby spojrze\u0107 wstecz na jedno z pierwszych wsp\u00f3lnych wspomnie\u0144. <\/p>\r\n          \r\n\r\n          \r\n\r\n          <p style=\"margin-top: 1rem\">I chocia\u017c prezent podarujesz wyj\u0105tkowej osobie w twoim \u017cyciu, mo\u017cesz si\u0119 r\u00f3wnie\u017c nim cieszy\u0107! Zawie\u015b swoj\u0105 personalizowan\u0105 map\u0119 w domu, aby\u015b zawsze m\u00f3g\u0142 spojrze\u0107 wstecz na czas, kiedy twoja mi\u0142o\u015b\u0107 dopiero zaczyna\u0142a rosn\u0105\u0107.  <\/p>\r\n          \r\n\r\n          \r\n\r\n          <p style=\"margin-top: 1rem\">Aby uko\u0144czy\u0107 tworzenie mapy, dodaj sw\u00f3j w\u0142asny tekst, kt\u00f3ry umie\u015bcisz na plakacie. Mo\u017ce to by\u0107 data i godzina pierwszej randki, szczeg\u00f3\u0142y dotycz\u0105ce Twojej lokalizacji, film lub koncert, na kt\u00f3rym byli\u015bcie razem, a nawet cytat lub tekst ulubionej piosenki. Mo\u017cliwo\u015bci s\u0105 niesko\u0144czone!  <\/p>\r\n          \r\n\r\n          \r\n\r\n          <h2 class=\"grenB f24 cblue\" style=\"margin-top: 3rem\">Jak spersonalizowa\u0107 map\u0119 Tutaj Wszystko Si\u0119 Zacz\u0119\u0142o<\/h2>\r\n          \r\n\r\n          \r\n\r\n          <p style=\"margin-top: 1rem\">Got\u00f3w by podarowa\u0107 ukochanej osobie wyj\u0105tkowy prezent? Positive Prints pomo\u017ce Ci w tym! Nasz edytor map korzysta z najnowocze\u015bniejszej technologii GPS, aby stworzy\u0107 bardzo szczeg\u00f3\u0142ow\u0105 i dok\u0142adn\u0105 map\u0119 <a href=\"https:\/\/positiveprints.com\/pl\/produkt\/nasze-pierwsze-spotkanie\/\">miejsca, w kt\u00f3rym si\u0119 poznali\u015bcie<\/a>. <\/p>\r\n          \r\n\r\n          \r\n\r\n          <p style=\"margin-top: 1rem\">Zacznij od wyboru stylu. Nasze <a href=\"https:\/\/positiveprints.com\/pl\/produkt\/mapa-plakat\/\">personalizowane mapy<\/a> mog\u0105 przybiera\u0107 kszta\u0142t kwadratu, ko\u0142a, serca lub domku. Wybierz jedn\u0105 z predefiniowanych wersji kolorystycznych lub dobierz wybrane kolory samodzielnie.<\/p>\r\n          \r\n\r\n          \r\n\r\n          <p style=\"margin-top: 1rem\">Spersonalizuj map\u0119 poprzez wyb\u00f3r dok\u0142adnej lokalizacji i oznaczenie jej symbolem serca. Do\u0142\u0105cz w\u0142asny tekst, aby wzbogaci\u0107 map\u0119 o dodatkowe emocje. <\/p>\r\n          \r\n\r\n          \r\n\r\n          <p style=\"margin-top: 1rem\">Wreszcie, mo\u017cesz wybra\u0107 spos\u00f3b i format wydruku: wydruk w formie papierowej, plik cyfrowy, wydruk na p\u0142\u00f3tnie lub plakat w ramie!<\/p>\r\n          \r\n\r\n          \r\n\r\n          <h2 class=\"grenB f24 cblue\" style=\"margin-top: 3rem\">Na zawsze zachowaj w pami\u0119ci miejsce waszej pierwszej randki<\/h2>\r\n          \r\n\r\n          \r\n\r\n          <p style=\"margin-top: 1rem\">Popatrz z sentymentem na swoj\u0105 pierwsz\u0105 randk\u0119. Zacznij tworzy\u0107 map\u0119 Tutaj Wszystko Si\u0119 Zacz\u0119\u0142o ju\u017c dzi\u015b!<\/p>","protected":false},"excerpt":{"rendered":"\n<ul class=\"check-list\">\n<li>Podkre\u015bl wa\u017cne miejsce za pomoc\u0105 wybranego symbolu<\/li>\n<li>Spersonalizuj w 3 prostych krokach<\/li>\n<li>Do\u0142\u0105cz spersonalizowany tekst prosto z serca<\/li>\n<li>Podgl\u0105d projektu na ka\u017cdym etapie<\/li>\n<\/ul>\n","protected":false},"featured_media":1213749,"template":"","meta":[],"product_brand":[],"product_cat":[7188],"product_tag":[14975],"class_list":{"0":"post-606735","1":"product","2":"type-product","3":"status-publish","4":"has-post-thumbnail","6":"product_cat-map-pl","7":"product_tag-anniversary-pl","9":"first","10":"instock","11":"sale","12":"taxable","13":"shipping-taxable","14":"purchasable","15":"product-type-variable"},"yoast_head":"<!-- This site is optimized with the Yoast SEO Premium plugin v27.2 (Yoast SEO v27.2) - https:\/\/yoast.com\/product\/yoast-seo-premium-wordpress\/ -->\n<title>Tutaj Wszystko Si\u0119 Zacz\u0119\u0142o - Personalizowany Prezent - Positive Prints<\/title>\n<meta name=\"description\" content=\"Gdzie odby\u0142a si\u0119 wasza pierwsza randka? Zachowaj wspomnienie tamtego dnia z map\u0105 Tutaj Wszystko Si\u0119 Zacz\u0119\u0142o, idealnym prezentem na rocznic\u0119.\" \/>\n<meta name=\"robots\" content=\"index, follow, max-snippet:-1, max-image-preview:large, max-video-preview:-1\" \/>\n<link rel=\"canonical\" href=\"https:\/\/positiveprints.com\/pl\/produkt\/tutaj-wszystko-sie-zaczelo\/\" \/>\n<meta property=\"og:locale\" content=\"pl_PL\" \/>\n<meta property=\"og:type\" content=\"article\" \/>\n<meta property=\"og:title\" content=\"Tutaj Wszystko Si\u0119 Zacz\u0119\u0142o\" \/>\n<meta property=\"og:description\" content=\"Podkre\u015bl wa\u017cne miejsce za pomoc\u0105 wybranego symbolu                  Spersonalizuj w 3 prostych krokach                  Do\u0142\u0105cz spersonalizowany tekst prosto z serca                  Podgl\u0105d projektu na ka\u017cdym etapie\" \/>\n<meta property=\"og:url\" content=\"https:\/\/positiveprints.com\/pl\/produkt\/tutaj-wszystko-sie-zaczelo\/\" \/>\n<meta property=\"og:site_name\" content=\"Positive Prints\" \/>\n<meta property=\"article:publisher\" content=\"https:\/\/www.facebook.com\/positiveprintscom\" \/>\n<meta property=\"article:modified_time\" content=\"2026-04-12T23:36:45+00:00\" \/>\n<meta property=\"og:image\" content=\"https:\/\/positiveprints.com\/wp-content\/uploads\/2024\/10\/Packshot_PL_our-first-date-map-product-image.webp\" \/>\n\t<meta property=\"og:image:width\" content=\"1450\" \/>\n\t<meta property=\"og:image:height\" content=\"1450\" \/>\n\t<meta property=\"og:image:type\" content=\"image\/webp\" \/>\n<meta name=\"twitter:card\" content=\"summary_large_image\" \/>\n<meta name=\"twitter:label1\" content=\"Szacowany czas czytania\" \/>\n\t<meta name=\"twitter:data1\" content=\"3 minuty\" \/>\n<!-- \/ Yoast SEO Premium plugin. -->","yoast_head_json":{"title":"Tutaj Wszystko Si\u0119 Zacz\u0119\u0142o - Personalizowany Prezent - Positive Prints","description":"Gdzie odby\u0142a si\u0119 wasza pierwsza randka? Zachowaj wspomnienie tamtego dnia z map\u0105 Tutaj Wszystko Si\u0119 Zacz\u0119\u0142o, idealnym prezentem na rocznic\u0119.","robots":{"index":"index","follow":"follow","max-snippet":"max-snippet:-1","max-image-preview":"max-image-preview:large","max-video-preview":"max-video-preview:-1"},"canonical":"https:\/\/positiveprints.com\/pl\/produkt\/tutaj-wszystko-sie-zaczelo\/","og_locale":"pl_PL","og_type":"article","og_title":"Tutaj Wszystko Si\u0119 Zacz\u0119\u0142o","og_description":"Podkre\u015bl wa\u017cne miejsce za pomoc\u0105 wybranego symbolu                  Spersonalizuj w 3 prostych krokach                  Do\u0142\u0105cz spersonalizowany tekst prosto z serca                  Podgl\u0105d projektu na ka\u017cdym etapie","og_url":"https:\/\/positiveprints.com\/pl\/produkt\/tutaj-wszystko-sie-zaczelo\/","og_site_name":"Positive Prints","article_publisher":"https:\/\/www.facebook.com\/positiveprintscom","article_modified_time":"2026-04-12T23:36:45+00:00","og_image":[{"width":1450,"height":1450,"url":"https:\/\/positiveprints.com\/wp-content\/uploads\/2024\/10\/Packshot_PL_our-first-date-map-product-image.webp","type":"image\/webp"}],"twitter_card":"summary_large_image","twitter_misc":{"Szacowany czas czytania":"3 minuty"},"schema":{"@context":"https:\/\/schema.org","@graph":[{"@type":["WebPage","ItemPage"],"@id":"https:\/\/positiveprints.com\/pl\/produkt\/tutaj-wszystko-sie-zaczelo\/","url":"https:\/\/positiveprints.com\/pl\/produkt\/tutaj-wszystko-sie-zaczelo\/","name":"Tutaj Wszystko Si\u0119 Zacz\u0119\u0142o - Personalizowany Prezent - Positive Prints","isPartOf":{"@id":"https:\/\/positiveprints.com\/pl\/#website"},"primaryImageOfPage":{"@id":"https:\/\/positiveprints.com\/pl\/produkt\/tutaj-wszystko-sie-zaczelo\/#primaryimage"},"image":{"@id":"https:\/\/positiveprints.com\/pl\/produkt\/tutaj-wszystko-sie-zaczelo\/#primaryimage"},"thumbnailUrl":"https:\/\/positiveprints.com\/wp-content\/uploads\/2024\/10\/Packshot_PL_our-first-date-map-product-image.webp","datePublished":"2021-08-13T09:12:42+00:00","dateModified":"2026-04-12T23:36:45+00:00","description":"Gdzie odby\u0142a si\u0119 wasza pierwsza randka? Zachowaj wspomnienie tamtego dnia z map\u0105 Tutaj Wszystko Si\u0119 Zacz\u0119\u0142o, idealnym prezentem na rocznic\u0119.","breadcrumb":{"@id":"https:\/\/positiveprints.com\/pl\/produkt\/tutaj-wszystko-sie-zaczelo\/#breadcrumb"},"inLanguage":"pl-PL","potentialAction":[{"@type":"ReadAction","target":["https:\/\/positiveprints.com\/pl\/produkt\/tutaj-wszystko-sie-zaczelo\/"]}]},{"@type":"ImageObject","inLanguage":"pl-PL","@id":"https:\/\/positiveprints.com\/pl\/produkt\/tutaj-wszystko-sie-zaczelo\/#primaryimage","url":"https:\/\/positiveprints.com\/wp-content\/uploads\/2024\/10\/Packshot_PL_our-first-date-map-product-image.webp","contentUrl":"https:\/\/positiveprints.com\/wp-content\/uploads\/2024\/10\/Packshot_PL_our-first-date-map-product-image.webp","width":1450,"height":1450},{"@type":"BreadcrumbList","@id":"https:\/\/positiveprints.com\/pl\/produkt\/tutaj-wszystko-sie-zaczelo\/#breadcrumb","itemListElement":[{"@type":"ListItem","position":1,"name":"Home","item":"https:\/\/positiveprints.com\/pl\/"},{"@type":"ListItem","position":2,"name":"Produkty","item":"https:\/\/positiveprints.com\/pl\/shop\/"},{"@type":"ListItem","position":3,"name":"Tutaj Wszystko Si\u0119 Zacz\u0119\u0142o"}]},{"@type":"WebSite","@id":"https:\/\/positiveprints.com\/pl\/#website","url":"https:\/\/positiveprints.com\/pl\/","name":"Positive Prints","description":"Amazing Custom Personalized Gifts","publisher":{"@id":"https:\/\/positiveprints.com\/pl\/#organization"},"potentialAction":[{"@type":"SearchAction","target":{"@type":"EntryPoint","urlTemplate":"https:\/\/positiveprints.com\/pl\/?s={search_term_string}"},"query-input":{"@type":"PropertyValueSpecification","valueRequired":true,"valueName":"search_term_string"}}],"inLanguage":"pl-PL"},{"@type":"Organization","@id":"https:\/\/positiveprints.com\/pl\/#organization","name":"Positive Prints","alternateName":"Positive Prints","url":"https:\/\/positiveprints.com\/pl\/","logo":{"@type":"ImageObject","inLanguage":"pl-PL","@id":"https:\/\/positiveprints.com\/pl\/#\/schema\/logo\/image\/","url":"https:\/\/positiveprints.com\/wp-content\/uploads\/2026\/03\/245815646_1337939713319158_5671353136411139666_n.png","contentUrl":"https:\/\/positiveprints.com\/wp-content\/uploads\/2026\/03\/245815646_1337939713319158_5671353136411139666_n.png","width":800,"height":800,"caption":"Positive Prints"},"image":{"@id":"https:\/\/positiveprints.com\/pl\/#\/schema\/logo\/image\/"},"sameAs":["https:\/\/www.facebook.com\/positiveprintscom","https:\/\/www.instagram.com\/positiveprintscom\/","https:\/\/www.tiktok.com\/@positiveprintscom","https:\/\/www.pinterest.com\/positiveprintscom\/"]}]}},"jetpack_sharing_enabled":true,"_links":{"self":[{"href":"https:\/\/positiveprints.com\/pl\/wp-json\/wp\/v2\/product\/606735","targetHints":{"allow":["GET"]}}],"collection":[{"href":"https:\/\/positiveprints.com\/pl\/wp-json\/wp\/v2\/product"}],"about":[{"href":"https:\/\/positiveprints.com\/pl\/wp-json\/wp\/v2\/types\/product"}],"wp:featuredmedia":[{"embeddable":true,"href":"https:\/\/positiveprints.com\/pl\/wp-json\/wp\/v2\/media\/1213749"}],"wp:attachment":[{"href":"https:\/\/positiveprints.com\/pl\/wp-json\/wp\/v2\/media?parent=606735"}],"wp:term":[{"taxonomy":"product_brand","embeddable":true,"href":"https:\/\/positiveprints.com\/pl\/wp-json\/wp\/v2\/product_brand?post=606735"},{"taxonomy":"product_cat","embeddable":true,"href":"https:\/\/positiveprints.com\/pl\/wp-json\/wp\/v2\/product_cat?post=606735"},{"taxonomy":"product_tag","embeddable":true,"href":"https:\/\/positiveprints.com\/pl\/wp-json\/wp\/v2\/product_tag?post=606735"}],"curies":[{"name":"wp","href":"https:\/\/api.w.org\/{rel}","templated":true}]}}