{"id":596118,"date":"2023-04-17T21:58:34","date_gmt":"2023-04-17T20:58:34","guid":{"rendered":"https:\/\/positiveprints.com\/?post_type=product&#038;p=596118"},"modified":"2026-04-03T03:18:08","modified_gmt":"2026-04-03T02:18:08","slug":"kolaz-ze-zdjec-dla-absolwenta-w-formie-napisu","status":"publish","type":"product","link":"https:\/\/positiveprints.com\/pl\/produkt\/kolaz-ze-zdjec-dla-absolwenta-w-formie-napisu\/","title":{"rendered":"Kola\u017c ze Zdj\u0119\u0107 dla Absolwenta w Formie Napisu"},"content":{"rendered":"<p style=\"margin-top: 1rem\">Szukasz idealnego prezentu z okazji uko\u0144czenia szko\u0142y, aby uczci\u0107 osi\u0105gni\u0119cia absolwenta w swoim \u017cyciu? Nie szukaj dalej! Mamy co\u015b dla Ciebie &#8211; Kola\u017c ze Zdj\u0119\u0107 dla Absolwenta w Formie Napisu od Positive Prints! Ten wyj\u0105tkowy i spersonalizowany prezent pozwoli Ci stworzy\u0107 osza\u0142amiaj\u0105cy kola\u017c zdj\u0119\u0107 w kszta\u0142cie roku uko\u0144czenia szko\u0142y, np. \u201e2023\u201d lub dowolnego innego wybranego przez Ciebie roku. Mo\u017cesz tak\u017ce wybra\u0107, aby zdj\u0119cia tworzy\u0142y s\u0142owo \u201eAbsolwent\u201d, aby uzyska\u0107 bardziej kreatywny i niepowtarzalny projekt.<\/p>\r\n\r\n\r\n<p style=\"margin-top: 1rem\">Aby rozpocz\u0105\u0107 tworzenie kola\u017cu zdj\u0119\u0107, po prostu wybierz s\u0142owo (lub liczb\u0119) i prze\u015blij zdj\u0119cia. Nasza technologia pozwala na u\u0142o\u017cenie zdj\u0119\u0107 w kszta\u0142cie wybranej liczby lub s\u0142owa, zapewniaj\u0105c, \u017ce kola\u017c jest dok\u0142adnym odzwierciedleniem wybranego projektu. Nast\u0119pnie mo\u017cesz dostosowa\u0107 format wydruku, wybieraj\u0105c plakaty, wydruki na p\u0142\u00f3tnie lub w ramkach albo cyfrowe pliki do pobrania do samodzielnego wydrukowania.<\/p>\r\n\r\n\r\n<p style=\"margin-top: 1rem\">W Positive Prints wykorzystujemy wy\u0142\u0105cznie najwy\u017cszej jako\u015bci materia\u0142y i technologie drukarskie, dzi\u0119ki czemu Tw\u00f3j kola\u017c zdj\u0119\u0107 b\u0119dzie wygl\u0105da\u0142 profesjonalnie i wyj\u0105tkowo. To doskona\u0142y spos\u00f3b na upami\u0119tnienie wyj\u0105tkowego dnia absolwenta oraz lat ci\u0119\u017ckiej pracy i po\u015bwi\u0119cenia, kt\u00f3re do niego doprowadzi\u0142y.<\/p>\r\n\r\n\r\n<p style=\"margin-top: 1rem\">Podsumowuj\u0105c, Kola\u017c ze Zdj\u0119\u0107 dla Absolwenta w Formie Napisu od Positive Prints to pi\u0119kny i kreatywny spos\u00f3b na \u015bwi\u0119towanie i piel\u0119gnowanie wa\u017cnego kamienia milowego, jakim jest uko\u0144czenie szko\u0142y. Podaruj absolwentowi w swoim \u017cyciu spersonalizowany i szczery prezent, kt\u00f3ry b\u0119dzie ceni\u0142 przez wiele lat!<\/p>","protected":false},"excerpt":{"rendered":"<ul class=\"check-list\">\n<li>Celebruj osi\u0105gni\u0119cia nowego absolwenta i doce\u0144 jego ci\u0119\u017ck\u0105 prac\u0119 i osi\u0105gni\u0119cia z niezapomnian\u0105 pami\u0105tk\u0105 na ca\u0142e \u017cycie<\/li>\n<li>Prze\u015blij ulubione zdj\u0119cia<\/li>\n<li>Dodaj osobist\u0105 dedykacj\u0119<\/li>\n<li>Spersonalizuj projekt w 3 prostych krokach<\/li>\n<li>Wybierz jeden z naszych szablon\u00f3w lub stw\u00f3rz w\u0142asny<\/li>\n<li>Interaktywny podgl\u0105d pozwoli dopracowa\u0107 ka\u017cdy szczeg\u00f3\u0142<\/li>\n<\/ul>\n","protected":false},"featured_media":1348595,"template":"","meta":[],"product_brand":[],"product_cat":[8829,7915,99],"product_tag":[15255],"class_list":{"0":"post-596118","1":"product","2":"type-product","3":"status-publish","4":"has-post-thumbnail","6":"product_cat-kolaz-ze-zdjec-w-formie-napisu","7":"product_cat-prezent-na-zakonczenie-studiow","8":"product_cat-wszystkie-produkty","9":"product_tag-graduation-en-gb-pl","11":"first","12":"instock","13":"sale","14":"taxable","15":"shipping-taxable","16":"purchasable","17":"product-type-variable"},"yoast_head":"<!-- This site is optimized with the Yoast SEO Premium plugin v27.2 (Yoast SEO v27.2) - https:\/\/yoast.com\/product\/yoast-seo-premium-wordpress\/ -->\n<title>Kola\u017c ze Zdj\u0119\u0107 Napis dla Absolwenta - Positive Prints<\/title>\n<meta name=\"description\" content=\"Podaruj niezapomniany prezent na uko\u0144czenie szko\u0142y! Stw\u00f3rz spersonalizowany fotokola\u017c pe\u0142en wyj\u0105tkowych wspomnie\u0144 z minionych lat.\" \/>\n<meta name=\"robots\" content=\"index, follow, max-snippet:-1, max-image-preview:large, max-video-preview:-1\" \/>\n<link rel=\"canonical\" href=\"https:\/\/positiveprints.com\/pl\/produkt\/kolaz-ze-zdjec-dla-absolwenta-w-formie-napisu\/\" \/>\n<meta property=\"og:locale\" content=\"pl_PL\" \/>\n<meta property=\"og:type\" content=\"article\" \/>\n<meta property=\"og:title\" content=\"Kola\u017c ze Zdj\u0119\u0107 dla Absolwenta w Formie Napisu\" \/>\n<meta property=\"og:description\" content=\"Celebruj osi\u0105gni\u0119cia nowego absolwenta i doce\u0144 jego ci\u0119\u017ck\u0105 prac\u0119 i osi\u0105gni\u0119cia z niezapomnian\u0105 pami\u0105tk\u0105 na ca\u0142e \u017cycie  Prze\u015blij ulubione zdj\u0119cia  Dodaj osobist\u0105 dedykacj\u0119  Spersonalizuj projekt w 3 prostych krokach  Wybierz jeden z naszych szablon\u00f3w lub stw\u00f3rz w\u0142asny  Interaktywny podgl\u0105d pozwoli dopracowa\u0107 ka\u017cdy szczeg\u00f3\u0142\" \/>\n<meta property=\"og:url\" content=\"https:\/\/positiveprints.com\/pl\/produkt\/kolaz-ze-zdjec-dla-absolwenta-w-formie-napisu\/\" \/>\n<meta property=\"og:site_name\" content=\"Positive Prints\" \/>\n<meta property=\"article:publisher\" content=\"https:\/\/www.facebook.com\/positiveprintscom\" \/>\n<meta property=\"article:modified_time\" content=\"2026-04-03T02:18:08+00:00\" \/>\n<meta property=\"og:image\" content=\"https:\/\/positiveprints.com\/wp-content\/uploads\/2025\/02\/Kolaz\u0307-ze-Zdje\u0328c\u0301-dla-Absolwenta-w-Formie-Napisu-1.webp\" \/>\n\t<meta property=\"og:image:width\" content=\"1450\" \/>\n\t<meta property=\"og:image:height\" content=\"1450\" \/>\n\t<meta property=\"og:image:type\" content=\"image\/webp\" \/>\n<meta name=\"twitter:card\" content=\"summary_large_image\" \/>\n<meta name=\"twitter:label1\" content=\"Szacowany czas czytania\" \/>\n\t<meta name=\"twitter:data1\" content=\"2 minuty\" \/>\n<!-- \/ Yoast SEO Premium plugin. -->","yoast_head_json":{"title":"Kola\u017c ze Zdj\u0119\u0107 Napis dla Absolwenta - Positive Prints","description":"Podaruj niezapomniany prezent na uko\u0144czenie szko\u0142y! Stw\u00f3rz spersonalizowany fotokola\u017c pe\u0142en wyj\u0105tkowych wspomnie\u0144 z minionych lat.","robots":{"index":"index","follow":"follow","max-snippet":"max-snippet:-1","max-image-preview":"max-image-preview:large","max-video-preview":"max-video-preview:-1"},"canonical":"https:\/\/positiveprints.com\/pl\/produkt\/kolaz-ze-zdjec-dla-absolwenta-w-formie-napisu\/","og_locale":"pl_PL","og_type":"article","og_title":"Kola\u017c ze Zdj\u0119\u0107 dla Absolwenta w Formie Napisu","og_description":"Celebruj osi\u0105gni\u0119cia nowego absolwenta i doce\u0144 jego ci\u0119\u017ck\u0105 prac\u0119 i osi\u0105gni\u0119cia z niezapomnian\u0105 pami\u0105tk\u0105 na ca\u0142e \u017cycie  Prze\u015blij ulubione zdj\u0119cia  Dodaj osobist\u0105 dedykacj\u0119  Spersonalizuj projekt w 3 prostych krokach  Wybierz jeden z naszych szablon\u00f3w lub stw\u00f3rz w\u0142asny  Interaktywny podgl\u0105d pozwoli dopracowa\u0107 ka\u017cdy szczeg\u00f3\u0142","og_url":"https:\/\/positiveprints.com\/pl\/produkt\/kolaz-ze-zdjec-dla-absolwenta-w-formie-napisu\/","og_site_name":"Positive Prints","article_publisher":"https:\/\/www.facebook.com\/positiveprintscom","article_modified_time":"2026-04-03T02:18:08+00:00","og_image":[{"width":1450,"height":1450,"url":"https:\/\/positiveprints.com\/wp-content\/uploads\/2025\/02\/Kolaz\u0307-ze-Zdje\u0328c\u0301-dla-Absolwenta-w-Formie-Napisu-1.webp","type":"image\/webp"}],"twitter_card":"summary_large_image","twitter_misc":{"Szacowany czas czytania":"2 minuty"},"schema":{"@context":"https:\/\/schema.org","@graph":[{"@type":["WebPage","ItemPage"],"@id":"https:\/\/positiveprints.com\/pl\/produkt\/kolaz-ze-zdjec-dla-absolwenta-w-formie-napisu\/","url":"https:\/\/positiveprints.com\/pl\/produkt\/kolaz-ze-zdjec-dla-absolwenta-w-formie-napisu\/","name":"Kola\u017c ze Zdj\u0119\u0107 Napis dla Absolwenta - Positive Prints","isPartOf":{"@id":"https:\/\/positiveprints.com\/pl\/#website"},"primaryImageOfPage":{"@id":"https:\/\/positiveprints.com\/pl\/produkt\/kolaz-ze-zdjec-dla-absolwenta-w-formie-napisu\/#primaryimage"},"image":{"@id":"https:\/\/positiveprints.com\/pl\/produkt\/kolaz-ze-zdjec-dla-absolwenta-w-formie-napisu\/#primaryimage"},"thumbnailUrl":"https:\/\/positiveprints.com\/wp-content\/uploads\/2025\/02\/Kolaz\u0307-ze-Zdje\u0328c\u0301-dla-Absolwenta-w-Formie-Napisu-1.webp","datePublished":"2023-04-17T20:58:34+00:00","dateModified":"2026-04-03T02:18:08+00:00","description":"Podaruj niezapomniany prezent na uko\u0144czenie szko\u0142y! Stw\u00f3rz spersonalizowany fotokola\u017c pe\u0142en wyj\u0105tkowych wspomnie\u0144 z minionych lat.","breadcrumb":{"@id":"https:\/\/positiveprints.com\/pl\/produkt\/kolaz-ze-zdjec-dla-absolwenta-w-formie-napisu\/#breadcrumb"},"inLanguage":"pl-PL","potentialAction":[{"@type":"ReadAction","target":["https:\/\/positiveprints.com\/pl\/produkt\/kolaz-ze-zdjec-dla-absolwenta-w-formie-napisu\/"]}]},{"@type":"ImageObject","inLanguage":"pl-PL","@id":"https:\/\/positiveprints.com\/pl\/produkt\/kolaz-ze-zdjec-dla-absolwenta-w-formie-napisu\/#primaryimage","url":"https:\/\/positiveprints.com\/wp-content\/uploads\/2025\/02\/Kolaz\u0307-ze-Zdje\u0328c\u0301-dla-Absolwenta-w-Formie-Napisu-1.webp","contentUrl":"https:\/\/positiveprints.com\/wp-content\/uploads\/2025\/02\/Kolaz\u0307-ze-Zdje\u0328c\u0301-dla-Absolwenta-w-Formie-Napisu-1.webp","width":1450,"height":1450},{"@type":"BreadcrumbList","@id":"https:\/\/positiveprints.com\/pl\/produkt\/kolaz-ze-zdjec-dla-absolwenta-w-formie-napisu\/#breadcrumb","itemListElement":[{"@type":"ListItem","position":1,"name":"Home","item":"https:\/\/positiveprints.com\/pl\/"},{"@type":"ListItem","position":2,"name":"Produkty","item":"https:\/\/positiveprints.com\/pl\/shop\/"},{"@type":"ListItem","position":3,"name":"Kola\u017c ze Zdj\u0119\u0107 dla Absolwenta w Formie Napisu"}]},{"@type":"WebSite","@id":"https:\/\/positiveprints.com\/pl\/#website","url":"https:\/\/positiveprints.com\/pl\/","name":"Positive Prints","description":"Amazing Custom Personalized Gifts","publisher":{"@id":"https:\/\/positiveprints.com\/pl\/#organization"},"potentialAction":[{"@type":"SearchAction","target":{"@type":"EntryPoint","urlTemplate":"https:\/\/positiveprints.com\/pl\/?s={search_term_string}"},"query-input":{"@type":"PropertyValueSpecification","valueRequired":true,"valueName":"search_term_string"}}],"inLanguage":"pl-PL"},{"@type":"Organization","@id":"https:\/\/positiveprints.com\/pl\/#organization","name":"Positive Prints","alternateName":"Positive Prints","url":"https:\/\/positiveprints.com\/pl\/","logo":{"@type":"ImageObject","inLanguage":"pl-PL","@id":"https:\/\/positiveprints.com\/pl\/#\/schema\/logo\/image\/","url":"https:\/\/positiveprints.com\/wp-content\/uploads\/2026\/03\/245815646_1337939713319158_5671353136411139666_n.png","contentUrl":"https:\/\/positiveprints.com\/wp-content\/uploads\/2026\/03\/245815646_1337939713319158_5671353136411139666_n.png","width":800,"height":800,"caption":"Positive Prints"},"image":{"@id":"https:\/\/positiveprints.com\/pl\/#\/schema\/logo\/image\/"},"sameAs":["https:\/\/www.facebook.com\/positiveprintscom","https:\/\/www.instagram.com\/positiveprintscom\/","https:\/\/www.tiktok.com\/@positiveprintscom","https:\/\/www.pinterest.com\/positiveprintscom\/"]}]}},"jetpack_sharing_enabled":true,"_links":{"self":[{"href":"https:\/\/positiveprints.com\/pl\/wp-json\/wp\/v2\/product\/596118","targetHints":{"allow":["GET"]}}],"collection":[{"href":"https:\/\/positiveprints.com\/pl\/wp-json\/wp\/v2\/product"}],"about":[{"href":"https:\/\/positiveprints.com\/pl\/wp-json\/wp\/v2\/types\/product"}],"wp:featuredmedia":[{"embeddable":true,"href":"https:\/\/positiveprints.com\/pl\/wp-json\/wp\/v2\/media\/1348595"}],"wp:attachment":[{"href":"https:\/\/positiveprints.com\/pl\/wp-json\/wp\/v2\/media?parent=596118"}],"wp:term":[{"taxonomy":"product_brand","embeddable":true,"href":"https:\/\/positiveprints.com\/pl\/wp-json\/wp\/v2\/product_brand?post=596118"},{"taxonomy":"product_cat","embeddable":true,"href":"https:\/\/positiveprints.com\/pl\/wp-json\/wp\/v2\/product_cat?post=596118"},{"taxonomy":"product_tag","embeddable":true,"href":"https:\/\/positiveprints.com\/pl\/wp-json\/wp\/v2\/product_tag?post=596118"}],"curies":[{"name":"wp","href":"https:\/\/api.w.org\/{rel}","templated":true}]}}