{"id":596097,"date":"2023-04-17T21:51:54","date_gmt":"2023-04-17T20:51:54","guid":{"rendered":"https:\/\/positiveprints.com\/?post_type=product&#038;p=596097"},"modified":"2026-04-12T22:28:37","modified_gmt":"2026-04-12T21:28:37","slug":"dziadek-kolaz-ze-zdjec-w-formie-napisu","status":"publish","type":"product","link":"https:\/\/positiveprints.com\/pl\/produkt\/dziadek-kolaz-ze-zdjec-w-formie-napisu\/","title":{"rendered":"Dziadek &#8211; Kola\u017c ze Zdj\u0119\u0107"},"content":{"rendered":"<p style=\"margin-top: 1rem;\">Nie ma nic lepszego ni\u017c szczeg\u00f3lna wi\u0119\u017a mi\u0119dzy dziadkiem a jego wnukami. Uczcij t\u0119 wyj\u0105tkow\u0105 wi\u0119\u017a za pomoc\u0105 &#8220;Dziadek &#8211; Kola\u017c ze Zdj\u0119\u0107 w Formie Napisu&#8221; od Positive Prints, spersonalizowanym i sentymentalnym prezentem, kt\u00f3ry tw\u00f3j dziadek b\u0119dzie ceni\u0142 na zawsze. Ten wyj\u0105tkowy kola\u017c sk\u0142ada si\u0119 z Twoich ulubionych zdj\u0119\u0107, u\u0142o\u017conych w kszta\u0142t s\u0142owa \u201edziadek\u201d. Alternatywnie mo\u017cesz dostosowa\u0107 s\u0142owo, aby pasowa\u0142o do imienia dziadka lub ulubionego przezwiska, takiego jak \u201epapa\u201d lub \u201edziadziu\u015b\u201d.<\/p>\r\n<p style=\"margin-top: 1rem;\">Stworzenie kola\u017cu zdj\u0119\u0107 dla dziadka jest \u0142atwe i wygodne. Po prostu przejd\u017a do naszego edytora online i prze\u015blij wybrane zdj\u0119cia dla ka\u017cdej litery w wybranym s\u0142owie. Nast\u0119pnie mo\u017cesz dostosowa\u0107 format wydruku do swoich preferencji, w tym plakaty, wydruki na p\u0142\u00f3tnie lub w ramkach, lub cyfrowe pliki do pobrania do samodzielnego wydrukowania.<\/p>\r\n<p style=\"margin-top: 1rem;\">W Positive Prints wykorzystujemy wy\u0142\u0105cznie najwy\u017cszej jako\u015bci materia\u0142y i technologie do drukowania, co oznacza, \u017ce \u200b\u200bTw\u00f3j kola\u017c zdj\u0119\u0107 b\u0119dzie wygl\u0105da\u0142 profesjonalnie i osza\u0142amiaj\u0105co. To idealny sentymentalny prezent na ka\u017cd\u0105 okazj\u0119 &#8211; czy to na urodziny, Bo\u017ce Narodzenie, czy po prostu dlatego, \u017ce chcesz pokaza\u0107 dziadkowi, jak bardzo go doceniasz.<\/p>\r\n<p style=\"margin-top: 1rem;\">Dlaczego wi\u0119c nie da\u0107 swojemu dziadkowi prezentu, kt\u00f3ry b\u0119dzie ceniony przez lata? &#8220;Dziadek &#8211; Kola\u017c ze Zdj\u0119\u0107 w Formie Napisu&#8221; to specjalny i spersonalizowany spos\u00f3b, aby wyrazi\u0107, jak bardzo go kochasz i doceniasz, i pokaza\u0107 mu, jak wiele znaczy dla ciebie przez te wszystkie lata. Dzi\u0119ki Positive Prints tworzenie pi\u0119knego i niepowtarzalnego kola\u017cu zdj\u0119\u0107 nigdy nie by\u0142o \u0142atwiejsze!<\/p>","protected":false},"excerpt":{"rendered":"<ul class=\"check-list\">\n<li>Prze\u015blij ulubione zdj\u0119cia<\/li>\n<li>Dodaj \u017cyczenia prosto z serca<\/li>\n<li>Spersonalizuj projekt w 3 prostych krokach<\/li>\n<li>Interaktywny podgl\u0105d pozwoli dopracowa\u0107 ka\u017cdy szczeg\u00f3\u0142<\/li>\n<\/ul>\n","protected":false},"featured_media":1670456,"template":"","meta":[],"product_brand":[],"product_cat":[9279,11409,7610,8829,5271,99],"product_tag":[8667,15685,12627,15671,11814],"class_list":{"0":"post-596097","1":"product","2":"type-product","3":"status-publish","4":"has-post-thumbnail","6":"product_cat-bestsellers-label-pl","7":"product_cat-prezenty-pod-choinke-dla-dziadka","8":"product_cat-prezent-dla-dziadka","9":"product_cat-kolaz-ze-zdjec-w-formie-napisu","10":"product_cat-prezent-na-boze-narodzenie","11":"product_cat-wszystkie-produkty","12":"product_tag-grandpa-pl","13":"product_tag-prezent-dla-dziadka-pl","14":"product_tag-prezent-dla-dziadka","15":"product_tag-prezent-urodzinowy-dla-dziadka","16":"product_tag-prezenty-pod-choinke-dla-dziadka","18":"first","19":"instock","20":"sale","21":"taxable","22":"shipping-taxable","23":"purchasable","24":"product-type-variable"},"yoast_head":"<!-- This site is optimized with the Yoast SEO Premium plugin v27.2 (Yoast SEO v27.2) - https:\/\/yoast.com\/product\/yoast-seo-premium-wordpress\/ -->\n<title>Dziadek - Kola\u017c ze Zdj\u0119\u0107 - Positive Prints<\/title>\n<meta name=\"description\" content=\"Podaruj wyj\u0105tkowy prezent dla dziadka. Kola\u017c ze zdj\u0119\u0107 uk\u0142adaj\u0105cych si\u0119 w napis, pe\u0142en wsp\u00f3lnych chwil i wdzi\u0119czno\u015bci za lata m\u0105dro\u015bci oraz wsparcia.\" \/>\n<meta name=\"robots\" content=\"index, follow, max-snippet:-1, max-image-preview:large, max-video-preview:-1\" \/>\n<link rel=\"canonical\" href=\"https:\/\/positiveprints.com\/pl\/produkt\/dziadek-kolaz-ze-zdjec-w-formie-napisu\/\" \/>\n<meta property=\"og:locale\" content=\"pl_PL\" \/>\n<meta property=\"og:type\" content=\"article\" \/>\n<meta property=\"og:title\" content=\"Dziadek - Kola\u017c ze Zdj\u0119\u0107\" \/>\n<meta property=\"og:description\" content=\"Prze\u015blij ulubione zdj\u0119cia  Dodaj \u017cyczenia prosto z serca  Spersonalizuj projekt w 3 prostych krokach  Interaktywny podgl\u0105d pozwoli dopracowa\u0107 ka\u017cdy szczeg\u00f3\u0142\" \/>\n<meta property=\"og:url\" content=\"https:\/\/positiveprints.com\/pl\/produkt\/dziadek-kolaz-ze-zdjec-w-formie-napisu\/\" \/>\n<meta property=\"og:site_name\" content=\"Positive Prints\" \/>\n<meta property=\"article:publisher\" content=\"https:\/\/www.facebook.com\/positiveprintscom\" \/>\n<meta property=\"article:modified_time\" content=\"2026-04-12T21:28:37+00:00\" \/>\n<meta property=\"og:image\" content=\"https:\/\/positiveprints.com\/wp-content\/uploads\/2025\/03\/Packshot_PL_dziadek.webp\" \/>\n\t<meta property=\"og:image:width\" content=\"1450\" \/>\n\t<meta property=\"og:image:height\" content=\"1450\" \/>\n\t<meta property=\"og:image:type\" content=\"image\/webp\" \/>\n<meta name=\"twitter:card\" content=\"summary_large_image\" \/>\n<meta name=\"twitter:label1\" content=\"Szacowany czas czytania\" \/>\n\t<meta name=\"twitter:data1\" content=\"2 minuty\" \/>\n<!-- \/ Yoast SEO Premium plugin. -->","yoast_head_json":{"title":"Dziadek - Kola\u017c ze Zdj\u0119\u0107 - Positive Prints","description":"Podaruj wyj\u0105tkowy prezent dla dziadka. Kola\u017c ze zdj\u0119\u0107 uk\u0142adaj\u0105cych si\u0119 w napis, pe\u0142en wsp\u00f3lnych chwil i wdzi\u0119czno\u015bci za lata m\u0105dro\u015bci oraz wsparcia.","robots":{"index":"index","follow":"follow","max-snippet":"max-snippet:-1","max-image-preview":"max-image-preview:large","max-video-preview":"max-video-preview:-1"},"canonical":"https:\/\/positiveprints.com\/pl\/produkt\/dziadek-kolaz-ze-zdjec-w-formie-napisu\/","og_locale":"pl_PL","og_type":"article","og_title":"Dziadek - Kola\u017c ze Zdj\u0119\u0107","og_description":"Prze\u015blij ulubione zdj\u0119cia  Dodaj \u017cyczenia prosto z serca  Spersonalizuj projekt w 3 prostych krokach  Interaktywny podgl\u0105d pozwoli dopracowa\u0107 ka\u017cdy szczeg\u00f3\u0142","og_url":"https:\/\/positiveprints.com\/pl\/produkt\/dziadek-kolaz-ze-zdjec-w-formie-napisu\/","og_site_name":"Positive Prints","article_publisher":"https:\/\/www.facebook.com\/positiveprintscom","article_modified_time":"2026-04-12T21:28:37+00:00","og_image":[{"width":1450,"height":1450,"url":"https:\/\/positiveprints.com\/wp-content\/uploads\/2025\/03\/Packshot_PL_dziadek.webp","type":"image\/webp"}],"twitter_card":"summary_large_image","twitter_misc":{"Szacowany czas czytania":"2 minuty"},"schema":{"@context":"https:\/\/schema.org","@graph":[{"@type":["WebPage","ItemPage"],"@id":"https:\/\/positiveprints.com\/pl\/produkt\/dziadek-kolaz-ze-zdjec-w-formie-napisu\/","url":"https:\/\/positiveprints.com\/pl\/produkt\/dziadek-kolaz-ze-zdjec-w-formie-napisu\/","name":"Dziadek - Kola\u017c ze Zdj\u0119\u0107 - Positive Prints","isPartOf":{"@id":"https:\/\/positiveprints.com\/pl\/#website"},"primaryImageOfPage":{"@id":"https:\/\/positiveprints.com\/pl\/produkt\/dziadek-kolaz-ze-zdjec-w-formie-napisu\/#primaryimage"},"image":{"@id":"https:\/\/positiveprints.com\/pl\/produkt\/dziadek-kolaz-ze-zdjec-w-formie-napisu\/#primaryimage"},"thumbnailUrl":"https:\/\/positiveprints.com\/wp-content\/uploads\/2026\/03\/dziadek_PL.webp","datePublished":"2023-04-17T20:51:54+00:00","dateModified":"2026-04-12T21:28:37+00:00","description":"Podaruj wyj\u0105tkowy prezent dla dziadka. Kola\u017c ze zdj\u0119\u0107 uk\u0142adaj\u0105cych si\u0119 w napis, pe\u0142en wsp\u00f3lnych chwil i wdzi\u0119czno\u015bci za lata m\u0105dro\u015bci oraz wsparcia.","breadcrumb":{"@id":"https:\/\/positiveprints.com\/pl\/produkt\/dziadek-kolaz-ze-zdjec-w-formie-napisu\/#breadcrumb"},"inLanguage":"pl-PL","potentialAction":[{"@type":"ReadAction","target":["https:\/\/positiveprints.com\/pl\/produkt\/dziadek-kolaz-ze-zdjec-w-formie-napisu\/"]}]},{"@type":"ImageObject","inLanguage":"pl-PL","@id":"https:\/\/positiveprints.com\/pl\/produkt\/dziadek-kolaz-ze-zdjec-w-formie-napisu\/#primaryimage","url":"https:\/\/positiveprints.com\/wp-content\/uploads\/2026\/03\/dziadek_PL.webp","contentUrl":"https:\/\/positiveprints.com\/wp-content\/uploads\/2026\/03\/dziadek_PL.webp","width":1450,"height":1450},{"@type":"BreadcrumbList","@id":"https:\/\/positiveprints.com\/pl\/produkt\/dziadek-kolaz-ze-zdjec-w-formie-napisu\/#breadcrumb","itemListElement":[{"@type":"ListItem","position":1,"name":"Home","item":"https:\/\/positiveprints.com\/pl\/"},{"@type":"ListItem","position":2,"name":"Produkty","item":"https:\/\/positiveprints.com\/pl\/shop\/"},{"@type":"ListItem","position":3,"name":"Dziadek &#8211; Kola\u017c ze Zdj\u0119\u0107"}]},{"@type":"WebSite","@id":"https:\/\/positiveprints.com\/pl\/#website","url":"https:\/\/positiveprints.com\/pl\/","name":"Positive Prints","description":"Amazing Custom Personalized Gifts","publisher":{"@id":"https:\/\/positiveprints.com\/pl\/#organization"},"potentialAction":[{"@type":"SearchAction","target":{"@type":"EntryPoint","urlTemplate":"https:\/\/positiveprints.com\/pl\/?s={search_term_string}"},"query-input":{"@type":"PropertyValueSpecification","valueRequired":true,"valueName":"search_term_string"}}],"inLanguage":"pl-PL"},{"@type":"Organization","@id":"https:\/\/positiveprints.com\/pl\/#organization","name":"Positive Prints","alternateName":"Positive Prints","url":"https:\/\/positiveprints.com\/pl\/","logo":{"@type":"ImageObject","inLanguage":"pl-PL","@id":"https:\/\/positiveprints.com\/pl\/#\/schema\/logo\/image\/","url":"https:\/\/positiveprints.com\/wp-content\/uploads\/2026\/03\/245815646_1337939713319158_5671353136411139666_n.png","contentUrl":"https:\/\/positiveprints.com\/wp-content\/uploads\/2026\/03\/245815646_1337939713319158_5671353136411139666_n.png","width":800,"height":800,"caption":"Positive Prints"},"image":{"@id":"https:\/\/positiveprints.com\/pl\/#\/schema\/logo\/image\/"},"sameAs":["https:\/\/www.facebook.com\/positiveprintscom","https:\/\/www.instagram.com\/positiveprintscom\/","https:\/\/www.tiktok.com\/@positiveprintscom","https:\/\/www.pinterest.com\/positiveprintscom\/"]}]}},"jetpack_sharing_enabled":true,"_links":{"self":[{"href":"https:\/\/positiveprints.com\/pl\/wp-json\/wp\/v2\/product\/596097","targetHints":{"allow":["GET"]}}],"collection":[{"href":"https:\/\/positiveprints.com\/pl\/wp-json\/wp\/v2\/product"}],"about":[{"href":"https:\/\/positiveprints.com\/pl\/wp-json\/wp\/v2\/types\/product"}],"wp:featuredmedia":[{"embeddable":true,"href":"https:\/\/positiveprints.com\/pl\/wp-json\/wp\/v2\/media\/1670456"}],"wp:attachment":[{"href":"https:\/\/positiveprints.com\/pl\/wp-json\/wp\/v2\/media?parent=596097"}],"wp:term":[{"taxonomy":"product_brand","embeddable":true,"href":"https:\/\/positiveprints.com\/pl\/wp-json\/wp\/v2\/product_brand?post=596097"},{"taxonomy":"product_cat","embeddable":true,"href":"https:\/\/positiveprints.com\/pl\/wp-json\/wp\/v2\/product_cat?post=596097"},{"taxonomy":"product_tag","embeddable":true,"href":"https:\/\/positiveprints.com\/pl\/wp-json\/wp\/v2\/product_tag?post=596097"}],"curies":[{"name":"wp","href":"https:\/\/api.w.org\/{rel}","templated":true}]}}