{"id":596069,"date":"2023-04-17T21:35:09","date_gmt":"2023-04-17T20:35:09","guid":{"rendered":"https:\/\/positiveprints.com\/?post_type=product&#038;p=596069"},"modified":"2026-04-03T03:18:18","modified_gmt":"2026-04-03T02:18:18","slug":"tata-kolaz-ze-zdjec-w-formie-napisu","status":"publish","type":"product","link":"https:\/\/positiveprints.com\/pl\/produkt\/tata-kolaz-ze-zdjec-w-formie-napisu\/","title":{"rendered":"Tata &#8211; Kola\u017c ze Zdj\u0119\u0107 w Formie Napisu"},"content":{"rendered":"<p style=\"margin-top: 1rem\">Celebruj ojc\u00f3w i ich mi\u0142o\u015b\u0107 do dzieci, dzi\u0119ki &#8220;Tata &#8211; Kola\u017c ze Zdj\u0119\u0107 w Formie Napisu&#8221; od Positive Prints! Ten produkt to wyj\u0105tkowy i szczery spos\u00f3b na stworzenie spersonalizowanego prezentu dla taty w Twoim \u017cyciu. Kola\u017c sk\u0142ada si\u0119 z Twoich ulubionych zdj\u0119\u0107 uk\u0142adaj\u0105cych si\u0119 w kszta\u0142t s\u0142owa &#8220;tata&#8221;. Lub, je\u015bli wolisz, mo\u017cesz dostosowa\u0107 s\u0142owo, aby pasowa\u0142o do imienia ojca lub jego ulubionego przezwiska, takiego jak \u201epapa\u201d lub \u201etatu\u015b\u201d.<\/p>\r\n\r\n\r\n<p style=\"margin-top: 1rem\">Aby stworzy\u0107 w\u0142asny kola\u017c zdj\u0119\u0107 dla taty, po prostu przejd\u017a do naszego edytora online i prze\u015blij swoje ulubione zdj\u0119cia. Ka\u017cda litera wybranego s\u0142owa zostanie utworzona z wybranych przez Ciebie zdj\u0119\u0107, tworz\u0105c jedyne w swoim rodzaju dzie\u0142o sztuki. Mo\u017cesz wybiera\u0107 spo\u015br\u00f3d r\u00f3\u017cnych format\u00f3w wydruku, w tym plakat\u00f3w, wydruk\u00f3w na p\u0142\u00f3tnie lub w ramkach, albo cyfrowych plik\u00f3w do samodzielnego wydrukowania.<\/p>\r\n\r\n\r\n<p style=\"margin-top: 1rem\">Dzi\u0119ki naszej technologii i wysokiej jako\u015bci materia\u0142om do druku mo\u017cesz mie\u0107 pewno\u015b\u0107, \u017ce produkt ko\u0144cowy b\u0119dzie wygl\u0105da\u0142 niesamowicie i profesjonalnie. To prezent, kt\u00f3ry wywo\u0142a u\u015bmiech na twarzy twojego taty i b\u0119dzie codziennym przypomnieniem cennych wspomnie\u0144, kt\u00f3re wsp\u00f3lnie dzielili\u015bcie.<\/p>\r\n\r\n\r\n<p style=\"margin-top: 1rem\">Niezale\u017cnie od tego, czy szukasz prezentu na Dzie\u0144 Ojca, urodziny czy inn\u0105 okazj\u0119, &#8220;Tata &#8211; Kola\u017c ze Zdj\u0119\u0107 w Formie Napisu&#8221; to doskona\u0142y spos\u00f3b, aby pokaza\u0107 tacie, jak wiele dla ciebie znaczy. To prezent, kt\u00f3ry b\u0119dzie ceni\u0142 przez lata i przypomina\u0142 mu jakim jest niesamowitym tat\u0105. Dzi\u0119ki Positive Prints stworzenie pi\u0119knego i spersonalizowanego kola\u017cu zdj\u0119\u0107 nigdy nie by\u0142o \u0142atwiejsze!<\/p>","protected":false},"excerpt":{"rendered":"<ul class=\"check-list\">\n<li>Zaskocz swojego tat\u0119 personalizowanym prezentem, kt\u00f3ry poka\u017ce mu, jak wiele dla Ciebie znaczy<\/li>\n<li>Dodaj dedykacj\u0119 prosto z serca<\/li>\n<li>Spersonalizuj w 3 prostych krokach<\/li>\n<li>Wybierz jeden z naszych szablon\u00f3w lub stw\u00f3rz w\u0142asny<\/li>\n<li>Interaktywny podgl\u0105d pozwoli dopracowa\u0107 ka\u017cdy szczeg\u00f3\u0142<\/li>\n<\/ul>\n","protected":false},"featured_media":1278988,"template":"","meta":[],"product_brand":[],"product_cat":[8829,99],"product_tag":[8556],"class_list":{"0":"post-596069","1":"product","2":"type-product","3":"status-publish","4":"has-post-thumbnail","6":"product_cat-kolaz-ze-zdjec-w-formie-napisu","7":"product_cat-wszystkie-produkty","8":"product_tag-father-pl","10":"first","11":"instock","12":"sale","13":"taxable","14":"shipping-taxable","15":"purchasable","16":"product-type-variable"},"yoast_head":"<!-- This site is optimized with the Yoast SEO Premium plugin v27.2 (Yoast SEO v27.2) - https:\/\/yoast.com\/product\/yoast-seo-premium-wordpress\/ -->\n<title>Tata - Kola\u017c ze Zdj\u0119\u0107 w Formie Napisu - Positive Prints<\/title>\n<meta name=\"description\" content=\"Szukasz prezentu na Dzie\u0144 Ojca? &quot;Tata - Kola\u017c ze Zdj\u0119\u0107 w Formie Napisu&quot; to doskona\u0142y spos\u00f3b, aby pokaza\u0107 tacie, jak wiele dla Ciebie znaczy.\" \/>\n<meta name=\"robots\" content=\"index, follow, max-snippet:-1, max-image-preview:large, max-video-preview:-1\" \/>\n<link rel=\"canonical\" href=\"https:\/\/positiveprints.com\/pl\/produkt\/tata-kolaz-ze-zdjec-w-formie-napisu\/\" \/>\n<meta property=\"og:locale\" content=\"pl_PL\" \/>\n<meta property=\"og:type\" content=\"article\" \/>\n<meta property=\"og:title\" content=\"Tata - Kola\u017c ze Zdj\u0119\u0107 w Formie Napisu\" \/>\n<meta property=\"og:description\" content=\"Zaskocz swojego tat\u0119 personalizowanym prezentem, kt\u00f3ry poka\u017ce mu, jak wiele dla Ciebie znaczy  Dodaj dedykacj\u0119 prosto z serca  Spersonalizuj w 3 prostych krokach  Wybierz jeden z naszych szablon\u00f3w lub stw\u00f3rz w\u0142asny  Interaktywny podgl\u0105d pozwoli dopracowa\u0107 ka\u017cdy szczeg\u00f3\u0142\" \/>\n<meta property=\"og:url\" content=\"https:\/\/positiveprints.com\/pl\/produkt\/tata-kolaz-ze-zdjec-w-formie-napisu\/\" \/>\n<meta property=\"og:site_name\" content=\"Positive Prints\" \/>\n<meta property=\"article:publisher\" content=\"https:\/\/www.facebook.com\/positiveprintscom\" \/>\n<meta property=\"article:modified_time\" content=\"2026-04-03T02:18:18+00:00\" \/>\n<meta property=\"og:image\" content=\"https:\/\/positiveprints.com\/wp-content\/uploads\/2024\/11\/Packshot_PL_Dad-Letter-Photo-Collage-product-image-.webp\" \/>\n\t<meta property=\"og:image:width\" content=\"1450\" \/>\n\t<meta property=\"og:image:height\" content=\"1450\" \/>\n\t<meta property=\"og:image:type\" content=\"image\/webp\" \/>\n<meta name=\"twitter:card\" content=\"summary_large_image\" \/>\n<meta name=\"twitter:label1\" content=\"Szacowany czas czytania\" \/>\n\t<meta name=\"twitter:data1\" content=\"2 minuty\" \/>\n<!-- \/ Yoast SEO Premium plugin. -->","yoast_head_json":{"title":"Tata - Kola\u017c ze Zdj\u0119\u0107 w Formie Napisu - Positive Prints","description":"Szukasz prezentu na Dzie\u0144 Ojca? \"Tata - Kola\u017c ze Zdj\u0119\u0107 w Formie Napisu\" to doskona\u0142y spos\u00f3b, aby pokaza\u0107 tacie, jak wiele dla Ciebie znaczy.","robots":{"index":"index","follow":"follow","max-snippet":"max-snippet:-1","max-image-preview":"max-image-preview:large","max-video-preview":"max-video-preview:-1"},"canonical":"https:\/\/positiveprints.com\/pl\/produkt\/tata-kolaz-ze-zdjec-w-formie-napisu\/","og_locale":"pl_PL","og_type":"article","og_title":"Tata - Kola\u017c ze Zdj\u0119\u0107 w Formie Napisu","og_description":"Zaskocz swojego tat\u0119 personalizowanym prezentem, kt\u00f3ry poka\u017ce mu, jak wiele dla Ciebie znaczy  Dodaj dedykacj\u0119 prosto z serca  Spersonalizuj w 3 prostych krokach  Wybierz jeden z naszych szablon\u00f3w lub stw\u00f3rz w\u0142asny  Interaktywny podgl\u0105d pozwoli dopracowa\u0107 ka\u017cdy szczeg\u00f3\u0142","og_url":"https:\/\/positiveprints.com\/pl\/produkt\/tata-kolaz-ze-zdjec-w-formie-napisu\/","og_site_name":"Positive Prints","article_publisher":"https:\/\/www.facebook.com\/positiveprintscom","article_modified_time":"2026-04-03T02:18:18+00:00","og_image":[{"width":1450,"height":1450,"url":"https:\/\/positiveprints.com\/wp-content\/uploads\/2024\/11\/Packshot_PL_Dad-Letter-Photo-Collage-product-image-.webp","type":"image\/webp"}],"twitter_card":"summary_large_image","twitter_misc":{"Szacowany czas czytania":"2 minuty"},"schema":{"@context":"https:\/\/schema.org","@graph":[{"@type":["WebPage","ItemPage"],"@id":"https:\/\/positiveprints.com\/pl\/produkt\/tata-kolaz-ze-zdjec-w-formie-napisu\/","url":"https:\/\/positiveprints.com\/pl\/produkt\/tata-kolaz-ze-zdjec-w-formie-napisu\/","name":"Tata - Kola\u017c ze Zdj\u0119\u0107 w Formie Napisu - Positive Prints","isPartOf":{"@id":"https:\/\/positiveprints.com\/pl\/#website"},"primaryImageOfPage":{"@id":"https:\/\/positiveprints.com\/pl\/produkt\/tata-kolaz-ze-zdjec-w-formie-napisu\/#primaryimage"},"image":{"@id":"https:\/\/positiveprints.com\/pl\/produkt\/tata-kolaz-ze-zdjec-w-formie-napisu\/#primaryimage"},"thumbnailUrl":"https:\/\/positiveprints.com\/wp-content\/uploads\/2024\/11\/Packshot_PL_Dad-Letter-Photo-Collage-product-image-.webp","datePublished":"2023-04-17T20:35:09+00:00","dateModified":"2026-04-03T02:18:18+00:00","description":"Szukasz prezentu na Dzie\u0144 Ojca? \"Tata - Kola\u017c ze Zdj\u0119\u0107 w Formie Napisu\" to doskona\u0142y spos\u00f3b, aby pokaza\u0107 tacie, jak wiele dla Ciebie znaczy.","breadcrumb":{"@id":"https:\/\/positiveprints.com\/pl\/produkt\/tata-kolaz-ze-zdjec-w-formie-napisu\/#breadcrumb"},"inLanguage":"pl-PL","potentialAction":[{"@type":"ReadAction","target":["https:\/\/positiveprints.com\/pl\/produkt\/tata-kolaz-ze-zdjec-w-formie-napisu\/"]}]},{"@type":"ImageObject","inLanguage":"pl-PL","@id":"https:\/\/positiveprints.com\/pl\/produkt\/tata-kolaz-ze-zdjec-w-formie-napisu\/#primaryimage","url":"https:\/\/positiveprints.com\/wp-content\/uploads\/2024\/11\/Packshot_PL_Dad-Letter-Photo-Collage-product-image-.webp","contentUrl":"https:\/\/positiveprints.com\/wp-content\/uploads\/2024\/11\/Packshot_PL_Dad-Letter-Photo-Collage-product-image-.webp","width":1450,"height":1450},{"@type":"BreadcrumbList","@id":"https:\/\/positiveprints.com\/pl\/produkt\/tata-kolaz-ze-zdjec-w-formie-napisu\/#breadcrumb","itemListElement":[{"@type":"ListItem","position":1,"name":"Home","item":"https:\/\/positiveprints.com\/pl\/"},{"@type":"ListItem","position":2,"name":"Produkty","item":"https:\/\/positiveprints.com\/pl\/shop\/"},{"@type":"ListItem","position":3,"name":"Tata &#8211; Kola\u017c ze Zdj\u0119\u0107 w Formie Napisu"}]},{"@type":"WebSite","@id":"https:\/\/positiveprints.com\/pl\/#website","url":"https:\/\/positiveprints.com\/pl\/","name":"Positive Prints","description":"Amazing Custom Personalized Gifts","publisher":{"@id":"https:\/\/positiveprints.com\/pl\/#organization"},"potentialAction":[{"@type":"SearchAction","target":{"@type":"EntryPoint","urlTemplate":"https:\/\/positiveprints.com\/pl\/?s={search_term_string}"},"query-input":{"@type":"PropertyValueSpecification","valueRequired":true,"valueName":"search_term_string"}}],"inLanguage":"pl-PL"},{"@type":"Organization","@id":"https:\/\/positiveprints.com\/pl\/#organization","name":"Positive Prints","alternateName":"Positive Prints","url":"https:\/\/positiveprints.com\/pl\/","logo":{"@type":"ImageObject","inLanguage":"pl-PL","@id":"https:\/\/positiveprints.com\/pl\/#\/schema\/logo\/image\/","url":"https:\/\/positiveprints.com\/wp-content\/uploads\/2026\/03\/245815646_1337939713319158_5671353136411139666_n.png","contentUrl":"https:\/\/positiveprints.com\/wp-content\/uploads\/2026\/03\/245815646_1337939713319158_5671353136411139666_n.png","width":800,"height":800,"caption":"Positive Prints"},"image":{"@id":"https:\/\/positiveprints.com\/pl\/#\/schema\/logo\/image\/"},"sameAs":["https:\/\/www.facebook.com\/positiveprintscom","https:\/\/www.instagram.com\/positiveprintscom\/","https:\/\/www.tiktok.com\/@positiveprintscom","https:\/\/www.pinterest.com\/positiveprintscom\/"]}]}},"jetpack_sharing_enabled":true,"_links":{"self":[{"href":"https:\/\/positiveprints.com\/pl\/wp-json\/wp\/v2\/product\/596069","targetHints":{"allow":["GET"]}}],"collection":[{"href":"https:\/\/positiveprints.com\/pl\/wp-json\/wp\/v2\/product"}],"about":[{"href":"https:\/\/positiveprints.com\/pl\/wp-json\/wp\/v2\/types\/product"}],"wp:featuredmedia":[{"embeddable":true,"href":"https:\/\/positiveprints.com\/pl\/wp-json\/wp\/v2\/media\/1278988"}],"wp:attachment":[{"href":"https:\/\/positiveprints.com\/pl\/wp-json\/wp\/v2\/media?parent=596069"}],"wp:term":[{"taxonomy":"product_brand","embeddable":true,"href":"https:\/\/positiveprints.com\/pl\/wp-json\/wp\/v2\/product_brand?post=596069"},{"taxonomy":"product_cat","embeddable":true,"href":"https:\/\/positiveprints.com\/pl\/wp-json\/wp\/v2\/product_cat?post=596069"},{"taxonomy":"product_tag","embeddable":true,"href":"https:\/\/positiveprints.com\/pl\/wp-json\/wp\/v2\/product_tag?post=596069"}],"curies":[{"name":"wp","href":"https:\/\/api.w.org\/{rel}","templated":true}]}}