{"id":591185,"date":"2023-04-12T10:23:49","date_gmt":"2023-04-12T09:23:49","guid":{"rendered":"https:\/\/positiveprints.com\/product\/mama-kolaz-ze-zdjec-w-formie-napisu\/"},"modified":"2026-04-18T06:01:17","modified_gmt":"2026-04-18T05:01:17","slug":"mama-kolaz-napis","status":"publish","type":"product","link":"https:\/\/positiveprints.com\/pl\/produkt\/mama-kolaz-napis\/","title":{"rendered":"Mama &#8211; Kola\u017c ze Zdj\u0119\u0107 w Formie Napisu"},"content":{"rendered":"<p style=\"margin-top: 1rem\">Szukasz wyj\u0105tkowego, personalizowanego prezentu dla mamy? Poznaj Kola\u017c ze Zdj\u0119\u0107 w Formie Napisu Mama i nie szukaj ju\u017c d\u0142u\u017cej! Kola\u017c ze Zdj\u0119\u0107 w Formie Napisu Mama to personalizowany plakat, w kt\u00f3rym wybrane zdj\u0119cia mog\u0105 u\u0142o\u017cy\u0107 si\u0119 w napis &#8220;mama&#8221;. Ale mo\u017cliwo\u015bci naszego edytora nie ograniczaja si\u0119 tylko do jednego s\u0142owa &#8220;mama&#8221;. Mo\u017cesz wybra\u0107 dowolne s\u0142owo. Od &#8220;mamusia&#8221;, przez &#8220;mi\u0142o\u015b\u0107&#8221;, a\u017c po dowolny zestaw liter wed\u0142ug Twojego uznania. Ten kola\u017c to wspania\u0142y spos\u00f3b na \u015bwi\u0119towanie wyj\u0105tkowych chwil i zdarze\u0144, kt\u00f3re dzielone by\u0142y z mam\u0105.<\/p>\r\n          \r\n\r\n          \r\n\r\n          \r\n\r\n          <p style=\"margin-top: 1rem\">Stworzenie wydruku jest bardzo proste. Aby stworzy\u0107 Kola\u017c ze Zdj\u0119\u0107 w Formie Napisu Mama, wejd\u017a do naszego edytora i prze\u015blij wybrane zdj\u0119cia, dodaj\u0105c je do wybranej litery. Mo\u017cesz wybra\u0107, czy chcesz otrzymac kola\u017c w formie plakatu, wydruku na p\u0142\u00f3tnie, czy w formie cyfrowej. Proces tworzenia wydruku jest prosty i szybki. Mo\u017cesz personalizowa\u0107 dowolnie wygl\u0105d plakatu.<\/p>\r\n          \r\n\r\n          \r\n\r\n          \r\n\r\n          <p style=\"margin-top: 1rem\">Przy tworzeniu plakat\u00f3w i obraz\u00f3w korzystamy z wysokiej jako\u015bci materia\u0142\u00f3w i technologii druku. Dlatego mo\u017cesz mie\u0107 pewno\u015b\u0107, \u017ce produkt ko\u0144cowy b\u0119dzie wygl\u0105da\u0142 osza\u0142amiaj\u0105co i profesjonalnie. Personalizowany plakat sprawdza si\u0119 jako prezent na urodziny dla mamy, <a href=\"https:\/\/positiveprints.com\/pl\/prezenty-na-dzien-matki\/\">Dzie\u0144 Matki<\/a> lub ka\u017cd\u0105 inn\u0105 okazj\u0119.<\/p>\r\n          \r\n\r\n          \r\n\r\n          \r\n\r\n          <p style=\"margin-top: 1rem\">Mama &#8211; Kola\u017c ze Zdj\u0119\u0107 w Formie Napisu to niesamowity spos\u00f3b, aby pokaza\u0107 mi\u0142o\u015b\u0107 i wdzi\u0119czn\u0105 jak\u0105 darzy si\u0119 swoj\u0105 mam\u0119. Podaruj mamie personalizowany prezent, kt\u00f3ry wywo\u0142a u\u015bmiech na jej twarzy.<\/p>","protected":false},"excerpt":{"rendered":"\n<ul class=\"check-list\">\n<li>Do\u0142\u0105cz spersonalizowany tekst prosto z serca<\/li>\n<li>Spersonalizuj w 3 prostych krokach<\/li>\n<li>Wybierz jeden z naszych szablon\u00f3w lub stw\u00f3rz w\u0142asny<\/li>\n<li>Podgl\u0105d projektu na ka\u017cdym etapie<\/li>\n<\/ul>\n","protected":false},"featured_media":1284112,"template":"","meta":[],"product_brand":[],"product_cat":[8829,9765,99,7328,5271,11414,7706],"product_tag":[13392,12618,13393,12619,8407,13394,13395,11819],"class_list":{"0":"post-591185","1":"product","2":"type-product","3":"status-publish","4":"has-post-thumbnail","6":"product_cat-kolaz-ze-zdjec-w-formie-napisu","7":"product_cat-trending-label-pl","8":"product_cat-wszystkie-produkty","9":"product_cat-prezenty-na-dzien-matki","10":"product_cat-prezent-na-boze-narodzenie","11":"product_cat-prezenty-pod-choinke-dla-mamy","12":"product_cat-prezent-dla-mamy","13":"product_tag-mam-pl","14":"product_tag-mama-pl","15":"product_tag-mammy-pl","16":"product_tag-mamusia","17":"product_tag-mother-pl","18":"product_tag-mum-pl","19":"product_tag-mummy-pl","20":"product_tag-prezenty-pod-choinke-dla-mamy","22":"first","23":"instock","24":"sale","25":"taxable","26":"shipping-taxable","27":"purchasable","28":"product-type-variable"},"yoast_head":"<!-- This site is optimized with the Yoast SEO Premium plugin v27.2 (Yoast SEO v27.2) - https:\/\/yoast.com\/product\/yoast-seo-premium-wordpress\/ -->\n<title>Mama - Kola\u017c ze Zdj\u0119\u0107 w Formie Napisu - Positive Prints<\/title>\n<meta name=\"description\" content=\"Szukasz wyj\u0105tkowego, personalizowanego prezentu dla mamy? Poznaj Kola\u017c ze Zdj\u0119\u0107 w Formie Napisu Mama i nie szukaj ju\u017c d\u0142u\u017cej!\" \/>\n<meta name=\"robots\" content=\"index, follow, max-snippet:-1, max-image-preview:large, max-video-preview:-1\" \/>\n<link rel=\"canonical\" href=\"https:\/\/positiveprints.com\/pl\/produkt\/mama-kolaz-napis\/\" \/>\n<meta property=\"og:locale\" content=\"pl_PL\" \/>\n<meta property=\"og:type\" content=\"article\" \/>\n<meta property=\"og:title\" content=\"Mama - Kola\u017c ze Zdj\u0119\u0107 w Formie Napisu\" \/>\n<meta property=\"og:description\" content=\"Do\u0142\u0105cz spersonalizowany tekst prosto z serca                  Spersonalizuj w 3 prostych krokach                  Wybierz jeden z naszych szablon\u00f3w lub stw\u00f3rz w\u0142asny                  Podgl\u0105d projektu na ka\u017cdym etapie\" \/>\n<meta property=\"og:url\" content=\"https:\/\/positiveprints.com\/pl\/produkt\/mama-kolaz-napis\/\" \/>\n<meta property=\"og:site_name\" content=\"Positive Prints\" \/>\n<meta property=\"article:publisher\" content=\"https:\/\/www.facebook.com\/positiveprintscom\" \/>\n<meta property=\"article:modified_time\" content=\"2026-04-18T05:01:17+00:00\" \/>\n<meta property=\"og:image\" content=\"https:\/\/positiveprints.com\/wp-content\/uploads\/2024\/11\/Packshot_PL_Mom-Letter-Photo-Collage-product-image.webp\" \/>\n\t<meta property=\"og:image:width\" content=\"1450\" \/>\n\t<meta property=\"og:image:height\" content=\"1450\" \/>\n\t<meta property=\"og:image:type\" content=\"image\/webp\" \/>\n<meta name=\"twitter:card\" content=\"summary_large_image\" \/>\n<meta name=\"twitter:label1\" content=\"Szacowany czas czytania\" \/>\n\t<meta name=\"twitter:data1\" content=\"2 minuty\" \/>\n<!-- \/ Yoast SEO Premium plugin. -->","yoast_head_json":{"title":"Mama - Kola\u017c ze Zdj\u0119\u0107 w Formie Napisu - Positive Prints","description":"Szukasz wyj\u0105tkowego, personalizowanego prezentu dla mamy? Poznaj Kola\u017c ze Zdj\u0119\u0107 w Formie Napisu Mama i nie szukaj ju\u017c d\u0142u\u017cej!","robots":{"index":"index","follow":"follow","max-snippet":"max-snippet:-1","max-image-preview":"max-image-preview:large","max-video-preview":"max-video-preview:-1"},"canonical":"https:\/\/positiveprints.com\/pl\/produkt\/mama-kolaz-napis\/","og_locale":"pl_PL","og_type":"article","og_title":"Mama - Kola\u017c ze Zdj\u0119\u0107 w Formie Napisu","og_description":"Do\u0142\u0105cz spersonalizowany tekst prosto z serca                  Spersonalizuj w 3 prostych krokach                  Wybierz jeden z naszych szablon\u00f3w lub stw\u00f3rz w\u0142asny                  Podgl\u0105d projektu na ka\u017cdym etapie","og_url":"https:\/\/positiveprints.com\/pl\/produkt\/mama-kolaz-napis\/","og_site_name":"Positive Prints","article_publisher":"https:\/\/www.facebook.com\/positiveprintscom","article_modified_time":"2026-04-18T05:01:17+00:00","og_image":[{"width":1450,"height":1450,"url":"https:\/\/positiveprints.com\/wp-content\/uploads\/2024\/11\/Packshot_PL_Mom-Letter-Photo-Collage-product-image.webp","type":"image\/webp"}],"twitter_card":"summary_large_image","twitter_misc":{"Szacowany czas czytania":"2 minuty"},"schema":{"@context":"https:\/\/schema.org","@graph":[{"@type":["WebPage","ItemPage"],"@id":"https:\/\/positiveprints.com\/pl\/produkt\/mama-kolaz-napis\/","url":"https:\/\/positiveprints.com\/pl\/produkt\/mama-kolaz-napis\/","name":"Mama - Kola\u017c ze Zdj\u0119\u0107 w Formie Napisu - Positive Prints","isPartOf":{"@id":"https:\/\/positiveprints.com\/pl\/#website"},"primaryImageOfPage":{"@id":"https:\/\/positiveprints.com\/pl\/produkt\/mama-kolaz-napis\/#primaryimage"},"image":{"@id":"https:\/\/positiveprints.com\/pl\/produkt\/mama-kolaz-napis\/#primaryimage"},"thumbnailUrl":"https:\/\/positiveprints.com\/wp-content\/uploads\/2024\/11\/Packshot_PL_Mom-Letter-Photo-Collage-product-image.webp","datePublished":"2023-04-12T09:23:49+00:00","dateModified":"2026-04-18T05:01:17+00:00","description":"Szukasz wyj\u0105tkowego, personalizowanego prezentu dla mamy? Poznaj Kola\u017c ze Zdj\u0119\u0107 w Formie Napisu Mama i nie szukaj ju\u017c d\u0142u\u017cej!","breadcrumb":{"@id":"https:\/\/positiveprints.com\/pl\/produkt\/mama-kolaz-napis\/#breadcrumb"},"inLanguage":"pl-PL","potentialAction":[{"@type":"ReadAction","target":["https:\/\/positiveprints.com\/pl\/produkt\/mama-kolaz-napis\/"]}]},{"@type":"ImageObject","inLanguage":"pl-PL","@id":"https:\/\/positiveprints.com\/pl\/produkt\/mama-kolaz-napis\/#primaryimage","url":"https:\/\/positiveprints.com\/wp-content\/uploads\/2024\/11\/Packshot_PL_Mom-Letter-Photo-Collage-product-image.webp","contentUrl":"https:\/\/positiveprints.com\/wp-content\/uploads\/2024\/11\/Packshot_PL_Mom-Letter-Photo-Collage-product-image.webp","width":1450,"height":1450},{"@type":"BreadcrumbList","@id":"https:\/\/positiveprints.com\/pl\/produkt\/mama-kolaz-napis\/#breadcrumb","itemListElement":[{"@type":"ListItem","position":1,"name":"Home","item":"https:\/\/positiveprints.com\/pl\/"},{"@type":"ListItem","position":2,"name":"Produkty","item":"https:\/\/positiveprints.com\/pl\/shop\/"},{"@type":"ListItem","position":3,"name":"Mama &#8211; Kola\u017c ze Zdj\u0119\u0107 w Formie Napisu"}]},{"@type":"WebSite","@id":"https:\/\/positiveprints.com\/pl\/#website","url":"https:\/\/positiveprints.com\/pl\/","name":"Positive Prints","description":"Amazing Custom Personalized Gifts","publisher":{"@id":"https:\/\/positiveprints.com\/pl\/#organization"},"potentialAction":[{"@type":"SearchAction","target":{"@type":"EntryPoint","urlTemplate":"https:\/\/positiveprints.com\/pl\/?s={search_term_string}"},"query-input":{"@type":"PropertyValueSpecification","valueRequired":true,"valueName":"search_term_string"}}],"inLanguage":"pl-PL"},{"@type":"Organization","@id":"https:\/\/positiveprints.com\/pl\/#organization","name":"Positive Prints","alternateName":"Positive Prints","url":"https:\/\/positiveprints.com\/pl\/","logo":{"@type":"ImageObject","inLanguage":"pl-PL","@id":"https:\/\/positiveprints.com\/pl\/#\/schema\/logo\/image\/","url":"https:\/\/positiveprints.com\/wp-content\/uploads\/2026\/03\/245815646_1337939713319158_5671353136411139666_n.png","contentUrl":"https:\/\/positiveprints.com\/wp-content\/uploads\/2026\/03\/245815646_1337939713319158_5671353136411139666_n.png","width":800,"height":800,"caption":"Positive Prints"},"image":{"@id":"https:\/\/positiveprints.com\/pl\/#\/schema\/logo\/image\/"},"sameAs":["https:\/\/www.facebook.com\/positiveprintscom","https:\/\/www.instagram.com\/positiveprintscom\/","https:\/\/www.tiktok.com\/@positiveprintscom","https:\/\/www.pinterest.com\/positiveprintscom\/"]}]}},"jetpack_sharing_enabled":true,"_links":{"self":[{"href":"https:\/\/positiveprints.com\/pl\/wp-json\/wp\/v2\/product\/591185","targetHints":{"allow":["GET"]}}],"collection":[{"href":"https:\/\/positiveprints.com\/pl\/wp-json\/wp\/v2\/product"}],"about":[{"href":"https:\/\/positiveprints.com\/pl\/wp-json\/wp\/v2\/types\/product"}],"wp:featuredmedia":[{"embeddable":true,"href":"https:\/\/positiveprints.com\/pl\/wp-json\/wp\/v2\/media\/1284112"}],"wp:attachment":[{"href":"https:\/\/positiveprints.com\/pl\/wp-json\/wp\/v2\/media?parent=591185"}],"wp:term":[{"taxonomy":"product_brand","embeddable":true,"href":"https:\/\/positiveprints.com\/pl\/wp-json\/wp\/v2\/product_brand?post=591185"},{"taxonomy":"product_cat","embeddable":true,"href":"https:\/\/positiveprints.com\/pl\/wp-json\/wp\/v2\/product_cat?post=591185"},{"taxonomy":"product_tag","embeddable":true,"href":"https:\/\/positiveprints.com\/pl\/wp-json\/wp\/v2\/product_tag?post=591185"}],"curies":[{"name":"wp","href":"https:\/\/api.w.org\/{rel}","templated":true}]}}