{"id":591093,"date":"2023-04-07T20:38:07","date_gmt":"2023-04-07T19:38:07","guid":{"rendered":"https:\/\/positiveprints.com\/?post_type=product&#038;p=591093"},"modified":"2026-04-03T03:19:03","modified_gmt":"2026-04-03T02:19:03","slug":"nasz-tata-potrojna-mapa-nieba","status":"publish","type":"product","link":"https:\/\/positiveprints.com\/pl\/produkt\/nasz-tata-potrojna-mapa-nieba\/","title":{"rendered":"Nasz Tata &#8211; Potr\u00f3jna Mapa Nieba"},"content":{"rendered":"<p style=\"margin-top: 1rem\">Nasz Tata &#8211; Potr\u00f3jna Mapa Nieba to najlepszy spersonalizowany prezent dla Twojego taty na ka\u017cd\u0105 specjaln\u0105 okazj\u0119! Niezale\u017cnie od tego, czy jest to Dzie\u0144 Ojca, jego urodziny czy Bo\u017ce Narodzenie, ten wyj\u0105tkowy wydruk z pewno\u015bci\u0105 sprawi, \u017ce ten dzie\u0144 b\u0119dzie niezapomniany.<\/p>\r\n\r\n\r\n<p style=\"margin-top: 1rem\">Ten plakat z trzema pi\u0119knymi mapami gwiazd mo\u017cna w pe\u0142ni dostosowa\u0107 do w\u0142asnych potrzeb. Na jednej z map widnieje data i miejsce urodzenia Twojego ojca, a dwie pozosta\u0142e mapy s\u0105 dedykowane Tobie i Twojemu rodze\u0144stwu.<\/p>\r\n\r\n\r\n<p style=\"margin-top: 1rem\">Dzi\u0119ki naszemu \u0142atwemu w obs\u0142udze edytorowi online masz swobod\u0119 wyboru spo\u015br\u00f3d szerokiej gamy wzor\u00f3w i kolor\u00f3w, aby stworzy\u0107 spersonalizowan\u0105 Potr\u00f3jn\u0105 Map\u0119 Nieba. Mo\u017cesz nawet do\u0142\u0105czy\u0107 osobist\u0105 wiadomo\u015b\u0107 lub cytat, aby prezent sta\u0142 si\u0119 jeszcze bardziej wyj\u0105tkowy.<\/p>\r\n\r\n\r\n<p style=\"margin-top: 1rem\">Po stworzeniu projektu mo\u017cesz wybra\u0107 rozmiar i format, kt\u00f3ry najlepiej odpowiada Twoim potrzebom. Oferujemy wydrukowane lub oprawione plakaty, p\u0142\u00f3tna lub plik do natychmiastowego pobrania cyfrowego, dzi\u0119ki czemu mo\u017cesz z \u0142atwo\u015bci\u0105 wybra\u0107 idealn\u0105 opcj\u0119. Podaruj swojemu tacie znacz\u0105cy i niezapomniany prezent &#8211; Potr\u00f3jn\u0105 Map\u0119 Nieba<\/p>","protected":false},"excerpt":{"rendered":"<ul class=\"check-list\">\n<li>Zaskocz swojego tat\u0119 personalizowanym prezentem, kt\u00f3ry poka\u017ce mu, jak wiele dla Ciebie znaczy<\/li>\n<li>Dodaj konstelacje i Drog\u0119 Mleczn\u0105<\/li>\n<li>Spersonalizuj w 3 prostych krokach<\/li>\n<li>Dodaj dedykacj\u0119 prosto z serca<\/li>\n<li>Interaktywny podgl\u0105d pozwoli dopracowa\u0107 ka\u017cdy szczeg\u00f3\u0142<\/li>\n<\/ul>\n","protected":false},"featured_media":1258675,"template":"","meta":[],"product_brand":[],"product_cat":[9102,99],"product_tag":[8556],"class_list":{"0":"post-591093","1":"product","2":"type-product","3":"status-publish","4":"has-post-thumbnail","6":"product_cat-trio-stars-pl","7":"product_cat-wszystkie-produkty","8":"product_tag-father-pl","10":"first","11":"instock","12":"sale","13":"taxable","14":"shipping-taxable","15":"purchasable","16":"product-type-variable"},"yoast_head":"<!-- This site is optimized with the Yoast SEO Premium plugin v27.2 (Yoast SEO v27.2) - https:\/\/yoast.com\/product\/yoast-seo-premium-wordpress\/ -->\n<title>Nasz Tata - Potr\u00f3jna Mapa Nieba - Positive Prints<\/title>\n<meta name=\"description\" content=\"Podaruj swojemu tacie oryginalny i wyj\u0105tkowy prezent, kt\u00f3ry b\u0119dzie ceniony przez d\u0142ugie lata. Zam\u00f3w teraz plakat &quot;Nasz Tata - Potr\u00f3jna Mapa Nieba&quot;\" \/>\n<meta name=\"robots\" content=\"index, follow, max-snippet:-1, max-image-preview:large, max-video-preview:-1\" \/>\n<link rel=\"canonical\" href=\"https:\/\/positiveprints.com\/pl\/produkt\/nasz-tata-potrojna-mapa-nieba\/\" \/>\n<meta property=\"og:locale\" content=\"pl_PL\" \/>\n<meta property=\"og:type\" content=\"article\" \/>\n<meta property=\"og:title\" content=\"Nasz Tata - Potr\u00f3jna Mapa Nieba\" \/>\n<meta property=\"og:description\" content=\"Zaskocz swojego tat\u0119 personalizowanym prezentem, kt\u00f3ry poka\u017ce mu, jak wiele dla Ciebie znaczy Dodaj konstelacje i Drog\u0119 Mleczn\u0105 Spersonalizuj w 3 prostych krokach Dodaj dedykacj\u0119 prosto z serca Interaktywny podgl\u0105d pozwoli dopracowa\u0107 ka\u017cdy szczeg\u00f3\u0142\" \/>\n<meta property=\"og:url\" content=\"https:\/\/positiveprints.com\/pl\/produkt\/nasz-tata-potrojna-mapa-nieba\/\" \/>\n<meta property=\"og:site_name\" content=\"Positive Prints\" \/>\n<meta property=\"article:publisher\" content=\"https:\/\/www.facebook.com\/positiveprintscom\" \/>\n<meta property=\"article:modified_time\" content=\"2026-04-03T02:19:03+00:00\" \/>\n<meta property=\"og:image\" content=\"https:\/\/positiveprints.com\/wp-content\/uploads\/2024\/11\/Packshot_PL_Our-Dad-Triple-Star-Map-product-image-.webp\" \/>\n\t<meta property=\"og:image:width\" content=\"1450\" \/>\n\t<meta property=\"og:image:height\" content=\"1450\" \/>\n\t<meta property=\"og:image:type\" content=\"image\/webp\" \/>\n<meta name=\"twitter:card\" content=\"summary_large_image\" \/>\n<meta name=\"twitter:label1\" content=\"Szacowany czas czytania\" \/>\n\t<meta name=\"twitter:data1\" content=\"1 minuta\" \/>\n<!-- \/ Yoast SEO Premium plugin. -->","yoast_head_json":{"title":"Nasz Tata - Potr\u00f3jna Mapa Nieba - Positive Prints","description":"Podaruj swojemu tacie oryginalny i wyj\u0105tkowy prezent, kt\u00f3ry b\u0119dzie ceniony przez d\u0142ugie lata. Zam\u00f3w teraz plakat \"Nasz Tata - Potr\u00f3jna Mapa Nieba\"","robots":{"index":"index","follow":"follow","max-snippet":"max-snippet:-1","max-image-preview":"max-image-preview:large","max-video-preview":"max-video-preview:-1"},"canonical":"https:\/\/positiveprints.com\/pl\/produkt\/nasz-tata-potrojna-mapa-nieba\/","og_locale":"pl_PL","og_type":"article","og_title":"Nasz Tata - Potr\u00f3jna Mapa Nieba","og_description":"Zaskocz swojego tat\u0119 personalizowanym prezentem, kt\u00f3ry poka\u017ce mu, jak wiele dla Ciebie znaczy Dodaj konstelacje i Drog\u0119 Mleczn\u0105 Spersonalizuj w 3 prostych krokach Dodaj dedykacj\u0119 prosto z serca Interaktywny podgl\u0105d pozwoli dopracowa\u0107 ka\u017cdy szczeg\u00f3\u0142","og_url":"https:\/\/positiveprints.com\/pl\/produkt\/nasz-tata-potrojna-mapa-nieba\/","og_site_name":"Positive Prints","article_publisher":"https:\/\/www.facebook.com\/positiveprintscom","article_modified_time":"2026-04-03T02:19:03+00:00","og_image":[{"width":1450,"height":1450,"url":"https:\/\/positiveprints.com\/wp-content\/uploads\/2024\/11\/Packshot_PL_Our-Dad-Triple-Star-Map-product-image-.webp","type":"image\/webp"}],"twitter_card":"summary_large_image","twitter_misc":{"Szacowany czas czytania":"1 minuta"},"schema":{"@context":"https:\/\/schema.org","@graph":[{"@type":["WebPage","ItemPage"],"@id":"https:\/\/positiveprints.com\/pl\/produkt\/nasz-tata-potrojna-mapa-nieba\/","url":"https:\/\/positiveprints.com\/pl\/produkt\/nasz-tata-potrojna-mapa-nieba\/","name":"Nasz Tata - Potr\u00f3jna Mapa Nieba - Positive Prints","isPartOf":{"@id":"https:\/\/positiveprints.com\/pl\/#website"},"primaryImageOfPage":{"@id":"https:\/\/positiveprints.com\/pl\/produkt\/nasz-tata-potrojna-mapa-nieba\/#primaryimage"},"image":{"@id":"https:\/\/positiveprints.com\/pl\/produkt\/nasz-tata-potrojna-mapa-nieba\/#primaryimage"},"thumbnailUrl":"https:\/\/positiveprints.com\/wp-content\/uploads\/2024\/11\/Packshot_PL_Our-Dad-Triple-Star-Map-product-image-.webp","datePublished":"2023-04-07T19:38:07+00:00","dateModified":"2026-04-03T02:19:03+00:00","description":"Podaruj swojemu tacie oryginalny i wyj\u0105tkowy prezent, kt\u00f3ry b\u0119dzie ceniony przez d\u0142ugie lata. Zam\u00f3w teraz plakat \"Nasz Tata - Potr\u00f3jna Mapa Nieba\"","breadcrumb":{"@id":"https:\/\/positiveprints.com\/pl\/produkt\/nasz-tata-potrojna-mapa-nieba\/#breadcrumb"},"inLanguage":"pl-PL","potentialAction":[{"@type":"ReadAction","target":["https:\/\/positiveprints.com\/pl\/produkt\/nasz-tata-potrojna-mapa-nieba\/"]}]},{"@type":"ImageObject","inLanguage":"pl-PL","@id":"https:\/\/positiveprints.com\/pl\/produkt\/nasz-tata-potrojna-mapa-nieba\/#primaryimage","url":"https:\/\/positiveprints.com\/wp-content\/uploads\/2024\/11\/Packshot_PL_Our-Dad-Triple-Star-Map-product-image-.webp","contentUrl":"https:\/\/positiveprints.com\/wp-content\/uploads\/2024\/11\/Packshot_PL_Our-Dad-Triple-Star-Map-product-image-.webp","width":1450,"height":1450},{"@type":"BreadcrumbList","@id":"https:\/\/positiveprints.com\/pl\/produkt\/nasz-tata-potrojna-mapa-nieba\/#breadcrumb","itemListElement":[{"@type":"ListItem","position":1,"name":"Home","item":"https:\/\/positiveprints.com\/pl\/"},{"@type":"ListItem","position":2,"name":"Produkty","item":"https:\/\/positiveprints.com\/pl\/shop\/"},{"@type":"ListItem","position":3,"name":"Nasz Tata &#8211; Potr\u00f3jna Mapa Nieba"}]},{"@type":"WebSite","@id":"https:\/\/positiveprints.com\/pl\/#website","url":"https:\/\/positiveprints.com\/pl\/","name":"Positive Prints","description":"Amazing Custom Personalized Gifts","publisher":{"@id":"https:\/\/positiveprints.com\/pl\/#organization"},"potentialAction":[{"@type":"SearchAction","target":{"@type":"EntryPoint","urlTemplate":"https:\/\/positiveprints.com\/pl\/?s={search_term_string}"},"query-input":{"@type":"PropertyValueSpecification","valueRequired":true,"valueName":"search_term_string"}}],"inLanguage":"pl-PL"},{"@type":"Organization","@id":"https:\/\/positiveprints.com\/pl\/#organization","name":"Positive Prints","alternateName":"Positive Prints","url":"https:\/\/positiveprints.com\/pl\/","logo":{"@type":"ImageObject","inLanguage":"pl-PL","@id":"https:\/\/positiveprints.com\/pl\/#\/schema\/logo\/image\/","url":"https:\/\/positiveprints.com\/wp-content\/uploads\/2026\/03\/245815646_1337939713319158_5671353136411139666_n.png","contentUrl":"https:\/\/positiveprints.com\/wp-content\/uploads\/2026\/03\/245815646_1337939713319158_5671353136411139666_n.png","width":800,"height":800,"caption":"Positive Prints"},"image":{"@id":"https:\/\/positiveprints.com\/pl\/#\/schema\/logo\/image\/"},"sameAs":["https:\/\/www.facebook.com\/positiveprintscom","https:\/\/www.instagram.com\/positiveprintscom\/","https:\/\/www.tiktok.com\/@positiveprintscom","https:\/\/www.pinterest.com\/positiveprintscom\/"]}]}},"jetpack_sharing_enabled":true,"_links":{"self":[{"href":"https:\/\/positiveprints.com\/pl\/wp-json\/wp\/v2\/product\/591093","targetHints":{"allow":["GET"]}}],"collection":[{"href":"https:\/\/positiveprints.com\/pl\/wp-json\/wp\/v2\/product"}],"about":[{"href":"https:\/\/positiveprints.com\/pl\/wp-json\/wp\/v2\/types\/product"}],"wp:featuredmedia":[{"embeddable":true,"href":"https:\/\/positiveprints.com\/pl\/wp-json\/wp\/v2\/media\/1258675"}],"wp:attachment":[{"href":"https:\/\/positiveprints.com\/pl\/wp-json\/wp\/v2\/media?parent=591093"}],"wp:term":[{"taxonomy":"product_brand","embeddable":true,"href":"https:\/\/positiveprints.com\/pl\/wp-json\/wp\/v2\/product_brand?post=591093"},{"taxonomy":"product_cat","embeddable":true,"href":"https:\/\/positiveprints.com\/pl\/wp-json\/wp\/v2\/product_cat?post=591093"},{"taxonomy":"product_tag","embeddable":true,"href":"https:\/\/positiveprints.com\/pl\/wp-json\/wp\/v2\/product_tag?post=591093"}],"curies":[{"name":"wp","href":"https:\/\/api.w.org\/{rel}","templated":true}]}}