{"id":591034,"date":"2023-04-07T13:29:53","date_gmt":"2023-04-07T12:29:53","guid":{"rendered":"https:\/\/positiveprints.com\/?post_type=product&#038;p=591034"},"modified":"2026-04-28T14:23:57","modified_gmt":"2026-04-28T13:23:57","slug":"potrojna-mapa-nieba-dla-taty","status":"publish","type":"product","link":"https:\/\/positiveprints.com\/pl\/produkt\/potrojna-mapa-nieba-dla-taty\/","title":{"rendered":"Potr\u00f3jna Mapa Nieba dla Taty"},"content":{"rendered":"<p style=\"margin-top: 1rem\">Potr\u00f3jna Mapa Nieba dla Taty to najlepszy spersonalizowany prezent dla ka\u017cdego ojca tr\u00f3jki dzieci na specjalne okazje! Niezale\u017cnie od tego, czy jest to Dzie\u0144 Ojca, jego urodziny czy Bo\u017ce Narodzenie, ten wyj\u0105tkowy wydruk z pewno\u015bci\u0105 pozostawi niezatarte wra\u017cenie.<\/p>\r\n\r\n\r\n<p style=\"margin-top: 1rem\">Ten prezent, zawieraj\u0105cy trzy pi\u0119kne mapy gwiazd na jednym plakacie, jest idealnym odzwierciedleniem nocnego nieba w dniu narodzin ka\u017cdego z jego trojga dzieci. Dzi\u0119ki mo\u017cliwo\u015bci uwzgl\u0119dnienia innych wa\u017cnych moment\u00f3w z jego \u017cycia, mo\u017cliwo\u015bci personalizacji s\u0105 nieograniczone.<\/p>\r\n\r\n\r\n<p style=\"margin-top: 1rem\">Korzystaj\u0105c z naszego \u0142atwego w u\u017cyciu edytora online, masz swobod\u0119 wyboru spo\u015br\u00f3d szerokiej gamy wzor\u00f3w i kolor\u00f3w, aby stworzy\u0107 wyj\u0105tkow\u0105 i osza\u0142amiaj\u0105c\u0105 Potr\u00f3jn\u0105 Map\u0119 Nieba dla Taty. Mo\u017cesz wybra\u0107 gotowe schematy kolor\u00f3w lub dobra\u0107 kolorystyk\u0119 samemu. Ponadto mo\u017cesz doda\u0107 osobisty akcent, do\u0142\u0105czaj\u0105c specjaln\u0105 wiadomo\u015b\u0107 lub cytat.<\/p>\r\n\r\n\r\n<p style=\"margin-top: 1rem\">Po zaprojektowaniu idealnej Potr\u00f3jnej Mapy Nieba dla Taty mo\u017cesz wybra\u0107 rozmiar i format, kt\u00f3ry najlepiej odpowiada Twoim potrzebom. Oferujemy wydrukowane lub oprawione plakaty, p\u0142\u00f3tna lub plik do natychmiastowego pobrania cyfrowego, dzi\u0119ki czemu mo\u017cesz z \u0142atwo\u015bci\u0105 wybra\u0107 idealn\u0105 opcj\u0119. Ten jedyny w swoim rodzaju prezent z pewno\u015bci\u0105 b\u0119dzie ceniony przez wiele lat i jest wspania\u0142ym sposobem na okazanie uznania dla wyj\u0105tkowego taty w Twoim \u017cyciu.<\/p>","protected":false},"excerpt":{"rendered":"<ul class=\"check-list\">\n<li>Dodaj konstelacje i Drog\u0119 Mleczn\u0105 <\/li>\n<li>Spersonalizuj w 3 prostych krokach<\/li>\n<li>Dodaj dedykacj\u0119 prosto z serca<\/li>\n<li>Interaktywny podgl\u0105d pozwoli dopracowa\u0107 ka\u017cdy szczeg\u00f3\u0142<\/li>\n<\/ul>\n","protected":false},"featured_media":1263504,"template":"","meta":[],"product_brand":[],"product_cat":[9102,99,7339,5271,11406,7978],"product_tag":[8556,11763],"class_list":{"0":"post-591034","1":"product","2":"type-product","3":"status-publish","4":"has-post-thumbnail","6":"product_cat-trio-stars-pl","7":"product_cat-wszystkie-produkty","8":"product_cat-prezenty-na-dzien-ojca","9":"product_cat-prezent-na-boze-narodzenie","10":"product_cat-prezenty-pod-choinke-dla-taty","11":"product_cat-prezent-dla-taty","12":"product_tag-father-pl","13":"product_tag-prezenty-pod-choinke-dla-taty","15":"first","16":"instock","17":"sale","18":"taxable","19":"shipping-taxable","20":"purchasable","21":"product-type-variable"},"yoast_head":"<!-- This site is optimized with the Yoast SEO Premium plugin v27.2 (Yoast SEO v27.2) - https:\/\/yoast.com\/product\/yoast-seo-premium-wordpress\/ -->\n<title>Potr\u00f3jna Mapa Nieba dla Taty - Positive Prints<\/title>\n<meta name=\"description\" content=\"Potr\u00f3jna Mapa Nieba dla Taty to wyj\u0105tkowy prezent i ponadczasowa pami\u0105tka, kt\u00f3ra przez lata b\u0119dzie przypomina\u0107 mu o Twojej wdzi\u0119czno\u015bci.\" \/>\n<meta name=\"robots\" content=\"index, follow, max-snippet:-1, max-image-preview:large, max-video-preview:-1\" \/>\n<link rel=\"canonical\" href=\"https:\/\/positiveprints.com\/pl\/produkt\/potrojna-mapa-nieba-dla-taty\/\" \/>\n<meta property=\"og:locale\" content=\"pl_PL\" \/>\n<meta property=\"og:type\" content=\"article\" \/>\n<meta property=\"og:title\" content=\"Potr\u00f3jna Mapa Nieba dla Taty\" \/>\n<meta property=\"og:description\" content=\"Dodaj konstelacje i Drog\u0119 Mleczn\u0105   Spersonalizuj w 3 prostych krokach  Dodaj dedykacj\u0119 prosto z serca  Interaktywny podgl\u0105d pozwoli dopracowa\u0107 ka\u017cdy szczeg\u00f3\u0142\" \/>\n<meta property=\"og:url\" content=\"https:\/\/positiveprints.com\/pl\/produkt\/potrojna-mapa-nieba-dla-taty\/\" \/>\n<meta property=\"og:site_name\" content=\"Positive Prints\" \/>\n<meta property=\"article:publisher\" content=\"https:\/\/www.facebook.com\/positiveprintscom\" \/>\n<meta property=\"article:modified_time\" content=\"2026-04-28T13:23:57+00:00\" \/>\n<meta property=\"og:image\" content=\"https:\/\/positiveprints.com\/wp-content\/uploads\/2024\/11\/Packshot_PL_Triple-Star-Map-for-Dad-product-image-.webp\" \/>\n\t<meta property=\"og:image:width\" content=\"1450\" \/>\n\t<meta property=\"og:image:height\" content=\"1450\" \/>\n\t<meta property=\"og:image:type\" content=\"image\/webp\" \/>\n<meta name=\"twitter:card\" content=\"summary_large_image\" \/>\n<!-- \/ Yoast SEO Premium plugin. -->","yoast_head_json":{"title":"Potr\u00f3jna Mapa Nieba dla Taty - Positive Prints","description":"Potr\u00f3jna Mapa Nieba dla Taty to wyj\u0105tkowy prezent i ponadczasowa pami\u0105tka, kt\u00f3ra przez lata b\u0119dzie przypomina\u0107 mu o Twojej wdzi\u0119czno\u015bci.","robots":{"index":"index","follow":"follow","max-snippet":"max-snippet:-1","max-image-preview":"max-image-preview:large","max-video-preview":"max-video-preview:-1"},"canonical":"https:\/\/positiveprints.com\/pl\/produkt\/potrojna-mapa-nieba-dla-taty\/","og_locale":"pl_PL","og_type":"article","og_title":"Potr\u00f3jna Mapa Nieba dla Taty","og_description":"Dodaj konstelacje i Drog\u0119 Mleczn\u0105   Spersonalizuj w 3 prostych krokach  Dodaj dedykacj\u0119 prosto z serca  Interaktywny podgl\u0105d pozwoli dopracowa\u0107 ka\u017cdy szczeg\u00f3\u0142","og_url":"https:\/\/positiveprints.com\/pl\/produkt\/potrojna-mapa-nieba-dla-taty\/","og_site_name":"Positive Prints","article_publisher":"https:\/\/www.facebook.com\/positiveprintscom","article_modified_time":"2026-04-28T13:23:57+00:00","og_image":[{"width":1450,"height":1450,"url":"https:\/\/positiveprints.com\/wp-content\/uploads\/2024\/11\/Packshot_PL_Triple-Star-Map-for-Dad-product-image-.webp","type":"image\/webp"}],"twitter_card":"summary_large_image","schema":{"@context":"https:\/\/schema.org","@graph":[{"@type":["WebPage","ItemPage"],"@id":"https:\/\/positiveprints.com\/pl\/produkt\/potrojna-mapa-nieba-dla-taty\/","url":"https:\/\/positiveprints.com\/pl\/produkt\/potrojna-mapa-nieba-dla-taty\/","name":"Potr\u00f3jna Mapa Nieba dla Taty - Positive Prints","isPartOf":{"@id":"https:\/\/positiveprints.com\/pl\/#website"},"primaryImageOfPage":{"@id":"https:\/\/positiveprints.com\/pl\/produkt\/potrojna-mapa-nieba-dla-taty\/#primaryimage"},"image":{"@id":"https:\/\/positiveprints.com\/pl\/produkt\/potrojna-mapa-nieba-dla-taty\/#primaryimage"},"thumbnailUrl":"https:\/\/positiveprints.com\/wp-content\/uploads\/2024\/11\/Packshot_PL_Triple-Star-Map-for-Dad-product-image-.webp","datePublished":"2023-04-07T12:29:53+00:00","dateModified":"2026-04-28T13:23:57+00:00","description":"Potr\u00f3jna Mapa Nieba dla Taty to wyj\u0105tkowy prezent i ponadczasowa pami\u0105tka, kt\u00f3ra przez lata b\u0119dzie przypomina\u0107 mu o Twojej wdzi\u0119czno\u015bci.","breadcrumb":{"@id":"https:\/\/positiveprints.com\/pl\/produkt\/potrojna-mapa-nieba-dla-taty\/#breadcrumb"},"inLanguage":"pl-PL","potentialAction":[{"@type":"ReadAction","target":["https:\/\/positiveprints.com\/pl\/produkt\/potrojna-mapa-nieba-dla-taty\/"]}]},{"@type":"ImageObject","inLanguage":"pl-PL","@id":"https:\/\/positiveprints.com\/pl\/produkt\/potrojna-mapa-nieba-dla-taty\/#primaryimage","url":"https:\/\/positiveprints.com\/wp-content\/uploads\/2024\/11\/Packshot_PL_Triple-Star-Map-for-Dad-product-image-.webp","contentUrl":"https:\/\/positiveprints.com\/wp-content\/uploads\/2024\/11\/Packshot_PL_Triple-Star-Map-for-Dad-product-image-.webp","width":1450,"height":1450},{"@type":"BreadcrumbList","@id":"https:\/\/positiveprints.com\/pl\/produkt\/potrojna-mapa-nieba-dla-taty\/#breadcrumb","itemListElement":[{"@type":"ListItem","position":1,"name":"Home","item":"https:\/\/positiveprints.com\/pl\/"},{"@type":"ListItem","position":2,"name":"Produkty","item":"https:\/\/positiveprints.com\/pl\/shop\/"},{"@type":"ListItem","position":3,"name":"Potr\u00f3jna Mapa Nieba dla Taty"}]},{"@type":"WebSite","@id":"https:\/\/positiveprints.com\/pl\/#website","url":"https:\/\/positiveprints.com\/pl\/","name":"Positive Prints","description":"Amazing Custom Personalized Gifts","publisher":{"@id":"https:\/\/positiveprints.com\/pl\/#organization"},"potentialAction":[{"@type":"SearchAction","target":{"@type":"EntryPoint","urlTemplate":"https:\/\/positiveprints.com\/pl\/?s={search_term_string}"},"query-input":{"@type":"PropertyValueSpecification","valueRequired":true,"valueName":"search_term_string"}}],"inLanguage":"pl-PL"},{"@type":"Organization","@id":"https:\/\/positiveprints.com\/pl\/#organization","name":"Positive Prints","alternateName":"Positive Prints","url":"https:\/\/positiveprints.com\/pl\/","logo":{"@type":"ImageObject","inLanguage":"pl-PL","@id":"https:\/\/positiveprints.com\/pl\/#\/schema\/logo\/image\/","url":"https:\/\/positiveprints.com\/wp-content\/uploads\/2026\/03\/245815646_1337939713319158_5671353136411139666_n.png","contentUrl":"https:\/\/positiveprints.com\/wp-content\/uploads\/2026\/03\/245815646_1337939713319158_5671353136411139666_n.png","width":800,"height":800,"caption":"Positive Prints"},"image":{"@id":"https:\/\/positiveprints.com\/pl\/#\/schema\/logo\/image\/"},"sameAs":["https:\/\/www.facebook.com\/positiveprintscom","https:\/\/www.instagram.com\/positiveprintscom\/","https:\/\/www.tiktok.com\/@positiveprintscom","https:\/\/www.pinterest.com\/positiveprintscom\/"]}]}},"jetpack_sharing_enabled":true,"_links":{"self":[{"href":"https:\/\/positiveprints.com\/pl\/wp-json\/wp\/v2\/product\/591034","targetHints":{"allow":["GET"]}}],"collection":[{"href":"https:\/\/positiveprints.com\/pl\/wp-json\/wp\/v2\/product"}],"about":[{"href":"https:\/\/positiveprints.com\/pl\/wp-json\/wp\/v2\/types\/product"}],"wp:featuredmedia":[{"embeddable":true,"href":"https:\/\/positiveprints.com\/pl\/wp-json\/wp\/v2\/media\/1263504"}],"wp:attachment":[{"href":"https:\/\/positiveprints.com\/pl\/wp-json\/wp\/v2\/media?parent=591034"}],"wp:term":[{"taxonomy":"product_brand","embeddable":true,"href":"https:\/\/positiveprints.com\/pl\/wp-json\/wp\/v2\/product_brand?post=591034"},{"taxonomy":"product_cat","embeddable":true,"href":"https:\/\/positiveprints.com\/pl\/wp-json\/wp\/v2\/product_cat?post=591034"},{"taxonomy":"product_tag","embeddable":true,"href":"https:\/\/positiveprints.com\/pl\/wp-json\/wp\/v2\/product_tag?post=591034"}],"curies":[{"name":"wp","href":"https:\/\/api.w.org\/{rel}","templated":true}]}}