{"id":590660,"date":"2023-04-13T13:48:42","date_gmt":"2023-04-13T12:48:42","guid":{"rendered":"https:\/\/positiveprints.com\/product\/babcia-kolaz-ze-zdjec-w-formie-napisu\/"},"modified":"2026-04-12T22:30:08","modified_gmt":"2026-04-12T21:30:08","slug":"kolaz-napis-babcia","status":"publish","type":"product","link":"https:\/\/positiveprints.com\/pl\/produkt\/kolaz-napis-babcia\/","title":{"rendered":"Babcia &#8211; Kola\u017c ze Zdj\u0119\u0107"},"content":{"rendered":"&nbsp;\r\n<p style=\"margin-top: 1rem;\">Wykorzystaj Babcia &#8211; Kola\u017c ze Zdj\u0119\u0107 w Formie, aby \u015bwi\u0119towa\u0107 szczeg\u00f3ln\u0105 wi\u0119\u017a mi\u0119dzy babci\u0105 a wnukami i wnuczkami. Ten spersonalizowany prezent pozwala stworzy\u0107 pi\u0119kny i sentymentalny kola\u017c wykonany z twoich ulubionych zdj\u0119\u0107. Nadaj mu kszta\u0142t s\u0142owa &#8220;babcia&#8221;, \u017ceby stworzy\u0107 wyj\u0105tkowy prezent dla babci. Lub, je\u015bli wolisz, mo\u017cesz u\u017cy\u0107 innego s\u0142owa, aby pasowa\u0142y do imienia babci lub okre\u015blenia jakiego u\u017cywasz, takiego jak \u201eBunia\u201d lub \u201eBabunia\u201d.<\/p>\r\n<p style=\"margin-top: 1rem;\">Aby stworzy\u0107 w\u0142asny Kola\u017c ze Zdj\u0119\u0107 w Formie Napisu, udaj si\u0119 prosto do naszego edytora online i prze\u015blij swoje ulubione zdj\u0119cia. Ka\u017cda litera wybranego s\u0142owa zostanie wykonana z wybranych zdj\u0119\u0107, tworz\u0105c wyj\u0105tkowy, spersonalizowany i szczery prezent. Mo\u017cesz wybiera\u0107 spo\u015br\u00f3d r\u00f3\u017cnych format\u00f3w wydruku, w tym plakat\u00f3w, wydruk\u00f3w na p\u0142\u00f3tnie lub w ramkach, lub cyfrowych plik\u00f3w do samodzielnego wydrukowania.<\/p>\r\n<p style=\"margin-top: 1rem;\">Przy tworzeniu plakat\u00f3w i obraz\u00f3w korzystamy z wysokiej jako\u015bci materia\u0142\u00f3w i technologii druku. Dlatego mo\u017cesz mie\u0107 pewno\u015b\u0107, \u017ce produkt ko\u0144cowy b\u0119dzie wygl\u0105da\u0142 osza\u0142amiaj\u0105co i profesjonalnie. To prezent, kt\u00f3ry z pewno\u015bci\u0105 wywo\u0142a u\u015bmiech na twarzy babci i b\u0119dzie pi\u0119knym przypomnieniem cennych chwil, kt\u00f3re sp\u0119dzili\u015bcie razem.<\/p>\r\n<p style=\"margin-top: 1rem;\">Niezale\u017cnie od tego, czy szukasz prezentu na urodziny swojej babci, <a href=\"https:\/\/positiveprints.com\/pl\/prezenty-na-dzien-matki\/\">Dzie\u0144 Matki<\/a> czy inn\u0105 specjaln\u0105 okazj\u0119, Babcia &#8211; Kola\u017c ze Zdj\u0119\u0107 w Formie Napisu to idealny prezent, kt\u00f3ry b\u0119dzie dla niej skarbem na zawsze. To sentymentalny i wyj\u0105tkowy spos\u00f3b na uczczenie szczeg\u00f3lnej wi\u0119zi z babci\u0105 i pokazanie jej, jak wiele dla Ciebie znaczy. Z Positive Prints,stworzenie pi\u0119knego Kola\u017cu ze Zdj\u0119\u0107 w Formie Napisu Babci, nigdy nie by\u0142o prostsze!<\/p>","protected":false},"excerpt":{"rendered":"<ul class=\"check-list\">\n<li>Prze\u015blij ulubione zdj\u0119cia<\/li>\n<li>Dodaj dedykacj\u0119 od serca<\/li>\n<li>Spersonalizuj projekt w 3 prostych krokach<\/li>\n<li>Interaktywny podgl\u0105d pozwoli dopracowa\u0107 ka\u017cdy szczeg\u00f3\u0142<\/li>\n<\/ul>\n","protected":false},"featured_media":1670295,"template":"","meta":[],"product_brand":[],"product_cat":[9279,7723,11408,9003,8829,5271,99],"product_tag":[9453,8586,15726,11777],"class_list":{"0":"post-590660","1":"product","2":"type-product","3":"status-publish","4":"has-post-thumbnail","6":"product_cat-bestsellers-label-pl","7":"product_cat-prezent-dla-babci","8":"product_cat-prezenty-pod-choinke-dla-babci","9":"product_cat-dzien-babci-i-dziadka","10":"product_cat-kolaz-ze-zdjec-w-formie-napisu","11":"product_cat-prezent-na-boze-narodzenie","12":"product_cat-wszystkie-produkty","13":"product_tag-babcia","14":"product_tag-babunia","15":"product_tag-christmas-present-pl","16":"product_tag-prezenty-pod-choinke-dla-babci","18":"first","19":"instock","20":"sale","21":"taxable","22":"shipping-taxable","23":"purchasable","24":"product-type-variable"},"yoast_head":"<!-- This site is optimized with the Yoast SEO Premium plugin v27.2 (Yoast SEO v27.2) - https:\/\/yoast.com\/product\/yoast-seo-premium-wordpress\/ -->\n<title>Babcia - Kola\u017c ze Zdj\u0119\u0107 - Positive Print<\/title>\n<meta name=\"description\" content=\"Podaruj wyj\u0105tkowy prezent dla babci. Kola\u017c ze zdj\u0119\u0107 uk\u0142adaj\u0105cych si\u0119 w napis, pe\u0142en mi\u0142o\u015bci i wdzi\u0119czno\u015bci za lata troski, mi\u0142o\u015bci i dobroci.\" \/>\n<meta name=\"robots\" content=\"index, follow, max-snippet:-1, max-image-preview:large, max-video-preview:-1\" \/>\n<link rel=\"canonical\" href=\"https:\/\/positiveprints.com\/pl\/produkt\/kolaz-napis-babcia\/\" \/>\n<meta property=\"og:locale\" content=\"pl_PL\" \/>\n<meta property=\"og:type\" content=\"article\" \/>\n<meta property=\"og:title\" content=\"Babcia - Kola\u017c ze Zdj\u0119\u0107\" \/>\n<meta property=\"og:description\" content=\"Prze\u015blij ulubione zdj\u0119cia  Dodaj dedykacj\u0119 od serca  Spersonalizuj projekt w 3 prostych krokach  Interaktywny podgl\u0105d pozwoli dopracowa\u0107 ka\u017cdy szczeg\u00f3\u0142\" \/>\n<meta property=\"og:url\" content=\"https:\/\/positiveprints.com\/pl\/produkt\/kolaz-napis-babcia\/\" \/>\n<meta property=\"og:site_name\" content=\"Positive Prints\" \/>\n<meta property=\"article:publisher\" content=\"https:\/\/www.facebook.com\/positiveprintscom\" \/>\n<meta property=\"article:modified_time\" content=\"2026-04-12T21:30:08+00:00\" \/>\n<meta property=\"og:image\" content=\"https:\/\/positiveprints.com\/wp-content\/uploads\/2025\/03\/Packshot_PL_Babcia.webp\" \/>\n\t<meta property=\"og:image:width\" content=\"1450\" \/>\n\t<meta property=\"og:image:height\" content=\"1450\" \/>\n\t<meta property=\"og:image:type\" content=\"image\/webp\" \/>\n<meta name=\"twitter:card\" content=\"summary_large_image\" \/>\n<meta name=\"twitter:label1\" content=\"Szacowany czas czytania\" \/>\n\t<meta name=\"twitter:data1\" content=\"2 minuty\" \/>\n<!-- \/ Yoast SEO Premium plugin. -->","yoast_head_json":{"title":"Babcia - Kola\u017c ze Zdj\u0119\u0107 - Positive Print","description":"Podaruj wyj\u0105tkowy prezent dla babci. Kola\u017c ze zdj\u0119\u0107 uk\u0142adaj\u0105cych si\u0119 w napis, pe\u0142en mi\u0142o\u015bci i wdzi\u0119czno\u015bci za lata troski, mi\u0142o\u015bci i dobroci.","robots":{"index":"index","follow":"follow","max-snippet":"max-snippet:-1","max-image-preview":"max-image-preview:large","max-video-preview":"max-video-preview:-1"},"canonical":"https:\/\/positiveprints.com\/pl\/produkt\/kolaz-napis-babcia\/","og_locale":"pl_PL","og_type":"article","og_title":"Babcia - Kola\u017c ze Zdj\u0119\u0107","og_description":"Prze\u015blij ulubione zdj\u0119cia  Dodaj dedykacj\u0119 od serca  Spersonalizuj projekt w 3 prostych krokach  Interaktywny podgl\u0105d pozwoli dopracowa\u0107 ka\u017cdy szczeg\u00f3\u0142","og_url":"https:\/\/positiveprints.com\/pl\/produkt\/kolaz-napis-babcia\/","og_site_name":"Positive Prints","article_publisher":"https:\/\/www.facebook.com\/positiveprintscom","article_modified_time":"2026-04-12T21:30:08+00:00","og_image":[{"width":1450,"height":1450,"url":"https:\/\/positiveprints.com\/wp-content\/uploads\/2025\/03\/Packshot_PL_Babcia.webp","type":"image\/webp"}],"twitter_card":"summary_large_image","twitter_misc":{"Szacowany czas czytania":"2 minuty"},"schema":{"@context":"https:\/\/schema.org","@graph":[{"@type":["WebPage","ItemPage"],"@id":"https:\/\/positiveprints.com\/pl\/produkt\/kolaz-napis-babcia\/","url":"https:\/\/positiveprints.com\/pl\/produkt\/kolaz-napis-babcia\/","name":"Babcia - Kola\u017c ze Zdj\u0119\u0107 - Positive Print","isPartOf":{"@id":"https:\/\/positiveprints.com\/pl\/#website"},"primaryImageOfPage":{"@id":"https:\/\/positiveprints.com\/pl\/produkt\/kolaz-napis-babcia\/#primaryimage"},"image":{"@id":"https:\/\/positiveprints.com\/pl\/produkt\/kolaz-napis-babcia\/#primaryimage"},"thumbnailUrl":"https:\/\/positiveprints.com\/wp-content\/uploads\/2026\/03\/babcia_PL.webp","datePublished":"2023-04-13T12:48:42+00:00","dateModified":"2026-04-12T21:30:08+00:00","description":"Podaruj wyj\u0105tkowy prezent dla babci. Kola\u017c ze zdj\u0119\u0107 uk\u0142adaj\u0105cych si\u0119 w napis, pe\u0142en mi\u0142o\u015bci i wdzi\u0119czno\u015bci za lata troski, mi\u0142o\u015bci i dobroci.","breadcrumb":{"@id":"https:\/\/positiveprints.com\/pl\/produkt\/kolaz-napis-babcia\/#breadcrumb"},"inLanguage":"pl-PL","potentialAction":[{"@type":"ReadAction","target":["https:\/\/positiveprints.com\/pl\/produkt\/kolaz-napis-babcia\/"]}]},{"@type":"ImageObject","inLanguage":"pl-PL","@id":"https:\/\/positiveprints.com\/pl\/produkt\/kolaz-napis-babcia\/#primaryimage","url":"https:\/\/positiveprints.com\/wp-content\/uploads\/2026\/03\/babcia_PL.webp","contentUrl":"https:\/\/positiveprints.com\/wp-content\/uploads\/2026\/03\/babcia_PL.webp","width":1450,"height":1450},{"@type":"BreadcrumbList","@id":"https:\/\/positiveprints.com\/pl\/produkt\/kolaz-napis-babcia\/#breadcrumb","itemListElement":[{"@type":"ListItem","position":1,"name":"Home","item":"https:\/\/positiveprints.com\/pl\/"},{"@type":"ListItem","position":2,"name":"Produkty","item":"https:\/\/positiveprints.com\/pl\/shop\/"},{"@type":"ListItem","position":3,"name":"Babcia &#8211; Kola\u017c ze Zdj\u0119\u0107"}]},{"@type":"WebSite","@id":"https:\/\/positiveprints.com\/pl\/#website","url":"https:\/\/positiveprints.com\/pl\/","name":"Positive Prints","description":"Amazing Custom Personalized Gifts","publisher":{"@id":"https:\/\/positiveprints.com\/pl\/#organization"},"potentialAction":[{"@type":"SearchAction","target":{"@type":"EntryPoint","urlTemplate":"https:\/\/positiveprints.com\/pl\/?s={search_term_string}"},"query-input":{"@type":"PropertyValueSpecification","valueRequired":true,"valueName":"search_term_string"}}],"inLanguage":"pl-PL"},{"@type":"Organization","@id":"https:\/\/positiveprints.com\/pl\/#organization","name":"Positive Prints","alternateName":"Positive Prints","url":"https:\/\/positiveprints.com\/pl\/","logo":{"@type":"ImageObject","inLanguage":"pl-PL","@id":"https:\/\/positiveprints.com\/pl\/#\/schema\/logo\/image\/","url":"https:\/\/positiveprints.com\/wp-content\/uploads\/2026\/03\/245815646_1337939713319158_5671353136411139666_n.png","contentUrl":"https:\/\/positiveprints.com\/wp-content\/uploads\/2026\/03\/245815646_1337939713319158_5671353136411139666_n.png","width":800,"height":800,"caption":"Positive Prints"},"image":{"@id":"https:\/\/positiveprints.com\/pl\/#\/schema\/logo\/image\/"},"sameAs":["https:\/\/www.facebook.com\/positiveprintscom","https:\/\/www.instagram.com\/positiveprintscom\/","https:\/\/www.tiktok.com\/@positiveprintscom","https:\/\/www.pinterest.com\/positiveprintscom\/"]}]}},"jetpack_sharing_enabled":true,"_links":{"self":[{"href":"https:\/\/positiveprints.com\/pl\/wp-json\/wp\/v2\/product\/590660","targetHints":{"allow":["GET"]}}],"collection":[{"href":"https:\/\/positiveprints.com\/pl\/wp-json\/wp\/v2\/product"}],"about":[{"href":"https:\/\/positiveprints.com\/pl\/wp-json\/wp\/v2\/types\/product"}],"wp:featuredmedia":[{"embeddable":true,"href":"https:\/\/positiveprints.com\/pl\/wp-json\/wp\/v2\/media\/1670295"}],"wp:attachment":[{"href":"https:\/\/positiveprints.com\/pl\/wp-json\/wp\/v2\/media?parent=590660"}],"wp:term":[{"taxonomy":"product_brand","embeddable":true,"href":"https:\/\/positiveprints.com\/pl\/wp-json\/wp\/v2\/product_brand?post=590660"},{"taxonomy":"product_cat","embeddable":true,"href":"https:\/\/positiveprints.com\/pl\/wp-json\/wp\/v2\/product_cat?post=590660"},{"taxonomy":"product_tag","embeddable":true,"href":"https:\/\/positiveprints.com\/pl\/wp-json\/wp\/v2\/product_tag?post=590660"}],"curies":[{"name":"wp","href":"https:\/\/api.w.org\/{rel}","templated":true}]}}