{"id":56636,"date":"2021-04-12T08:31:51","date_gmt":"2021-04-12T07:31:51","guid":{"rendered":"https:\/\/positiveprints.com\/?post_type=product&#038;p=56636"},"modified":"2026-04-18T09:09:35","modified_gmt":"2026-04-18T08:09:35","slug":"historia-naszej-milosci","status":"publish","type":"product","link":"https:\/\/positiveprints.com\/pl\/produkt\/historia-naszej-milosci\/","title":{"rendered":"Historia Naszej Mi\u0142o\u015bci"},"content":{"rendered":"<p>Opowiedz Wasz\u0105 histori\u0119 w oryginalny spos\u00f3b \u2013 zaprojektuj plakat z trzema mapami:  miejsca pierwszego spotkania, zar\u0119czyn oraz \u015blubu. <\/p>\r\n\r\n<p style=\"margin-top: 1rem\">Pierwsze spotkanie. Moment zakochania. Zar\u0119czyny. Jako para ma\u0142\u017ce\u0144ska lubicie wraca\u0107 my\u015blami do tak wa\u017cnych moment\u00f3w, kt\u00f3re ukszta\u0142towa\u0142y Wasze \u017cycie. Wiele zakochanych par na ca\u0142ym \u015bwiecie idzie bardzo podobn\u0105 drog\u0105, a jednak ka\u017cda historia r\u00f3\u017cni si\u0119 od siebie. Poznaj spos\u00f3b na to, jak uwieczni\u0107 Wasz\u0105 wyj\u0105tkow\u0105 histori\u0119 w unikalny spos\u00f3b: zaprojektuj potr\u00f3jn\u0105 map\u0119 Historia Naszej Mi\u0142o\u015bci.<\/p>\r\n\r\n<h2 class=\"grenB f24 cblue\" style=\"margin-top: 3rem\">Czym jest Historia Naszej Mi\u0142o\u015bci \u2013 Potr\u00f3jna Mapa?<\/h2>\r\n\r\n<p style=\"margin-top: 1rem\">To wizualna wersja pami\u0119tnika, z opisan\u0105 histori\u0105 Waszego zwi\u0105zku. Od miejsca pierwszego spotkania, przez miejscowo\u015b\u0107, w kt\u00f3rej si\u0119 zar\u0119czyli\u015bcie, a\u017c do dnia i miejsca, gdzie powiedzieli\u015bcie sobie sakramentalne TAK. <\/p>\r\n\r\n<p style=\"margin-top: 1rem\">Z ka\u017cdym spojrzeniem na plakat z mapami, powr\u00f3c\u0105 najpi\u0119kniejsze wspomnienia i najbardziej wzruszaj\u0105ce chwile, jakie prze\u017cyli\u015bcie we dwoje. Zam\u00f3w potr\u00f3jn\u0105 map\u0119 plakat Historia Naszej Mi\u0142o\u015bci na prezent dla swojej drugiej po\u0142\u00f3wki lub jako ujmuj\u0105cy podarunek dla najbli\u017cszej Twemu sercu pary zakochanych. <\/p>\r\n\r\n<h2 class=\"grenB f24 cblue\" style=\"margin-top: 3rem\">Dlaczego potr\u00f3jna mapa Historia Naszej Mi\u0142o\u015bci to prezent idealny? <\/h2>\r\n\r\n<p style=\"margin-top: 1rem\">Bez owijania w bawe\u0142n\u0119: p\u00f3j\u015bcie do sklepu i wybranie prezentu, kt\u00f3ry nast\u0119pnie kto\u015b zapakuje dla Ciebie to nie s\u0105 wy\u017cyny kreatywno\u015bci. I nie zrozum nas \u017ale: nie ma nic z\u0142ego w obdarowywaniu bliskich Ci os\u00f3b prezentami prosto z galerii handlowej. Pod warunkiem, \u017ce to co\u015b, o czym marz\u0105 i z czego faktycznie zrobi\u0105 po\u017cytek. <\/p>\r\n\r\n<p style=\"margin-top: 1rem\">To spersonalizowane i przemy\u015blane prezenty zostaj\u0105 jednak w pami\u0119ci na lata. Sam wysi\u0142ek i kreatywno\u015b\u0107 w\u0142o\u017cone w przygotowanie takiego podarunku pozostan\u0105 nieocenione. \r\nZa\u0142o\u017cymy si\u0119, \u017ce Tw\u00f3j partner nie spodziewa si\u0119 prezentu, kt\u00f3ry przedstawi histori\u0119 Waszej mi\u0142o\u015bci w taki spos\u00f3b. <\/p>\r\n\r\n<p style=\"margin-top: 1rem\">Po kilku latach dzia\u0142alno\u015bci w bran\u017cy prezentowej mo\u017cemy z dum\u0105 powiedzie\u0107, \u017ce Positive Prints rozwija kreatywno\u015b\u0107 swoich Klient\u00f3w oraz inspiruje do wybierania spersonalizowanych podarunk\u00f3w. Chcemy, aby Twoje prezenty wzbudza\u0142y emocje, zaskakiwa\u0142y i rozczuli\u0142y osob\u0119 obdarowan\u0105. <\/p>\r\n\r\n<p style=\"margin-top: 1rem\">Zapewniamy, \u017ce ka\u017cdy plakat z potr\u00f3jn\u0105 map\u0105 Historia Naszej Mi\u0142o\u015bci b\u0119dzie jedyny w swoim rodzaju tak, jak unikalna jest historia, jak\u0105 ma do opowiedzenia ka\u017cda z zakochanych par. <\/p>\r\n\r\n<h2 class=\"grenB f24 cblue\" style=\"margin-top: 3rem\">Jak zaprojektowa\u0107 potr\u00f3jn\u0105 map\u0119 Historia Naszej Mi\u0142o\u015bci?<\/h2>\r\n\r\n<p style=\"margin-top: 1rem\">Ka\u017cda z map, wchodz\u0105ca w sk\u0142ad Historii Naszej Mi\u0142o\u015bci jest projektowana oddzielnie, ale wszystkie trzy tworz\u0105 na jednym plakacie zgrabnie opowiedzian\u0105 histori\u0119 Waszego zwi\u0105zku. Dzi\u0119ki najnowocze\u015bniejszej technologii GPS, detale na mapach s\u0105 precyzyjnie oddane, dok\u0142adnie odzwierciedlaj\u0105 kluczowe dla Was miejsca na ziemi. <br><br>Sprawd\u017a, jak krok po kroku zaprojektowa\u0107 potr\u00f3jn\u0105 map\u0119 plakat:<\/p>\r\n\r\n<h3 class=\"grenB f18 cblue\" style=\"margin-top: 3rem\">Krok 1: Wybierz wersj\u0119 kolorystyczn\u0105<\/h3>\r\n\r\n<p style=\"margin-top: 1rem\">Doskonale zdajemy sobie spraw\u0119, \u017ce gusta s\u0105 r\u00f3\u017cne. Dlatego oferujemy kilka wersji kolorystycznych, aby ka\u017cdy m\u00f3g\u0142 znale\u017a\u0107 co\u015b dla siebie. Dla mocno kreatywnych os\u00f3b przygotowali\u015bmy co\u015b specjalnego: poczuj si\u0119 jak artysta i wybierz opcj\u0119 custom, kt\u00f3ra pozwoli Ci na samodzielny dob\u00f3r kolorystyki.  <\/p>\r\n\r\n<p style=\"margin-top: 1rem\">Wszystkie zmiany dokonywane w kreatorze s\u0105 widoczne w podgl\u0105dzie na \u017cywo, co sprawi, \u017ce od razu zobaczysz  jak wygl\u0105daj\u0105 Twoje mapy i jak tworz\u0105 ca\u0142o\u015b\u0107. <\/p>\r\n\r\n<h3 class=\"grenB f18 cblue\" style=\"margin-top: 3rem\">Krok 2: Wprowad\u017a szczeg\u00f3\u0142y<\/h3>\r\n\r\n<p style=\"margin-top: 1rem\">Opr\u00f3cz samych map, na Historii Naszej Mi\u0142o\u015bci mo\u017cesz r\u00f3wnie\u017c wypisa\u0107 detale, zwi\u0105zane z danym wydarzeniem oraz lokalizacj\u0105. Podaj daty Waszego pierwszego spotkania, zar\u0119czyn oraz \u015blubu. Do ka\u017cdego wa\u017cnego momentu jako wisienk\u0119 na torcie mo\u017cesz do\u0142\u0105czy\u0107 cytat lub w\u0142asny przekaz. Spersonalizuj je dok\u0142adnie tak jak chcesz!<\/p>\r\n\r\n<h3 class=\"grenB f18 cblue\" style=\"margin-top: 3rem\">Krok 3: Wybierz format<\/h3>\r\n\r\n<p style=\"margin-top: 1rem\">Na Positive Prints dost\u0119pnych jest zwykle wiele opcji format\u00f3w i sposob\u00f3w dostawy. Nie inaczej jest w tym przypadku\u263a Je\u015bli marz\u0105 CI si\u0119 profesjonalne wydruki, wybierz opcj\u0119 drukowanego plakatu. Nasze plakaty drukujemy na wysokiej jako\u015bci papierze, du\u017c\u0105 uwag\u0119 przyk\u0142adaj\u0105c do szczeg\u00f3\u0142\u00f3w oraz kolorystyki. Wydruk na p\u0142\u00f3tnie to kolejny format, kt\u00f3ry przygotujemy dla Ciebie w najdrobniejszych detalach tak, aby pi\u0119knie prezentowa\u0142 si\u0119 na \u015bcianie w Twoim domu. Je\u015bli szukasz opcji, kt\u00f3ra najlepiej nada si\u0119 na prezent wybierz plakat z ram\u0105 \u2013 nie b\u0119dziesz musia\u0142 martwi\u0107 si\u0119 ju\u017c o nic wi\u0119cej! <\/p>\r\n\r\n<p style=\"margin-top: 1rem\">Je\u015bli obudzi\u0142e\u015b si\u0119 ciut za p\u00f3\u017ano z wymy\u015bleniem perfekcyjnego prezentu dla swojej drugiej po\u0142\u00f3wki, nic straconego! Wybierz wersj\u0119 cyfrow\u0105 i wydrukuj plakat samodzielnie, nawet tego samego dnia. <\/p>\r\n\r\n<p style=\"margin-top: 1rem\">Przejrzyj opcje rozmiar\u00f3w i orientacji plakat\u00f3w, aby dobra\u0107 taki, kt\u00f3ry najlepiej wpasuje si\u0119 w Twoje oczekiwania! \r\n<\/p>\r\n\r\n\r\n<h2 class=\"grenB f24 cblue\" style=\"margin-top: 3rem\">Spraw swojej mi\u0142o\u015bci niespodziank\u0119 w postaci potr\u00f3jnej mapy Historia Naszej Mi\u0142o\u015bci!<\/h2>\r\n\r\n<p style=\"margin-top: 1rem\">Potr\u00f3jna mapa plakat Historia Naszej Mi\u0142o\u015bci to idealny prezent na wiele okazji. Wybierz go jako oryginalny podarunek na urodziny, rocznic\u0119, \u015awi\u0119ta lub po prostu, aby sprawi\u0107 rado\u015b\u0107 swojej drugiej po\u0142\u00f3wce. To doskona\u0142y pomys\u0142 na prezent, zw\u0142aszcza dla tych kt\u00f3rzy maj\u0105 wszystko, nie potrzebuj\u0105 niczego wi\u0119cej lub po prostu uwielbiaj\u0105 oryginalne niespodzianki, kt\u00f3re chwytaj\u0105 za serce!<\/p>","protected":false},"excerpt":{"rendered":"<ul class=\"check-list\">\n<li>Wyr\u00f3\u017cnij szczeg\u00f3lne lokalizacje za pomoc\u0105 symbolu<\/li>\n<li>Spersonalizuj w 3 prostych krokach<\/li>\n<li>Dodaj dedykacj\u0119 prosto z serca<\/li>\n<li>Interaktywny podgl\u0105d pozwoli dopracowa\u0107 ka\u017cdy szczeg\u00f3\u0142<\/li>\n<\/ul>\n","protected":false},"featured_media":1240694,"template":"","meta":[],"product_brand":[],"product_cat":[9279,15114,8238,262,11542,11604,11543,11539,11544,11540,11541,7929,8010,7690,7225],"product_tag":[14956],"class_list":{"0":"post-56636","1":"product","2":"type-product","3":"status-publish","4":"has-post-thumbnail","6":"product_cat-bestsellers-label-pl","7":"product_cat-bestsellers-menu-pl","8":"product_cat-digital-products-pl","9":"product_cat-creators-pl","10":"product_cat-10-rocznica","11":"product_cat-50-rocznica","12":"product_cat-15-rocznica","13":"product_cat-1-rocznica","14":"product_cat-20-rocznica","15":"product_cat-2-rocznica","16":"product_cat-5-rocznica","17":"product_cat-prezent-na-wieczor-panienski","18":"product_cat-prezent-dla-mezczyzny","19":"product_cat-prezent-dla-kobiety","20":"product_cat-triple-maps-pl","21":"product_tag-creators-pl-2","23":"first","24":"instock","25":"sale","26":"taxable","27":"shipping-taxable","28":"purchasable","29":"product-type-variable"},"yoast_head":"<!-- This site is optimized with the Yoast SEO Premium plugin v27.2 (Yoast SEO v27.2) - https:\/\/yoast.com\/product\/yoast-seo-premium-wordpress\/ -->\n<title>Historia Naszej Mi\u0142o\u015bci- Potr\u00f3jna Mapa Plakat - Positive Prints<\/title>\n<meta name=\"description\" content=\"Historia Naszej Mi\u0142o\u015bci opowiedziana w oryginalny spos\u00f3b \u2013 zaprojektuj plakat z mapami: miejsca pierwszego spotkania, zar\u0119czyn oraz \u015blubu.\" \/>\n<meta name=\"robots\" content=\"index, follow, max-snippet:-1, max-image-preview:large, max-video-preview:-1\" \/>\n<link rel=\"canonical\" href=\"https:\/\/positiveprints.com\/pl\/produkt\/historia-naszej-milosci\/\" \/>\n<meta property=\"og:locale\" content=\"pl_PL\" \/>\n<meta property=\"og:type\" content=\"article\" \/>\n<meta property=\"og:title\" content=\"Historia Naszej Mi\u0142o\u015bci\" \/>\n<meta property=\"og:description\" content=\"Wyr\u00f3\u017cnij szczeg\u00f3lne lokalizacje za pomoc\u0105 symbolu  Spersonalizuj w 3 prostych krokach  Dodaj dedykacj\u0119 prosto z serca  Interaktywny podgl\u0105d pozwoli dopracowa\u0107 ka\u017cdy szczeg\u00f3\u0142\" \/>\n<meta property=\"og:url\" content=\"https:\/\/positiveprints.com\/pl\/produkt\/historia-naszej-milosci\/\" \/>\n<meta property=\"og:site_name\" content=\"Positive Prints\" \/>\n<meta property=\"article:publisher\" content=\"https:\/\/www.facebook.com\/positiveprintscom\" \/>\n<meta property=\"article:modified_time\" content=\"2026-04-18T08:09:35+00:00\" \/>\n<meta property=\"og:image\" content=\"https:\/\/positiveprints.com\/wp-content\/uploads\/2024\/10\/Packshot_PL_Met-Engaged-Married-product-image.webp\" \/>\n\t<meta property=\"og:image:width\" content=\"1450\" \/>\n\t<meta property=\"og:image:height\" content=\"1450\" \/>\n\t<meta property=\"og:image:type\" content=\"image\/webp\" \/>\n<meta name=\"twitter:card\" content=\"summary_large_image\" \/>\n<meta name=\"twitter:label1\" content=\"Szacowany czas czytania\" \/>\n\t<meta name=\"twitter:data1\" content=\"4 minuty\" \/>\n<!-- \/ Yoast SEO Premium plugin. -->","yoast_head_json":{"title":"Historia Naszej Mi\u0142o\u015bci- Potr\u00f3jna Mapa Plakat - Positive Prints","description":"Historia Naszej Mi\u0142o\u015bci opowiedziana w oryginalny spos\u00f3b \u2013 zaprojektuj plakat z mapami: miejsca pierwszego spotkania, zar\u0119czyn oraz \u015blubu.","robots":{"index":"index","follow":"follow","max-snippet":"max-snippet:-1","max-image-preview":"max-image-preview:large","max-video-preview":"max-video-preview:-1"},"canonical":"https:\/\/positiveprints.com\/pl\/produkt\/historia-naszej-milosci\/","og_locale":"pl_PL","og_type":"article","og_title":"Historia Naszej Mi\u0142o\u015bci","og_description":"Wyr\u00f3\u017cnij szczeg\u00f3lne lokalizacje za pomoc\u0105 symbolu  Spersonalizuj w 3 prostych krokach  Dodaj dedykacj\u0119 prosto z serca  Interaktywny podgl\u0105d pozwoli dopracowa\u0107 ka\u017cdy szczeg\u00f3\u0142","og_url":"https:\/\/positiveprints.com\/pl\/produkt\/historia-naszej-milosci\/","og_site_name":"Positive Prints","article_publisher":"https:\/\/www.facebook.com\/positiveprintscom","article_modified_time":"2026-04-18T08:09:35+00:00","og_image":[{"width":1450,"height":1450,"url":"https:\/\/positiveprints.com\/wp-content\/uploads\/2024\/10\/Packshot_PL_Met-Engaged-Married-product-image.webp","type":"image\/webp"}],"twitter_card":"summary_large_image","twitter_misc":{"Szacowany czas czytania":"4 minuty"},"schema":{"@context":"https:\/\/schema.org","@graph":[{"@type":["WebPage","ItemPage"],"@id":"https:\/\/positiveprints.com\/pl\/produkt\/historia-naszej-milosci\/","url":"https:\/\/positiveprints.com\/pl\/produkt\/historia-naszej-milosci\/","name":"Historia Naszej Mi\u0142o\u015bci- Potr\u00f3jna Mapa Plakat - Positive Prints","isPartOf":{"@id":"https:\/\/positiveprints.com\/pl\/#website"},"primaryImageOfPage":{"@id":"https:\/\/positiveprints.com\/pl\/produkt\/historia-naszej-milosci\/#primaryimage"},"image":{"@id":"https:\/\/positiveprints.com\/pl\/produkt\/historia-naszej-milosci\/#primaryimage"},"thumbnailUrl":"https:\/\/positiveprints.com\/wp-content\/uploads\/2024\/10\/Packshot_PL_Met-Engaged-Married-product-image.webp","datePublished":"2021-04-12T07:31:51+00:00","dateModified":"2026-04-18T08:09:35+00:00","description":"Historia Naszej Mi\u0142o\u015bci opowiedziana w oryginalny spos\u00f3b \u2013 zaprojektuj plakat z mapami: miejsca pierwszego spotkania, zar\u0119czyn oraz \u015blubu.","breadcrumb":{"@id":"https:\/\/positiveprints.com\/pl\/produkt\/historia-naszej-milosci\/#breadcrumb"},"inLanguage":"pl-PL","potentialAction":[{"@type":"ReadAction","target":["https:\/\/positiveprints.com\/pl\/produkt\/historia-naszej-milosci\/"]}]},{"@type":"ImageObject","inLanguage":"pl-PL","@id":"https:\/\/positiveprints.com\/pl\/produkt\/historia-naszej-milosci\/#primaryimage","url":"https:\/\/positiveprints.com\/wp-content\/uploads\/2024\/10\/Packshot_PL_Met-Engaged-Married-product-image.webp","contentUrl":"https:\/\/positiveprints.com\/wp-content\/uploads\/2024\/10\/Packshot_PL_Met-Engaged-Married-product-image.webp","width":1450,"height":1450},{"@type":"BreadcrumbList","@id":"https:\/\/positiveprints.com\/pl\/produkt\/historia-naszej-milosci\/#breadcrumb","itemListElement":[{"@type":"ListItem","position":1,"name":"Home","item":"https:\/\/positiveprints.com\/pl\/"},{"@type":"ListItem","position":2,"name":"Produkty","item":"https:\/\/positiveprints.com\/pl\/shop\/"},{"@type":"ListItem","position":3,"name":"Historia Naszej Mi\u0142o\u015bci"}]},{"@type":"WebSite","@id":"https:\/\/positiveprints.com\/pl\/#website","url":"https:\/\/positiveprints.com\/pl\/","name":"Positive Prints","description":"Amazing Custom Personalized Gifts","publisher":{"@id":"https:\/\/positiveprints.com\/pl\/#organization"},"potentialAction":[{"@type":"SearchAction","target":{"@type":"EntryPoint","urlTemplate":"https:\/\/positiveprints.com\/pl\/?s={search_term_string}"},"query-input":{"@type":"PropertyValueSpecification","valueRequired":true,"valueName":"search_term_string"}}],"inLanguage":"pl-PL"},{"@type":"Organization","@id":"https:\/\/positiveprints.com\/pl\/#organization","name":"Positive Prints","alternateName":"Positive Prints","url":"https:\/\/positiveprints.com\/pl\/","logo":{"@type":"ImageObject","inLanguage":"pl-PL","@id":"https:\/\/positiveprints.com\/pl\/#\/schema\/logo\/image\/","url":"https:\/\/positiveprints.com\/wp-content\/uploads\/2026\/03\/245815646_1337939713319158_5671353136411139666_n.png","contentUrl":"https:\/\/positiveprints.com\/wp-content\/uploads\/2026\/03\/245815646_1337939713319158_5671353136411139666_n.png","width":800,"height":800,"caption":"Positive Prints"},"image":{"@id":"https:\/\/positiveprints.com\/pl\/#\/schema\/logo\/image\/"},"sameAs":["https:\/\/www.facebook.com\/positiveprintscom","https:\/\/www.instagram.com\/positiveprintscom\/","https:\/\/www.tiktok.com\/@positiveprintscom","https:\/\/www.pinterest.com\/positiveprintscom\/"]}]}},"jetpack_sharing_enabled":true,"_links":{"self":[{"href":"https:\/\/positiveprints.com\/pl\/wp-json\/wp\/v2\/product\/56636","targetHints":{"allow":["GET"]}}],"collection":[{"href":"https:\/\/positiveprints.com\/pl\/wp-json\/wp\/v2\/product"}],"about":[{"href":"https:\/\/positiveprints.com\/pl\/wp-json\/wp\/v2\/types\/product"}],"wp:featuredmedia":[{"embeddable":true,"href":"https:\/\/positiveprints.com\/pl\/wp-json\/wp\/v2\/media\/1240694"}],"wp:attachment":[{"href":"https:\/\/positiveprints.com\/pl\/wp-json\/wp\/v2\/media?parent=56636"}],"wp:term":[{"taxonomy":"product_brand","embeddable":true,"href":"https:\/\/positiveprints.com\/pl\/wp-json\/wp\/v2\/product_brand?post=56636"},{"taxonomy":"product_cat","embeddable":true,"href":"https:\/\/positiveprints.com\/pl\/wp-json\/wp\/v2\/product_cat?post=56636"},{"taxonomy":"product_tag","embeddable":true,"href":"https:\/\/positiveprints.com\/pl\/wp-json\/wp\/v2\/product_tag?post=56636"}],"curies":[{"name":"wp","href":"https:\/\/api.w.org\/{rel}","templated":true}]}}