{"id":470861,"date":"2023-04-07T12:22:35","date_gmt":"2023-04-07T11:22:35","guid":{"rendered":"https:\/\/positiveprints.com\/?post_type=product&#038;p=470861"},"modified":"2026-04-28T14:24:03","modified_gmt":"2026-04-28T13:24:03","slug":"dni-w-ktorych-zostales-naszym-tata","status":"publish","type":"product","link":"https:\/\/positiveprints.com\/pl\/produkt\/dni-w-ktorych-zostales-naszym-tata\/","title":{"rendered":"Dni, w Kt\u00f3rych Zosta\u0142e\u015b Naszym Tat\u0105"},"content":{"rendered":"<p style=\"margin-top: 1rem\">&#8220;Dni, w Kt\u00f3rych Zosta\u0142e\u015b Naszym Tat\u0105&#8221; to spersonalizowany prezent idealny dla ojc\u00f3w, kt\u00f3rzy ceni\u0105 sobie wyj\u0105tkowe chwile bycia rodzicem. Ten wyj\u0105tkowy i przemy\u015blany prezent przedstawia nocne niebo w dniu, w kt\u00f3rym ojciec powita\u0142 na \u015bwiecie ka\u017cde ze swoich dzieci, tworz\u0105c pi\u0119kne odzwierciedlenie wszech\u015bwiata w ka\u017cdej wyj\u0105tkowej chwili.<\/p>\r\n\r\n\r\n<p style=\"margin-top: 1rem\">Ka\u017cdy wydruk mo\u017cna spersonalizowa\u0107 za pomoc\u0105 daty, godziny i miejsca narodzin, a tak\u017ce imienia ka\u017cdego dziecka. Efektem ko\u0144cowym jest zapieraj\u0105ce dech w piersiach i jedyne w swoim rodzaju dzie\u0142o sztuki, kt\u00f3re celebruje rado\u015b\u0107 i mi\u0142o\u015b\u0107, kt\u00f3re towarzysz\u0105 ojcostwu.<\/p>\r\n\r\n\r\n<p style=\"margin-top: 1rem\">Plakat \u201eDni, w Kt\u00f3rych Zosta\u0142e\u015b Naszym Tat\u0105\u201d jest idealnym prezentem na Dzie\u0144 Ojca, prezentem urodzinowym lub wyj\u0105tkow\u0105 \u015bwi\u0105teczn\u0105 niespodziank\u0105. To spersonalizowane dzie\u0142o sztuki z pewno\u015bci\u0105 b\u0119dzie cenione przez wiele lat i jest doskona\u0142ym sposobem na wyra\u017cenie mi\u0142o\u015bci i uznania dla wyj\u0105tkowego ojca w Twoim \u017cyciu.<\/p>","protected":false},"excerpt":{"rendered":"<ul class=\"check-list\">\n<li>Dodaj konstelacje i Drog\u0119 Mleczn\u0105 <\/li>\n<li>Spersonalizuj w 3 prostych krokach<\/li>\n<li>Dodaj dedykacj\u0119 prosto z serca<\/li>\n<li>Interaktywny podgl\u0105d pozwoli dopracowa\u0107 ka\u017cdy szczeg\u00f3\u0142<\/li>\n<\/ul>\n","protected":false},"featured_media":1357142,"template":"","meta":[],"product_brand":[],"product_cat":[9279,7978,11406,9105,7339,5271,99],"product_tag":[12615,15572,8556,9286,13688,11763],"class_list":{"0":"post-470861","1":"product","2":"type-product","3":"status-publish","4":"has-post-thumbnail","6":"product_cat-bestsellers-label-pl","7":"product_cat-prezent-dla-taty","8":"product_cat-prezenty-pod-choinke-dla-taty","9":"product_cat-duo-stars-pl","10":"product_cat-prezenty-na-dzien-ojca","11":"product_cat-prezent-na-boze-narodzenie","12":"product_cat-wszystkie-produkty","13":"product_tag-dzien-ojca","14":"product_tag-dzien-w-ktorym-zostales-tata","15":"product_tag-father-pl","16":"product_tag-najlepszy-tata-na-swiecie","17":"product_tag-prezent-na-dzien-ojca","18":"product_tag-prezenty-pod-choinke-dla-taty","20":"first","21":"instock","22":"sale","23":"taxable","24":"shipping-taxable","25":"purchasable","26":"product-type-variable"},"yoast_head":"<!-- This site is optimized with the Yoast SEO Premium plugin v27.2 (Yoast SEO v27.2) - https:\/\/yoast.com\/product\/yoast-seo-premium-wordpress\/ -->\n<title>Dni, w Kt\u00f3rych Zosta\u0142e\u015b Naszym Tat\u0105 - Positive Prints<\/title>\n<meta name=\"description\" content=\"Dni, w Kt\u00f3rych Zosta\u0142e\u015b Naszym Tat\u0105 to idealny sentymentalny i spersonalizowany prezent dla ojc\u00f3w\" \/>\n<meta name=\"robots\" content=\"index, follow, max-snippet:-1, max-image-preview:large, max-video-preview:-1\" \/>\n<link rel=\"canonical\" href=\"https:\/\/positiveprints.com\/pl\/produkt\/dni-w-ktorych-zostales-naszym-tata\/\" \/>\n<meta property=\"og:locale\" content=\"pl_PL\" \/>\n<meta property=\"og:type\" content=\"article\" \/>\n<meta property=\"og:title\" content=\"Dni, w Kt\u00f3rych Zosta\u0142e\u015b Naszym Tat\u0105\" \/>\n<meta property=\"og:description\" content=\"Dodaj konstelacje i Drog\u0119 Mleczn\u0105   Spersonalizuj w 3 prostych krokach  Dodaj dedykacj\u0119 prosto z serca  Interaktywny podgl\u0105d pozwoli dopracowa\u0107 ka\u017cdy szczeg\u00f3\u0142\" \/>\n<meta property=\"og:url\" content=\"https:\/\/positiveprints.com\/pl\/produkt\/dni-w-ktorych-zostales-naszym-tata\/\" \/>\n<meta property=\"og:site_name\" content=\"Positive Prints\" \/>\n<meta property=\"article:publisher\" content=\"https:\/\/www.facebook.com\/positiveprintscom\" \/>\n<meta property=\"article:modified_time\" content=\"2026-04-28T13:24:03+00:00\" \/>\n<meta property=\"og:image\" content=\"https:\/\/positiveprints.com\/wp-content\/uploads\/2025\/02\/Dni-w-Kto\u0301rych-Zostales\u0301-Naszym-Tata\u0328-1.webp\" \/>\n\t<meta property=\"og:image:width\" content=\"1450\" \/>\n\t<meta property=\"og:image:height\" content=\"1450\" \/>\n\t<meta property=\"og:image:type\" content=\"image\/webp\" \/>\n<meta name=\"twitter:card\" content=\"summary_large_image\" \/>\n<!-- \/ Yoast SEO Premium plugin. -->","yoast_head_json":{"title":"Dni, w Kt\u00f3rych Zosta\u0142e\u015b Naszym Tat\u0105 - Positive Prints","description":"Dni, w Kt\u00f3rych Zosta\u0142e\u015b Naszym Tat\u0105 to idealny sentymentalny i spersonalizowany prezent dla ojc\u00f3w","robots":{"index":"index","follow":"follow","max-snippet":"max-snippet:-1","max-image-preview":"max-image-preview:large","max-video-preview":"max-video-preview:-1"},"canonical":"https:\/\/positiveprints.com\/pl\/produkt\/dni-w-ktorych-zostales-naszym-tata\/","og_locale":"pl_PL","og_type":"article","og_title":"Dni, w Kt\u00f3rych Zosta\u0142e\u015b Naszym Tat\u0105","og_description":"Dodaj konstelacje i Drog\u0119 Mleczn\u0105   Spersonalizuj w 3 prostych krokach  Dodaj dedykacj\u0119 prosto z serca  Interaktywny podgl\u0105d pozwoli dopracowa\u0107 ka\u017cdy szczeg\u00f3\u0142","og_url":"https:\/\/positiveprints.com\/pl\/produkt\/dni-w-ktorych-zostales-naszym-tata\/","og_site_name":"Positive Prints","article_publisher":"https:\/\/www.facebook.com\/positiveprintscom","article_modified_time":"2026-04-28T13:24:03+00:00","og_image":[{"width":1450,"height":1450,"url":"https:\/\/positiveprints.com\/wp-content\/uploads\/2025\/02\/Dni-w-Kto\u0301rych-Zostales\u0301-Naszym-Tata\u0328-1.webp","type":"image\/webp"}],"twitter_card":"summary_large_image","schema":{"@context":"https:\/\/schema.org","@graph":[{"@type":["WebPage","ItemPage"],"@id":"https:\/\/positiveprints.com\/pl\/produkt\/dni-w-ktorych-zostales-naszym-tata\/","url":"https:\/\/positiveprints.com\/pl\/produkt\/dni-w-ktorych-zostales-naszym-tata\/","name":"Dni, w Kt\u00f3rych Zosta\u0142e\u015b Naszym Tat\u0105 - Positive Prints","isPartOf":{"@id":"https:\/\/positiveprints.com\/pl\/#website"},"primaryImageOfPage":{"@id":"https:\/\/positiveprints.com\/pl\/produkt\/dni-w-ktorych-zostales-naszym-tata\/#primaryimage"},"image":{"@id":"https:\/\/positiveprints.com\/pl\/produkt\/dni-w-ktorych-zostales-naszym-tata\/#primaryimage"},"thumbnailUrl":"https:\/\/positiveprints.com\/wp-content\/uploads\/2025\/02\/Dni-w-Kto\u0301rych-Zostales\u0301-Naszym-Tata\u0328-1.webp","datePublished":"2023-04-07T11:22:35+00:00","dateModified":"2026-04-28T13:24:03+00:00","description":"Dni, w Kt\u00f3rych Zosta\u0142e\u015b Naszym Tat\u0105 to idealny sentymentalny i spersonalizowany prezent dla ojc\u00f3w","breadcrumb":{"@id":"https:\/\/positiveprints.com\/pl\/produkt\/dni-w-ktorych-zostales-naszym-tata\/#breadcrumb"},"inLanguage":"pl-PL","potentialAction":[{"@type":"ReadAction","target":["https:\/\/positiveprints.com\/pl\/produkt\/dni-w-ktorych-zostales-naszym-tata\/"]}]},{"@type":"ImageObject","inLanguage":"pl-PL","@id":"https:\/\/positiveprints.com\/pl\/produkt\/dni-w-ktorych-zostales-naszym-tata\/#primaryimage","url":"https:\/\/positiveprints.com\/wp-content\/uploads\/2025\/02\/Dni-w-Kto\u0301rych-Zostales\u0301-Naszym-Tata\u0328-1.webp","contentUrl":"https:\/\/positiveprints.com\/wp-content\/uploads\/2025\/02\/Dni-w-Kto\u0301rych-Zostales\u0301-Naszym-Tata\u0328-1.webp","width":1450,"height":1450},{"@type":"BreadcrumbList","@id":"https:\/\/positiveprints.com\/pl\/produkt\/dni-w-ktorych-zostales-naszym-tata\/#breadcrumb","itemListElement":[{"@type":"ListItem","position":1,"name":"Home","item":"https:\/\/positiveprints.com\/pl\/"},{"@type":"ListItem","position":2,"name":"Produkty","item":"https:\/\/positiveprints.com\/pl\/shop\/"},{"@type":"ListItem","position":3,"name":"Dni, w Kt\u00f3rych Zosta\u0142e\u015b Naszym Tat\u0105"}]},{"@type":"WebSite","@id":"https:\/\/positiveprints.com\/pl\/#website","url":"https:\/\/positiveprints.com\/pl\/","name":"Positive Prints","description":"Amazing Custom Personalized Gifts","publisher":{"@id":"https:\/\/positiveprints.com\/pl\/#organization"},"potentialAction":[{"@type":"SearchAction","target":{"@type":"EntryPoint","urlTemplate":"https:\/\/positiveprints.com\/pl\/?s={search_term_string}"},"query-input":{"@type":"PropertyValueSpecification","valueRequired":true,"valueName":"search_term_string"}}],"inLanguage":"pl-PL"},{"@type":"Organization","@id":"https:\/\/positiveprints.com\/pl\/#organization","name":"Positive Prints","alternateName":"Positive Prints","url":"https:\/\/positiveprints.com\/pl\/","logo":{"@type":"ImageObject","inLanguage":"pl-PL","@id":"https:\/\/positiveprints.com\/pl\/#\/schema\/logo\/image\/","url":"https:\/\/positiveprints.com\/wp-content\/uploads\/2026\/03\/245815646_1337939713319158_5671353136411139666_n.png","contentUrl":"https:\/\/positiveprints.com\/wp-content\/uploads\/2026\/03\/245815646_1337939713319158_5671353136411139666_n.png","width":800,"height":800,"caption":"Positive Prints"},"image":{"@id":"https:\/\/positiveprints.com\/pl\/#\/schema\/logo\/image\/"},"sameAs":["https:\/\/www.facebook.com\/positiveprintscom","https:\/\/www.instagram.com\/positiveprintscom\/","https:\/\/www.tiktok.com\/@positiveprintscom","https:\/\/www.pinterest.com\/positiveprintscom\/"]}]}},"jetpack_sharing_enabled":true,"_links":{"self":[{"href":"https:\/\/positiveprints.com\/pl\/wp-json\/wp\/v2\/product\/470861","targetHints":{"allow":["GET"]}}],"collection":[{"href":"https:\/\/positiveprints.com\/pl\/wp-json\/wp\/v2\/product"}],"about":[{"href":"https:\/\/positiveprints.com\/pl\/wp-json\/wp\/v2\/types\/product"}],"wp:featuredmedia":[{"embeddable":true,"href":"https:\/\/positiveprints.com\/pl\/wp-json\/wp\/v2\/media\/1357142"}],"wp:attachment":[{"href":"https:\/\/positiveprints.com\/pl\/wp-json\/wp\/v2\/media?parent=470861"}],"wp:term":[{"taxonomy":"product_brand","embeddable":true,"href":"https:\/\/positiveprints.com\/pl\/wp-json\/wp\/v2\/product_brand?post=470861"},{"taxonomy":"product_cat","embeddable":true,"href":"https:\/\/positiveprints.com\/pl\/wp-json\/wp\/v2\/product_cat?post=470861"},{"taxonomy":"product_tag","embeddable":true,"href":"https:\/\/positiveprints.com\/pl\/wp-json\/wp\/v2\/product_tag?post=470861"}],"curies":[{"name":"wp","href":"https:\/\/api.w.org\/{rel}","templated":true}]}}