{"id":470804,"date":"2023-04-06T21:21:45","date_gmt":"2023-04-06T20:21:45","guid":{"rendered":"https:\/\/positiveprints.com\/?post_type=product&#038;p=470804"},"modified":"2026-04-28T14:24:18","modified_gmt":"2026-04-28T13:24:18","slug":"podwojna-mapa-nieba-dla-taty","status":"publish","type":"product","link":"https:\/\/positiveprints.com\/pl\/produkt\/podwojna-mapa-nieba-dla-taty\/","title":{"rendered":"Podw\u00f3jna Mapa Nieba dla Taty"},"content":{"rendered":"<p style=\"margin-top: 1rem\">Podw\u00f3jna Mapa Nieba dla Taty to wyj\u0105tkowy prezent, kt\u00f3ry uchwyci dwa najwa\u017cniejsze momenty w \u017cyciu ojca \u2013 narodziny jego dzieci \u2013 w pi\u0119kny i spersonalizowany spos\u00f3b. Ta oryginalna mapa gwiazd jest wspania\u0142ym przypomnieniem wyj\u0105tkowych chwil, kt\u00f3re ojciec b\u0119dzie ceni\u0142 na zawsze.<\/p>\r\n\r\n<p style=\"margin-top: 1rem\">Tworzenie Podw\u00f3jnej Mapy Nieba jest \u0142atwe dzi\u0119ki naszemu unikalnemu trzyetapowemu procesowi. W kroku pierwszym mo\u017cesz dostosowa\u0107 kolory gwiazd i t\u0142a wydruku, aby stworzy\u0107 naprawd\u0119 wyj\u0105tkow\u0105 kolorystyk\u0119 dla spersonalizowanego plakatu. Nast\u0119pnie wprowad\u017a dat\u0119, godzin\u0119 i lokalizacj\u0119 narodzin ka\u017cdego dziecka oraz wybrany przez siebie tekst. W ostatnim kroku nale\u017cy wybra\u0107 format.  Oferujemy plakaty oprawione lub zwyk\u0142e, wydruki na p\u0142\u00f3tnie oraz pliki cyfrowe do natychmiastowego pobrania.<\/p>\r\n\r\n<p style=\"margin-top: 1rem\">Ten plakat daje Ci mo\u017cliwo\u015b\u0107 dodania imienia i godziny urodzenia ka\u017cdego dziecka, co sprawia, \u017ce jest on jedyny w swoim rodzaju. Niezale\u017cnie od tego, czy szukasz idealnego prezentu na Dzie\u0144 Ojca, prezentu urodzinowego, czy po prostu przemy\u015blanego gestu dla kogo\u015b wyj\u0105tkowego, Podw\u00f3jna Mapa Nieba dla Taty to niezapomniany prezent, kt\u00f3ry b\u0119dzie ceniony przez wiele lat.<\/p>","protected":false},"excerpt":{"rendered":"<ul class=\"check-list\">\n<li>Zaskocz swojego tat\u0119 personalizowanym prezentem, kt\u00f3ry poka\u017ce mu, jak wiele dla Ciebie znaczy<\/li>\n<li>Dodaj kontelacje i Drog\u0119 Mleczn\u0105 <\/li>\n<li>Spersonalizuj w 3 prostych krokach<\/li>\n<li>Dodaj dedykacj\u0119 prosto z serca<\/li>\n<li>Interaktywny podgl\u0105d pozwoli dopracowa\u0107 ka\u017cdy szczeg\u00f3\u0142<\/li>\n<\/ul>\n","protected":false},"featured_media":1251738,"template":"","meta":[],"product_brand":[],"product_cat":[7978,11406,9105,7339,5271,99],"product_tag":[8556,11763],"class_list":{"0":"post-470804","1":"product","2":"type-product","3":"status-publish","4":"has-post-thumbnail","6":"product_cat-prezent-dla-taty","7":"product_cat-prezenty-pod-choinke-dla-taty","8":"product_cat-duo-stars-pl","9":"product_cat-prezenty-na-dzien-ojca","10":"product_cat-prezent-na-boze-narodzenie","11":"product_cat-wszystkie-produkty","12":"product_tag-father-pl","13":"product_tag-prezenty-pod-choinke-dla-taty","15":"first","16":"instock","17":"sale","18":"taxable","19":"shipping-taxable","20":"purchasable","21":"product-type-variable"},"yoast_head":"<!-- This site is optimized with the Yoast SEO Premium plugin v27.2 (Yoast SEO v27.2) - https:\/\/yoast.com\/product\/yoast-seo-premium-wordpress\/ -->\n<title>Podw\u00f3jna Mapa Nieba dla Taty - Positive Prints<\/title>\n<meta name=\"description\" content=\"Podw\u00f3jna Mapa Nieba dla Taty to prezent, kt\u00f3ry przedstawia uk\u0142ad gwiazd w dw\u00f3ch najbardziej wyj\u0105tkowych dniach w \u017cyciu ojca, narodzinach jego dzieci.\" \/>\n<meta name=\"robots\" content=\"index, follow, max-snippet:-1, max-image-preview:large, max-video-preview:-1\" \/>\n<link rel=\"canonical\" href=\"https:\/\/positiveprints.com\/pl\/produkt\/podwojna-mapa-nieba-dla-taty\/\" \/>\n<meta property=\"og:locale\" content=\"pl_PL\" \/>\n<meta property=\"og:type\" content=\"article\" \/>\n<meta property=\"og:title\" content=\"Podw\u00f3jna Mapa Nieba dla Taty\" \/>\n<meta property=\"og:description\" content=\"Zaskocz swojego tat\u0119 personalizowanym prezentem, kt\u00f3ry poka\u017ce mu, jak wiele dla Ciebie znaczy Dodaj kontelacje i Drog\u0119 Mleczn\u0105  Spersonalizuj w 3 prostych krokach Dodaj dedykacj\u0119 prosto z serca Interaktywny podgl\u0105d pozwoli dopracowa\u0107 ka\u017cdy szczeg\u00f3\u0142\" \/>\n<meta property=\"og:url\" content=\"https:\/\/positiveprints.com\/pl\/produkt\/podwojna-mapa-nieba-dla-taty\/\" \/>\n<meta property=\"og:site_name\" content=\"Positive Prints\" \/>\n<meta property=\"article:publisher\" content=\"https:\/\/www.facebook.com\/positiveprintscom\" \/>\n<meta property=\"article:modified_time\" content=\"2026-04-28T13:24:18+00:00\" \/>\n<meta property=\"og:image\" content=\"https:\/\/positiveprints.com\/wp-content\/uploads\/2024\/11\/PL_PACKSHOT_Double-Star-Map-for-Dad-product-image-.webp\" \/>\n\t<meta property=\"og:image:width\" content=\"1450\" \/>\n\t<meta property=\"og:image:height\" content=\"1450\" \/>\n\t<meta property=\"og:image:type\" content=\"image\/webp\" \/>\n<meta name=\"twitter:card\" content=\"summary_large_image\" \/>\n<!-- \/ Yoast SEO Premium plugin. -->","yoast_head_json":{"title":"Podw\u00f3jna Mapa Nieba dla Taty - Positive Prints","description":"Podw\u00f3jna Mapa Nieba dla Taty to prezent, kt\u00f3ry przedstawia uk\u0142ad gwiazd w dw\u00f3ch najbardziej wyj\u0105tkowych dniach w \u017cyciu ojca, narodzinach jego dzieci.","robots":{"index":"index","follow":"follow","max-snippet":"max-snippet:-1","max-image-preview":"max-image-preview:large","max-video-preview":"max-video-preview:-1"},"canonical":"https:\/\/positiveprints.com\/pl\/produkt\/podwojna-mapa-nieba-dla-taty\/","og_locale":"pl_PL","og_type":"article","og_title":"Podw\u00f3jna Mapa Nieba dla Taty","og_description":"Zaskocz swojego tat\u0119 personalizowanym prezentem, kt\u00f3ry poka\u017ce mu, jak wiele dla Ciebie znaczy Dodaj kontelacje i Drog\u0119 Mleczn\u0105  Spersonalizuj w 3 prostych krokach Dodaj dedykacj\u0119 prosto z serca Interaktywny podgl\u0105d pozwoli dopracowa\u0107 ka\u017cdy szczeg\u00f3\u0142","og_url":"https:\/\/positiveprints.com\/pl\/produkt\/podwojna-mapa-nieba-dla-taty\/","og_site_name":"Positive Prints","article_publisher":"https:\/\/www.facebook.com\/positiveprintscom","article_modified_time":"2026-04-28T13:24:18+00:00","og_image":[{"width":1450,"height":1450,"url":"https:\/\/positiveprints.com\/wp-content\/uploads\/2024\/11\/PL_PACKSHOT_Double-Star-Map-for-Dad-product-image-.webp","type":"image\/webp"}],"twitter_card":"summary_large_image","schema":{"@context":"https:\/\/schema.org","@graph":[{"@type":["WebPage","ItemPage"],"@id":"https:\/\/positiveprints.com\/pl\/produkt\/podwojna-mapa-nieba-dla-taty\/","url":"https:\/\/positiveprints.com\/pl\/produkt\/podwojna-mapa-nieba-dla-taty\/","name":"Podw\u00f3jna Mapa Nieba dla Taty - Positive Prints","isPartOf":{"@id":"https:\/\/positiveprints.com\/pl\/#website"},"primaryImageOfPage":{"@id":"https:\/\/positiveprints.com\/pl\/produkt\/podwojna-mapa-nieba-dla-taty\/#primaryimage"},"image":{"@id":"https:\/\/positiveprints.com\/pl\/produkt\/podwojna-mapa-nieba-dla-taty\/#primaryimage"},"thumbnailUrl":"https:\/\/positiveprints.com\/wp-content\/uploads\/2024\/11\/PL_PACKSHOT_Double-Star-Map-for-Dad-product-image-.webp","datePublished":"2023-04-06T20:21:45+00:00","dateModified":"2026-04-28T13:24:18+00:00","description":"Podw\u00f3jna Mapa Nieba dla Taty to prezent, kt\u00f3ry przedstawia uk\u0142ad gwiazd w dw\u00f3ch najbardziej wyj\u0105tkowych dniach w \u017cyciu ojca, narodzinach jego dzieci.","breadcrumb":{"@id":"https:\/\/positiveprints.com\/pl\/produkt\/podwojna-mapa-nieba-dla-taty\/#breadcrumb"},"inLanguage":"pl-PL","potentialAction":[{"@type":"ReadAction","target":["https:\/\/positiveprints.com\/pl\/produkt\/podwojna-mapa-nieba-dla-taty\/"]}]},{"@type":"ImageObject","inLanguage":"pl-PL","@id":"https:\/\/positiveprints.com\/pl\/produkt\/podwojna-mapa-nieba-dla-taty\/#primaryimage","url":"https:\/\/positiveprints.com\/wp-content\/uploads\/2024\/11\/PL_PACKSHOT_Double-Star-Map-for-Dad-product-image-.webp","contentUrl":"https:\/\/positiveprints.com\/wp-content\/uploads\/2024\/11\/PL_PACKSHOT_Double-Star-Map-for-Dad-product-image-.webp","width":1450,"height":1450},{"@type":"BreadcrumbList","@id":"https:\/\/positiveprints.com\/pl\/produkt\/podwojna-mapa-nieba-dla-taty\/#breadcrumb","itemListElement":[{"@type":"ListItem","position":1,"name":"Home","item":"https:\/\/positiveprints.com\/pl\/"},{"@type":"ListItem","position":2,"name":"Produkty","item":"https:\/\/positiveprints.com\/pl\/shop\/"},{"@type":"ListItem","position":3,"name":"Podw\u00f3jna Mapa Nieba dla Taty"}]},{"@type":"WebSite","@id":"https:\/\/positiveprints.com\/pl\/#website","url":"https:\/\/positiveprints.com\/pl\/","name":"Positive Prints","description":"Amazing Custom Personalized Gifts","publisher":{"@id":"https:\/\/positiveprints.com\/pl\/#organization"},"potentialAction":[{"@type":"SearchAction","target":{"@type":"EntryPoint","urlTemplate":"https:\/\/positiveprints.com\/pl\/?s={search_term_string}"},"query-input":{"@type":"PropertyValueSpecification","valueRequired":true,"valueName":"search_term_string"}}],"inLanguage":"pl-PL"},{"@type":"Organization","@id":"https:\/\/positiveprints.com\/pl\/#organization","name":"Positive Prints","alternateName":"Positive Prints","url":"https:\/\/positiveprints.com\/pl\/","logo":{"@type":"ImageObject","inLanguage":"pl-PL","@id":"https:\/\/positiveprints.com\/pl\/#\/schema\/logo\/image\/","url":"https:\/\/positiveprints.com\/wp-content\/uploads\/2026\/03\/245815646_1337939713319158_5671353136411139666_n.png","contentUrl":"https:\/\/positiveprints.com\/wp-content\/uploads\/2026\/03\/245815646_1337939713319158_5671353136411139666_n.png","width":800,"height":800,"caption":"Positive Prints"},"image":{"@id":"https:\/\/positiveprints.com\/pl\/#\/schema\/logo\/image\/"},"sameAs":["https:\/\/www.facebook.com\/positiveprintscom","https:\/\/www.instagram.com\/positiveprintscom\/","https:\/\/www.tiktok.com\/@positiveprintscom","https:\/\/www.pinterest.com\/positiveprintscom\/"]}]}},"jetpack_sharing_enabled":true,"_links":{"self":[{"href":"https:\/\/positiveprints.com\/pl\/wp-json\/wp\/v2\/product\/470804","targetHints":{"allow":["GET"]}}],"collection":[{"href":"https:\/\/positiveprints.com\/pl\/wp-json\/wp\/v2\/product"}],"about":[{"href":"https:\/\/positiveprints.com\/pl\/wp-json\/wp\/v2\/types\/product"}],"wp:featuredmedia":[{"embeddable":true,"href":"https:\/\/positiveprints.com\/pl\/wp-json\/wp\/v2\/media\/1251738"}],"wp:attachment":[{"href":"https:\/\/positiveprints.com\/pl\/wp-json\/wp\/v2\/media?parent=470804"}],"wp:term":[{"taxonomy":"product_brand","embeddable":true,"href":"https:\/\/positiveprints.com\/pl\/wp-json\/wp\/v2\/product_brand?post=470804"},{"taxonomy":"product_cat","embeddable":true,"href":"https:\/\/positiveprints.com\/pl\/wp-json\/wp\/v2\/product_cat?post=470804"},{"taxonomy":"product_tag","embeddable":true,"href":"https:\/\/positiveprints.com\/pl\/wp-json\/wp\/v2\/product_tag?post=470804"}],"curies":[{"name":"wp","href":"https:\/\/api.w.org\/{rel}","templated":true}]}}