{"id":463561,"date":"2021-09-20T16:28:06","date_gmt":"2021-09-20T15:28:06","guid":{"rendered":"https:\/\/positiveprints.com\/product\/zurich-map-poster\/"},"modified":"2026-04-03T03:46:32","modified_gmt":"2026-04-03T02:46:32","slug":"zurich-map-poster","status":"publish","type":"product","link":"https:\/\/positiveprints.com\/pl\/produkt\/zurich-map-poster\/","title":{"rendered":"Zurich Map Poster"},"content":{"rendered":"<br><br>\r\nBring home a piece of your favorite adventures with our Zurich map poster. Our custom high-quality posters make excellent wall art and gifts!\r\n<br>\r\n<br>\r\n<h2>Get a Map of Any City in the World<\/h2>\r\nMaps aren\u2019t just for wayfinding. They also tell stories of your travels, showing the very streets and landmarks where some of your life\u2019s best moments have taken place. When you have a place that\u2019s near and dear to your heart, there\u2019s no better way to pay tribute than capture that place in a <a href=\"https:\/\/positiveprints.com\/pl\/produkt\/mapa-plakat\/\">custom city map poster<\/a>. \r\n<br><br>\r\nOur Zurich map poster is artfully drawn to scale using the most accurate and up-to-date mapping data. Your favorite places become an instant work of art and reflect the locations that matter most to you. \r\n\r\n<br><br><br>\r\n<h2>Zurich Map Poster &#8211; The Perfect Gift for All Occasions!<\/h2> \r\nIf you have a flair for the unique and unexpected, then you\u2019ll love giving a Zurich  Map print as a gift! Our maps are treasured keepsakes that your family or friends will love but may never think to buy for themselves. They\u2019re the perfect surprise for anniversaries, birthdays, graduations, holidays, engagements, weddings, and all of life\u2019s biggest milestones. \r\n<br><br>\r\nEvery map is custom made to order \u2014 YOU choose the city, colour scheme, and fine details, and we\u2019ll handle the rest. You can also make it extra personalised with custom lines of text. Add details about an important date in your recipient\u2019s life, like a marriage, engagement, new career, or big move. \r\n<br><br>\r\nInclude a map marker of a specific location on your Zurich map print to call out an especially important location that makes Zurich special to you! \r\n\r\n<br><br><br>\r\n<h2>Tell Your Story with \r\n Map Art<\/h2>\r\nNo matter where you roam, your favorite places can tell an artistic, personalised story in your home.\r\n<br><br>\r\nMany have wondered what walls would say if they can talk. Our Zurich Map art means you no longer have to wonder! \r\n<br><br>\r\nEvery time you add a city map poster to your walls, you\u2019re telling a part of your life\u2019s story to every visitor who enters your home. You can start with Zurich Map art, then add more city prints to your walls over time, each one sharing a different chapter of your life. \r\n<br><br>\r\nLet your Zurich Map art inspire your travels, past and future. Every time you look at your map, you can think back to all the great memories you made in your favorite places and find new places for your next adventures.\r\n\r\n<br><br><br>\r\n<h2>Create Your Zurich Map Poster in Minutes!<\/h2>\r\nOur easy-to-use custom Zurich  map print maker will turn you into a map artist in minutes. Just input your details, follow the steps, and wait for delivery! You can also choose to download a digital print to get your map even sooner. \r\n<br><br>\r\nCreate a map of the cities that mean something special to you! \r\n<br><br>\r\n\r\nLet your Zurich Poster inspire your travels, past and future. Every time you look at your map, you can think back to all the great memories you made in your favorite places and find new places for your next adventures.","protected":false},"excerpt":{"rendered":"<ul class=\"check-list\">\n<li>Do\u015bwiadcz urzekaj\u0105cego pi\u0119kna ulubionego miasta dzi\u0119ki detalom uchwyconym na naszej mapie<\/li>\n<li>Oznacz wyj\u0105tkowe miejsce wybranym symbolem<\/li>\n<li>Spersonalizuj w 3 prostych krokach<\/li>\n<li>U\u017cyj jednego z naszych szablon\u00f3w lub daj popis swojej wyobra\u017ani<\/li>\n<li>Interaktywny podgl\u0105d pozwoli dopracowa\u0107 ka\u017cdy szczeg\u00f3\u0142<\/li>\n<\/ul>\n","protected":false},"featured_media":156025,"template":"","meta":[],"product_brand":[],"product_cat":[6915],"product_tag":[],"class_list":{"0":"post-463561","1":"product","2":"type-product","3":"status-publish","4":"has-post-thumbnail","6":"product_cat-szwajcaria","8":"first","9":"instock","10":"sale","11":"taxable","12":"shipping-taxable","13":"purchasable","14":"product-type-variable"},"yoast_head":"<!-- This site is optimized with the Yoast SEO Premium plugin v27.2 (Yoast SEO v27.2) - https:\/\/yoast.com\/product\/yoast-seo-premium-wordpress\/ -->\n<title>Zurich Map Poster - Your City Map Art - Positive Prints<\/title>\n<meta name=\"description\" content=\"Bring home a piece of your favorite adventures with our Zurich map poster. Our high-quality posters make excellent wall art!\" \/>\n<meta name=\"robots\" content=\"index, follow, max-snippet:-1, max-image-preview:large, max-video-preview:-1\" \/>\n<link rel=\"canonical\" href=\"https:\/\/positiveprints.com\/pl\/produkt\/zurich-map-poster\/\" \/>\n<meta property=\"og:locale\" content=\"pl_PL\" \/>\n<meta property=\"og:type\" content=\"article\" \/>\n<meta property=\"og:title\" content=\"Zurich Map Poster\" \/>\n<meta property=\"og:description\" content=\"Do\u015bwiadcz urzekaj\u0105cego pi\u0119kna ulubionego miasta dzi\u0119ki detalom uchwyconym na naszej mapie Oznacz wyj\u0105tkowe miejsce wybranym symbolem Spersonalizuj w 3 prostych krokach U\u017cyj jednego z naszych szablon\u00f3w lub daj popis swojej wyobra\u017ani Interaktywny podgl\u0105d pozwoli dopracowa\u0107 ka\u017cdy szczeg\u00f3\u0142\" \/>\n<meta property=\"og:url\" content=\"https:\/\/positiveprints.com\/pl\/produkt\/zurich-map-poster\/\" \/>\n<meta property=\"og:site_name\" content=\"Positive Prints\" \/>\n<meta property=\"article:publisher\" content=\"https:\/\/www.facebook.com\/positiveprintscom\" \/>\n<meta property=\"article:modified_time\" content=\"2026-04-03T02:46:32+00:00\" \/>\n<meta property=\"og:image\" content=\"https:\/\/positiveprints.com\/wp-content\/uploads\/2021\/09\/Zurich-city-map-poster.jpg\" \/>\n\t<meta property=\"og:image:width\" content=\"1080\" \/>\n\t<meta property=\"og:image:height\" content=\"1080\" \/>\n\t<meta property=\"og:image:type\" content=\"image\/jpeg\" \/>\n<meta name=\"twitter:card\" content=\"summary_large_image\" \/>\n<meta name=\"twitter:label1\" content=\"Szacowany czas czytania\" \/>\n\t<meta name=\"twitter:data1\" content=\"3 minuty\" \/>\n<!-- \/ Yoast SEO Premium plugin. -->","yoast_head_json":{"title":"Zurich Map Poster - Your City Map Art - Positive Prints","description":"Bring home a piece of your favorite adventures with our Zurich map poster. Our high-quality posters make excellent wall art!","robots":{"index":"index","follow":"follow","max-snippet":"max-snippet:-1","max-image-preview":"max-image-preview:large","max-video-preview":"max-video-preview:-1"},"canonical":"https:\/\/positiveprints.com\/pl\/produkt\/zurich-map-poster\/","og_locale":"pl_PL","og_type":"article","og_title":"Zurich Map Poster","og_description":"Do\u015bwiadcz urzekaj\u0105cego pi\u0119kna ulubionego miasta dzi\u0119ki detalom uchwyconym na naszej mapie Oznacz wyj\u0105tkowe miejsce wybranym symbolem Spersonalizuj w 3 prostych krokach U\u017cyj jednego z naszych szablon\u00f3w lub daj popis swojej wyobra\u017ani Interaktywny podgl\u0105d pozwoli dopracowa\u0107 ka\u017cdy szczeg\u00f3\u0142","og_url":"https:\/\/positiveprints.com\/pl\/produkt\/zurich-map-poster\/","og_site_name":"Positive Prints","article_publisher":"https:\/\/www.facebook.com\/positiveprintscom","article_modified_time":"2026-04-03T02:46:32+00:00","og_image":[{"width":1080,"height":1080,"url":"https:\/\/positiveprints.com\/wp-content\/uploads\/2021\/09\/Zurich-city-map-poster.jpg","type":"image\/jpeg"}],"twitter_card":"summary_large_image","twitter_misc":{"Szacowany czas czytania":"3 minuty"},"schema":{"@context":"https:\/\/schema.org","@graph":[{"@type":["WebPage","ItemPage"],"@id":"https:\/\/positiveprints.com\/pl\/produkt\/zurich-map-poster\/","url":"https:\/\/positiveprints.com\/pl\/produkt\/zurich-map-poster\/","name":"Zurich Map Poster - Your City Map Art - Positive Prints","isPartOf":{"@id":"https:\/\/positiveprints.com\/pl\/#website"},"primaryImageOfPage":{"@id":"https:\/\/positiveprints.com\/pl\/produkt\/zurich-map-poster\/#primaryimage"},"image":{"@id":"https:\/\/positiveprints.com\/pl\/produkt\/zurich-map-poster\/#primaryimage"},"thumbnailUrl":"https:\/\/positiveprints.com\/wp-content\/uploads\/2021\/09\/Zurich-city-map-poster.jpg","datePublished":"2021-09-20T15:28:06+00:00","dateModified":"2026-04-03T02:46:32+00:00","description":"Bring home a piece of your favorite adventures with our Zurich map poster. Our high-quality posters make excellent wall art!","breadcrumb":{"@id":"https:\/\/positiveprints.com\/pl\/produkt\/zurich-map-poster\/#breadcrumb"},"inLanguage":"pl-PL","potentialAction":[{"@type":"ReadAction","target":["https:\/\/positiveprints.com\/pl\/produkt\/zurich-map-poster\/"]}]},{"@type":"ImageObject","inLanguage":"pl-PL","@id":"https:\/\/positiveprints.com\/pl\/produkt\/zurich-map-poster\/#primaryimage","url":"https:\/\/positiveprints.com\/wp-content\/uploads\/2021\/09\/Zurich-city-map-poster.jpg","contentUrl":"https:\/\/positiveprints.com\/wp-content\/uploads\/2021\/09\/Zurich-city-map-poster.jpg","width":1080,"height":1080,"caption":"Our Zurich map poster is artfully drawn to scale using the most accurate and up-to-date mapping data."},{"@type":"BreadcrumbList","@id":"https:\/\/positiveprints.com\/pl\/produkt\/zurich-map-poster\/#breadcrumb","itemListElement":[{"@type":"ListItem","position":1,"name":"Home","item":"https:\/\/positiveprints.com\/pl\/"},{"@type":"ListItem","position":2,"name":"Produkty","item":"https:\/\/positiveprints.com\/pl\/shop\/"},{"@type":"ListItem","position":3,"name":"Zurich Map Poster"}]},{"@type":"WebSite","@id":"https:\/\/positiveprints.com\/pl\/#website","url":"https:\/\/positiveprints.com\/pl\/","name":"Positive Prints","description":"Amazing Custom Personalized Gifts","publisher":{"@id":"https:\/\/positiveprints.com\/pl\/#organization"},"potentialAction":[{"@type":"SearchAction","target":{"@type":"EntryPoint","urlTemplate":"https:\/\/positiveprints.com\/pl\/?s={search_term_string}"},"query-input":{"@type":"PropertyValueSpecification","valueRequired":true,"valueName":"search_term_string"}}],"inLanguage":"pl-PL"},{"@type":"Organization","@id":"https:\/\/positiveprints.com\/pl\/#organization","name":"Positive Prints","alternateName":"Positive Prints","url":"https:\/\/positiveprints.com\/pl\/","logo":{"@type":"ImageObject","inLanguage":"pl-PL","@id":"https:\/\/positiveprints.com\/pl\/#\/schema\/logo\/image\/","url":"https:\/\/positiveprints.com\/wp-content\/uploads\/2026\/03\/245815646_1337939713319158_5671353136411139666_n.png","contentUrl":"https:\/\/positiveprints.com\/wp-content\/uploads\/2026\/03\/245815646_1337939713319158_5671353136411139666_n.png","width":800,"height":800,"caption":"Positive Prints"},"image":{"@id":"https:\/\/positiveprints.com\/pl\/#\/schema\/logo\/image\/"},"sameAs":["https:\/\/www.facebook.com\/positiveprintscom","https:\/\/www.instagram.com\/positiveprintscom\/","https:\/\/www.tiktok.com\/@positiveprintscom","https:\/\/www.pinterest.com\/positiveprintscom\/"]}]}},"jetpack_sharing_enabled":true,"_links":{"self":[{"href":"https:\/\/positiveprints.com\/pl\/wp-json\/wp\/v2\/product\/463561","targetHints":{"allow":["GET"]}}],"collection":[{"href":"https:\/\/positiveprints.com\/pl\/wp-json\/wp\/v2\/product"}],"about":[{"href":"https:\/\/positiveprints.com\/pl\/wp-json\/wp\/v2\/types\/product"}],"wp:featuredmedia":[{"embeddable":true,"href":"https:\/\/positiveprints.com\/pl\/wp-json\/wp\/v2\/media\/156025"}],"wp:attachment":[{"href":"https:\/\/positiveprints.com\/pl\/wp-json\/wp\/v2\/media?parent=463561"}],"wp:term":[{"taxonomy":"product_brand","embeddable":true,"href":"https:\/\/positiveprints.com\/pl\/wp-json\/wp\/v2\/product_brand?post=463561"},{"taxonomy":"product_cat","embeddable":true,"href":"https:\/\/positiveprints.com\/pl\/wp-json\/wp\/v2\/product_cat?post=463561"},{"taxonomy":"product_tag","embeddable":true,"href":"https:\/\/positiveprints.com\/pl\/wp-json\/wp\/v2\/product_tag?post=463561"}],"curies":[{"name":"wp","href":"https:\/\/api.w.org\/{rel}","templated":true}]}}