{"id":460051,"date":"2021-10-13T16:16:29","date_gmt":"2021-10-13T15:16:29","guid":{"rendered":"https:\/\/positiveprints.com\/product\/mapa-ho-chi-minh-plakat\/"},"modified":"2026-04-03T03:42:14","modified_gmt":"2026-04-03T02:42:14","slug":"ho-chi-minh-map-poster-2","status":"publish","type":"product","link":"https:\/\/positiveprints.com\/pl\/produkt\/ho-chi-minh-map-poster-2\/","title":{"rendered":"Plakat Ho Chi Minh &#8211; Mapa Miasta"},"content":{"rendered":"","protected":false},"excerpt":{"rendered":"<ul class=\"check-list\">\n<li>Do\u015bwiadcz urzekaj\u0105cego pi\u0119kna miasta Ho Chi Minh dzi\u0119ki detalom uchwyconym na naszej mapie<\/li>\n<li>Oznacz wyj\u0105tkowe miejsce wybranym symbolem<\/li>\n<li>Spersonalizuj w 3 prostych krokach<\/li>\n<li>U\u017cyj jednego z naszych szablon\u00f3w lub daj popis swojej wyobra\u017ani<\/li>\n<li>Interaktywny podgl\u0105d pozwoli dopracowa\u0107 ka\u017cdy szczeg\u00f3\u0142<\/li>\n<\/ul>\n","protected":false},"featured_media":169093,"template":"","meta":[],"product_brand":[],"product_cat":[7150],"product_tag":[8508],"class_list":{"0":"post-460051","1":"product","2":"type-product","3":"status-publish","4":"has-post-thumbnail","6":"product_cat-wietnam","7":"product_tag-housewarming-pl","9":"first","10":"instock","11":"sale","12":"taxable","13":"shipping-taxable","14":"purchasable","15":"product-type-variable"},"yoast_head":"<!-- This site is optimized with the Yoast SEO Premium plugin v27.2 (Yoast SEO v27.2) - https:\/\/yoast.com\/product\/yoast-seo-premium-wordpress\/ -->\n<title>Ho Chi Minh Mapa Miasta - Plakat Mapa Miasta - Positive Prints<\/title>\n<meta name=\"description\" content=\"Przynie\u015b do domu pami\u0105tk\u0119 swoich ulubionych przyg\u00f3d dzi\u0119ki naszemu plakatowi z map\u0105 miasta Ho Chi Minh. Nasze wysokiej jako\u015bci plakaty stanowi\u0105 doskona\u0142\u0105 dekoracj\u0119 na \u015bcian\u0119!\" \/>\n<meta name=\"robots\" content=\"index, follow, max-snippet:-1, max-image-preview:large, max-video-preview:-1\" \/>\n<link rel=\"canonical\" href=\"https:\/\/positiveprints.com\/pl\/produkt\/ho-chi-minh-map-poster-2\/\" \/>\n<meta property=\"og:locale\" content=\"pl_PL\" \/>\n<meta property=\"og:type\" content=\"article\" \/>\n<meta property=\"og:title\" content=\"Plakat Ho Chi Minh - Mapa Miasta\" \/>\n<meta property=\"og:description\" content=\"Do\u015bwiadcz urzekaj\u0105cego pi\u0119kna miasta Ho Chi Minh dzi\u0119ki detalom uchwyconym na naszej mapie  Oznacz wyj\u0105tkowe miejsce wybranym symbolem  Spersonalizuj w 3 prostych krokach  U\u017cyj jednego z naszych szablon\u00f3w lub daj popis swojej wyobra\u017ani  Interaktywny podgl\u0105d pozwoli dopracowa\u0107 ka\u017cdy szczeg\u00f3\u0142\" \/>\n<meta property=\"og:url\" content=\"https:\/\/positiveprints.com\/pl\/produkt\/ho-chi-minh-map-poster-2\/\" \/>\n<meta property=\"og:site_name\" content=\"Positive Prints\" \/>\n<meta property=\"article:publisher\" content=\"https:\/\/www.facebook.com\/positiveprintscom\" \/>\n<meta property=\"article:modified_time\" content=\"2026-04-03T02:42:14+00:00\" \/>\n<meta property=\"og:image\" content=\"https:\/\/positiveprints.com\/wp-content\/uploads\/2021\/10\/Ho-Chi-Minh-city-map-poster.jpg\" \/>\n\t<meta property=\"og:image:width\" content=\"1080\" \/>\n\t<meta property=\"og:image:height\" content=\"1080\" \/>\n\t<meta property=\"og:image:type\" content=\"image\/jpeg\" \/>\n<meta name=\"twitter:card\" content=\"summary_large_image\" \/>\n<meta name=\"twitter:label1\" content=\"Szacowany czas czytania\" \/>\n\t<meta name=\"twitter:data1\" content=\"1 minuta\" \/>\n<!-- \/ Yoast SEO Premium plugin. -->","yoast_head_json":{"title":"Ho Chi Minh Mapa Miasta - Plakat Mapa Miasta - Positive Prints","description":"Przynie\u015b do domu pami\u0105tk\u0119 swoich ulubionych przyg\u00f3d dzi\u0119ki naszemu plakatowi z map\u0105 miasta Ho Chi Minh. Nasze wysokiej jako\u015bci plakaty stanowi\u0105 doskona\u0142\u0105 dekoracj\u0119 na \u015bcian\u0119!","robots":{"index":"index","follow":"follow","max-snippet":"max-snippet:-1","max-image-preview":"max-image-preview:large","max-video-preview":"max-video-preview:-1"},"canonical":"https:\/\/positiveprints.com\/pl\/produkt\/ho-chi-minh-map-poster-2\/","og_locale":"pl_PL","og_type":"article","og_title":"Plakat Ho Chi Minh - Mapa Miasta","og_description":"Do\u015bwiadcz urzekaj\u0105cego pi\u0119kna miasta Ho Chi Minh dzi\u0119ki detalom uchwyconym na naszej mapie  Oznacz wyj\u0105tkowe miejsce wybranym symbolem  Spersonalizuj w 3 prostych krokach  U\u017cyj jednego z naszych szablon\u00f3w lub daj popis swojej wyobra\u017ani  Interaktywny podgl\u0105d pozwoli dopracowa\u0107 ka\u017cdy szczeg\u00f3\u0142","og_url":"https:\/\/positiveprints.com\/pl\/produkt\/ho-chi-minh-map-poster-2\/","og_site_name":"Positive Prints","article_publisher":"https:\/\/www.facebook.com\/positiveprintscom","article_modified_time":"2026-04-03T02:42:14+00:00","og_image":[{"width":1080,"height":1080,"url":"https:\/\/positiveprints.com\/wp-content\/uploads\/2021\/10\/Ho-Chi-Minh-city-map-poster.jpg","type":"image\/jpeg"}],"twitter_card":"summary_large_image","twitter_misc":{"Szacowany czas czytania":"1 minuta"},"schema":{"@context":"https:\/\/schema.org","@graph":[{"@type":["WebPage","ItemPage"],"@id":"https:\/\/positiveprints.com\/pl\/produkt\/ho-chi-minh-map-poster-2\/","url":"https:\/\/positiveprints.com\/pl\/produkt\/ho-chi-minh-map-poster-2\/","name":"Ho Chi Minh Mapa Miasta - Plakat Mapa Miasta - Positive Prints","isPartOf":{"@id":"https:\/\/positiveprints.com\/pl\/#website"},"primaryImageOfPage":{"@id":"https:\/\/positiveprints.com\/pl\/produkt\/ho-chi-minh-map-poster-2\/#primaryimage"},"image":{"@id":"https:\/\/positiveprints.com\/pl\/produkt\/ho-chi-minh-map-poster-2\/#primaryimage"},"thumbnailUrl":"https:\/\/positiveprints.com\/wp-content\/uploads\/2021\/10\/Ho-Chi-Minh-city-map-poster.jpg","datePublished":"2021-10-13T15:16:29+00:00","dateModified":"2026-04-03T02:42:14+00:00","description":"Przynie\u015b do domu pami\u0105tk\u0119 swoich ulubionych przyg\u00f3d dzi\u0119ki naszemu plakatowi z map\u0105 miasta Ho Chi Minh. Nasze wysokiej jako\u015bci plakaty stanowi\u0105 doskona\u0142\u0105 dekoracj\u0119 na \u015bcian\u0119!","breadcrumb":{"@id":"https:\/\/positiveprints.com\/pl\/produkt\/ho-chi-minh-map-poster-2\/#breadcrumb"},"inLanguage":"pl-PL","potentialAction":[{"@type":"ReadAction","target":["https:\/\/positiveprints.com\/pl\/produkt\/ho-chi-minh-map-poster-2\/"]}]},{"@type":"ImageObject","inLanguage":"pl-PL","@id":"https:\/\/positiveprints.com\/pl\/produkt\/ho-chi-minh-map-poster-2\/#primaryimage","url":"https:\/\/positiveprints.com\/wp-content\/uploads\/2021\/10\/Ho-Chi-Minh-city-map-poster.jpg","contentUrl":"https:\/\/positiveprints.com\/wp-content\/uploads\/2021\/10\/Ho-Chi-Minh-city-map-poster.jpg","width":1080,"height":1080,"caption":"Nasz plakat z map\u0105 Ho Chi Minh jest narysowany w skali artystycznej przy u\u017cyciu najdok\u0142adniejszych i najbardziej aktualnych danych mapowych."},{"@type":"BreadcrumbList","@id":"https:\/\/positiveprints.com\/pl\/produkt\/ho-chi-minh-map-poster-2\/#breadcrumb","itemListElement":[{"@type":"ListItem","position":1,"name":"Home","item":"https:\/\/positiveprints.com\/pl\/"},{"@type":"ListItem","position":2,"name":"Produkty","item":"https:\/\/positiveprints.com\/pl\/shop\/"},{"@type":"ListItem","position":3,"name":"Plakat Ho Chi Minh &#8211; Mapa Miasta"}]},{"@type":"WebSite","@id":"https:\/\/positiveprints.com\/pl\/#website","url":"https:\/\/positiveprints.com\/pl\/","name":"Positive Prints","description":"Amazing Custom Personalized Gifts","publisher":{"@id":"https:\/\/positiveprints.com\/pl\/#organization"},"potentialAction":[{"@type":"SearchAction","target":{"@type":"EntryPoint","urlTemplate":"https:\/\/positiveprints.com\/pl\/?s={search_term_string}"},"query-input":{"@type":"PropertyValueSpecification","valueRequired":true,"valueName":"search_term_string"}}],"inLanguage":"pl-PL"},{"@type":"Organization","@id":"https:\/\/positiveprints.com\/pl\/#organization","name":"Positive Prints","alternateName":"Positive Prints","url":"https:\/\/positiveprints.com\/pl\/","logo":{"@type":"ImageObject","inLanguage":"pl-PL","@id":"https:\/\/positiveprints.com\/pl\/#\/schema\/logo\/image\/","url":"https:\/\/positiveprints.com\/wp-content\/uploads\/2026\/03\/245815646_1337939713319158_5671353136411139666_n.png","contentUrl":"https:\/\/positiveprints.com\/wp-content\/uploads\/2026\/03\/245815646_1337939713319158_5671353136411139666_n.png","width":800,"height":800,"caption":"Positive Prints"},"image":{"@id":"https:\/\/positiveprints.com\/pl\/#\/schema\/logo\/image\/"},"sameAs":["https:\/\/www.facebook.com\/positiveprintscom","https:\/\/www.instagram.com\/positiveprintscom\/","https:\/\/www.tiktok.com\/@positiveprintscom","https:\/\/www.pinterest.com\/positiveprintscom\/"]}]}},"jetpack_sharing_enabled":true,"_links":{"self":[{"href":"https:\/\/positiveprints.com\/pl\/wp-json\/wp\/v2\/product\/460051","targetHints":{"allow":["GET"]}}],"collection":[{"href":"https:\/\/positiveprints.com\/pl\/wp-json\/wp\/v2\/product"}],"about":[{"href":"https:\/\/positiveprints.com\/pl\/wp-json\/wp\/v2\/types\/product"}],"wp:featuredmedia":[{"embeddable":true,"href":"https:\/\/positiveprints.com\/pl\/wp-json\/wp\/v2\/media\/169093"}],"wp:attachment":[{"href":"https:\/\/positiveprints.com\/pl\/wp-json\/wp\/v2\/media?parent=460051"}],"wp:term":[{"taxonomy":"product_brand","embeddable":true,"href":"https:\/\/positiveprints.com\/pl\/wp-json\/wp\/v2\/product_brand?post=460051"},{"taxonomy":"product_cat","embeddable":true,"href":"https:\/\/positiveprints.com\/pl\/wp-json\/wp\/v2\/product_cat?post=460051"},{"taxonomy":"product_tag","embeddable":true,"href":"https:\/\/positiveprints.com\/pl\/wp-json\/wp\/v2\/product_tag?post=460051"}],"curies":[{"name":"wp","href":"https:\/\/api.w.org\/{rel}","templated":true}]}}