{"id":453613,"date":"2023-02-17T14:09:33","date_gmt":"2023-02-17T13:09:33","guid":{"rendered":"https:\/\/positiveprints.com\/?post_type=product&#038;p=453613"},"modified":"2026-04-18T06:11:14","modified_gmt":"2026-04-18T05:11:14","slug":"personalizowana-mapa-dla-rodzicow","status":"publish","type":"product","link":"https:\/\/positiveprints.com\/pl\/produkt\/personalizowana-mapa-dla-rodzicow\/","title":{"rendered":"Personalizowana Mapa dla Rodzic\u00f3w"},"content":{"rendered":"<p style=\"margin-top: 1rem\">Szukasz wyj\u0105tkowego prezentu dla swoich rodzic\u00f3w? Stw\u00f3rz spersonalizowany plakat mapy! Dzi\u0119ki opcjom personalizacji mo\u017cesz stworzy\u0107 co\u015b oryginalnego, co b\u0119dzie cenione przez Twoich rodzic\u00f3w przez wiele lat. Bez wzgl\u0119du na okazj\u0119, Spersonalizowana Mapa Dla Rodzic\u00f3w z pewno\u015bci\u0105 sprawi, \u017ce Twoi rodzice poczuj\u0105 si\u0119 docenieni.<\/p>\r\n\r\n\r\n\r\n<h2 class=\"grenB f24 cblue\" style=\"margin-top: 3rem\">Poka\u017c im jak bardzo ich doceniasz<\/h2>\r\n\r\n<p style=\"margin-top: 1rem\">Spersonalizowana Mapa Dla Rodzic\u00f3w jest \u015bwietnym sposobem na upami\u0119tnienie specjalnych okazji, takich jak rocznice, urodziny lub uko\u0144czenie szko\u0142y. Mo\u017cesz zaznaczy\u0107 miejsce, kt\u00f3re ma szczeg\u00f3lne znaczenie dla rodzic\u00f3w \u2013 na przyk\u0142ad miejsce \u015blubu, rodzinne miasto lub miejsce, kt\u00f3re razem odwiedzili. Ten rodzaj prezentu poka\u017ce im, jak bardzo Ci zale\u017cy i sprawi, \u017ce poczuj\u0105 si\u0119 docenieni.<\/p>\r\n\r\n\r\n\r\n<h2 class=\"grenB f24 cblue\" style=\"margin-top: 3rem\">Spersonalizuj Map\u0119 Dla Rodzic\u00f3w<\/h2>\r\n\r\n<p style=\"margin-top: 1rem\">Bez wzgl\u0119du na okazj\u0119, Spersonalizowana Mapa dla Rodzic\u00f3w oferuje r\u00f3\u017cnorodne wzory i kolory do wyboru. Od klasycznych czarno-bia\u0142ych map po \u017cywe abstrakcyjne projekty \u2014 na pewno znajdziesz co\u015b, co pokochaj\u0105 twoi rodzice. Wybierz projekt, kt\u00f3ry odzwierciedla ich osobowo\u015b\u0107 lub taki, kt\u00f3ry przemawia do ich zainteresowa\u0144.<\/p>\r\n\r\n\r\n\r\n<p style=\"margin-top: 1rem\">Mo\u017cesz r\u00f3wnie\u017c doda\u0107 w\u0142asny tekst na wydruku lub p\u0142\u00f3tnie dla swoich rodzic\u00f3w. Mo\u017cesz do\u0142\u0105czy\u0107 szczer\u0105 wiadomo\u015b\u0107, na przyk\u0142ad wyra\u017caj\u0105c, jak bardzo ich kochasz i doceniasz. A je\u015bli chcesz roz\u015bmieszy\u0107 swoich rodzic\u00f3w, dlaczego nie doda\u0107 \u017cartu lub \u015bmiesznego wyra\u017cenia? Personalizacja mapy w\u0142asnymi s\u0142owami z pewno\u015bci\u0105 sprawi, \u017ce prezent b\u0119dzie jeszcze bardziej wyj\u0105tkowy i niezapomniany.<\/p>\r\n\r\n\r\n\r\n<h2 class=\"grenB f24 cblue\" style=\"margin-top: 3rem\">Idealny prezent na ka\u017cd\u0105 okazj\u0119!<\/h2>\r\n\r\n<p style=\"margin-top: 1rem\">Niezale\u017cnie od tego, czy \u015bwi\u0119tujesz specjaln\u0105 okazj\u0119, czy po prostu okazujesz wdzi\u0119czno\u015b\u0107, spersonalizowana mapa to idealny prezent dla rodzic\u00f3w. Jest wyj\u0105tkowy i przemy\u015blany &#8211; co\u015b, co b\u0119d\u0105 ceni\u0107 przez wiele lat. Nie zapomnij wi\u0119c okaza\u0107 swojej mi\u0142o\u015bci w tym sezonie za pomoc\u0105 spersonalizowanej Mapy Dla Rodzic\u00f3w!<\/p>","protected":false},"excerpt":{"rendered":"<ul class=\"check-list\">\n<li>Podkre\u015bl wa\u017cne miejsce za pomoc\u0105 wybranego symbolu<\/li>\n<li>Spersonalizuj w 3 prostych krokach<\/li>\n<li>Dodaj dedykacj\u0119 prosto z serca<\/li>\n<li>Interaktywny podgl\u0105d pozwoli dopracowa\u0107 ka\u017cdy szczeg\u00f3\u0142<\/li>\n<\/ul>\n","protected":false},"featured_media":1611620,"template":"","meta":[],"product_brand":[],"product_cat":[99,7188,5271,11415],"product_tag":[15499,8757],"class_list":{"0":"post-453613","1":"product","2":"type-product","3":"status-publish","4":"has-post-thumbnail","6":"product_cat-wszystkie-produkty","7":"product_cat-map-pl","8":"product_cat-prezent-na-boze-narodzenie","9":"product_cat-prezenty-pod-choinke-dla-rodzicow","10":"product_tag-mama-i-tata","11":"product_tag-parents-pl","13":"first","14":"instock","15":"sale","16":"taxable","17":"shipping-taxable","18":"purchasable","19":"product-type-variable"},"yoast_head":"<!-- This site is optimized with the Yoast SEO Premium plugin v27.2 (Yoast SEO v27.2) - https:\/\/yoast.com\/product\/yoast-seo-premium-wordpress\/ -->\n<title>Personalizowana Mapa dla Rodzic\u00f3w - Positive Prints<\/title>\n<meta name=\"description\" content=\"Niezale\u017cnie od tego, czy \u015bwi\u0119tujesz specjaln\u0105 okazj\u0119, czy po prostu okazujesz wdzi\u0119czno\u015b\u0107, spersonalizowana mapa to idealny prezent dla rodzic\u00f3w.\" \/>\n<meta name=\"robots\" content=\"index, follow, max-snippet:-1, max-image-preview:large, max-video-preview:-1\" \/>\n<link rel=\"canonical\" href=\"https:\/\/positiveprints.com\/pl\/produkt\/personalizowana-mapa-dla-rodzicow\/\" \/>\n<meta property=\"og:locale\" content=\"pl_PL\" \/>\n<meta property=\"og:type\" content=\"article\" \/>\n<meta property=\"og:title\" content=\"Personalizowana Mapa dla Rodzic\u00f3w\" \/>\n<meta property=\"og:description\" content=\"Podkre\u015bl wa\u017cne miejsce za pomoc\u0105 wybranego symbolu  Spersonalizuj w 3 prostych krokach  Dodaj dedykacj\u0119 prosto z serca  Interaktywny podgl\u0105d pozwoli dopracowa\u0107 ka\u017cdy szczeg\u00f3\u0142\" \/>\n<meta property=\"og:url\" content=\"https:\/\/positiveprints.com\/pl\/produkt\/personalizowana-mapa-dla-rodzicow\/\" \/>\n<meta property=\"og:site_name\" content=\"Positive Prints\" \/>\n<meta property=\"article:publisher\" content=\"https:\/\/www.facebook.com\/positiveprintscom\" \/>\n<meta property=\"article:modified_time\" content=\"2026-04-18T05:11:14+00:00\" \/>\n<meta property=\"og:image\" content=\"https:\/\/positiveprints.com\/wp-content\/uploads\/2023\/08\/Spersonalizowana-Mapa-dla-Rodzicow-1.jpg\" \/>\n\t<meta property=\"og:image:width\" content=\"1080\" \/>\n\t<meta property=\"og:image:height\" content=\"1080\" \/>\n\t<meta property=\"og:image:type\" content=\"image\/jpeg\" \/>\n<meta name=\"twitter:card\" content=\"summary_large_image\" \/>\n<meta name=\"twitter:label1\" content=\"Szacowany czas czytania\" \/>\n\t<meta name=\"twitter:data1\" content=\"2 minuty\" \/>\n<!-- \/ Yoast SEO Premium plugin. -->","yoast_head_json":{"title":"Personalizowana Mapa dla Rodzic\u00f3w - Positive Prints","description":"Niezale\u017cnie od tego, czy \u015bwi\u0119tujesz specjaln\u0105 okazj\u0119, czy po prostu okazujesz wdzi\u0119czno\u015b\u0107, spersonalizowana mapa to idealny prezent dla rodzic\u00f3w.","robots":{"index":"index","follow":"follow","max-snippet":"max-snippet:-1","max-image-preview":"max-image-preview:large","max-video-preview":"max-video-preview:-1"},"canonical":"https:\/\/positiveprints.com\/pl\/produkt\/personalizowana-mapa-dla-rodzicow\/","og_locale":"pl_PL","og_type":"article","og_title":"Personalizowana Mapa dla Rodzic\u00f3w","og_description":"Podkre\u015bl wa\u017cne miejsce za pomoc\u0105 wybranego symbolu  Spersonalizuj w 3 prostych krokach  Dodaj dedykacj\u0119 prosto z serca  Interaktywny podgl\u0105d pozwoli dopracowa\u0107 ka\u017cdy szczeg\u00f3\u0142","og_url":"https:\/\/positiveprints.com\/pl\/produkt\/personalizowana-mapa-dla-rodzicow\/","og_site_name":"Positive Prints","article_publisher":"https:\/\/www.facebook.com\/positiveprintscom","article_modified_time":"2026-04-18T05:11:14+00:00","og_image":[{"width":1080,"height":1080,"url":"https:\/\/positiveprints.com\/wp-content\/uploads\/2023\/08\/Spersonalizowana-Mapa-dla-Rodzicow-1.jpg","type":"image\/jpeg"}],"twitter_card":"summary_large_image","twitter_misc":{"Szacowany czas czytania":"2 minuty"},"schema":{"@context":"https:\/\/schema.org","@graph":[{"@type":["WebPage","ItemPage"],"@id":"https:\/\/positiveprints.com\/pl\/produkt\/personalizowana-mapa-dla-rodzicow\/","url":"https:\/\/positiveprints.com\/pl\/produkt\/personalizowana-mapa-dla-rodzicow\/","name":"Personalizowana Mapa dla Rodzic\u00f3w - Positive Prints","isPartOf":{"@id":"https:\/\/positiveprints.com\/pl\/#website"},"primaryImageOfPage":{"@id":"https:\/\/positiveprints.com\/pl\/produkt\/personalizowana-mapa-dla-rodzicow\/#primaryimage"},"image":{"@id":"https:\/\/positiveprints.com\/pl\/produkt\/personalizowana-mapa-dla-rodzicow\/#primaryimage"},"thumbnailUrl":"https:\/\/positiveprints.com\/wp-content\/uploads\/2026\/01\/Packshot_PL_Personalizowana-Mapa-dla-Rodzicow.webp","datePublished":"2023-02-17T13:09:33+00:00","dateModified":"2026-04-18T05:11:14+00:00","description":"Niezale\u017cnie od tego, czy \u015bwi\u0119tujesz specjaln\u0105 okazj\u0119, czy po prostu okazujesz wdzi\u0119czno\u015b\u0107, spersonalizowana mapa to idealny prezent dla rodzic\u00f3w.","breadcrumb":{"@id":"https:\/\/positiveprints.com\/pl\/produkt\/personalizowana-mapa-dla-rodzicow\/#breadcrumb"},"inLanguage":"pl-PL","potentialAction":[{"@type":"ReadAction","target":["https:\/\/positiveprints.com\/pl\/produkt\/personalizowana-mapa-dla-rodzicow\/"]}]},{"@type":"ImageObject","inLanguage":"pl-PL","@id":"https:\/\/positiveprints.com\/pl\/produkt\/personalizowana-mapa-dla-rodzicow\/#primaryimage","url":"https:\/\/positiveprints.com\/wp-content\/uploads\/2026\/01\/Packshot_PL_Personalizowana-Mapa-dla-Rodzicow.webp","contentUrl":"https:\/\/positiveprints.com\/wp-content\/uploads\/2026\/01\/Packshot_PL_Personalizowana-Mapa-dla-Rodzicow.webp","width":1450,"height":1450},{"@type":"BreadcrumbList","@id":"https:\/\/positiveprints.com\/pl\/produkt\/personalizowana-mapa-dla-rodzicow\/#breadcrumb","itemListElement":[{"@type":"ListItem","position":1,"name":"Home","item":"https:\/\/positiveprints.com\/pl\/"},{"@type":"ListItem","position":2,"name":"Produkty","item":"https:\/\/positiveprints.com\/pl\/shop\/"},{"@type":"ListItem","position":3,"name":"Personalizowana Mapa dla Rodzic\u00f3w"}]},{"@type":"WebSite","@id":"https:\/\/positiveprints.com\/pl\/#website","url":"https:\/\/positiveprints.com\/pl\/","name":"Positive Prints","description":"Amazing Custom Personalized Gifts","publisher":{"@id":"https:\/\/positiveprints.com\/pl\/#organization"},"potentialAction":[{"@type":"SearchAction","target":{"@type":"EntryPoint","urlTemplate":"https:\/\/positiveprints.com\/pl\/?s={search_term_string}"},"query-input":{"@type":"PropertyValueSpecification","valueRequired":true,"valueName":"search_term_string"}}],"inLanguage":"pl-PL"},{"@type":"Organization","@id":"https:\/\/positiveprints.com\/pl\/#organization","name":"Positive Prints","alternateName":"Positive Prints","url":"https:\/\/positiveprints.com\/pl\/","logo":{"@type":"ImageObject","inLanguage":"pl-PL","@id":"https:\/\/positiveprints.com\/pl\/#\/schema\/logo\/image\/","url":"https:\/\/positiveprints.com\/wp-content\/uploads\/2026\/03\/245815646_1337939713319158_5671353136411139666_n.png","contentUrl":"https:\/\/positiveprints.com\/wp-content\/uploads\/2026\/03\/245815646_1337939713319158_5671353136411139666_n.png","width":800,"height":800,"caption":"Positive Prints"},"image":{"@id":"https:\/\/positiveprints.com\/pl\/#\/schema\/logo\/image\/"},"sameAs":["https:\/\/www.facebook.com\/positiveprintscom","https:\/\/www.instagram.com\/positiveprintscom\/","https:\/\/www.tiktok.com\/@positiveprintscom","https:\/\/www.pinterest.com\/positiveprintscom\/"]}]}},"jetpack_sharing_enabled":true,"_links":{"self":[{"href":"https:\/\/positiveprints.com\/pl\/wp-json\/wp\/v2\/product\/453613","targetHints":{"allow":["GET"]}}],"collection":[{"href":"https:\/\/positiveprints.com\/pl\/wp-json\/wp\/v2\/product"}],"about":[{"href":"https:\/\/positiveprints.com\/pl\/wp-json\/wp\/v2\/types\/product"}],"wp:featuredmedia":[{"embeddable":true,"href":"https:\/\/positiveprints.com\/pl\/wp-json\/wp\/v2\/media\/1611620"}],"wp:attachment":[{"href":"https:\/\/positiveprints.com\/pl\/wp-json\/wp\/v2\/media?parent=453613"}],"wp:term":[{"taxonomy":"product_brand","embeddable":true,"href":"https:\/\/positiveprints.com\/pl\/wp-json\/wp\/v2\/product_brand?post=453613"},{"taxonomy":"product_cat","embeddable":true,"href":"https:\/\/positiveprints.com\/pl\/wp-json\/wp\/v2\/product_cat?post=453613"},{"taxonomy":"product_tag","embeddable":true,"href":"https:\/\/positiveprints.com\/pl\/wp-json\/wp\/v2\/product_tag?post=453613"}],"curies":[{"name":"wp","href":"https:\/\/api.w.org\/{rel}","templated":true}]}}