{"id":453500,"date":"2023-02-16T13:31:44","date_gmt":"2023-02-16T12:31:44","guid":{"rendered":"https:\/\/positiveprints.com\/?post_type=product&#038;p=453500"},"modified":"2026-04-28T14:28:30","modified_gmt":"2026-04-28T13:28:30","slug":"mapa-domu-rodzicow","status":"publish","type":"product","link":"https:\/\/positiveprints.com\/pl\/produkt\/mapa-domu-rodzicow\/","title":{"rendered":"Mapa Domu Rodzinnego"},"content":{"rendered":"<p style=\"margin-top: 1rem\">Szukasz wyj\u0105tkowego prezentu dla swoich rodzic\u00f3w? Mamy co\u015b dla Ciebie &#8211; Map\u0119 Domu Rodzic\u00f3w! Dzi\u0119ki opcji personalizacji mo\u017cesz stworzy\u0107 jedyny w swoim rodzaju prezent, kt\u00f3ry twoi rodzice b\u0119d\u0105 ceni\u0107 przez wiele lat. Dlaczego wi\u0119c nie zaskoczy\u0107 ich dzisiaj tym znacz\u0105cym i przemy\u015blanym prezentem? Na pewno go pokochaj\u0105!<\/p>\r\n\r\n<h2 class=\"grenB f24 cblue\" style=\"margin-top: 3rem\">Pi\u0119kne Przypomnienie Wszystkich Wspania\u0142ych Wspomnie\u0144<\/h2>\r\n\r\n<p style=\"margin-top: 1rem\">Mapa Domu Rodzic\u00f3w to doskona\u0142y wyb\u00f3r dla tych, kt\u00f3rzy szukaj\u0105 znacz\u0105cego i przemy\u015blanego prezentu dla swoich rodzic\u00f3w. Ta spersonalizowana mapa z pewno\u015bci\u0105 wywo\u0142a u\u015bmiech na twarzach Twoich rodzic\u00f3w i b\u0119dzie pi\u0119knym przypomnieniem wszystkich wspania\u0142ych miejsc i wsp\u00f3lnych wspomnie\u0144. A poniewa\u017c mo\u017cna j\u0105 dostosowa\u0107, mo\u017cesz mie\u0107 pewno\u015b\u0107, \u017ce Mapa Domu Rodzic\u00f3w z pewno\u015bci\u0105 przypadnie im do gustu i zawsze pozostanie szczeg\u00f3lnym przypomnieniem o mi\u0142o\u015bci mi\u0119dzy Wami.<\/p>\r\n\r\n<p style=\"margin-top: 1rem\">Mapa domu rodzic\u00f3w to idealny prezent na ka\u017cd\u0105 okazj\u0119, niezale\u017cnie od tego, czy jest to rocznica Twoich rodzic\u00f3w, ich urodziny, czy po prostu, aby pokaza\u0107 im, jak wiele dla Ciebie znacz\u0105. Ta spersonalizowana mapa z pewno\u015bci\u0105 sprawi, \u017ce Twoi rodzice poczuj\u0105 si\u0119 kochani i wyj\u0105tkowi, poniewa\u017c za ka\u017cdym razem, gdy na ni\u0105 spojrz\u0105, b\u0119d\u0105 im przypomina\u0107 si\u0119 wszystkie wspania\u0142e miejsca i wspomnienia, kt\u00f3re dzielili razem.<\/p>\r\n\r\n<h2 class=\"grenB f24 cblue\" style=\"margin-top: 3rem\">Personalizacja Mapy Domu Rodzic\u00f3w Jest \u0141atwa i Przyjemna<\/h2>\r\n\r\n<p style=\"margin-top: 1rem\">Personalizacja Mapy Domu Rodzic\u00f3w jest \u0142atwa i przyjemna! Najpierw wybierasz wersj\u0119 kolorystyczn\u0105 swojej mapy. Nast\u0119pnie wpisujesz lokalizacj\u0119, kt\u00f3r\u0105 chcesz przedstawi\u0107, oraz symbol, kt\u00f3rym chcesz oznaczy\u0107 dom swoich rodzic\u00f3w. Je\u015bli chcesz, mo\u017cesz tak\u017ce doda\u0107 sw\u00f3j w\u0142asny tekst! Po dokonaniu wszystkich wybor\u00f3w mo\u017cesz wybra\u0107 rozmiar i format wydruku. Mo\u017cesz wybra\u0107 plakat zwyk\u0142y lub w ramie, p\u0142\u00f3tno lub plik do natychmiastowego pobrania, kt\u00f3ry mo\u017cesz wydrukowa\u0107 w lokalnej drukarni. Dzi\u0119ki tak wielu opcjom personalizacji mo\u017cesz stworzy\u0107 wyj\u0105tkowy i znacz\u0105cy prezent, kt\u00f3ry Twoi rodzice b\u0119d\u0105 ceni\u0107 przez wiele lat!<\/p>\r\n\r\n\r\n\r\n<p style=\"margin-top: 3rem\">Zam\u00f3w Map\u0119 Domu Rodzic\u00f3w ju\u017c dzi\u015b i podaruj swoim rodzicom wyj\u0105tkowy i znacz\u0105cy prezent, o kt\u00f3rym zawsze b\u0119d\u0105 pami\u0119ta\u0107!<\/p>","protected":false},"excerpt":{"rendered":"<ul class=\"check-list\">\n<li>Stw\u00f3rz map\u0119 z miejscem, kt\u00f3re na zawsze pozostanie Twoim domem, dop\u00f3ki s\u0105 w nim Rodzice<\/li>\n<li>Podkre\u015bl wa\u017cne miejsce za pomoc\u0105 wybranego symbolu<\/li>\n<li>Spersonalizuj w 3 prostych krokach<\/li>\n<li>Dodaj dedykacj\u0119 prosto z serca<\/li>\n<li>Interaktywny podgl\u0105d pozwoli dopracowa\u0107 ka\u017cdy szczeg\u00f3\u0142<\/li>\n<\/ul>\n","protected":false},"featured_media":656923,"template":"","meta":[],"product_brand":[],"product_cat":[99,7188,5271,15059,11415],"product_tag":[15499,8757,13468],"class_list":{"0":"post-453500","1":"product","2":"type-product","3":"status-publish","4":"has-post-thumbnail","6":"product_cat-wszystkie-produkty","7":"product_cat-map-pl","8":"product_cat-prezent-na-boze-narodzenie","9":"product_cat-prezenty-pod-choinke-dla-rodziny","10":"product_cat-prezenty-pod-choinke-dla-rodzicow","11":"product_tag-mama-i-tata","12":"product_tag-parents-pl","13":"product_tag-prezenty-swiateczne-dla-rodziny","15":"first","16":"instock","17":"sale","18":"taxable","19":"shipping-taxable","20":"purchasable","21":"product-type-variable"},"yoast_head":"<!-- This site is optimized with the Yoast SEO Premium plugin v27.2 (Yoast SEO v27.2) - https:\/\/yoast.com\/product\/yoast-seo-premium-wordpress\/ -->\n<title>Mapa Domu Rodzinnego - Positive Prints<\/title>\n<meta name=\"description\" content=\"Szukasz wyj\u0105tkowego prezentu dla swoich rodzic\u00f3w? Zam\u00f3w Map\u0119 Domu Rodzic\u00f3w ju\u017c dzi\u015b i podaruj swoim rodzicom wyj\u0105tkowy i znacz\u0105cy prezent, o kt\u00f3rym zawsze b\u0119d\u0105 pami\u0119ta\u0107!\" \/>\n<meta name=\"robots\" content=\"index, follow, max-snippet:-1, max-image-preview:large, max-video-preview:-1\" \/>\n<link rel=\"canonical\" href=\"https:\/\/positiveprints.com\/pl\/produkt\/mapa-domu-rodzicow\/\" \/>\n<meta property=\"og:locale\" content=\"pl_PL\" \/>\n<meta property=\"og:type\" content=\"article\" \/>\n<meta property=\"og:title\" content=\"Mapa Domu Rodzinnego\" \/>\n<meta property=\"og:description\" content=\"Stw\u00f3rz map\u0119 z miejscem, kt\u00f3re na zawsze pozostanie Twoim domem, dop\u00f3ki s\u0105 w nim Rodzice  Podkre\u015bl wa\u017cne miejsce za pomoc\u0105 wybranego symbolu  Spersonalizuj w 3 prostych krokach  Dodaj dedykacj\u0119 prosto z serca  Interaktywny podgl\u0105d pozwoli dopracowa\u0107 ka\u017cdy szczeg\u00f3\u0142\" \/>\n<meta property=\"og:url\" content=\"https:\/\/positiveprints.com\/pl\/produkt\/mapa-domu-rodzicow\/\" \/>\n<meta property=\"og:site_name\" content=\"Positive Prints\" \/>\n<meta property=\"article:publisher\" content=\"https:\/\/www.facebook.com\/positiveprintscom\" \/>\n<meta property=\"article:modified_time\" content=\"2026-04-28T13:28:30+00:00\" \/>\n<meta property=\"og:image\" content=\"https:\/\/positiveprints.com\/wp-content\/uploads\/2023\/08\/Mapa-Domu-Rodzinnego-1.jpg\" \/>\n\t<meta property=\"og:image:width\" content=\"1080\" \/>\n\t<meta property=\"og:image:height\" content=\"1080\" \/>\n\t<meta property=\"og:image:type\" content=\"image\/jpeg\" \/>\n<meta name=\"twitter:card\" content=\"summary_large_image\" \/>\n<!-- \/ Yoast SEO Premium plugin. -->","yoast_head_json":{"title":"Mapa Domu Rodzinnego - Positive Prints","description":"Szukasz wyj\u0105tkowego prezentu dla swoich rodzic\u00f3w? Zam\u00f3w Map\u0119 Domu Rodzic\u00f3w ju\u017c dzi\u015b i podaruj swoim rodzicom wyj\u0105tkowy i znacz\u0105cy prezent, o kt\u00f3rym zawsze b\u0119d\u0105 pami\u0119ta\u0107!","robots":{"index":"index","follow":"follow","max-snippet":"max-snippet:-1","max-image-preview":"max-image-preview:large","max-video-preview":"max-video-preview:-1"},"canonical":"https:\/\/positiveprints.com\/pl\/produkt\/mapa-domu-rodzicow\/","og_locale":"pl_PL","og_type":"article","og_title":"Mapa Domu Rodzinnego","og_description":"Stw\u00f3rz map\u0119 z miejscem, kt\u00f3re na zawsze pozostanie Twoim domem, dop\u00f3ki s\u0105 w nim Rodzice  Podkre\u015bl wa\u017cne miejsce za pomoc\u0105 wybranego symbolu  Spersonalizuj w 3 prostych krokach  Dodaj dedykacj\u0119 prosto z serca  Interaktywny podgl\u0105d pozwoli dopracowa\u0107 ka\u017cdy szczeg\u00f3\u0142","og_url":"https:\/\/positiveprints.com\/pl\/produkt\/mapa-domu-rodzicow\/","og_site_name":"Positive Prints","article_publisher":"https:\/\/www.facebook.com\/positiveprintscom","article_modified_time":"2026-04-28T13:28:30+00:00","og_image":[{"width":1080,"height":1080,"url":"https:\/\/positiveprints.com\/wp-content\/uploads\/2023\/08\/Mapa-Domu-Rodzinnego-1.jpg","type":"image\/jpeg"}],"twitter_card":"summary_large_image","schema":{"@context":"https:\/\/schema.org","@graph":[{"@type":["WebPage","ItemPage"],"@id":"https:\/\/positiveprints.com\/pl\/produkt\/mapa-domu-rodzicow\/","url":"https:\/\/positiveprints.com\/pl\/produkt\/mapa-domu-rodzicow\/","name":"Mapa Domu Rodzinnego - Positive Prints","isPartOf":{"@id":"https:\/\/positiveprints.com\/pl\/#website"},"primaryImageOfPage":{"@id":"https:\/\/positiveprints.com\/pl\/produkt\/mapa-domu-rodzicow\/#primaryimage"},"image":{"@id":"https:\/\/positiveprints.com\/pl\/produkt\/mapa-domu-rodzicow\/#primaryimage"},"thumbnailUrl":"https:\/\/positiveprints.com\/wp-content\/uploads\/2023\/08\/Mapa-Domu-Rodzinnego-1.jpg","datePublished":"2023-02-16T12:31:44+00:00","dateModified":"2026-04-28T13:28:30+00:00","description":"Szukasz wyj\u0105tkowego prezentu dla swoich rodzic\u00f3w? Zam\u00f3w Map\u0119 Domu Rodzic\u00f3w ju\u017c dzi\u015b i podaruj swoim rodzicom wyj\u0105tkowy i znacz\u0105cy prezent, o kt\u00f3rym zawsze b\u0119d\u0105 pami\u0119ta\u0107!","breadcrumb":{"@id":"https:\/\/positiveprints.com\/pl\/produkt\/mapa-domu-rodzicow\/#breadcrumb"},"inLanguage":"pl-PL","potentialAction":[{"@type":"ReadAction","target":["https:\/\/positiveprints.com\/pl\/produkt\/mapa-domu-rodzicow\/"]}]},{"@type":"ImageObject","inLanguage":"pl-PL","@id":"https:\/\/positiveprints.com\/pl\/produkt\/mapa-domu-rodzicow\/#primaryimage","url":"https:\/\/positiveprints.com\/wp-content\/uploads\/2023\/08\/Mapa-Domu-Rodzinnego-1.jpg","contentUrl":"https:\/\/positiveprints.com\/wp-content\/uploads\/2023\/08\/Mapa-Domu-Rodzinnego-1.jpg","width":1080,"height":1080,"caption":"Mapa Domu Rodzinnego"},{"@type":"BreadcrumbList","@id":"https:\/\/positiveprints.com\/pl\/produkt\/mapa-domu-rodzicow\/#breadcrumb","itemListElement":[{"@type":"ListItem","position":1,"name":"Home","item":"https:\/\/positiveprints.com\/pl\/"},{"@type":"ListItem","position":2,"name":"Produkty","item":"https:\/\/positiveprints.com\/pl\/shop\/"},{"@type":"ListItem","position":3,"name":"Mapa Domu Rodzinnego"}]},{"@type":"WebSite","@id":"https:\/\/positiveprints.com\/pl\/#website","url":"https:\/\/positiveprints.com\/pl\/","name":"Positive Prints","description":"Amazing Custom Personalized Gifts","publisher":{"@id":"https:\/\/positiveprints.com\/pl\/#organization"},"potentialAction":[{"@type":"SearchAction","target":{"@type":"EntryPoint","urlTemplate":"https:\/\/positiveprints.com\/pl\/?s={search_term_string}"},"query-input":{"@type":"PropertyValueSpecification","valueRequired":true,"valueName":"search_term_string"}}],"inLanguage":"pl-PL"},{"@type":"Organization","@id":"https:\/\/positiveprints.com\/pl\/#organization","name":"Positive Prints","alternateName":"Positive Prints","url":"https:\/\/positiveprints.com\/pl\/","logo":{"@type":"ImageObject","inLanguage":"pl-PL","@id":"https:\/\/positiveprints.com\/pl\/#\/schema\/logo\/image\/","url":"https:\/\/positiveprints.com\/wp-content\/uploads\/2026\/03\/245815646_1337939713319158_5671353136411139666_n.png","contentUrl":"https:\/\/positiveprints.com\/wp-content\/uploads\/2026\/03\/245815646_1337939713319158_5671353136411139666_n.png","width":800,"height":800,"caption":"Positive Prints"},"image":{"@id":"https:\/\/positiveprints.com\/pl\/#\/schema\/logo\/image\/"},"sameAs":["https:\/\/www.facebook.com\/positiveprintscom","https:\/\/www.instagram.com\/positiveprintscom\/","https:\/\/www.tiktok.com\/@positiveprintscom","https:\/\/www.pinterest.com\/positiveprintscom\/"]}]}},"jetpack_sharing_enabled":true,"_links":{"self":[{"href":"https:\/\/positiveprints.com\/pl\/wp-json\/wp\/v2\/product\/453500","targetHints":{"allow":["GET"]}}],"collection":[{"href":"https:\/\/positiveprints.com\/pl\/wp-json\/wp\/v2\/product"}],"about":[{"href":"https:\/\/positiveprints.com\/pl\/wp-json\/wp\/v2\/types\/product"}],"wp:featuredmedia":[{"embeddable":true,"href":"https:\/\/positiveprints.com\/pl\/wp-json\/wp\/v2\/media\/656923"}],"wp:attachment":[{"href":"https:\/\/positiveprints.com\/pl\/wp-json\/wp\/v2\/media?parent=453500"}],"wp:term":[{"taxonomy":"product_brand","embeddable":true,"href":"https:\/\/positiveprints.com\/pl\/wp-json\/wp\/v2\/product_brand?post=453500"},{"taxonomy":"product_cat","embeddable":true,"href":"https:\/\/positiveprints.com\/pl\/wp-json\/wp\/v2\/product_cat?post=453500"},{"taxonomy":"product_tag","embeddable":true,"href":"https:\/\/positiveprints.com\/pl\/wp-json\/wp\/v2\/product_tag?post=453500"}],"curies":[{"name":"wp","href":"https:\/\/api.w.org\/{rel}","templated":true}]}}