{"id":453386,"date":"2023-02-15T20:55:15","date_gmt":"2023-02-15T19:55:15","guid":{"rendered":"https:\/\/positiveprints.com\/?post_type=product&#038;p=453386"},"modified":"2026-04-12T22:41:03","modified_gmt":"2026-04-12T21:41:03","slug":"ulubiona-piosenka-taty","status":"publish","type":"product","link":"https:\/\/positiveprints.com\/pl\/produkt\/ulubiona-piosenka-taty\/","title":{"rendered":"Ulubiona Piosenka Taty"},"content":{"rendered":"<p style=\"margin-top: 1rem\">Szukasz prezentu dla taty? Dzi\u0119ki Ulubionej Piosence Taty mo\u017cesz pokaza\u0107 mu, ile dla Ciebie znaczy, i sprawi\u0107, by poczu\u0142 si\u0119 doceniony. Niech Twoja mi\u0142o\u015b\u0107 przem\u00f3wi przez fale d\u017awi\u0119kowe i sprawi, \u017ceby jego dzie\u0144 by\u0142 wyj\u0105tkowy.<\/p>\n\n\n\n\n\n\n\n<h2 class=\"grenB f24 cblue\" style=\"margin-top: 3rem\">Jak stworzy\u0107 Ulubion\u0105 Piosenk\u0119 Taty?<\/h2>\n\n\n\n<p style=\"margin-top: 1rem\">Plakat Fali D\u017awi\u0119kowej &#8211; Ulubiona Piosenka Taty to jeden z najlepszych prezent\u00f3w, jakie mo\u017cesz podarowa\u0107 tacie na Dzie\u0144 Ojca lub inn\u0105 specjaln\u0105 okazj\u0119. Nie tylko pokazujesz, \u017ce doceniasz jego gust muzyczny, ale tak\u017ce dajesz mu co\u015b, z czego zawsze b\u0119dzie m\u00f3g\u0142 si\u0119 cieszy\u0107 i co zapami\u0119ta. Spersonalizowane plakaty i wydruki na p\u0142\u00f3tnie z fal\u0105 d\u017awi\u0119kow\u0105 pozwalaj\u0105 nam wyrazi\u0107, jak bardzo nam zale\u017cy w wyj\u0105tkowy i oryginalny spos\u00f3b. Daj\u0105 r\u00f3wnie\u017c ojcom okazj\u0119 do nawi\u0105zania wi\u0119zi ze swoimi dzie\u0107mi, dziel\u0105c si\u0119 wspomnieniami przy ulubionej melodii.<\/p>\n\n\n\n\n\n\n\n<p style=\"margin-top: 1rem\">Aby utworzy\u0107 Plakat z Ulubion\u0105 Piosenk\u0105 Taty, najpierw musisz wybra\u0107 utw\u00f3r muzyczny. Mo\u017cesz znale\u017a\u0107 piosenk\u0119 na Spotify lub przes\u0142a\u0107 plik audio ze swojego komputera. Nast\u0119pnie spersonalizuj plakat, dodaj\u0105c w\u0142asny tekst i wybieraj\u0105c kolory. Gdy b\u0119dziesz zadowolony z projektu, po prostu z\u0142\u00f3\u017c zam\u00f3wienie. Tw\u00f3j jedyny w swoim rodzaju plakat fali d\u017awi\u0119kowej dotrze do Ciebie w ci\u0105gu kilku dni i b\u0119dzie gotowy do powieszenia w dowolnym pomieszczeniu.<\/p>\n\n\n\n\n\n\n\n\n\n\n\n<h2 class=\"grenB f24 cblue\" style=\"margin-top: 3rem\">Oka\u017c Wdzi\u0119czno\u015b\u0107 Swojemu Tacie<\/h2>\n\n\n\n<p style=\"margin-top: 1rem\">Wr\u0119czanie prezent\u00f3w naszym tatom jest wa\u017cnym sposobem okazania uznania i mi\u0142o\u015bci za wszystko, co robi\u0105. Ojcowie cz\u0119sto na pierwszym miejscu stawiaj\u0105 potrzeby swoich dzieci i rodziny, wi\u0119c zas\u0142uguj\u0105 na co\u015b naprawd\u0119 wyj\u0105tkowego. Prezenty daj\u0105 nam szans\u0119 pokaza\u0107 naszym tatom, jak bardzo jeste\u015bmy wdzi\u0119czni. Z okazji Dnia Ojca lub innej specjalnej okazji przemy\u015blany prezent mo\u017ce by\u0107 \u015bwietnym sposobem na wyra\u017cenie wdzi\u0119czno\u015bci i podziwu dla wszystkiego, co robi Tw\u00f3j tata.<\/p>\n\n\n\n\n\n\n\n \n\n\n\n<p style=\"margin-top: 3rem\">Ulubiona Piosenka Taty to idealny prezent na Dzie\u0144 Ojca, urodziny, rocznice lub inn\u0105 wyj\u0105tkow\u0105 okazj\u0119. Celebruj ulubion\u0105 piosenk\u0119 swojego taty wyj\u0105tkowym i znacz\u0105cym prezentem, kt\u00f3ry b\u0119dzie cieszy\u0142 przez wiele lat. Oka\u017c mu wdzi\u0119czno\u015b\u0107 i daj mu zna\u0107, jak wiele dla Ciebie znaczy. Spraw, by poczu\u0142 si\u0119 wyj\u0105tkowo i podaruj mu prezent, kt\u00f3ry na zawsze pozostanie w jego pami\u0119ci. Stw\u00f3rz Ulubion\u0105 Piosenk\u0119 Taty ju\u017c dzi\u015b!<\/p>","protected":false},"excerpt":{"rendered":"<ul class=\"check-list\">\n<li>Zmie\u0144 ulubion\u0105 piosenk\u0119 swojego taty w osza\u0142amiaj\u0105ce dzie\u0142o sztuki<\/li>\n<li>Dodaj plik audio<\/li>\n<li>Umie\u015b\u0107 kod QR i zeskanuj go, by odtworzy\u0107 d\u017awi\u0119k<\/li>\n<li>Spersonalizuj w 3 prostych krokach<\/li>\n<li>U\u017cyj jednego z naszych szablon\u00f3w lub daj popis swojej wyobra\u017ani<\/li>\n<\/ul>\n","protected":false},"featured_media":466332,"template":"","meta":[],"product_brand":[],"product_cat":[11406,7978,7339,7483,5271,99],"product_tag":[8556,11763],"class_list":{"0":"post-453386","1":"product","2":"type-product","3":"status-publish","4":"has-post-thumbnail","6":"product_cat-prezenty-pod-choinke-dla-taty","7":"product_cat-prezent-dla-taty","8":"product_cat-prezenty-na-dzien-ojca","9":"product_cat-fala-dzwiekowa-pl","10":"product_cat-prezent-na-boze-narodzenie","11":"product_cat-wszystkie-produkty","12":"product_tag-father-pl","13":"product_tag-prezenty-pod-choinke-dla-taty","15":"first","16":"instock","17":"sale","18":"taxable","19":"shipping-taxable","20":"purchasable","21":"product-type-variable"},"yoast_head":"<!-- This site is optimized with the Yoast SEO Premium plugin v27.2 (Yoast SEO v27.2) - https:\/\/yoast.com\/product\/yoast-seo-premium-wordpress\/ -->\n<title>Ulubiona Piosenka Taty - Positive Prints<\/title>\n<meta name=\"description\" content=\"Szukasz prezentu dla taty? Dzi\u0119ki Ulubionej Piosence Taty mo\u017cesz pokaza\u0107 mu, ile dla Ciebie znaczy, i sprawi\u0107, by poczu\u0142 si\u0119 doceniony.\" \/>\n<meta name=\"robots\" content=\"index, follow, max-snippet:-1, max-image-preview:large, max-video-preview:-1\" \/>\n<link rel=\"canonical\" href=\"https:\/\/positiveprints.com\/pl\/produkt\/ulubiona-piosenka-taty\/\" \/>\n<meta property=\"og:locale\" content=\"pl_PL\" \/>\n<meta property=\"og:type\" content=\"article\" \/>\n<meta property=\"og:title\" content=\"Ulubiona Piosenka Taty\" \/>\n<meta property=\"og:description\" content=\"Zmie\u0144 ulubion\u0105 piosenk\u0119 swojego taty w osza\u0142amiaj\u0105ce dzie\u0142o sztuki Dodaj plik audio Umie\u015b\u0107 kod QR i zeskanuj go, by odtworzy\u0107 d\u017awi\u0119k Spersonalizuj w 3 prostych krokach U\u017cyj jednego z naszych szablon\u00f3w lub daj popis swojej wyobra\u017ani\" \/>\n<meta property=\"og:url\" content=\"https:\/\/positiveprints.com\/pl\/produkt\/ulubiona-piosenka-taty\/\" \/>\n<meta property=\"og:site_name\" content=\"Positive Prints\" \/>\n<meta property=\"article:publisher\" content=\"https:\/\/www.facebook.com\/positiveprintscom\" \/>\n<meta property=\"article:modified_time\" content=\"2026-04-12T21:41:03+00:00\" \/>\n<meta property=\"og:image\" content=\"https:\/\/positiveprints.com\/wp-content\/uploads\/2023\/04\/Ulubiona-piosenka-taty.jpg\" \/>\n\t<meta property=\"og:image:width\" content=\"1080\" \/>\n\t<meta property=\"og:image:height\" content=\"1080\" \/>\n\t<meta property=\"og:image:type\" content=\"image\/jpeg\" \/>\n<meta name=\"twitter:card\" content=\"summary_large_image\" \/>\n<meta name=\"twitter:label1\" content=\"Szacowany czas czytania\" \/>\n\t<meta name=\"twitter:data1\" content=\"2 minuty\" \/>\n<!-- \/ Yoast SEO Premium plugin. -->","yoast_head_json":{"title":"Ulubiona Piosenka Taty - Positive Prints","description":"Szukasz prezentu dla taty? Dzi\u0119ki Ulubionej Piosence Taty mo\u017cesz pokaza\u0107 mu, ile dla Ciebie znaczy, i sprawi\u0107, by poczu\u0142 si\u0119 doceniony.","robots":{"index":"index","follow":"follow","max-snippet":"max-snippet:-1","max-image-preview":"max-image-preview:large","max-video-preview":"max-video-preview:-1"},"canonical":"https:\/\/positiveprints.com\/pl\/produkt\/ulubiona-piosenka-taty\/","og_locale":"pl_PL","og_type":"article","og_title":"Ulubiona Piosenka Taty","og_description":"Zmie\u0144 ulubion\u0105 piosenk\u0119 swojego taty w osza\u0142amiaj\u0105ce dzie\u0142o sztuki Dodaj plik audio Umie\u015b\u0107 kod QR i zeskanuj go, by odtworzy\u0107 d\u017awi\u0119k Spersonalizuj w 3 prostych krokach U\u017cyj jednego z naszych szablon\u00f3w lub daj popis swojej wyobra\u017ani","og_url":"https:\/\/positiveprints.com\/pl\/produkt\/ulubiona-piosenka-taty\/","og_site_name":"Positive Prints","article_publisher":"https:\/\/www.facebook.com\/positiveprintscom","article_modified_time":"2026-04-12T21:41:03+00:00","og_image":[{"width":1080,"height":1080,"url":"https:\/\/positiveprints.com\/wp-content\/uploads\/2023\/04\/Ulubiona-piosenka-taty.jpg","type":"image\/jpeg"}],"twitter_card":"summary_large_image","twitter_misc":{"Szacowany czas czytania":"2 minuty"},"schema":{"@context":"https:\/\/schema.org","@graph":[{"@type":["WebPage","ItemPage"],"@id":"https:\/\/positiveprints.com\/pl\/produkt\/ulubiona-piosenka-taty\/","url":"https:\/\/positiveprints.com\/pl\/produkt\/ulubiona-piosenka-taty\/","name":"Ulubiona Piosenka Taty - Positive Prints","isPartOf":{"@id":"https:\/\/positiveprints.com\/pl\/#website"},"primaryImageOfPage":{"@id":"https:\/\/positiveprints.com\/pl\/produkt\/ulubiona-piosenka-taty\/#primaryimage"},"image":{"@id":"https:\/\/positiveprints.com\/pl\/produkt\/ulubiona-piosenka-taty\/#primaryimage"},"thumbnailUrl":"https:\/\/positiveprints.com\/wp-content\/uploads\/2023\/04\/Ulubiona-piosenka-taty.jpg","datePublished":"2023-02-15T19:55:15+00:00","dateModified":"2026-04-12T21:41:03+00:00","description":"Szukasz prezentu dla taty? Dzi\u0119ki Ulubionej Piosence Taty mo\u017cesz pokaza\u0107 mu, ile dla Ciebie znaczy, i sprawi\u0107, by poczu\u0142 si\u0119 doceniony.","breadcrumb":{"@id":"https:\/\/positiveprints.com\/pl\/produkt\/ulubiona-piosenka-taty\/#breadcrumb"},"inLanguage":"pl-PL","potentialAction":[{"@type":"ReadAction","target":["https:\/\/positiveprints.com\/pl\/produkt\/ulubiona-piosenka-taty\/"]}]},{"@type":"ImageObject","inLanguage":"pl-PL","@id":"https:\/\/positiveprints.com\/pl\/produkt\/ulubiona-piosenka-taty\/#primaryimage","url":"https:\/\/positiveprints.com\/wp-content\/uploads\/2023\/04\/Ulubiona-piosenka-taty.jpg","contentUrl":"https:\/\/positiveprints.com\/wp-content\/uploads\/2023\/04\/Ulubiona-piosenka-taty.jpg","width":1080,"height":1080,"caption":"Ulubiona piosenka taty"},{"@type":"BreadcrumbList","@id":"https:\/\/positiveprints.com\/pl\/produkt\/ulubiona-piosenka-taty\/#breadcrumb","itemListElement":[{"@type":"ListItem","position":1,"name":"Home","item":"https:\/\/positiveprints.com\/pl\/"},{"@type":"ListItem","position":2,"name":"Produkty","item":"https:\/\/positiveprints.com\/pl\/shop\/"},{"@type":"ListItem","position":3,"name":"Ulubiona Piosenka Taty"}]},{"@type":"WebSite","@id":"https:\/\/positiveprints.com\/pl\/#website","url":"https:\/\/positiveprints.com\/pl\/","name":"Positive Prints","description":"Amazing Custom Personalized Gifts","publisher":{"@id":"https:\/\/positiveprints.com\/pl\/#organization"},"potentialAction":[{"@type":"SearchAction","target":{"@type":"EntryPoint","urlTemplate":"https:\/\/positiveprints.com\/pl\/?s={search_term_string}"},"query-input":{"@type":"PropertyValueSpecification","valueRequired":true,"valueName":"search_term_string"}}],"inLanguage":"pl-PL"},{"@type":"Organization","@id":"https:\/\/positiveprints.com\/pl\/#organization","name":"Positive Prints","alternateName":"Positive Prints","url":"https:\/\/positiveprints.com\/pl\/","logo":{"@type":"ImageObject","inLanguage":"pl-PL","@id":"https:\/\/positiveprints.com\/pl\/#\/schema\/logo\/image\/","url":"https:\/\/positiveprints.com\/wp-content\/uploads\/2026\/03\/245815646_1337939713319158_5671353136411139666_n.png","contentUrl":"https:\/\/positiveprints.com\/wp-content\/uploads\/2026\/03\/245815646_1337939713319158_5671353136411139666_n.png","width":800,"height":800,"caption":"Positive Prints"},"image":{"@id":"https:\/\/positiveprints.com\/pl\/#\/schema\/logo\/image\/"},"sameAs":["https:\/\/www.facebook.com\/positiveprintscom","https:\/\/www.instagram.com\/positiveprintscom\/","https:\/\/www.tiktok.com\/@positiveprintscom","https:\/\/www.pinterest.com\/positiveprintscom\/"]}]}},"jetpack_sharing_enabled":true,"_links":{"self":[{"href":"https:\/\/positiveprints.com\/pl\/wp-json\/wp\/v2\/product\/453386","targetHints":{"allow":["GET"]}}],"collection":[{"href":"https:\/\/positiveprints.com\/pl\/wp-json\/wp\/v2\/product"}],"about":[{"href":"https:\/\/positiveprints.com\/pl\/wp-json\/wp\/v2\/types\/product"}],"wp:featuredmedia":[{"embeddable":true,"href":"https:\/\/positiveprints.com\/pl\/wp-json\/wp\/v2\/media\/466332"}],"wp:attachment":[{"href":"https:\/\/positiveprints.com\/pl\/wp-json\/wp\/v2\/media?parent=453386"}],"wp:term":[{"taxonomy":"product_brand","embeddable":true,"href":"https:\/\/positiveprints.com\/pl\/wp-json\/wp\/v2\/product_brand?post=453386"},{"taxonomy":"product_cat","embeddable":true,"href":"https:\/\/positiveprints.com\/pl\/wp-json\/wp\/v2\/product_cat?post=453386"},{"taxonomy":"product_tag","embeddable":true,"href":"https:\/\/positiveprints.com\/pl\/wp-json\/wp\/v2\/product_tag?post=453386"}],"curies":[{"name":"wp","href":"https:\/\/api.w.org\/{rel}","templated":true}]}}