{"id":453340,"date":"2023-02-14T15:00:15","date_gmt":"2023-04-06T11:42:26","guid":{"rendered":"https:\/\/positiveprints.com\/?post_type=product&#038;p=453340"},"modified":"2026-04-03T03:21:55","modified_gmt":"2026-04-03T02:21:55","slug":"podwojna-mapa-dla-taty","status":"publish","type":"product","link":"https:\/\/positiveprints.com\/pl\/produkt\/podwojna-mapa-dla-taty\/","title":{"rendered":"Podw\u00f3jna Mapa dla Taty"},"content":{"rendered":"<p style=\"margin-top: 1rem\">Szukasz idealnego prezentu dla taty? Nie szukaj dalej! Nasza Podw\u00f3jna Mapa Dla Taty to wyj\u0105tkowy prezent, kt\u00f3ry tata z pewno\u015bci\u0105 doceni. Mo\u017cesz przedstawi\u0107 na nim lokalizacje dwojga dzieci, co czyni go niezwyk\u0142ym i niepowtarzalnym prezentem. To \u015bwietny spos\u00f3b, aby uhonorowa\u0107 tat\u0119 i pokaza\u0107 mu, ile dla Ciebie znaczy! Z pewno\u015bci\u0105 b\u0119dzie ceniony przez d\u0142ugie lata. Spraw tacie idealny prezent na Dzie\u0144 Ojca lub urodziny i podaruj mu Podw\u00f3jn\u0105 Map\u0119 Dla Taty!<\/p>\r\n\r\n\r\n\r\n<h2 class=\"grenB f24 cblue\" style=\"margin-top: 3rem\">Spersonalizowany Plakat &#8211; Podw\u00f3jna Mapa Dla Taty<\/h2>\r\n\r\n<p style=\"margin-top: 1rem\">\u017badnego taty nie mo\u017cna zast\u0105pi\u0107, a to, co tata znaczy dla swoich dzieci, jest nie do opisania. Jest filarem si\u0142y w ich \u017cyciu, wspieraj\u0105c ich w najszcz\u0119\u015bliwszych i najtrudniejszych chwilach. To oczywiste, \u017ce zas\u0142uguje na co\u015b wyj\u0105tkowego w ten Dzie\u0144 Ojca lub w urodziny. Niezale\u017cnie od tego, czy jest to prezent, kt\u00f3rym mo\u017ce si\u0119 pochwali\u0107, czy serdeczna kartka, tata zas\u0142uguje na to, by wiedzie\u0107, jak bardzo go doceniasz. Daj mu zna\u0107, \u017ce Ci zale\u017cy i podzi\u0119kuj mu za wszystko, co zrobi\u0142. Poka\u017c tacie, jak bardzo liczy si\u0119 jego mi\u0142o\u015b\u0107 w ten Dzie\u0144 Ojca!<\/p>\r\n\r\n<p style=\"margin-top: 1rem\">Dzi\u0119ki Podw\u00f3jnej Mapie Dla Taty mo\u017cesz stworzy\u0107 spersonalizowany i oryginalny prezent dla taty. Mo\u017cesz przedstawi\u0107 na nim lokalizacje dwojga dzieci lub inne lokalizacje, kt\u00f3re s\u0105 wa\u017cne dla Twojego taty. Wybierz kolorystyk\u0119 i dodaj w\u0142asny tekst od serca. Ten prezent z pewno\u015bci\u0105 b\u0119dzie ceniony przez d\u0142ugie lata. Poka\u017c tacie, ile dla Ciebie znaczy i spraw, aby ten Dzie\u0144 Ojca lub urodziny by\u0142y naprawd\u0119 wyj\u0105tkowe! Podaruj tacie idealny prezent tworz\u0105c spersonalizowany Plakat Podw\u00f3jnej Mapy dla Taty<\/p>\r\n\r\n\r\n<h2 class=\"grenB f24 cblue\" style=\"margin-top: 3rem\">Powody, dla kt\u00f3rych tata zas\u0142uguje na wyj\u0105tkowy prezent<\/h2>\r\n\r\n<p style=\"margin-top: 1rem\">Ka\u017cdy tata jest wyj\u0105tkowy i zas\u0142uguje na to, by by\u0107 celebrowanym. By\u0142 z tob\u0105 od samego pocz\u0105tku, dopingowa\u0142 ci\u0119 i zach\u0119ca\u0142. Tata zawsze stawia innych na pierwszym miejscu, wi\u0119c nadszed\u0142 czas, aby umie\u015bci\u0107 go w centrum uwagi w ten Dzie\u0144 Ojca lub w urodziny. Podaruj tacie co\u015b, czym mo\u017ce si\u0119 pochwali\u0107, na przyk\u0142ad stylowy zegarek lub wyj\u0105tkowe dzie\u0142o sztuki.<\/p>\r\n\r\n<p style=\"margin-top: 1rem\">Poka\u017c tacie, jak bardzo Ci zale\u017cy, daj\u0105c mu idealny prezent, aby okaza\u0107 uznanie i wdzi\u0119czno\u015b\u0107 za wszystko, co zrobi\u0142. Niech tata wie, \u017ce jego ci\u0119\u017cka praca, po\u015bwi\u0119cenie i mi\u0142o\u015b\u0107 nie pozosta\u0142y niezauwa\u017cone! Zas\u0142uguje na co\u015b wyj\u0105tkowego w ten Dzie\u0144 Ojca lub urodziny. Spraw, by tata si\u0119 u\u015bmiechn\u0105\u0142, przemy\u015blanym i znacz\u0105cym prezentem! Z pewno\u015bci\u0105 b\u0119dzie go piel\u0119gnowa\u0107 przez d\u0142ugie lata.<\/p>\r\n\r\n\r\n<p style=\"margin-top: 3rem\">Czas pokaza\u0107 tacie, jak bardzo doceniasz wszystko, co robi. W ten Dzie\u0144 Ojca lub urodziny podaruj tacie prezent, kt\u00f3ry zapami\u0119ta na zawsze. Podw\u00f3jna Mapa Dla Taty to doskona\u0142y spos\u00f3b na uhonorowanie taty i pokazanie mu, jak bardzo Ci na nim zale\u017cy. Stw\u00f3rz co\u015b znacz\u0105cego i wyj\u0105tkowego dla taty tworz\u0105c spersonalizowany plakat! Na pewno go pokocha. Spraw tacie idealny prezent na Dzie\u0144 Ojca lub urodziny i podaruj mu Podw\u00f3jn\u0105 Map\u0119 Dla Taty! B\u0119dzie ceniony przez d\u0142ugie lata. Poka\u017c tacie, jak bardzo doceniasz wszystko, co zrobi\u0142, specjalnym i znacz\u0105cym prezentem na Dzie\u0144 Ojca lub urodziny!<\/p>","protected":false},"excerpt":{"rendered":"<ul class=\"check-list\">\n<li>Wyr\u00f3\u017cnij szczeg\u00f3lne lokalizacje za pomoc\u0105 symbolu<\/li>\n<li>Spersonalizuj w 3 prostych krokach<\/li>\n<li>Dodaj dedykacj\u0119 prosto z serca<\/li>\n<li>Interaktywny podgl\u0105d pozwoli dopracowa\u0107 ka\u017cdy szczeg\u00f3\u0142<\/li>\n<\/ul>\n","protected":false},"featured_media":1475802,"template":"","meta":[],"product_brand":[],"product_cat":[9116,99,7978],"product_tag":[8556],"class_list":{"0":"post-453340","1":"product","2":"type-product","3":"status-publish","4":"has-post-thumbnail","6":"product_cat-double-maps-pl","7":"product_cat-wszystkie-produkty","8":"product_cat-prezent-dla-taty","9":"product_tag-father-pl","11":"first","12":"instock","13":"sale","14":"taxable","15":"shipping-taxable","16":"purchasable","17":"product-type-variable"},"yoast_head":"<!-- This site is optimized with the Yoast SEO Premium plugin v27.2 (Yoast SEO v27.2) - https:\/\/yoast.com\/product\/yoast-seo-premium-wordpress\/ -->\n<title>Podw\u00f3jna Mapa dla Taty - Positive Prints<\/title>\n<meta name=\"description\" content=\"Spraw tacie idealny prezent na Dzie\u0144 Ojca lub urodziny i podaruj mu Podw\u00f3jn\u0105 Map\u0119 Dla Taty! To prezent, kt\u00f3ry b\u0119dzie ceniony przez d\u0142ugie lata.\" \/>\n<meta name=\"robots\" content=\"index, follow, max-snippet:-1, max-image-preview:large, max-video-preview:-1\" \/>\n<link rel=\"canonical\" href=\"https:\/\/positiveprints.com\/pl\/produkt\/podwojna-mapa-dla-taty\/\" \/>\n<meta property=\"og:locale\" content=\"pl_PL\" \/>\n<meta property=\"og:type\" content=\"article\" \/>\n<meta property=\"og:title\" content=\"Podw\u00f3jna Mapa dla Taty\" \/>\n<meta property=\"og:description\" content=\"Wyr\u00f3\u017cnij szczeg\u00f3lne lokalizacje za pomoc\u0105 symbolu  Spersonalizuj w 3 prostych krokach  Dodaj dedykacj\u0119 prosto z serca  Interaktywny podgl\u0105d pozwoli dopracowa\u0107 ka\u017cdy szczeg\u00f3\u0142\" \/>\n<meta property=\"og:url\" content=\"https:\/\/positiveprints.com\/pl\/produkt\/podwojna-mapa-dla-taty\/\" \/>\n<meta property=\"og:site_name\" content=\"Positive Prints\" \/>\n<meta property=\"article:publisher\" content=\"https:\/\/www.facebook.com\/positiveprintscom\" \/>\n<meta property=\"article:modified_time\" content=\"2026-04-03T02:21:55+00:00\" \/>\n<meta property=\"og:image\" content=\"https:\/\/positiveprints.com\/wp-content\/uploads\/2023\/04\/Podwojna-Mapa-Dla-Taty.jpg\" \/>\n\t<meta property=\"og:image:width\" content=\"1080\" \/>\n\t<meta property=\"og:image:height\" content=\"1080\" \/>\n\t<meta property=\"og:image:type\" content=\"image\/jpeg\" \/>\n<meta name=\"twitter:card\" content=\"summary_large_image\" \/>\n<meta name=\"twitter:label1\" content=\"Szacowany czas czytania\" \/>\n\t<meta name=\"twitter:data1\" content=\"3 minuty\" \/>\n<!-- \/ Yoast SEO Premium plugin. -->","yoast_head_json":{"title":"Podw\u00f3jna Mapa dla Taty - Positive Prints","description":"Spraw tacie idealny prezent na Dzie\u0144 Ojca lub urodziny i podaruj mu Podw\u00f3jn\u0105 Map\u0119 Dla Taty! To prezent, kt\u00f3ry b\u0119dzie ceniony przez d\u0142ugie lata.","robots":{"index":"index","follow":"follow","max-snippet":"max-snippet:-1","max-image-preview":"max-image-preview:large","max-video-preview":"max-video-preview:-1"},"canonical":"https:\/\/positiveprints.com\/pl\/produkt\/podwojna-mapa-dla-taty\/","og_locale":"pl_PL","og_type":"article","og_title":"Podw\u00f3jna Mapa dla Taty","og_description":"Wyr\u00f3\u017cnij szczeg\u00f3lne lokalizacje za pomoc\u0105 symbolu  Spersonalizuj w 3 prostych krokach  Dodaj dedykacj\u0119 prosto z serca  Interaktywny podgl\u0105d pozwoli dopracowa\u0107 ka\u017cdy szczeg\u00f3\u0142","og_url":"https:\/\/positiveprints.com\/pl\/produkt\/podwojna-mapa-dla-taty\/","og_site_name":"Positive Prints","article_publisher":"https:\/\/www.facebook.com\/positiveprintscom","article_modified_time":"2026-04-03T02:21:55+00:00","og_image":[{"width":1080,"height":1080,"url":"https:\/\/positiveprints.com\/wp-content\/uploads\/2023\/04\/Podwojna-Mapa-Dla-Taty.jpg","type":"image\/jpeg"}],"twitter_card":"summary_large_image","twitter_misc":{"Szacowany czas czytania":"3 minuty"},"schema":{"@context":"https:\/\/schema.org","@graph":[{"@type":["WebPage","ItemPage"],"@id":"https:\/\/positiveprints.com\/pl\/produkt\/podwojna-mapa-dla-taty\/","url":"https:\/\/positiveprints.com\/pl\/produkt\/podwojna-mapa-dla-taty\/","name":"Podw\u00f3jna Mapa dla Taty - Positive Prints","isPartOf":{"@id":"https:\/\/positiveprints.com\/pl\/#website"},"primaryImageOfPage":{"@id":"https:\/\/positiveprints.com\/pl\/produkt\/podwojna-mapa-dla-taty\/#primaryimage"},"image":{"@id":"https:\/\/positiveprints.com\/pl\/produkt\/podwojna-mapa-dla-taty\/#primaryimage"},"thumbnailUrl":"https:\/\/positiveprints.com\/wp-content\/uploads\/2025\/07\/Packshot_PL_Podwo\u0301jna-Mapa-dla-Taty.webp","datePublished":"2023-04-06T11:42:26+00:00","dateModified":"2026-04-03T02:21:55+00:00","description":"Spraw tacie idealny prezent na Dzie\u0144 Ojca lub urodziny i podaruj mu Podw\u00f3jn\u0105 Map\u0119 Dla Taty! To prezent, kt\u00f3ry b\u0119dzie ceniony przez d\u0142ugie lata.","breadcrumb":{"@id":"https:\/\/positiveprints.com\/pl\/produkt\/podwojna-mapa-dla-taty\/#breadcrumb"},"inLanguage":"pl-PL","potentialAction":[{"@type":"ReadAction","target":["https:\/\/positiveprints.com\/pl\/produkt\/podwojna-mapa-dla-taty\/"]}]},{"@type":"ImageObject","inLanguage":"pl-PL","@id":"https:\/\/positiveprints.com\/pl\/produkt\/podwojna-mapa-dla-taty\/#primaryimage","url":"https:\/\/positiveprints.com\/wp-content\/uploads\/2025\/07\/Packshot_PL_Podwo\u0301jna-Mapa-dla-Taty.webp","contentUrl":"https:\/\/positiveprints.com\/wp-content\/uploads\/2025\/07\/Packshot_PL_Podwo\u0301jna-Mapa-dla-Taty.webp","width":1450,"height":1450},{"@type":"BreadcrumbList","@id":"https:\/\/positiveprints.com\/pl\/produkt\/podwojna-mapa-dla-taty\/#breadcrumb","itemListElement":[{"@type":"ListItem","position":1,"name":"Home","item":"https:\/\/positiveprints.com\/pl\/"},{"@type":"ListItem","position":2,"name":"Produkty","item":"https:\/\/positiveprints.com\/pl\/shop\/"},{"@type":"ListItem","position":3,"name":"Podw\u00f3jna Mapa dla Taty"}]},{"@type":"WebSite","@id":"https:\/\/positiveprints.com\/pl\/#website","url":"https:\/\/positiveprints.com\/pl\/","name":"Positive Prints","description":"Amazing Custom Personalized Gifts","publisher":{"@id":"https:\/\/positiveprints.com\/pl\/#organization"},"potentialAction":[{"@type":"SearchAction","target":{"@type":"EntryPoint","urlTemplate":"https:\/\/positiveprints.com\/pl\/?s={search_term_string}"},"query-input":{"@type":"PropertyValueSpecification","valueRequired":true,"valueName":"search_term_string"}}],"inLanguage":"pl-PL"},{"@type":"Organization","@id":"https:\/\/positiveprints.com\/pl\/#organization","name":"Positive Prints","alternateName":"Positive Prints","url":"https:\/\/positiveprints.com\/pl\/","logo":{"@type":"ImageObject","inLanguage":"pl-PL","@id":"https:\/\/positiveprints.com\/pl\/#\/schema\/logo\/image\/","url":"https:\/\/positiveprints.com\/wp-content\/uploads\/2026\/03\/245815646_1337939713319158_5671353136411139666_n.png","contentUrl":"https:\/\/positiveprints.com\/wp-content\/uploads\/2026\/03\/245815646_1337939713319158_5671353136411139666_n.png","width":800,"height":800,"caption":"Positive Prints"},"image":{"@id":"https:\/\/positiveprints.com\/pl\/#\/schema\/logo\/image\/"},"sameAs":["https:\/\/www.facebook.com\/positiveprintscom","https:\/\/www.instagram.com\/positiveprintscom\/","https:\/\/www.tiktok.com\/@positiveprintscom","https:\/\/www.pinterest.com\/positiveprintscom\/"]}]}},"jetpack_sharing_enabled":true,"_links":{"self":[{"href":"https:\/\/positiveprints.com\/pl\/wp-json\/wp\/v2\/product\/453340","targetHints":{"allow":["GET"]}}],"collection":[{"href":"https:\/\/positiveprints.com\/pl\/wp-json\/wp\/v2\/product"}],"about":[{"href":"https:\/\/positiveprints.com\/pl\/wp-json\/wp\/v2\/types\/product"}],"wp:featuredmedia":[{"embeddable":true,"href":"https:\/\/positiveprints.com\/pl\/wp-json\/wp\/v2\/media\/1475802"}],"wp:attachment":[{"href":"https:\/\/positiveprints.com\/pl\/wp-json\/wp\/v2\/media?parent=453340"}],"wp:term":[{"taxonomy":"product_brand","embeddable":true,"href":"https:\/\/positiveprints.com\/pl\/wp-json\/wp\/v2\/product_brand?post=453340"},{"taxonomy":"product_cat","embeddable":true,"href":"https:\/\/positiveprints.com\/pl\/wp-json\/wp\/v2\/product_cat?post=453340"},{"taxonomy":"product_tag","embeddable":true,"href":"https:\/\/positiveprints.com\/pl\/wp-json\/wp\/v2\/product_tag?post=453340"}],"curies":[{"name":"wp","href":"https:\/\/api.w.org\/{rel}","templated":true}]}}