{"id":453155,"date":"2023-02-14T10:27:27","date_gmt":"2023-02-14T09:27:27","guid":{"rendered":"https:\/\/positiveprints.com\/?post_type=product&#038;p=453155"},"modified":"2026-04-12T22:41:12","modified_gmt":"2026-04-12T21:41:12","slug":"dzien-w-ktorym-zostaliscie-moimi-dziadkami","status":"publish","type":"product","link":"https:\/\/positiveprints.com\/pl\/produkt\/dzien-w-ktorym-zostaliscie-moimi-dziadkami\/","title":{"rendered":"Dzie\u0144, w Kt\u00f3rym Zostali\u015bcie Moimi Dziadkami"},"content":{"rendered":"<p style=\"margin-top: 1rem\">Szukasz idealnego prezentu dla dziadk\u00f3w? Mamy co\u015b dla Ciebie! Spersonalizowany plakat lub p\u0142\u00f3tno przedstawiaj\u0105ce nocne niebo w dniu, w kt\u00f3rym zostali Twoimi dziadkami! Ten wyj\u0105tkowy prezent z pewno\u015bci\u0105 poka\u017ce Twoim dziadkom, jak wiele dla Ciebie znacz\u0105!<\/p>\r\n\r\n\r\n\r\n<h2 class=\"grenB f24 cblue\" style=\"margin-top: 3rem\">Spersonalizowany Plakat &#8220;Dzie\u0144, w Kt\u00f3rym Zostali\u015bcie Moimi Dziadkami&#8221;<\/h2>\r\n\r\n\r\n<p style=\"margin-top: 1rem\">Ten plakat to doskona\u0142y spos\u00f3b, aby pokaza\u0107 dziadkom, jak bardzo ich kochasz i doceniasz. Gwiazdy na plakacie u\u0142o\u017c\u0105 si\u0119 tak, jak w dniu, w kt\u00f3rym zosta\u0142e\u015b ich wnukiem. Ten plakat lub p\u0142\u00f3tno stanowi przemy\u015blan\u0105 i trwa\u0142\u0105 pami\u0105tk\u0119, kt\u00f3r\u0105 twoi dziadkowie mog\u0105 z dum\u0105 eksponowa\u0107 w swoim domu.<\/p>\r\n\r\n\r\n\r\n<p style=\"margin-top: 1rem\">Najpierw wprowad\u017a wybran\u0105 dat\u0119 i lokalizacj\u0119. Nast\u0119pnie wybierz spo\u015br\u00f3d wielu dost\u0119pnych styli lub samemu baw si\u0119 kolorami, aby stworzy\u0107 idealny plakat. Mo\u017cesz r\u00f3wnie\u017c doda\u0107 osobisty tekst, aby ten prezent by\u0142 jeszcze bardziej wyj\u0105tkowy i znacz\u0105cy.<\/p>\r\n\r\n\r\n\r\n<p style=\"margin-top: 1rem\">Ten pi\u0119kny wydruk mo\u017cna \u0142atwo spersonalizowa\u0107 za pomoc\u0105 wybranej daty, co czyni go naprawd\u0119 wyj\u0105tkowym i oryginalnym prezentem dla dziadk\u00f3w. Wyst\u0119puje w r\u00f3\u017cnych rozmiarach, wi\u0119c z pewno\u015bci\u0105 znajdziesz co\u015b dla siebie.<\/p>\r\n\r\n<h2 class=\"grenB f24 cblue\" style=\"margin-top: 3rem\">Wyj\u0105tkowy prezent, kt\u00f3ry b\u0119dzie trwa\u0142 przez lata<\/h2>\r\n\r\n\r\n<p style=\"margin-top: 1rem\">Twoi dziadkowie z pewno\u015bci\u0105 b\u0119d\u0105 ceni\u0107 ten wyj\u0105tkowy prezent przez wiele lat. Plakat lub p\u0142\u00f3tno z nocnym niebem b\u0119dzie nieustannym przypomnieniem o Twojej mi\u0142o\u015bci do nich.<\/p>\r\n\r\n\r\n\r\n<p style=\"margin-top: 1rem\">Ten prezent z pewno\u015bci\u0105 wywo\u0142a u\u015bmiech na twarzach dziadk\u00f3w za ka\u017cdym razem, gdy na niego spojrz\u0105, co czyni go idealnym sposobem na okazanie im swojej mi\u0142o\u015bci i uznania. <\/p>\r\n\r\n\r\n\r\n<p style=\"margin-top: 3rem\">Poka\u017c swoim dziadkom, jak bardzo ich kochasz i doceniasz dzi\u0119ki temu wyj\u0105tkowemu plakatowi! Dzi\u0119ki tak spersonalizowanemu prezentowi na pewno sprawisz, \u017ce Twoi dziadkowie poczuj\u0105 si\u0119 wyj\u0105tkowo i kochani. Zam\u00f3w ju\u017c dzi\u015b &#8220;Dzie\u0144, w Kt\u00f3rym Zostali\u015bcie Moimi Dziadkami&#8221;, aby Twoi niesamowici dziadkowie mogli si\u0119 cieszy\u0107 t\u0105 ponadczasow\u0105 pami\u0105tk\u0105 na zawsze.<\/p>","protected":false},"excerpt":{"rendered":"<ul class=\"check-list\">\n<li>Zachwy\u0107 swoich dziadk\u00f3w unikalnym prezentem, kt\u00f3ry sprawi, \u017ce poczuj\u0105 si\u0119 wyj\u0105tkowi i docenieni<\/li>\n<li>Dodaj planety, konstelacje i Drog\u0119 Mleczn\u0105 <\/li>\n<li>Spersonalizuj w 3 prostych krokach<\/li>\n<li>Dodaj dedykacj\u0119 prosto z serca<\/li>\n<li>Interaktywny podgl\u0105d pozwoli dopracowa\u0107 ka\u017cdy szczeg\u00f3\u0142<\/li>\n<\/ul>\n","protected":false},"featured_media":1337733,"template":"","meta":[],"product_brand":[],"product_cat":[9003,3114,99],"product_tag":[8679,15700,15712],"class_list":{"0":"post-453155","1":"product","2":"type-product","3":"status-publish","4":"has-post-thumbnail","6":"product_cat-dzien-babci-i-dziadka","7":"product_cat-star-pl-2","8":"product_cat-wszystkie-produkty","9":"product_tag-dziadkowie","10":"product_tag-prezent-dla-dziadkow","11":"product_tag-prezenty-dla-dziadkow","13":"first","14":"instock","15":"sale","16":"taxable","17":"shipping-taxable","18":"purchasable","19":"product-type-variable"},"yoast_head":"<!-- This site is optimized with the Yoast SEO Premium plugin v27.2 (Yoast SEO v27.2) - https:\/\/yoast.com\/product\/yoast-seo-premium-wordpress\/ -->\n<title>Dzie\u0144, Kiedy Zostali\u015bcie Moimi Dziadkami - Positive Prints<\/title>\n<meta name=\"description\" content=\"Szukasz idealnego prezentu dla dziadk\u00f3w? Mamy co\u015b dla Ciebie! Spersonalizowany plakat lub p\u0142\u00f3tno przedstawiaj\u0105ce nocne niebo w dniu, w kt\u00f3rym zostali Twoimi dziadkami!\" \/>\n<meta name=\"robots\" content=\"index, follow, max-snippet:-1, max-image-preview:large, max-video-preview:-1\" \/>\n<link rel=\"canonical\" href=\"https:\/\/positiveprints.com\/pl\/produkt\/dzien-w-ktorym-zostaliscie-moimi-dziadkami\/\" \/>\n<meta property=\"og:locale\" content=\"pl_PL\" \/>\n<meta property=\"og:type\" content=\"article\" \/>\n<meta property=\"og:title\" content=\"Dzie\u0144, w Kt\u00f3rym Zostali\u015bcie Moimi Dziadkami\" \/>\n<meta property=\"og:description\" content=\"Zachwy\u0107 swoich dziadk\u00f3w unikalnym prezentem, kt\u00f3ry sprawi, \u017ce poczuj\u0105 si\u0119 wyj\u0105tkowi i docenieni Dodaj planety, konstelacje i Drog\u0119 Mleczn\u0105  Spersonalizuj w 3 prostych krokach Dodaj dedykacj\u0119 prosto z serca Interaktywny podgl\u0105d pozwoli dopracowa\u0107 ka\u017cdy szczeg\u00f3\u0142\" \/>\n<meta property=\"og:url\" content=\"https:\/\/positiveprints.com\/pl\/produkt\/dzien-w-ktorym-zostaliscie-moimi-dziadkami\/\" \/>\n<meta property=\"og:site_name\" content=\"Positive Prints\" \/>\n<meta property=\"article:publisher\" content=\"https:\/\/www.facebook.com\/positiveprintscom\" \/>\n<meta property=\"article:modified_time\" content=\"2026-04-12T21:41:12+00:00\" \/>\n<meta property=\"og:image\" content=\"https:\/\/positiveprints.com\/wp-content\/uploads\/2025\/01\/Dzien\u0301-w-Kto\u0301rym-Zostalis\u0301cie-Moimi-Dziadkami-1.webp\" \/>\n\t<meta property=\"og:image:width\" content=\"1450\" \/>\n\t<meta property=\"og:image:height\" content=\"1450\" \/>\n\t<meta property=\"og:image:type\" content=\"image\/webp\" \/>\n<meta name=\"twitter:card\" content=\"summary_large_image\" \/>\n<meta name=\"twitter:label1\" content=\"Szacowany czas czytania\" \/>\n\t<meta name=\"twitter:data1\" content=\"2 minuty\" \/>\n<!-- \/ Yoast SEO Premium plugin. -->","yoast_head_json":{"title":"Dzie\u0144, Kiedy Zostali\u015bcie Moimi Dziadkami - Positive Prints","description":"Szukasz idealnego prezentu dla dziadk\u00f3w? Mamy co\u015b dla Ciebie! Spersonalizowany plakat lub p\u0142\u00f3tno przedstawiaj\u0105ce nocne niebo w dniu, w kt\u00f3rym zostali Twoimi dziadkami!","robots":{"index":"index","follow":"follow","max-snippet":"max-snippet:-1","max-image-preview":"max-image-preview:large","max-video-preview":"max-video-preview:-1"},"canonical":"https:\/\/positiveprints.com\/pl\/produkt\/dzien-w-ktorym-zostaliscie-moimi-dziadkami\/","og_locale":"pl_PL","og_type":"article","og_title":"Dzie\u0144, w Kt\u00f3rym Zostali\u015bcie Moimi Dziadkami","og_description":"Zachwy\u0107 swoich dziadk\u00f3w unikalnym prezentem, kt\u00f3ry sprawi, \u017ce poczuj\u0105 si\u0119 wyj\u0105tkowi i docenieni Dodaj planety, konstelacje i Drog\u0119 Mleczn\u0105  Spersonalizuj w 3 prostych krokach Dodaj dedykacj\u0119 prosto z serca Interaktywny podgl\u0105d pozwoli dopracowa\u0107 ka\u017cdy szczeg\u00f3\u0142","og_url":"https:\/\/positiveprints.com\/pl\/produkt\/dzien-w-ktorym-zostaliscie-moimi-dziadkami\/","og_site_name":"Positive Prints","article_publisher":"https:\/\/www.facebook.com\/positiveprintscom","article_modified_time":"2026-04-12T21:41:12+00:00","og_image":[{"width":1450,"height":1450,"url":"https:\/\/positiveprints.com\/wp-content\/uploads\/2025\/01\/Dzien\u0301-w-Kto\u0301rym-Zostalis\u0301cie-Moimi-Dziadkami-1.webp","type":"image\/webp"}],"twitter_card":"summary_large_image","twitter_misc":{"Szacowany czas czytania":"2 minuty"},"schema":{"@context":"https:\/\/schema.org","@graph":[{"@type":["WebPage","ItemPage"],"@id":"https:\/\/positiveprints.com\/pl\/produkt\/dzien-w-ktorym-zostaliscie-moimi-dziadkami\/","url":"https:\/\/positiveprints.com\/pl\/produkt\/dzien-w-ktorym-zostaliscie-moimi-dziadkami\/","name":"Dzie\u0144, Kiedy Zostali\u015bcie Moimi Dziadkami - Positive Prints","isPartOf":{"@id":"https:\/\/positiveprints.com\/pl\/#website"},"primaryImageOfPage":{"@id":"https:\/\/positiveprints.com\/pl\/produkt\/dzien-w-ktorym-zostaliscie-moimi-dziadkami\/#primaryimage"},"image":{"@id":"https:\/\/positiveprints.com\/pl\/produkt\/dzien-w-ktorym-zostaliscie-moimi-dziadkami\/#primaryimage"},"thumbnailUrl":"https:\/\/positiveprints.com\/wp-content\/uploads\/2025\/01\/Dzien\u0301-w-Kto\u0301rym-Zostalis\u0301cie-Moimi-Dziadkami-1.webp","datePublished":"2023-02-14T09:27:27+00:00","dateModified":"2026-04-12T21:41:12+00:00","description":"Szukasz idealnego prezentu dla dziadk\u00f3w? Mamy co\u015b dla Ciebie! Spersonalizowany plakat lub p\u0142\u00f3tno przedstawiaj\u0105ce nocne niebo w dniu, w kt\u00f3rym zostali Twoimi dziadkami!","breadcrumb":{"@id":"https:\/\/positiveprints.com\/pl\/produkt\/dzien-w-ktorym-zostaliscie-moimi-dziadkami\/#breadcrumb"},"inLanguage":"pl-PL","potentialAction":[{"@type":"ReadAction","target":["https:\/\/positiveprints.com\/pl\/produkt\/dzien-w-ktorym-zostaliscie-moimi-dziadkami\/"]}]},{"@type":"ImageObject","inLanguage":"pl-PL","@id":"https:\/\/positiveprints.com\/pl\/produkt\/dzien-w-ktorym-zostaliscie-moimi-dziadkami\/#primaryimage","url":"https:\/\/positiveprints.com\/wp-content\/uploads\/2025\/01\/Dzien\u0301-w-Kto\u0301rym-Zostalis\u0301cie-Moimi-Dziadkami-1.webp","contentUrl":"https:\/\/positiveprints.com\/wp-content\/uploads\/2025\/01\/Dzien\u0301-w-Kto\u0301rym-Zostalis\u0301cie-Moimi-Dziadkami-1.webp","width":1450,"height":1450},{"@type":"BreadcrumbList","@id":"https:\/\/positiveprints.com\/pl\/produkt\/dzien-w-ktorym-zostaliscie-moimi-dziadkami\/#breadcrumb","itemListElement":[{"@type":"ListItem","position":1,"name":"Home","item":"https:\/\/positiveprints.com\/pl\/"},{"@type":"ListItem","position":2,"name":"Produkty","item":"https:\/\/positiveprints.com\/pl\/shop\/"},{"@type":"ListItem","position":3,"name":"Dzie\u0144, w Kt\u00f3rym Zostali\u015bcie Moimi Dziadkami"}]},{"@type":"WebSite","@id":"https:\/\/positiveprints.com\/pl\/#website","url":"https:\/\/positiveprints.com\/pl\/","name":"Positive Prints","description":"Amazing Custom Personalized Gifts","publisher":{"@id":"https:\/\/positiveprints.com\/pl\/#organization"},"potentialAction":[{"@type":"SearchAction","target":{"@type":"EntryPoint","urlTemplate":"https:\/\/positiveprints.com\/pl\/?s={search_term_string}"},"query-input":{"@type":"PropertyValueSpecification","valueRequired":true,"valueName":"search_term_string"}}],"inLanguage":"pl-PL"},{"@type":"Organization","@id":"https:\/\/positiveprints.com\/pl\/#organization","name":"Positive Prints","alternateName":"Positive Prints","url":"https:\/\/positiveprints.com\/pl\/","logo":{"@type":"ImageObject","inLanguage":"pl-PL","@id":"https:\/\/positiveprints.com\/pl\/#\/schema\/logo\/image\/","url":"https:\/\/positiveprints.com\/wp-content\/uploads\/2026\/03\/245815646_1337939713319158_5671353136411139666_n.png","contentUrl":"https:\/\/positiveprints.com\/wp-content\/uploads\/2026\/03\/245815646_1337939713319158_5671353136411139666_n.png","width":800,"height":800,"caption":"Positive Prints"},"image":{"@id":"https:\/\/positiveprints.com\/pl\/#\/schema\/logo\/image\/"},"sameAs":["https:\/\/www.facebook.com\/positiveprintscom","https:\/\/www.instagram.com\/positiveprintscom\/","https:\/\/www.tiktok.com\/@positiveprintscom","https:\/\/www.pinterest.com\/positiveprintscom\/"]}]}},"jetpack_sharing_enabled":true,"_links":{"self":[{"href":"https:\/\/positiveprints.com\/pl\/wp-json\/wp\/v2\/product\/453155","targetHints":{"allow":["GET"]}}],"collection":[{"href":"https:\/\/positiveprints.com\/pl\/wp-json\/wp\/v2\/product"}],"about":[{"href":"https:\/\/positiveprints.com\/pl\/wp-json\/wp\/v2\/types\/product"}],"wp:featuredmedia":[{"embeddable":true,"href":"https:\/\/positiveprints.com\/pl\/wp-json\/wp\/v2\/media\/1337733"}],"wp:attachment":[{"href":"https:\/\/positiveprints.com\/pl\/wp-json\/wp\/v2\/media?parent=453155"}],"wp:term":[{"taxonomy":"product_brand","embeddable":true,"href":"https:\/\/positiveprints.com\/pl\/wp-json\/wp\/v2\/product_brand?post=453155"},{"taxonomy":"product_cat","embeddable":true,"href":"https:\/\/positiveprints.com\/pl\/wp-json\/wp\/v2\/product_cat?post=453155"},{"taxonomy":"product_tag","embeddable":true,"href":"https:\/\/positiveprints.com\/pl\/wp-json\/wp\/v2\/product_tag?post=453155"}],"curies":[{"name":"wp","href":"https:\/\/api.w.org\/{rel}","templated":true}]}}