{"id":453083,"date":"2023-02-13T11:58:04","date_gmt":"2023-04-05T16:01:55","guid":{"rendered":"https:\/\/positiveprints.com\/?post_type=product&#038;p=453083"},"modified":"2026-04-18T06:14:34","modified_gmt":"2026-04-18T05:14:34","slug":"dzien-w-ktorym-urodzila-sie-najlepsza-mama","status":"publish","type":"product","link":"https:\/\/positiveprints.com\/pl\/produkt\/dzien-w-ktorym-urodzila-sie-najlepsza-mama\/","title":{"rendered":"Dzie\u0144, w Kt\u00f3rym Urodzi\u0142a si\u0119 Najlepsza Mama"},"content":{"rendered":"<p style=\"margin-top: 1rem\">Szukasz idealnego prezentu na Dzie\u0144 Matki lub na urodziny swojej mamy? Mamy co\u015b dla Ciebie! &#8220;Dzie\u0144, w Kt\u00f3rym Urodzi\u0142a si\u0119 Najlepsza Mama&#8221; to oryginalny, spersonalizowany plakat lub p\u0142\u00f3tno przedstawiaj\u0105ce nocne niebo z dok\u0142adn\u0105 dat\u0105 i wybranym przez Ciebie miejscem.<\/p>\r\n\r\n<h2 class=\"grenB f24 cblue\" style=\"margin-top: 3rem\">Spersonalizowany Plakat &#8220;Dzie\u0144, w Kt\u00f3rym Urodzi\u0142a si\u0119 Najlepsza Mama&#8221;<\/h2>\r\n\r\n\r\n<p style=\"margin-top: 1rem\">Nie wa\u017cne co podarujesz swojej mamie, je\u015bli prezent jest od serca, to z pewno\u015bci\u0105 zostanie doceniony. Nie ma jednej uniwersalnej odpowiedzi na pytanie, jaki prezent uszcz\u0119\u015bliwi Twoj\u0105 mam\u0119 \u2013 ka\u017cdy ma inny gust i preferencje. Z nami mo\u017cesz  w \u0142atwy spos\u00f3b dostosowa\u0107 plakat wedle swoich potrzeb.<\/p>\r\n\r\n\r\n\r\n<p style=\"margin-top: 1rem\">Wprowad\u017a dat\u0119 i lokalizacj\u0119 w naszym \u0142atwym w obs\u0142udze edytorze, a my zadbamy o to, aby nocne niebo z tego miejsca i czasu zosta\u0142o idealnie uchwycone na wydruku. Mo\u017cesz wybiera\u0107 spo\u015br\u00f3d gotowych styli lub samemu dobra\u0107 kolory. Mo\u017cesz r\u00f3wnie\u017c doda\u0107 w\u0142asny tekst, aby wyrazi\u0107 mi\u0142o\u015b\u0107 i uznanie dla swojej mamy.<\/p>\r\n\r\n\r\n\r\n<p style=\"margin-top: 1rem\">Ten plakat uchwyci wa\u017cny kamie\u0144 milowy w \u017cyciu Twojej mamy, dzi\u0119ki czemu b\u0119dzie idealnym prezentem z okazji jej urodzin lub Dnia Matki. Z pewno\u015bci\u0105 doceni trosk\u0119 i czas, jaki w\u0142o\u017cono w ten wyj\u0105tkowy prezent za ka\u017cdym razem, gdy na niego spojrzy.<\/p>\r\n\r\n\r\n\r\n<h2 class=\"grenB f24 cblue\" style=\"margin-top: 3rem\">Wyj\u0105tkowy spos\u00f3b, aby j\u0105 uhonorowa\u0107<\/h2>\r\n\r\n<p style=\"margin-top: 1rem\">Mamy to jedne z najbardziej wyj\u0105tkowych os\u00f3b w naszym \u017cyciu \u2013 daj\u0105 nam bezwarunkow\u0105 mi\u0142o\u015b\u0107, wsparcie i trosk\u0119. Niezale\u017cnie od tego, czy jest to twoja w\u0142asna matka, kt\u00f3ra by\u0142a przy tobie przez ca\u0142e \u017cycie, czy nowa mama, kt\u00f3ra w\u0142a\u015bnie powita\u0142a swoj\u0105 pociech\u0119, ka\u017cda matka zas\u0142uguje na uznanie za wszystkie niesamowite rzeczy, kt\u00f3re robi.<\/p>\r\n\r\n\r\n\r\n<p style=\"margin-top: 1rem\">Poka\u017c, jak bardzo j\u0105 doceniasz, daruj\u0105c jej wyj\u0105tkowy i spersonalizowany plakat przedstawiaj\u0105cy nocne niebo z dnia jej narodzin. To szczeg\u00f3lny spos\u00f3b, aby j\u0105 uhonorowa\u0107 i pokaza\u0107, jak bardzo doceniasz jej obecno\u015b\u0107 w swoim \u017cyciu. Masz nawet opcj\u0119 dodania osobistego tekstu, co czyni plakat idealnym prezentem dla mamy na urodziny, Dzie\u0144 Matki lub po prostu, aby podzi\u0119kowa\u0107. Poka\u017c swojej mamie, \u017ce jest najlepsz\u0105 matk\u0105 na \u015bwiecie dzi\u0119ki temu wyj\u0105tkowemu wydrukowi!<\/p>\r\n\r\n\r\n\r\n\r\n\r\n<p style=\"margin-top: 1rem\">Bez wzgl\u0119du na to, co dasz swojej mamie, na pewno to doceni. Dzi\u0119ki \u201eDzie\u0144, w Kt\u00f3rym Urodzi\u0142a si\u0119 Najlepsza Mama\u201d mo\u017cesz pokaza\u0107 jej, jaka jest wyj\u0105tkowa i kochana, tworz\u0105c wyj\u0105tkowy plakat przedstawiaj\u0105c\u0105 nocne niebo z momentu jej narodzin. Na pewno zauwa\u017cy,  jak bardzo Ci zale\u017cy! To doskona\u0142y spos\u00f3b na uhonorowanie najbardziej wyj\u0105tkowej kobiety w Twoim \u017cyciu.<\/p>","protected":false},"excerpt":{"rendered":"<ul class=\"check-list\">\n<li>Uchwy\u0107 magi\u0119 gwiazd, kt\u00f3re l\u015bni\u0142y w dniu narodzin Twojej mamy. Wprowad\u017a miejsce oraz dat\u0119 i ju\u017c!<\/li>\n<li>Dodaj planety, konstelacje i Drog\u0119 Mleczn\u0105 <\/li>\n<li>Spersonalizuj w 3 prostych krokach<\/li>\n<li>Dodaj dedykacj\u0119 prosto z serca<\/li>\n<li>Interaktywny podgl\u0105d pozwoli dopracowa\u0107 ka\u017cdy szczeg\u00f3\u0142<\/li>\n<\/ul>\n","protected":false},"featured_media":1346349,"template":"","meta":[],"product_brand":[],"product_cat":[3114,99],"product_tag":[8407],"class_list":{"0":"post-453083","1":"product","2":"type-product","3":"status-publish","4":"has-post-thumbnail","6":"product_cat-star-pl-2","7":"product_cat-wszystkie-produkty","8":"product_tag-mother-pl","10":"first","11":"instock","12":"sale","13":"taxable","14":"shipping-taxable","15":"purchasable","16":"product-type-variable"},"yoast_head":"<!-- This site is optimized with the Yoast SEO Premium plugin v27.2 (Yoast SEO v27.2) - https:\/\/yoast.com\/product\/yoast-seo-premium-wordpress\/ -->\n<title>Dzie\u0144, Kiedy Urodzi\u0142a si\u0119 Najlepsza Mama - Positive Prints<\/title>\n<meta name=\"description\" content=\"Szukasz idealnego prezentu na Dzie\u0144 Matki lub na urodziny mamy? Mamy co\u015b idealnie dla Ciebie! Zaprojektuj sw\u00f3j plakat Dzie\u0144, w Kt\u00f3rym Urodzi\u0142a si\u0119 Najlepsza Mama ju\u017c dzi\u015b.\" \/>\n<meta name=\"robots\" content=\"index, follow, max-snippet:-1, max-image-preview:large, max-video-preview:-1\" \/>\n<link rel=\"canonical\" href=\"https:\/\/positiveprints.com\/pl\/produkt\/dzien-w-ktorym-urodzila-sie-najlepsza-mama\/\" \/>\n<meta property=\"og:locale\" content=\"pl_PL\" \/>\n<meta property=\"og:type\" content=\"article\" \/>\n<meta property=\"og:title\" content=\"Dzie\u0144, w Kt\u00f3rym Urodzi\u0142a si\u0119 Najlepsza Mama\" \/>\n<meta property=\"og:description\" content=\"Uchwy\u0107 magi\u0119 gwiazd, kt\u00f3re l\u015bni\u0142y w dniu narodzin Twojej mamy. Wprowad\u017a miejsce oraz dat\u0119 i ju\u017c! Dodaj planety, konstelacje i Drog\u0119 Mleczn\u0105  Spersonalizuj w 3 prostych krokach Dodaj dedykacj\u0119 prosto z serca Interaktywny podgl\u0105d pozwoli dopracowa\u0107 ka\u017cdy szczeg\u00f3\u0142\" \/>\n<meta property=\"og:url\" content=\"https:\/\/positiveprints.com\/pl\/produkt\/dzien-w-ktorym-urodzila-sie-najlepsza-mama\/\" \/>\n<meta property=\"og:site_name\" content=\"Positive Prints\" \/>\n<meta property=\"article:publisher\" content=\"https:\/\/www.facebook.com\/positiveprintscom\" \/>\n<meta property=\"article:modified_time\" content=\"2026-04-18T05:14:34+00:00\" \/>\n<meta property=\"og:image\" content=\"https:\/\/positiveprints.com\/wp-content\/uploads\/2025\/02\/Dzien\u0301-w-Kto\u0301rym-Urodzila-sie\u0328-Najlepsza-Mama-1.webp\" \/>\n\t<meta property=\"og:image:width\" content=\"1450\" \/>\n\t<meta property=\"og:image:height\" content=\"1450\" \/>\n\t<meta property=\"og:image:type\" content=\"image\/webp\" \/>\n<meta name=\"twitter:card\" content=\"summary_large_image\" \/>\n<!-- \/ Yoast SEO Premium plugin. -->","yoast_head_json":{"title":"Dzie\u0144, Kiedy Urodzi\u0142a si\u0119 Najlepsza Mama - Positive Prints","description":"Szukasz idealnego prezentu na Dzie\u0144 Matki lub na urodziny mamy? Mamy co\u015b idealnie dla Ciebie! Zaprojektuj sw\u00f3j plakat Dzie\u0144, w Kt\u00f3rym Urodzi\u0142a si\u0119 Najlepsza Mama ju\u017c dzi\u015b.","robots":{"index":"index","follow":"follow","max-snippet":"max-snippet:-1","max-image-preview":"max-image-preview:large","max-video-preview":"max-video-preview:-1"},"canonical":"https:\/\/positiveprints.com\/pl\/produkt\/dzien-w-ktorym-urodzila-sie-najlepsza-mama\/","og_locale":"pl_PL","og_type":"article","og_title":"Dzie\u0144, w Kt\u00f3rym Urodzi\u0142a si\u0119 Najlepsza Mama","og_description":"Uchwy\u0107 magi\u0119 gwiazd, kt\u00f3re l\u015bni\u0142y w dniu narodzin Twojej mamy. Wprowad\u017a miejsce oraz dat\u0119 i ju\u017c! Dodaj planety, konstelacje i Drog\u0119 Mleczn\u0105  Spersonalizuj w 3 prostych krokach Dodaj dedykacj\u0119 prosto z serca Interaktywny podgl\u0105d pozwoli dopracowa\u0107 ka\u017cdy szczeg\u00f3\u0142","og_url":"https:\/\/positiveprints.com\/pl\/produkt\/dzien-w-ktorym-urodzila-sie-najlepsza-mama\/","og_site_name":"Positive Prints","article_publisher":"https:\/\/www.facebook.com\/positiveprintscom","article_modified_time":"2026-04-18T05:14:34+00:00","og_image":[{"width":1450,"height":1450,"url":"https:\/\/positiveprints.com\/wp-content\/uploads\/2025\/02\/Dzien\u0301-w-Kto\u0301rym-Urodzila-sie\u0328-Najlepsza-Mama-1.webp","type":"image\/webp"}],"twitter_card":"summary_large_image","schema":{"@context":"https:\/\/schema.org","@graph":[{"@type":["WebPage","ItemPage"],"@id":"https:\/\/positiveprints.com\/pl\/produkt\/dzien-w-ktorym-urodzila-sie-najlepsza-mama\/","url":"https:\/\/positiveprints.com\/pl\/produkt\/dzien-w-ktorym-urodzila-sie-najlepsza-mama\/","name":"Dzie\u0144, Kiedy Urodzi\u0142a si\u0119 Najlepsza Mama - Positive Prints","isPartOf":{"@id":"https:\/\/positiveprints.com\/pl\/#website"},"primaryImageOfPage":{"@id":"https:\/\/positiveprints.com\/pl\/produkt\/dzien-w-ktorym-urodzila-sie-najlepsza-mama\/#primaryimage"},"image":{"@id":"https:\/\/positiveprints.com\/pl\/produkt\/dzien-w-ktorym-urodzila-sie-najlepsza-mama\/#primaryimage"},"thumbnailUrl":"https:\/\/positiveprints.com\/wp-content\/uploads\/2025\/02\/Dzien\u0301-w-Kto\u0301rym-Urodzila-sie\u0328-Najlepsza-Mama-1.webp","datePublished":"2023-04-05T16:01:55+00:00","dateModified":"2026-04-18T05:14:34+00:00","description":"Szukasz idealnego prezentu na Dzie\u0144 Matki lub na urodziny mamy? Mamy co\u015b idealnie dla Ciebie! Zaprojektuj sw\u00f3j plakat Dzie\u0144, w Kt\u00f3rym Urodzi\u0142a si\u0119 Najlepsza Mama ju\u017c dzi\u015b.","breadcrumb":{"@id":"https:\/\/positiveprints.com\/pl\/produkt\/dzien-w-ktorym-urodzila-sie-najlepsza-mama\/#breadcrumb"},"inLanguage":"pl-PL","potentialAction":[{"@type":"ReadAction","target":["https:\/\/positiveprints.com\/pl\/produkt\/dzien-w-ktorym-urodzila-sie-najlepsza-mama\/"]}]},{"@type":"ImageObject","inLanguage":"pl-PL","@id":"https:\/\/positiveprints.com\/pl\/produkt\/dzien-w-ktorym-urodzila-sie-najlepsza-mama\/#primaryimage","url":"https:\/\/positiveprints.com\/wp-content\/uploads\/2025\/02\/Dzien\u0301-w-Kto\u0301rym-Urodzila-sie\u0328-Najlepsza-Mama-1.webp","contentUrl":"https:\/\/positiveprints.com\/wp-content\/uploads\/2025\/02\/Dzien\u0301-w-Kto\u0301rym-Urodzila-sie\u0328-Najlepsza-Mama-1.webp","width":1450,"height":1450,"caption":"Dzien\u0301, w Kto\u0301rym Urodzi\u0142a sie\u0328 Najlepsza Mama 1"},{"@type":"BreadcrumbList","@id":"https:\/\/positiveprints.com\/pl\/produkt\/dzien-w-ktorym-urodzila-sie-najlepsza-mama\/#breadcrumb","itemListElement":[{"@type":"ListItem","position":1,"name":"Home","item":"https:\/\/positiveprints.com\/pl\/"},{"@type":"ListItem","position":2,"name":"Produkty","item":"https:\/\/positiveprints.com\/pl\/shop\/"},{"@type":"ListItem","position":3,"name":"Dzie\u0144, w Kt\u00f3rym Urodzi\u0142a si\u0119 Najlepsza Mama"}]},{"@type":"WebSite","@id":"https:\/\/positiveprints.com\/pl\/#website","url":"https:\/\/positiveprints.com\/pl\/","name":"Positive Prints","description":"Amazing Custom Personalized Gifts","publisher":{"@id":"https:\/\/positiveprints.com\/pl\/#organization"},"potentialAction":[{"@type":"SearchAction","target":{"@type":"EntryPoint","urlTemplate":"https:\/\/positiveprints.com\/pl\/?s={search_term_string}"},"query-input":{"@type":"PropertyValueSpecification","valueRequired":true,"valueName":"search_term_string"}}],"inLanguage":"pl-PL"},{"@type":"Organization","@id":"https:\/\/positiveprints.com\/pl\/#organization","name":"Positive Prints","alternateName":"Positive Prints","url":"https:\/\/positiveprints.com\/pl\/","logo":{"@type":"ImageObject","inLanguage":"pl-PL","@id":"https:\/\/positiveprints.com\/pl\/#\/schema\/logo\/image\/","url":"https:\/\/positiveprints.com\/wp-content\/uploads\/2026\/03\/245815646_1337939713319158_5671353136411139666_n.png","contentUrl":"https:\/\/positiveprints.com\/wp-content\/uploads\/2026\/03\/245815646_1337939713319158_5671353136411139666_n.png","width":800,"height":800,"caption":"Positive Prints"},"image":{"@id":"https:\/\/positiveprints.com\/pl\/#\/schema\/logo\/image\/"},"sameAs":["https:\/\/www.facebook.com\/positiveprintscom","https:\/\/www.instagram.com\/positiveprintscom\/","https:\/\/www.tiktok.com\/@positiveprintscom","https:\/\/www.pinterest.com\/positiveprintscom\/"]}]}},"jetpack_sharing_enabled":true,"_links":{"self":[{"href":"https:\/\/positiveprints.com\/pl\/wp-json\/wp\/v2\/product\/453083","targetHints":{"allow":["GET"]}}],"collection":[{"href":"https:\/\/positiveprints.com\/pl\/wp-json\/wp\/v2\/product"}],"about":[{"href":"https:\/\/positiveprints.com\/pl\/wp-json\/wp\/v2\/types\/product"}],"wp:featuredmedia":[{"embeddable":true,"href":"https:\/\/positiveprints.com\/pl\/wp-json\/wp\/v2\/media\/1346349"}],"wp:attachment":[{"href":"https:\/\/positiveprints.com\/pl\/wp-json\/wp\/v2\/media?parent=453083"}],"wp:term":[{"taxonomy":"product_brand","embeddable":true,"href":"https:\/\/positiveprints.com\/pl\/wp-json\/wp\/v2\/product_brand?post=453083"},{"taxonomy":"product_cat","embeddable":true,"href":"https:\/\/positiveprints.com\/pl\/wp-json\/wp\/v2\/product_cat?post=453083"},{"taxonomy":"product_tag","embeddable":true,"href":"https:\/\/positiveprints.com\/pl\/wp-json\/wp\/v2\/product_tag?post=453083"}],"curies":[{"name":"wp","href":"https:\/\/api.w.org\/{rel}","templated":true}]}}