{"id":453029,"date":"2023-02-13T10:25:20","date_gmt":"2023-02-13T09:25:20","guid":{"rendered":"https:\/\/positiveprints.com\/?post_type=product&#038;p=453029"},"modified":"2026-04-12T22:42:38","modified_gmt":"2026-04-12T21:42:38","slug":"mapa-matki-i-dziecka","status":"publish","type":"product","link":"https:\/\/positiveprints.com\/pl\/produkt\/mapa-matki-i-dziecka\/","title":{"rendered":"Mapa Matki i Dziecka"},"content":{"rendered":"<p style=\"margin-top: 1rem\">Szukasz idealnego prezentu dla mamy, aby pokaza\u0107, jak bardzo Ci zale\u017cy? Mamy co\u015b dla Ciebie &#8211; Mapa Matki i Dziecka! To oryginalny spos\u00f3b na uwiecznienie Waszej wyj\u0105tkowej wi\u0119zi. Ten spersonalizowany plakat b\u0119dzie nie tylko przemy\u015blanym prezentem, ale tak\u017ce niezapomnian\u0105 pami\u0105tk\u0105, kt\u00f3ra \u0142\u0105czy dwa wa\u017cne dla Ciebie miejsca.<\/p>\r\n\r\n\r\n\r\n<h2 class=\"grenB f24 cblue\" style=\"margin-top: 3rem\">Jak spersonalizowa\u0107 Map\u0119 Matki i Dziecka<\/h2>\r\n\r\n<p style=\"margin-top: 1rem\">Wybierz jedno serce podzielone na dwa, dwa serca, dwa kwadraty lub dwa ko\u0142a i dostosuj kolory, tak aby Tw\u00f3j prezent by\u0142 wyj\u0105tkowy! Zaznacz markerami w kszta\u0142cie serca dok\u0142adne adresy zamieszkania Ciebie i Twojej mamy. Na koniec dodaj sw\u00f3j w\u0142asny tekst, w kt\u00f3rym mo\u017cesz umie\u015bci\u0107 Wasze imiona i nazwiska, adresy lub sentymentalny cytat b\u0105d\u017a zdanie, kt\u00f3re ma szczeg\u00f3lne znaczenie dla was obojga.<\/p>\r\n\r\n<p style=\"margin-top: 1rem\">Skorzystaj z naszego \u0142atwego w obs\u0142udze edytora z podgl\u0105dem na \u017cywo i stw\u00f3rz idealny prezent dla mamy! Niech Mapa Matki i Dziecka b\u0119dzie Twoim sposobem na przypomnienie jej, jak bardzo j\u0105 kochasz, bez wzgl\u0119du na to, jak daleko jeste\u015bcie od siebie.<\/p>\r\n\r\n\r\n\r\n<h2 class=\"grenB f24 cblue\" style=\"margin-top: 3rem\">Uwiecznij Wasz\u0105 Wyj\u0105tkow\u0105 Wi\u0119\u017a<\/h2>\r\n\r\n<p style=\"margin-top: 1rem\">Bez wzgl\u0119du na to, ile masz lat, \u015bwi\u0119towanie Dnia Matki lub urodzin Twojej mamy jest pi\u0119knym sposobem na pokazanie jej, jak bardzo j\u0105 doceniasz. Je\u015bli jeste\u015b daleko od swojej mamy, Mapa Matki i Dziecka to znacz\u0105cy i wyj\u0105tkowy spos\u00f3b na po\u0142\u0105czenie was dwojga.<\/p> \r\n\r\n<p style=\"margin-top: 1rem\">Mapa z lokalizacj\u0105 Twojego domu oraz domu Twojej mamy mo\u017ce by\u0107 bardzo sentymentalnym prezentem, kiedy ju\u017c nie mieszkacie razem. Taki prezent ma znaczenie, poniewa\u017c pokazuje fizyczn\u0105 odleg\u0142o\u015b\u0107 mi\u0119dzy Wami, co symbolizuje, jak wielka jest Wasza wi\u0119\u017a emocjonalna. Przypomina r\u00f3wnie\u017c Twojej mamie, \u017ce ci\u0105gle jeste\u015b w jej my\u015blach i \u017ce zawsze pozostanie blisko Twojego serca, pomimo roz\u0142\u0105ki. Dodatkowo b\u0119dzie pi\u0119kn\u0105 ozdob\u0105 salonu Twojej mamy!<\/p>\r\n\r\n\r\n<p style=\"margin-top: 3rem\">\u017baden prezent nie przem\u00f3wi g\u0142o\u015bniej ni\u017c dar mi\u0142o\u015bci. Niech Mapa Matki i Dziecka b\u0119dzie Twoim sposobem na wyra\u017cenie troski, bez wzgl\u0119du na to, jak daleko jeste\u015bcie od siebie. Wyka\u017c si\u0119 kreatywno\u015bci\u0105 dzi\u0119ki naszemu \u0142atwemu w u\u017cyciu edytorowi i zaskocz swoj\u0105 mam\u0119 idealnym sentymentalnym prezentem, aby pokaza\u0107 jej, jak wiele dla Ciebie znaczy.<\/p>","protected":false},"excerpt":{"rendered":"<ul class=\"check-list\">\n<li>Celebruj Wasz\u0105 mi\u0142o\u015b\u0107, niezale\u017cnie od tego, jak daleko od siebie jeste\u015bcie<\/li>\n<li>Wyr\u00f3\u017cnij szczeg\u00f3lne lokalizacje za pomoc\u0105 symbolu<\/li>\n<li>Spersonalizuj w 3 prostych krokach<\/li>\n<li>Dodaj dedykacj\u0119 prosto z serca<\/li>\n<li>Interaktywny podgl\u0105d pozwoli dopracowa\u0107 ka\u017cdy szczeg\u00f3\u0142<\/li>\n<\/ul>\n","protected":false},"featured_media":1467205,"template":"","meta":[],"product_brand":[],"product_cat":[11414,7706,9116,7328,5271,99],"product_tag":[8407,11819],"class_list":{"0":"post-453029","1":"product","2":"type-product","3":"status-publish","4":"has-post-thumbnail","6":"product_cat-prezenty-pod-choinke-dla-mamy","7":"product_cat-prezent-dla-mamy","8":"product_cat-double-maps-pl","9":"product_cat-prezenty-na-dzien-matki","10":"product_cat-prezent-na-boze-narodzenie","11":"product_cat-wszystkie-produkty","12":"product_tag-mother-pl","13":"product_tag-prezenty-pod-choinke-dla-mamy","15":"first","16":"instock","17":"sale","18":"taxable","19":"shipping-taxable","20":"purchasable","21":"product-type-variable"},"yoast_head":"<!-- This site is optimized with the Yoast SEO Premium plugin v27.2 (Yoast SEO v27.2) - https:\/\/yoast.com\/product\/yoast-seo-premium-wordpress\/ -->\n<title>Mapa Matki i Dziecka - Positive Prints<\/title>\n<meta name=\"description\" content=\"\u017baden prezent nie przem\u00f3wi g\u0142o\u015bniej ni\u017c dar mi\u0142o\u015bci. Niech Mapa Matki i Dziecka b\u0119dzie Twoim sposobem na wyra\u017cenie troski, bez wzgl\u0119du na to, jak daleko jeste\u015bcie od siebie.\" \/>\n<meta name=\"robots\" content=\"index, follow, max-snippet:-1, max-image-preview:large, max-video-preview:-1\" \/>\n<link rel=\"canonical\" href=\"https:\/\/positiveprints.com\/pl\/produkt\/mapa-matki-i-dziecka\/\" \/>\n<meta property=\"og:locale\" content=\"pl_PL\" \/>\n<meta property=\"og:type\" content=\"article\" \/>\n<meta property=\"og:title\" content=\"Mapa Matki i Dziecka\" \/>\n<meta property=\"og:description\" content=\"Celebruj Wasz\u0105 mi\u0142o\u015b\u0107, niezale\u017cnie od tego, jak daleko od siebie jeste\u015bcie  Wyr\u00f3\u017cnij szczeg\u00f3lne lokalizacje za pomoc\u0105 symbolu  Spersonalizuj w 3 prostych krokach  Dodaj dedykacj\u0119 prosto z serca  Interaktywny podgl\u0105d pozwoli dopracowa\u0107 ka\u017cdy szczeg\u00f3\u0142\" \/>\n<meta property=\"og:url\" content=\"https:\/\/positiveprints.com\/pl\/produkt\/mapa-matki-i-dziecka\/\" \/>\n<meta property=\"og:site_name\" content=\"Positive Prints\" \/>\n<meta property=\"article:publisher\" content=\"https:\/\/www.facebook.com\/positiveprintscom\" \/>\n<meta property=\"article:modified_time\" content=\"2026-04-12T21:42:38+00:00\" \/>\n<meta property=\"og:image\" content=\"https:\/\/positiveprints.com\/wp-content\/uploads\/2025\/07\/Packshot_PL_Mapa-Matki-i-Dziecka.webp\" \/>\n\t<meta property=\"og:image:width\" content=\"1450\" \/>\n\t<meta property=\"og:image:height\" content=\"1450\" \/>\n\t<meta property=\"og:image:type\" content=\"image\/webp\" \/>\n<meta name=\"twitter:card\" content=\"summary_large_image\" \/>\n<meta name=\"twitter:label1\" content=\"Szacowany czas czytania\" \/>\n\t<meta name=\"twitter:data1\" content=\"2 minuty\" \/>\n<!-- \/ Yoast SEO Premium plugin. -->","yoast_head_json":{"title":"Mapa Matki i Dziecka - Positive Prints","description":"\u017baden prezent nie przem\u00f3wi g\u0142o\u015bniej ni\u017c dar mi\u0142o\u015bci. Niech Mapa Matki i Dziecka b\u0119dzie Twoim sposobem na wyra\u017cenie troski, bez wzgl\u0119du na to, jak daleko jeste\u015bcie od siebie.","robots":{"index":"index","follow":"follow","max-snippet":"max-snippet:-1","max-image-preview":"max-image-preview:large","max-video-preview":"max-video-preview:-1"},"canonical":"https:\/\/positiveprints.com\/pl\/produkt\/mapa-matki-i-dziecka\/","og_locale":"pl_PL","og_type":"article","og_title":"Mapa Matki i Dziecka","og_description":"Celebruj Wasz\u0105 mi\u0142o\u015b\u0107, niezale\u017cnie od tego, jak daleko od siebie jeste\u015bcie  Wyr\u00f3\u017cnij szczeg\u00f3lne lokalizacje za pomoc\u0105 symbolu  Spersonalizuj w 3 prostych krokach  Dodaj dedykacj\u0119 prosto z serca  Interaktywny podgl\u0105d pozwoli dopracowa\u0107 ka\u017cdy szczeg\u00f3\u0142","og_url":"https:\/\/positiveprints.com\/pl\/produkt\/mapa-matki-i-dziecka\/","og_site_name":"Positive Prints","article_publisher":"https:\/\/www.facebook.com\/positiveprintscom","article_modified_time":"2026-04-12T21:42:38+00:00","og_image":[{"width":1450,"height":1450,"url":"https:\/\/positiveprints.com\/wp-content\/uploads\/2025\/07\/Packshot_PL_Mapa-Matki-i-Dziecka.webp","type":"image\/webp"}],"twitter_card":"summary_large_image","twitter_misc":{"Szacowany czas czytania":"2 minuty"},"schema":{"@context":"https:\/\/schema.org","@graph":[{"@type":["WebPage","ItemPage"],"@id":"https:\/\/positiveprints.com\/pl\/produkt\/mapa-matki-i-dziecka\/","url":"https:\/\/positiveprints.com\/pl\/produkt\/mapa-matki-i-dziecka\/","name":"Mapa Matki i Dziecka - Positive Prints","isPartOf":{"@id":"https:\/\/positiveprints.com\/pl\/#website"},"primaryImageOfPage":{"@id":"https:\/\/positiveprints.com\/pl\/produkt\/mapa-matki-i-dziecka\/#primaryimage"},"image":{"@id":"https:\/\/positiveprints.com\/pl\/produkt\/mapa-matki-i-dziecka\/#primaryimage"},"thumbnailUrl":"https:\/\/positiveprints.com\/wp-content\/uploads\/2025\/07\/Packshot_PL_Mapa-Matki-i-Dziecka.webp","datePublished":"2023-02-13T09:25:20+00:00","dateModified":"2026-04-12T21:42:38+00:00","description":"\u017baden prezent nie przem\u00f3wi g\u0142o\u015bniej ni\u017c dar mi\u0142o\u015bci. Niech Mapa Matki i Dziecka b\u0119dzie Twoim sposobem na wyra\u017cenie troski, bez wzgl\u0119du na to, jak daleko jeste\u015bcie od siebie.","breadcrumb":{"@id":"https:\/\/positiveprints.com\/pl\/produkt\/mapa-matki-i-dziecka\/#breadcrumb"},"inLanguage":"pl-PL","potentialAction":[{"@type":"ReadAction","target":["https:\/\/positiveprints.com\/pl\/produkt\/mapa-matki-i-dziecka\/"]}]},{"@type":"ImageObject","inLanguage":"pl-PL","@id":"https:\/\/positiveprints.com\/pl\/produkt\/mapa-matki-i-dziecka\/#primaryimage","url":"https:\/\/positiveprints.com\/wp-content\/uploads\/2025\/07\/Packshot_PL_Mapa-Matki-i-Dziecka.webp","contentUrl":"https:\/\/positiveprints.com\/wp-content\/uploads\/2025\/07\/Packshot_PL_Mapa-Matki-i-Dziecka.webp","width":1450,"height":1450},{"@type":"BreadcrumbList","@id":"https:\/\/positiveprints.com\/pl\/produkt\/mapa-matki-i-dziecka\/#breadcrumb","itemListElement":[{"@type":"ListItem","position":1,"name":"Home","item":"https:\/\/positiveprints.com\/pl\/"},{"@type":"ListItem","position":2,"name":"Produkty","item":"https:\/\/positiveprints.com\/pl\/shop\/"},{"@type":"ListItem","position":3,"name":"Mapa Matki i Dziecka"}]},{"@type":"WebSite","@id":"https:\/\/positiveprints.com\/pl\/#website","url":"https:\/\/positiveprints.com\/pl\/","name":"Positive Prints","description":"Amazing Custom Personalized Gifts","publisher":{"@id":"https:\/\/positiveprints.com\/pl\/#organization"},"potentialAction":[{"@type":"SearchAction","target":{"@type":"EntryPoint","urlTemplate":"https:\/\/positiveprints.com\/pl\/?s={search_term_string}"},"query-input":{"@type":"PropertyValueSpecification","valueRequired":true,"valueName":"search_term_string"}}],"inLanguage":"pl-PL"},{"@type":"Organization","@id":"https:\/\/positiveprints.com\/pl\/#organization","name":"Positive Prints","alternateName":"Positive Prints","url":"https:\/\/positiveprints.com\/pl\/","logo":{"@type":"ImageObject","inLanguage":"pl-PL","@id":"https:\/\/positiveprints.com\/pl\/#\/schema\/logo\/image\/","url":"https:\/\/positiveprints.com\/wp-content\/uploads\/2026\/03\/245815646_1337939713319158_5671353136411139666_n.png","contentUrl":"https:\/\/positiveprints.com\/wp-content\/uploads\/2026\/03\/245815646_1337939713319158_5671353136411139666_n.png","width":800,"height":800,"caption":"Positive Prints"},"image":{"@id":"https:\/\/positiveprints.com\/pl\/#\/schema\/logo\/image\/"},"sameAs":["https:\/\/www.facebook.com\/positiveprintscom","https:\/\/www.instagram.com\/positiveprintscom\/","https:\/\/www.tiktok.com\/@positiveprintscom","https:\/\/www.pinterest.com\/positiveprintscom\/"]}]}},"jetpack_sharing_enabled":true,"_links":{"self":[{"href":"https:\/\/positiveprints.com\/pl\/wp-json\/wp\/v2\/product\/453029","targetHints":{"allow":["GET"]}}],"collection":[{"href":"https:\/\/positiveprints.com\/pl\/wp-json\/wp\/v2\/product"}],"about":[{"href":"https:\/\/positiveprints.com\/pl\/wp-json\/wp\/v2\/types\/product"}],"wp:featuredmedia":[{"embeddable":true,"href":"https:\/\/positiveprints.com\/pl\/wp-json\/wp\/v2\/media\/1467205"}],"wp:attachment":[{"href":"https:\/\/positiveprints.com\/pl\/wp-json\/wp\/v2\/media?parent=453029"}],"wp:term":[{"taxonomy":"product_brand","embeddable":true,"href":"https:\/\/positiveprints.com\/pl\/wp-json\/wp\/v2\/product_brand?post=453029"},{"taxonomy":"product_cat","embeddable":true,"href":"https:\/\/positiveprints.com\/pl\/wp-json\/wp\/v2\/product_cat?post=453029"},{"taxonomy":"product_tag","embeddable":true,"href":"https:\/\/positiveprints.com\/pl\/wp-json\/wp\/v2\/product_tag?post=453029"}],"curies":[{"name":"wp","href":"https:\/\/api.w.org\/{rel}","templated":true}]}}