{"id":452835,"date":"2023-03-23T21:11:15","date_gmt":"2023-03-23T20:11:15","guid":{"rendered":"https:\/\/positiveprints.com\/?post_type=product&#038;p=452835"},"modified":"2026-04-18T06:04:55","modified_gmt":"2026-04-18T05:04:55","slug":"potrojna-mapa-gwiazd-dla-mamy","status":"publish","type":"product","link":"https:\/\/positiveprints.com\/pl\/produkt\/potrojna-mapa-gwiazd-dla-mamy\/","title":{"rendered":"Potr\u00f3jna Mapa Gwiazd dla Mamy\u00a0"},"content":{"rendered":"<p style=\"margin-top: 1rem\">Potr\u00f3jna Mapa Gwiazd Dla Mamy to idealny spersonalizowany prezent dla ka\u017cdej mamy tr\u00f3jki dzieci na specjalne okazje! Niezale\u017cnie od tego, czy jest to Dzie\u0144 Matki, urodziny czy Bo\u017ce Narodzenie, ten wyj\u0105tkowy plakat z pewno\u015bci\u0105 sprawi, \u017ce jej dzie\u0144 b\u0119dzie niezapomniany.<\/p>\r\n\r\n\r\n\r\n<p style=\"margin-top: 1rem\">Zawieraj\u0105cy trzy wspania\u0142e mapy nieba na jednym plakacie, ten prezent doskonale odzwierciedla nocne niebo z dnia Twoich narodzin i z dni narodzin Twojego rodze\u0144stwa. Mo\u017cesz nawet uwzgl\u0119dni\u0107 inne wa\u017cne momenty z \u017cycia Twojej mamy, mo\u017cliwo\u015bci s\u0105 naprawd\u0119 nieograniczone!<\/p>\r\n\r\n\r\n\r\n<p style=\"margin-top: 1rem\">Dzi\u0119ki naszemu \u0142atwemu w u\u017cyciu edytorowi online masz swobod\u0119 wyboru spo\u015br\u00f3d szerokiej gamy styli i kolor\u00f3w, aby stworzy\u0107 wyj\u0105tkow\u0105 i oryginaln\u0105 Potr\u00f3jn\u0105 Map\u0119 Gwiazd Dla Mamy. Mo\u017cesz wybra\u0107 spo\u015br\u00f3d gotowych wariacji kolorystycznych lub samemu dobra\u0107 kolory. Ponadto mo\u017cesz obdarzy\u0107 plakat odrobin\u0105 magii, wprowadzaj\u0105c osobist\u0105 wiadomo\u015b\u0107 lub cytat.<\/p>\r\n\r\n\r\n\r\n<p style=\"margin-top: 1rem\">Po zaprojektowaniu plakatu mo\u017cesz wybra\u0107 rozmiar i format, kt\u00f3ry najlepiej odpowiada Twoim potrzebom. Oferujemy zwyk\u0142e i oprawione plakaty, wydruki na p\u0142\u00f3tnie lub pliki cyfrowe do natychmiastowego pobrania. Niezale\u017cnie od tego, czy chcesz podarowa\u0107 plakat osobie bliskiej, czy powiesi\u0107 go na swojej \u015bcianie, mo\u017cesz z \u0142atwo\u015bci\u0105 wybra\u0107 idealn\u0105 opcj\u0119 dla siebie.<\/p>","protected":false},"excerpt":{"rendered":"<ul class=\"check-list\">\n<li>Dodaj kontelacje i Drog\u0119 Mleczn\u0105 <\/li>\n<li>Spersonalizuj w 3 prostych krokach<\/li>\n<li>Dodaj dedykacj\u0119 prosto z serca<\/li>\n<li>Interaktywny podgl\u0105d pozwoli dopracowa\u0107 ka\u017cdy szczeg\u00f3\u0142<\/li>\n<\/ul>\n","protected":false},"featured_media":1244564,"template":"","meta":[],"product_brand":[],"product_cat":[9102,99,7328,5271,11414,7706],"product_tag":[8407,11819],"class_list":{"0":"post-452835","1":"product","2":"type-product","3":"status-publish","4":"has-post-thumbnail","6":"product_cat-trio-stars-pl","7":"product_cat-wszystkie-produkty","8":"product_cat-prezenty-na-dzien-matki","9":"product_cat-prezent-na-boze-narodzenie","10":"product_cat-prezenty-pod-choinke-dla-mamy","11":"product_cat-prezent-dla-mamy","12":"product_tag-mother-pl","13":"product_tag-prezenty-pod-choinke-dla-mamy","15":"first","16":"instock","17":"sale","18":"taxable","19":"shipping-taxable","20":"purchasable","21":"product-type-variable"},"yoast_head":"<!-- This site is optimized with the Yoast SEO Premium plugin v27.2 (Yoast SEO v27.2) - https:\/\/yoast.com\/product\/yoast-seo-premium-wordpress\/ -->\n<title>Potr\u00f3jna Mapa Gwiazd dla Mamy\u00a0 - Positive Prints<\/title>\n<meta name=\"description\" content=\"Podaruj swojej mamie jedyn\u0105 w swoim rodzaju Potr\u00f3jn\u0105 Map\u0119 Gwiazd i spraw, aby jej dzie\u0144 by\u0142 wyj\u0105tkowy dzi\u0119ki temu niezwyk\u0142emu prezentowi!\" \/>\n<meta name=\"robots\" content=\"index, follow, max-snippet:-1, max-image-preview:large, max-video-preview:-1\" \/>\n<link rel=\"canonical\" href=\"https:\/\/positiveprints.com\/pl\/produkt\/potrojna-mapa-gwiazd-dla-mamy\/\" \/>\n<meta property=\"og:locale\" content=\"pl_PL\" \/>\n<meta property=\"og:type\" content=\"article\" \/>\n<meta property=\"og:title\" content=\"Potr\u00f3jna Mapa Gwiazd dla Mamy\u00a0\" \/>\n<meta property=\"og:description\" content=\"Dodaj kontelacje i Drog\u0119 Mleczn\u0105   Spersonalizuj w 3 prostych krokach  Dodaj dedykacj\u0119 prosto z serca  Interaktywny podgl\u0105d pozwoli dopracowa\u0107 ka\u017cdy szczeg\u00f3\u0142\" \/>\n<meta property=\"og:url\" content=\"https:\/\/positiveprints.com\/pl\/produkt\/potrojna-mapa-gwiazd-dla-mamy\/\" \/>\n<meta property=\"og:site_name\" content=\"Positive Prints\" \/>\n<meta property=\"article:publisher\" content=\"https:\/\/www.facebook.com\/positiveprintscom\" \/>\n<meta property=\"article:modified_time\" content=\"2026-04-18T05:04:55+00:00\" \/>\n<meta property=\"og:image\" content=\"https:\/\/positiveprints.com\/wp-content\/uploads\/2024\/10\/Packshot_PL_Triple-Star-Map-for-Mom-product-image-.webp\" \/>\n\t<meta property=\"og:image:width\" content=\"1450\" \/>\n\t<meta property=\"og:image:height\" content=\"1450\" \/>\n\t<meta property=\"og:image:type\" content=\"image\/webp\" \/>\n<meta name=\"twitter:card\" content=\"summary_large_image\" \/>\n<meta name=\"twitter:label1\" content=\"Szacowany czas czytania\" \/>\n\t<meta name=\"twitter:data1\" content=\"1 minuta\" \/>\n<!-- \/ Yoast SEO Premium plugin. -->","yoast_head_json":{"title":"Potr\u00f3jna Mapa Gwiazd dla Mamy\u00a0 - Positive Prints","description":"Podaruj swojej mamie jedyn\u0105 w swoim rodzaju Potr\u00f3jn\u0105 Map\u0119 Gwiazd i spraw, aby jej dzie\u0144 by\u0142 wyj\u0105tkowy dzi\u0119ki temu niezwyk\u0142emu prezentowi!","robots":{"index":"index","follow":"follow","max-snippet":"max-snippet:-1","max-image-preview":"max-image-preview:large","max-video-preview":"max-video-preview:-1"},"canonical":"https:\/\/positiveprints.com\/pl\/produkt\/potrojna-mapa-gwiazd-dla-mamy\/","og_locale":"pl_PL","og_type":"article","og_title":"Potr\u00f3jna Mapa Gwiazd dla Mamy\u00a0","og_description":"Dodaj kontelacje i Drog\u0119 Mleczn\u0105   Spersonalizuj w 3 prostych krokach  Dodaj dedykacj\u0119 prosto z serca  Interaktywny podgl\u0105d pozwoli dopracowa\u0107 ka\u017cdy szczeg\u00f3\u0142","og_url":"https:\/\/positiveprints.com\/pl\/produkt\/potrojna-mapa-gwiazd-dla-mamy\/","og_site_name":"Positive Prints","article_publisher":"https:\/\/www.facebook.com\/positiveprintscom","article_modified_time":"2026-04-18T05:04:55+00:00","og_image":[{"width":1450,"height":1450,"url":"https:\/\/positiveprints.com\/wp-content\/uploads\/2024\/10\/Packshot_PL_Triple-Star-Map-for-Mom-product-image-.webp","type":"image\/webp"}],"twitter_card":"summary_large_image","twitter_misc":{"Szacowany czas czytania":"1 minuta"},"schema":{"@context":"https:\/\/schema.org","@graph":[{"@type":["WebPage","ItemPage"],"@id":"https:\/\/positiveprints.com\/pl\/produkt\/potrojna-mapa-gwiazd-dla-mamy\/","url":"https:\/\/positiveprints.com\/pl\/produkt\/potrojna-mapa-gwiazd-dla-mamy\/","name":"Potr\u00f3jna Mapa Gwiazd dla Mamy\u00a0 - Positive Prints","isPartOf":{"@id":"https:\/\/positiveprints.com\/pl\/#website"},"primaryImageOfPage":{"@id":"https:\/\/positiveprints.com\/pl\/produkt\/potrojna-mapa-gwiazd-dla-mamy\/#primaryimage"},"image":{"@id":"https:\/\/positiveprints.com\/pl\/produkt\/potrojna-mapa-gwiazd-dla-mamy\/#primaryimage"},"thumbnailUrl":"https:\/\/positiveprints.com\/wp-content\/uploads\/2024\/10\/Packshot_PL_Triple-Star-Map-for-Mom-product-image-.webp","datePublished":"2023-03-23T20:11:15+00:00","dateModified":"2026-04-18T05:04:55+00:00","description":"Podaruj swojej mamie jedyn\u0105 w swoim rodzaju Potr\u00f3jn\u0105 Map\u0119 Gwiazd i spraw, aby jej dzie\u0144 by\u0142 wyj\u0105tkowy dzi\u0119ki temu niezwyk\u0142emu prezentowi!","breadcrumb":{"@id":"https:\/\/positiveprints.com\/pl\/produkt\/potrojna-mapa-gwiazd-dla-mamy\/#breadcrumb"},"inLanguage":"pl-PL","potentialAction":[{"@type":"ReadAction","target":["https:\/\/positiveprints.com\/pl\/produkt\/potrojna-mapa-gwiazd-dla-mamy\/"]}]},{"@type":"ImageObject","inLanguage":"pl-PL","@id":"https:\/\/positiveprints.com\/pl\/produkt\/potrojna-mapa-gwiazd-dla-mamy\/#primaryimage","url":"https:\/\/positiveprints.com\/wp-content\/uploads\/2024\/10\/Packshot_PL_Triple-Star-Map-for-Mom-product-image-.webp","contentUrl":"https:\/\/positiveprints.com\/wp-content\/uploads\/2024\/10\/Packshot_PL_Triple-Star-Map-for-Mom-product-image-.webp","width":1450,"height":1450},{"@type":"BreadcrumbList","@id":"https:\/\/positiveprints.com\/pl\/produkt\/potrojna-mapa-gwiazd-dla-mamy\/#breadcrumb","itemListElement":[{"@type":"ListItem","position":1,"name":"Home","item":"https:\/\/positiveprints.com\/pl\/"},{"@type":"ListItem","position":2,"name":"Produkty","item":"https:\/\/positiveprints.com\/pl\/shop\/"},{"@type":"ListItem","position":3,"name":"Potr\u00f3jna Mapa Gwiazd dla Mamy\u00a0"}]},{"@type":"WebSite","@id":"https:\/\/positiveprints.com\/pl\/#website","url":"https:\/\/positiveprints.com\/pl\/","name":"Positive Prints","description":"Amazing Custom Personalized Gifts","publisher":{"@id":"https:\/\/positiveprints.com\/pl\/#organization"},"potentialAction":[{"@type":"SearchAction","target":{"@type":"EntryPoint","urlTemplate":"https:\/\/positiveprints.com\/pl\/?s={search_term_string}"},"query-input":{"@type":"PropertyValueSpecification","valueRequired":true,"valueName":"search_term_string"}}],"inLanguage":"pl-PL"},{"@type":"Organization","@id":"https:\/\/positiveprints.com\/pl\/#organization","name":"Positive Prints","alternateName":"Positive Prints","url":"https:\/\/positiveprints.com\/pl\/","logo":{"@type":"ImageObject","inLanguage":"pl-PL","@id":"https:\/\/positiveprints.com\/pl\/#\/schema\/logo\/image\/","url":"https:\/\/positiveprints.com\/wp-content\/uploads\/2026\/03\/245815646_1337939713319158_5671353136411139666_n.png","contentUrl":"https:\/\/positiveprints.com\/wp-content\/uploads\/2026\/03\/245815646_1337939713319158_5671353136411139666_n.png","width":800,"height":800,"caption":"Positive Prints"},"image":{"@id":"https:\/\/positiveprints.com\/pl\/#\/schema\/logo\/image\/"},"sameAs":["https:\/\/www.facebook.com\/positiveprintscom","https:\/\/www.instagram.com\/positiveprintscom\/","https:\/\/www.tiktok.com\/@positiveprintscom","https:\/\/www.pinterest.com\/positiveprintscom\/"]}]}},"jetpack_sharing_enabled":true,"_links":{"self":[{"href":"https:\/\/positiveprints.com\/pl\/wp-json\/wp\/v2\/product\/452835","targetHints":{"allow":["GET"]}}],"collection":[{"href":"https:\/\/positiveprints.com\/pl\/wp-json\/wp\/v2\/product"}],"about":[{"href":"https:\/\/positiveprints.com\/pl\/wp-json\/wp\/v2\/types\/product"}],"wp:featuredmedia":[{"embeddable":true,"href":"https:\/\/positiveprints.com\/pl\/wp-json\/wp\/v2\/media\/1244564"}],"wp:attachment":[{"href":"https:\/\/positiveprints.com\/pl\/wp-json\/wp\/v2\/media?parent=452835"}],"wp:term":[{"taxonomy":"product_brand","embeddable":true,"href":"https:\/\/positiveprints.com\/pl\/wp-json\/wp\/v2\/product_brand?post=452835"},{"taxonomy":"product_cat","embeddable":true,"href":"https:\/\/positiveprints.com\/pl\/wp-json\/wp\/v2\/product_cat?post=452835"},{"taxonomy":"product_tag","embeddable":true,"href":"https:\/\/positiveprints.com\/pl\/wp-json\/wp\/v2\/product_tag?post=452835"}],"curies":[{"name":"wp","href":"https:\/\/api.w.org\/{rel}","templated":true}]}}