{"id":452788,"date":"2023-03-23T17:38:06","date_gmt":"2023-03-23T16:38:06","guid":{"rendered":"https:\/\/positiveprints.com\/?post_type=product&#038;p=452788"},"modified":"2026-04-12T22:35:26","modified_gmt":"2026-04-12T21:35:26","slug":"nasza-mama-potrojna-mapa-gwiazd","status":"publish","type":"product","link":"https:\/\/positiveprints.com\/pl\/produkt\/nasza-mama-potrojna-mapa-gwiazd\/","title":{"rendered":"Nasza Mama &#8211; Potr\u00f3jna Mapa Gwiazd"},"content":{"rendered":"<p style=\"margin-top: 1rem\">Nasza Mama &#8211; Potr\u00f3jna Mapa Gwiazd to idealny spersonalizowany prezent dla Twojej Mamy na ka\u017cd\u0105 specjaln\u0105 okazj\u0119! Niezale\u017cnie od tego, czy jest to Dzie\u0144 Matki, urodziny czy Bo\u017ce Narodzenie, ten wyj\u0105tkowy plakat z pewno\u015bci\u0105 zrobi na niej du\u017ce wra\u017cenie.<\/p>\r\n\r\n\r\n<p style=\"margin-top: 1rem\">Ten wydruk zawiera trzy pi\u0119kne mapy gwiazd na jednym plakacie, dzi\u0119ki czemu mo\u017cna go ca\u0142kowicie spersonalizowa\u0107. Na jednej z map gwiazd widnieje data i miejsce narodzin Twojej mamy, a dwie pozosta\u0142e s\u0105 dedykowane Tobie i Twojemu rodze\u0144stwu.<\/p>\r\n\r\n\r\n<p style=\"margin-top: 1rem\">Dzi\u0119ki naszemu \u0142atwemu w obs\u0142udze edytorowi online masz wyb\u00f3r spo\u015br\u00f3d szerokiej gamy wzor\u00f3w i kolor\u00f3w, aby stworzy\u0107 wyj\u0105tkow\u0105 i osza\u0142amiaj\u0105c\u0105 Potr\u00f3jn\u0105 Map\u0119 Gwiazd dla mamy. Mo\u017cesz nawet doda\u0107 w\u0142asn\u0105 wiadomo\u015b\u0107 lub cytat, aby prezent sta\u0142 si\u0119 jeszcze bardziej wyj\u0105tkowy.<\/p>\r\n\r\n\r\n<p style=\"margin-top: 1rem\">Po zaprojektowaniu plakatu mo\u017cesz wybra\u0107 rozmiar i format, kt\u00f3ry najlepiej odpowiada Twoim potrzebom. Oferujemy plakaty zwyk\u0142e lub oprawione, wydruki na p\u0142\u00f3tnie lub pliki cyfrowe do natychmiastowego pobrania. Niezale\u017cnie od tego, czy chcesz podarowa\u0107 plakat, czy powiesi\u0107 go na swojej \u015bcianie, mo\u017cesz z \u0142atwo\u015bci\u0105 wybra\u0107 idealn\u0105 opcj\u0119 dla siebie.<\/p>","protected":false},"excerpt":{"rendered":"<ul class=\"check-list\">\n<li>Dodaj kontelacje i Drog\u0119 Mleczn\u0105 <\/li>\n<li>Spersonalizuj w 3 prostych krokach<\/li>\n<li>Dodaj dedykacj\u0119 prosto z serca<\/li>\n<li>Interaktywny podgl\u0105d pozwoli dopracowa\u0107 ka\u017cdy szczeg\u00f3\u0142<\/li>\n<\/ul>\n","protected":false},"featured_media":1262956,"template":"","meta":[],"product_brand":[],"product_cat":[9102,99,7188,5271,11414],"product_tag":[12620,13392,12618,13393,12619,8407,13394,13395,11819],"class_list":{"0":"post-452788","1":"product","2":"type-product","3":"status-publish","4":"has-post-thumbnail","6":"product_cat-trio-stars-pl","7":"product_cat-wszystkie-produkty","8":"product_cat-map-pl","9":"product_cat-prezent-na-boze-narodzenie","10":"product_cat-prezenty-pod-choinke-dla-mamy","11":"product_tag-dzien-matki","12":"product_tag-mam-pl","13":"product_tag-mama-pl","14":"product_tag-mammy-pl","15":"product_tag-mamusia","16":"product_tag-mother-pl","17":"product_tag-mum-pl","18":"product_tag-mummy-pl","19":"product_tag-prezenty-pod-choinke-dla-mamy","21":"first","22":"instock","23":"sale","24":"taxable","25":"shipping-taxable","26":"purchasable","27":"product-type-variable"},"yoast_head":"<!-- This site is optimized with the Yoast SEO Premium plugin v27.2 (Yoast SEO v27.2) - https:\/\/yoast.com\/product\/yoast-seo-premium-wordpress\/ -->\n<title>Nasza Mama - Potr\u00f3jna Mapa Gwiazd - Positive Prints<\/title>\n<meta name=\"description\" content=\"Nasza Mama - Potr\u00f3jna Mapa Gwiazd to idealny spersonalizowany prezent dla Twojej Mamy na ka\u017cd\u0105 specjaln\u0105 okazj\u0119! Ten wyj\u0105tkowy plakat z pewno\u015bci\u0105 zrobi na niej du\u017ce wra\u017cenie!\" \/>\n<meta name=\"robots\" content=\"index, follow, max-snippet:-1, max-image-preview:large, max-video-preview:-1\" \/>\n<link rel=\"canonical\" href=\"https:\/\/positiveprints.com\/pl\/produkt\/nasza-mama-potrojna-mapa-gwiazd\/\" \/>\n<meta property=\"og:locale\" content=\"pl_PL\" \/>\n<meta property=\"og:type\" content=\"article\" \/>\n<meta property=\"og:title\" content=\"Nasza Mama - Potr\u00f3jna Mapa Gwiazd\" \/>\n<meta property=\"og:description\" content=\"Dodaj kontelacje i Drog\u0119 Mleczn\u0105   Spersonalizuj w 3 prostych krokach  Dodaj dedykacj\u0119 prosto z serca  Interaktywny podgl\u0105d pozwoli dopracowa\u0107 ka\u017cdy szczeg\u00f3\u0142\" \/>\n<meta property=\"og:url\" content=\"https:\/\/positiveprints.com\/pl\/produkt\/nasza-mama-potrojna-mapa-gwiazd\/\" \/>\n<meta property=\"og:site_name\" content=\"Positive Prints\" \/>\n<meta property=\"article:publisher\" content=\"https:\/\/www.facebook.com\/positiveprintscom\" \/>\n<meta property=\"article:modified_time\" content=\"2026-04-12T21:35:26+00:00\" \/>\n<meta property=\"og:image\" content=\"https:\/\/positiveprints.com\/wp-content\/uploads\/2024\/11\/Packshot_PL_Our-Mom-Triple-Star-Map-product-image-.webp\" \/>\n\t<meta property=\"og:image:width\" content=\"1450\" \/>\n\t<meta property=\"og:image:height\" content=\"1450\" \/>\n\t<meta property=\"og:image:type\" content=\"image\/webp\" \/>\n<meta name=\"twitter:card\" content=\"summary_large_image\" \/>\n<meta name=\"twitter:label1\" content=\"Szacowany czas czytania\" \/>\n\t<meta name=\"twitter:data1\" content=\"1 minuta\" \/>\n<!-- \/ Yoast SEO Premium plugin. -->","yoast_head_json":{"title":"Nasza Mama - Potr\u00f3jna Mapa Gwiazd - Positive Prints","description":"Nasza Mama - Potr\u00f3jna Mapa Gwiazd to idealny spersonalizowany prezent dla Twojej Mamy na ka\u017cd\u0105 specjaln\u0105 okazj\u0119! Ten wyj\u0105tkowy plakat z pewno\u015bci\u0105 zrobi na niej du\u017ce wra\u017cenie!","robots":{"index":"index","follow":"follow","max-snippet":"max-snippet:-1","max-image-preview":"max-image-preview:large","max-video-preview":"max-video-preview:-1"},"canonical":"https:\/\/positiveprints.com\/pl\/produkt\/nasza-mama-potrojna-mapa-gwiazd\/","og_locale":"pl_PL","og_type":"article","og_title":"Nasza Mama - Potr\u00f3jna Mapa Gwiazd","og_description":"Dodaj kontelacje i Drog\u0119 Mleczn\u0105   Spersonalizuj w 3 prostych krokach  Dodaj dedykacj\u0119 prosto z serca  Interaktywny podgl\u0105d pozwoli dopracowa\u0107 ka\u017cdy szczeg\u00f3\u0142","og_url":"https:\/\/positiveprints.com\/pl\/produkt\/nasza-mama-potrojna-mapa-gwiazd\/","og_site_name":"Positive Prints","article_publisher":"https:\/\/www.facebook.com\/positiveprintscom","article_modified_time":"2026-04-12T21:35:26+00:00","og_image":[{"width":1450,"height":1450,"url":"https:\/\/positiveprints.com\/wp-content\/uploads\/2024\/11\/Packshot_PL_Our-Mom-Triple-Star-Map-product-image-.webp","type":"image\/webp"}],"twitter_card":"summary_large_image","twitter_misc":{"Szacowany czas czytania":"1 minuta"},"schema":{"@context":"https:\/\/schema.org","@graph":[{"@type":["WebPage","ItemPage"],"@id":"https:\/\/positiveprints.com\/pl\/produkt\/nasza-mama-potrojna-mapa-gwiazd\/","url":"https:\/\/positiveprints.com\/pl\/produkt\/nasza-mama-potrojna-mapa-gwiazd\/","name":"Nasza Mama - Potr\u00f3jna Mapa Gwiazd - Positive Prints","isPartOf":{"@id":"https:\/\/positiveprints.com\/pl\/#website"},"primaryImageOfPage":{"@id":"https:\/\/positiveprints.com\/pl\/produkt\/nasza-mama-potrojna-mapa-gwiazd\/#primaryimage"},"image":{"@id":"https:\/\/positiveprints.com\/pl\/produkt\/nasza-mama-potrojna-mapa-gwiazd\/#primaryimage"},"thumbnailUrl":"https:\/\/positiveprints.com\/wp-content\/uploads\/2024\/11\/Packshot_PL_Our-Mom-Triple-Star-Map-product-image-.webp","datePublished":"2023-03-23T16:38:06+00:00","dateModified":"2026-04-12T21:35:26+00:00","description":"Nasza Mama - Potr\u00f3jna Mapa Gwiazd to idealny spersonalizowany prezent dla Twojej Mamy na ka\u017cd\u0105 specjaln\u0105 okazj\u0119! Ten wyj\u0105tkowy plakat z pewno\u015bci\u0105 zrobi na niej du\u017ce wra\u017cenie!","breadcrumb":{"@id":"https:\/\/positiveprints.com\/pl\/produkt\/nasza-mama-potrojna-mapa-gwiazd\/#breadcrumb"},"inLanguage":"pl-PL","potentialAction":[{"@type":"ReadAction","target":["https:\/\/positiveprints.com\/pl\/produkt\/nasza-mama-potrojna-mapa-gwiazd\/"]}]},{"@type":"ImageObject","inLanguage":"pl-PL","@id":"https:\/\/positiveprints.com\/pl\/produkt\/nasza-mama-potrojna-mapa-gwiazd\/#primaryimage","url":"https:\/\/positiveprints.com\/wp-content\/uploads\/2024\/11\/Packshot_PL_Our-Mom-Triple-Star-Map-product-image-.webp","contentUrl":"https:\/\/positiveprints.com\/wp-content\/uploads\/2024\/11\/Packshot_PL_Our-Mom-Triple-Star-Map-product-image-.webp","width":1450,"height":1450},{"@type":"BreadcrumbList","@id":"https:\/\/positiveprints.com\/pl\/produkt\/nasza-mama-potrojna-mapa-gwiazd\/#breadcrumb","itemListElement":[{"@type":"ListItem","position":1,"name":"Home","item":"https:\/\/positiveprints.com\/pl\/"},{"@type":"ListItem","position":2,"name":"Produkty","item":"https:\/\/positiveprints.com\/pl\/shop\/"},{"@type":"ListItem","position":3,"name":"Nasza Mama &#8211; Potr\u00f3jna Mapa Gwiazd"}]},{"@type":"WebSite","@id":"https:\/\/positiveprints.com\/pl\/#website","url":"https:\/\/positiveprints.com\/pl\/","name":"Positive Prints","description":"Amazing Custom Personalized Gifts","publisher":{"@id":"https:\/\/positiveprints.com\/pl\/#organization"},"potentialAction":[{"@type":"SearchAction","target":{"@type":"EntryPoint","urlTemplate":"https:\/\/positiveprints.com\/pl\/?s={search_term_string}"},"query-input":{"@type":"PropertyValueSpecification","valueRequired":true,"valueName":"search_term_string"}}],"inLanguage":"pl-PL"},{"@type":"Organization","@id":"https:\/\/positiveprints.com\/pl\/#organization","name":"Positive Prints","alternateName":"Positive Prints","url":"https:\/\/positiveprints.com\/pl\/","logo":{"@type":"ImageObject","inLanguage":"pl-PL","@id":"https:\/\/positiveprints.com\/pl\/#\/schema\/logo\/image\/","url":"https:\/\/positiveprints.com\/wp-content\/uploads\/2026\/03\/245815646_1337939713319158_5671353136411139666_n.png","contentUrl":"https:\/\/positiveprints.com\/wp-content\/uploads\/2026\/03\/245815646_1337939713319158_5671353136411139666_n.png","width":800,"height":800,"caption":"Positive Prints"},"image":{"@id":"https:\/\/positiveprints.com\/pl\/#\/schema\/logo\/image\/"},"sameAs":["https:\/\/www.facebook.com\/positiveprintscom","https:\/\/www.instagram.com\/positiveprintscom\/","https:\/\/www.tiktok.com\/@positiveprintscom","https:\/\/www.pinterest.com\/positiveprintscom\/"]}]}},"jetpack_sharing_enabled":true,"_links":{"self":[{"href":"https:\/\/positiveprints.com\/pl\/wp-json\/wp\/v2\/product\/452788","targetHints":{"allow":["GET"]}}],"collection":[{"href":"https:\/\/positiveprints.com\/pl\/wp-json\/wp\/v2\/product"}],"about":[{"href":"https:\/\/positiveprints.com\/pl\/wp-json\/wp\/v2\/types\/product"}],"wp:featuredmedia":[{"embeddable":true,"href":"https:\/\/positiveprints.com\/pl\/wp-json\/wp\/v2\/media\/1262956"}],"wp:attachment":[{"href":"https:\/\/positiveprints.com\/pl\/wp-json\/wp\/v2\/media?parent=452788"}],"wp:term":[{"taxonomy":"product_brand","embeddable":true,"href":"https:\/\/positiveprints.com\/pl\/wp-json\/wp\/v2\/product_brand?post=452788"},{"taxonomy":"product_cat","embeddable":true,"href":"https:\/\/positiveprints.com\/pl\/wp-json\/wp\/v2\/product_cat?post=452788"},{"taxonomy":"product_tag","embeddable":true,"href":"https:\/\/positiveprints.com\/pl\/wp-json\/wp\/v2\/product_tag?post=452788"}],"curies":[{"name":"wp","href":"https:\/\/api.w.org\/{rel}","templated":true}]}}