{"id":452343,"date":"2023-04-03T17:28:19","date_gmt":"2023-04-03T16:28:19","guid":{"rendered":"https:\/\/positiveprints.com\/?post_type=product&#038;p=452343"},"modified":"2026-04-07T15:11:12","modified_gmt":"2026-04-07T14:11:12","slug":"podwojna-mapa-gwiazd-mama-i-ja","status":"publish","type":"product","link":"https:\/\/positiveprints.com\/pl\/produkt\/podwojna-mapa-gwiazd-mama-i-ja\/","title":{"rendered":"Podw\u00f3jna Mapa Gwiazd &#8211; Mama i Ja"},"content":{"rendered":"<p style=\"margin-top: 1rem\">Szukasz wyj\u0105tkowego i spersonalizowanego prezentu dla swojej mamy na specjalne okazje, takie jak Dzie\u0144 Matki, urodziny lub Bo\u017ce Narodzenie? Mamy co\u015b dla Ciebie! Podw\u00f3jna Mapa Gwiazd &#8211; Mama i Ja to jedyny w swoim rodzaju wydruk przedstawiaj\u0105cy dwie mapy gwiazd na jednym plakacie.<\/p>\r\n\r\n\r\n<p style=\"margin-top: 1rem\">Dzi\u0119ki Podw\u00f3jnej Mapie Gwiazd &#8211; Mama i Ja mo\u017cesz stworzy\u0107 w pe\u0142ni spersonalizowane odzwierciedlenie nocnego nieba w dniu, w kt\u00f3rym urodzi\u0142e\u015b si\u0119 Ty i Twoja mama. Na jednej z map wy\u015bwietlana jest data i miejsce urodzenia Twojej matki, a na drugiej Twoja.<\/p>\r\n\r\n\r\n<p style=\"margin-top: 1rem\">Stworzenie w\u0142asnego, spersonalizowanego plakatu jest \u0142atwe. Wystarczy przej\u015b\u0107 do naszego edytora online, w kt\u00f3rym mo\u017cesz wybiera\u0107 spo\u015br\u00f3d wielu wzor\u00f3w i schemat\u00f3w kolor\u00f3w. Nast\u0119pnie wprowad\u017a daty i lokalizacje dla ka\u017cdej mapy nieba. Na koniec wybierz rozmiar i format, kt\u00f3ry najbardziej Ci odpowiada, mo\u017ce to by\u0107 wydrukowany lub oprawiony plakat, p\u0142\u00f3tno, czy cyfrowy plik do natychmiastowego pobrania. Wyb\u00f3r nale\u017cy do Ciebie!<\/p>\r\n\r\n\r\n<p style=\"margin-top: 1rem\">Jednak opcje personalizacji na tym si\u0119 nie ko\u0144cz\u0105. Mo\u017cesz r\u00f3wnie\u017c doda\u0107 w\u0142asn\u0105 specjaln\u0105 wiadomo\u015b\u0107 lub cytat, aby Podw\u00f3jna Mapa Gwiazd Mama i Ja by\u0142a jeszcze bardziej wyj\u0105tkowa i przemy\u015blana.<\/p>\r\n\r\n\r\n<p style=\"margin-top: 1rem\">Podaruj Mamie spersonalizowan\u0105 Podw\u00f3jn\u0105 Map\u0119 Gwiazd &#8211; Mama i Ja, wzruszaj\u0105c\u0105 i niezapomnian\u0105 pami\u0105tk\u0119, przypominaj\u0105c\u0105 o szczeg\u00f3lnej wi\u0119zi mi\u0119dzy matk\u0105 a dzieckiem.<\/p>","protected":false},"excerpt":{"rendered":"<ul class=\"check-list\">\n<li>Stw\u00f3rz w\u0142asn\u0105 map\u0119 gwiazd przedstawiaj\u0105c\u0105 dwa r\u00f3\u017cne miejsca oraz daty<\/li>\n<li>Dodaj kontelacje i Drog\u0119 Mleczn\u0105 <\/li>\n<li>Spersonalizuj w 3 prostych krokach<\/li>\n<li>Dodaj dedykacj\u0119 prosto z serca<\/li>\n<li>Interaktywny podgl\u0105d pozwoli dopracowa\u0107 ka\u017cdy szczeg\u00f3\u0142<\/li>\n<\/ul>\n","protected":false},"featured_media":1252161,"template":"","meta":[],"product_brand":[],"product_cat":[7770,7818,7658,9105,7188,5253,99],"product_tag":[],"class_list":{"0":"post-452343","1":"product","2":"type-product","3":"status-publish","4":"has-post-thumbnail","6":"product_cat-prezent-dla-corki","7":"product_cat-prezent-dla-mlodych-rodzicow","8":"product_cat-prezent-dla-syna","9":"product_cat-duo-stars-pl","10":"product_cat-map-pl","11":"product_cat-prezent-na-narodziny-dziecka","12":"product_cat-wszystkie-produkty","14":"first","15":"instock","16":"sale","17":"taxable","18":"shipping-taxable","19":"purchasable","20":"product-type-variable"},"yoast_head":"<!-- This site is optimized with the Yoast SEO Premium plugin v27.2 (Yoast SEO v27.2) - https:\/\/yoast.com\/product\/yoast-seo-premium-wordpress\/ -->\n<title>Podw\u00f3jna Mapa Gwiazd - Mama i Ja - Positive Prints<\/title>\n<meta name=\"description\" content=\"Podaruj Mamie spersonalizowan\u0105 Podw\u00f3jn\u0105 Map\u0119 Gwiazd - Mama i Ja, wzruszaj\u0105c\u0105 i niezapomnian\u0105 pami\u0105tk\u0119, przypominaj\u0105c\u0105 o szczeg\u00f3lnej wi\u0119zi mi\u0119dzy matk\u0105 a dzieckiem.\" \/>\n<meta name=\"robots\" content=\"index, follow, max-snippet:-1, max-image-preview:large, max-video-preview:-1\" \/>\n<link rel=\"canonical\" href=\"https:\/\/positiveprints.com\/pl\/produkt\/podwojna-mapa-gwiazd-mama-i-ja\/\" \/>\n<meta property=\"og:locale\" content=\"pl_PL\" \/>\n<meta property=\"og:type\" content=\"article\" \/>\n<meta property=\"og:title\" content=\"Podw\u00f3jna Mapa Gwiazd - Mama i Ja\" \/>\n<meta property=\"og:description\" content=\"Stw\u00f3rz w\u0142asn\u0105 map\u0119 gwiazd przedstawiaj\u0105c\u0105 dwa r\u00f3\u017cne miejsca oraz daty Dodaj kontelacje i Drog\u0119 Mleczn\u0105  Spersonalizuj w 3 prostych krokach Dodaj dedykacj\u0119 prosto z serca Interaktywny podgl\u0105d pozwoli dopracowa\u0107 ka\u017cdy szczeg\u00f3\u0142\" \/>\n<meta property=\"og:url\" content=\"https:\/\/positiveprints.com\/pl\/produkt\/podwojna-mapa-gwiazd-mama-i-ja\/\" \/>\n<meta property=\"og:site_name\" content=\"Positive Prints\" \/>\n<meta property=\"article:publisher\" content=\"https:\/\/www.facebook.com\/positiveprintscom\" \/>\n<meta property=\"article:modified_time\" content=\"2026-04-07T14:11:12+00:00\" \/>\n<meta property=\"og:image\" content=\"https:\/\/positiveprints.com\/wp-content\/uploads\/2024\/11\/PACKSHOT_PL_Mom-Me-Double-Star-Map-product-image-.webp\" \/>\n\t<meta property=\"og:image:width\" content=\"1450\" \/>\n\t<meta property=\"og:image:height\" content=\"1450\" \/>\n\t<meta property=\"og:image:type\" content=\"image\/webp\" \/>\n<meta name=\"twitter:card\" content=\"summary_large_image\" \/>\n<!-- \/ Yoast SEO Premium plugin. -->","yoast_head_json":{"title":"Podw\u00f3jna Mapa Gwiazd - Mama i Ja - Positive Prints","description":"Podaruj Mamie spersonalizowan\u0105 Podw\u00f3jn\u0105 Map\u0119 Gwiazd - Mama i Ja, wzruszaj\u0105c\u0105 i niezapomnian\u0105 pami\u0105tk\u0119, przypominaj\u0105c\u0105 o szczeg\u00f3lnej wi\u0119zi mi\u0119dzy matk\u0105 a dzieckiem.","robots":{"index":"index","follow":"follow","max-snippet":"max-snippet:-1","max-image-preview":"max-image-preview:large","max-video-preview":"max-video-preview:-1"},"canonical":"https:\/\/positiveprints.com\/pl\/produkt\/podwojna-mapa-gwiazd-mama-i-ja\/","og_locale":"pl_PL","og_type":"article","og_title":"Podw\u00f3jna Mapa Gwiazd - Mama i Ja","og_description":"Stw\u00f3rz w\u0142asn\u0105 map\u0119 gwiazd przedstawiaj\u0105c\u0105 dwa r\u00f3\u017cne miejsca oraz daty Dodaj kontelacje i Drog\u0119 Mleczn\u0105  Spersonalizuj w 3 prostych krokach Dodaj dedykacj\u0119 prosto z serca Interaktywny podgl\u0105d pozwoli dopracowa\u0107 ka\u017cdy szczeg\u00f3\u0142","og_url":"https:\/\/positiveprints.com\/pl\/produkt\/podwojna-mapa-gwiazd-mama-i-ja\/","og_site_name":"Positive Prints","article_publisher":"https:\/\/www.facebook.com\/positiveprintscom","article_modified_time":"2026-04-07T14:11:12+00:00","og_image":[{"width":1450,"height":1450,"url":"https:\/\/positiveprints.com\/wp-content\/uploads\/2024\/11\/PACKSHOT_PL_Mom-Me-Double-Star-Map-product-image-.webp","type":"image\/webp"}],"twitter_card":"summary_large_image","schema":{"@context":"https:\/\/schema.org","@graph":[{"@type":["WebPage","ItemPage"],"@id":"https:\/\/positiveprints.com\/pl\/produkt\/podwojna-mapa-gwiazd-mama-i-ja\/","url":"https:\/\/positiveprints.com\/pl\/produkt\/podwojna-mapa-gwiazd-mama-i-ja\/","name":"Podw\u00f3jna Mapa Gwiazd - Mama i Ja - Positive Prints","isPartOf":{"@id":"https:\/\/positiveprints.com\/pl\/#website"},"primaryImageOfPage":{"@id":"https:\/\/positiveprints.com\/pl\/produkt\/podwojna-mapa-gwiazd-mama-i-ja\/#primaryimage"},"image":{"@id":"https:\/\/positiveprints.com\/pl\/produkt\/podwojna-mapa-gwiazd-mama-i-ja\/#primaryimage"},"thumbnailUrl":"https:\/\/positiveprints.com\/wp-content\/uploads\/2024\/11\/PACKSHOT_PL_Mom-Me-Double-Star-Map-product-image-.webp","datePublished":"2023-04-03T16:28:19+00:00","dateModified":"2026-04-07T14:11:12+00:00","description":"Podaruj Mamie spersonalizowan\u0105 Podw\u00f3jn\u0105 Map\u0119 Gwiazd - Mama i Ja, wzruszaj\u0105c\u0105 i niezapomnian\u0105 pami\u0105tk\u0119, przypominaj\u0105c\u0105 o szczeg\u00f3lnej wi\u0119zi mi\u0119dzy matk\u0105 a dzieckiem.","breadcrumb":{"@id":"https:\/\/positiveprints.com\/pl\/produkt\/podwojna-mapa-gwiazd-mama-i-ja\/#breadcrumb"},"inLanguage":"pl-PL","potentialAction":[{"@type":"ReadAction","target":["https:\/\/positiveprints.com\/pl\/produkt\/podwojna-mapa-gwiazd-mama-i-ja\/"]}]},{"@type":"ImageObject","inLanguage":"pl-PL","@id":"https:\/\/positiveprints.com\/pl\/produkt\/podwojna-mapa-gwiazd-mama-i-ja\/#primaryimage","url":"https:\/\/positiveprints.com\/wp-content\/uploads\/2024\/11\/PACKSHOT_PL_Mom-Me-Double-Star-Map-product-image-.webp","contentUrl":"https:\/\/positiveprints.com\/wp-content\/uploads\/2024\/11\/PACKSHOT_PL_Mom-Me-Double-Star-Map-product-image-.webp","width":1450,"height":1450},{"@type":"BreadcrumbList","@id":"https:\/\/positiveprints.com\/pl\/produkt\/podwojna-mapa-gwiazd-mama-i-ja\/#breadcrumb","itemListElement":[{"@type":"ListItem","position":1,"name":"Home","item":"https:\/\/positiveprints.com\/pl\/"},{"@type":"ListItem","position":2,"name":"Produkty","item":"https:\/\/positiveprints.com\/pl\/shop\/"},{"@type":"ListItem","position":3,"name":"Podw\u00f3jna Mapa Gwiazd &#8211; Mama i Ja"}]},{"@type":"WebSite","@id":"https:\/\/positiveprints.com\/pl\/#website","url":"https:\/\/positiveprints.com\/pl\/","name":"Positive Prints","description":"Amazing Custom Personalized Gifts","publisher":{"@id":"https:\/\/positiveprints.com\/pl\/#organization"},"potentialAction":[{"@type":"SearchAction","target":{"@type":"EntryPoint","urlTemplate":"https:\/\/positiveprints.com\/pl\/?s={search_term_string}"},"query-input":{"@type":"PropertyValueSpecification","valueRequired":true,"valueName":"search_term_string"}}],"inLanguage":"pl-PL"},{"@type":"Organization","@id":"https:\/\/positiveprints.com\/pl\/#organization","name":"Positive Prints","alternateName":"Positive Prints","url":"https:\/\/positiveprints.com\/pl\/","logo":{"@type":"ImageObject","inLanguage":"pl-PL","@id":"https:\/\/positiveprints.com\/pl\/#\/schema\/logo\/image\/","url":"https:\/\/positiveprints.com\/wp-content\/uploads\/2026\/03\/245815646_1337939713319158_5671353136411139666_n.png","contentUrl":"https:\/\/positiveprints.com\/wp-content\/uploads\/2026\/03\/245815646_1337939713319158_5671353136411139666_n.png","width":800,"height":800,"caption":"Positive Prints"},"image":{"@id":"https:\/\/positiveprints.com\/pl\/#\/schema\/logo\/image\/"},"sameAs":["https:\/\/www.facebook.com\/positiveprintscom","https:\/\/www.instagram.com\/positiveprintscom\/","https:\/\/www.tiktok.com\/@positiveprintscom","https:\/\/www.pinterest.com\/positiveprintscom\/"]}]}},"jetpack_sharing_enabled":true,"_links":{"self":[{"href":"https:\/\/positiveprints.com\/pl\/wp-json\/wp\/v2\/product\/452343","targetHints":{"allow":["GET"]}}],"collection":[{"href":"https:\/\/positiveprints.com\/pl\/wp-json\/wp\/v2\/product"}],"about":[{"href":"https:\/\/positiveprints.com\/pl\/wp-json\/wp\/v2\/types\/product"}],"wp:featuredmedia":[{"embeddable":true,"href":"https:\/\/positiveprints.com\/pl\/wp-json\/wp\/v2\/media\/1252161"}],"wp:attachment":[{"href":"https:\/\/positiveprints.com\/pl\/wp-json\/wp\/v2\/media?parent=452343"}],"wp:term":[{"taxonomy":"product_brand","embeddable":true,"href":"https:\/\/positiveprints.com\/pl\/wp-json\/wp\/v2\/product_brand?post=452343"},{"taxonomy":"product_cat","embeddable":true,"href":"https:\/\/positiveprints.com\/pl\/wp-json\/wp\/v2\/product_cat?post=452343"},{"taxonomy":"product_tag","embeddable":true,"href":"https:\/\/positiveprints.com\/pl\/wp-json\/wp\/v2\/product_tag?post=452343"}],"curies":[{"name":"wp","href":"https:\/\/api.w.org\/{rel}","templated":true}]}}